{"id":10210,"date":"2023-03-13T12:00:00","date_gmt":"2023-03-13T11:00:00","guid":{"rendered":""},"modified":"2025-09-23T10:42:02","modified_gmt":"2025-09-23T08:42:02","slug":"katzenlaute-miauen-fauchen-knurren","status":"publish","type":"page","link":"https:\/\/uelzener.de\/magazin\/katze\/erziehung-und-training\/katzenlaute-miauen-fauchen-knurren\/","title":{"rendered":"Die Katzenlaute und ihre Bedeutung: Miauen, Schnurren, Fauchen und Co."},"content":{"rendered":"<p>Jeder Katzenfan wei\u00df, dass die stolzen Samtpfoten sehr kommunikativ sind \u2013 Sie sagen dir genau wie es ihnen geht, was ihnen gef\u00e4llt und was du lieber lassen solltest. In diesem Beitrag erkl\u00e4ren wir dir, was deine Katze mit dem Miauen, Fauchen, Schnurren und Gurren ausdr\u00fccken will. Lerne deine Katze zu verstehen und lies weiter!<\/p>\n<h2>Das Schnurren der Katze<\/h2>\n<p>Ganz klar: Eine Katze, die laut schnurrt, wenn wir uns n\u00e4hern oder sie auf unserem Scho\u00df sitzt, f\u00fchlt sich wohl und teilt das \u00fcber ihr Schnurren mit. Katzenm\u00fctter schnurren auch, um ihren Babys zu signalisieren, dass alles in Ordnung ist. Wenn die Katze alleine ist und schnurrt, kann das auch auf Schmerzen hinweisen, denn die Schnurrfrequenz wirkt sich heilend auf den K\u00f6rper aus. Nicht nur auf den der Katze, sondern \u00fcbrigens auch auf den K\u00f6rper des Menschen. In unserem Beitrag \u201eWarum schnurren Katzen?\u201c erf\u00e4hrst du, wie das Schnurren bei Katzen funktioniert und welche Wirkung es hat.<\/p>\n<h2>Katzen Miauen: Ein Ausdruck von Bed\u00fcrfnissen<\/h2>\n<p>Das Miau hat viele Bedeutungen und es ist von Katze zu Katze unterschiedlich. Denn untereinander sprechen die Miezen kaum \u00fcber ein Miau miteinander, das tun sie fast nur gegen\u00fcber Menschen. Wie genau sie miauen, lernen sie im Zusammenleben mit uns. Sie testen, welches Miau wann was bewirkt und modulieren ihre Miau-Melodie bald ganz genau, um uns mitzuteilen, wonach ihnen der Sinn steht. Ein kurzes \u201eMi\u201c bedeutet meistens so viel wie \u201eSch\u00f6n, dass du da bist\u201c.<\/p>\n<p>Wird dieser Laut in die L\u00e4nge gezogen, m\u00f6chte der Stubentiger eher eine Dienstleistung von uns \u2013 beispielsweise, dass wir eine T\u00fcre \u00f6ffnen oder einen Leckerbissen spendieren. Ein gurrendes Miau will uns dazu animieren, die Mieze zu streicheln und sich mit der Katze zu besch\u00e4ftigen. Ein lautes kurzes \u201eMau\u201c bedeutet Protest oder Unwillen und ein kurzes, sehr hohes \u201eMiiiih\u201c verr\u00e4t Schrecken oder Angst. Kommt das Miau ganz tief und langgezogen aus der Kehle, ist es eine letzte Warnung vor dem Angriff. Dieses Miau h\u00f6ren wir manchmal nachts, wenn sich drau\u00dfen verfeindete Samtpfoten treffen und mit der Stimme den Gegner auf Abstand halten wollen.<\/p>\n<p>Potente K\u00e4tzinnen, also unkastrierte Weibchen, miauen auch, wenn sie rollig sind und einem Kater ihre Anwesenheit plus ihren Paarungswillen signalisieren wollen. Dieses kehlige, langgezogene und dauernd wiederholte Miau ist sehr laut und durchdringend.<\/p>\n\n<div class=\"related_articles boxed\">\n    <h2>Mehr zum Thema<\/h2>\n    \n    <div class=\"wrapper\"><div class=\"title align-center\"><h3><a href=\"https:\/\/uelzener.de\/magazin\/katze\/haeufige-fragen\/warum-miaut-katze-nicht\/\">Warum miaut meine Katze nicht?<\/a><\/h3><\/div><div class=\"img align-center\"><img decoding=\"async\" width=\"315\" height=\"138\" src=\"https:\/\/uelzener.de\/magazin\/app\/uploads\/2025\/09\/katze-miaut-nicht.png\" class=\"attachment-315x180 size-315x180 wp-post-image\" alt=\"Katze h\u00e4lt sich mit der Pfote das Maul zu und miaut nicht.\" \/><\/div><\/div><div class=\"wrapper\"><div class=\"title align-center\"><h3><a href=\"https:\/\/uelzener.de\/magazin\/katze\/haeufige-fragen\/warum-schnurren-katzen\/\">Warum schnurren Katzen?<\/a><\/h3><\/div><div class=\"img align-center\"><img decoding=\"async\" width=\"315\" height=\"180\" src=\"https:\/\/uelzener.de\/magazin\/app\/uploads\/2020\/01\/bec79acd-8b9b-4b54-87b0-22027f6d2f87-315x180.jpg\" class=\"attachment-315x180 size-315x180 wp-post-image\" alt=\"Eine Katze wird gestreichelt, sie schnurrt entspannt.\" \/><\/div><\/div><div class=\"wrapper\"><div class=\"title align-center\"><h3><a href=\"https:\/\/uelzener.de\/magazin\/katze\/tiergesundheit\/katze-koerpersprache-schmerzen\/\">K\u00f6rpersprache: Wie zeigen Katzen Schmerzen?<\/a><\/h3><\/div><div class=\"img align-center\"><img decoding=\"async\" width=\"315\" height=\"180\" src=\"https:\/\/uelzener.de\/magazin\/app\/uploads\/2022\/09\/Schmerzen-erkennen-bei-Katzen-315x180.jpg\" class=\"attachment-315x180 size-315x180 wp-post-image\" alt=\"K\u00f6rpersprache: Eine dreifarbige Katze liegt und schaut m\u00fcde.\" \/><\/div><\/div><\/div>\n\n<h2>Das Gurren der Katze<\/h2>\n<p>Sicherlich hast du auch schon einmal, dass das Gurren deiner Katze geh\u00f6rt. Dieses Ger\u00e4usch \u00e4hnelt dem typischen Klang einer Taube und ist eine Kombination aus Schnurren und Miauen. Wenn deine Katze gurrt, signalisiert sie in ihrer eigenen Sprache, dass alles in Ordnung ist.<\/p>\n<p>Wenn Katzen spielen oder sich \u00fcber die Anwesenheit ihres Besitzers freuen, k\u00f6nnen sie gurren. Sie laufen oft auf ihren Besitzer zu und heben freudig den Schwanz. Ein weiterer Grund f\u00fcr das Gurren von Katzen ist, wenn sie nach Aufmerksamkeit suchen. In diesen F\u00e4llen gibt das Gurren der Katze dem Besitzer einen Hinweis darauf, dass sie Interaktion und Aufmerksamkeit w\u00fcnscht.<\/p>\n<p>In den Katzenlauten hat das Gurren verschiedene Bedeutungen und wird in verschiedenen Situationen eingesetzt, unter anderem:<\/p>\n<ul>\n<li><strong>Katzenmutter gurrt ihre K\u00e4tzchen an<\/strong>: Das Gurren dient hierbei als Aufforderung an die K\u00e4tzchen, zum S\u00e4ugen zu kommen.<\/li>\n<li><strong>Rollige Katze gurrt<\/strong>: Das Gurren der rolligen Katze signalisiert ihre Paarungsbereitschaft und soll die Aufmerksamkeit von potenziellen Partnern, insbesondere Katern, auf sich ziehen.<\/li>\n<li><strong>Freude und Begr\u00fc\u00dfung<\/strong>: Katzen k\u00f6nnen auch gurren, wenn sie sich freuen oder ihren Besitzer begr\u00fc\u00dfen.<\/li>\n<\/ul>\n<p>Deine Katze verh\u00e4lt sich zuletzt anders und zieht sich aufgrund von Schmerzen zur\u00fcck? Erfahre mehr \u00fcber die <a href=\"https:\/\/uelzener.de\/magazin\/katze\/tiergesundheit\/katze-koerpersprache-schmerzen\/\"><strong>K\u00f6rpersprache von Katzen bei Schmerzen<\/strong><\/a>.<\/p>\n<h2>Verstehen, warum Katzen fauchen: Wie man das Verhalten deuten kann<\/h2>\n<p>Wenn deine Katze das Fauchen anf\u00e4ngt, ist es eine milde Form der Warnung und bedeutet \u201eKomm mir nicht zu nahe\u201c und \u201eR\u00fchr mich nicht an\u201c oder \u201eLass das\u201c. <a href=\"https:\/\/uelzener.de\/magazin\/katze\/haltung\/vom-katzenbaby-zur-jungkatze-entwicklung-kitten\/\">Junge Katzen<\/a> fauchen oft, wenn Bruder oder Schwester sie schmerzhaft kratzen oder bei\u00dfen. Erwachsene Katzen tun das gegen\u00fcber Menschen, die sie mitten aus dem Schlaf rei\u00dfen, oder vorsorglich, wenn ein Mensch sich n\u00e4hern will.<\/p>\n<h2>Katzen knurren: Das bedeuten die Laute<\/h2>\n<p>F\u00e4ngt deine Katze das Knurren an, versucht sie so einen Kampf oder Angriff zu vermeiden. In das Knurren mischt sich oft ein tiefes langgezogenes Miauen. Geschieht daraufhin nichts, greift die Katze unter lautem Gekreische an oder verteidigt sich unter Schreien mit all ihren Waffen, den Krallen und Z\u00e4hnen.<\/p>\n<h2>Fazit<\/h2>\n<p>Obwohl deine Katze nicht direkt in deiner Sprache kommunizieren kann, spricht sie doch auf ihre eigene Art und Weise mit dir. Die Katzensprache ist relativ einfach zu verstehen, wenn man die Bedeutung der verschiedenen Signale kennt. Indem man auf die Ger\u00e4usche achtet, kann man ihre Stimmung und Bed\u00fcrfnisse besser einsch\u00e4tzen und darauf reagieren. Katzen k\u00f6nnen beispielsweise durch Miauen, Schnurren, Gurren oder Fauchen verschiedene Emotionen und Absichten ausdr\u00fccken. Es ist jedoch wichtig zu beachten, dass jede Mieze ihre eigenen individuellen Signale aussenden kann und es daher wichtig ist, die K\u00f6rpersprache und Laut\u00e4u\u00dferungen der eigenen Samtpfote zu beobachten und kennenzulernen.<\/p>\n<h2>FAQ: H\u00e4ufig gestellte Fragen zu Katzenlauten<\/h2>\n<h3>Welche Katzenlaute gibt es?<\/h3>\n<p>Katzen dr\u00fccken ihre Stimmung durch K\u00f6rpersprache und Lautsprache aus. Die einzelnen Katzenlaute lasse sich dabei in Miauen, Schnurren, Fauchen, Knurren, Schreien und Jaulen zusammenfassen.<\/p>\n<h3>Welche Ger\u00e4usche macht eine Katze, wenn es ihr gut geht?<\/h3>\n<p>Wenn es deiner Katze gut geht, f\u00e4ngt diese an zu Gurren. Das Ger\u00e4usch \u00e4hnelt an den typischen Klang einer Taube.<\/p>\n<h3>Wie sagt man auf Katzensprache Hallo?<\/h3>\n<p>Ein hochaufgerichteter Schwanz kann ein freundliches \u201eHallo\u201c signalisieren. Wenn die Katze den Schwanz nach oben richtet und ihn eventuell sogar leicht zuckt, zeigt sie damit, dass sie sich wohlf\u00fchlt und bereit ist, Kontakt aufzunehmen. Eine hohe Kopfhaltung verst\u00e4rkt diesen Eindruck noch zus\u00e4tzlich und unterstreicht die freundliche Geste.<\/p>\n","protected":false},"excerpt":{"rendered":"<p>Jeder Katzenfan wei\u00df, dass die stolzen Samtpfoten sehr kommunikativ sind \u2013 Sie sagen dir genau wie es ihnen geht, was ihnen gef\u00e4llt und was du lieber lassen solltest. In diesem Beitrag erkl\u00e4ren wir dir, was deine Katze mit dem Miauen, Fauchen, Schnurren und Gurren ausdr\u00fccken will. Lerne deine Katze zu verstehen und lies weiter! Das [&hellip;]<\/p>\n","protected":false},"author":1,"featured_media":15100,"parent":11695,"menu_order":9,"comment_status":"open","ping_status":"open","template":"templates\/blog.php","meta":{"_acf_changed":false,"_crdt_document":"","footnotes":"","beyondwords_generate_audio":"0","beyondwords_project_id":"","beyondwords_content_id":"","beyondwords_preview_token":"","beyondwords_player_style":"","beyondwords_language_id":"","beyondwords_title_voice_id":"","beyondwords_body_voice_id":"","beyondwords_summary_voice_id":"","beyondwords_error_message":"","beyondwords_disabled":"","beyondwords_delete_content":"","beyondwords_podcast_id":"","beyondwords_hash":"","publish_post_to_speechkit":"","speechkit_hash":"","speechkit_generate_audio":"","speechkit_project_id":"","speechkit_podcast_id":"","speechkit_error_message":"","speechkit_disabled":"","speechkit_access_key":"","speechkit_error":"","speechkit_info":"","speechkit_response":"","speechkit_retries":"","speechkit_status":"","speechkit_updated_at":"","_speechkit_link":"","_speechkit_text":""},"class_list":["post-10210","page","type-page","status-publish","has-post-thumbnail","hentry"],"acf":[],"yoast_head":"<!-- This site is optimized with the Yoast SEO Premium plugin  - https:\/\/yoast.com\/product\/yoast-seo-premium-wordpress\/ -->\n<title>Die Katzenlaute und ihre Bedeutung: Miauen, Schnurren, Fauchen und Co. | Uelzener Tier-Magazin<\/title>\n<meta name=\"description\" content=\"Wir erkl\u00e4ren Dir die Bedeutung der Katzenlaute \u2713 Schnurren \u2713 Miauen \u2713 Fauchen \u2713 Knurren \u25b6 Jetzt Katzenlaute richtig deuten!\" \/>\n<meta name=\"robots\" content=\"index, follow, max-snippet:-1, max-image-preview:large, max-video-preview:-1\" \/>\n<link rel=\"canonical\" href=\"https:\/\/uelzener.de\/magazin\/katze\/erziehung-und-training\/katzenlaute-miauen-fauchen-knurren\/\" \/>\n<meta property=\"og:locale\" content=\"de_DE\" \/>\n<meta property=\"og:type\" content=\"article\" \/>\n<meta property=\"og:title\" content=\"Die Katzenlaute und ihre Bedeutung: Miauen, Schnurren, Fauchen und Co.\" \/>\n<meta property=\"og:description\" content=\"Wir erkl\u00e4ren Dir die Bedeutung der Katzenlaute \u2713 Schnurren \u2713 Miauen \u2713 Fauchen \u2713 Knurren \u25b6 Jetzt Katzenlaute richtig deuten!\" \/>\n<meta property=\"og:url\" content=\"https:\/\/uelzener.de\/magazin\/katze\/erziehung-und-training\/katzenlaute-miauen-fauchen-knurren\/\" \/>\n<meta property=\"og:site_name\" content=\"Uelzener Tier-Magazin\" \/>\n<meta property=\"article:publisher\" content=\"https:\/\/www.facebook.com\/Uelzener\" \/>\n<meta property=\"article:modified_time\" content=\"2025-09-23T08:42:02+00:00\" \/>\n<meta property=\"og:image\" content=\"https:\/\/uelzener.de\/magazin\/app\/uploads\/2023\/03\/katzenlaute-miauen-fauchen-schnurren.jpg\" \/>\n\t<meta property=\"og:image:width\" content=\"1025\" \/>\n\t<meta property=\"og:image:height\" content=\"450\" \/>\n\t<meta property=\"og:image:type\" content=\"image\/jpeg\" \/>\n<meta name=\"twitter:card\" content=\"summary_large_image\" \/>\n<meta name=\"twitter:label1\" content=\"Gesch\u00e4tzte Lesezeit\" \/>\n\t<meta name=\"twitter:data1\" content=\"6\u00a0Minuten\" \/>\n<script type=\"application\/ld+json\" class=\"yoast-schema-graph\">{\"@context\":\"https:\/\/schema.org\",\"@graph\":[{\"@type\":\"WebPage\",\"@id\":\"https:\/\/uelzener.de\/magazin\/katze\/erziehung-und-training\/katzenlaute-miauen-fauchen-knurren\/\",\"url\":\"https:\/\/uelzener.de\/magazin\/katze\/erziehung-und-training\/katzenlaute-miauen-fauchen-knurren\/\",\"name\":\"Die Katzenlaute und ihre Bedeutung: Miauen, Schnurren, Fauchen und Co. | Uelzener Tier-Magazin\",\"isPartOf\":{\"@id\":\"https:\/\/uelzener.de\/magazin\/#website\"},\"primaryImageOfPage\":{\"@id\":\"https:\/\/uelzener.de\/magazin\/katze\/erziehung-und-training\/katzenlaute-miauen-fauchen-knurren\/#primaryimage\"},\"image\":{\"@id\":\"https:\/\/uelzener.de\/magazin\/katze\/erziehung-und-training\/katzenlaute-miauen-fauchen-knurren\/#primaryimage\"},\"thumbnailUrl\":\"https:\/\/uelzener.de\/magazin\/app\/uploads\/2023\/03\/katzenlaute-miauen-fauchen-schnurren.jpg\",\"datePublished\":\"2023-03-13T11:00:00+00:00\",\"dateModified\":\"2025-09-23T08:42:02+00:00\",\"description\":\"Wir erkl\u00e4ren Dir die Bedeutung der Katzenlaute \u2713 Schnurren \u2713 Miauen \u2713 Fauchen \u2713 Knurren \u25b6 Jetzt Katzenlaute richtig deuten!\",\"breadcrumb\":{\"@id\":\"https:\/\/uelzener.de\/magazin\/katze\/erziehung-und-training\/katzenlaute-miauen-fauchen-knurren\/#breadcrumb\"},\"inLanguage\":\"de\",\"potentialAction\":[{\"@type\":\"ReadAction\",\"target\":[\"https:\/\/uelzener.de\/magazin\/katze\/erziehung-und-training\/katzenlaute-miauen-fauchen-knurren\/\"]}]},{\"@type\":\"ImageObject\",\"inLanguage\":\"de\",\"@id\":\"https:\/\/uelzener.de\/magazin\/katze\/erziehung-und-training\/katzenlaute-miauen-fauchen-knurren\/#primaryimage\",\"url\":\"https:\/\/uelzener.de\/magazin\/app\/uploads\/2023\/03\/katzenlaute-miauen-fauchen-schnurren.jpg\",\"contentUrl\":\"https:\/\/uelzener.de\/magazin\/app\/uploads\/2023\/03\/katzenlaute-miauen-fauchen-schnurren.jpg\",\"width\":1025,\"height\":450,\"caption\":\"Kitten miaut auf gr\u00fcner Wiese. Mit Katzenlauten kommunizieren Katzen mit Mensch und Tier.\"},{\"@type\":\"WebSite\",\"@id\":\"https:\/\/uelzener.de\/magazin\/#website\",\"url\":\"https:\/\/uelzener.de\/magazin\/\",\"name\":\"Uelzener Tiermagazin\",\"description\":\"Online Tierratgeber der Uelzener Versicherungen\",\"publisher\":{\"@id\":\"https:\/\/uelzener.de\/magazin\/#organization\"},\"potentialAction\":[{\"@type\":\"SearchAction\",\"target\":{\"@type\":\"EntryPoint\",\"urlTemplate\":\"https:\/\/uelzener.de\/magazin\/?s={search_term_string}\"},\"query-input\":{\"@type\":\"PropertyValueSpecification\",\"valueRequired\":true,\"valueName\":\"search_term_string\"}}],\"inLanguage\":\"de\"},{\"@type\":\"Organization\",\"@id\":\"https:\/\/uelzener.de\/magazin\/#organization\",\"name\":\"Uelzener Versicherungen\",\"url\":\"https:\/\/uelzener.de\/magazin\/\",\"logo\":{\"@type\":\"ImageObject\",\"inLanguage\":\"de\",\"@id\":\"https:\/\/uelzener.de\/magazin\/#\/schema\/logo\/image\/\",\"url\":\"https:\/\/uelzener.de\/magazin\/app\/uploads\/2024\/11\/uelzener_allgemeine_versicherungsgesellschaft_a_g_logo.jpg\",\"contentUrl\":\"https:\/\/uelzener.de\/magazin\/app\/uploads\/2024\/11\/uelzener_allgemeine_versicherungsgesellschaft_a_g_logo.jpg\",\"width\":200,\"height\":200,\"caption\":\"Uelzener Versicherungen\"},\"image\":{\"@id\":\"https:\/\/uelzener.de\/magazin\/#\/schema\/logo\/image\/\"},\"sameAs\":[\"https:\/\/www.facebook.com\/Uelzener\",\"https:\/\/instagram.com\/uelzener\",\"https:\/\/www.xing.com\/pages\/uelzenerallgemeineversicherungs-gesellschafta-g\",\"https:\/\/www.youtube.com\/UelzenerVersicherungen\"]}]}<\/script>\n<!-- \/ Yoast SEO Premium plugin. -->","yoast_head_json":{"title":"Die Katzenlaute und ihre Bedeutung: Miauen, Schnurren, Fauchen und Co. | Uelzener Tier-Magazin","description":"Wir erkl\u00e4ren Dir die Bedeutung der Katzenlaute \u2713 Schnurren \u2713 Miauen \u2713 Fauchen \u2713 Knurren \u25b6 Jetzt Katzenlaute richtig deuten!","robots":{"index":"index","follow":"follow","max-snippet":"max-snippet:-1","max-image-preview":"max-image-preview:large","max-video-preview":"max-video-preview:-1"},"canonical":"https:\/\/uelzener.de\/magazin\/katze\/erziehung-und-training\/katzenlaute-miauen-fauchen-knurren\/","og_locale":"de_DE","og_type":"article","og_title":"Die Katzenlaute und ihre Bedeutung: Miauen, Schnurren, Fauchen und Co.","og_description":"Wir erkl\u00e4ren Dir die Bedeutung der Katzenlaute \u2713 Schnurren \u2713 Miauen \u2713 Fauchen \u2713 Knurren \u25b6 Jetzt Katzenlaute richtig deuten!","og_url":"https:\/\/uelzener.de\/magazin\/katze\/erziehung-und-training\/katzenlaute-miauen-fauchen-knurren\/","og_site_name":"Uelzener Tier-Magazin","article_publisher":"https:\/\/www.facebook.com\/Uelzener","article_modified_time":"2025-09-23T08:42:02+00:00","og_image":[{"width":1025,"height":450,"url":"https:\/\/uelzener.de\/magazin\/app\/uploads\/2023\/03\/katzenlaute-miauen-fauchen-schnurren.jpg","type":"image\/jpeg"}],"twitter_card":"summary_large_image","twitter_misc":{"Gesch\u00e4tzte Lesezeit":"6\u00a0Minuten"},"schema":{"@context":"https:\/\/schema.org","@graph":[{"@type":"WebPage","@id":"https:\/\/uelzener.de\/magazin\/katze\/erziehung-und-training\/katzenlaute-miauen-fauchen-knurren\/","url":"https:\/\/uelzener.de\/magazin\/katze\/erziehung-und-training\/katzenlaute-miauen-fauchen-knurren\/","name":"Die Katzenlaute und ihre Bedeutung: Miauen, Schnurren, Fauchen und Co. | Uelzener Tier-Magazin","isPartOf":{"@id":"https:\/\/uelzener.de\/magazin\/#website"},"primaryImageOfPage":{"@id":"https:\/\/uelzener.de\/magazin\/katze\/erziehung-und-training\/katzenlaute-miauen-fauchen-knurren\/#primaryimage"},"image":{"@id":"https:\/\/uelzener.de\/magazin\/katze\/erziehung-und-training\/katzenlaute-miauen-fauchen-knurren\/#primaryimage"},"thumbnailUrl":"https:\/\/uelzener.de\/magazin\/app\/uploads\/2023\/03\/katzenlaute-miauen-fauchen-schnurren.jpg","datePublished":"2023-03-13T11:00:00+00:00","dateModified":"2025-09-23T08:42:02+00:00","description":"Wir erkl\u00e4ren Dir die Bedeutung der Katzenlaute \u2713 Schnurren \u2713 Miauen \u2713 Fauchen \u2713 Knurren \u25b6 Jetzt Katzenlaute richtig deuten!","breadcrumb":{"@id":"https:\/\/uelzener.de\/magazin\/katze\/erziehung-und-training\/katzenlaute-miauen-fauchen-knurren\/#breadcrumb"},"inLanguage":"de","potentialAction":[{"@type":"ReadAction","target":["https:\/\/uelzener.de\/magazin\/katze\/erziehung-und-training\/katzenlaute-miauen-fauchen-knurren\/"]}]},{"@type":"ImageObject","inLanguage":"de","@id":"https:\/\/uelzener.de\/magazin\/katze\/erziehung-und-training\/katzenlaute-miauen-fauchen-knurren\/#primaryimage","url":"https:\/\/uelzener.de\/magazin\/app\/uploads\/2023\/03\/katzenlaute-miauen-fauchen-schnurren.jpg","contentUrl":"https:\/\/uelzener.de\/magazin\/app\/uploads\/2023\/03\/katzenlaute-miauen-fauchen-schnurren.jpg","width":1025,"height":450,"caption":"Kitten miaut auf gr\u00fcner Wiese. Mit Katzenlauten kommunizieren Katzen mit Mensch und Tier."},{"@type":"WebSite","@id":"https:\/\/uelzener.de\/magazin\/#website","url":"https:\/\/uelzener.de\/magazin\/","name":"Uelzener Tiermagazin","description":"Online Tierratgeber der Uelzener Versicherungen","publisher":{"@id":"https:\/\/uelzener.de\/magazin\/#organization"},"potentialAction":[{"@type":"SearchAction","target":{"@type":"EntryPoint","urlTemplate":"https:\/\/uelzener.de\/magazin\/?s={search_term_string}"},"query-input":{"@type":"PropertyValueSpecification","valueRequired":true,"valueName":"search_term_string"}}],"inLanguage":"de"},{"@type":"Organization","@id":"https:\/\/uelzener.de\/magazin\/#organization","name":"Uelzener Versicherungen","url":"https:\/\/uelzener.de\/magazin\/","logo":{"@type":"ImageObject","inLanguage":"de","@id":"https:\/\/uelzener.de\/magazin\/#\/schema\/logo\/image\/","url":"https:\/\/uelzener.de\/magazin\/app\/uploads\/2024\/11\/uelzener_allgemeine_versicherungsgesellschaft_a_g_logo.jpg","contentUrl":"https:\/\/uelzener.de\/magazin\/app\/uploads\/2024\/11\/uelzener_allgemeine_versicherungsgesellschaft_a_g_logo.jpg","width":200,"height":200,"caption":"Uelzener Versicherungen"},"image":{"@id":"https:\/\/uelzener.de\/magazin\/#\/schema\/logo\/image\/"},"sameAs":["https:\/\/www.facebook.com\/Uelzener","https:\/\/instagram.com\/uelzener","https:\/\/www.xing.com\/pages\/uelzenerallgemeineversicherungs-gesellschafta-g","https:\/\/www.youtube.com\/UelzenerVersicherungen"]}]}},"_links":{"self":[{"href":"https:\/\/uelzener.de\/magazin\/wp-json\/wp\/v2\/pages\/10210","targetHints":{"allow":["GET"]}}],"collection":[{"href":"https:\/\/uelzener.de\/magazin\/wp-json\/wp\/v2\/pages"}],"about":[{"href":"https:\/\/uelzener.de\/magazin\/wp-json\/wp\/v2\/types\/page"}],"author":[{"embeddable":true,"href":"https:\/\/uelzener.de\/magazin\/wp-json\/wp\/v2\/users\/1"}],"replies":[{"embeddable":true,"href":"https:\/\/uelzener.de\/magazin\/wp-json\/wp\/v2\/comments?post=10210"}],"version-history":[{"count":12,"href":"https:\/\/uelzener.de\/magazin\/wp-json\/wp\/v2\/pages\/10210\/revisions"}],"predecessor-version":[{"id":19270,"href":"https:\/\/uelzener.de\/magazin\/wp-json\/wp\/v2\/pages\/10210\/revisions\/19270"}],"up":[{"embeddable":true,"href":"https:\/\/uelzener.de\/magazin\/wp-json\/wp\/v2\/pages\/11695"}],"wp:featuredmedia":[{"embeddable":true,"href":"https:\/\/uelzener.de\/magazin\/wp-json\/wp\/v2\/media\/15100"}],"wp:attachment":[{"href":"https:\/\/uelzener.de\/magazin\/wp-json\/wp\/v2\/media?parent=10210"}],"curies":[{"name":"wp","href":"https:\/\/api.w.org\/{rel}","templated":true}]}}