{"id":10209,"date":"2020-01-29T00:00:00","date_gmt":"2020-01-29T00:00:00","guid":{"rendered":""},"modified":"2021-07-30T08:25:43","modified_gmt":"2021-07-30T06:25:43","slug":"warum-schnurren-katzen","status":"publish","type":"page","link":"https:\/\/uelzener.de\/magazin\/katze\/haeufige-fragen\/warum-schnurren-katzen\/","title":{"rendered":"Warum schnurren Katzen?"},"content":{"rendered":"<p><strong>Eine schnurrende Katze dr\u00fcckt Wohlbefinden aus und ist gl\u00fccklich. Das ist zumindest eine h\u00e4ufige Annahme. Katzen schnurren allerdings aus verschiedenen Gr\u00fcnden. Mehr dazu erf\u00e4hrst Du in unserem Blogbeitrag.<\/strong><\/p>\n<h2>Wenn Katzen schnurren<\/h2>\n<p>Wir Menschen verbinden mit dem Schnurren oft <strong>Geborgenheit und Gem\u00fctlichkeit<\/strong>. Wer hat nicht gern eine wohlig schnurrende Katze auf dem Scho\u00df? Doch warum schnurren Katzen \u00fcberhaupt? Wissenschaftlich ist das noch nicht gekl\u00e4rt. Es ist aber auf jeden Fall bekannt, dass die Katze durch das Schnurren ihr Wohlbefinden ausdr\u00fcckt und damit eine <strong>friedliche Grundstimmung <\/strong>andeutet. Allerdings schnurren Katzen auch, wenn sie Schmerzen haben.<\/p>\n<h2>Wann schnurren Katzen?<\/h2>\n<p>Obwohl noch nicht gekl\u00e4rt ist, warum Katzen schnurren, gibt es Gemeinsamkeiten in allen Situationen, in denen geschnurrt wird. <strong>Entspannung<\/strong> ist hier das Stichwort. Das Schnurren beruhigt und entspannt die Katzen.<\/p>\n<ul>\n<li>Katzen schnurren, wenn sie <strong>hungrig<\/strong> sind oder ihr Futter bekommen<\/li>\n<li>Schnurren f\u00f6rdert die <strong>Bindung<\/strong> zwischen Mutterkatze und Kitten<\/li>\n<li>Schnurren dient der<strong> Beruhigung und Schmerzlinderung<\/strong><\/li>\n<li>Durch die niedrige Frequenz des Schnurrens kann die<strong> Heilung<\/strong> von Knochen, Wunden und Sehnen gef\u00f6rdert werden<\/li>\n<\/ul>\n<p><img decoding=\"async\" src=\"\/magazin\/app\/uploads\/2021\/02\/d0698e94-3198-4f01-8617-a2466318ea6f.jpg\" \/><\/p>\n<p>Das Schnurren ist ein anhaltendes Brummger\u00e4usch auf einer <strong>niedrigen Tonfrequenz<\/strong>. Die Frequenz beim Schnurren liegt bei Katzen ungef\u00e4hr zwischen 16 und 40 Hertz, je nachdem, ob die Katze gerade ein- oder ausatmet. Klar ist, dass Hauskatzen ihren Brummton w\u00e4hrend des Ein- und Ausatmens von sich geben k\u00f6nnen. Sogar beim Fressen und Trinken k\u00f6nnen Katzen brummen. F\u00fcr das Entstehen des Schnurr-Ger\u00e4uschs gibt es verschiedene Theorien. Als m\u00f6glicher Grund f\u00fcr die Erzeugung der Schnurrlaute gelten zum Beispiel Vibrationen, die beim Str\u00f6men der Atemluft entlang des Zungenbeins entstehen. Eine andere Hypothese vermutet, dass das Schnurren durch schnelle Kontraktionen der Kehlkopfmuskulatur ausgel\u00f6st wird. Eine gesicherte wissenschaftliche Antwort auf die Frage \u201eWie schnurren Katzen?\u201c gibt es aber noch nicht.<\/p>\n<h2>Wirkung des Schnurrens<\/h2>\n<p>Die erzeugte Vibration hat eine <strong>beruhigende Wirkung<\/strong> \u2013 f\u00fcr die Katze selbst, aber auch f\u00fcr diejenigen, die in direktem Kontakt mit der schnurrenden Katze stehen. Das kann jeder Katzenbesitzer best\u00e4tigen. Auch kleine K\u00e4tzchen sp\u00fcren diese Wirkung, wenn die Katzenmama beim S\u00e4ugen schnurrt und so den Nachwuchs gleichzeitig beruhigt. Die K\u00e4tzchen brummen zur\u00fcck, um anzuzeigen, dass es ihnen gut geht. Kurzum, wenn es \u00fcberall schnurrt, sind alle gut drauf. Eine entspannte Art der Katzenkommunikation mit Wellness-Wirkung.<\/p>\n<h2>Katzen schnurren auch zur Selbstheilung<\/h2>\n<p>Die Antwort auf die Frage \u201eWann und warum schnurren Katzen?\u201c ist nicht immer Wohlbefinden. Es gibt auch weniger erfreuliche Gr\u00fcnde, bei denen geschnurrt wird: Katzen schnurren, wenn sie Schmerzen haben oder sich in einer stressigen und unangenehmen Situation befinden. Hier wird vermutet, dass Katzen die erzeugte Vibration nutzen, um sich damit <strong>selbst zu beruhigen und zu entspannen<\/strong>. Forschungsergebnisse zeigen, dass bestimmte Frequenzen beim Schnurren in der Lage sind, die <strong>Heilung von Knochenbr\u00fcchen<\/strong> und <strong>Muskelsch\u00e4den zu f\u00f6rdern<\/strong>. Die Katze k\u00f6nnte demnach mittels Schnurren ihre eigene Heilung beschleunigen. Ob das auch bei Menschen funktioniert, wird noch erforscht. Aber dass Katzen in der Lage sind, traurige Menschen mit ihrem Gebrumm aufzuheitern und zu tr\u00f6sten, ist nicht zu leugnen. Denn auch ohne medizinische Begr\u00fcndungen steht eins ohnehin fest: Eine brummende Katze tut einfach gut!<\/p>\n","protected":false},"excerpt":{"rendered":"<p>Eine schnurrende Katze dr\u00fcckt Wohlbefinden aus und ist gl\u00fccklich. Das ist zumindest eine h\u00e4ufige Annahme. Katzen schnurren allerdings aus verschiedenen Gr\u00fcnden. Mehr dazu erf\u00e4hrst Du in unserem Blogbeitrag. Wenn Katzen schnurren Wir Menschen verbinden mit dem Schnurren oft Geborgenheit und Gem\u00fctlichkeit. Wer hat nicht gern eine wohlig schnurrende Katze auf dem Scho\u00df? Doch warum schnurren [&hellip;]<\/p>\n","protected":false},"author":1,"featured_media":10798,"parent":11691,"menu_order":44,"comment_status":"open","ping_status":"open","template":"templates\/blog.php","meta":{"_acf_changed":false,"_crdt_document":"","footnotes":"","beyondwords_generate_audio":"","beyondwords_project_id":"","beyondwords_content_id":"","beyondwords_preview_token":"","beyondwords_player_style":"","beyondwords_language_id":"","beyondwords_title_voice_id":"","beyondwords_body_voice_id":"","beyondwords_summary_voice_id":"","beyondwords_error_message":"","beyondwords_disabled":"","beyondwords_delete_content":"","beyondwords_podcast_id":"","beyondwords_hash":"","publish_post_to_speechkit":"","speechkit_hash":"","speechkit_generate_audio":"","speechkit_project_id":"","speechkit_podcast_id":"","speechkit_error_message":"","speechkit_disabled":"","speechkit_access_key":"","speechkit_error":"","speechkit_info":"","speechkit_response":"","speechkit_retries":"","speechkit_status":"","speechkit_updated_at":"","_speechkit_link":"","_speechkit_text":""},"class_list":["post-10209","page","type-page","status-publish","has-post-thumbnail","hentry"],"acf":[],"yoast_head":"<!-- This site is optimized with the Yoast SEO Premium plugin  - https:\/\/yoast.com\/product\/yoast-seo-premium-wordpress\/ -->\n<title>Warum schnurren Katzen? - Gr\u00fcnde &amp; Wirkung | Uelzener<\/title>\n<meta name=\"description\" content=\"Erfahre, wie und warum Katzen schnurren! \u2713 Gr\u00fcnde \u2713 Bedeutung \u2713 beruhigende &amp; selbstheilende Wirkung \u25b6 Hier informieren!\" \/>\n<meta name=\"robots\" content=\"index, follow, max-snippet:-1, max-image-preview:large, max-video-preview:-1\" \/>\n<link rel=\"canonical\" href=\"https:\/\/uelzener.de\/magazin\/katze\/haeufige-fragen\/warum-schnurren-katzen\/\" \/>\n<meta property=\"og:locale\" content=\"de_DE\" \/>\n<meta property=\"og:type\" content=\"article\" \/>\n<meta property=\"og:title\" content=\"Warum schnurren Katzen?\" \/>\n<meta property=\"og:description\" content=\"Erfahre, wie und warum Katzen schnurren! \u2713 Gr\u00fcnde \u2713 Bedeutung \u2713 beruhigende &amp; selbstheilende Wirkung \u25b6 Hier informieren!\" \/>\n<meta property=\"og:url\" content=\"https:\/\/uelzener.de\/magazin\/katze\/haeufige-fragen\/warum-schnurren-katzen\/\" \/>\n<meta property=\"og:site_name\" content=\"Uelzener Tier-Magazin\" \/>\n<meta property=\"article:publisher\" content=\"https:\/\/www.facebook.com\/Uelzener\" \/>\n<meta property=\"article:modified_time\" content=\"2021-07-30T06:25:43+00:00\" \/>\n<meta property=\"og:image\" content=\"https:\/\/uelzener.de\/magazin\/app\/uploads\/2020\/01\/bec79acd-8b9b-4b54-87b0-22027f6d2f87.jpg\" \/>\n\t<meta property=\"og:image:width\" content=\"1706\" \/>\n\t<meta property=\"og:image:height\" content=\"889\" \/>\n\t<meta property=\"og:image:type\" content=\"image\/jpeg\" \/>\n<meta name=\"twitter:card\" content=\"summary_large_image\" \/>\n<meta name=\"twitter:label1\" content=\"Gesch\u00e4tzte Lesezeit\" \/>\n\t<meta name=\"twitter:data1\" content=\"3\u00a0Minuten\" \/>\n<script type=\"application\/ld+json\" class=\"yoast-schema-graph\">{\"@context\":\"https:\\\/\\\/schema.org\",\"@graph\":[{\"@type\":\"WebPage\",\"@id\":\"https:\\\/\\\/uelzener.de\\\/magazin\\\/katze\\\/haeufige-fragen\\\/warum-schnurren-katzen\\\/\",\"url\":\"https:\\\/\\\/uelzener.de\\\/magazin\\\/katze\\\/haeufige-fragen\\\/warum-schnurren-katzen\\\/\",\"name\":\"Warum schnurren Katzen? - Gr\u00fcnde & Wirkung | Uelzener\",\"isPartOf\":{\"@id\":\"https:\\\/\\\/uelzener.de\\\/magazin\\\/#website\"},\"primaryImageOfPage\":{\"@id\":\"https:\\\/\\\/uelzener.de\\\/magazin\\\/katze\\\/haeufige-fragen\\\/warum-schnurren-katzen\\\/#primaryimage\"},\"image\":{\"@id\":\"https:\\\/\\\/uelzener.de\\\/magazin\\\/katze\\\/haeufige-fragen\\\/warum-schnurren-katzen\\\/#primaryimage\"},\"thumbnailUrl\":\"https:\\\/\\\/uelzener.de\\\/magazin\\\/app\\\/uploads\\\/2020\\\/01\\\/bec79acd-8b9b-4b54-87b0-22027f6d2f87.jpg\",\"datePublished\":\"2020-01-29T00:00:00+00:00\",\"dateModified\":\"2021-07-30T06:25:43+00:00\",\"description\":\"Erfahre, wie und warum Katzen schnurren! \u2713 Gr\u00fcnde \u2713 Bedeutung \u2713 beruhigende & selbstheilende Wirkung \u25b6 Hier informieren!\",\"breadcrumb\":{\"@id\":\"https:\\\/\\\/uelzener.de\\\/magazin\\\/katze\\\/haeufige-fragen\\\/warum-schnurren-katzen\\\/#breadcrumb\"},\"inLanguage\":\"de\",\"potentialAction\":[{\"@type\":\"ReadAction\",\"target\":[\"https:\\\/\\\/uelzener.de\\\/magazin\\\/katze\\\/haeufige-fragen\\\/warum-schnurren-katzen\\\/\"]}]},{\"@type\":\"ImageObject\",\"inLanguage\":\"de\",\"@id\":\"https:\\\/\\\/uelzener.de\\\/magazin\\\/katze\\\/haeufige-fragen\\\/warum-schnurren-katzen\\\/#primaryimage\",\"url\":\"https:\\\/\\\/uelzener.de\\\/magazin\\\/app\\\/uploads\\\/2020\\\/01\\\/bec79acd-8b9b-4b54-87b0-22027f6d2f87.jpg\",\"contentUrl\":\"https:\\\/\\\/uelzener.de\\\/magazin\\\/app\\\/uploads\\\/2020\\\/01\\\/bec79acd-8b9b-4b54-87b0-22027f6d2f87.jpg\",\"width\":1706,\"height\":889,\"caption\":\"Eine Katze wird gestreichelt, sie schnurrt entspannt.\"},{\"@type\":\"WebSite\",\"@id\":\"https:\\\/\\\/uelzener.de\\\/magazin\\\/#website\",\"url\":\"https:\\\/\\\/uelzener.de\\\/magazin\\\/\",\"name\":\"Uelzener Tiermagazin\",\"description\":\"Online Tierratgeber der Uelzener Versicherungen\",\"publisher\":{\"@id\":\"https:\\\/\\\/uelzener.de\\\/magazin\\\/#organization\"},\"potentialAction\":[{\"@type\":\"SearchAction\",\"target\":{\"@type\":\"EntryPoint\",\"urlTemplate\":\"https:\\\/\\\/uelzener.de\\\/magazin\\\/?s={search_term_string}\"},\"query-input\":{\"@type\":\"PropertyValueSpecification\",\"valueRequired\":true,\"valueName\":\"search_term_string\"}}],\"inLanguage\":\"de\"},{\"@type\":\"Organization\",\"@id\":\"https:\\\/\\\/uelzener.de\\\/magazin\\\/#organization\",\"name\":\"Uelzener Versicherungen\",\"url\":\"https:\\\/\\\/uelzener.de\\\/magazin\\\/\",\"logo\":{\"@type\":\"ImageObject\",\"inLanguage\":\"de\",\"@id\":\"https:\\\/\\\/uelzener.de\\\/magazin\\\/#\\\/schema\\\/logo\\\/image\\\/\",\"url\":\"https:\\\/\\\/uelzener.de\\\/magazin\\\/app\\\/uploads\\\/2024\\\/11\\\/uelzener_allgemeine_versicherungsgesellschaft_a_g_logo.jpg\",\"contentUrl\":\"https:\\\/\\\/uelzener.de\\\/magazin\\\/app\\\/uploads\\\/2024\\\/11\\\/uelzener_allgemeine_versicherungsgesellschaft_a_g_logo.jpg\",\"width\":200,\"height\":200,\"caption\":\"Uelzener Versicherungen\"},\"image\":{\"@id\":\"https:\\\/\\\/uelzener.de\\\/magazin\\\/#\\\/schema\\\/logo\\\/image\\\/\"},\"sameAs\":[\"https:\\\/\\\/www.facebook.com\\\/Uelzener\",\"https:\\\/\\\/instagram.com\\\/uelzener\",\"https:\\\/\\\/www.xing.com\\\/pages\\\/uelzenerallgemeineversicherungs-gesellschafta-g\",\"https:\\\/\\\/www.youtube.com\\\/UelzenerVersicherungen\"]}]}<\/script>\n<!-- \/ Yoast SEO Premium plugin. -->","yoast_head_json":{"title":"Warum schnurren Katzen? - Gr\u00fcnde & Wirkung | Uelzener","description":"Erfahre, wie und warum Katzen schnurren! \u2713 Gr\u00fcnde \u2713 Bedeutung \u2713 beruhigende & selbstheilende Wirkung \u25b6 Hier informieren!","robots":{"index":"index","follow":"follow","max-snippet":"max-snippet:-1","max-image-preview":"max-image-preview:large","max-video-preview":"max-video-preview:-1"},"canonical":"https:\/\/uelzener.de\/magazin\/katze\/haeufige-fragen\/warum-schnurren-katzen\/","og_locale":"de_DE","og_type":"article","og_title":"Warum schnurren Katzen?","og_description":"Erfahre, wie und warum Katzen schnurren! \u2713 Gr\u00fcnde \u2713 Bedeutung \u2713 beruhigende & selbstheilende Wirkung \u25b6 Hier informieren!","og_url":"https:\/\/uelzener.de\/magazin\/katze\/haeufige-fragen\/warum-schnurren-katzen\/","og_site_name":"Uelzener Tier-Magazin","article_publisher":"https:\/\/www.facebook.com\/Uelzener","article_modified_time":"2021-07-30T06:25:43+00:00","og_image":[{"width":1706,"height":889,"url":"https:\/\/uelzener.de\/magazin\/app\/uploads\/2020\/01\/bec79acd-8b9b-4b54-87b0-22027f6d2f87.jpg","type":"image\/jpeg"}],"twitter_card":"summary_large_image","twitter_misc":{"Gesch\u00e4tzte Lesezeit":"3\u00a0Minuten"},"schema":{"@context":"https:\/\/schema.org","@graph":[{"@type":"WebPage","@id":"https:\/\/uelzener.de\/magazin\/katze\/haeufige-fragen\/warum-schnurren-katzen\/","url":"https:\/\/uelzener.de\/magazin\/katze\/haeufige-fragen\/warum-schnurren-katzen\/","name":"Warum schnurren Katzen? - Gr\u00fcnde & Wirkung | Uelzener","isPartOf":{"@id":"https:\/\/uelzener.de\/magazin\/#website"},"primaryImageOfPage":{"@id":"https:\/\/uelzener.de\/magazin\/katze\/haeufige-fragen\/warum-schnurren-katzen\/#primaryimage"},"image":{"@id":"https:\/\/uelzener.de\/magazin\/katze\/haeufige-fragen\/warum-schnurren-katzen\/#primaryimage"},"thumbnailUrl":"https:\/\/uelzener.de\/magazin\/app\/uploads\/2020\/01\/bec79acd-8b9b-4b54-87b0-22027f6d2f87.jpg","datePublished":"2020-01-29T00:00:00+00:00","dateModified":"2021-07-30T06:25:43+00:00","description":"Erfahre, wie und warum Katzen schnurren! \u2713 Gr\u00fcnde \u2713 Bedeutung \u2713 beruhigende & selbstheilende Wirkung \u25b6 Hier informieren!","breadcrumb":{"@id":"https:\/\/uelzener.de\/magazin\/katze\/haeufige-fragen\/warum-schnurren-katzen\/#breadcrumb"},"inLanguage":"de","potentialAction":[{"@type":"ReadAction","target":["https:\/\/uelzener.de\/magazin\/katze\/haeufige-fragen\/warum-schnurren-katzen\/"]}]},{"@type":"ImageObject","inLanguage":"de","@id":"https:\/\/uelzener.de\/magazin\/katze\/haeufige-fragen\/warum-schnurren-katzen\/#primaryimage","url":"https:\/\/uelzener.de\/magazin\/app\/uploads\/2020\/01\/bec79acd-8b9b-4b54-87b0-22027f6d2f87.jpg","contentUrl":"https:\/\/uelzener.de\/magazin\/app\/uploads\/2020\/01\/bec79acd-8b9b-4b54-87b0-22027f6d2f87.jpg","width":1706,"height":889,"caption":"Eine Katze wird gestreichelt, sie schnurrt entspannt."},{"@type":"WebSite","@id":"https:\/\/uelzener.de\/magazin\/#website","url":"https:\/\/uelzener.de\/magazin\/","name":"Uelzener Tiermagazin","description":"Online Tierratgeber der Uelzener Versicherungen","publisher":{"@id":"https:\/\/uelzener.de\/magazin\/#organization"},"potentialAction":[{"@type":"SearchAction","target":{"@type":"EntryPoint","urlTemplate":"https:\/\/uelzener.de\/magazin\/?s={search_term_string}"},"query-input":{"@type":"PropertyValueSpecification","valueRequired":true,"valueName":"search_term_string"}}],"inLanguage":"de"},{"@type":"Organization","@id":"https:\/\/uelzener.de\/magazin\/#organization","name":"Uelzener Versicherungen","url":"https:\/\/uelzener.de\/magazin\/","logo":{"@type":"ImageObject","inLanguage":"de","@id":"https:\/\/uelzener.de\/magazin\/#\/schema\/logo\/image\/","url":"https:\/\/uelzener.de\/magazin\/app\/uploads\/2024\/11\/uelzener_allgemeine_versicherungsgesellschaft_a_g_logo.jpg","contentUrl":"https:\/\/uelzener.de\/magazin\/app\/uploads\/2024\/11\/uelzener_allgemeine_versicherungsgesellschaft_a_g_logo.jpg","width":200,"height":200,"caption":"Uelzener Versicherungen"},"image":{"@id":"https:\/\/uelzener.de\/magazin\/#\/schema\/logo\/image\/"},"sameAs":["https:\/\/www.facebook.com\/Uelzener","https:\/\/instagram.com\/uelzener","https:\/\/www.xing.com\/pages\/uelzenerallgemeineversicherungs-gesellschafta-g","https:\/\/www.youtube.com\/UelzenerVersicherungen"]}]}},"_links":{"self":[{"href":"https:\/\/uelzener.de\/magazin\/wp-json\/wp\/v2\/pages\/10209","targetHints":{"allow":["GET"]}}],"collection":[{"href":"https:\/\/uelzener.de\/magazin\/wp-json\/wp\/v2\/pages"}],"about":[{"href":"https:\/\/uelzener.de\/magazin\/wp-json\/wp\/v2\/types\/page"}],"author":[{"embeddable":true,"href":"https:\/\/uelzener.de\/magazin\/wp-json\/wp\/v2\/users\/1"}],"replies":[{"embeddable":true,"href":"https:\/\/uelzener.de\/magazin\/wp-json\/wp\/v2\/comments?post=10209"}],"version-history":[{"count":3,"href":"https:\/\/uelzener.de\/magazin\/wp-json\/wp\/v2\/pages\/10209\/revisions"}],"predecessor-version":[{"id":12594,"href":"https:\/\/uelzener.de\/magazin\/wp-json\/wp\/v2\/pages\/10209\/revisions\/12594"}],"up":[{"embeddable":true,"href":"https:\/\/uelzener.de\/magazin\/wp-json\/wp\/v2\/pages\/11691"}],"wp:featuredmedia":[{"embeddable":true,"href":"https:\/\/uelzener.de\/magazin\/wp-json\/wp\/v2\/media\/10798"}],"wp:attachment":[{"href":"https:\/\/uelzener.de\/magazin\/wp-json\/wp\/v2\/media?parent=10209"}],"curies":[{"name":"wp","href":"https:\/\/api.w.org\/{rel}","templated":true}]}}