{"id":10207,"date":"2019-11-04T00:00:00","date_gmt":"2019-11-04T00:00:00","guid":{"rendered":""},"modified":"2025-09-29T12:06:23","modified_gmt":"2025-09-29T10:06:23","slug":"ohrmilben-katze","status":"publish","type":"page","link":"https:\/\/uelzener.de\/magazin\/katze\/tiergesundheit\/ohrmilben-katze\/","title":{"rendered":"Ohrmilben bei Katzen: Erkennen und behandeln"},"content":{"rendered":"<p>Wenn sich Deine Katze st\u00e4ndig am Ohr kratzt, k\u00f6nnte sie unter Ohrr\u00e4ude leiden. Diese wird durch einen Befall mit Milben ausgel\u00f6st und kann unbehandelt zu Sch\u00e4den am Geh\u00f6rgang f\u00fchren. Welche Symptome treten auf und wie kannst Du Deine Katze von den winzigen Parasiten befreien? Wir kl\u00e4ren die wichtigsten Fragen zum Thema Ohrmilben bei Katzen.<\/p>\n<p>Ohrr\u00e4ude durch Milbenbefall ist eine verbreitete Krankheit bei Katzen und Katern. Sie geh\u00f6rt zu den h\u00e4ufigsten Ursachen von Ohrentz\u00fcndungen und sollte so bald wie m\u00f6glich vom Tierarzt behandelt werden.<\/p>\n<h2>Was sind Ohrmilben?<\/h2>\n<p>Ohrmilben sind winzige Parasiten, die im Geh\u00f6rgang von Katzen und anderen Tieren leben und <strong>juckende Ohrentz\u00fcndungen<\/strong> verursachen. Insbesondere <a href=\"https:\/\/uelzener.de\/magazin\/katze\/haltung\/vom-katzenbaby-zur-jungkatze-entwicklung-kitten\/\">Jungtiere<\/a> leiden unter dem Juckreiz in und um der Ohrmuschel.<\/p>\n<h2>Woher kommen die Ohrmilben bei Katzen?<\/h2>\n<p>Katzen k\u00f6nnen sich Ohrmilben beim direk<strong>ten Kontakt mit befallenen Katzen, aber auch anderen Haustieren<\/strong> einfangen. Deshalb sind Freig\u00e4nger in Hinblick auf Ohrmilbenbefall st\u00e4rker gef\u00e4hrdet als <a href=\"https:\/\/uelzener.de\/magazin\/katze\/haltung\/wohnungskatze-beschaeftigen\/\" target=\"_blank\" rel=\"noopener\">Wohnungskatzen<\/a>, die keinen direkten Kontakt mit anderen Tieren haben.<\/p>\n<h2>Was sind die Symptome von Ohrmilben bei Katzen?<\/h2>\n<p>Typische Symptome f\u00fcr eine Ohrentz\u00fcndung durch Ohrmilbenbefall sind:<\/p>\n<ul>\n<li>Ein kaffeesatzartiger Ohrenschmalz,<\/li>\n<li>Juckreiz und h\u00e4ufiges Kratzen, Kopfsch\u00fctteln oder ein zur Seite geneigter Kopf,<\/li>\n<li>Ohrenreiben an Kanten und harten Objekten,<\/li>\n<li>\u00e4ngstliches Verhalten,<\/li>\n<li>eine br\u00e4unliche Kruste innen und au\u00dfen am Ohr.<\/li>\n<\/ul>\n<p>Manchmal ist nur ein Ohr der Katze von Ohrmilben befallen, meistens sind es jedoch beide. Ausgewachsene Katzen zeigen h\u00e4ufig keine deutlichen Symptome eines Ohrmilbenbefalls. Diese Tiere sind sogenannte <strong>stille \u00dcbertr\u00e4ger<\/strong>, weil man ihnen den Befall nicht ansieht, sie aber Ohrmilben auf andere Tiere \u00fcbertragen k\u00f6nnen. In einem Haushalt mit mehreren Katzen wird man die Ohrmilben nur dann nachhaltig los, wenn man auch diese stillen \u00dcbertr\u00e4ger konsequent und ausreichend lange behandelt.<\/p>\n<h2>Welche Folgen kann Ohrr\u00e4ude haben?<\/h2>\n<p>Die Entz\u00fcndung infolge der Ohrr\u00e4ude sch\u00e4digt die zarte Haut im Katzenohr. Dadurch wird die Haut anf\u00e4lliger f\u00fcr Infektionen mit Bakterien und Pilzen. Bei einem l\u00e4ngeren Befall mit Ohrmilben kann es auch zu <strong>eitrigen Ohrentz\u00fcndungen<\/strong> kommen. Bei einem hochgradigen Befall k\u00f6nnen die Milben aus dem Geh\u00f6rgang und der Ohrmuschel auswandern und zu <strong>gro\u00dffl\u00e4chigen, juckenden Hautentz\u00fcndungen<\/strong> f\u00fchren.<\/p>\n<h2>Wie sollte der Mensch handeln?<\/h2>\n<p>Der Katzenhalter sollte sein Tier bei Verdacht auf Parasitenbefall zum Tierarzt bringen, um eine gesicherte Diagnose zu erhalten. Eine <strong>Behandlung der Ohrmilben Ihrer Katze mit Hausmitteln ist nicht angebracht<\/strong>, zumal die Symptome denen anderer Krankheiten \u00e4hnlich sind und eine mikroskopische Untersuchung notwendig sein kann.<\/p>\n<h2>Wie werden bei Katzen Ohrmilben diagnostiziert?<\/h2>\n<p>Meist erkennt man einen Befall einer Katze mit Ohrmilben am typischen <strong>kaffeesatzartigen Ohrenschmalz<\/strong>. Mit einem Otoskop kann der Tierarzt die winzigen, wei\u00dflichen Ohrmilben im Geh\u00f6rgang umherkrabbeln sehen. Um Sie vor hohen Tierarztrechnungen zu sch\u00fctzen, sollten Sie eine Katzen-Versicherung abschlie\u00dfen.<\/p>\n\n<div class=\"banner\">\n    <a href=\"https:\/\/uelzener.de\/katze?agt=0000104925&sem=true&utm_medium=magazin&utm_source=wordpress&utm_campaign=katze&utm_content=banner\">\n        <img decoding=\"async\" width=\"300\" height=\"212\" src=\"https:\/\/uelzener.de\/magazin\/app\/uploads\/2025\/01\/Katzenversicherung.jpg\" class=\"attachment-medium size-medium\" alt=\"Banner Katzenversicherung\" \/>    <\/a>\n<\/div>\n\n<p>Zur Therapie der Ohrr\u00e4ude reinigt der Tierarzt den Geh\u00f6rgang der Katze. Nach der Reinigung gibt er eine spezielle Ohrensalbe in den Geh\u00f6rgang und massiert das Katzenohr von au\u00dfen, um die Salbe m\u00f6glichst gut zu verteilen. Gegen die Ohrmilben erh\u00e4lt die Katze als Medikament au\u00dferdem ein spezielles Antiparasitikum als Spot-on (Auftropf-Pr\u00e4parat) auf die Haut in den Nacken.<\/p>\n<p>F\u00fcr einen nachhaltigen Behandlungserfolg m\u00fcssen Sie zu Hause weiter gegen die Ohrmilben Ihrer Katze behandeln. Bei einem milden Befall und bei stillen \u00dcbertr\u00e4gern reicht es h\u00e4ufig, die Spot-on-Behandlung zweimal im Abstand von vier Wochen zu wiederholen. Die lange Behandlung ist n\u00f6tig, um auch den Nachwuchs der Ohrmilben effektiv abzut\u00f6ten. Bei einem schweren Befall muss die Salbenbehandlung zuhause fortgef\u00fchrt werden. So wird man die Biester sicher los.<\/p>\n","protected":false},"excerpt":{"rendered":"<p>Wenn sich Deine Katze st\u00e4ndig am Ohr kratzt, k\u00f6nnte sie unter Ohrr\u00e4ude leiden. Diese wird durch einen Befall mit Milben ausgel\u00f6st und kann unbehandelt zu Sch\u00e4den am Geh\u00f6rgang f\u00fchren. Welche Symptome treten auf und wie kannst Du Deine Katze von den winzigen Parasiten befreien? Wir kl\u00e4ren die wichtigsten Fragen zum Thema Ohrmilben bei Katzen. Ohrr\u00e4ude [&hellip;]<\/p>\n","protected":false},"author":1,"featured_media":19303,"parent":11712,"menu_order":57,"comment_status":"open","ping_status":"open","template":"templates\/blog.php","meta":{"_acf_changed":false,"_crdt_document":"","footnotes":"","beyondwords_generate_audio":"0","beyondwords_project_id":"","beyondwords_content_id":"","beyondwords_preview_token":"","beyondwords_player_style":"","beyondwords_language_id":"","beyondwords_title_voice_id":"","beyondwords_body_voice_id":"","beyondwords_summary_voice_id":"","beyondwords_error_message":"","beyondwords_disabled":"","beyondwords_delete_content":"","beyondwords_podcast_id":"","beyondwords_hash":"","publish_post_to_speechkit":"","speechkit_hash":"","speechkit_generate_audio":"","speechkit_project_id":"","speechkit_podcast_id":"","speechkit_error_message":"","speechkit_disabled":"","speechkit_access_key":"","speechkit_error":"","speechkit_info":"","speechkit_response":"","speechkit_retries":"","speechkit_status":"","speechkit_updated_at":"","_speechkit_link":"","_speechkit_text":""},"class_list":["post-10207","page","type-page","status-publish","has-post-thumbnail","hentry"],"acf":[],"yoast_head":"<!-- This site is optimized with the Yoast SEO Premium plugin  - https:\/\/yoast.com\/product\/yoast-seo-premium-wordpress\/ -->\n<title>Ohrmilben bei Katzen erkennen &amp; behandeln | Uelzener<\/title>\n<meta name=\"description\" content=\"Erfahre alles zum Thema Ohrmilben bei Katzen \u2713 Symptome \u2713 \u00dcbertragung \u2713 Diagnose \u2713 Behandlung \u25b6 Jetzt lesen!\" \/>\n<meta name=\"robots\" content=\"index, follow, max-snippet:-1, max-image-preview:large, max-video-preview:-1\" \/>\n<link rel=\"canonical\" href=\"https:\/\/uelzener.de\/magazin\/katze\/tiergesundheit\/ohrmilben-katze\/\" \/>\n<meta property=\"og:locale\" content=\"de_DE\" \/>\n<meta property=\"og:type\" content=\"article\" \/>\n<meta property=\"og:title\" content=\"Ohrmilben bei Katzen: Erkennen und behandeln\" \/>\n<meta property=\"og:description\" content=\"Erfahre alles zum Thema Ohrmilben bei Katzen \u2713 Symptome \u2713 \u00dcbertragung \u2713 Diagnose \u2713 Behandlung \u25b6 Jetzt lesen!\" \/>\n<meta property=\"og:url\" content=\"https:\/\/uelzener.de\/magazin\/katze\/tiergesundheit\/ohrmilben-katze\/\" \/>\n<meta property=\"og:site_name\" content=\"Uelzener Tier-Magazin\" \/>\n<meta property=\"article:publisher\" content=\"https:\/\/www.facebook.com\/Uelzener\" \/>\n<meta property=\"article:modified_time\" content=\"2025-09-29T10:06:23+00:00\" \/>\n<meta property=\"og:image\" content=\"https:\/\/uelzener.de\/magazin\/app\/uploads\/2025\/09\/katze-ohrmilben.png\" \/>\n\t<meta property=\"og:image:width\" content=\"1025\" \/>\n\t<meta property=\"og:image:height\" content=\"450\" \/>\n\t<meta property=\"og:image:type\" content=\"image\/png\" \/>\n<meta name=\"twitter:card\" content=\"summary_large_image\" \/>\n<meta name=\"twitter:label1\" content=\"Gesch\u00e4tzte Lesezeit\" \/>\n\t<meta name=\"twitter:data1\" content=\"4\u00a0Minuten\" \/>\n<script type=\"application\/ld+json\" class=\"yoast-schema-graph\">{\"@context\":\"https:\/\/schema.org\",\"@graph\":[{\"@type\":\"WebPage\",\"@id\":\"https:\/\/uelzener.de\/magazin\/katze\/tiergesundheit\/ohrmilben-katze\/\",\"url\":\"https:\/\/uelzener.de\/magazin\/katze\/tiergesundheit\/ohrmilben-katze\/\",\"name\":\"Ohrmilben bei Katzen erkennen & behandeln | Uelzener\",\"isPartOf\":{\"@id\":\"https:\/\/uelzener.de\/magazin\/#website\"},\"primaryImageOfPage\":{\"@id\":\"https:\/\/uelzener.de\/magazin\/katze\/tiergesundheit\/ohrmilben-katze\/#primaryimage\"},\"image\":{\"@id\":\"https:\/\/uelzener.de\/magazin\/katze\/tiergesundheit\/ohrmilben-katze\/#primaryimage\"},\"thumbnailUrl\":\"https:\/\/uelzener.de\/magazin\/app\/uploads\/2025\/09\/katze-ohrmilben.png\",\"datePublished\":\"2019-11-04T00:00:00+00:00\",\"dateModified\":\"2025-09-29T10:06:23+00:00\",\"description\":\"Erfahre alles zum Thema Ohrmilben bei Katzen \u2713 Symptome \u2713 \u00dcbertragung \u2713 Diagnose \u2713 Behandlung \u25b6 Jetzt lesen!\",\"breadcrumb\":{\"@id\":\"https:\/\/uelzener.de\/magazin\/katze\/tiergesundheit\/ohrmilben-katze\/#breadcrumb\"},\"inLanguage\":\"de\",\"potentialAction\":[{\"@type\":\"ReadAction\",\"target\":[\"https:\/\/uelzener.de\/magazin\/katze\/tiergesundheit\/ohrmilben-katze\/\"]}]},{\"@type\":\"ImageObject\",\"inLanguage\":\"de\",\"@id\":\"https:\/\/uelzener.de\/magazin\/katze\/tiergesundheit\/ohrmilben-katze\/#primaryimage\",\"url\":\"https:\/\/uelzener.de\/magazin\/app\/uploads\/2025\/09\/katze-ohrmilben.png\",\"contentUrl\":\"https:\/\/uelzener.de\/magazin\/app\/uploads\/2025\/09\/katze-ohrmilben.png\",\"width\":1025,\"height\":450,\"caption\":\"Katze wird auf Ohrmilben untersucht.\"},{\"@type\":\"WebSite\",\"@id\":\"https:\/\/uelzener.de\/magazin\/#website\",\"url\":\"https:\/\/uelzener.de\/magazin\/\",\"name\":\"Uelzener Tiermagazin\",\"description\":\"Online Tierratgeber der Uelzener Versicherungen\",\"publisher\":{\"@id\":\"https:\/\/uelzener.de\/magazin\/#organization\"},\"potentialAction\":[{\"@type\":\"SearchAction\",\"target\":{\"@type\":\"EntryPoint\",\"urlTemplate\":\"https:\/\/uelzener.de\/magazin\/?s={search_term_string}\"},\"query-input\":{\"@type\":\"PropertyValueSpecification\",\"valueRequired\":true,\"valueName\":\"search_term_string\"}}],\"inLanguage\":\"de\"},{\"@type\":\"Organization\",\"@id\":\"https:\/\/uelzener.de\/magazin\/#organization\",\"name\":\"Uelzener Versicherungen\",\"url\":\"https:\/\/uelzener.de\/magazin\/\",\"logo\":{\"@type\":\"ImageObject\",\"inLanguage\":\"de\",\"@id\":\"https:\/\/uelzener.de\/magazin\/#\/schema\/logo\/image\/\",\"url\":\"https:\/\/uelzener.de\/magazin\/app\/uploads\/2024\/11\/uelzener_allgemeine_versicherungsgesellschaft_a_g_logo.jpg\",\"contentUrl\":\"https:\/\/uelzener.de\/magazin\/app\/uploads\/2024\/11\/uelzener_allgemeine_versicherungsgesellschaft_a_g_logo.jpg\",\"width\":200,\"height\":200,\"caption\":\"Uelzener Versicherungen\"},\"image\":{\"@id\":\"https:\/\/uelzener.de\/magazin\/#\/schema\/logo\/image\/\"},\"sameAs\":[\"https:\/\/www.facebook.com\/Uelzener\",\"https:\/\/instagram.com\/uelzener\",\"https:\/\/www.xing.com\/pages\/uelzenerallgemeineversicherungs-gesellschafta-g\",\"https:\/\/www.youtube.com\/UelzenerVersicherungen\"]}]}<\/script>\n<!-- \/ Yoast SEO Premium plugin. -->","yoast_head_json":{"title":"Ohrmilben bei Katzen erkennen & behandeln | Uelzener","description":"Erfahre alles zum Thema Ohrmilben bei Katzen \u2713 Symptome \u2713 \u00dcbertragung \u2713 Diagnose \u2713 Behandlung \u25b6 Jetzt lesen!","robots":{"index":"index","follow":"follow","max-snippet":"max-snippet:-1","max-image-preview":"max-image-preview:large","max-video-preview":"max-video-preview:-1"},"canonical":"https:\/\/uelzener.de\/magazin\/katze\/tiergesundheit\/ohrmilben-katze\/","og_locale":"de_DE","og_type":"article","og_title":"Ohrmilben bei Katzen: Erkennen und behandeln","og_description":"Erfahre alles zum Thema Ohrmilben bei Katzen \u2713 Symptome \u2713 \u00dcbertragung \u2713 Diagnose \u2713 Behandlung \u25b6 Jetzt lesen!","og_url":"https:\/\/uelzener.de\/magazin\/katze\/tiergesundheit\/ohrmilben-katze\/","og_site_name":"Uelzener Tier-Magazin","article_publisher":"https:\/\/www.facebook.com\/Uelzener","article_modified_time":"2025-09-29T10:06:23+00:00","og_image":[{"width":1025,"height":450,"url":"https:\/\/uelzener.de\/magazin\/app\/uploads\/2025\/09\/katze-ohrmilben.png","type":"image\/png"}],"twitter_card":"summary_large_image","twitter_misc":{"Gesch\u00e4tzte Lesezeit":"4\u00a0Minuten"},"schema":{"@context":"https:\/\/schema.org","@graph":[{"@type":"WebPage","@id":"https:\/\/uelzener.de\/magazin\/katze\/tiergesundheit\/ohrmilben-katze\/","url":"https:\/\/uelzener.de\/magazin\/katze\/tiergesundheit\/ohrmilben-katze\/","name":"Ohrmilben bei Katzen erkennen & behandeln | Uelzener","isPartOf":{"@id":"https:\/\/uelzener.de\/magazin\/#website"},"primaryImageOfPage":{"@id":"https:\/\/uelzener.de\/magazin\/katze\/tiergesundheit\/ohrmilben-katze\/#primaryimage"},"image":{"@id":"https:\/\/uelzener.de\/magazin\/katze\/tiergesundheit\/ohrmilben-katze\/#primaryimage"},"thumbnailUrl":"https:\/\/uelzener.de\/magazin\/app\/uploads\/2025\/09\/katze-ohrmilben.png","datePublished":"2019-11-04T00:00:00+00:00","dateModified":"2025-09-29T10:06:23+00:00","description":"Erfahre alles zum Thema Ohrmilben bei Katzen \u2713 Symptome \u2713 \u00dcbertragung \u2713 Diagnose \u2713 Behandlung \u25b6 Jetzt lesen!","breadcrumb":{"@id":"https:\/\/uelzener.de\/magazin\/katze\/tiergesundheit\/ohrmilben-katze\/#breadcrumb"},"inLanguage":"de","potentialAction":[{"@type":"ReadAction","target":["https:\/\/uelzener.de\/magazin\/katze\/tiergesundheit\/ohrmilben-katze\/"]}]},{"@type":"ImageObject","inLanguage":"de","@id":"https:\/\/uelzener.de\/magazin\/katze\/tiergesundheit\/ohrmilben-katze\/#primaryimage","url":"https:\/\/uelzener.de\/magazin\/app\/uploads\/2025\/09\/katze-ohrmilben.png","contentUrl":"https:\/\/uelzener.de\/magazin\/app\/uploads\/2025\/09\/katze-ohrmilben.png","width":1025,"height":450,"caption":"Katze wird auf Ohrmilben untersucht."},{"@type":"WebSite","@id":"https:\/\/uelzener.de\/magazin\/#website","url":"https:\/\/uelzener.de\/magazin\/","name":"Uelzener Tiermagazin","description":"Online Tierratgeber der Uelzener Versicherungen","publisher":{"@id":"https:\/\/uelzener.de\/magazin\/#organization"},"potentialAction":[{"@type":"SearchAction","target":{"@type":"EntryPoint","urlTemplate":"https:\/\/uelzener.de\/magazin\/?s={search_term_string}"},"query-input":{"@type":"PropertyValueSpecification","valueRequired":true,"valueName":"search_term_string"}}],"inLanguage":"de"},{"@type":"Organization","@id":"https:\/\/uelzener.de\/magazin\/#organization","name":"Uelzener Versicherungen","url":"https:\/\/uelzener.de\/magazin\/","logo":{"@type":"ImageObject","inLanguage":"de","@id":"https:\/\/uelzener.de\/magazin\/#\/schema\/logo\/image\/","url":"https:\/\/uelzener.de\/magazin\/app\/uploads\/2024\/11\/uelzener_allgemeine_versicherungsgesellschaft_a_g_logo.jpg","contentUrl":"https:\/\/uelzener.de\/magazin\/app\/uploads\/2024\/11\/uelzener_allgemeine_versicherungsgesellschaft_a_g_logo.jpg","width":200,"height":200,"caption":"Uelzener Versicherungen"},"image":{"@id":"https:\/\/uelzener.de\/magazin\/#\/schema\/logo\/image\/"},"sameAs":["https:\/\/www.facebook.com\/Uelzener","https:\/\/instagram.com\/uelzener","https:\/\/www.xing.com\/pages\/uelzenerallgemeineversicherungs-gesellschafta-g","https:\/\/www.youtube.com\/UelzenerVersicherungen"]}]}},"_links":{"self":[{"href":"https:\/\/uelzener.de\/magazin\/wp-json\/wp\/v2\/pages\/10207","targetHints":{"allow":["GET"]}}],"collection":[{"href":"https:\/\/uelzener.de\/magazin\/wp-json\/wp\/v2\/pages"}],"about":[{"href":"https:\/\/uelzener.de\/magazin\/wp-json\/wp\/v2\/types\/page"}],"author":[{"embeddable":true,"href":"https:\/\/uelzener.de\/magazin\/wp-json\/wp\/v2\/users\/1"}],"replies":[{"embeddable":true,"href":"https:\/\/uelzener.de\/magazin\/wp-json\/wp\/v2\/comments?post=10207"}],"version-history":[{"count":12,"href":"https:\/\/uelzener.de\/magazin\/wp-json\/wp\/v2\/pages\/10207\/revisions"}],"predecessor-version":[{"id":18458,"href":"https:\/\/uelzener.de\/magazin\/wp-json\/wp\/v2\/pages\/10207\/revisions\/18458"}],"up":[{"embeddable":true,"href":"https:\/\/uelzener.de\/magazin\/wp-json\/wp\/v2\/pages\/11712"}],"wp:featuredmedia":[{"embeddable":true,"href":"https:\/\/uelzener.de\/magazin\/wp-json\/wp\/v2\/media\/19303"}],"wp:attachment":[{"href":"https:\/\/uelzener.de\/magazin\/wp-json\/wp\/v2\/media?parent=10207"}],"curies":[{"name":"wp","href":"https:\/\/api.w.org\/{rel}","templated":true}]}}