{"id":10206,"date":"2020-04-09T00:00:00","date_gmt":"2020-04-08T22:00:00","guid":{"rendered":""},"modified":"2023-11-29T14:20:03","modified_gmt":"2023-11-29T13:20:03","slug":"katze-und-coronavirus","status":"publish","type":"page","link":"https:\/\/uelzener.de\/magazin\/katze\/haeufige-fragen\/katze-und-coronavirus\/","title":{"rendered":"Katzen und Corona: Sicherheit f\u00fcr Mensch und Tier"},"content":{"rendered":"<p>UPDATE: 16.03.2021\u00a0<b>Nach Angaben des Friedrich-Loeffler-Instituts (FLI), dem Bundesforschungsinstitut f\u00fcr Tiergesundheit, besteht die M\u00f6glichkeit, dass sich ein Haustier durch engen Kontakt mit einem an Covid-19 erkrankten Menschen mit der Krankheit anstecken kann. Ob ein Tier infiziert ist, kann nur dann zuverl\u00e4ssig festgestellt werden, wenn es <a href=\"https:\/\/uelzener.de\/magazin\/wir\/corona-tests-fuer-hunde-und-katzen\/\">auf den Erreger SARS-CoV-2 getestet<\/a> wird. Die Kosten hierf\u00fcr \u00fcbernehmen die Uelzener Versicherungen, einer der f\u00fchrenden Spezialversicherer f\u00fcr Tiere in Deutschland, im Rahmen der Krankenvollversicherung f\u00fcr Hunde und Katzen.<\/b><\/p>\n<p>Die Corona-Pandemie wirft bei vielen Katzenhaltern Fragen auf: Kann sich meine Samtpfote anstecken, wenn ich krank werde? Darf sie weiterhin nach drau\u00dfen gehen? Worauf muss ich im Umgang mit ihr achten? Wir geben Antworten auf die wichtigsten Fragestellungen.<\/p>\n<p>Arbeiten mit der Schmusekatze auf dem Scho\u00df: In Zeiten von fl\u00e4chendeckendem Homeoffice ist das ein h\u00e4ufiges Bild. Auch viele alleinlebende Senioren sind aktuell f\u00fcr die schnurrende Gesellschaft dankbar. Und so manche Krankenschwester wird sich freuen, wenn sie sich nach einem stressigen Arbeitstag mit ihrem Stubenkater auf der Couch entspannen kann. Manche machen sich aber auch Sorgen, ob sie den Umgang mit ihrem vierbeinigen Familienmitglied jetzt ver\u00e4ndern m\u00fcssen. Wir beantworten die wichtigsten Fragen zum Coronavirus und der dadurch ausgel\u00f6sten Krankheit COVID-19:<\/p>\n<h2>K\u00f6nnen Katzen an COVID-19 erkranken?<\/h2>\n<p>Wie Studien zeigen, sind Katzen im Gegensatz zu anderen Haustieren leichter empf\u00e4nglich f\u00fcr SARS-CoV-2. Aus verschiedenen L\u00e4ndern wurden positive Katzen, welche zum Teil Krankheitssymptome zeigten, gemeldet. Die Katzen hielten sich in Haushalten mit an Covid-19 erkrankten Personen auf und wurden wahrscheinlich von diesen Personen angesteckt. Eine <a href=\"https:\/\/uelzener.de\/magazin\/wir\/forsa-umfrage-corona-hat-nur-geringen-einfluss-auf-anschaffung-von-hunden-und-katzen\/\">Forsa-Umfrage zeigt jedoch, dass die Anschaffung einer Katze w\u00e4hrend der Corona-Pandemie nicht abgenommen hat<\/a>.<\/p>\n<h2>Kann eine Katze das Coronavirus auf den Menschen \u00fcbertragen?<\/h2>\n<p>Katzenhaltung ist laut dem Friedrich-Loeffler-Institut ausdr\u00fccklich kein Risikofaktor f\u00fcr COVID-19. Derzeit gebe es keine Hinweise darauf, dass Katzen eine Rolle bei der Verbreitung des Virus spielen. Selbst eine \u00dcbertragung des Virus von infizierten Katzen auf den Menschen konnte bisher nicht nachgewiesen werden. Grunds\u00e4tzlich sind im Umgang mit Haustieren die empfohlenen Hygienema\u00dfnahmen einzuhalten.<\/p>\n<h2>Was passiert, wenn ein Katzenhalter an COVID-19 erkrankt?<\/h2>\n<p>Umgekehrt k\u00f6nnen jedoch infizierte Menschen das Virus auf einige empf\u00e4ngliche Tierarten \u00fcbertragen. Hierzu z\u00e4hlen in erster Linie Katzen und Frettchen, in geringem Ma\u00dfe auch Hunde. Die Pflege und Versorgung des Tieres sollte idealerweise eine andere im Haushalt lebende Person \u00fcbernehmen, die nicht infiziert ist. Katzenhalter sollten sich an die grunds\u00e4tzlichen Hygieneempfehlungen im Umgang mit Haustieren halten, um sich und den Vierbeiner zu sch\u00fctzen.<\/p>\n<p>Katzen ben\u00f6tigen weder Atemmasken noch vertragen sie Behandlungen mit Desinfektionsmitteln. Beides w\u00fcrde beim Tier Stress erzeugen und kann Haut und Schleimh\u00e4ute sch\u00e4digen.<\/p>\n<h2>Wie passiert, wenn meine Katze an SARS-CoV-2 erkrankt ist?<\/h2>\n<p>Seit dem 3. Juli besteht eine Meldepflicht f\u00fcr infizierte Katze und Hunde. Diese richtet sich an die zust\u00e4ndigen Aufsichtsbeh\u00f6rden sowie an Tier\u00e4rzte. Sie dient dazu, weitere Erkenntnisse zu Infektion, \u00dcbertragung und Ausbreitung des Virus zu sammeln sowie die Anzahl der infizierten Tiere zu ermitteln. Eine allgemeine Verpflichtung f\u00fcr Tierhalter, ihre Haustiere testen zu lassen, besteht nicht.<\/p>\n<p>Ein Test sollte auch nur dann in Erw\u00e4gung gezogen werden, wenn eine Katze mit einem an Covid-19 erkrankten Menschen in engem Kontakt stand und Symptome wie Atemwegs- oder Magen-Darm-Probleme zeigt. In diesem Fall \u00fcbernehmen die Uelzener Versicherungen die Kosten f\u00fcr alle notwendigen Tests.<\/p>\n<p>Die Uelzener Versicherungen \u00fcbernehmen auch dann die Kosten, wenn an Covid-19 erkrankte Katzen- oder Hundehalter ihre Katze oder ihren Hund <a href=\"https:\/\/uelzener.de\/magazin\/wir\/corona-tests-fuer-hunde-und-katzen\/\">auf SARS-CoV-2 testen<\/a> lassen m\u00f6chten. In diesem Fall sollte der Tierarzt nach Angaben des FLI die Probennahme und die Untersuchung beim zust\u00e4ndigen Veterin\u00e4ramt anmelden. Die Probenahme erfolgt dann durch eine daf\u00fcr qualifizierte und entsprechend gesch\u00fctzte Person im Haushalt der erkrankten Person.<\/p>\n<p>Der <a href=\"https:\/\/uelzener.de\/magazin\/wir\/corona-tests-fuer-hunde-und-katzen\/\">Corona-Test<\/a> f\u00fcr Tiere ist identisch mit dem, der beim Menschen durchgef\u00fchrt wird: Es werden Abstriche von der Rachen- und der Nasenschleimhaut genommen. Falls dies nicht m\u00f6glich ist, k\u00f6nnen notfalls Kotproben verwendet werden.<br \/>\nUm eine \u00dcbertragung von SARS-CoV-2 vom Menschen auf das Tier zu vermeiden, sollte ein infizierter Mensch den n\u00f6tigen Abstand zu seinem Tier wahren und die allgemeinen Hygienema\u00dfnahmen beachten.<\/p>\n<h2>D\u00fcrfen Freig\u00e4nger-Katzen weiterhin nach drau\u00dfen?<\/h2>\n<p>Wenn alle Familienmitglieder gesund sind, k\u00f6nnen Freig\u00e4nger-Katzen grunds\u00e4tzlich weiterhin auf Streifzug nach drau\u00dfen gehen. Katzen aus Haushalten, in denen ein COVID-19-infizierter Mensch in Quarant\u00e4ne lebt, sollten nach M\u00f6glichkeit f\u00fcr die Dauer der Quarant\u00e4ne nicht nach drau\u00dfen gehen. Zudem sollten sie nicht zusammen mit fremden Katzen untergebracht werden, zum Beispiel in einer Katzenpension.<\/p>\n<h2>K\u00f6nnen Katzen gegen das Coronavirus geimpft werden?<\/h2>\n<p>Auch bei Katzen gibt es ein Coronavirus: Das Feline Coronavirus kann bei Katzen zu einer Bauchfellentz\u00fcndung f\u00fchren. Es geh\u00f6rt jedoch zu einer anderen Gruppe der Coronaviren als COVID-19. Laut dem Virologen und Tiermediziner Professor Dr. Albert Osterhaus, Leiter des Research Center for Emerging Infections and <a href=\"https:\/\/uelzener.de\/magazin\/katze\/haeufige-fragen\/krankheiten-von-katze-auf-menschen-uebertragbar-zoonosen\/\">Zoonoses<\/a> der Tier\u00e4rztlichen Hochschule Hannover, sch\u00fctzt eine <a href=\"https:\/\/uelzener.de\/magazin\/katze\/tiergesundheit\/katzen-impfungen\/\">Impfung<\/a> gegen das Feline Coronavirus nicht vor einer Infektion mit COVID-19.<\/p>\n<h2>Kann die Katze im Notfall dem Tierarzt vorgestellt werden?<\/h2>\n<p>Tier\u00e4rzte und -kliniken geh\u00f6ren zur Grundversorgung, die immer sichergestellt sein muss. Deshalb k\u00f6nnen Sie jederzeit einen Tierarzt aufsuchen, wenn es notwendig wird. Der Bundesverband Praktizierender Tier\u00e4rzte (bpt) e. V. bittet um eine vorherige Terminabsprache \u2013 entweder telefonisch oder online. Bereits vereinbarte Termine zu planbaren Eingriffen und Behandlungen sollten auf einen sp\u00e4teren Zeitpunkt verschoben werden. Um auch vor hohen Kosten, die ein Arztbesuch oder sogar eine OP mit sich bringen kann, sollte immer eine gute <strong>Katzen-Versicherung<\/strong> abgeschlossen werden.<\/p>\n\n<div class=\"banner\">\n    <a href=\"https:\/\/uelzener.de\/katze?agt=0000104925&sem=true&utm_medium=magazin&utm_source=wordpress&utm_campaign=katze&utm_content=banner\">\n        <img decoding=\"async\" width=\"300\" height=\"212\" src=\"https:\/\/uelzener.de\/magazin\/app\/uploads\/2025\/01\/Katzenversicherung.jpg\" class=\"attachment-medium size-medium\" alt=\"Banner Katzenversicherung\" \/>    <\/a>\n<\/div>\n\n<h2>Bitte beachte zudem diese Hinweise:<\/h2>\n<ul>\n<li>Lass Dich vor dem Tierarztbesuch von Deinem Tierarzt telefonisch beraten.<\/li>\n<li>Suche den Tierarzt nur in dringenden F\u00e4llen auf.<\/li>\n<li>Nur eine gesunde erwachsene Person sollte die Katze begleiten.<\/li>\n<li>Warte nach der Ankunft drau\u00dfen und folge den Anweisungen des Personals.<\/li>\n<li>Desinfiziere Deine H\u00e4nde beim Eintreten.<\/li>\n<li>Vermeide den Kontakt (kein H\u00e4ndesch\u00fctteln) und halte stets einen Abstand von mindestens 1,5 Metern zu anderen Personen ein.<\/li>\n<li>Vergiss nicht, dir oft und richtig die H\u00e4nde zu waschen.<\/li>\n<\/ul>\n","protected":false},"excerpt":{"rendered":"<p>UPDATE: 16.03.2021\u00a0Nach Angaben des Friedrich-Loeffler-Instituts (FLI), dem Bundesforschungsinstitut f\u00fcr Tiergesundheit, besteht die M\u00f6glichkeit, dass sich ein Haustier durch engen Kontakt mit einem an Covid-19 erkrankten Menschen mit der Krankheit anstecken kann. Ob ein Tier infiziert ist, kann nur dann zuverl\u00e4ssig festgestellt werden, wenn es auf den Erreger SARS-CoV-2 getestet wird. Die Kosten hierf\u00fcr \u00fcbernehmen die [&hellip;]<\/p>\n","protected":false},"author":1,"featured_media":10795,"parent":11691,"menu_order":42,"comment_status":"closed","ping_status":"closed","template":"templates\/blog.php","meta":{"_acf_changed":false,"_crdt_document":"","footnotes":"","beyondwords_generate_audio":"0","beyondwords_project_id":"","beyondwords_content_id":"","beyondwords_preview_token":"","beyondwords_player_style":"","beyondwords_language_id":"","beyondwords_title_voice_id":"","beyondwords_body_voice_id":"","beyondwords_summary_voice_id":"","beyondwords_error_message":"","beyondwords_disabled":"","beyondwords_delete_content":"","beyondwords_podcast_id":"","beyondwords_hash":"","publish_post_to_speechkit":"","speechkit_hash":"","speechkit_generate_audio":"","speechkit_project_id":"","speechkit_podcast_id":"","speechkit_error_message":"","speechkit_disabled":"","speechkit_access_key":"","speechkit_error":"","speechkit_info":"","speechkit_response":"","speechkit_retries":"","speechkit_status":"","speechkit_updated_at":"","_speechkit_link":"","_speechkit_text":""},"class_list":["post-10206","page","type-page","status-publish","has-post-thumbnail","hentry"],"acf":[],"yoast_head":"<!-- This site is optimized with the Yoast SEO Premium plugin  - https:\/\/yoast.com\/product\/yoast-seo-premium-wordpress\/ -->\n<title>Katzen und Corona: Sicherheit f\u00fcr Mensch und Tier | Uelzener<\/title>\n<meta name=\"robots\" content=\"index, follow, max-snippet:-1, max-image-preview:large, max-video-preview:-1\" \/>\n<link rel=\"canonical\" href=\"https:\/\/uelzener.de\/magazin\/katze\/haeufige-fragen\/katze-und-coronavirus\/\" \/>\n<meta property=\"og:locale\" content=\"de_DE\" \/>\n<meta property=\"og:type\" content=\"article\" \/>\n<meta property=\"og:title\" content=\"Katzen und Corona: Sicherheit f\u00fcr Mensch und Tier\" \/>\n<meta property=\"og:description\" content=\"UPDATE: 16.03.2021\u00a0Nach Angaben des Friedrich-Loeffler-Instituts (FLI), dem Bundesforschungsinstitut f\u00fcr Tiergesundheit, besteht die M\u00f6glichkeit, dass sich ein Haustier durch engen Kontakt mit einem an Covid-19 erkrankten Menschen mit der Krankheit anstecken kann. Ob ein Tier infiziert ist, kann nur dann zuverl\u00e4ssig festgestellt werden, wenn es auf den Erreger SARS-CoV-2 getestet wird. Die Kosten hierf\u00fcr \u00fcbernehmen die [&hellip;]\" \/>\n<meta property=\"og:url\" content=\"https:\/\/uelzener.de\/magazin\/katze\/haeufige-fragen\/katze-und-coronavirus\/\" \/>\n<meta property=\"og:site_name\" content=\"Uelzener Tier-Magazin\" \/>\n<meta property=\"article:publisher\" content=\"https:\/\/www.facebook.com\/Uelzener\" \/>\n<meta property=\"article:modified_time\" content=\"2023-11-29T13:20:03+00:00\" \/>\n<meta property=\"og:image\" content=\"https:\/\/uelzener.de\/magazin\/app\/uploads\/2020\/04\/45035d7c-0e0d-4a75-88d7-8ca797db5532.jpg\" \/>\n\t<meta property=\"og:image:width\" content=\"952\" \/>\n\t<meta property=\"og:image:height\" content=\"496\" \/>\n\t<meta property=\"og:image:type\" content=\"image\/jpeg\" \/>\n<meta name=\"twitter:card\" content=\"summary_large_image\" \/>\n<meta name=\"twitter:label1\" content=\"Gesch\u00e4tzte Lesezeit\" \/>\n\t<meta name=\"twitter:data1\" content=\"5\u00a0Minuten\" \/>\n<script type=\"application\/ld+json\" class=\"yoast-schema-graph\">{\"@context\":\"https:\/\/schema.org\",\"@graph\":[{\"@type\":\"WebPage\",\"@id\":\"https:\/\/uelzener.de\/magazin\/katze\/haeufige-fragen\/katze-und-coronavirus\/\",\"url\":\"https:\/\/uelzener.de\/magazin\/katze\/haeufige-fragen\/katze-und-coronavirus\/\",\"name\":\"Katzen und Corona: Sicherheit f\u00fcr Mensch und Tier | Uelzener\",\"isPartOf\":{\"@id\":\"https:\/\/uelzener.de\/magazin\/#website\"},\"primaryImageOfPage\":{\"@id\":\"https:\/\/uelzener.de\/magazin\/katze\/haeufige-fragen\/katze-und-coronavirus\/#primaryimage\"},\"image\":{\"@id\":\"https:\/\/uelzener.de\/magazin\/katze\/haeufige-fragen\/katze-und-coronavirus\/#primaryimage\"},\"thumbnailUrl\":\"https:\/\/uelzener.de\/magazin\/app\/uploads\/2020\/04\/45035d7c-0e0d-4a75-88d7-8ca797db5532.jpg\",\"datePublished\":\"2020-04-08T22:00:00+00:00\",\"dateModified\":\"2023-11-29T13:20:03+00:00\",\"breadcrumb\":{\"@id\":\"https:\/\/uelzener.de\/magazin\/katze\/haeufige-fragen\/katze-und-coronavirus\/#breadcrumb\"},\"inLanguage\":\"de\",\"potentialAction\":[{\"@type\":\"ReadAction\",\"target\":[\"https:\/\/uelzener.de\/magazin\/katze\/haeufige-fragen\/katze-und-coronavirus\/\"]}]},{\"@type\":\"ImageObject\",\"inLanguage\":\"de\",\"@id\":\"https:\/\/uelzener.de\/magazin\/katze\/haeufige-fragen\/katze-und-coronavirus\/#primaryimage\",\"url\":\"https:\/\/uelzener.de\/magazin\/app\/uploads\/2020\/04\/45035d7c-0e0d-4a75-88d7-8ca797db5532.jpg\",\"contentUrl\":\"https:\/\/uelzener.de\/magazin\/app\/uploads\/2020\/04\/45035d7c-0e0d-4a75-88d7-8ca797db5532.jpg\",\"width\":952,\"height\":496,\"caption\":\"Eine Frau sitzt mit Maske an Ihrem Laptop. Ihre Katze sitzt auf ihrem Scho\u00df. Vorsicht ist gefragt, da auch Katzen an Corona erkranken k\u00f6nnen.\"},{\"@type\":\"WebSite\",\"@id\":\"https:\/\/uelzener.de\/magazin\/#website\",\"url\":\"https:\/\/uelzener.de\/magazin\/\",\"name\":\"Uelzener Tiermagazin\",\"description\":\"Online Tierratgeber der Uelzener Versicherungen\",\"publisher\":{\"@id\":\"https:\/\/uelzener.de\/magazin\/#organization\"},\"potentialAction\":[{\"@type\":\"SearchAction\",\"target\":{\"@type\":\"EntryPoint\",\"urlTemplate\":\"https:\/\/uelzener.de\/magazin\/?s={search_term_string}\"},\"query-input\":{\"@type\":\"PropertyValueSpecification\",\"valueRequired\":true,\"valueName\":\"search_term_string\"}}],\"inLanguage\":\"de\"},{\"@type\":\"Organization\",\"@id\":\"https:\/\/uelzener.de\/magazin\/#organization\",\"name\":\"Uelzener Versicherungen\",\"url\":\"https:\/\/uelzener.de\/magazin\/\",\"logo\":{\"@type\":\"ImageObject\",\"inLanguage\":\"de\",\"@id\":\"https:\/\/uelzener.de\/magazin\/#\/schema\/logo\/image\/\",\"url\":\"https:\/\/uelzener.de\/magazin\/app\/uploads\/2024\/11\/uelzener_allgemeine_versicherungsgesellschaft_a_g_logo.jpg\",\"contentUrl\":\"https:\/\/uelzener.de\/magazin\/app\/uploads\/2024\/11\/uelzener_allgemeine_versicherungsgesellschaft_a_g_logo.jpg\",\"width\":200,\"height\":200,\"caption\":\"Uelzener Versicherungen\"},\"image\":{\"@id\":\"https:\/\/uelzener.de\/magazin\/#\/schema\/logo\/image\/\"},\"sameAs\":[\"https:\/\/www.facebook.com\/Uelzener\",\"https:\/\/instagram.com\/uelzener\",\"https:\/\/www.xing.com\/pages\/uelzenerallgemeineversicherungs-gesellschafta-g\",\"https:\/\/www.youtube.com\/UelzenerVersicherungen\"]}]}<\/script>\n<!-- \/ Yoast SEO Premium plugin. -->","yoast_head_json":{"title":"Katzen und Corona: Sicherheit f\u00fcr Mensch und Tier | Uelzener","robots":{"index":"index","follow":"follow","max-snippet":"max-snippet:-1","max-image-preview":"max-image-preview:large","max-video-preview":"max-video-preview:-1"},"canonical":"https:\/\/uelzener.de\/magazin\/katze\/haeufige-fragen\/katze-und-coronavirus\/","og_locale":"de_DE","og_type":"article","og_title":"Katzen und Corona: Sicherheit f\u00fcr Mensch und Tier","og_description":"UPDATE: 16.03.2021\u00a0Nach Angaben des Friedrich-Loeffler-Instituts (FLI), dem Bundesforschungsinstitut f\u00fcr Tiergesundheit, besteht die M\u00f6glichkeit, dass sich ein Haustier durch engen Kontakt mit einem an Covid-19 erkrankten Menschen mit der Krankheit anstecken kann. Ob ein Tier infiziert ist, kann nur dann zuverl\u00e4ssig festgestellt werden, wenn es auf den Erreger SARS-CoV-2 getestet wird. Die Kosten hierf\u00fcr \u00fcbernehmen die [&hellip;]","og_url":"https:\/\/uelzener.de\/magazin\/katze\/haeufige-fragen\/katze-und-coronavirus\/","og_site_name":"Uelzener Tier-Magazin","article_publisher":"https:\/\/www.facebook.com\/Uelzener","article_modified_time":"2023-11-29T13:20:03+00:00","og_image":[{"width":952,"height":496,"url":"https:\/\/uelzener.de\/magazin\/app\/uploads\/2020\/04\/45035d7c-0e0d-4a75-88d7-8ca797db5532.jpg","type":"image\/jpeg"}],"twitter_card":"summary_large_image","twitter_misc":{"Gesch\u00e4tzte Lesezeit":"5\u00a0Minuten"},"schema":{"@context":"https:\/\/schema.org","@graph":[{"@type":"WebPage","@id":"https:\/\/uelzener.de\/magazin\/katze\/haeufige-fragen\/katze-und-coronavirus\/","url":"https:\/\/uelzener.de\/magazin\/katze\/haeufige-fragen\/katze-und-coronavirus\/","name":"Katzen und Corona: Sicherheit f\u00fcr Mensch und Tier | Uelzener","isPartOf":{"@id":"https:\/\/uelzener.de\/magazin\/#website"},"primaryImageOfPage":{"@id":"https:\/\/uelzener.de\/magazin\/katze\/haeufige-fragen\/katze-und-coronavirus\/#primaryimage"},"image":{"@id":"https:\/\/uelzener.de\/magazin\/katze\/haeufige-fragen\/katze-und-coronavirus\/#primaryimage"},"thumbnailUrl":"https:\/\/uelzener.de\/magazin\/app\/uploads\/2020\/04\/45035d7c-0e0d-4a75-88d7-8ca797db5532.jpg","datePublished":"2020-04-08T22:00:00+00:00","dateModified":"2023-11-29T13:20:03+00:00","breadcrumb":{"@id":"https:\/\/uelzener.de\/magazin\/katze\/haeufige-fragen\/katze-und-coronavirus\/#breadcrumb"},"inLanguage":"de","potentialAction":[{"@type":"ReadAction","target":["https:\/\/uelzener.de\/magazin\/katze\/haeufige-fragen\/katze-und-coronavirus\/"]}]},{"@type":"ImageObject","inLanguage":"de","@id":"https:\/\/uelzener.de\/magazin\/katze\/haeufige-fragen\/katze-und-coronavirus\/#primaryimage","url":"https:\/\/uelzener.de\/magazin\/app\/uploads\/2020\/04\/45035d7c-0e0d-4a75-88d7-8ca797db5532.jpg","contentUrl":"https:\/\/uelzener.de\/magazin\/app\/uploads\/2020\/04\/45035d7c-0e0d-4a75-88d7-8ca797db5532.jpg","width":952,"height":496,"caption":"Eine Frau sitzt mit Maske an Ihrem Laptop. Ihre Katze sitzt auf ihrem Scho\u00df. Vorsicht ist gefragt, da auch Katzen an Corona erkranken k\u00f6nnen."},{"@type":"WebSite","@id":"https:\/\/uelzener.de\/magazin\/#website","url":"https:\/\/uelzener.de\/magazin\/","name":"Uelzener Tiermagazin","description":"Online Tierratgeber der Uelzener Versicherungen","publisher":{"@id":"https:\/\/uelzener.de\/magazin\/#organization"},"potentialAction":[{"@type":"SearchAction","target":{"@type":"EntryPoint","urlTemplate":"https:\/\/uelzener.de\/magazin\/?s={search_term_string}"},"query-input":{"@type":"PropertyValueSpecification","valueRequired":true,"valueName":"search_term_string"}}],"inLanguage":"de"},{"@type":"Organization","@id":"https:\/\/uelzener.de\/magazin\/#organization","name":"Uelzener Versicherungen","url":"https:\/\/uelzener.de\/magazin\/","logo":{"@type":"ImageObject","inLanguage":"de","@id":"https:\/\/uelzener.de\/magazin\/#\/schema\/logo\/image\/","url":"https:\/\/uelzener.de\/magazin\/app\/uploads\/2024\/11\/uelzener_allgemeine_versicherungsgesellschaft_a_g_logo.jpg","contentUrl":"https:\/\/uelzener.de\/magazin\/app\/uploads\/2024\/11\/uelzener_allgemeine_versicherungsgesellschaft_a_g_logo.jpg","width":200,"height":200,"caption":"Uelzener Versicherungen"},"image":{"@id":"https:\/\/uelzener.de\/magazin\/#\/schema\/logo\/image\/"},"sameAs":["https:\/\/www.facebook.com\/Uelzener","https:\/\/instagram.com\/uelzener","https:\/\/www.xing.com\/pages\/uelzenerallgemeineversicherungs-gesellschafta-g","https:\/\/www.youtube.com\/UelzenerVersicherungen"]}]}},"_links":{"self":[{"href":"https:\/\/uelzener.de\/magazin\/wp-json\/wp\/v2\/pages\/10206","targetHints":{"allow":["GET"]}}],"collection":[{"href":"https:\/\/uelzener.de\/magazin\/wp-json\/wp\/v2\/pages"}],"about":[{"href":"https:\/\/uelzener.de\/magazin\/wp-json\/wp\/v2\/types\/page"}],"author":[{"embeddable":true,"href":"https:\/\/uelzener.de\/magazin\/wp-json\/wp\/v2\/users\/1"}],"replies":[{"embeddable":true,"href":"https:\/\/uelzener.de\/magazin\/wp-json\/wp\/v2\/comments?post=10206"}],"version-history":[{"count":14,"href":"https:\/\/uelzener.de\/magazin\/wp-json\/wp\/v2\/pages\/10206\/revisions"}],"predecessor-version":[{"id":16743,"href":"https:\/\/uelzener.de\/magazin\/wp-json\/wp\/v2\/pages\/10206\/revisions\/16743"}],"up":[{"embeddable":true,"href":"https:\/\/uelzener.de\/magazin\/wp-json\/wp\/v2\/pages\/11691"}],"wp:featuredmedia":[{"embeddable":true,"href":"https:\/\/uelzener.de\/magazin\/wp-json\/wp\/v2\/media\/10795"}],"wp:attachment":[{"href":"https:\/\/uelzener.de\/magazin\/wp-json\/wp\/v2\/media?parent=10206"}],"curies":[{"name":"wp","href":"https:\/\/api.w.org\/{rel}","templated":true}]}}