{"id":10204,"date":"2023-10-20T08:00:00","date_gmt":"2023-10-20T06:00:00","guid":{"rendered":""},"modified":"2026-01-06T18:06:16","modified_gmt":"2026-01-06T17:06:16","slug":"wohnung-katzensicher-machen","status":"publish","type":"page","link":"https:\/\/uelzener.de\/magazin\/katze\/haltung\/wohnung-katzensicher-machen\/","title":{"rendered":"Wohnung katzensicher machen: 9 Tipps f\u00fcr dein Zuhause"},"content":{"rendered":"<p>In der eigenen Wohnung lauern einige Gefahren f\u00fcr deine Katze, die oft untersch\u00e4tzt werden. Dieses Sicherheitsrisiko kannst du reduzieren, indem du mit offenen Augen durch deine Wohnung gehst und schaust, was f\u00fcr deine Katze gef\u00e4hrlich sein k\u00f6nnte. In unserem Beitrag geben wir dir 9 Tipps, worauf Sie achten sollten, um die h\u00e4ufigsten Gefahren im Haushalt zu vermeiden.<\/p>\n<p>Mit der Entscheidung, eine Katze bei sich aufzunehmen, \u00fcbernimmt man auch eine Menge <strong>Verantwortung<\/strong> und hat daf\u00fcr Sorge zu tragen, dass der Stubentiger gesund und sicher gehalten wird. Das Wohlergehen der Katze steht im Vordergrund. Im eigenen Zuhause verstecken sich allerdings auch einige <strong>Gefahren f\u00fcr Katzen<\/strong>, die leicht aus dem Weg ger\u00e4umt werden k\u00f6nnen. F\u00fcr neugierige Katzen bringen Balkone, Fenster oder Pflanzen schnell schwerwiegende Folgen mit sich, sodass ein Besuch beim Tierarzt unabdingbar wird.<\/p>\n<h2>Keine Fenster auf \u201ekipp\u201c<\/h2>\n<p>Ist dir die <strong>\u201eKippfensterkatze\u201c<\/strong> ein Begriff? Tier\u00e4rzte sprechen von dem \u201eKippfenstersyndrom\u201c, wenn sich eine Katze an einem <strong>gekippten Fenster verletzt und schwere Quetschungen zugezogen hat<\/strong>.<br \/>\nHier besteht ein gro\u00dfes Verletzungsrisiko. Besonders neugierige und junge Katzen versuchen oft, durch gekippte Fenster nach drau\u00dfen zu gelangen und bleiben bei ihrem Ausbruch-Versuch in der Fenster\u00f6ffnung stecken. Dies kann schlimmstenfalls auch t\u00f6dlich enden.<\/p>\n<p>Wenn die Katze in dem spitzen Spalt stecken bleibt, ger\u00e4t sie in <strong>Panik<\/strong> und verschlimmert die Situation durch <strong>wilde Befreiungsversuche<\/strong>. Jetzt ist die Schnelligkeit des Menschen gefragt: Wird die Katze nicht sofort aus dieser Lage befreit, kann durch Druckstellen die Blutversorgung abgeklemmt werden. Es f\u00fchrt zu L\u00e4hmung der Beine, Blutgerinnseln in den Bauchgef\u00e4\u00dfen, Sch\u00e4den an inneren Organen oder Knochenbr\u00fcchen.<\/p>\n<p>Besorge dir am besten einen <strong>speziellen Kippfensterschutz<\/strong> f\u00fcr Katzen und lass deinen Stubentiger <strong>nicht unbeaufsichtigt<\/strong> mit gekippten Fenstern im Raum.<\/p>\n<h2>Vorsicht bei Balkonen und offenen Fenstern<\/h2>\n<p>Wie bei gekippten Fenstern auch bestehen bei Balkonen und offenen Fenstern ebenfalls gro\u00dfe Verletzungsgefahren. Hierf\u00fcr gibt es bereits <strong>spezielle Katzenschutznetze<\/strong>, die deine Katze vor gef\u00e4hrlichen Situationen sch\u00fctzen. Obwohl sie einen ausgezeichneten Gleichgewichtssinn haben, k\u00f6nnen auch Katzen die Bodenhaftung verlieren. Ein Sturz aus einer gewissen H\u00f6he wird mit gro\u00dfer Wahrscheinlichkeit nicht ohne Folgen bleiben. Aus dem Grund solltest du deinen <strong>Balkon katzensicher machen<\/strong>. Beispielsweise durch ein spezielles Katzenschutznetz. L\u00e4sst du deine Katze auch mal raus? Dann lies hier nach, wie du auch den Garten sicher f\u00fcr Katzen gestalten kannst.<\/p>\n\n<div class=\"related_articles boxed\">\n    <h2>Mehr zum Thema<\/h2>\n    \n    <div class=\"wrapper\"><div class=\"title align-center\"><h3><a href=\"https:\/\/uelzener.de\/magazin\/katze\/haeufige-fragen\/landen-katzen-wirklich-immer-auf-den-pfoten\/\">Landen Katzen wirklich immer auf den Pfoten?<\/a><\/h3><\/div><div class=\"img align-center\"><img decoding=\"async\" width=\"315\" height=\"180\" src=\"https:\/\/uelzener.de\/magazin\/app\/uploads\/2025\/04\/landen-katzen-auf-pfoten-315x180.jpg\" class=\"attachment-315x180 size-315x180 wp-post-image\" alt=\"Landen Katzen immer auf ihren Pfoten?\" \/><\/div><\/div><div class=\"wrapper\"><div class=\"title align-center\"><h3><a href=\"https:\/\/uelzener.de\/magazin\/katze\/haltung\/balkon-katzensicher-machen\/\">Balkon katzensicher machen: Gesch\u00fctzter Zugang zur Frischluft f\u00fcr deinen Vierbeiner<\/a><\/h3><\/div><div class=\"img align-center\"><img decoding=\"async\" width=\"315\" height=\"180\" src=\"https:\/\/uelzener.de\/magazin\/app\/uploads\/2023\/01\/balkon-katzensicher-machen-315x180.jpg\" class=\"attachment-315x180 size-315x180 wp-post-image\" alt=\"Katze sitzt auf einem katzensicheren Balkon und sonnt sich.\" \/><\/div><\/div><div class=\"wrapper\"><div class=\"title align-center\"><h3><a href=\"https:\/\/uelzener.de\/magazin\/katze\/haltung\/katzen-aussengehege-planen-bauen\/\">Gesicherter Freilauf f\u00fcr Katzen: Au\u00dfengehege planen und bauen<\/a><\/h3><\/div><div class=\"img align-center\"><img decoding=\"async\" width=\"315\" height=\"180\" src=\"https:\/\/uelzener.de\/magazin\/app\/uploads\/2024\/05\/aussengehege-fuer-katzen-315x180.jpg\" class=\"attachment-315x180 size-315x180 wp-post-image\" alt=\"Schwarze Katze im Aussengehege.\" \/><\/div><\/div><\/div>\n\n<h2>Lebensretter f\u00fcr Katzen: Ein T\u00fcrstopper<\/h2>\n<p>T\u00fcren k\u00f6nnen ebenfalls zu einer Gefahr f\u00fcr unsere Stubentiger werden, die einfach zu verhindern ist. Wenn Durchzug in der Wohnung herrscht und die T\u00fcren offen sind, kann sich die Katze in ungl\u00fccklichen F\u00e4llen beim Zuknallen der T\u00fcr durch den Wind verletzen. Ein <strong>eingeklemmter Schwanz<\/strong> <strong>in der T\u00fcr oder gar der ganze Katzenk\u00f6rper<\/strong> gehen mit gro\u00dfen Schmerzen und weiteren Konsequenzen einher. Diese Gefahr kann aber einfach aus dem Weg ger\u00e4umt werden: Ein <strong>T\u00fcrstopper ist hier ein echter Lebensretter.<\/strong><\/p>\n<h2>Gefahr bei Waschmaschine und Trockner<\/h2>\n<p>F\u00fcr viele Katzen stellen die Waschmaschine oder der Trockner den <a href=\"https:\/\/uelzener.de\/magazin\/katze\/haltung\/schlafplatz-katze\/\"><strong>perfekten Schlafplatz f\u00fcr Katzen<\/strong><\/a> dar: Es ist sch\u00f6n kuschelig warm, hat H\u00f6hlen-Charakter und die W\u00e4sche riecht nach Mensch. Wenn du eine Katze hast, die sich gern mal in die Waschmaschine oder den Trockner schleicht, solltest du diese Ger\u00e4te <strong>vor dem Einschalten noch einmal \u00fcberpr\u00fcfen<\/strong>, damit du keine unsch\u00f6ne \u00dcberraschung erlebst. Am besten gew\u00f6hne deine Katze von Anfang an ab, in der Waschmaschine zu schlafen. Hier musst du konsequent sein.<\/p>\n<h2>Pflanzen mit Bedacht w\u00e4hlen<\/h2>\n<p>Einige Pflanzen sind f\u00fcr deine Katze giftig, auch Zimmerpflanzen. Deshalb solltest du bei der Pflanzenwahl darauf achten, nur Pflanzen zu w\u00e4hlen, die nicht gef\u00e4hrlich f\u00fcr deine Katze werden. Eine Liste mit <a href=\"https:\/\/uelzener.de\/magazin\/katze\/tiergesundheit\/giftige-pflanzen-fuer-katzen\/\">giftigen Pflanzen f\u00fcr Katzen<\/a> haben wir extra f\u00fcr dich gesammelt, sodass du deine Wohnung katzengerecht gr\u00fcn gestalten kannst.<\/p>\n<p><img decoding=\"async\" class=\"alignnone\" src=\"\/magazin\/app\/uploads\/2021\/02\/561d7d45-c482-4200-ad33-7fae54f2fd94.jpg\" alt=\"Katze sitzt neben einer Zimmerpflanze\" width=\"650\" height=\"398\" \/><\/p>\n<h2>Keine Medikamente liegen lassen<\/h2>\n<p>Medikamente f\u00fcr Menschen sind meistens giftig f\u00fcr unsere Vierbeiner. Besonders <strong>Schmerzmittel wie Aspirin oder Ibuprofen sowie Schlaf- und Beruhigungsmittel <\/strong>sollten unbedingt an einem sicheren Ort verstaut werden, an den deine Katze nicht herankommt.<\/p>\n<p>Einige Wirkstoffe werden zwar auch f\u00fcr Katzen verschrieben, aber die Dosierung ist dabei viel geringer: Ein 85 Kilogramm schwerer Mann ben\u00f6tigt zum Beispiel eine Dosierung, die f\u00fcr eine vier Kilogramm schwere Hauskatze lebensgef\u00e4hrlich werden kann.<\/p>\n<h2>Vorsicht bei Kabelsalat<\/h2>\n<p>Kabel, Schlaufen und Seile, die sich frei zug\u00e4nglich in der Wohnung befinden, k\u00f6nnen ebenfalls zur Gefahr f\u00fcr Katzen werden. H\u00e4ufig <strong>verheddern<\/strong> sich die neugierigen Samtpfoten <strong>beim Spielen in den Kabeln oder Seilen und geraten in Panik<\/strong>. Dadurch k\u00f6nnen sie sich schwer verletzen. Am besten schaust du durch deine Wohnung, ob deine Katze an <strong>Lichterketten, Kabeln oder Deko-Schlaufen<\/strong> h\u00e4ngen bleiben kann. Diese sollten so h\u00e4ngen, dass deine Katze sie nicht erreicht.<\/p>\n<h2>Herdplatten zur Tabu-Zone erkl\u00e4ren<\/h2>\n<p>Hei\u00dfe Herdplatten sind eine h\u00e4ufige Ursache f\u00fcr Verletzungen bei Katzen. Hat man den Herd bereits ausgeschaltet und l\u00e4sst die noch hei\u00dfen Herdplatten kurz unbeaufsichtigt, kann sich der neugierige Stubentiger schon die <strong>Pfoten daran verbrennen<\/strong>. Die Arbeitsfl\u00e4chen in der K\u00fcche solltest du von Anfang an als <strong>Tabu-Zone<\/strong> f\u00fcr deine Katze etablieren. Hier ist Konsequenz gefragt, denn in der K\u00fcche gibt es f\u00fcr Katzen eine Menge interessantes zu entdecken. Neben den Herdplatten befinden sich auch viele scharfe Gegenst\u00e4nde in der K\u00fcche, weshalb Katzen hier besser fernbleiben sollten.<\/p>\n<h2>Schokolade ist f\u00fcr Katze nicht<\/h2>\n<p><a href=\"https:\/\/uelzener.de\/magazin\/katze\/ernaehrung\/katze-schokolade\/\">Schokolade<\/a> enth\u00e4lt Theobromin und Koffein, Substanzen, die bei Katzen und Hunden schwerwiegende gesundheitliche Probleme verursachen k\u00f6nnen. Diese Stoffe k\u00f6nnen das Herz-Kreislauf-System, das Nervensystem und andere Organe beeinflussen. Bei Katzen kann der Verzehr von Schokolade zu Symptomen wie Erbrechen, Durchfall, Zittern, erh\u00f6htem Herzschlag und in schweren F\u00e4llen sogar zu Krampfanf\u00e4llen oder Tod f\u00fchren. Deshalb ist es wichtig, sicherzustellen, dass Katzen keinen Zugang zu Schokolade haben, da sie nicht in der Lage sind, diese Substanzen sicher zu verarbeiten. Stattdessen sollten sie mit katzensicheren Leckereien verw\u00f6hnt werden.<\/p>\n<p>Falls es trotz der richtigen Sicherheitsma\u00dfnahmen doch zu einem <a href=\"https:\/\/uelzener.de\/magazin\/katze\/tiergesundheit\/haeufigste-krankheiten-unfaelle-bei-katzen\/\">Unfall<\/a> in Ihrem Zuhause kommen sollte, sch\u00fctzt dich unsere <strong>OP- und Krankenversicherung<\/strong> <strong>f\u00fcr Katzen<\/strong> vor hohen Tierarztkosten, sodass du dich voll und ganz auf die Genesung deines Lieblings konzentrieren kannst.<\/p>\n\n<div class=\"banner\">\n    <a href=\"https:\/\/uelzener.de\/katze?agt=0000104925&sem=true&utm_medium=magazin&utm_source=wordpress&utm_campaign=katze&utm_content=banner\">\n        <img decoding=\"async\" width=\"300\" height=\"212\" src=\"https:\/\/uelzener.de\/magazin\/app\/uploads\/2025\/01\/Katzenversicherung.jpg\" class=\"attachment-medium size-medium\" alt=\"Banner Katzenversicherung\" \/>    <\/a>\n<\/div>\n\n","protected":false},"excerpt":{"rendered":"<p>In der eigenen Wohnung lauern einige Gefahren f\u00fcr deine Katze, die oft untersch\u00e4tzt werden. Dieses Sicherheitsrisiko kannst du reduzieren, indem du mit offenen Augen durch deine Wohnung gehst und schaust, was f\u00fcr deine Katze gef\u00e4hrlich sein k\u00f6nnte. In unserem Beitrag geben wir dir 9 Tipps, worauf Sie achten sollten, um die h\u00e4ufigsten Gefahren im Haushalt [&hellip;]<\/p>\n","protected":false},"author":1,"featured_media":10793,"parent":11683,"menu_order":21,"comment_status":"open","ping_status":"open","template":"templates\/blog.php","meta":{"_acf_changed":false,"_crdt_document":"","footnotes":"","beyondwords_generate_audio":"0","beyondwords_project_id":"","beyondwords_content_id":"","beyondwords_preview_token":"","beyondwords_player_style":"","beyondwords_language_id":"","beyondwords_title_voice_id":"","beyondwords_body_voice_id":"","beyondwords_summary_voice_id":"","beyondwords_error_message":"","beyondwords_disabled":"","beyondwords_delete_content":"","beyondwords_podcast_id":"","beyondwords_hash":"","publish_post_to_speechkit":"","speechkit_hash":"","speechkit_generate_audio":"","speechkit_project_id":"","speechkit_podcast_id":"","speechkit_error_message":"","speechkit_disabled":"","speechkit_access_key":"","speechkit_error":"","speechkit_info":"","speechkit_response":"","speechkit_retries":"","speechkit_status":"","speechkit_updated_at":"","_speechkit_link":"","_speechkit_text":""},"class_list":["post-10204","page","type-page","status-publish","has-post-thumbnail","hentry"],"acf":[],"yoast_head":"<!-- This site is optimized with the Yoast SEO Premium plugin  - https:\/\/yoast.com\/product\/yoast-seo-premium-wordpress\/ -->\n<title>Wohnung katzensicher machen \u2013 darauf solltest Du achten | Uelzener<\/title>\n<meta name=\"description\" content=\"Erfahre, wie Du Wohnung &amp; Haus katzensicher machst \u2713 Kippfensterschutz \u2713 Treppe \u2713 T\u00fcren \u2713 Kabel \u2713 uvm. \u25b6 Hier informieren!\" \/>\n<meta name=\"robots\" content=\"index, follow, max-snippet:-1, max-image-preview:large, max-video-preview:-1\" \/>\n<link rel=\"canonical\" href=\"https:\/\/uelzener.de\/magazin\/katze\/haltung\/wohnung-katzensicher-machen\/\" \/>\n<meta property=\"og:locale\" content=\"de_DE\" \/>\n<meta property=\"og:type\" content=\"article\" \/>\n<meta property=\"og:title\" content=\"Wohnung katzensicher machen: 9 Tipps f\u00fcr dein Zuhause\" \/>\n<meta property=\"og:description\" content=\"Erfahre, wie Du Wohnung &amp; Haus katzensicher machst \u2713 Kippfensterschutz \u2713 Treppe \u2713 T\u00fcren \u2713 Kabel \u2713 uvm. \u25b6 Hier informieren!\" \/>\n<meta property=\"og:url\" content=\"https:\/\/uelzener.de\/magazin\/katze\/haltung\/wohnung-katzensicher-machen\/\" \/>\n<meta property=\"og:site_name\" content=\"Uelzener Tier-Magazin\" \/>\n<meta property=\"article:publisher\" content=\"https:\/\/www.facebook.com\/Uelzener\" \/>\n<meta property=\"article:modified_time\" content=\"2026-01-06T17:06:16+00:00\" \/>\n<meta property=\"og:image\" content=\"https:\/\/uelzener.de\/magazin\/app\/uploads\/2020\/05\/d0fe97ae-9fc2-4e23-be3b-874ce1a56c9a.png\" \/>\n\t<meta property=\"og:image:width\" content=\"952\" \/>\n\t<meta property=\"og:image:height\" content=\"496\" \/>\n\t<meta property=\"og:image:type\" content=\"image\/png\" \/>\n<meta name=\"twitter:card\" content=\"summary_large_image\" \/>\n<meta name=\"twitter:label1\" content=\"Gesch\u00e4tzte Lesezeit\" \/>\n\t<meta name=\"twitter:data1\" content=\"6\u00a0Minuten\" \/>\n<script type=\"application\/ld+json\" class=\"yoast-schema-graph\">{\"@context\":\"https:\/\/schema.org\",\"@graph\":[{\"@type\":\"WebPage\",\"@id\":\"https:\/\/uelzener.de\/magazin\/katze\/haltung\/wohnung-katzensicher-machen\/\",\"url\":\"https:\/\/uelzener.de\/magazin\/katze\/haltung\/wohnung-katzensicher-machen\/\",\"name\":\"Wohnung katzensicher machen \u2013 darauf solltest Du achten | Uelzener\",\"isPartOf\":{\"@id\":\"https:\/\/uelzener.de\/magazin\/#website\"},\"primaryImageOfPage\":{\"@id\":\"https:\/\/uelzener.de\/magazin\/katze\/haltung\/wohnung-katzensicher-machen\/#primaryimage\"},\"image\":{\"@id\":\"https:\/\/uelzener.de\/magazin\/katze\/haltung\/wohnung-katzensicher-machen\/#primaryimage\"},\"thumbnailUrl\":\"https:\/\/uelzener.de\/magazin\/app\/uploads\/2020\/05\/d0fe97ae-9fc2-4e23-be3b-874ce1a56c9a.png\",\"datePublished\":\"2023-10-20T06:00:00+00:00\",\"dateModified\":\"2026-01-06T17:06:16+00:00\",\"description\":\"Erfahre, wie Du Wohnung & Haus katzensicher machst \u2713 Kippfensterschutz \u2713 Treppe \u2713 T\u00fcren \u2713 Kabel \u2713 uvm. \u25b6 Hier informieren!\",\"breadcrumb\":{\"@id\":\"https:\/\/uelzener.de\/magazin\/katze\/haltung\/wohnung-katzensicher-machen\/#breadcrumb\"},\"inLanguage\":\"de\",\"potentialAction\":[{\"@type\":\"ReadAction\",\"target\":[\"https:\/\/uelzener.de\/magazin\/katze\/haltung\/wohnung-katzensicher-machen\/\"]}]},{\"@type\":\"ImageObject\",\"inLanguage\":\"de\",\"@id\":\"https:\/\/uelzener.de\/magazin\/katze\/haltung\/wohnung-katzensicher-machen\/#primaryimage\",\"url\":\"https:\/\/uelzener.de\/magazin\/app\/uploads\/2020\/05\/d0fe97ae-9fc2-4e23-be3b-874ce1a56c9a.png\",\"contentUrl\":\"https:\/\/uelzener.de\/magazin\/app\/uploads\/2020\/05\/d0fe97ae-9fc2-4e23-be3b-874ce1a56c9a.png\",\"width\":952,\"height\":496,\"caption\":\"Die richtigen Tipps um die Wohnung Katzensicher zu machen sind schwer zu finden. Die kleine Katze hat auf dem Tisch nichts zu suchen.\"},{\"@type\":\"WebSite\",\"@id\":\"https:\/\/uelzener.de\/magazin\/#website\",\"url\":\"https:\/\/uelzener.de\/magazin\/\",\"name\":\"Uelzener Tiermagazin\",\"description\":\"Online Tierratgeber der Uelzener Versicherungen\",\"publisher\":{\"@id\":\"https:\/\/uelzener.de\/magazin\/#organization\"},\"potentialAction\":[{\"@type\":\"SearchAction\",\"target\":{\"@type\":\"EntryPoint\",\"urlTemplate\":\"https:\/\/uelzener.de\/magazin\/?s={search_term_string}\"},\"query-input\":{\"@type\":\"PropertyValueSpecification\",\"valueRequired\":true,\"valueName\":\"search_term_string\"}}],\"inLanguage\":\"de\"},{\"@type\":\"Organization\",\"@id\":\"https:\/\/uelzener.de\/magazin\/#organization\",\"name\":\"Uelzener Versicherungen\",\"url\":\"https:\/\/uelzener.de\/magazin\/\",\"logo\":{\"@type\":\"ImageObject\",\"inLanguage\":\"de\",\"@id\":\"https:\/\/uelzener.de\/magazin\/#\/schema\/logo\/image\/\",\"url\":\"https:\/\/uelzener.de\/magazin\/app\/uploads\/2024\/11\/uelzener_allgemeine_versicherungsgesellschaft_a_g_logo.jpg\",\"contentUrl\":\"https:\/\/uelzener.de\/magazin\/app\/uploads\/2024\/11\/uelzener_allgemeine_versicherungsgesellschaft_a_g_logo.jpg\",\"width\":200,\"height\":200,\"caption\":\"Uelzener Versicherungen\"},\"image\":{\"@id\":\"https:\/\/uelzener.de\/magazin\/#\/schema\/logo\/image\/\"},\"sameAs\":[\"https:\/\/www.facebook.com\/Uelzener\",\"https:\/\/instagram.com\/uelzener\",\"https:\/\/www.xing.com\/pages\/uelzenerallgemeineversicherungs-gesellschafta-g\",\"https:\/\/www.youtube.com\/UelzenerVersicherungen\"]}]}<\/script>\n<!-- \/ Yoast SEO Premium plugin. -->","yoast_head_json":{"title":"Wohnung katzensicher machen \u2013 darauf solltest Du achten | Uelzener","description":"Erfahre, wie Du Wohnung & Haus katzensicher machst \u2713 Kippfensterschutz \u2713 Treppe \u2713 T\u00fcren \u2713 Kabel \u2713 uvm. \u25b6 Hier informieren!","robots":{"index":"index","follow":"follow","max-snippet":"max-snippet:-1","max-image-preview":"max-image-preview:large","max-video-preview":"max-video-preview:-1"},"canonical":"https:\/\/uelzener.de\/magazin\/katze\/haltung\/wohnung-katzensicher-machen\/","og_locale":"de_DE","og_type":"article","og_title":"Wohnung katzensicher machen: 9 Tipps f\u00fcr dein Zuhause","og_description":"Erfahre, wie Du Wohnung & Haus katzensicher machst \u2713 Kippfensterschutz \u2713 Treppe \u2713 T\u00fcren \u2713 Kabel \u2713 uvm. \u25b6 Hier informieren!","og_url":"https:\/\/uelzener.de\/magazin\/katze\/haltung\/wohnung-katzensicher-machen\/","og_site_name":"Uelzener Tier-Magazin","article_publisher":"https:\/\/www.facebook.com\/Uelzener","article_modified_time":"2026-01-06T17:06:16+00:00","og_image":[{"width":952,"height":496,"url":"https:\/\/uelzener.de\/magazin\/app\/uploads\/2020\/05\/d0fe97ae-9fc2-4e23-be3b-874ce1a56c9a.png","type":"image\/png"}],"twitter_card":"summary_large_image","twitter_misc":{"Gesch\u00e4tzte Lesezeit":"6\u00a0Minuten"},"schema":{"@context":"https:\/\/schema.org","@graph":[{"@type":"WebPage","@id":"https:\/\/uelzener.de\/magazin\/katze\/haltung\/wohnung-katzensicher-machen\/","url":"https:\/\/uelzener.de\/magazin\/katze\/haltung\/wohnung-katzensicher-machen\/","name":"Wohnung katzensicher machen \u2013 darauf solltest Du achten | Uelzener","isPartOf":{"@id":"https:\/\/uelzener.de\/magazin\/#website"},"primaryImageOfPage":{"@id":"https:\/\/uelzener.de\/magazin\/katze\/haltung\/wohnung-katzensicher-machen\/#primaryimage"},"image":{"@id":"https:\/\/uelzener.de\/magazin\/katze\/haltung\/wohnung-katzensicher-machen\/#primaryimage"},"thumbnailUrl":"https:\/\/uelzener.de\/magazin\/app\/uploads\/2020\/05\/d0fe97ae-9fc2-4e23-be3b-874ce1a56c9a.png","datePublished":"2023-10-20T06:00:00+00:00","dateModified":"2026-01-06T17:06:16+00:00","description":"Erfahre, wie Du Wohnung & Haus katzensicher machst \u2713 Kippfensterschutz \u2713 Treppe \u2713 T\u00fcren \u2713 Kabel \u2713 uvm. \u25b6 Hier informieren!","breadcrumb":{"@id":"https:\/\/uelzener.de\/magazin\/katze\/haltung\/wohnung-katzensicher-machen\/#breadcrumb"},"inLanguage":"de","potentialAction":[{"@type":"ReadAction","target":["https:\/\/uelzener.de\/magazin\/katze\/haltung\/wohnung-katzensicher-machen\/"]}]},{"@type":"ImageObject","inLanguage":"de","@id":"https:\/\/uelzener.de\/magazin\/katze\/haltung\/wohnung-katzensicher-machen\/#primaryimage","url":"https:\/\/uelzener.de\/magazin\/app\/uploads\/2020\/05\/d0fe97ae-9fc2-4e23-be3b-874ce1a56c9a.png","contentUrl":"https:\/\/uelzener.de\/magazin\/app\/uploads\/2020\/05\/d0fe97ae-9fc2-4e23-be3b-874ce1a56c9a.png","width":952,"height":496,"caption":"Die richtigen Tipps um die Wohnung Katzensicher zu machen sind schwer zu finden. Die kleine Katze hat auf dem Tisch nichts zu suchen."},{"@type":"WebSite","@id":"https:\/\/uelzener.de\/magazin\/#website","url":"https:\/\/uelzener.de\/magazin\/","name":"Uelzener Tiermagazin","description":"Online Tierratgeber der Uelzener Versicherungen","publisher":{"@id":"https:\/\/uelzener.de\/magazin\/#organization"},"potentialAction":[{"@type":"SearchAction","target":{"@type":"EntryPoint","urlTemplate":"https:\/\/uelzener.de\/magazin\/?s={search_term_string}"},"query-input":{"@type":"PropertyValueSpecification","valueRequired":true,"valueName":"search_term_string"}}],"inLanguage":"de"},{"@type":"Organization","@id":"https:\/\/uelzener.de\/magazin\/#organization","name":"Uelzener Versicherungen","url":"https:\/\/uelzener.de\/magazin\/","logo":{"@type":"ImageObject","inLanguage":"de","@id":"https:\/\/uelzener.de\/magazin\/#\/schema\/logo\/image\/","url":"https:\/\/uelzener.de\/magazin\/app\/uploads\/2024\/11\/uelzener_allgemeine_versicherungsgesellschaft_a_g_logo.jpg","contentUrl":"https:\/\/uelzener.de\/magazin\/app\/uploads\/2024\/11\/uelzener_allgemeine_versicherungsgesellschaft_a_g_logo.jpg","width":200,"height":200,"caption":"Uelzener Versicherungen"},"image":{"@id":"https:\/\/uelzener.de\/magazin\/#\/schema\/logo\/image\/"},"sameAs":["https:\/\/www.facebook.com\/Uelzener","https:\/\/instagram.com\/uelzener","https:\/\/www.xing.com\/pages\/uelzenerallgemeineversicherungs-gesellschafta-g","https:\/\/www.youtube.com\/UelzenerVersicherungen"]}]}},"_links":{"self":[{"href":"https:\/\/uelzener.de\/magazin\/wp-json\/wp\/v2\/pages\/10204","targetHints":{"allow":["GET"]}}],"collection":[{"href":"https:\/\/uelzener.de\/magazin\/wp-json\/wp\/v2\/pages"}],"about":[{"href":"https:\/\/uelzener.de\/magazin\/wp-json\/wp\/v2\/types\/page"}],"author":[{"embeddable":true,"href":"https:\/\/uelzener.de\/magazin\/wp-json\/wp\/v2\/users\/1"}],"replies":[{"embeddable":true,"href":"https:\/\/uelzener.de\/magazin\/wp-json\/wp\/v2\/comments?post=10204"}],"version-history":[{"count":18,"href":"https:\/\/uelzener.de\/magazin\/wp-json\/wp\/v2\/pages\/10204\/revisions"}],"predecessor-version":[{"id":19683,"href":"https:\/\/uelzener.de\/magazin\/wp-json\/wp\/v2\/pages\/10204\/revisions\/19683"}],"up":[{"embeddable":true,"href":"https:\/\/uelzener.de\/magazin\/wp-json\/wp\/v2\/pages\/11683"}],"wp:featuredmedia":[{"embeddable":true,"href":"https:\/\/uelzener.de\/magazin\/wp-json\/wp\/v2\/media\/10793"}],"wp:attachment":[{"href":"https:\/\/uelzener.de\/magazin\/wp-json\/wp\/v2\/media?parent=10204"}],"curies":[{"name":"wp","href":"https:\/\/api.w.org\/{rel}","templated":true}]}}