{"id":10203,"date":"2020-04-09T00:00:00","date_gmt":"2020-04-08T22:00:00","guid":{"rendered":""},"modified":"2023-11-03T14:55:00","modified_gmt":"2023-11-03T13:55:00","slug":"katze-entlaufen","status":"publish","type":"page","link":"https:\/\/uelzener.de\/magazin\/katze\/tipps-fuer-den-alltag\/katze-entlaufen\/","title":{"rendered":"Katze entlaufen: Was tun?"},"content":{"rendered":"<p>Der Albtraum f\u00fcr jeden Katzenbesitzer: Die Katze kommt nicht nach Hause und es fehlt jede Spur von ihr. Das ist zun\u00e4chst kein Grund zur Panik, denn es gibt einige M\u00f6glichkeiten, um sie wiederzufinden. Wir geben dir Tipps, was du tun kannst!<\/p>\n<h2>Katze vermisst: Wo ist der Vierbeiner?<\/h2>\n<p>Egal, ob Stubentiger oder Freig\u00e4nger: Die Sorge ist gro\u00df, wenn der geliebte Vierbeiner pl\u00f6tzlich l\u00e4nger wegbleibt als man es gewohnt ist. H\u00e4ufig ist die Neugier der Katzen die Ursache f\u00fcr das Wegbleiben. Es gibt verschiedene M\u00f6glichkeiten, die bei der Suche nach der vermissten Katze helfen.<\/p>\n<h2>Warum laufen Katzen weg?<\/h2>\n<p>Es gibt verschiedene Gr\u00fcnde, warum der Vierbeiner l\u00e4nger verschwunden bleibt. Neugier, Hormone oder ein Schreck k\u00f6nnen Ursache hierf\u00fcr sein.<\/p>\n<ul>\n<li>Einer der Hauptgr\u00fcnde ist ihre Neugier. Katzen m\u00fcssen einfach \u00fcberall ihre Nase hineinstecken: in den Heizungskeller, in Nachbars Garage, in den verlassenen Schuppen oder ins Postauto. Die T\u00fcr wird geschlossen und keiner ahnt, dass dahinter eine kleine Katze sitzt, die nicht mehr hinaus kann. Oft dauert es aber nicht lang, bis die Katze gefunden wird und sie wieder nach Hause kommt.<\/li>\n<li>Hormone: Besonders zur Paarungszeit spielen die Hormone der Samtpfoten verr\u00fcckt. Nicht kastrierte Katzen gehen in dieser Zeit gern auf Wanderungen und sind entsprechend l\u00e4nger unterwegs.<\/li>\n<li>Die Katze hat sich erschreckt. Der Schreck f\u00fcr Katzen ist oft gro\u00df, wenn pl\u00f6tzliche und laute Ger\u00e4usche ert\u00f6nen. Besonders in der Zeit um <a href=\"https:\/\/uelzener.de\/magazin\/katze\/tiergesundheit\/katze-silvester\/\">Silvester<\/a> verkriechen sich viele Katzen vor dem Knall der B\u00f6ller. Aber auch bellende Hunde k\u00f6nnen Katzen so verschrecken, dass sie sich zun\u00e4chst einen sicheren Ort zum Schutz suchen und erst sp\u00e4ter, wenn sie sich wieder sicher f\u00fchlen, den Weg nach Hause antreten.<\/li>\n<\/ul>\n<h2>Katze vermisst: Ruhe bewahren<\/h2>\n<p>Leichter gesagt als getan: Ruhe bewahren! Auch wenn die Sorge um die Samtpfote gro\u00df ist, ist es sinnvoll, Ruhe zu bewahren und die Suche nach der Katze strategisch anzugehen.<\/p>\n<p>Als Erstes solltest du deine gesamte Wohnung absuchen und an den Lieblingsverstecken deiner Katze nachschauen. Vergiss dabei nicht, die Waschmaschine, Schr\u00e4nke, Dachboden und den Keller zu \u00fcberpr\u00fcfen. Ist deine Katze bei dir nicht aufzufinden, kommen deine Nachbarn ins Spiel. Oft huschen die neugierigen Vierbeiner in einem unbeobachteten Moment in die Garage, den Schuppen oder den Keller der Nachbarn. F\u00fcr die Suche nach der Katze solltest du die Lieblingsleckerchen dabei haben. Gib nicht auf. Verschreckte oder verletzte Katzen kommen meist nicht sofort angelaufen und machen sich auch nicht oder nur sehr leise bemerkbar. Stell das Futter in die Garage, den Keller, etc. und kontrolliere in regelm\u00e4\u00dfigen Abst\u00e4nden, ob etwas gefressen wurde.<\/p>\n<p><img decoding=\"async\" src=\"\/magazin\/app\/uploads\/2021\/02\/b5dc724a-037c-487f-8d2f-21cbe4ad4257.jpg\" \/><\/p>\n<p>Ist die Katze im eigenen Haus und bei den Nachbarn nicht aufgetaucht, wird der Suchradius erweitert. Das Gebiet im Umkreis des Hauses wird abgesucht. Beliebte Verstecke sind Baumkronen und D\u00e4cher. Voller Neugier klettert so manche Katze hinauf und kommt dann von allein nicht wieder herunter. Auch Schlupfl\u00f6cher wie Holzstapel, alte Kaninchenbauten unter Schuppen und Geb\u00fcsche m\u00fcssen kontrolliert werden. Ganz wichtig ist zudem ein Blick unter und in den Innenraum von Autos.<\/p>\n<h2>Wenn die Suche erfolglos bleibt<\/h2>\n<p>Auch wenn die Suche erfolglos bleibt, darfst die Hoffnung nicht aufgeben. Ein Anruf bei den \u00f6rtlichen Tierheimen, Tier\u00e4rzten, Fundb\u00fcros oder bei der Polizei ist der n\u00e4chste Schritt. Oft l\u00e4uft die Katze anderen Menschen zu, die diese an die genannten Stellen abgeben. Auch aufgeh\u00e4ngte Steckbriefe helfen, denn so k\u00f6nnen deine Nachbarn und Mitmenschen dich bei der Suche unterst\u00fctzen. Hier sollten ein farbiges Foto mit den wichtigsten Merkmalen der Katze sowie ein kurzer erkl\u00e4render Text stehen.<\/p>\n<h2>Mikrochip: Gute Vorsorge<\/h2>\n<p>Mit einem Mikrochip hat man meist gut vorgesorgt. Sollte deine Katze gefunden werden und ist registriert, beispielsweise bei <a href=\"https:\/\/www.tasso.net\/\">Tasso<\/a> oder im Haustierregister, kannst du als Halter schnell identifiziert werden. \u00dcber diese Register kannst du deine Katze auch als vermisst melden. Im Ernstfall ist es sehr hilfreich, sein Tier registrieren zu lassen. Viele Tiere landen im Tierheim, da sie zwar einen Mikrochip haben, aber nicht registriert sind.<\/p>\n<h2>Checkliste<\/h2>\n<ol>\n<li>Ruhe bewahren und tief durchatmen<\/li>\n<li>Die Lieblingsverstecke der Katze absuchen<\/li>\n<li>Nachbarn informieren und deren Garten, Garage, Keller, etc. pr\u00fcfen<\/li>\n<li>Die Lieblingsleckerchen der Katze auf der Suche mit dabei haben<\/li>\n<li>Steckbriefe verteilen<\/li>\n<li>Informiere Tier\u00e4rzte, Tierheime und Tierregister<\/li>\n<\/ol>\n<p>Ein gro\u00dfer Teil der als vermisst gemeldeten Katzen taucht nach ein paar Tagen wieder auf. Daher gilt als oberstes Gebot: Nur nicht die Hoffnung verlieren.<\/p>\n<p>Ein Mikrochip zur Identifikation der Tiere ist sehr wichtig und kann im Ernstfall Tier und Halter schnell wieder zusammenf\u00fchren. Unsere <strong>Katzen-OP-Versicherung<\/strong> beteiligt sich mit 25 \u20ac an den Kosten f\u00fcr die Kennzeichnung der Katze durch einen Identifikationschip.<\/p>\n\n<div class=\"banner\">\n    <a href=\"https:\/\/uelzener.de\/katze\/katzen-op-versicherung\/?agt=0000104925&sem=true&utm_medium=magazin&utm_source=wordpress&utm_campaign=katze_op&utm_content=banner\">\n        <img decoding=\"async\" width=\"300\" height=\"212\" src=\"https:\/\/uelzener.de\/magazin\/app\/uploads\/2025\/01\/Katzen-OP-Versicherung.jpg\" class=\"attachment-medium size-medium\" alt=\"Banner Katzen-OP-Versicherung\" \/>    <\/a>\n<\/div>\n\n","protected":false},"excerpt":{"rendered":"<p>Der Albtraum f\u00fcr jeden Katzenbesitzer: Die Katze kommt nicht nach Hause und es fehlt jede Spur von ihr. Das ist zun\u00e4chst kein Grund zur Panik, denn es gibt einige M\u00f6glichkeiten, um sie wiederzufinden. Wir geben dir Tipps, was du tun kannst! Katze vermisst: Wo ist der Vierbeiner? Egal, ob Stubentiger oder Freig\u00e4nger: Die Sorge ist [&hellip;]<\/p>\n","protected":false},"author":1,"featured_media":14879,"parent":11709,"menu_order":14,"comment_status":"closed","ping_status":"closed","template":"templates\/blog.php","meta":{"_acf_changed":false,"_crdt_document":"","footnotes":"","beyondwords_generate_audio":"0","beyondwords_project_id":"","beyondwords_content_id":"","beyondwords_preview_token":"","beyondwords_player_style":"","beyondwords_language_id":"","beyondwords_title_voice_id":"","beyondwords_body_voice_id":"","beyondwords_summary_voice_id":"","beyondwords_error_message":"","beyondwords_disabled":"","beyondwords_delete_content":"","beyondwords_podcast_id":"","beyondwords_hash":"","publish_post_to_speechkit":"","speechkit_hash":"","speechkit_generate_audio":"","speechkit_project_id":"","speechkit_podcast_id":"","speechkit_error_message":"","speechkit_disabled":"","speechkit_access_key":"","speechkit_error":"","speechkit_info":"","speechkit_response":"","speechkit_retries":"","speechkit_status":"","speechkit_updated_at":"","_speechkit_link":"","_speechkit_text":""},"class_list":["post-10203","page","type-page","status-publish","has-post-thumbnail","hentry"],"acf":[],"yoast_head":"<!-- This site is optimized with the Yoast SEO Premium plugin  - https:\/\/yoast.com\/product\/yoast-seo-premium-wordpress\/ -->\n<title>Katze entlaufen: Was tun? | Uelzener Tier-Magazin<\/title>\n<meta name=\"description\" content=\"Was ist zu tun, wenn deine Katze entlaufen ist? \u25b6 Entdecke wertvolle Tipps, um deinen verschwundenen Liebling wiederzufinden!\" \/>\n<meta name=\"robots\" content=\"index, follow, max-snippet:-1, max-image-preview:large, max-video-preview:-1\" \/>\n<link rel=\"canonical\" href=\"https:\/\/uelzener.de\/magazin\/katze\/tipps-fuer-den-alltag\/katze-entlaufen\/\" \/>\n<meta property=\"og:locale\" content=\"de_DE\" \/>\n<meta property=\"og:type\" content=\"article\" \/>\n<meta property=\"og:title\" content=\"Katze entlaufen: Was tun?\" \/>\n<meta property=\"og:description\" content=\"Was ist zu tun, wenn deine Katze entlaufen ist? \u25b6 Entdecke wertvolle Tipps, um deinen verschwundenen Liebling wiederzufinden!\" \/>\n<meta property=\"og:url\" content=\"https:\/\/uelzener.de\/magazin\/katze\/tipps-fuer-den-alltag\/katze-entlaufen\/\" \/>\n<meta property=\"og:site_name\" content=\"Uelzener Tier-Magazin\" \/>\n<meta property=\"article:publisher\" content=\"https:\/\/www.facebook.com\/Uelzener\" \/>\n<meta property=\"article:modified_time\" content=\"2023-11-03T13:55:00+00:00\" \/>\n<meta property=\"og:image\" content=\"https:\/\/uelzener.de\/magazin\/app\/uploads\/2023\/01\/katze-entlaufen.jpg\" \/>\n\t<meta property=\"og:image:width\" content=\"1025\" \/>\n\t<meta property=\"og:image:height\" content=\"450\" \/>\n\t<meta property=\"og:image:type\" content=\"image\/jpeg\" \/>\n<meta name=\"twitter:card\" content=\"summary_large_image\" \/>\n<meta name=\"twitter:label1\" content=\"Gesch\u00e4tzte Lesezeit\" \/>\n\t<meta name=\"twitter:data1\" content=\"4\u00a0Minuten\" \/>\n<script type=\"application\/ld+json\" class=\"yoast-schema-graph\">{\"@context\":\"https:\/\/schema.org\",\"@graph\":[{\"@type\":\"WebPage\",\"@id\":\"https:\/\/uelzener.de\/magazin\/katze\/tipps-fuer-den-alltag\/katze-entlaufen\/\",\"url\":\"https:\/\/uelzener.de\/magazin\/katze\/tipps-fuer-den-alltag\/katze-entlaufen\/\",\"name\":\"Katze entlaufen: Was tun? | Uelzener Tier-Magazin\",\"isPartOf\":{\"@id\":\"https:\/\/uelzener.de\/magazin\/#website\"},\"primaryImageOfPage\":{\"@id\":\"https:\/\/uelzener.de\/magazin\/katze\/tipps-fuer-den-alltag\/katze-entlaufen\/#primaryimage\"},\"image\":{\"@id\":\"https:\/\/uelzener.de\/magazin\/katze\/tipps-fuer-den-alltag\/katze-entlaufen\/#primaryimage\"},\"thumbnailUrl\":\"https:\/\/uelzener.de\/magazin\/app\/uploads\/2023\/01\/katze-entlaufen.jpg\",\"datePublished\":\"2020-04-08T22:00:00+00:00\",\"dateModified\":\"2023-11-03T13:55:00+00:00\",\"description\":\"Was ist zu tun, wenn deine Katze entlaufen ist? \u25b6 Entdecke wertvolle Tipps, um deinen verschwundenen Liebling wiederzufinden!\",\"breadcrumb\":{\"@id\":\"https:\/\/uelzener.de\/magazin\/katze\/tipps-fuer-den-alltag\/katze-entlaufen\/#breadcrumb\"},\"inLanguage\":\"de\",\"potentialAction\":[{\"@type\":\"ReadAction\",\"target\":[\"https:\/\/uelzener.de\/magazin\/katze\/tipps-fuer-den-alltag\/katze-entlaufen\/\"]}]},{\"@type\":\"ImageObject\",\"inLanguage\":\"de\",\"@id\":\"https:\/\/uelzener.de\/magazin\/katze\/tipps-fuer-den-alltag\/katze-entlaufen\/#primaryimage\",\"url\":\"https:\/\/uelzener.de\/magazin\/app\/uploads\/2023\/01\/katze-entlaufen.jpg\",\"contentUrl\":\"https:\/\/uelzener.de\/magazin\/app\/uploads\/2023\/01\/katze-entlaufen.jpg\",\"width\":1025,\"height\":450,\"caption\":\"Eine Katze sitzt auf einem Autodach. Ist sie entlaufen?\"},{\"@type\":\"WebSite\",\"@id\":\"https:\/\/uelzener.de\/magazin\/#website\",\"url\":\"https:\/\/uelzener.de\/magazin\/\",\"name\":\"Uelzener Tiermagazin\",\"description\":\"Online Tierratgeber der Uelzener Versicherungen\",\"publisher\":{\"@id\":\"https:\/\/uelzener.de\/magazin\/#organization\"},\"potentialAction\":[{\"@type\":\"SearchAction\",\"target\":{\"@type\":\"EntryPoint\",\"urlTemplate\":\"https:\/\/uelzener.de\/magazin\/?s={search_term_string}\"},\"query-input\":{\"@type\":\"PropertyValueSpecification\",\"valueRequired\":true,\"valueName\":\"search_term_string\"}}],\"inLanguage\":\"de\"},{\"@type\":\"Organization\",\"@id\":\"https:\/\/uelzener.de\/magazin\/#organization\",\"name\":\"Uelzener Versicherungen\",\"url\":\"https:\/\/uelzener.de\/magazin\/\",\"logo\":{\"@type\":\"ImageObject\",\"inLanguage\":\"de\",\"@id\":\"https:\/\/uelzener.de\/magazin\/#\/schema\/logo\/image\/\",\"url\":\"https:\/\/uelzener.de\/magazin\/app\/uploads\/2024\/11\/uelzener_allgemeine_versicherungsgesellschaft_a_g_logo.jpg\",\"contentUrl\":\"https:\/\/uelzener.de\/magazin\/app\/uploads\/2024\/11\/uelzener_allgemeine_versicherungsgesellschaft_a_g_logo.jpg\",\"width\":200,\"height\":200,\"caption\":\"Uelzener Versicherungen\"},\"image\":{\"@id\":\"https:\/\/uelzener.de\/magazin\/#\/schema\/logo\/image\/\"},\"sameAs\":[\"https:\/\/www.facebook.com\/Uelzener\",\"https:\/\/instagram.com\/uelzener\",\"https:\/\/www.xing.com\/pages\/uelzenerallgemeineversicherungs-gesellschafta-g\",\"https:\/\/www.youtube.com\/UelzenerVersicherungen\"]}]}<\/script>\n<!-- \/ Yoast SEO Premium plugin. -->","yoast_head_json":{"title":"Katze entlaufen: Was tun? | Uelzener Tier-Magazin","description":"Was ist zu tun, wenn deine Katze entlaufen ist? \u25b6 Entdecke wertvolle Tipps, um deinen verschwundenen Liebling wiederzufinden!","robots":{"index":"index","follow":"follow","max-snippet":"max-snippet:-1","max-image-preview":"max-image-preview:large","max-video-preview":"max-video-preview:-1"},"canonical":"https:\/\/uelzener.de\/magazin\/katze\/tipps-fuer-den-alltag\/katze-entlaufen\/","og_locale":"de_DE","og_type":"article","og_title":"Katze entlaufen: Was tun?","og_description":"Was ist zu tun, wenn deine Katze entlaufen ist? \u25b6 Entdecke wertvolle Tipps, um deinen verschwundenen Liebling wiederzufinden!","og_url":"https:\/\/uelzener.de\/magazin\/katze\/tipps-fuer-den-alltag\/katze-entlaufen\/","og_site_name":"Uelzener Tier-Magazin","article_publisher":"https:\/\/www.facebook.com\/Uelzener","article_modified_time":"2023-11-03T13:55:00+00:00","og_image":[{"width":1025,"height":450,"url":"https:\/\/uelzener.de\/magazin\/app\/uploads\/2023\/01\/katze-entlaufen.jpg","type":"image\/jpeg"}],"twitter_card":"summary_large_image","twitter_misc":{"Gesch\u00e4tzte Lesezeit":"4\u00a0Minuten"},"schema":{"@context":"https:\/\/schema.org","@graph":[{"@type":"WebPage","@id":"https:\/\/uelzener.de\/magazin\/katze\/tipps-fuer-den-alltag\/katze-entlaufen\/","url":"https:\/\/uelzener.de\/magazin\/katze\/tipps-fuer-den-alltag\/katze-entlaufen\/","name":"Katze entlaufen: Was tun? | Uelzener Tier-Magazin","isPartOf":{"@id":"https:\/\/uelzener.de\/magazin\/#website"},"primaryImageOfPage":{"@id":"https:\/\/uelzener.de\/magazin\/katze\/tipps-fuer-den-alltag\/katze-entlaufen\/#primaryimage"},"image":{"@id":"https:\/\/uelzener.de\/magazin\/katze\/tipps-fuer-den-alltag\/katze-entlaufen\/#primaryimage"},"thumbnailUrl":"https:\/\/uelzener.de\/magazin\/app\/uploads\/2023\/01\/katze-entlaufen.jpg","datePublished":"2020-04-08T22:00:00+00:00","dateModified":"2023-11-03T13:55:00+00:00","description":"Was ist zu tun, wenn deine Katze entlaufen ist? \u25b6 Entdecke wertvolle Tipps, um deinen verschwundenen Liebling wiederzufinden!","breadcrumb":{"@id":"https:\/\/uelzener.de\/magazin\/katze\/tipps-fuer-den-alltag\/katze-entlaufen\/#breadcrumb"},"inLanguage":"de","potentialAction":[{"@type":"ReadAction","target":["https:\/\/uelzener.de\/magazin\/katze\/tipps-fuer-den-alltag\/katze-entlaufen\/"]}]},{"@type":"ImageObject","inLanguage":"de","@id":"https:\/\/uelzener.de\/magazin\/katze\/tipps-fuer-den-alltag\/katze-entlaufen\/#primaryimage","url":"https:\/\/uelzener.de\/magazin\/app\/uploads\/2023\/01\/katze-entlaufen.jpg","contentUrl":"https:\/\/uelzener.de\/magazin\/app\/uploads\/2023\/01\/katze-entlaufen.jpg","width":1025,"height":450,"caption":"Eine Katze sitzt auf einem Autodach. Ist sie entlaufen?"},{"@type":"WebSite","@id":"https:\/\/uelzener.de\/magazin\/#website","url":"https:\/\/uelzener.de\/magazin\/","name":"Uelzener Tiermagazin","description":"Online Tierratgeber der Uelzener Versicherungen","publisher":{"@id":"https:\/\/uelzener.de\/magazin\/#organization"},"potentialAction":[{"@type":"SearchAction","target":{"@type":"EntryPoint","urlTemplate":"https:\/\/uelzener.de\/magazin\/?s={search_term_string}"},"query-input":{"@type":"PropertyValueSpecification","valueRequired":true,"valueName":"search_term_string"}}],"inLanguage":"de"},{"@type":"Organization","@id":"https:\/\/uelzener.de\/magazin\/#organization","name":"Uelzener Versicherungen","url":"https:\/\/uelzener.de\/magazin\/","logo":{"@type":"ImageObject","inLanguage":"de","@id":"https:\/\/uelzener.de\/magazin\/#\/schema\/logo\/image\/","url":"https:\/\/uelzener.de\/magazin\/app\/uploads\/2024\/11\/uelzener_allgemeine_versicherungsgesellschaft_a_g_logo.jpg","contentUrl":"https:\/\/uelzener.de\/magazin\/app\/uploads\/2024\/11\/uelzener_allgemeine_versicherungsgesellschaft_a_g_logo.jpg","width":200,"height":200,"caption":"Uelzener Versicherungen"},"image":{"@id":"https:\/\/uelzener.de\/magazin\/#\/schema\/logo\/image\/"},"sameAs":["https:\/\/www.facebook.com\/Uelzener","https:\/\/instagram.com\/uelzener","https:\/\/www.xing.com\/pages\/uelzenerallgemeineversicherungs-gesellschafta-g","https:\/\/www.youtube.com\/UelzenerVersicherungen"]}]}},"_links":{"self":[{"href":"https:\/\/uelzener.de\/magazin\/wp-json\/wp\/v2\/pages\/10203","targetHints":{"allow":["GET"]}}],"collection":[{"href":"https:\/\/uelzener.de\/magazin\/wp-json\/wp\/v2\/pages"}],"about":[{"href":"https:\/\/uelzener.de\/magazin\/wp-json\/wp\/v2\/types\/page"}],"author":[{"embeddable":true,"href":"https:\/\/uelzener.de\/magazin\/wp-json\/wp\/v2\/users\/1"}],"replies":[{"embeddable":true,"href":"https:\/\/uelzener.de\/magazin\/wp-json\/wp\/v2\/comments?post=10203"}],"version-history":[{"count":10,"href":"https:\/\/uelzener.de\/magazin\/wp-json\/wp\/v2\/pages\/10203\/revisions"}],"predecessor-version":[{"id":16603,"href":"https:\/\/uelzener.de\/magazin\/wp-json\/wp\/v2\/pages\/10203\/revisions\/16603"}],"up":[{"embeddable":true,"href":"https:\/\/uelzener.de\/magazin\/wp-json\/wp\/v2\/pages\/11709"}],"wp:featuredmedia":[{"embeddable":true,"href":"https:\/\/uelzener.de\/magazin\/wp-json\/wp\/v2\/media\/14879"}],"wp:attachment":[{"href":"https:\/\/uelzener.de\/magazin\/wp-json\/wp\/v2\/media?parent=10203"}],"curies":[{"name":"wp","href":"https:\/\/api.w.org\/{rel}","templated":true}]}}