{"id":10201,"date":"2023-12-15T10:00:00","date_gmt":"2023-12-15T09:00:00","guid":{"rendered":""},"modified":"2024-07-01T16:05:11","modified_gmt":"2024-07-01T14:05:11","slug":"katze-winter","status":"publish","type":"page","link":"https:\/\/uelzener.de\/magazin\/katze\/tiergesundheit\/katze-winter\/","title":{"rendered":"Katzen im Winter: K\u00f6nnen sie drau\u00dfen schlafen?"},"content":{"rendered":"<p>K\u00e4lte, Schnee, Eis: Viele Katzen halten sich im Winter lieber im Haus auf. Andere entpuppen sich als kleine Schneeleoparden und wollen nicht mal nachts ins Haus. Doch ist das unbedenklich auch bei Minusgraden? Wir geben dir Einblicke in das Verhalten der Katze im Winter.<\/p>\n<h2>Schlafen Katzen im Winter mehr?<\/h2>\n<p>Nat\u00fcrlich h\u00e4ngt die Schlafmenge von Katzen im Winter vom Alter sowie der Aktivit\u00e4t der jeweiligen Katze ab. Im Durchschnitt schlummern Katzen n\u00e4mlich t\u00e4glich bereits zwischen 12 und 16 Stunden \u2013 jedoch nicht kontinuierlich, sondern auf mehrere Einheiten verteilt durch Bewegungs- und Futterzeiten unterbrochen. W\u00e4hrend der Wintermonate k\u00f6nnen sie sogar bis zu 20 Stunden schlafen. <a href=\"https:\/\/uelzener.de\/magazin\/katze\/haltung\/vom-katzenbaby-zur-jungkatze-entwicklung-kitten\/\" target=\"_blank\" rel=\"noopener\">K\u00e4tzchen<\/a> wiederum verbringen sogar rund 90 % des Tages schlafend. Im Allgemeinen schlafen Katzen im Winter also etwas mehr als in w\u00e4rmeren Jahreszeiten. Dies liegt daran, dass die Tage k\u00fcrzer werden und die Temperaturen sinken, was dazu f\u00fchren kann, dass Katzen sich h\u00e4ufiger zur\u00fcckziehen und mehr Zeit drinnen verbringen. In der Natur tendieren viele Tiere dazu, w\u00e4hrend der kalten Jahreszeit ihre Aktivit\u00e4ten zu reduzieren, um Energie zu sparen und sich vor den Elementen zu sch\u00fctzen. Katzen sind da keine Ausnahme. Es ist daher wichtig sicherzustellen, dass sie w\u00e4hrend dieser Zeit einen warmen und gem\u00fctlichen Schlafplatz haben.<\/p>\n<h2>Friert meine Katze drau\u00dfen im Winter?<\/h2>\n<p>Die Gefahr, dass eine Katze friert, ist bei Freig\u00e4ngern gering. Sie bilden im Winter ein dickes Fell mit isolierender Unterwolle aus, sodass Minusgrade kein Problem darstellen. Anders sieht es bei reinen Wohnungskatzen aus: Ihr Fell ist im Winter nicht warm genug, um pl\u00f6tzlich vor die T\u00fcr gesetzt zu werden und so kann es sein, dass deine <a href=\"https:\/\/uelzener.de\/magazin\/katze\/tiergesundheit\/frieren-katzen-bei-kaelte\/\">Katze dann bei K\u00e4lte friert<\/a>. Besonders beim Fellwechsel kannst du deine Katze unterst\u00fctzen. Das lose Fell wird f\u00fcr die Samtpfote schnell l\u00e4stig und landet beim Putzen im Magen der Katze. Regelm\u00e4\u00dfiges B\u00fcrsten ist Pflicht.<\/p>\n<h3>K\u00f6nnen Katzen im Winter nachts drau\u00dfen bleiben?<\/h3>\n<p>Es ist generell nicht ratsam, Katzen w\u00e4hrend der kalten Wintermonate drau\u00dfen \u00fcber Nacht zu lassen. Auch wenn Katzen ein dickes Fell haben, k\u00f6nnen sie dennoch unter den extremen Temperaturen leiden. Besonders bei Minusgraden besteht die Gefahr von Erfrierungen oder Unterk\u00fchlung, insbesondere an den empfindlichen Ohren, Pfoten und der Nase. Es ist sicherer, Katzen w\u00e4hrend der Nacht im Haus zu behalten, wo sie warm und gesch\u00fctzt sind. Wenn deine Katze unbedingt nach drau\u00dfen m\u00f6chte, stelle sicher, dass sie Zugang zu einem warmen und trockenen R\u00fcckzugsort hat und dass sie nicht zu lange drau\u00dfen bleibt.<\/p>\n<p>Freig\u00e4nger brauchen trotz ihres dicken Fells immer Zugang zu einem gesch\u00fctzten Platz. Am g\u00fcnstigsten ist nat\u00fcrlich eine Katzenklappe. Jeder Katzenbesitzer kennt das: Manche Katzen k\u00f6nnen sich einfach nicht entscheiden, ob sie hinauswollen oder lieber drinnen bleiben. Ohne Klappe wird man schnell zum pers\u00f6nlichen Pf\u00f6rtner seiner Katze, die st\u00e4ndig vor der T\u00fcr steht und miaut.<\/p>\n<p>Wer keine Klappe anbringen mag, kann Zugang zu einem Schuppen anbieten oder eine Wetterh\u00fctte aufstellen, die innen mit Stroh ausgepolstert wird. Die \u00d6ffnung sollte auf der wetterabgewandten Seite liegen, sodass der Regen nicht ins H\u00e4uschen schl\u00e4gt. Hier kann die Katze sich verkriechen, wenn es ihr zu ungem\u00fctlich wird.<\/p>\n<h2>K\u00f6nnen Katzen im Winter drau\u00dfen schlafen?<\/h2>\n<p>Katzen k\u00f6nnen grunds\u00e4tzlich drau\u00dfen schlafen, auch im Winter. Allerdings sollten einige Dinge beachtet werden, um sicherzustellen, dass sie gesund und sicher bleiben. Hier sind ein paar Tipps:<\/p>\n<ol>\n<li>Ein warmer Schlafplatz: Stelle sicher, dass deine Katze Zugang zu einem warmen und trockenen Schlafplatz hat, wie z. B. einer isolierten Katzenh\u00fctte oder einem gesch\u00fctzten Bereich wie einem Schuppen oder einer Garage.<\/li>\n<li>Warme Decken oder Bett: Lege warme Decken oder ein gem\u00fctliches Katzenbett in den Schlafplatz, um zus\u00e4tzliche W\u00e4rme zu bieten.<\/li>\n<li>Schutz vor K\u00e4lte und Feuchtigkeit: Achte darauf, dass der Schlafplatz vor Wind, Regen und Schnee gesch\u00fctzt ist. Eine isolierte Katzenh\u00fctte oder ein spezielles Katzenhaus k\u00f6nnen dabei helfen, die K\u00e4lte drau\u00dfen zu halten.<\/li>\n<li>Regelm\u00e4\u00dfige Kontrolle: \u00dcberpr\u00fcfe nicht nur anfangs regelm\u00e4\u00dfig den Schlafplatz deiner Katze, um sicherzustellen, dass er trocken und warm ist. Wenn die Temperaturen extrem sinken, solltest du deine Katze m\u00f6glicherweise drinnen behalten.<\/li>\n<\/ol>\n<p>Es ist wichtig zu beachten, dass nicht alle Katzen den gleichen Bed\u00fcrfnissen entsprechen. Einige Katzen sind robuster und besser an niedrige Temperaturen angepasst als andere. Beobachte das Verhalten deiner Katze und passe entsprechend ihre Schlafumgebung an, um sicherzustellen, dass sie sich wohlf\u00fchlt und gesund bleibt.<\/p>\n\n<div class=\"banner\">\n    <a href=\"https:\/\/uelzener.de\/katze?agt=0000104925&sem=true&utm_medium=magazin&utm_source=wordpress&utm_campaign=katze&utm_content=banner\">\n        <img decoding=\"async\" width=\"300\" height=\"212\" src=\"https:\/\/uelzener.de\/magazin\/app\/uploads\/2025\/01\/Katzenversicherung.jpg\" class=\"attachment-medium size-medium\" alt=\"Banner Katzenversicherung\" \/>    <\/a>\n<\/div>\n\n<h2>Trinkwasser f\u00fcr Katzen vor Frost sch\u00fctzen<\/h2>\n<p>Wasser ist f\u00fcr Katzen lebensnotwendig. F\u00fcr Wassern\u00e4pfe besteht bei Frost jedoch die Gefahr des Einfrierens. Achte darauf, dass die Katze zu jeder Zeit einen Ort zum Trinken hat. Auch hier ist ein Schuppen oder eine Wetterh\u00fctte eine gute M\u00f6glichkeit, wenn nicht zu jeder Zeit der Zugang nach drinnen besteht. Das Wasser ist hier gesch\u00fctzter vor Minusgraden.<\/p>\n<p>Warum ist eine Katzentoilette im Winter wichtig?<\/p>\n<p>Beim Gang zum stillen \u00d6rtchen k\u00f6nnen sich im Winter Probleme ergeben: Bei Dauerfrost ist es der Katze unm\u00f6glich, ihr Gesch\u00e4ft drau\u00dfen angemessen zu vergraben. Auch Regen h\u00e4lt viele Katzen davon ab, nach drau\u00dfen zu gehen. Eine Katzentoilette im Haus oder Schuppen sollte daher f\u00fcr die Katze immer erreichbar sein.<\/p>\n<p>Bei trockener Luft sollte man Wasserschalen aufstellen, damit die Schleimh\u00e4ute von Katzen (und Menschen) nicht austrocknen.<\/p>\n<h2>Lieblingsbesch\u00e4ftigung im Winter: Vogeljagd<\/h2>\n<p>Bei einer Sache vergessen Katzen sogar Schnee und Eis: die winterliche Vogelf\u00fctterung. Um zu verhindern, dass die Katze es bei ihrem Jagdeifer zu weit treibt, sollte man das Vogelh\u00e4uschen zwei Meter vom n\u00e4chsten Busch aufstellen. Auf freier Fl\u00e4che hat die Samtpfote keine Gelegenheit, sich anzuschleichen. Den Futterplatz solltest du au\u00dferdem ziemlich hoch aufh\u00e4ngen. So kann die Katze nicht mit einem Sprung heraufspringen.<\/p>\n<h2>Besch\u00e4ftigung drinnen im Winter f\u00fcr Katzen<\/h2>\n<p>\u00c4hnlich den Besch\u00e4ftigungen f\u00fcr reine <a href=\"https:\/\/uelzener.de\/magazin\/katze\/haltung\/wohnungskatze-beschaeftigen\/\" target=\"_blank\" rel=\"noopener\">Wohnungskatzen<\/a> k\u00f6nnen die Drinnen-Aktivit\u00e4ten f\u00fcr Katzen im Winter aussehen:<\/p>\n<ul>\n<li>Krallenwetzen, Turnstunde und Entspannung: Ein Kratzbaum ist eine sch\u00f6ne M\u00f6glichkeit, die Stubentiger bei Laune zu halten.<\/li>\n<li>Gerade die Zeit im Winter kannst du nutzen, um zum Beispiel mit dem <a href=\"https:\/\/uelzener.de\/magazin\/katze\/erziehung-und-training\/clickertraining-katzen-apportieren-beibringen\/\" target=\"_blank\" rel=\"noopener\">Clicker-Training<\/a> zu starten.<\/li>\n<li>Manchmal muss Spielzeug auch nicht teuer sein. Unser Tipp: Ein <a href=\"https:\/\/uelzener.de\/magazin\/katze\/haeufige-fragen\/katze-karton\/\" target=\"_blank\" rel=\"noopener\">Pappkarton<\/a>. Die Anziehung ist bei fast jeder Katze grenzenlos und die Langeweile rutscht stundenlang in den Hintergrund.<\/li>\n<li>Der Winter ist auch ideal, um neues Spielzeug zu kaufen. Freig\u00e4nger, die bei winterlichem Wetter lieber drinnen bleiben, k\u00f6nnen sich so ausgiebig mit der Neuanschaffung auseinandersetzen.<\/li>\n<\/ul>\n<p>Das Anti-Langeweile-Programm kann beginnen. Und grunds\u00e4tzlich freuen sich Katzen an langen, kalten Winterabenden \u00fcber eine extra Spielrunde mit ihren Menschen.<\/p>\n\n<div class=\"related_articles boxed\">\n    <h2>Mehr zum Thema<\/h2>\n    \n    <div class=\"wrapper\"><div class=\"title align-center\"><h3><a href=\"https:\/\/uelzener.de\/magazin\/katze\/haeufige-fragen\/katze-zerkratzt-sofa\/\">Katze zerkratzt Sofa: Was tun?<\/a><\/h3><\/div><div class=\"img align-center\"><img decoding=\"async\" width=\"315\" height=\"180\" src=\"https:\/\/uelzener.de\/magazin\/app\/uploads\/2023\/03\/katze-zerkratzt-sofa-315x180.jpg\" class=\"attachment-315x180 size-315x180 wp-post-image\" alt=\"Getigerte Katze zerkratzt graues Sofa.\" \/><\/div><\/div><div class=\"wrapper\"><div class=\"title align-center\"><h3><a href=\"https:\/\/uelzener.de\/magazin\/katze\/haltung\/den-richtigen-kratzbaum-waehlen\/\">Den richtigen Kratzbaum w\u00e4hlen: Praktische Tipps zum Kauf<\/a><\/h3><\/div><div class=\"img align-center\"><img decoding=\"async\" width=\"315\" height=\"180\" src=\"https:\/\/uelzener.de\/magazin\/app\/uploads\/2024\/05\/kratzbaum-315x180.jpg\" class=\"attachment-315x180 size-315x180 wp-post-image\" alt=\"Katze steht auf Kratzbaum.\" \/><\/div><\/div><\/div>\n\n<p>Drinnen kann man es der Katze im Winter auch kuschelig machen, wenn ihr gerade nicht Bewegung ist. Das Beste ist nat\u00fcrlich ein warmer Platz auf der Fensterbank \u00fcber der Heizung, mit Blick in den Garten. Besonders an kalten Wintertagen ist die Fensterbank n\u00e4mlich einer der beliebtesten Pl\u00e4tze f\u00fcr Katzen. Also Pflanzen und Deko gegen eine Katzendecke tauschen. Aber auch ein in Heizungsn\u00e4he aufgestelltes K\u00f6rbchen ist genau richtig.<\/p>\n","protected":false},"excerpt":{"rendered":"<p>K\u00e4lte, Schnee, Eis: Viele Katzen halten sich im Winter lieber im Haus auf. Andere entpuppen sich als kleine Schneeleoparden und wollen nicht mal nachts ins Haus. Doch ist das unbedenklich auch bei Minusgraden? Wir geben dir Einblicke in das Verhalten der Katze im Winter. Schlafen Katzen im Winter mehr? Nat\u00fcrlich h\u00e4ngt die Schlafmenge von Katzen [&hellip;]<\/p>\n","protected":false},"author":1,"featured_media":10790,"parent":11712,"menu_order":55,"comment_status":"open","ping_status":"open","template":"templates\/blog.php","meta":{"_acf_changed":false,"_crdt_document":"","footnotes":"","beyondwords_generate_audio":"0","beyondwords_project_id":"","beyondwords_content_id":"","beyondwords_preview_token":"","beyondwords_player_style":"","beyondwords_language_id":"","beyondwords_title_voice_id":"","beyondwords_body_voice_id":"","beyondwords_summary_voice_id":"","beyondwords_error_message":"","beyondwords_disabled":"","beyondwords_delete_content":"","beyondwords_podcast_id":"","beyondwords_hash":"","publish_post_to_speechkit":"","speechkit_hash":"","speechkit_generate_audio":"","speechkit_project_id":"","speechkit_podcast_id":"","speechkit_error_message":"","speechkit_disabled":"","speechkit_access_key":"","speechkit_error":"","speechkit_info":"","speechkit_response":"","speechkit_retries":"","speechkit_status":"","speechkit_updated_at":"","_speechkit_link":"","_speechkit_text":""},"class_list":["post-10201","page","type-page","status-publish","has-post-thumbnail","hentry"],"acf":[],"yoast_head":"<!-- This site is optimized with the Yoast SEO Premium plugin  - https:\/\/yoast.com\/product\/yoast-seo-premium-wordpress\/ -->\n<title>Katzen im Winter \u2013 Tipps f\u00fcr die kalte Jahreszeit | Uelzener<\/title>\n<meta name=\"description\" content=\"Erfahre, wie deine Katze drinnen und drau\u00dfen gut \u00fcber den Winter kommt \u2713 Besch\u00e4ftigung \u2713 Au\u00dfenbereich gestalten \u25b6 Mehr lesen!\" \/>\n<meta name=\"robots\" content=\"index, follow, max-snippet:-1, max-image-preview:large, max-video-preview:-1\" \/>\n<link rel=\"canonical\" href=\"https:\/\/uelzener.de\/magazin\/katze\/tiergesundheit\/katze-winter\/\" \/>\n<meta property=\"og:locale\" content=\"de_DE\" \/>\n<meta property=\"og:type\" content=\"article\" \/>\n<meta property=\"og:title\" content=\"Katzen im Winter: K\u00f6nnen sie drau\u00dfen schlafen?\" \/>\n<meta property=\"og:description\" content=\"Erfahre, wie deine Katze drinnen und drau\u00dfen gut \u00fcber den Winter kommt \u2713 Besch\u00e4ftigung \u2713 Au\u00dfenbereich gestalten \u25b6 Mehr lesen!\" \/>\n<meta property=\"og:url\" content=\"https:\/\/uelzener.de\/magazin\/katze\/tiergesundheit\/katze-winter\/\" \/>\n<meta property=\"og:site_name\" content=\"Uelzener Tier-Magazin\" \/>\n<meta property=\"article:publisher\" content=\"https:\/\/www.facebook.com\/Uelzener\" \/>\n<meta property=\"article:modified_time\" content=\"2024-07-01T14:05:11+00:00\" \/>\n<meta property=\"og:image\" content=\"https:\/\/uelzener.de\/magazin\/app\/uploads\/2020\/01\/acc16db0-d4ee-40fa-8764-ae9484c63703.jpg\" \/>\n\t<meta property=\"og:image:width\" content=\"1706\" \/>\n\t<meta property=\"og:image:height\" content=\"889\" \/>\n\t<meta property=\"og:image:type\" content=\"image\/jpeg\" \/>\n<meta name=\"twitter:card\" content=\"summary_large_image\" \/>\n<meta name=\"twitter:label1\" content=\"Gesch\u00e4tzte Lesezeit\" \/>\n\t<meta name=\"twitter:data1\" content=\"5\u00a0Minuten\" \/>\n<script type=\"application\/ld+json\" class=\"yoast-schema-graph\">{\"@context\":\"https:\/\/schema.org\",\"@graph\":[{\"@type\":\"WebPage\",\"@id\":\"https:\/\/uelzener.de\/magazin\/katze\/tiergesundheit\/katze-winter\/\",\"url\":\"https:\/\/uelzener.de\/magazin\/katze\/tiergesundheit\/katze-winter\/\",\"name\":\"Katzen im Winter \u2013 Tipps f\u00fcr die kalte Jahreszeit | Uelzener\",\"isPartOf\":{\"@id\":\"https:\/\/uelzener.de\/magazin\/#website\"},\"primaryImageOfPage\":{\"@id\":\"https:\/\/uelzener.de\/magazin\/katze\/tiergesundheit\/katze-winter\/#primaryimage\"},\"image\":{\"@id\":\"https:\/\/uelzener.de\/magazin\/katze\/tiergesundheit\/katze-winter\/#primaryimage\"},\"thumbnailUrl\":\"https:\/\/uelzener.de\/magazin\/app\/uploads\/2020\/01\/acc16db0-d4ee-40fa-8764-ae9484c63703.jpg\",\"datePublished\":\"2023-12-15T09:00:00+00:00\",\"dateModified\":\"2024-07-01T14:05:11+00:00\",\"description\":\"Erfahre, wie deine Katze drinnen und drau\u00dfen gut \u00fcber den Winter kommt \u2713 Besch\u00e4ftigung \u2713 Au\u00dfenbereich gestalten \u25b6 Mehr lesen!\",\"breadcrumb\":{\"@id\":\"https:\/\/uelzener.de\/magazin\/katze\/tiergesundheit\/katze-winter\/#breadcrumb\"},\"inLanguage\":\"de\",\"potentialAction\":[{\"@type\":\"ReadAction\",\"target\":[\"https:\/\/uelzener.de\/magazin\/katze\/tiergesundheit\/katze-winter\/\"]}]},{\"@type\":\"ImageObject\",\"inLanguage\":\"de\",\"@id\":\"https:\/\/uelzener.de\/magazin\/katze\/tiergesundheit\/katze-winter\/#primaryimage\",\"url\":\"https:\/\/uelzener.de\/magazin\/app\/uploads\/2020\/01\/acc16db0-d4ee-40fa-8764-ae9484c63703.jpg\",\"contentUrl\":\"https:\/\/uelzener.de\/magazin\/app\/uploads\/2020\/01\/acc16db0-d4ee-40fa-8764-ae9484c63703.jpg\",\"width\":1706,\"height\":889,\"caption\":\"Eine kleine schwarz wei\u00dfe Katze rennt durch den vom Schnee bedeckten Boden. Der Winter macht ihr nichts aus.\"},{\"@type\":\"WebSite\",\"@id\":\"https:\/\/uelzener.de\/magazin\/#website\",\"url\":\"https:\/\/uelzener.de\/magazin\/\",\"name\":\"Uelzener Tiermagazin\",\"description\":\"Online Tierratgeber der Uelzener Versicherungen\",\"publisher\":{\"@id\":\"https:\/\/uelzener.de\/magazin\/#organization\"},\"potentialAction\":[{\"@type\":\"SearchAction\",\"target\":{\"@type\":\"EntryPoint\",\"urlTemplate\":\"https:\/\/uelzener.de\/magazin\/?s={search_term_string}\"},\"query-input\":{\"@type\":\"PropertyValueSpecification\",\"valueRequired\":true,\"valueName\":\"search_term_string\"}}],\"inLanguage\":\"de\"},{\"@type\":\"Organization\",\"@id\":\"https:\/\/uelzener.de\/magazin\/#organization\",\"name\":\"Uelzener Versicherungen\",\"url\":\"https:\/\/uelzener.de\/magazin\/\",\"logo\":{\"@type\":\"ImageObject\",\"inLanguage\":\"de\",\"@id\":\"https:\/\/uelzener.de\/magazin\/#\/schema\/logo\/image\/\",\"url\":\"https:\/\/uelzener.de\/magazin\/app\/uploads\/2024\/11\/uelzener_allgemeine_versicherungsgesellschaft_a_g_logo.jpg\",\"contentUrl\":\"https:\/\/uelzener.de\/magazin\/app\/uploads\/2024\/11\/uelzener_allgemeine_versicherungsgesellschaft_a_g_logo.jpg\",\"width\":200,\"height\":200,\"caption\":\"Uelzener Versicherungen\"},\"image\":{\"@id\":\"https:\/\/uelzener.de\/magazin\/#\/schema\/logo\/image\/\"},\"sameAs\":[\"https:\/\/www.facebook.com\/Uelzener\",\"https:\/\/instagram.com\/uelzener\",\"https:\/\/www.xing.com\/pages\/uelzenerallgemeineversicherungs-gesellschafta-g\",\"https:\/\/www.youtube.com\/UelzenerVersicherungen\"]}]}<\/script>\n<!-- \/ Yoast SEO Premium plugin. -->","yoast_head_json":{"title":"Katzen im Winter \u2013 Tipps f\u00fcr die kalte Jahreszeit | Uelzener","description":"Erfahre, wie deine Katze drinnen und drau\u00dfen gut \u00fcber den Winter kommt \u2713 Besch\u00e4ftigung \u2713 Au\u00dfenbereich gestalten \u25b6 Mehr lesen!","robots":{"index":"index","follow":"follow","max-snippet":"max-snippet:-1","max-image-preview":"max-image-preview:large","max-video-preview":"max-video-preview:-1"},"canonical":"https:\/\/uelzener.de\/magazin\/katze\/tiergesundheit\/katze-winter\/","og_locale":"de_DE","og_type":"article","og_title":"Katzen im Winter: K\u00f6nnen sie drau\u00dfen schlafen?","og_description":"Erfahre, wie deine Katze drinnen und drau\u00dfen gut \u00fcber den Winter kommt \u2713 Besch\u00e4ftigung \u2713 Au\u00dfenbereich gestalten \u25b6 Mehr lesen!","og_url":"https:\/\/uelzener.de\/magazin\/katze\/tiergesundheit\/katze-winter\/","og_site_name":"Uelzener Tier-Magazin","article_publisher":"https:\/\/www.facebook.com\/Uelzener","article_modified_time":"2024-07-01T14:05:11+00:00","og_image":[{"width":1706,"height":889,"url":"https:\/\/uelzener.de\/magazin\/app\/uploads\/2020\/01\/acc16db0-d4ee-40fa-8764-ae9484c63703.jpg","type":"image\/jpeg"}],"twitter_card":"summary_large_image","twitter_misc":{"Gesch\u00e4tzte Lesezeit":"5\u00a0Minuten"},"schema":{"@context":"https:\/\/schema.org","@graph":[{"@type":"WebPage","@id":"https:\/\/uelzener.de\/magazin\/katze\/tiergesundheit\/katze-winter\/","url":"https:\/\/uelzener.de\/magazin\/katze\/tiergesundheit\/katze-winter\/","name":"Katzen im Winter \u2013 Tipps f\u00fcr die kalte Jahreszeit | Uelzener","isPartOf":{"@id":"https:\/\/uelzener.de\/magazin\/#website"},"primaryImageOfPage":{"@id":"https:\/\/uelzener.de\/magazin\/katze\/tiergesundheit\/katze-winter\/#primaryimage"},"image":{"@id":"https:\/\/uelzener.de\/magazin\/katze\/tiergesundheit\/katze-winter\/#primaryimage"},"thumbnailUrl":"https:\/\/uelzener.de\/magazin\/app\/uploads\/2020\/01\/acc16db0-d4ee-40fa-8764-ae9484c63703.jpg","datePublished":"2023-12-15T09:00:00+00:00","dateModified":"2024-07-01T14:05:11+00:00","description":"Erfahre, wie deine Katze drinnen und drau\u00dfen gut \u00fcber den Winter kommt \u2713 Besch\u00e4ftigung \u2713 Au\u00dfenbereich gestalten \u25b6 Mehr lesen!","breadcrumb":{"@id":"https:\/\/uelzener.de\/magazin\/katze\/tiergesundheit\/katze-winter\/#breadcrumb"},"inLanguage":"de","potentialAction":[{"@type":"ReadAction","target":["https:\/\/uelzener.de\/magazin\/katze\/tiergesundheit\/katze-winter\/"]}]},{"@type":"ImageObject","inLanguage":"de","@id":"https:\/\/uelzener.de\/magazin\/katze\/tiergesundheit\/katze-winter\/#primaryimage","url":"https:\/\/uelzener.de\/magazin\/app\/uploads\/2020\/01\/acc16db0-d4ee-40fa-8764-ae9484c63703.jpg","contentUrl":"https:\/\/uelzener.de\/magazin\/app\/uploads\/2020\/01\/acc16db0-d4ee-40fa-8764-ae9484c63703.jpg","width":1706,"height":889,"caption":"Eine kleine schwarz wei\u00dfe Katze rennt durch den vom Schnee bedeckten Boden. Der Winter macht ihr nichts aus."},{"@type":"WebSite","@id":"https:\/\/uelzener.de\/magazin\/#website","url":"https:\/\/uelzener.de\/magazin\/","name":"Uelzener Tiermagazin","description":"Online Tierratgeber der Uelzener Versicherungen","publisher":{"@id":"https:\/\/uelzener.de\/magazin\/#organization"},"potentialAction":[{"@type":"SearchAction","target":{"@type":"EntryPoint","urlTemplate":"https:\/\/uelzener.de\/magazin\/?s={search_term_string}"},"query-input":{"@type":"PropertyValueSpecification","valueRequired":true,"valueName":"search_term_string"}}],"inLanguage":"de"},{"@type":"Organization","@id":"https:\/\/uelzener.de\/magazin\/#organization","name":"Uelzener Versicherungen","url":"https:\/\/uelzener.de\/magazin\/","logo":{"@type":"ImageObject","inLanguage":"de","@id":"https:\/\/uelzener.de\/magazin\/#\/schema\/logo\/image\/","url":"https:\/\/uelzener.de\/magazin\/app\/uploads\/2024\/11\/uelzener_allgemeine_versicherungsgesellschaft_a_g_logo.jpg","contentUrl":"https:\/\/uelzener.de\/magazin\/app\/uploads\/2024\/11\/uelzener_allgemeine_versicherungsgesellschaft_a_g_logo.jpg","width":200,"height":200,"caption":"Uelzener Versicherungen"},"image":{"@id":"https:\/\/uelzener.de\/magazin\/#\/schema\/logo\/image\/"},"sameAs":["https:\/\/www.facebook.com\/Uelzener","https:\/\/instagram.com\/uelzener","https:\/\/www.xing.com\/pages\/uelzenerallgemeineversicherungs-gesellschafta-g","https:\/\/www.youtube.com\/UelzenerVersicherungen"]}]}},"_links":{"self":[{"href":"https:\/\/uelzener.de\/magazin\/wp-json\/wp\/v2\/pages\/10201","targetHints":{"allow":["GET"]}}],"collection":[{"href":"https:\/\/uelzener.de\/magazin\/wp-json\/wp\/v2\/pages"}],"about":[{"href":"https:\/\/uelzener.de\/magazin\/wp-json\/wp\/v2\/types\/page"}],"author":[{"embeddable":true,"href":"https:\/\/uelzener.de\/magazin\/wp-json\/wp\/v2\/users\/1"}],"replies":[{"embeddable":true,"href":"https:\/\/uelzener.de\/magazin\/wp-json\/wp\/v2\/comments?post=10201"}],"version-history":[{"count":15,"href":"https:\/\/uelzener.de\/magazin\/wp-json\/wp\/v2\/pages\/10201\/revisions"}],"predecessor-version":[{"id":17581,"href":"https:\/\/uelzener.de\/magazin\/wp-json\/wp\/v2\/pages\/10201\/revisions\/17581"}],"up":[{"embeddable":true,"href":"https:\/\/uelzener.de\/magazin\/wp-json\/wp\/v2\/pages\/11712"}],"wp:featuredmedia":[{"embeddable":true,"href":"https:\/\/uelzener.de\/magazin\/wp-json\/wp\/v2\/media\/10790"}],"wp:attachment":[{"href":"https:\/\/uelzener.de\/magazin\/wp-json\/wp\/v2\/media?parent=10201"}],"curies":[{"name":"wp","href":"https:\/\/api.w.org\/{rel}","templated":true}]}}