{"id":10200,"date":"2022-12-16T16:00:00","date_gmt":"2022-12-16T15:00:00","guid":{"rendered":""},"modified":"2026-02-03T12:49:43","modified_gmt":"2026-02-03T11:49:43","slug":"katze-silvester","status":"publish","type":"page","link":"https:\/\/uelzener.de\/magazin\/katze\/tiergesundheit\/katze-silvester\/","title":{"rendered":"Gemeinsam mit Katzen Silvester sicher verbringen"},"content":{"rendered":"<p>Der kalte Winter sowie das Silvesterfest beeinflusst den Alltag unserer Katzen. Gefahren f\u00fcr unsere Stubentiger lauern \u00fcberall. Der Besuch beim Tierarzt wegen Schnee oder Lametta ist keine Seltenheit. Mit unseren Tipps kannst du gemeinsam <a href=\"https:\/\/uelzener.de\/magazin\/katze\/ernaehrung\/katzen-und-weihnachtsessen-was-ist-fuer-katzen-sicher\/\">mit deiner Katze Weihnachten<\/a>, Silvester und Schneefall genie\u00dfen!<\/p>\n<h2>Katzen an Silvester nicht alleine lassen<\/h2>\n<p>Raketen und B\u00f6ller sind f\u00fcr Katzen ein Graus. Die lauten Ger\u00e4usche machen unseren Katzen an Silvester Angst. Deshalb lasse deine Samtpfoten an Silvester besser nicht alleine. Auch wenn viele Katzen den Anschein machen, keine Gesellschaft zu wollen, sind sie meist froh \u00fcber die Anwesenheit von Herrchen und Frauchen. Wenn die Katze sich ein Versteck sucht, lass sie in diesem Fall gew\u00e4hren, auch wenn normalerweise der Platz nichts f\u00fcr die Katze ist. Mit einer Lieblingsdecke an einer von der Knallerei abgewandten Seite des Hauses kannst du vorsorgen und der Katze eine weitere M\u00f6glichkeit schaffen.<\/p>\n<h2>Freig\u00e4nger an Silvester nicht nach drau\u00dfen lassen<\/h2>\n<p>Drau\u00dfen herumlaufen ist f\u00fcr Freig\u00e4ngerkatzen tabu! \u00c4ngstliche Katzen k\u00f6nnten sich tagelang verstecken. Und neugierige Vierbeiner sich an explodierten Blindg\u00e4ngern oder Glasscherben beim Spielen schwer verletzen. Damit du an Silvester keine wildgewordene Samtpfote in der Stube hast, weil der Weg nach drau\u00dfen versperrt ist, hilft \u00fcben. Beginne mit dem Training ruhig ein paar Tage oder Wochen vorher. Versuche die Zeiten im Freien immer mehr zu verk\u00fcrzen. So gew\u00f6hnt sich auch ein Freig\u00e4nger an seinen zwingend notwendigen Stubenarrest an Silvester.<\/p>\n<p>Weitere M\u00f6glichkeiten, um deine Katze zu trainieren und z. B. das Apportieren beizubringen, findest du in unserem Clickertraining-Artikel.<\/p>\n\n<div class=\"related_articles boxed\">\n    <h2>Mehr zum Thema<\/h2>\n    \n    <div class=\"wrapper\"><div class=\"title align-center\"><h3><a href=\"https:\/\/uelzener.de\/magazin\/katze\/tiergesundheit\/katze-durchfall-verdauung\/\">Katzenverdauung: H\u00e4ufigkeit des Stuhlgangs, Durchfall und Tipps f\u00fcr eine gesunde Verdauung<\/a><\/h3><\/div><div class=\"img align-center\"><img decoding=\"async\" width=\"315\" height=\"180\" src=\"https:\/\/uelzener.de\/magazin\/app\/uploads\/2023\/08\/katze-verdauung-durchfall-315x180.jpg\" class=\"attachment-315x180 size-315x180 wp-post-image\" alt=\"Katze verrichtet auf gr\u00fcnem Rasen ihr Gesch\u00e4ft.\" \/><\/div><\/div><div class=\"wrapper\"><div class=\"title align-center\"><h3><a href=\"https:\/\/uelzener.de\/magazin\/katze\/haeufige-fragen\/was-hilft-wenn-katze-angst-vor-gewitter-hat\/\">Was hilft, wenn die Katze Angst vor Gewitter hat?<\/a><\/h3><\/div><div class=\"img align-center\"><img decoding=\"async\" width=\"315\" height=\"180\" src=\"https:\/\/uelzener.de\/magazin\/app\/uploads\/2025\/05\/katze-angst-gewitter-315x180.jpg\" class=\"attachment-315x180 size-315x180 wp-post-image\" alt=\"Zwei Katzen auf Fensterbank. Drau\u00dfen regnet es. Das K\u00e4tzchen hat Angst vor Gewitter.\" \/><\/div><\/div><div class=\"wrapper\"><div class=\"title align-center\"><h3><a href=\"https:\/\/uelzener.de\/magazin\/katze\/erziehung-und-training\/clickertraining-katzen-apportieren-beibringen\/\">Clickertraining: Katzen apportieren beibringen<\/a><\/h3><\/div><div class=\"img align-center\"><img decoding=\"async\" width=\"315\" height=\"180\" src=\"https:\/\/uelzener.de\/magazin\/app\/uploads\/2023\/03\/clickertraining-katzen-lernen-315x180.jpg\" class=\"attachment-315x180 size-315x180 wp-post-image\" alt=\"Katzen mit Clickertraining und Leckerlis das Lernen beibringen.\" \/><\/div><\/div><\/div>\n\n<h2>Silvesterparty mit der Katze<\/h2>\n<p>Hat man<a href=\"https:\/\/uelzener.de\/magazin\/katze\/tipps-fuer-den-alltag\/katze-weihnachten\/\"> Weihnachten mit Katze<\/a> erst \u00fcberstanden, steht vielleicht auch schon die Silvesterparty bei dir an. Deine Katze freut sich zwar, nicht alleine zu sein, aber bei den Partyvorbereitungen sollte an den Stubentiger gedacht werden. Herrchen und Frauchen sollten weitestgehend auf Silvester-Deko verzichten. Sonst droht Verschluck-Gefahr. Der B\u00f6llerl\u00e4rm verursacht bei Katzen Stress. Kleine Detailver\u00e4nderungen des Katzenreviers (z. B. Umr\u00e4umen der Wohnung) und laute Musik sorgen bei unseren routineliebenden Katzen f\u00fcr noch mehr Nervosit\u00e4t. Versuche daher beides bei der Silvesterparty zu vermeiden.<\/p>\n<h2>Achtung Fremdk\u00f6rper: wenn die Katze etwas verschluckt<\/h2>\n<p>Kerzen, Lametta und Glaskugeln am Weihnachtsbaum oder Silvesterdekorationen wie Girlanden und Luftballons oder Luftschlangen regen zum Spielen an. F\u00fcr Katzen drohen Verbrennungen, Strangulation und Schnitte in den Pfoten, falls etwas kaputtgeht. Denk beim Dekorieren an dein Haustier. Nimm also lieber Plastikkugeln und Elektro-Kerzen. Auch an Schn\u00fcren und Geschenkb\u00e4ndern k\u00f6nnen sich Katzen verschlucken. Passe bei deinen Geschenken daher gut auf und verstecke die \u00dcberraschungen f\u00fcr deine Liebsten auch vor deiner Katze.<\/p>\n<h2>Freigang nach Silvester<\/h2>\n<p>Neben Silvester lauert f\u00fcr <a href=\"https:\/\/uelzener.de\/magazin\/katze\/tiergesundheit\/katze-winter\/\">Katzen im Winter<\/a> zus\u00e4tzlich die Gefahr des Schnees f\u00fcr unsere Katzen. Besonders bei Freig\u00e4ngern ist das zwar nicht immer m\u00f6glich, aber versuche deine Katze vom Schneefressen abzuhalten. Sonst droht eine Schneegastritis. Besonders Schmutz von B\u00f6llern, Split und Streusalz reizen die empfindlichen Magenschleimh\u00e4ute. Zeigt deine Katze ungew\u00f6hnliche Symptome, solltest du dem Tierarzt einen Besuch abstatten.<\/p>\n<h3>Anzeichen einer Schneegastritis<\/h3>\n<ul>\n<li>Erbrechen<\/li>\n<li>W\u00fcrgen<\/li>\n<li>Gurgeln im Bauchraum<\/li>\n<li>Fieber<\/li>\n<li>Bauchschmerzen<\/li>\n<li>(Blutiger) <a href=\"https:\/\/uelzener.de\/magazin\/katze\/tiergesundheit\/katze-durchfall-verdauung\/\">Durchfall<\/a><\/li>\n<\/ul>\n<p><a href=\"https:\/\/uelzener.de\/magazin\/katze\/tiergesundheit\/frieren-katzen-bei-kaelte\/\">K\u00e4lte ist f\u00fcr Katzen jedoch kein Problem<\/a>. Mit ihrem Fell sind die Vierbeiner vor Minusgraden und N\u00e4sse bestens gesch\u00fctzt. Katzen, aber auch Hunde und Pferde bilden durch das Winterfell eine isolierende Luftschicht. Die K\u00f6rperw\u00e4rme kann so besser gespeichert werden und die N\u00e4sse gelangt langsamer an die Haut der Tiere.<\/p>\n","protected":false},"excerpt":{"rendered":"<p>Der kalte Winter sowie das Silvesterfest beeinflusst den Alltag unserer Katzen. Gefahren f\u00fcr unsere Stubentiger lauern \u00fcberall. Der Besuch beim Tierarzt wegen Schnee oder Lametta ist keine Seltenheit. Mit unseren Tipps kannst du gemeinsam mit deiner Katze Weihnachten, Silvester und Schneefall genie\u00dfen! Katzen an Silvester nicht alleine lassen Raketen und B\u00f6ller sind f\u00fcr Katzen ein [&hellip;]<\/p>\n","protected":false},"author":11,"featured_media":14591,"parent":11712,"menu_order":54,"comment_status":"open","ping_status":"open","template":"templates\/blog.php","meta":{"_acf_changed":false,"_crdt_document":"","footnotes":"","beyondwords_generate_audio":"0","beyondwords_project_id":"","beyondwords_content_id":"","beyondwords_preview_token":"","beyondwords_player_style":"","beyondwords_language_id":"","beyondwords_title_voice_id":"","beyondwords_body_voice_id":"","beyondwords_summary_voice_id":"","beyondwords_error_message":"","beyondwords_disabled":"","beyondwords_delete_content":"","beyondwords_podcast_id":"","beyondwords_hash":"","publish_post_to_speechkit":"","speechkit_hash":"","speechkit_generate_audio":"","speechkit_project_id":"","speechkit_podcast_id":"","speechkit_error_message":"","speechkit_disabled":"","speechkit_access_key":"","speechkit_error":"","speechkit_info":"","speechkit_response":"","speechkit_retries":"","speechkit_status":"","speechkit_updated_at":"","_speechkit_link":"","_speechkit_text":""},"class_list":["post-10200","page","type-page","status-publish","has-post-thumbnail","hentry"],"acf":[],"yoast_head":"<!-- This site is optimized with the Yoast SEO Premium plugin  - https:\/\/yoast.com\/product\/yoast-seo-premium-wordpress\/ -->\n<title>Silvester f\u00fcr Katzen stressfrei gestalten | Uelzener Magazin<\/title>\n<meta name=\"description\" content=\"Die Silvesternacht mit deiner Katze sicher verbringen \u2713 Verletzungen &amp; Angst vermeiden \u2713 Gefahren auch nach Silvester erkennen \u25b6 Mehr lesen!\" \/>\n<meta name=\"robots\" content=\"index, follow, max-snippet:-1, max-image-preview:large, max-video-preview:-1\" \/>\n<link rel=\"canonical\" href=\"https:\/\/uelzener.de\/magazin\/katze\/tiergesundheit\/katze-silvester\/\" \/>\n<meta property=\"og:locale\" content=\"de_DE\" \/>\n<meta property=\"og:type\" content=\"article\" \/>\n<meta property=\"og:title\" content=\"Gemeinsam mit Katzen Silvester sicher verbringen\" \/>\n<meta property=\"og:description\" content=\"Die Silvesternacht mit deiner Katze sicher verbringen \u2713 Verletzungen &amp; Angst vermeiden \u2713 Gefahren auch nach Silvester erkennen \u25b6 Mehr lesen!\" \/>\n<meta property=\"og:url\" content=\"https:\/\/uelzener.de\/magazin\/katze\/tiergesundheit\/katze-silvester\/\" \/>\n<meta property=\"og:site_name\" content=\"Uelzener Tier-Magazin\" \/>\n<meta property=\"article:publisher\" content=\"https:\/\/www.facebook.com\/Uelzener\" \/>\n<meta property=\"article:modified_time\" content=\"2026-02-03T11:49:43+00:00\" \/>\n<meta property=\"og:image\" content=\"https:\/\/uelzener.de\/magazin\/app\/uploads\/2022\/12\/katze-silvester.jpg\" \/>\n\t<meta property=\"og:image:width\" content=\"1025\" \/>\n\t<meta property=\"og:image:height\" content=\"450\" \/>\n\t<meta property=\"og:image:type\" content=\"image\/jpeg\" \/>\n<meta name=\"twitter:card\" content=\"summary_large_image\" \/>\n<meta name=\"twitter:label1\" content=\"Gesch\u00e4tzte Lesezeit\" \/>\n\t<meta name=\"twitter:data1\" content=\"4\u00a0Minuten\" \/>\n<script type=\"application\/ld+json\" class=\"yoast-schema-graph\">{\"@context\":\"https:\/\/schema.org\",\"@graph\":[{\"@type\":\"WebPage\",\"@id\":\"https:\/\/uelzener.de\/magazin\/katze\/tiergesundheit\/katze-silvester\/\",\"url\":\"https:\/\/uelzener.de\/magazin\/katze\/tiergesundheit\/katze-silvester\/\",\"name\":\"Silvester f\u00fcr Katzen stressfrei gestalten | Uelzener Magazin\",\"isPartOf\":{\"@id\":\"https:\/\/uelzener.de\/magazin\/#website\"},\"primaryImageOfPage\":{\"@id\":\"https:\/\/uelzener.de\/magazin\/katze\/tiergesundheit\/katze-silvester\/#primaryimage\"},\"image\":{\"@id\":\"https:\/\/uelzener.de\/magazin\/katze\/tiergesundheit\/katze-silvester\/#primaryimage\"},\"thumbnailUrl\":\"https:\/\/uelzener.de\/magazin\/app\/uploads\/2022\/12\/katze-silvester.jpg\",\"datePublished\":\"2022-12-16T15:00:00+00:00\",\"dateModified\":\"2026-02-03T11:49:43+00:00\",\"description\":\"Die Silvesternacht mit deiner Katze sicher verbringen \u2713 Verletzungen & Angst vermeiden \u2713 Gefahren auch nach Silvester erkennen \u25b6 Mehr lesen!\",\"breadcrumb\":{\"@id\":\"https:\/\/uelzener.de\/magazin\/katze\/tiergesundheit\/katze-silvester\/#breadcrumb\"},\"inLanguage\":\"de\",\"potentialAction\":[{\"@type\":\"ReadAction\",\"target\":[\"https:\/\/uelzener.de\/magazin\/katze\/tiergesundheit\/katze-silvester\/\"]}]},{\"@type\":\"ImageObject\",\"inLanguage\":\"de\",\"@id\":\"https:\/\/uelzener.de\/magazin\/katze\/tiergesundheit\/katze-silvester\/#primaryimage\",\"url\":\"https:\/\/uelzener.de\/magazin\/app\/uploads\/2022\/12\/katze-silvester.jpg\",\"contentUrl\":\"https:\/\/uelzener.de\/magazin\/app\/uploads\/2022\/12\/katze-silvester.jpg\",\"width\":1025,\"height\":450,\"caption\":\"Eine Katze schaut \u00e4ngstlich unter einer Decke hervor. Hat sie Angst vor dem L\u00e4rm an Silvester?\"},{\"@type\":\"WebSite\",\"@id\":\"https:\/\/uelzener.de\/magazin\/#website\",\"url\":\"https:\/\/uelzener.de\/magazin\/\",\"name\":\"Uelzener Tiermagazin\",\"description\":\"Online Tierratgeber der Uelzener Versicherungen\",\"publisher\":{\"@id\":\"https:\/\/uelzener.de\/magazin\/#organization\"},\"potentialAction\":[{\"@type\":\"SearchAction\",\"target\":{\"@type\":\"EntryPoint\",\"urlTemplate\":\"https:\/\/uelzener.de\/magazin\/?s={search_term_string}\"},\"query-input\":{\"@type\":\"PropertyValueSpecification\",\"valueRequired\":true,\"valueName\":\"search_term_string\"}}],\"inLanguage\":\"de\"},{\"@type\":\"Organization\",\"@id\":\"https:\/\/uelzener.de\/magazin\/#organization\",\"name\":\"Uelzener Versicherungen\",\"url\":\"https:\/\/uelzener.de\/magazin\/\",\"logo\":{\"@type\":\"ImageObject\",\"inLanguage\":\"de\",\"@id\":\"https:\/\/uelzener.de\/magazin\/#\/schema\/logo\/image\/\",\"url\":\"https:\/\/uelzener.de\/magazin\/app\/uploads\/2024\/11\/uelzener_allgemeine_versicherungsgesellschaft_a_g_logo.jpg\",\"contentUrl\":\"https:\/\/uelzener.de\/magazin\/app\/uploads\/2024\/11\/uelzener_allgemeine_versicherungsgesellschaft_a_g_logo.jpg\",\"width\":200,\"height\":200,\"caption\":\"Uelzener Versicherungen\"},\"image\":{\"@id\":\"https:\/\/uelzener.de\/magazin\/#\/schema\/logo\/image\/\"},\"sameAs\":[\"https:\/\/www.facebook.com\/Uelzener\",\"https:\/\/instagram.com\/uelzener\",\"https:\/\/www.xing.com\/pages\/uelzenerallgemeineversicherungs-gesellschafta-g\",\"https:\/\/www.youtube.com\/UelzenerVersicherungen\"]}]}<\/script>\n<!-- \/ Yoast SEO Premium plugin. -->","yoast_head_json":{"title":"Silvester f\u00fcr Katzen stressfrei gestalten | Uelzener Magazin","description":"Die Silvesternacht mit deiner Katze sicher verbringen \u2713 Verletzungen & Angst vermeiden \u2713 Gefahren auch nach Silvester erkennen \u25b6 Mehr lesen!","robots":{"index":"index","follow":"follow","max-snippet":"max-snippet:-1","max-image-preview":"max-image-preview:large","max-video-preview":"max-video-preview:-1"},"canonical":"https:\/\/uelzener.de\/magazin\/katze\/tiergesundheit\/katze-silvester\/","og_locale":"de_DE","og_type":"article","og_title":"Gemeinsam mit Katzen Silvester sicher verbringen","og_description":"Die Silvesternacht mit deiner Katze sicher verbringen \u2713 Verletzungen & Angst vermeiden \u2713 Gefahren auch nach Silvester erkennen \u25b6 Mehr lesen!","og_url":"https:\/\/uelzener.de\/magazin\/katze\/tiergesundheit\/katze-silvester\/","og_site_name":"Uelzener Tier-Magazin","article_publisher":"https:\/\/www.facebook.com\/Uelzener","article_modified_time":"2026-02-03T11:49:43+00:00","og_image":[{"width":1025,"height":450,"url":"https:\/\/uelzener.de\/magazin\/app\/uploads\/2022\/12\/katze-silvester.jpg","type":"image\/jpeg"}],"twitter_card":"summary_large_image","twitter_misc":{"Gesch\u00e4tzte Lesezeit":"4\u00a0Minuten"},"schema":{"@context":"https:\/\/schema.org","@graph":[{"@type":"WebPage","@id":"https:\/\/uelzener.de\/magazin\/katze\/tiergesundheit\/katze-silvester\/","url":"https:\/\/uelzener.de\/magazin\/katze\/tiergesundheit\/katze-silvester\/","name":"Silvester f\u00fcr Katzen stressfrei gestalten | Uelzener Magazin","isPartOf":{"@id":"https:\/\/uelzener.de\/magazin\/#website"},"primaryImageOfPage":{"@id":"https:\/\/uelzener.de\/magazin\/katze\/tiergesundheit\/katze-silvester\/#primaryimage"},"image":{"@id":"https:\/\/uelzener.de\/magazin\/katze\/tiergesundheit\/katze-silvester\/#primaryimage"},"thumbnailUrl":"https:\/\/uelzener.de\/magazin\/app\/uploads\/2022\/12\/katze-silvester.jpg","datePublished":"2022-12-16T15:00:00+00:00","dateModified":"2026-02-03T11:49:43+00:00","description":"Die Silvesternacht mit deiner Katze sicher verbringen \u2713 Verletzungen & Angst vermeiden \u2713 Gefahren auch nach Silvester erkennen \u25b6 Mehr lesen!","breadcrumb":{"@id":"https:\/\/uelzener.de\/magazin\/katze\/tiergesundheit\/katze-silvester\/#breadcrumb"},"inLanguage":"de","potentialAction":[{"@type":"ReadAction","target":["https:\/\/uelzener.de\/magazin\/katze\/tiergesundheit\/katze-silvester\/"]}]},{"@type":"ImageObject","inLanguage":"de","@id":"https:\/\/uelzener.de\/magazin\/katze\/tiergesundheit\/katze-silvester\/#primaryimage","url":"https:\/\/uelzener.de\/magazin\/app\/uploads\/2022\/12\/katze-silvester.jpg","contentUrl":"https:\/\/uelzener.de\/magazin\/app\/uploads\/2022\/12\/katze-silvester.jpg","width":1025,"height":450,"caption":"Eine Katze schaut \u00e4ngstlich unter einer Decke hervor. Hat sie Angst vor dem L\u00e4rm an Silvester?"},{"@type":"WebSite","@id":"https:\/\/uelzener.de\/magazin\/#website","url":"https:\/\/uelzener.de\/magazin\/","name":"Uelzener Tiermagazin","description":"Online Tierratgeber der Uelzener Versicherungen","publisher":{"@id":"https:\/\/uelzener.de\/magazin\/#organization"},"potentialAction":[{"@type":"SearchAction","target":{"@type":"EntryPoint","urlTemplate":"https:\/\/uelzener.de\/magazin\/?s={search_term_string}"},"query-input":{"@type":"PropertyValueSpecification","valueRequired":true,"valueName":"search_term_string"}}],"inLanguage":"de"},{"@type":"Organization","@id":"https:\/\/uelzener.de\/magazin\/#organization","name":"Uelzener Versicherungen","url":"https:\/\/uelzener.de\/magazin\/","logo":{"@type":"ImageObject","inLanguage":"de","@id":"https:\/\/uelzener.de\/magazin\/#\/schema\/logo\/image\/","url":"https:\/\/uelzener.de\/magazin\/app\/uploads\/2024\/11\/uelzener_allgemeine_versicherungsgesellschaft_a_g_logo.jpg","contentUrl":"https:\/\/uelzener.de\/magazin\/app\/uploads\/2024\/11\/uelzener_allgemeine_versicherungsgesellschaft_a_g_logo.jpg","width":200,"height":200,"caption":"Uelzener Versicherungen"},"image":{"@id":"https:\/\/uelzener.de\/magazin\/#\/schema\/logo\/image\/"},"sameAs":["https:\/\/www.facebook.com\/Uelzener","https:\/\/instagram.com\/uelzener","https:\/\/www.xing.com\/pages\/uelzenerallgemeineversicherungs-gesellschafta-g","https:\/\/www.youtube.com\/UelzenerVersicherungen"]}]}},"_links":{"self":[{"href":"https:\/\/uelzener.de\/magazin\/wp-json\/wp\/v2\/pages\/10200","targetHints":{"allow":["GET"]}}],"collection":[{"href":"https:\/\/uelzener.de\/magazin\/wp-json\/wp\/v2\/pages"}],"about":[{"href":"https:\/\/uelzener.de\/magazin\/wp-json\/wp\/v2\/types\/page"}],"author":[{"embeddable":true,"href":"https:\/\/uelzener.de\/magazin\/wp-json\/wp\/v2\/users\/11"}],"replies":[{"embeddable":true,"href":"https:\/\/uelzener.de\/magazin\/wp-json\/wp\/v2\/comments?post=10200"}],"version-history":[{"count":16,"href":"https:\/\/uelzener.de\/magazin\/wp-json\/wp\/v2\/pages\/10200\/revisions"}],"predecessor-version":[{"id":19725,"href":"https:\/\/uelzener.de\/magazin\/wp-json\/wp\/v2\/pages\/10200\/revisions\/19725"}],"up":[{"embeddable":true,"href":"https:\/\/uelzener.de\/magazin\/wp-json\/wp\/v2\/pages\/11712"}],"wp:featuredmedia":[{"embeddable":true,"href":"https:\/\/uelzener.de\/magazin\/wp-json\/wp\/v2\/media\/14591"}],"wp:attachment":[{"href":"https:\/\/uelzener.de\/magazin\/wp-json\/wp\/v2\/media?parent=10200"}],"curies":[{"name":"wp","href":"https:\/\/api.w.org\/{rel}","templated":true}]}}