{"id":10199,"date":"2019-08-15T00:00:00","date_gmt":"2019-08-15T00:00:00","guid":{"rendered":""},"modified":"2024-03-12T16:10:22","modified_gmt":"2024-03-12T15:10:22","slug":"kartaeuser-katze","status":"publish","type":"page","link":"https:\/\/uelzener.de\/magazin\/katze\/rasseportrait\/kartaeuser-katze\/","title":{"rendered":"Die Kart\u00e4user: Die sanfte Schmusekatze"},"content":{"rendered":"<p>Grau ist langweilig? Dann kennst Du diese Katzen noch nicht! Die Kart\u00e4user, auch Chartreux genannt, ist sehr liebensw\u00fcrdig und verschmust. Sie begleitet ihre Menschen gern und zeigt teilweise katzenuntypische Verhaltensweisen. Lerne mehr \u00fcber die au\u00dfergew\u00f6hnliche Samtpfote!<\/p>\n<p>Die grauen Kart\u00e4user-Katzen z\u00e4hlen zu den beliebtesten Kurzhaar-Katzen. Dies liegt vor allem an ihrem ausgeglichenen und verschmusten Wesen. In Frankreich wird sie auch als Hundskatze bezeichnet, da sie sich durch eine eher katzenuntypische Treue und Anh\u00e4nglichkeit gegen\u00fcber ihren Menschen auszeichnet.<\/p>\n<h2>Charakter<\/h2>\n<p>Der Charakter der verschmusten Kart\u00e4user-Katze zeichnet sich in erster Linie durch Treue und Anh\u00e4nglichkeit zu ihren Menschen aus. Sie hat ein ausgeglichenes Wesen, bindet sich eng an ihre Bezugsperson und hat dabei noch etwas Wildheit in sich. Die Kart\u00e4user eignet sich ebenfalls gut als Familienkatze.<\/p>\n<p>Die Kart\u00e4user, ist wie die meisten Katzen, gern in der Natur. Allerdings ist dieses Bed\u00fcrfnis bei der Rasse nicht so stark ausgepr\u00e4gt wie bei anderen Artgenossen. So geht sie zwar auch auf M\u00e4usejagd, ist aber mit geeignetem Spielzeug ebenso zufrieden.<\/p>\n<p>Besonders wohl f\u00fchlt sie sich in ruhigen Umgebungen oder beim Kuscheln und Schmusen mit ihren Menschen. Die Kart\u00e4user-Katzen sind in der Regel sehr vertr\u00e4glich, auch mit anderen tierischen Mitbewohnern, solang sie sich in Ruhe aneinander gew\u00f6hnen k\u00f6nnen.<\/p>\n<p><img decoding=\"async\" src=\"\/magazin\/app\/uploads\/2021\/02\/cbd23b98-13a8-4ec0-ae2d-930b6f73940c.jpg\" \/><\/p>\n<p>Kart\u00e4user sind mittelgro\u00dfe Katzen mit einem kr\u00e4ftigen, aber schlanken K\u00f6rperbau. Kater wiegen circa 6 bis 7 Kilogramm, Katzen sind mit 4 bis 5 Kilogramm leichter und etwas kleiner und schmaler gebaut.<\/p>\n<p>Besonders auff\u00e4llig sind die Augen der Rassekatze, die einen hellen oder mittleren Bernsteinton haben. Das Fell ist kurz und gl\u00e4nzt. Sie besitzen Unterfell, welches leicht wollig ist. Bei der Fellfarbe sind nur einheitliche Farben in Blau-Graut\u00f6nen erlaubt. Viel Pflege muss bei der Kart\u00e4user nicht betrieben werden, gelegentliches B\u00fcrsten reicht v\u00f6llig aus.<\/p>\n<h2>Haltung<\/h2>\n<p>Als <a href=\"https:\/\/uelzener.de\/magazin\/katze\/haltung\/wohnungskatze-beschaeftigen\/\" target=\"_blank\" rel=\"noopener\">Wohnungskatze<\/a> eignen sich die Kart\u00e4user sehr gut. Obwohl sie eher ruhige Umgebungen vorziehen, ist ein Garten oder eine gr\u00f6\u00dfere Fl\u00e4che zum Freilauf und St\u00f6bern von Vorteil. Sie entfernen sich jedoch nicht zu weit von ihrem Zuhause. Insgesamt sind die Kart\u00e4user den Haltungsm\u00f6glichkeiten sehr offen gegen\u00fcber und m\u00f6gen es, mit ihren Menschen oder anderen Artgenossen Zeit zu verbringen.<\/p>\n<p>Au\u00dferdem l\u00e4sst sich die Kart\u00e4user-Katze gut <a href=\"https:\/\/uelzener.de\/magazin\/katze\/erziehung-und-training\/katze-erziehen\/\">erziehen<\/a>. Allerdings braucht sie etwas l\u00e4nger, um erwachsen zu werden. Man rechnet hier mit ungef\u00e4hr zwei Jahren.<\/p>\n<h2>Herkunft<\/h2>\n<p>Die Kart\u00e4user-Katzen z\u00e4hlen neben den Perserkatzen zu den \u00e4ltesten Katzenrassen, die gezielt gez\u00fcchtet wurden. Bereits in Schriften aus dem Mittelalter sind sie zu finden. Ihr Name wurde mit hoher Wahrscheinlichkeit von dem Kloster La Grande Chartreuse abgeleitet, in dem M\u00f6nche die Kart\u00e4user z\u00fcchteten.<\/p>\n<p>Die Beschaffenheit des Fells l\u00e4sst darauf schlie\u00dfen, dass die Kart\u00e4user urspr\u00fcnglich aus den Bergen Syriens oder aus dem Gebirge zwischen dem Irak und der T\u00fcrkei stammt. Im Laufe der Zeit kam sie durch den Handel nach Frankreich.<\/p>\n<p>Die Kart\u00e4user ist eng mit der British Blue, einer heutigen Farbvariante der Britisch Kurzhaar, verwandt. Die beiden Katzenrassen entstanden durch denselben Genpool und die Entscheidung lag beim Z\u00fcchter, ob die Katze als British Blue oder Kart\u00e4user verkauft wird. Sp\u00e4ter wurden die beiden Rassen getrennt und mit gezielt festgelegten Merkmalen gez\u00fcchtet. Die Kart\u00e4user wurde schlanker mit einem schmalen Kopf und gro\u00dfen Augen gez\u00fcchtet. Die British Blue hingegen wurde kompakt.<\/p>\n<p>Die Kart\u00e4user Katze wurde bei der FIF (F\u00e9d\u00e9ration Internationale F\u00e9line) bereits bei deren Gr\u00fcndung anerkannt. 1977 wurde die Beschreibung durch die Trennung von der British Blue angepasst.<\/p>\n<p><a href=\"https:\/\/uelzener.de\/magazin\/katze\/haeufige-fragen\/verschmuste-katzenrassen\/\">Weitere verschmuste Katzenrassen findest du hier im Magazin.<\/a><\/p>\n","protected":false},"excerpt":{"rendered":"<p>Grau ist langweilig? Dann kennst Du diese Katzen noch nicht! Die Kart\u00e4user, auch Chartreux genannt, ist sehr liebensw\u00fcrdig und verschmust. Sie begleitet ihre Menschen gern und zeigt teilweise katzenuntypische Verhaltensweisen. Lerne mehr \u00fcber die au\u00dfergew\u00f6hnliche Samtpfote! Die grauen Kart\u00e4user-Katzen z\u00e4hlen zu den beliebtesten Kurzhaar-Katzen. Dies liegt vor allem an ihrem ausgeglichenen und verschmusten Wesen. In [&hellip;]<\/p>\n","protected":false},"author":1,"featured_media":10788,"parent":2482,"menu_order":21,"comment_status":"open","ping_status":"open","template":"templates\/blog.php","meta":{"_acf_changed":false,"_crdt_document":"","footnotes":"","beyondwords_generate_audio":"0","beyondwords_project_id":"","beyondwords_content_id":"","beyondwords_preview_token":"","beyondwords_player_style":"","beyondwords_language_id":"","beyondwords_title_voice_id":"","beyondwords_body_voice_id":"","beyondwords_summary_voice_id":"","beyondwords_error_message":"","beyondwords_disabled":"","beyondwords_delete_content":"","beyondwords_podcast_id":"","beyondwords_hash":"","publish_post_to_speechkit":"","speechkit_hash":"","speechkit_generate_audio":"","speechkit_project_id":"","speechkit_podcast_id":"","speechkit_error_message":"","speechkit_disabled":"","speechkit_access_key":"","speechkit_error":"","speechkit_info":"","speechkit_response":"","speechkit_retries":"","speechkit_status":"","speechkit_updated_at":"","_speechkit_link":"","_speechkit_text":""},"class_list":["post-10199","page","type-page","status-publish","has-post-thumbnail","hentry"],"acf":[],"yoast_head":"<!-- This site is optimized with the Yoast SEO Premium plugin  - https:\/\/yoast.com\/product\/yoast-seo-premium-wordpress\/ -->\n<title>Die Kart\u00e4user: Die sanfte Schmusekatze | Uelzener Magazin<\/title>\n<meta name=\"robots\" content=\"index, follow, max-snippet:-1, max-image-preview:large, max-video-preview:-1\" \/>\n<link rel=\"canonical\" href=\"https:\/\/uelzener.de\/magazin\/katze\/rasseportrait\/kartaeuser-katze\/\" \/>\n<meta property=\"og:locale\" content=\"de_DE\" \/>\n<meta property=\"og:type\" content=\"article\" \/>\n<meta property=\"og:title\" content=\"Die Kart\u00e4user: Die sanfte Schmusekatze\" \/>\n<meta property=\"og:description\" content=\"Grau ist langweilig? Dann kennst Du diese Katzen noch nicht! Die Kart\u00e4user, auch Chartreux genannt, ist sehr liebensw\u00fcrdig und verschmust. Sie begleitet ihre Menschen gern und zeigt teilweise katzenuntypische Verhaltensweisen. Lerne mehr \u00fcber die au\u00dfergew\u00f6hnliche Samtpfote! Die grauen Kart\u00e4user-Katzen z\u00e4hlen zu den beliebtesten Kurzhaar-Katzen. Dies liegt vor allem an ihrem ausgeglichenen und verschmusten Wesen. In [&hellip;]\" \/>\n<meta property=\"og:url\" content=\"https:\/\/uelzener.de\/magazin\/katze\/rasseportrait\/kartaeuser-katze\/\" \/>\n<meta property=\"og:site_name\" content=\"Uelzener Tier-Magazin\" \/>\n<meta property=\"article:publisher\" content=\"https:\/\/www.facebook.com\/Uelzener\" \/>\n<meta property=\"article:modified_time\" content=\"2024-03-12T15:10:22+00:00\" \/>\n<meta property=\"og:image\" content=\"https:\/\/uelzener.de\/magazin\/app\/uploads\/2019\/08\/c8167db7-14c9-427d-af24-e486bf8bba3a.jpg\" \/>\n\t<meta property=\"og:image:width\" content=\"650\" \/>\n\t<meta property=\"og:image:height\" content=\"433\" \/>\n\t<meta property=\"og:image:type\" content=\"image\/jpeg\" \/>\n<meta name=\"twitter:card\" content=\"summary_large_image\" \/>\n<meta name=\"twitter:label1\" content=\"Gesch\u00e4tzte Lesezeit\" \/>\n\t<meta name=\"twitter:data1\" content=\"3\u00a0Minuten\" \/>\n<script type=\"application\/ld+json\" class=\"yoast-schema-graph\">{\"@context\":\"https:\/\/schema.org\",\"@graph\":[{\"@type\":\"WebPage\",\"@id\":\"https:\/\/uelzener.de\/magazin\/katze\/rasseportrait\/kartaeuser-katze\/\",\"url\":\"https:\/\/uelzener.de\/magazin\/katze\/rasseportrait\/kartaeuser-katze\/\",\"name\":\"Die Kart\u00e4user: Die sanfte Schmusekatze | Uelzener Magazin\",\"isPartOf\":{\"@id\":\"https:\/\/uelzener.de\/magazin\/#website\"},\"primaryImageOfPage\":{\"@id\":\"https:\/\/uelzener.de\/magazin\/katze\/rasseportrait\/kartaeuser-katze\/#primaryimage\"},\"image\":{\"@id\":\"https:\/\/uelzener.de\/magazin\/katze\/rasseportrait\/kartaeuser-katze\/#primaryimage\"},\"thumbnailUrl\":\"https:\/\/uelzener.de\/magazin\/app\/uploads\/2019\/08\/c8167db7-14c9-427d-af24-e486bf8bba3a.jpg\",\"datePublished\":\"2019-08-15T00:00:00+00:00\",\"dateModified\":\"2024-03-12T15:10:22+00:00\",\"breadcrumb\":{\"@id\":\"https:\/\/uelzener.de\/magazin\/katze\/rasseportrait\/kartaeuser-katze\/#breadcrumb\"},\"inLanguage\":\"de\",\"potentialAction\":[{\"@type\":\"ReadAction\",\"target\":[\"https:\/\/uelzener.de\/magazin\/katze\/rasseportrait\/kartaeuser-katze\/\"]}]},{\"@type\":\"ImageObject\",\"inLanguage\":\"de\",\"@id\":\"https:\/\/uelzener.de\/magazin\/katze\/rasseportrait\/kartaeuser-katze\/#primaryimage\",\"url\":\"https:\/\/uelzener.de\/magazin\/app\/uploads\/2019\/08\/c8167db7-14c9-427d-af24-e486bf8bba3a.jpg\",\"contentUrl\":\"https:\/\/uelzener.de\/magazin\/app\/uploads\/2019\/08\/c8167db7-14c9-427d-af24-e486bf8bba3a.jpg\",\"width\":650,\"height\":433,\"caption\":\"Kart\u00e4user Katze liegt auf dem Holzfu\u00dfboden.\"},{\"@type\":\"WebSite\",\"@id\":\"https:\/\/uelzener.de\/magazin\/#website\",\"url\":\"https:\/\/uelzener.de\/magazin\/\",\"name\":\"Uelzener Tiermagazin\",\"description\":\"Online Tierratgeber der Uelzener Versicherungen\",\"publisher\":{\"@id\":\"https:\/\/uelzener.de\/magazin\/#organization\"},\"potentialAction\":[{\"@type\":\"SearchAction\",\"target\":{\"@type\":\"EntryPoint\",\"urlTemplate\":\"https:\/\/uelzener.de\/magazin\/?s={search_term_string}\"},\"query-input\":{\"@type\":\"PropertyValueSpecification\",\"valueRequired\":true,\"valueName\":\"search_term_string\"}}],\"inLanguage\":\"de\"},{\"@type\":\"Organization\",\"@id\":\"https:\/\/uelzener.de\/magazin\/#organization\",\"name\":\"Uelzener Versicherungen\",\"url\":\"https:\/\/uelzener.de\/magazin\/\",\"logo\":{\"@type\":\"ImageObject\",\"inLanguage\":\"de\",\"@id\":\"https:\/\/uelzener.de\/magazin\/#\/schema\/logo\/image\/\",\"url\":\"https:\/\/uelzener.de\/magazin\/app\/uploads\/2024\/11\/uelzener_allgemeine_versicherungsgesellschaft_a_g_logo.jpg\",\"contentUrl\":\"https:\/\/uelzener.de\/magazin\/app\/uploads\/2024\/11\/uelzener_allgemeine_versicherungsgesellschaft_a_g_logo.jpg\",\"width\":200,\"height\":200,\"caption\":\"Uelzener Versicherungen\"},\"image\":{\"@id\":\"https:\/\/uelzener.de\/magazin\/#\/schema\/logo\/image\/\"},\"sameAs\":[\"https:\/\/www.facebook.com\/Uelzener\",\"https:\/\/instagram.com\/uelzener\",\"https:\/\/www.xing.com\/pages\/uelzenerallgemeineversicherungs-gesellschafta-g\",\"https:\/\/www.youtube.com\/UelzenerVersicherungen\"]}]}<\/script>\n<!-- \/ Yoast SEO Premium plugin. -->","yoast_head_json":{"title":"Die Kart\u00e4user: Die sanfte Schmusekatze | Uelzener Magazin","robots":{"index":"index","follow":"follow","max-snippet":"max-snippet:-1","max-image-preview":"max-image-preview:large","max-video-preview":"max-video-preview:-1"},"canonical":"https:\/\/uelzener.de\/magazin\/katze\/rasseportrait\/kartaeuser-katze\/","og_locale":"de_DE","og_type":"article","og_title":"Die Kart\u00e4user: Die sanfte Schmusekatze","og_description":"Grau ist langweilig? Dann kennst Du diese Katzen noch nicht! Die Kart\u00e4user, auch Chartreux genannt, ist sehr liebensw\u00fcrdig und verschmust. Sie begleitet ihre Menschen gern und zeigt teilweise katzenuntypische Verhaltensweisen. Lerne mehr \u00fcber die au\u00dfergew\u00f6hnliche Samtpfote! Die grauen Kart\u00e4user-Katzen z\u00e4hlen zu den beliebtesten Kurzhaar-Katzen. Dies liegt vor allem an ihrem ausgeglichenen und verschmusten Wesen. In [&hellip;]","og_url":"https:\/\/uelzener.de\/magazin\/katze\/rasseportrait\/kartaeuser-katze\/","og_site_name":"Uelzener Tier-Magazin","article_publisher":"https:\/\/www.facebook.com\/Uelzener","article_modified_time":"2024-03-12T15:10:22+00:00","og_image":[{"width":650,"height":433,"url":"https:\/\/uelzener.de\/magazin\/app\/uploads\/2019\/08\/c8167db7-14c9-427d-af24-e486bf8bba3a.jpg","type":"image\/jpeg"}],"twitter_card":"summary_large_image","twitter_misc":{"Gesch\u00e4tzte Lesezeit":"3\u00a0Minuten"},"schema":{"@context":"https:\/\/schema.org","@graph":[{"@type":"WebPage","@id":"https:\/\/uelzener.de\/magazin\/katze\/rasseportrait\/kartaeuser-katze\/","url":"https:\/\/uelzener.de\/magazin\/katze\/rasseportrait\/kartaeuser-katze\/","name":"Die Kart\u00e4user: Die sanfte Schmusekatze | Uelzener Magazin","isPartOf":{"@id":"https:\/\/uelzener.de\/magazin\/#website"},"primaryImageOfPage":{"@id":"https:\/\/uelzener.de\/magazin\/katze\/rasseportrait\/kartaeuser-katze\/#primaryimage"},"image":{"@id":"https:\/\/uelzener.de\/magazin\/katze\/rasseportrait\/kartaeuser-katze\/#primaryimage"},"thumbnailUrl":"https:\/\/uelzener.de\/magazin\/app\/uploads\/2019\/08\/c8167db7-14c9-427d-af24-e486bf8bba3a.jpg","datePublished":"2019-08-15T00:00:00+00:00","dateModified":"2024-03-12T15:10:22+00:00","breadcrumb":{"@id":"https:\/\/uelzener.de\/magazin\/katze\/rasseportrait\/kartaeuser-katze\/#breadcrumb"},"inLanguage":"de","potentialAction":[{"@type":"ReadAction","target":["https:\/\/uelzener.de\/magazin\/katze\/rasseportrait\/kartaeuser-katze\/"]}]},{"@type":"ImageObject","inLanguage":"de","@id":"https:\/\/uelzener.de\/magazin\/katze\/rasseportrait\/kartaeuser-katze\/#primaryimage","url":"https:\/\/uelzener.de\/magazin\/app\/uploads\/2019\/08\/c8167db7-14c9-427d-af24-e486bf8bba3a.jpg","contentUrl":"https:\/\/uelzener.de\/magazin\/app\/uploads\/2019\/08\/c8167db7-14c9-427d-af24-e486bf8bba3a.jpg","width":650,"height":433,"caption":"Kart\u00e4user Katze liegt auf dem Holzfu\u00dfboden."},{"@type":"WebSite","@id":"https:\/\/uelzener.de\/magazin\/#website","url":"https:\/\/uelzener.de\/magazin\/","name":"Uelzener Tiermagazin","description":"Online Tierratgeber der Uelzener Versicherungen","publisher":{"@id":"https:\/\/uelzener.de\/magazin\/#organization"},"potentialAction":[{"@type":"SearchAction","target":{"@type":"EntryPoint","urlTemplate":"https:\/\/uelzener.de\/magazin\/?s={search_term_string}"},"query-input":{"@type":"PropertyValueSpecification","valueRequired":true,"valueName":"search_term_string"}}],"inLanguage":"de"},{"@type":"Organization","@id":"https:\/\/uelzener.de\/magazin\/#organization","name":"Uelzener Versicherungen","url":"https:\/\/uelzener.de\/magazin\/","logo":{"@type":"ImageObject","inLanguage":"de","@id":"https:\/\/uelzener.de\/magazin\/#\/schema\/logo\/image\/","url":"https:\/\/uelzener.de\/magazin\/app\/uploads\/2024\/11\/uelzener_allgemeine_versicherungsgesellschaft_a_g_logo.jpg","contentUrl":"https:\/\/uelzener.de\/magazin\/app\/uploads\/2024\/11\/uelzener_allgemeine_versicherungsgesellschaft_a_g_logo.jpg","width":200,"height":200,"caption":"Uelzener Versicherungen"},"image":{"@id":"https:\/\/uelzener.de\/magazin\/#\/schema\/logo\/image\/"},"sameAs":["https:\/\/www.facebook.com\/Uelzener","https:\/\/instagram.com\/uelzener","https:\/\/www.xing.com\/pages\/uelzenerallgemeineversicherungs-gesellschafta-g","https:\/\/www.youtube.com\/UelzenerVersicherungen"]}]}},"_links":{"self":[{"href":"https:\/\/uelzener.de\/magazin\/wp-json\/wp\/v2\/pages\/10199","targetHints":{"allow":["GET"]}}],"collection":[{"href":"https:\/\/uelzener.de\/magazin\/wp-json\/wp\/v2\/pages"}],"about":[{"href":"https:\/\/uelzener.de\/magazin\/wp-json\/wp\/v2\/types\/page"}],"author":[{"embeddable":true,"href":"https:\/\/uelzener.de\/magazin\/wp-json\/wp\/v2\/users\/1"}],"replies":[{"embeddable":true,"href":"https:\/\/uelzener.de\/magazin\/wp-json\/wp\/v2\/comments?post=10199"}],"version-history":[{"count":9,"href":"https:\/\/uelzener.de\/magazin\/wp-json\/wp\/v2\/pages\/10199\/revisions"}],"predecessor-version":[{"id":17191,"href":"https:\/\/uelzener.de\/magazin\/wp-json\/wp\/v2\/pages\/10199\/revisions\/17191"}],"up":[{"embeddable":true,"href":"https:\/\/uelzener.de\/magazin\/wp-json\/wp\/v2\/pages\/2482"}],"wp:featuredmedia":[{"embeddable":true,"href":"https:\/\/uelzener.de\/magazin\/wp-json\/wp\/v2\/media\/10788"}],"wp:attachment":[{"href":"https:\/\/uelzener.de\/magazin\/wp-json\/wp\/v2\/media?parent=10199"}],"curies":[{"name":"wp","href":"https:\/\/api.w.org\/{rel}","templated":true}]}}