{"id":10198,"date":"2019-08-15T00:00:00","date_gmt":"2019-08-14T22:00:00","guid":{"rendered":""},"modified":"2022-10-14T16:26:01","modified_gmt":"2022-10-14T14:26:01","slug":"feste-routine-fuer-katzen","status":"publish","type":"page","link":"https:\/\/uelzener.de\/magazin\/katze\/haltung\/feste-routine-fuer-katzen\/","title":{"rendered":"Feste Routinen f\u00fcr das Zusammenleben mit Katzen"},"content":{"rendered":"<p><strong>Als Katzenbesitzer ist es Dir sicherlich schon aufgefallen: Katzen lieben feste Tagesabl\u00e4ufe. Bereits kleinste Abweichungen dieser Routine werden mit Dauer-Miauen kommentiert. Warum Katzen Routinen lieben und wie sie mit Ver\u00e4nderungen umgehen, erf\u00e4hrst Du in diesem Beitrag.<\/strong><\/p>\n<p>Katzen sind totale Gewohnheitstiere und lieben feste Routinen. Sie gew\u00f6hnen sich schnell an einen bestimmten Tagesablauf und fordern diesen schon bei kleinsten Ver\u00e4nderungen wieder ein. Auf gro\u00dfe Abweichungen reagieren die meisten Katzen mit Stress.<\/p>\n<p><strong>Fr\u00fchst\u00fcck um Punkt 7 Uhr<\/strong><\/p>\n<p>Ist Deine Katze gewohnt, unter der Woche, immer, um Punkt 7 Uhr ihr Fr\u00fchst\u00fcck zu bekommen, dann haben sie es schwer, am Wochenende auszuschlafen. Katzen nehmen den festen Tagesablauf sehr genau und bestehen auf die Einhaltung. Oft reagieren Katzen bereits bei einer Verz\u00f6gerung von nur f\u00fcnf Minuten mit Dauer-Miauen.<\/p>\n<p><strong>Das Zeitgef\u00fchl der Katzen<\/strong><\/p>\n<p>Die innere Uhr und das Zeitgef\u00fchl der Katzen orientieren sich nicht nur an nat\u00fcrlichen Zeitfaktoren, wie Tageslicht oder Zwitschern der V\u00f6gel. Ma\u00dfgeblich richten sich Katzen nach dem Tagesablauf ihres Menschen. Sie wissen, wann etwas passiert, da sie durch ihr gutes Langzeitged\u00e4chtnis auf vergangene Erfahrungen zur\u00fcckgreifen und diese auf die aktuelle Situation anwenden k\u00f6nnen.<\/p>\n<p><strong>Ver\u00e4nderungen f\u00fchren zu Stress<\/strong><\/p>\n<p>Kleine Abweichungen von der Routine haben keine gr\u00f6\u00dferen Auswirkungen auf die Gesundheit der Katze oder die Mensch-Katze-Harmonie. Im Gegensatz dazu k\u00f6nnen gr\u00f6\u00dfere Ver\u00e4nderungen in ihrem Tagesablauf oder ihrer Lebenssituation Stresssymptome ausl\u00f6sen. Die Routine bietet Katzen Sicherheit, starke Abweichungen hingegen k\u00f6nnen \u00c4ngste ausl\u00f6sen und zu Erbrechen oder Unsauberkeit f\u00fchren \u2013 vor allem, wenn die Samtpfote sich nicht langsam an die Ver\u00e4nderungen gew\u00f6hnen kann.<\/p>\n<p>Diese Reaktionen sind von Katze zu Katze unterschiedlich. Wichtig ist, zu bedenken, dass Katzen Zeit und die Hilfe ihres Menschen brauchen, um sich an gro\u00dfe Ver\u00e4nderungen in ihrer Umwelt zu gew\u00f6hnen. Eine feste Routine und eine auf Katzen abgestimmte Umgebung tragen zur Gesundheit und zum Wohlbefinden der Samtpfoten bei.<\/p>\n<p><strong>Katze an neue Abl\u00e4ufe gew\u00f6hnen<\/strong><\/p>\n<p>Manchmal bleibt es nicht aus und die Lebensumst\u00e4nde \u00e4ndern sich. Damit sich Deine Katze weiterhin wohlf\u00fchlt, ist es wichtig, ihr zun\u00e4chst Zeit zu geben, um sich in der neuen Situation einzugew\u00f6hnen. Hilfreich ist es, eine neue Routine aufzubauen, an der sich Deine Katze orientieren kann.<\/p>\n<p>Nach einem <a href=\"https:\/\/uelzener.de\/magazin\/katze\/tipps-fuer-den-alltag\/umzug-mit-katze\/\"><strong>Umzug mit einer Katze<\/strong><\/a> ist es au\u00dferdem hilfreich, den Stubentigern nicht zu vielen Eindr\u00fccken auf einmal auszusetzen. Am besten bleibt sie zun\u00e4chst in nur einem Raum, der schon f\u00fcr sie vorbereitet wurde und nicht zu viele Versteckm\u00f6glichkeiten bietet. Futterstelle, Katzentoilette, Wassernapf sowie etwas Spielzeug sollten an diesem Ort bereitstehen. Vor allem gemeinsames Spielen und Kuscheln hilft unseren Katzen ungemein, sich in einer neuen Umgebung einzuleben.<\/p>\n","protected":false},"excerpt":{"rendered":"<p>Als Katzenbesitzer ist es Dir sicherlich schon aufgefallen: Katzen lieben feste Tagesabl\u00e4ufe. Bereits kleinste Abweichungen dieser Routine werden mit Dauer-Miauen kommentiert. Warum Katzen Routinen lieben und wie sie mit Ver\u00e4nderungen umgehen, erf\u00e4hrst Du in diesem Beitrag. Katzen sind totale Gewohnheitstiere und lieben feste Routinen. Sie gew\u00f6hnen sich schnell an einen bestimmten Tagesablauf und fordern diesen [&hellip;]<\/p>\n","protected":false},"author":1,"featured_media":10787,"parent":11683,"menu_order":20,"comment_status":"closed","ping_status":"closed","template":"templates\/blog.php","meta":{"_acf_changed":false,"_crdt_document":"","footnotes":"","beyondwords_generate_audio":"","beyondwords_project_id":"","beyondwords_content_id":"","beyondwords_preview_token":"","beyondwords_player_style":"","beyondwords_language_id":"","beyondwords_title_voice_id":"","beyondwords_body_voice_id":"","beyondwords_summary_voice_id":"","beyondwords_error_message":"","beyondwords_disabled":"","beyondwords_delete_content":"","beyondwords_podcast_id":"","beyondwords_hash":"","publish_post_to_speechkit":"","speechkit_hash":"","speechkit_generate_audio":"","speechkit_project_id":"","speechkit_podcast_id":"","speechkit_error_message":"","speechkit_disabled":"","speechkit_access_key":"","speechkit_error":"","speechkit_info":"","speechkit_response":"","speechkit_retries":"","speechkit_status":"","speechkit_updated_at":"","_speechkit_link":"","_speechkit_text":""},"class_list":["post-10198","page","type-page","status-publish","has-post-thumbnail","hentry"],"acf":[],"yoast_head":"<!-- This site is optimized with the Yoast SEO Premium plugin  - https:\/\/yoast.com\/product\/yoast-seo-premium-wordpress\/ -->\n<title>Feste Routinen f\u00fcr das Zusammenleben mit Katzen | Uelzener<\/title>\n<meta name=\"robots\" content=\"index, follow, max-snippet:-1, max-image-preview:large, max-video-preview:-1\" \/>\n<link rel=\"canonical\" href=\"https:\/\/uelzener.de\/magazin\/katze\/haltung\/feste-routine-fuer-katzen\/\" \/>\n<meta property=\"og:locale\" content=\"de_DE\" \/>\n<meta property=\"og:type\" content=\"article\" \/>\n<meta property=\"og:title\" content=\"Feste Routinen f\u00fcr das Zusammenleben mit Katzen\" \/>\n<meta property=\"og:description\" content=\"Als Katzenbesitzer ist es Dir sicherlich schon aufgefallen: Katzen lieben feste Tagesabl\u00e4ufe. Bereits kleinste Abweichungen dieser Routine werden mit Dauer-Miauen kommentiert. Warum Katzen Routinen lieben und wie sie mit Ver\u00e4nderungen umgehen, erf\u00e4hrst Du in diesem Beitrag. Katzen sind totale Gewohnheitstiere und lieben feste Routinen. Sie gew\u00f6hnen sich schnell an einen bestimmten Tagesablauf und fordern diesen [&hellip;]\" \/>\n<meta property=\"og:url\" content=\"https:\/\/uelzener.de\/magazin\/katze\/haltung\/feste-routine-fuer-katzen\/\" \/>\n<meta property=\"og:site_name\" content=\"Uelzener Tier-Magazin\" \/>\n<meta property=\"article:publisher\" content=\"https:\/\/www.facebook.com\/Uelzener\" \/>\n<meta property=\"article:modified_time\" content=\"2022-10-14T14:26:01+00:00\" \/>\n<meta property=\"og:image\" content=\"https:\/\/uelzener.de\/magazin\/app\/uploads\/2019\/08\/fb53a299-98e1-4436-9a04-85e9e1514b8d.jpg\" \/>\n\t<meta property=\"og:image:width\" content=\"650\" \/>\n\t<meta property=\"og:image:height\" content=\"433\" \/>\n\t<meta property=\"og:image:type\" content=\"image\/jpeg\" \/>\n<meta name=\"twitter:card\" content=\"summary_large_image\" \/>\n<meta name=\"twitter:label1\" content=\"Gesch\u00e4tzte Lesezeit\" \/>\n\t<meta name=\"twitter:data1\" content=\"2\u00a0Minuten\" \/>\n<script type=\"application\/ld+json\" class=\"yoast-schema-graph\">{\"@context\":\"https:\/\/schema.org\",\"@graph\":[{\"@type\":\"WebPage\",\"@id\":\"https:\/\/uelzener.de\/magazin\/katze\/haltung\/feste-routine-fuer-katzen\/\",\"url\":\"https:\/\/uelzener.de\/magazin\/katze\/haltung\/feste-routine-fuer-katzen\/\",\"name\":\"Feste Routinen f\u00fcr das Zusammenleben mit Katzen | Uelzener\",\"isPartOf\":{\"@id\":\"https:\/\/uelzener.de\/magazin\/#website\"},\"primaryImageOfPage\":{\"@id\":\"https:\/\/uelzener.de\/magazin\/katze\/haltung\/feste-routine-fuer-katzen\/#primaryimage\"},\"image\":{\"@id\":\"https:\/\/uelzener.de\/magazin\/katze\/haltung\/feste-routine-fuer-katzen\/#primaryimage\"},\"thumbnailUrl\":\"https:\/\/uelzener.de\/magazin\/app\/uploads\/2019\/08\/fb53a299-98e1-4436-9a04-85e9e1514b8d.jpg\",\"datePublished\":\"2019-08-14T22:00:00+00:00\",\"dateModified\":\"2022-10-14T14:26:01+00:00\",\"breadcrumb\":{\"@id\":\"https:\/\/uelzener.de\/magazin\/katze\/haltung\/feste-routine-fuer-katzen\/#breadcrumb\"},\"inLanguage\":\"de\",\"potentialAction\":[{\"@type\":\"ReadAction\",\"target\":[\"https:\/\/uelzener.de\/magazin\/katze\/haltung\/feste-routine-fuer-katzen\/\"]}]},{\"@type\":\"ImageObject\",\"inLanguage\":\"de\",\"@id\":\"https:\/\/uelzener.de\/magazin\/katze\/haltung\/feste-routine-fuer-katzen\/#primaryimage\",\"url\":\"https:\/\/uelzener.de\/magazin\/app\/uploads\/2019\/08\/fb53a299-98e1-4436-9a04-85e9e1514b8d.jpg\",\"contentUrl\":\"https:\/\/uelzener.de\/magazin\/app\/uploads\/2019\/08\/fb53a299-98e1-4436-9a04-85e9e1514b8d.jpg\",\"width\":650,\"height\":433,\"caption\":\"F\u00fcr Katzen ist eine feste Routine sehr wichtig, auch beim fressen.\"},{\"@type\":\"WebSite\",\"@id\":\"https:\/\/uelzener.de\/magazin\/#website\",\"url\":\"https:\/\/uelzener.de\/magazin\/\",\"name\":\"Uelzener Tiermagazin\",\"description\":\"Online Tierratgeber der Uelzener Versicherungen\",\"publisher\":{\"@id\":\"https:\/\/uelzener.de\/magazin\/#organization\"},\"potentialAction\":[{\"@type\":\"SearchAction\",\"target\":{\"@type\":\"EntryPoint\",\"urlTemplate\":\"https:\/\/uelzener.de\/magazin\/?s={search_term_string}\"},\"query-input\":{\"@type\":\"PropertyValueSpecification\",\"valueRequired\":true,\"valueName\":\"search_term_string\"}}],\"inLanguage\":\"de\"},{\"@type\":\"Organization\",\"@id\":\"https:\/\/uelzener.de\/magazin\/#organization\",\"name\":\"Uelzener Versicherungen\",\"url\":\"https:\/\/uelzener.de\/magazin\/\",\"logo\":{\"@type\":\"ImageObject\",\"inLanguage\":\"de\",\"@id\":\"https:\/\/uelzener.de\/magazin\/#\/schema\/logo\/image\/\",\"url\":\"https:\/\/uelzener.de\/magazin\/app\/uploads\/2024\/11\/uelzener_allgemeine_versicherungsgesellschaft_a_g_logo.jpg\",\"contentUrl\":\"https:\/\/uelzener.de\/magazin\/app\/uploads\/2024\/11\/uelzener_allgemeine_versicherungsgesellschaft_a_g_logo.jpg\",\"width\":200,\"height\":200,\"caption\":\"Uelzener Versicherungen\"},\"image\":{\"@id\":\"https:\/\/uelzener.de\/magazin\/#\/schema\/logo\/image\/\"},\"sameAs\":[\"https:\/\/www.facebook.com\/Uelzener\",\"https:\/\/instagram.com\/uelzener\",\"https:\/\/www.xing.com\/pages\/uelzenerallgemeineversicherungs-gesellschafta-g\",\"https:\/\/www.youtube.com\/UelzenerVersicherungen\"]}]}<\/script>\n<!-- \/ Yoast SEO Premium plugin. -->","yoast_head_json":{"title":"Feste Routinen f\u00fcr das Zusammenleben mit Katzen | Uelzener","robots":{"index":"index","follow":"follow","max-snippet":"max-snippet:-1","max-image-preview":"max-image-preview:large","max-video-preview":"max-video-preview:-1"},"canonical":"https:\/\/uelzener.de\/magazin\/katze\/haltung\/feste-routine-fuer-katzen\/","og_locale":"de_DE","og_type":"article","og_title":"Feste Routinen f\u00fcr das Zusammenleben mit Katzen","og_description":"Als Katzenbesitzer ist es Dir sicherlich schon aufgefallen: Katzen lieben feste Tagesabl\u00e4ufe. Bereits kleinste Abweichungen dieser Routine werden mit Dauer-Miauen kommentiert. Warum Katzen Routinen lieben und wie sie mit Ver\u00e4nderungen umgehen, erf\u00e4hrst Du in diesem Beitrag. Katzen sind totale Gewohnheitstiere und lieben feste Routinen. Sie gew\u00f6hnen sich schnell an einen bestimmten Tagesablauf und fordern diesen [&hellip;]","og_url":"https:\/\/uelzener.de\/magazin\/katze\/haltung\/feste-routine-fuer-katzen\/","og_site_name":"Uelzener Tier-Magazin","article_publisher":"https:\/\/www.facebook.com\/Uelzener","article_modified_time":"2022-10-14T14:26:01+00:00","og_image":[{"width":650,"height":433,"url":"https:\/\/uelzener.de\/magazin\/app\/uploads\/2019\/08\/fb53a299-98e1-4436-9a04-85e9e1514b8d.jpg","type":"image\/jpeg"}],"twitter_card":"summary_large_image","twitter_misc":{"Gesch\u00e4tzte Lesezeit":"2\u00a0Minuten"},"schema":{"@context":"https:\/\/schema.org","@graph":[{"@type":"WebPage","@id":"https:\/\/uelzener.de\/magazin\/katze\/haltung\/feste-routine-fuer-katzen\/","url":"https:\/\/uelzener.de\/magazin\/katze\/haltung\/feste-routine-fuer-katzen\/","name":"Feste Routinen f\u00fcr das Zusammenleben mit Katzen | Uelzener","isPartOf":{"@id":"https:\/\/uelzener.de\/magazin\/#website"},"primaryImageOfPage":{"@id":"https:\/\/uelzener.de\/magazin\/katze\/haltung\/feste-routine-fuer-katzen\/#primaryimage"},"image":{"@id":"https:\/\/uelzener.de\/magazin\/katze\/haltung\/feste-routine-fuer-katzen\/#primaryimage"},"thumbnailUrl":"https:\/\/uelzener.de\/magazin\/app\/uploads\/2019\/08\/fb53a299-98e1-4436-9a04-85e9e1514b8d.jpg","datePublished":"2019-08-14T22:00:00+00:00","dateModified":"2022-10-14T14:26:01+00:00","breadcrumb":{"@id":"https:\/\/uelzener.de\/magazin\/katze\/haltung\/feste-routine-fuer-katzen\/#breadcrumb"},"inLanguage":"de","potentialAction":[{"@type":"ReadAction","target":["https:\/\/uelzener.de\/magazin\/katze\/haltung\/feste-routine-fuer-katzen\/"]}]},{"@type":"ImageObject","inLanguage":"de","@id":"https:\/\/uelzener.de\/magazin\/katze\/haltung\/feste-routine-fuer-katzen\/#primaryimage","url":"https:\/\/uelzener.de\/magazin\/app\/uploads\/2019\/08\/fb53a299-98e1-4436-9a04-85e9e1514b8d.jpg","contentUrl":"https:\/\/uelzener.de\/magazin\/app\/uploads\/2019\/08\/fb53a299-98e1-4436-9a04-85e9e1514b8d.jpg","width":650,"height":433,"caption":"F\u00fcr Katzen ist eine feste Routine sehr wichtig, auch beim fressen."},{"@type":"WebSite","@id":"https:\/\/uelzener.de\/magazin\/#website","url":"https:\/\/uelzener.de\/magazin\/","name":"Uelzener Tiermagazin","description":"Online Tierratgeber der Uelzener Versicherungen","publisher":{"@id":"https:\/\/uelzener.de\/magazin\/#organization"},"potentialAction":[{"@type":"SearchAction","target":{"@type":"EntryPoint","urlTemplate":"https:\/\/uelzener.de\/magazin\/?s={search_term_string}"},"query-input":{"@type":"PropertyValueSpecification","valueRequired":true,"valueName":"search_term_string"}}],"inLanguage":"de"},{"@type":"Organization","@id":"https:\/\/uelzener.de\/magazin\/#organization","name":"Uelzener Versicherungen","url":"https:\/\/uelzener.de\/magazin\/","logo":{"@type":"ImageObject","inLanguage":"de","@id":"https:\/\/uelzener.de\/magazin\/#\/schema\/logo\/image\/","url":"https:\/\/uelzener.de\/magazin\/app\/uploads\/2024\/11\/uelzener_allgemeine_versicherungsgesellschaft_a_g_logo.jpg","contentUrl":"https:\/\/uelzener.de\/magazin\/app\/uploads\/2024\/11\/uelzener_allgemeine_versicherungsgesellschaft_a_g_logo.jpg","width":200,"height":200,"caption":"Uelzener Versicherungen"},"image":{"@id":"https:\/\/uelzener.de\/magazin\/#\/schema\/logo\/image\/"},"sameAs":["https:\/\/www.facebook.com\/Uelzener","https:\/\/instagram.com\/uelzener","https:\/\/www.xing.com\/pages\/uelzenerallgemeineversicherungs-gesellschafta-g","https:\/\/www.youtube.com\/UelzenerVersicherungen"]}]}},"_links":{"self":[{"href":"https:\/\/uelzener.de\/magazin\/wp-json\/wp\/v2\/pages\/10198","targetHints":{"allow":["GET"]}}],"collection":[{"href":"https:\/\/uelzener.de\/magazin\/wp-json\/wp\/v2\/pages"}],"about":[{"href":"https:\/\/uelzener.de\/magazin\/wp-json\/wp\/v2\/types\/page"}],"author":[{"embeddable":true,"href":"https:\/\/uelzener.de\/magazin\/wp-json\/wp\/v2\/users\/1"}],"replies":[{"embeddable":true,"href":"https:\/\/uelzener.de\/magazin\/wp-json\/wp\/v2\/comments?post=10198"}],"version-history":[{"count":7,"href":"https:\/\/uelzener.de\/magazin\/wp-json\/wp\/v2\/pages\/10198\/revisions"}],"predecessor-version":[{"id":15150,"href":"https:\/\/uelzener.de\/magazin\/wp-json\/wp\/v2\/pages\/10198\/revisions\/15150"}],"up":[{"embeddable":true,"href":"https:\/\/uelzener.de\/magazin\/wp-json\/wp\/v2\/pages\/11683"}],"wp:featuredmedia":[{"embeddable":true,"href":"https:\/\/uelzener.de\/magazin\/wp-json\/wp\/v2\/media\/10787"}],"wp:attachment":[{"href":"https:\/\/uelzener.de\/magazin\/wp-json\/wp\/v2\/media?parent=10198"}],"curies":[{"name":"wp","href":"https:\/\/api.w.org\/{rel}","templated":true}]}}