{"id":10197,"date":"2019-08-15T00:00:00","date_gmt":"2019-08-14T22:00:00","guid":{"rendered":""},"modified":"2026-01-06T18:11:22","modified_gmt":"2026-01-06T17:11:22","slug":"erste-hilfe-katzen","status":"publish","type":"page","link":"https:\/\/uelzener.de\/magazin\/katze\/tipps-fuer-den-alltag\/erste-hilfe-katzen\/","title":{"rendered":"Erste Hilfe bei Katzen: Im Notfall richtig reagieren"},"content":{"rendered":"<p>\u201eKatzen haben sieben Leben\u201c \u2013 leider entspricht die Redewendung nicht der Wahrheit. Deshalb solltest Du f\u00fcr den Notfall mit Deiner Samtpfote ger\u00fcstet sein. Eine schnelle und richtige Erstversorgung kann Leben retten und erleichtert die Behandlung beim Tierarzt.<\/p>\n<h2>Bissverletzungen<\/h2>\n<p>\u00c4u\u00dferlich sehen Katzenbisse oft sehr harmlos aus. Jedoch k\u00f6nnen die langen und spitzen Eckz\u00e4hne tief in den K\u00f6rper eindringen. An der Oberfl\u00e4che heilt die Wunde schnell ab, doch die eingebrachten Bakterien k\u00f6nnen zu Entz\u00fcndungen und Abszessen f\u00fchren. Bei Unsicherheiten besuche den Tierarzt.<\/p>\n<h2>Offene Wunden<\/h2>\n<p>Unter dem dichten Fell ist eine Wunde nicht immer gleich zu erkennen \u2013 besonders wenn sie nicht stark blutet. Blutreste, permanentes Lecken oder eine \u00dcberempfindlichkeit an bestimmten K\u00f6rperregionen kann auf eine Wunde hindeuten. Zur Erstversorgung kannst Du mehrere Lagen Papiertaschent\u00fccher auf die Wunde legen und mit Tuch, Schal oder Verband fest umwickeln. Durch den Druckverband wird die Blutung gestoppt. Der zweite Schritt ist hier die Hilfe von Tierarzt. Achtung: Die Entfernung eines Fremdk\u00f6rpers solltest Du dem Profi \u00fcberlassen und daf\u00fcr auch eine gute <a href=\"https:\/\/uelzener.de\/katze\/\">Katzen-Versicherung<\/a> abschlie\u00dfen.<\/p>\n<h2>Vergiftungen<\/h2>\n<p>Katzen sind neugierige Tiere. Jedoch ist nicht alles, was unsere Samtpfoten auf ihren Erkundungstouren finden, auch gesund. Pflanzen, Haushaltsreiniger, Medikamente und Co.: Selbst wenn die Stoffe f\u00fcr uns Menschen ungef\u00e4hrlich sind, hei\u00dft es l\u00e4ngst nicht, dass dieses auch f\u00fcr Katzen gilt. Sobald ein Verdacht besteht, ist der sofortige Gang zum Tierarzt unvermeidbar. <a href=\"https:\/\/uelzener.de\/magazin\/katze\/tiergesundheit\/katze-erbricht-ursachen-gefahren-behandlung\/\">Erbrechen<\/a>, <a href=\"https:\/\/uelzener.de\/magazin\/katze\/tiergesundheit\/katze-durchfall-verdauung\/\">Durchfall<\/a>, Kr\u00e4mpfe sowie Atemnot und Apathie sind Anzeichen. Je genauer Herrchen und Frauchen dem Tierarzt Ursachen nennen k\u00f6nnen, desto schneller kann dem Stubentiger geholfen werden. Nimm deshalb zum Beispiel den Beipackzettel des Medikaments oder den Haushaltreiniger mit.<\/p>\n<h2>Verbrennungen<\/h2>\n<p>Ist der Stubentiger dem hei\u00dfen Ofen zu nahe gekommen, hilft k\u00fchlen. Kaltes Wasser oder ein Eisbeutel bringt schnell Linderung. In der Regel verbrennt sich eine Katze an den Pfoten oder der Nase. Ist jedoch eine gr\u00f6\u00dfere Fl\u00e4che betroffen oder treten bereits Blasen auf, decke die Verbrennung mit Verbandstoff ab und suche den Tierarzt auf.<\/p>\n<h2>Insektenstiche<\/h2>\n<p>Besonders im Sp\u00e4tsommer sind viele Wespen unterwegs. Nassfutter ist f\u00fcr die Insekten eine willkommene Futteralternative. F\u00fcttere Deine Samtpfote derzeit lieber im Inneren. Nach einem Biss lecken Katzen gern exzessive an der betroffenen Stelle. Ziehe den Stachel mit einer Pinzette heraus und k\u00fchle das Areal. Gr\u00f6\u00dfere Gefahr besteht, wenn der Stich im Mund und Rachenraum liegt. Es kann zu Schwellungen und Atemnot f\u00fchren. Die Katze muss sofort zum Tierarzt.<\/p>\n<h2>Knochenbr\u00fcche<\/h2>\n<p>Nach einem Sturz oder einem <a href=\"https:\/\/uelzener.de\/magazin\/katze\/tiergesundheit\/haeufigste-krankheiten-unfaelle-bei-katzen\/\">Unfall<\/a> ist die Folge nicht selten ein Knochenbruch. Auff\u00e4llige und unkontrollierte Bewegungen k\u00f6nnen Anzeichen sein. Der sofortige Besuch beim Tierarzt ist mitunter lebensrettend. Bewege Deine Samtpfote jedoch so wenig wie m\u00f6glich. Bette Deine Katze auf eine feste Unterlage, damit die Bruchstelle nicht belastet wird. Liegt beispielsweise ein Wirbelbruch vor, kann es zu schweren Komplikationen kommen. Decke Deine Katze zu und halte sie w\u00e4hrend des Transports warm.<\/p>\n<p>In unserem Blog-Beitrag \u201eWohnung katzensicher machen\u201c haben wir ein paar Tipps parat, um die Katzen vor Alltagsfallen zu sch\u00fctzen, damit die Erste Hilfe nur Theorie bleibt.<\/p>\n\n<div class=\"related_articles boxed\">\n    <h2>Mehr zum Thema<\/h2>\n    \n    <div class=\"wrapper\"><div class=\"title align-center\"><h3><a href=\"https:\/\/uelzener.de\/magazin\/katze\/haeufige-fragen\/landen-katzen-wirklich-immer-auf-den-pfoten\/\">Landen Katzen wirklich immer auf den Pfoten?<\/a><\/h3><\/div><div class=\"img align-center\"><img decoding=\"async\" width=\"315\" height=\"180\" src=\"https:\/\/uelzener.de\/magazin\/app\/uploads\/2025\/04\/landen-katzen-auf-pfoten-315x180.jpg\" class=\"attachment-315x180 size-315x180 wp-post-image\" alt=\"Landen Katzen immer auf ihren Pfoten?\" \/><\/div><\/div><div class=\"wrapper\"><div class=\"title align-center\"><h3><a href=\"https:\/\/uelzener.de\/magazin\/katze\/haltung\/balkon-katzensicher-machen\/\">Balkon katzensicher machen: Gesch\u00fctzter Zugang zur Frischluft f\u00fcr deinen Vierbeiner<\/a><\/h3><\/div><div class=\"img align-center\"><img decoding=\"async\" width=\"315\" height=\"180\" src=\"https:\/\/uelzener.de\/magazin\/app\/uploads\/2023\/01\/balkon-katzensicher-machen-315x180.jpg\" class=\"attachment-315x180 size-315x180 wp-post-image\" alt=\"Katze sitzt auf einem katzensicheren Balkon und sonnt sich.\" \/><\/div><\/div><div class=\"wrapper\"><div class=\"title align-center\"><h3><a href=\"https:\/\/uelzener.de\/magazin\/katze\/haltung\/wohnung-katzensicher-machen\/\">Wohnung katzensicher machen: 9 Tipps f\u00fcr dein Zuhause<\/a><\/h3><\/div><div class=\"img align-center\"><img decoding=\"async\" width=\"315\" height=\"180\" src=\"https:\/\/uelzener.de\/magazin\/app\/uploads\/2020\/05\/d0fe97ae-9fc2-4e23-be3b-874ce1a56c9a-315x180.png\" class=\"attachment-315x180 size-315x180 wp-post-image\" alt=\"Die richtigen Tipps um die Wohnung Katzensicher zu machen sind schwer zu finden. Die kleine Katze hat auf dem Tisch nichts zu suchen.\" \/><\/div><\/div><\/div>\n\n","protected":false},"excerpt":{"rendered":"<p>\u201eKatzen haben sieben Leben\u201c \u2013 leider entspricht die Redewendung nicht der Wahrheit. Deshalb solltest Du f\u00fcr den Notfall mit Deiner Samtpfote ger\u00fcstet sein. Eine schnelle und richtige Erstversorgung kann Leben retten und erleichtert die Behandlung beim Tierarzt. Bissverletzungen \u00c4u\u00dferlich sehen Katzenbisse oft sehr harmlos aus. Jedoch k\u00f6nnen die langen und spitzen Eckz\u00e4hne tief in den [&hellip;]<\/p>\n","protected":false},"author":1,"featured_media":10786,"parent":11709,"menu_order":12,"comment_status":"closed","ping_status":"closed","template":"templates\/blog.php","meta":{"_acf_changed":false,"_crdt_document":"","footnotes":"","beyondwords_generate_audio":"","beyondwords_project_id":"","beyondwords_content_id":"","beyondwords_preview_token":"","beyondwords_player_style":"","beyondwords_language_id":"","beyondwords_title_voice_id":"","beyondwords_body_voice_id":"","beyondwords_summary_voice_id":"","beyondwords_error_message":"","beyondwords_disabled":"","beyondwords_delete_content":"","beyondwords_podcast_id":"","beyondwords_hash":"","publish_post_to_speechkit":"","speechkit_hash":"","speechkit_generate_audio":"","speechkit_project_id":"","speechkit_podcast_id":"","speechkit_error_message":"","speechkit_disabled":"","speechkit_access_key":"","speechkit_error":"","speechkit_info":"","speechkit_response":"","speechkit_retries":"","speechkit_status":"","speechkit_updated_at":"","_speechkit_link":"","_speechkit_text":""},"class_list":["post-10197","page","type-page","status-publish","has-post-thumbnail","hentry"],"acf":[],"yoast_head":"<!-- This site is optimized with the Yoast SEO Premium plugin  - https:\/\/yoast.com\/product\/yoast-seo-premium-wordpress\/ -->\n<title>Erste Hilfe bei Katzen \u2013 so reagierst Du im Notfall richtig | Uelzener<\/title>\n<meta name=\"description\" content=\"Erste-Hilfe-Tipps zur Notversorgung Deiner Katze bei \u2713 offenen Wunden \u2713 Vergiftungen \u2713 Verbrennungen \u2713 uvm. \u25b6 Mehr erfahren!\" \/>\n<meta name=\"robots\" content=\"index, follow, max-snippet:-1, max-image-preview:large, max-video-preview:-1\" \/>\n<link rel=\"canonical\" href=\"https:\/\/uelzener.de\/magazin\/katze\/tipps-fuer-den-alltag\/erste-hilfe-katzen\/\" \/>\n<meta property=\"og:locale\" content=\"de_DE\" \/>\n<meta property=\"og:type\" content=\"article\" \/>\n<meta property=\"og:title\" content=\"Erste Hilfe bei Katzen: Im Notfall richtig reagieren\" \/>\n<meta property=\"og:description\" content=\"Erste-Hilfe-Tipps zur Notversorgung Deiner Katze bei \u2713 offenen Wunden \u2713 Vergiftungen \u2713 Verbrennungen \u2713 uvm. \u25b6 Mehr erfahren!\" \/>\n<meta property=\"og:url\" content=\"https:\/\/uelzener.de\/magazin\/katze\/tipps-fuer-den-alltag\/erste-hilfe-katzen\/\" \/>\n<meta property=\"og:site_name\" content=\"Uelzener Tier-Magazin\" \/>\n<meta property=\"article:publisher\" content=\"https:\/\/www.facebook.com\/Uelzener\" \/>\n<meta property=\"article:modified_time\" content=\"2026-01-06T17:11:22+00:00\" \/>\n<meta property=\"og:image\" content=\"https:\/\/uelzener.de\/magazin\/app\/uploads\/2019\/08\/d507691c-33a1-4632-9105-3648386c85fb.jpg\" \/>\n\t<meta property=\"og:image:width\" content=\"650\" \/>\n\t<meta property=\"og:image:height\" content=\"433\" \/>\n\t<meta property=\"og:image:type\" content=\"image\/jpeg\" \/>\n<meta name=\"twitter:card\" content=\"summary_large_image\" \/>\n<meta name=\"twitter:label1\" content=\"Gesch\u00e4tzte Lesezeit\" \/>\n\t<meta name=\"twitter:data1\" content=\"3\u00a0Minuten\" \/>\n<script type=\"application\/ld+json\" class=\"yoast-schema-graph\">{\"@context\":\"https:\/\/schema.org\",\"@graph\":[{\"@type\":\"WebPage\",\"@id\":\"https:\/\/uelzener.de\/magazin\/katze\/tipps-fuer-den-alltag\/erste-hilfe-katzen\/\",\"url\":\"https:\/\/uelzener.de\/magazin\/katze\/tipps-fuer-den-alltag\/erste-hilfe-katzen\/\",\"name\":\"Erste Hilfe bei Katzen \u2013 so reagierst Du im Notfall richtig | Uelzener\",\"isPartOf\":{\"@id\":\"https:\/\/uelzener.de\/magazin\/#website\"},\"primaryImageOfPage\":{\"@id\":\"https:\/\/uelzener.de\/magazin\/katze\/tipps-fuer-den-alltag\/erste-hilfe-katzen\/#primaryimage\"},\"image\":{\"@id\":\"https:\/\/uelzener.de\/magazin\/katze\/tipps-fuer-den-alltag\/erste-hilfe-katzen\/#primaryimage\"},\"thumbnailUrl\":\"https:\/\/uelzener.de\/magazin\/app\/uploads\/2019\/08\/d507691c-33a1-4632-9105-3648386c85fb.jpg\",\"datePublished\":\"2019-08-14T22:00:00+00:00\",\"dateModified\":\"2026-01-06T17:11:22+00:00\",\"description\":\"Erste-Hilfe-Tipps zur Notversorgung Deiner Katze bei \u2713 offenen Wunden \u2713 Vergiftungen \u2713 Verbrennungen \u2713 uvm. \u25b6 Mehr erfahren!\",\"breadcrumb\":{\"@id\":\"https:\/\/uelzener.de\/magazin\/katze\/tipps-fuer-den-alltag\/erste-hilfe-katzen\/#breadcrumb\"},\"inLanguage\":\"de\",\"potentialAction\":[{\"@type\":\"ReadAction\",\"target\":[\"https:\/\/uelzener.de\/magazin\/katze\/tipps-fuer-den-alltag\/erste-hilfe-katzen\/\"]}]},{\"@type\":\"ImageObject\",\"inLanguage\":\"de\",\"@id\":\"https:\/\/uelzener.de\/magazin\/katze\/tipps-fuer-den-alltag\/erste-hilfe-katzen\/#primaryimage\",\"url\":\"https:\/\/uelzener.de\/magazin\/app\/uploads\/2019\/08\/d507691c-33a1-4632-9105-3648386c85fb.jpg\",\"contentUrl\":\"https:\/\/uelzener.de\/magazin\/app\/uploads\/2019\/08\/d507691c-33a1-4632-9105-3648386c85fb.jpg\",\"width\":650,\"height\":433,\"caption\":\"Eine schwarze Katze wird behandelt, Erste Hilfe leisten zu k\u00f6nnen ist sehr wichtig.\"},{\"@type\":\"WebSite\",\"@id\":\"https:\/\/uelzener.de\/magazin\/#website\",\"url\":\"https:\/\/uelzener.de\/magazin\/\",\"name\":\"Uelzener Tiermagazin\",\"description\":\"Online Tierratgeber der Uelzener Versicherungen\",\"publisher\":{\"@id\":\"https:\/\/uelzener.de\/magazin\/#organization\"},\"potentialAction\":[{\"@type\":\"SearchAction\",\"target\":{\"@type\":\"EntryPoint\",\"urlTemplate\":\"https:\/\/uelzener.de\/magazin\/?s={search_term_string}\"},\"query-input\":{\"@type\":\"PropertyValueSpecification\",\"valueRequired\":true,\"valueName\":\"search_term_string\"}}],\"inLanguage\":\"de\"},{\"@type\":\"Organization\",\"@id\":\"https:\/\/uelzener.de\/magazin\/#organization\",\"name\":\"Uelzener Versicherungen\",\"url\":\"https:\/\/uelzener.de\/magazin\/\",\"logo\":{\"@type\":\"ImageObject\",\"inLanguage\":\"de\",\"@id\":\"https:\/\/uelzener.de\/magazin\/#\/schema\/logo\/image\/\",\"url\":\"https:\/\/uelzener.de\/magazin\/app\/uploads\/2024\/11\/uelzener_allgemeine_versicherungsgesellschaft_a_g_logo.jpg\",\"contentUrl\":\"https:\/\/uelzener.de\/magazin\/app\/uploads\/2024\/11\/uelzener_allgemeine_versicherungsgesellschaft_a_g_logo.jpg\",\"width\":200,\"height\":200,\"caption\":\"Uelzener Versicherungen\"},\"image\":{\"@id\":\"https:\/\/uelzener.de\/magazin\/#\/schema\/logo\/image\/\"},\"sameAs\":[\"https:\/\/www.facebook.com\/Uelzener\",\"https:\/\/instagram.com\/uelzener\",\"https:\/\/www.xing.com\/pages\/uelzenerallgemeineversicherungs-gesellschafta-g\",\"https:\/\/www.youtube.com\/UelzenerVersicherungen\"]}]}<\/script>\n<!-- \/ Yoast SEO Premium plugin. -->","yoast_head_json":{"title":"Erste Hilfe bei Katzen \u2013 so reagierst Du im Notfall richtig | Uelzener","description":"Erste-Hilfe-Tipps zur Notversorgung Deiner Katze bei \u2713 offenen Wunden \u2713 Vergiftungen \u2713 Verbrennungen \u2713 uvm. \u25b6 Mehr erfahren!","robots":{"index":"index","follow":"follow","max-snippet":"max-snippet:-1","max-image-preview":"max-image-preview:large","max-video-preview":"max-video-preview:-1"},"canonical":"https:\/\/uelzener.de\/magazin\/katze\/tipps-fuer-den-alltag\/erste-hilfe-katzen\/","og_locale":"de_DE","og_type":"article","og_title":"Erste Hilfe bei Katzen: Im Notfall richtig reagieren","og_description":"Erste-Hilfe-Tipps zur Notversorgung Deiner Katze bei \u2713 offenen Wunden \u2713 Vergiftungen \u2713 Verbrennungen \u2713 uvm. \u25b6 Mehr erfahren!","og_url":"https:\/\/uelzener.de\/magazin\/katze\/tipps-fuer-den-alltag\/erste-hilfe-katzen\/","og_site_name":"Uelzener Tier-Magazin","article_publisher":"https:\/\/www.facebook.com\/Uelzener","article_modified_time":"2026-01-06T17:11:22+00:00","og_image":[{"width":650,"height":433,"url":"https:\/\/uelzener.de\/magazin\/app\/uploads\/2019\/08\/d507691c-33a1-4632-9105-3648386c85fb.jpg","type":"image\/jpeg"}],"twitter_card":"summary_large_image","twitter_misc":{"Gesch\u00e4tzte Lesezeit":"3\u00a0Minuten"},"schema":{"@context":"https:\/\/schema.org","@graph":[{"@type":"WebPage","@id":"https:\/\/uelzener.de\/magazin\/katze\/tipps-fuer-den-alltag\/erste-hilfe-katzen\/","url":"https:\/\/uelzener.de\/magazin\/katze\/tipps-fuer-den-alltag\/erste-hilfe-katzen\/","name":"Erste Hilfe bei Katzen \u2013 so reagierst Du im Notfall richtig | Uelzener","isPartOf":{"@id":"https:\/\/uelzener.de\/magazin\/#website"},"primaryImageOfPage":{"@id":"https:\/\/uelzener.de\/magazin\/katze\/tipps-fuer-den-alltag\/erste-hilfe-katzen\/#primaryimage"},"image":{"@id":"https:\/\/uelzener.de\/magazin\/katze\/tipps-fuer-den-alltag\/erste-hilfe-katzen\/#primaryimage"},"thumbnailUrl":"https:\/\/uelzener.de\/magazin\/app\/uploads\/2019\/08\/d507691c-33a1-4632-9105-3648386c85fb.jpg","datePublished":"2019-08-14T22:00:00+00:00","dateModified":"2026-01-06T17:11:22+00:00","description":"Erste-Hilfe-Tipps zur Notversorgung Deiner Katze bei \u2713 offenen Wunden \u2713 Vergiftungen \u2713 Verbrennungen \u2713 uvm. \u25b6 Mehr erfahren!","breadcrumb":{"@id":"https:\/\/uelzener.de\/magazin\/katze\/tipps-fuer-den-alltag\/erste-hilfe-katzen\/#breadcrumb"},"inLanguage":"de","potentialAction":[{"@type":"ReadAction","target":["https:\/\/uelzener.de\/magazin\/katze\/tipps-fuer-den-alltag\/erste-hilfe-katzen\/"]}]},{"@type":"ImageObject","inLanguage":"de","@id":"https:\/\/uelzener.de\/magazin\/katze\/tipps-fuer-den-alltag\/erste-hilfe-katzen\/#primaryimage","url":"https:\/\/uelzener.de\/magazin\/app\/uploads\/2019\/08\/d507691c-33a1-4632-9105-3648386c85fb.jpg","contentUrl":"https:\/\/uelzener.de\/magazin\/app\/uploads\/2019\/08\/d507691c-33a1-4632-9105-3648386c85fb.jpg","width":650,"height":433,"caption":"Eine schwarze Katze wird behandelt, Erste Hilfe leisten zu k\u00f6nnen ist sehr wichtig."},{"@type":"WebSite","@id":"https:\/\/uelzener.de\/magazin\/#website","url":"https:\/\/uelzener.de\/magazin\/","name":"Uelzener Tiermagazin","description":"Online Tierratgeber der Uelzener Versicherungen","publisher":{"@id":"https:\/\/uelzener.de\/magazin\/#organization"},"potentialAction":[{"@type":"SearchAction","target":{"@type":"EntryPoint","urlTemplate":"https:\/\/uelzener.de\/magazin\/?s={search_term_string}"},"query-input":{"@type":"PropertyValueSpecification","valueRequired":true,"valueName":"search_term_string"}}],"inLanguage":"de"},{"@type":"Organization","@id":"https:\/\/uelzener.de\/magazin\/#organization","name":"Uelzener Versicherungen","url":"https:\/\/uelzener.de\/magazin\/","logo":{"@type":"ImageObject","inLanguage":"de","@id":"https:\/\/uelzener.de\/magazin\/#\/schema\/logo\/image\/","url":"https:\/\/uelzener.de\/magazin\/app\/uploads\/2024\/11\/uelzener_allgemeine_versicherungsgesellschaft_a_g_logo.jpg","contentUrl":"https:\/\/uelzener.de\/magazin\/app\/uploads\/2024\/11\/uelzener_allgemeine_versicherungsgesellschaft_a_g_logo.jpg","width":200,"height":200,"caption":"Uelzener Versicherungen"},"image":{"@id":"https:\/\/uelzener.de\/magazin\/#\/schema\/logo\/image\/"},"sameAs":["https:\/\/www.facebook.com\/Uelzener","https:\/\/instagram.com\/uelzener","https:\/\/www.xing.com\/pages\/uelzenerallgemeineversicherungs-gesellschafta-g","https:\/\/www.youtube.com\/UelzenerVersicherungen"]}]}},"_links":{"self":[{"href":"https:\/\/uelzener.de\/magazin\/wp-json\/wp\/v2\/pages\/10197","targetHints":{"allow":["GET"]}}],"collection":[{"href":"https:\/\/uelzener.de\/magazin\/wp-json\/wp\/v2\/pages"}],"about":[{"href":"https:\/\/uelzener.de\/magazin\/wp-json\/wp\/v2\/types\/page"}],"author":[{"embeddable":true,"href":"https:\/\/uelzener.de\/magazin\/wp-json\/wp\/v2\/users\/1"}],"replies":[{"embeddable":true,"href":"https:\/\/uelzener.de\/magazin\/wp-json\/wp\/v2\/comments?post=10197"}],"version-history":[{"count":12,"href":"https:\/\/uelzener.de\/magazin\/wp-json\/wp\/v2\/pages\/10197\/revisions"}],"predecessor-version":[{"id":19691,"href":"https:\/\/uelzener.de\/magazin\/wp-json\/wp\/v2\/pages\/10197\/revisions\/19691"}],"up":[{"embeddable":true,"href":"https:\/\/uelzener.de\/magazin\/wp-json\/wp\/v2\/pages\/11709"}],"wp:featuredmedia":[{"embeddable":true,"href":"https:\/\/uelzener.de\/magazin\/wp-json\/wp\/v2\/media\/10786"}],"wp:attachment":[{"href":"https:\/\/uelzener.de\/magazin\/wp-json\/wp\/v2\/media?parent=10197"}],"curies":[{"name":"wp","href":"https:\/\/api.w.org\/{rel}","templated":true}]}}