{"id":10196,"date":"2019-07-23T00:00:00","date_gmt":"2019-07-22T22:00:00","guid":{"rendered":""},"modified":"2025-09-08T13:14:39","modified_gmt":"2025-09-08T11:14:39","slug":"heilige-birma","status":"publish","type":"page","link":"https:\/\/uelzener.de\/magazin\/katze\/rasseportrait\/heilige-birma\/","title":{"rendered":"Die Heilige Birma: Eine treue Katzenseele"},"content":{"rendered":"<p>Die Heilige Birma sieht mit ihrer Hell-Dunkel-Fellzeichnung nicht nur besonders aus, sondern unterscheidet sich auch im Charakter von den meisten Katzenrassen. Sie ist ausgesprochen anh\u00e4nglich und folgt ihrem Menschen auf Schritt und Tritt. Was Sie noch \u00fcber diese au\u00dfergew\u00f6hnliche Katze wissen sollten, erfahren Sie in unserem Rasseportrait.<\/p>\n<p>Die Birmakatze, die auch als Heilige Birma bezeichnet wird, ist eine treue und menschenbezogene Katzenrasse. Besonders auff\u00e4llig ist ihr Aussehen: W\u00e4hrend der Gro\u00dfteil des K\u00f6rpers hell ist, sind Gesicht, Ohren, Schwanz und Beine dunkel, die Pfoten aber wei\u00df. Mit dieser Fellzeichnung geh\u00f6rt sie zu den sogenannten Point-Katzen, bei denen das K\u00f6rperfell aufgehellt ist und die k\u00fchleren Regionen dunkel gef\u00e4rbt sind.<\/p>\n<h2>Charakter<\/h2>\n<p>Das Wesen der sanften Birmakatze zeichnet sich durch Anh\u00e4nglichkeit und Treue aus: Sie liebt ihre Familie \u00fcber alles, hat viel Geduld mit kleinen Kindern und geht Streit lieber aus dem Weg als sich zur Wehr zu setzen. \u00dcberhaupt steht Kuscheln bei der geselligen Katze ganz oben auf der Liste der Lieblingsbesch\u00e4ftigungen. Zudem begleitet die Birma ihre Menschen wirklich \u00fcberall hin: In den Keller, auf den Dachboden, ins Bad oder Schlafzimmer. Man hat also st\u00e4ndigen Begleitschutz, der genau wissen m\u00f6chte, was gerade los ist und was man denn so macht. Ihre Neugier f\u00fchrt dazu, dass sie \u00fcberall ihre Nase hinein stecken muss, damit sie auch ja nichts verpasst.<\/p>\n<p>Anders als andere Katzen m\u00f6chte die Birma ihren Menschen gefallen, ist gut zu <a href=\"https:\/\/uelzener.de\/magazin\/katze\/erziehung-und-training\/katze-erziehen\/\">erziehen<\/a> und \u00e4u\u00dferst brav. Das macht sie aber nicht langweilig \u2013 sie entdeckt gern Neues und mag Spiele, die mit Bewegung verbunden sind.<\/p>\n<p><img decoding=\"async\" src=\"\/magazin\/app\/uploads\/2021\/02\/b731b29c-2258-4655-a86d-86e701c2fd51.jpg\" \/><\/p>\n<p>Die Birmakatzen haben einen langen K\u00f6rper mit kurzen Beinen. Ihr Gewicht betr\u00e4gt je nach Geschlecht zwischen vier und sechs Kilogramm.<\/p>\n<p>Die Farbpalette der Birma ist breit aufgestellt: Sie kommt in verschiedenen Point-Farben wie Creme, Lilac, Rot und Seal vor. Die Tortie- und Tabby-Zeichnungen sind in der europ\u00e4ischen Zucht neuerdings auch gefragt. Charakteristisch f\u00fcr die Birma sind die leuchtend blauen Augen sowie die wei\u00dfen Pfoten. Hier wird bei der Zucht stark auf die Symmetrie geachtet.<\/p>\n<p>Der Aufwand f\u00fcr die <a href=\"https:\/\/uelzener.de\/magazin\/katze\/pflege\/fellpflege-katze\/\">Fellpflege dieser Katze<\/a> ist im Vergleich zu anderen Katzen gering, da sie nur wenig Unterwolle hat und somit eine Verfilzung eher selten vorkommt. Dennoch sollte sie regelm\u00e4\u00dfig geb\u00fcrstet werden, denn das B\u00fcrsten st\u00e4rkt die Bindung zu ihrem Menschen und erh\u00f6ht ihr Wohlbefinden.<\/p>\n<h2>Haltung<\/h2>\n<p>Die Birmakatze eignet sich gut zur Wohnungshaltung, sollte allerdings nicht allein gehalten werden. Sie ist eine gesellige Katze und mag die Gesellschaft von Artgenossen. Besonders freut sie sich daher \u00fcber eine zweite (Birma-)Katze, die ihrem ruhigen Temperament entspricht und mit der sie die Wohnung teilen kann. Aber keine Sorge: Eine zweite Katze tut der Anh\u00e4nglichkeit der Birma keinen Abbruch. Man hat dann eben zwei Katzen, die einen auf Schritt und Tritt begleiten, \u00fcberall die Nase hinein stecken und charmant und beharrlich ihre Spiel- und Kuschelstunden einfordern. Dank ihres ruhigen und ausgeglichenen Wesens sind Birmas auch im Doppelpack ideale <a href=\"https:\/\/uelzener.de\/magazin\/katze\/haltung\/wohnungskatze-beschaeftigen\/\" target=\"_blank\" rel=\"noopener\">Wohnungskatzen<\/a>, die alle mit ihrem liebenswerten Wesen verzaubern.<\/p>\n<p>Die Birmakatzen sind in der Regel gut zu erziehen und stehen auch dem Clickertraining aufgeschlossen und neugierig gegen\u00fcber.<\/p>\n\n<div class=\"related_articles boxed\">\n    <h2>Mehr zum Thema<\/h2>\n    \n    <div class=\"wrapper\"><div class=\"title align-center\"><h3><a href=\"https:\/\/uelzener.de\/magazin\/katze\/erziehung-und-training\/clickertraining-katzen-apportieren-beibringen\/\">Clickertraining: Katzen apportieren beibringen<\/a><\/h3><\/div><div class=\"img align-center\"><img decoding=\"async\" width=\"315\" height=\"180\" src=\"https:\/\/uelzener.de\/magazin\/app\/uploads\/2023\/03\/clickertraining-katzen-lernen-315x180.jpg\" class=\"attachment-315x180 size-315x180 wp-post-image\" alt=\"Katzen mit Clickertraining und Leckerlis das Lernen beibringen.\" \/><\/div><\/div><div class=\"wrapper\"><div class=\"title align-center\"><h3><a href=\"https:\/\/uelzener.de\/magazin\/katze\/rasseportrait\/was-ist-eine-pointkatze\/\">Was ist eine Pointkatze?<\/a><\/h3><\/div><div class=\"img align-center\"><img decoding=\"async\" width=\"315\" height=\"180\" src=\"https:\/\/uelzener.de\/magazin\/app\/uploads\/2016\/07\/b5a405cd-5322-41f6-9b42-17a75748959f-315x180.jpg\" class=\"attachment-315x180 size-315x180 wp-post-image\" alt=\"Pointkatze sitzt vor einem Blumenstrau\u00df es ist eine sehr sch\u00f6ne Rasse.\" srcset=\"https:\/\/uelzener.de\/magazin\/app\/uploads\/2016\/07\/b5a405cd-5322-41f6-9b42-17a75748959f-315x180.jpg 315w, https:\/\/uelzener.de\/magazin\/app\/uploads\/2016\/07\/b5a405cd-5322-41f6-9b42-17a75748959f-650x369.jpg 650w\" sizes=\"(max-width: 315px) 100vw, 315px\" \/><\/div><\/div><div class=\"wrapper\"><div class=\"title align-center\"><h3><a href=\"https:\/\/uelzener.de\/magazin\/katze\/rasseportrait\/tonkanese-katze\/\">Tonkanese: Faszinierender Mix aus Siam und Burma<\/a><\/h3><\/div><div class=\"img align-center\"><img decoding=\"async\" width=\"315\" height=\"138\" src=\"https:\/\/uelzener.de\/magazin\/app\/uploads\/2025\/09\/tonkanese-katzen.png\" class=\"attachment-315x180 size-315x180 wp-post-image\" alt=\"Vier Tonkanese-Kitten mit Muttertier auf einem Sofa.\" \/><\/div><\/div><\/div>\n\n<h2>Herkunft<\/h2>\n<p>Die auffallenden Birmakatzen wurden in Frankreich gez\u00fcchtet. Die Ausgangsrassen waren Siam- und Perserkatze sowie aus Birma (Myanmar) importierte Katzen, denen die Birma heute noch etwas \u00e4hnelt. 1925 wurde sie in Frankreich als Rasse anerkannt und hat sich anschlie\u00dfend in Europa verbreitet.<\/p>\n<p>Zu ihrer Entstehung existieren verschiedene Sagen. Einer Legende nach lebten die ersten Birmakatzen in einem Tempel im heutigen Myanmar. Dort soll die Seele eines bei einem \u00dcberfall get\u00f6teten M\u00f6nchs auf seinen Kater \u00fcbergegangen sein, der versucht hatte, den M\u00f6nch zu besch\u00fctzen. Zum Zeichen seiner Reinheit bekam der Kater daraufhin wei\u00dfe Pfoten und die blauen Augen der im Tempel verehrten G\u00f6ttin, einer G\u00f6ttin der Seelenwanderung.<\/p>\n","protected":false},"excerpt":{"rendered":"<p>Die Heilige Birma sieht mit ihrer Hell-Dunkel-Fellzeichnung nicht nur besonders aus, sondern unterscheidet sich auch im Charakter von den meisten Katzenrassen. Sie ist ausgesprochen anh\u00e4nglich und folgt ihrem Menschen auf Schritt und Tritt. Was Sie noch \u00fcber diese au\u00dfergew\u00f6hnliche Katze wissen sollten, erfahren Sie in unserem Rasseportrait. Die Birmakatze, die auch als Heilige Birma bezeichnet [&hellip;]<\/p>\n","protected":false},"author":1,"featured_media":10785,"parent":2482,"menu_order":20,"comment_status":"closed","ping_status":"closed","template":"templates\/blog.php","meta":{"_acf_changed":false,"_crdt_document":"","footnotes":"","beyondwords_generate_audio":"0","beyondwords_project_id":"","beyondwords_content_id":"","beyondwords_preview_token":"","beyondwords_player_style":"","beyondwords_language_id":"","beyondwords_title_voice_id":"","beyondwords_body_voice_id":"","beyondwords_summary_voice_id":"","beyondwords_error_message":"","beyondwords_disabled":"","beyondwords_delete_content":"","beyondwords_podcast_id":"","beyondwords_hash":"","publish_post_to_speechkit":"","speechkit_hash":"","speechkit_generate_audio":"","speechkit_project_id":"","speechkit_podcast_id":"","speechkit_error_message":"","speechkit_disabled":"","speechkit_access_key":"","speechkit_error":"","speechkit_info":"","speechkit_response":"","speechkit_retries":"","speechkit_status":"","speechkit_updated_at":"","_speechkit_link":"","_speechkit_text":""},"class_list":["post-10196","page","type-page","status-publish","has-post-thumbnail","hentry"],"acf":[],"yoast_head":"<!-- This site is optimized with the Yoast SEO Premium plugin  - https:\/\/yoast.com\/product\/yoast-seo-premium-wordpress\/ -->\n<title>Heilige Birma Katze im Rasseportrait | Uelzener<\/title>\n<meta name=\"description\" content=\"Erfahre alles zur Katzenrasse Heilige Birma \u2713 Herkunft \u2713 Aussehen \u2713 Charakter \u2713 Haltung \u2713 Pflege \u25b6 Hier informieren!\" \/>\n<meta name=\"robots\" content=\"index, follow, max-snippet:-1, max-image-preview:large, max-video-preview:-1\" \/>\n<link rel=\"canonical\" href=\"https:\/\/uelzener.de\/magazin\/katze\/rasseportrait\/heilige-birma\/\" \/>\n<meta property=\"og:locale\" content=\"de_DE\" \/>\n<meta property=\"og:type\" content=\"article\" \/>\n<meta property=\"og:title\" content=\"Die Heilige Birma: Eine treue Katzenseele\" \/>\n<meta property=\"og:description\" content=\"Erfahre alles zur Katzenrasse Heilige Birma \u2713 Herkunft \u2713 Aussehen \u2713 Charakter \u2713 Haltung \u2713 Pflege \u25b6 Hier informieren!\" \/>\n<meta property=\"og:url\" content=\"https:\/\/uelzener.de\/magazin\/katze\/rasseportrait\/heilige-birma\/\" \/>\n<meta property=\"og:site_name\" content=\"Uelzener Tier-Magazin\" \/>\n<meta property=\"article:publisher\" content=\"https:\/\/www.facebook.com\/Uelzener\" \/>\n<meta property=\"article:modified_time\" content=\"2025-09-08T11:14:39+00:00\" \/>\n<meta property=\"og:image\" content=\"https:\/\/uelzener.de\/magazin\/app\/uploads\/2019\/07\/1d3f8967-2839-40c1-9dd1-3b5f17ae28ee.jpg\" \/>\n\t<meta property=\"og:image:width\" content=\"650\" \/>\n\t<meta property=\"og:image:height\" content=\"433\" \/>\n\t<meta property=\"og:image:type\" content=\"image\/jpeg\" \/>\n<meta name=\"twitter:card\" content=\"summary_large_image\" \/>\n<meta name=\"twitter:label1\" content=\"Gesch\u00e4tzte Lesezeit\" \/>\n\t<meta name=\"twitter:data1\" content=\"4\u00a0Minuten\" \/>\n<script type=\"application\/ld+json\" class=\"yoast-schema-graph\">{\"@context\":\"https:\/\/schema.org\",\"@graph\":[{\"@type\":\"WebPage\",\"@id\":\"https:\/\/uelzener.de\/magazin\/katze\/rasseportrait\/heilige-birma\/\",\"url\":\"https:\/\/uelzener.de\/magazin\/katze\/rasseportrait\/heilige-birma\/\",\"name\":\"Heilige Birma Katze im Rasseportrait | Uelzener\",\"isPartOf\":{\"@id\":\"https:\/\/uelzener.de\/magazin\/#website\"},\"primaryImageOfPage\":{\"@id\":\"https:\/\/uelzener.de\/magazin\/katze\/rasseportrait\/heilige-birma\/#primaryimage\"},\"image\":{\"@id\":\"https:\/\/uelzener.de\/magazin\/katze\/rasseportrait\/heilige-birma\/#primaryimage\"},\"thumbnailUrl\":\"https:\/\/uelzener.de\/magazin\/app\/uploads\/2019\/07\/1d3f8967-2839-40c1-9dd1-3b5f17ae28ee.jpg\",\"datePublished\":\"2019-07-22T22:00:00+00:00\",\"dateModified\":\"2025-09-08T11:14:39+00:00\",\"description\":\"Erfahre alles zur Katzenrasse Heilige Birma \u2713 Herkunft \u2713 Aussehen \u2713 Charakter \u2713 Haltung \u2713 Pflege \u25b6 Hier informieren!\",\"breadcrumb\":{\"@id\":\"https:\/\/uelzener.de\/magazin\/katze\/rasseportrait\/heilige-birma\/#breadcrumb\"},\"inLanguage\":\"de\",\"potentialAction\":[{\"@type\":\"ReadAction\",\"target\":[\"https:\/\/uelzener.de\/magazin\/katze\/rasseportrait\/heilige-birma\/\"]}]},{\"@type\":\"ImageObject\",\"inLanguage\":\"de\",\"@id\":\"https:\/\/uelzener.de\/magazin\/katze\/rasseportrait\/heilige-birma\/#primaryimage\",\"url\":\"https:\/\/uelzener.de\/magazin\/app\/uploads\/2019\/07\/1d3f8967-2839-40c1-9dd1-3b5f17ae28ee.jpg\",\"contentUrl\":\"https:\/\/uelzener.de\/magazin\/app\/uploads\/2019\/07\/1d3f8967-2839-40c1-9dd1-3b5f17ae28ee.jpg\",\"width\":650,\"height\":433,\"caption\":\"Eine wei\u00dfe Heilige Birma Katze mit braunem Gesicht und Ohren liegt gem\u00fctlich auf einem Tisch.\"},{\"@type\":\"WebSite\",\"@id\":\"https:\/\/uelzener.de\/magazin\/#website\",\"url\":\"https:\/\/uelzener.de\/magazin\/\",\"name\":\"Uelzener Tiermagazin\",\"description\":\"Online Tierratgeber der Uelzener Versicherungen\",\"publisher\":{\"@id\":\"https:\/\/uelzener.de\/magazin\/#organization\"},\"potentialAction\":[{\"@type\":\"SearchAction\",\"target\":{\"@type\":\"EntryPoint\",\"urlTemplate\":\"https:\/\/uelzener.de\/magazin\/?s={search_term_string}\"},\"query-input\":{\"@type\":\"PropertyValueSpecification\",\"valueRequired\":true,\"valueName\":\"search_term_string\"}}],\"inLanguage\":\"de\"},{\"@type\":\"Organization\",\"@id\":\"https:\/\/uelzener.de\/magazin\/#organization\",\"name\":\"Uelzener Versicherungen\",\"url\":\"https:\/\/uelzener.de\/magazin\/\",\"logo\":{\"@type\":\"ImageObject\",\"inLanguage\":\"de\",\"@id\":\"https:\/\/uelzener.de\/magazin\/#\/schema\/logo\/image\/\",\"url\":\"https:\/\/uelzener.de\/magazin\/app\/uploads\/2024\/11\/uelzener_allgemeine_versicherungsgesellschaft_a_g_logo.jpg\",\"contentUrl\":\"https:\/\/uelzener.de\/magazin\/app\/uploads\/2024\/11\/uelzener_allgemeine_versicherungsgesellschaft_a_g_logo.jpg\",\"width\":200,\"height\":200,\"caption\":\"Uelzener Versicherungen\"},\"image\":{\"@id\":\"https:\/\/uelzener.de\/magazin\/#\/schema\/logo\/image\/\"},\"sameAs\":[\"https:\/\/www.facebook.com\/Uelzener\",\"https:\/\/instagram.com\/uelzener\",\"https:\/\/www.xing.com\/pages\/uelzenerallgemeineversicherungs-gesellschafta-g\",\"https:\/\/www.youtube.com\/UelzenerVersicherungen\"]}]}<\/script>\n<!-- \/ Yoast SEO Premium plugin. -->","yoast_head_json":{"title":"Heilige Birma Katze im Rasseportrait | Uelzener","description":"Erfahre alles zur Katzenrasse Heilige Birma \u2713 Herkunft \u2713 Aussehen \u2713 Charakter \u2713 Haltung \u2713 Pflege \u25b6 Hier informieren!","robots":{"index":"index","follow":"follow","max-snippet":"max-snippet:-1","max-image-preview":"max-image-preview:large","max-video-preview":"max-video-preview:-1"},"canonical":"https:\/\/uelzener.de\/magazin\/katze\/rasseportrait\/heilige-birma\/","og_locale":"de_DE","og_type":"article","og_title":"Die Heilige Birma: Eine treue Katzenseele","og_description":"Erfahre alles zur Katzenrasse Heilige Birma \u2713 Herkunft \u2713 Aussehen \u2713 Charakter \u2713 Haltung \u2713 Pflege \u25b6 Hier informieren!","og_url":"https:\/\/uelzener.de\/magazin\/katze\/rasseportrait\/heilige-birma\/","og_site_name":"Uelzener Tier-Magazin","article_publisher":"https:\/\/www.facebook.com\/Uelzener","article_modified_time":"2025-09-08T11:14:39+00:00","og_image":[{"width":650,"height":433,"url":"https:\/\/uelzener.de\/magazin\/app\/uploads\/2019\/07\/1d3f8967-2839-40c1-9dd1-3b5f17ae28ee.jpg","type":"image\/jpeg"}],"twitter_card":"summary_large_image","twitter_misc":{"Gesch\u00e4tzte Lesezeit":"4\u00a0Minuten"},"schema":{"@context":"https:\/\/schema.org","@graph":[{"@type":"WebPage","@id":"https:\/\/uelzener.de\/magazin\/katze\/rasseportrait\/heilige-birma\/","url":"https:\/\/uelzener.de\/magazin\/katze\/rasseportrait\/heilige-birma\/","name":"Heilige Birma Katze im Rasseportrait | Uelzener","isPartOf":{"@id":"https:\/\/uelzener.de\/magazin\/#website"},"primaryImageOfPage":{"@id":"https:\/\/uelzener.de\/magazin\/katze\/rasseportrait\/heilige-birma\/#primaryimage"},"image":{"@id":"https:\/\/uelzener.de\/magazin\/katze\/rasseportrait\/heilige-birma\/#primaryimage"},"thumbnailUrl":"https:\/\/uelzener.de\/magazin\/app\/uploads\/2019\/07\/1d3f8967-2839-40c1-9dd1-3b5f17ae28ee.jpg","datePublished":"2019-07-22T22:00:00+00:00","dateModified":"2025-09-08T11:14:39+00:00","description":"Erfahre alles zur Katzenrasse Heilige Birma \u2713 Herkunft \u2713 Aussehen \u2713 Charakter \u2713 Haltung \u2713 Pflege \u25b6 Hier informieren!","breadcrumb":{"@id":"https:\/\/uelzener.de\/magazin\/katze\/rasseportrait\/heilige-birma\/#breadcrumb"},"inLanguage":"de","potentialAction":[{"@type":"ReadAction","target":["https:\/\/uelzener.de\/magazin\/katze\/rasseportrait\/heilige-birma\/"]}]},{"@type":"ImageObject","inLanguage":"de","@id":"https:\/\/uelzener.de\/magazin\/katze\/rasseportrait\/heilige-birma\/#primaryimage","url":"https:\/\/uelzener.de\/magazin\/app\/uploads\/2019\/07\/1d3f8967-2839-40c1-9dd1-3b5f17ae28ee.jpg","contentUrl":"https:\/\/uelzener.de\/magazin\/app\/uploads\/2019\/07\/1d3f8967-2839-40c1-9dd1-3b5f17ae28ee.jpg","width":650,"height":433,"caption":"Eine wei\u00dfe Heilige Birma Katze mit braunem Gesicht und Ohren liegt gem\u00fctlich auf einem Tisch."},{"@type":"WebSite","@id":"https:\/\/uelzener.de\/magazin\/#website","url":"https:\/\/uelzener.de\/magazin\/","name":"Uelzener Tiermagazin","description":"Online Tierratgeber der Uelzener Versicherungen","publisher":{"@id":"https:\/\/uelzener.de\/magazin\/#organization"},"potentialAction":[{"@type":"SearchAction","target":{"@type":"EntryPoint","urlTemplate":"https:\/\/uelzener.de\/magazin\/?s={search_term_string}"},"query-input":{"@type":"PropertyValueSpecification","valueRequired":true,"valueName":"search_term_string"}}],"inLanguage":"de"},{"@type":"Organization","@id":"https:\/\/uelzener.de\/magazin\/#organization","name":"Uelzener Versicherungen","url":"https:\/\/uelzener.de\/magazin\/","logo":{"@type":"ImageObject","inLanguage":"de","@id":"https:\/\/uelzener.de\/magazin\/#\/schema\/logo\/image\/","url":"https:\/\/uelzener.de\/magazin\/app\/uploads\/2024\/11\/uelzener_allgemeine_versicherungsgesellschaft_a_g_logo.jpg","contentUrl":"https:\/\/uelzener.de\/magazin\/app\/uploads\/2024\/11\/uelzener_allgemeine_versicherungsgesellschaft_a_g_logo.jpg","width":200,"height":200,"caption":"Uelzener Versicherungen"},"image":{"@id":"https:\/\/uelzener.de\/magazin\/#\/schema\/logo\/image\/"},"sameAs":["https:\/\/www.facebook.com\/Uelzener","https:\/\/instagram.com\/uelzener","https:\/\/www.xing.com\/pages\/uelzenerallgemeineversicherungs-gesellschafta-g","https:\/\/www.youtube.com\/UelzenerVersicherungen"]}]}},"_links":{"self":[{"href":"https:\/\/uelzener.de\/magazin\/wp-json\/wp\/v2\/pages\/10196","targetHints":{"allow":["GET"]}}],"collection":[{"href":"https:\/\/uelzener.de\/magazin\/wp-json\/wp\/v2\/pages"}],"about":[{"href":"https:\/\/uelzener.de\/magazin\/wp-json\/wp\/v2\/types\/page"}],"author":[{"embeddable":true,"href":"https:\/\/uelzener.de\/magazin\/wp-json\/wp\/v2\/users\/1"}],"replies":[{"embeddable":true,"href":"https:\/\/uelzener.de\/magazin\/wp-json\/wp\/v2\/comments?post=10196"}],"version-history":[{"count":9,"href":"https:\/\/uelzener.de\/magazin\/wp-json\/wp\/v2\/pages\/10196\/revisions"}],"predecessor-version":[{"id":19172,"href":"https:\/\/uelzener.de\/magazin\/wp-json\/wp\/v2\/pages\/10196\/revisions\/19172"}],"up":[{"embeddable":true,"href":"https:\/\/uelzener.de\/magazin\/wp-json\/wp\/v2\/pages\/2482"}],"wp:featuredmedia":[{"embeddable":true,"href":"https:\/\/uelzener.de\/magazin\/wp-json\/wp\/v2\/media\/10785"}],"wp:attachment":[{"href":"https:\/\/uelzener.de\/magazin\/wp-json\/wp\/v2\/media?parent=10196"}],"curies":[{"name":"wp","href":"https:\/\/api.w.org\/{rel}","templated":true}]}}