{"id":10194,"date":"2023-05-01T14:00:00","date_gmt":"2023-05-01T12:00:00","guid":{"rendered":"https:\/\/uelzener.de\/magazin\/katze\/tiergesundheit\/katze-mundgeruch\/"},"modified":"2025-09-24T10:34:19","modified_gmt":"2025-09-24T08:34:19","slug":"katze-mundgeruch","status":"publish","type":"page","link":"https:\/\/uelzener.de\/magazin\/katze\/tiergesundheit\/katze-mundgeruch\/","title":{"rendered":"Mundgeruch bei Katzen: Ursachen und Behandlung"},"content":{"rendered":"<p><span style=\"font-weight: 400;\">Wenn es aus dem Katzenmaul unangenehm riecht, ist das ein Hinweis auf Probleme an den Z\u00e4hnen oder im Maul-Rachenraum. Es k\u00f6nnen durchaus ernsthafte Erkrankungen dahinterstecken. Wir erkl\u00e4ren, welche Ursachen vorliegen k\u00f6nnen und wann ein Besuch beim Tierarzt oder der Tier\u00e4rztin sinnvoll ist.\u00a0<\/span><\/p>\n<p><span style=\"font-weight: 400;\">Mundgeruch kann sehr unangenehm sein \u2013 nicht nur bei Menschen, sondern auch bei Katzen. Doch unsch\u00f6ne Ger\u00fcche sind meist nicht das Hauptproblem, denn Mundgeruch ist h\u00e4ufig ein Zeichen f\u00fcr gesundheitliche Probleme des Schmusetigers. Auch bei der richtigen <\/span><b>Zahnpflege der Katze und gr\u00fcndlichem Z\u00e4hneputzen<\/b><span style=\"font-weight: 400;\"> kann es zu Mundgeruch kommen. Ursache hierf\u00fcr k\u00f6nnen unterschiedliche Krankheiten sein. Diese Erfahrung musste auch die Besitzerin von Shania machen. Der \u00fcble Mundgeruch der erst ein Jahr alten Katze ist der Besitzerin schon vor einiger Zeit aufgefallen, aber sie hatte ihn nicht ernstgenommen. Erst als Shania immer weniger fra\u00df, zusehends d\u00fcnner wurde und immer seltener spielte, brachte sie die Katze zum Tierarzt.<\/span><\/p>\n<h2>Chronische Maulschleimhautentz\u00fcndung<\/h2>\n<p><span style=\"font-weight: 400;\">Ein tiefer Blick in Shanias M\u00e4ulchen reichte dem Tierarzt, um die Ursache f\u00fcr den Mundgeruch, die Appetitlosigkeit und mangelnde Spielfreude zu entdecken. Die junge Katze litt unter einer chronischen Maulschleimhautentz\u00fcndung, auch feline chronische Gingivitis-Stomatitis (FCGS) genannt. Bei dieser Krankheit entz\u00fcndet sich die Maulschleimhaut aus bisher noch ungekl\u00e4rten Gr\u00fcnden. Man nimmt an, dass eine St\u00f6rung des Immunsystems, Infektionen mit Viren oder Zahnerkrankungen hinter der FCGS stecken k\u00f6nnen. Wahrscheinlich beg\u00fcnstigt ein Zusammenspiel verschiedener Faktoren den Ausbruch der Krankheit. Sch\u00e4tzungen gehen davon aus, dass bis zu 10 Prozent der Katzen unter dieser Krankheit leiden.<\/span><\/p>\n<h2>Mundgeruch als Alarmsignal<\/h2>\n<p><span style=\"font-weight: 400;\">Zu Beginn von Erkrankungen wie zum Beispiel <\/span><b>FORL<\/b><span style=\"font-weight: 400;\"> f\u00e4llt vielen Besitzern nur der durch die Entz\u00fcndung verursachte Mundgeruch auf. Je weiter sich die Entz\u00fcndung im Katzenm\u00e4ulchen ausbreitet, desto schmerzhafter wird sie. Betroffene Katzen n\u00e4hern sich dann dem vollen Napf hungrig, geben aber bereits nach wenigen Bissen das Fressen wieder auf, weil die Nahrungsaufnahme so schmerzhaft ist. Die Schmerzen und der Energiemangel mindern die Lebensqualit\u00e4t der erkrankten Tiere erheblich. Sie haben keine Lust mehr zu spielen und kauern manchmal bewegungslos an einem sicheren Ort.<\/span><\/p>\n\n<div class=\"related_articles boxed\">\n    <h2>Mehr zum Thema<\/h2>\n    \n    <div class=\"wrapper\"><div class=\"title align-center\"><h3><a href=\"https:\/\/uelzener.de\/magazin\/katze\/tiergesundheit\/forl-zahnextraktion-bei-katzen\/\">FORL: Wenn die Zahnextraktion Katzenleben retten kann<\/a><\/h3><\/div><div class=\"img align-center\"><img decoding=\"async\" width=\"315\" height=\"180\" src=\"https:\/\/uelzener.de\/magazin\/app\/uploads\/2023\/01\/forl-zahnextraktion-bei-katzen-315x180.jpg\" class=\"attachment-315x180 size-315x180 wp-post-image\" alt=\"Katze wird auf FORL untersucht. Eventuell wird eine Zahnextraktion n\u00f6tig.\" \/><\/div><\/div><div class=\"wrapper\"><div class=\"title align-center\"><h3><a href=\"https:\/\/uelzener.de\/magazin\/katze\/tiergesundheit\/zahnpflege-katze-zaehne-putzen\/\">Zahnpflege f\u00fcr Katzen: Z\u00e4hneputzen als sinnvolle Prophylaxe<\/a><\/h3><\/div><div class=\"img align-center\"><img decoding=\"async\" width=\"315\" height=\"180\" src=\"https:\/\/uelzener.de\/magazin\/app\/uploads\/2023\/01\/zahnpflege-katze-315x180.jpg\" class=\"attachment-315x180 size-315x180 wp-post-image\" alt=\"Zahnpflege bei Katzen kann mit einer Fingerzahnb\u00fcrste vorgenommen werden.\" \/><\/div><\/div><div class=\"wrapper\"><div class=\"title align-center\"><h3><a href=\"https:\/\/uelzener.de\/magazin\/katze\/tiergesundheit\/zahnstein-bei-der-katze-erkennen-und-behandeln\/\">Zahnstein bei der Katze: Erkennen und behandeln<\/a><\/h3><\/div><div class=\"img align-center\"><img decoding=\"async\" width=\"315\" height=\"180\" src=\"https:\/\/uelzener.de\/magazin\/app\/uploads\/2022\/06\/Katze-Zahnstein-315x180.jpg\" class=\"attachment-315x180 size-315x180 wp-post-image\" alt=\"Katze mit Zahnb\u00fcrste entfernt ihren Zahnstein.\" \/><\/div><\/div><\/div>\n\n<h2>Gebisssanierung n\u00f6tig<\/h2>\n<p><span style=\"font-weight: 400;\">Die FCGS wird h\u00e4ufig durch tiefliegende Zahnprobleme verschlimmert. Die Entz\u00fcndung kann die Z\u00e4hne, die Zahnwurzeln und den Zahnhalteapparat angreifen und besch\u00e4digen. Die betroffenen Z\u00e4hne m\u00fcssen meist extrahiert werden. Da die Zahnsch\u00e4den oft tief liegen und vom Zahnfleisch verborgen werden, k\u00f6nnen sie nur durch spezielle R\u00f6ntgenaufnahmen sichtbar gemacht werden. Nach der Gebisssanierung erfolgt eine individuell abgestimmte medikament\u00f6se Therapie.<\/span><\/p>\n\n<div class=\"banner\">\n    <a href=\"https:\/\/uelzener.de\/katze\/katzen-zahn-versicherung\/?agt=0000104925&sem=true&utm_medium=magazin&utm_source=wordpress&utm_campaign=katze_zahn&utm_content=banner\">\n        <img decoding=\"async\" width=\"300\" height=\"212\" src=\"https:\/\/uelzener.de\/magazin\/app\/uploads\/2025\/08\/Katzen-Zahn-Versicherung.jpg\" class=\"attachment-medium size-medium\" alt=\"Banner Katzen-Zahn-Versicherung\" \/>    <\/a>\n<\/div>\n\n<h2>Schmerzfrei ohne Z\u00e4hne<\/h2>\n<p><span style=\"font-weight: 400;\">Zur\u00fcck zu Shania: Die Katze erhielt gleich beim ersten Tierarztbesuch schmerzlindernde und entz\u00fcndungshemmende Medikamente, um die akuten Beschwerden zu lindern. An einer Gebisssanierung unter Vollnarkose f\u00fchrte kein Weg vorbei. Bei Shania waren leider kaum Z\u00e4hne zu retten, fast alle mussten gezogen werden. Tats\u00e4chlich besserte sich Shanias Zustand danach rapide. Das Fressen ohne Z\u00e4hne machte ihr keine Probleme und sie gewann rasch wieder ihre alte Lebensfreude und Energie zur\u00fcck.<\/span><\/p>\n<h2>Weitere Ursachen f\u00fcr Mundgeruch bei Katzen<\/h2>\n<p><span style=\"font-weight: 400;\">In der Regel liegt die Ursache f\u00fcr Mundgeruch bei Katzen im Maul-Rachenraum. Besonders h\u00e4ufig tritt Mundgeruch bei Zahnstein, Zahnfleischentz\u00fcndungen oder anderen Zahnerkrankungen auf. Aber auch Entz\u00fcndungen und Tumore der Speicheldr\u00fcsen oder des Rachens k\u00f6nnen \u00fcblen Maulgeruch bei Katzen verursachen.\u00a0<\/span><\/p>\n<p><span style=\"font-weight: 400;\">Daneben k\u00f6nnen Erkrankungen der Atemwege, beispielsweise chronischer Schnupfen sowie Infektionen der Bronchien und Lungen, schlechte Ger\u00fcche aus dem Katzenmaul hervorrufen. Auch bei fortgeschrittenen Nierenerkrankungen oder <a href=\"https:\/\/uelzener.de\/magazin\/katze\/tiergesundheit\/diabetes-bei-katzen\/\">Diabetes mellitus<\/a> kann Mundgeruch eine Begleiterscheinung sein.<\/span><\/p>\n<p><span style=\"font-weight: 400;\">Bei Mundgeruch gilt: Je eher eine tier\u00e4rztliche Untersuchung erfolgt, desto besser. Erkrankungen der geliebten Samtpfote k\u00f6nnen so schnellstm\u00f6glich diagnostiziert und behandelt werden, sodass sich die Katze schnell wieder wohlf\u00fchlt und ihr Leben in vollen Z\u00fcgen genie\u00dfen kann. Durch regelm\u00e4\u00dfige Kontrolluntersuchungen lassen sich Zahnprobleme rechtzeitig entdecken und beheben. Manche Katzen neigen beispielsweise zur Bildung von Zahnstein, den der Tierarzt oder die Tier\u00e4rztin schnell entfernen kann. \u00dcbrigens: Die Uelzener <\/span><b>Katzen-Krankenversicherung<\/b><span style=\"font-weight: 400;\"> \u00fcbernimmt die Kosten f\u00fcr eine Zahnsteinentfernung in H\u00f6he von bis zu 100 \u20ac.<\/span><\/p>\n\n<div class=\"banner\">\n    <a href=\"https:\/\/uelzener.de\/katze\/katzen-krankenversicherung\/?agt=0000104925&sem=true&utm_medium=magazin&utm_source=wordpress&utm_campaign=katze_kv&utm_content=banner\">\n        <img decoding=\"async\" width=\"300\" height=\"212\" src=\"https:\/\/uelzener.de\/magazin\/app\/uploads\/2025\/01\/Katzen-Kranken-Versicherung.jpg\" class=\"attachment-medium size-medium\" alt=\"Banner Katzen-Kranken-Versicherung\" \/>    <\/a>\n<\/div>\n\n<p><span style=\"font-weight: 400;\">Gut zu wissen: Bei jungen K\u00e4tzchen ist Mundgeruch h\u00e4ufig auf den Zahnwechsel zur\u00fcckzuf\u00fchren. Wenn die erst wenige Monate alten Fellnasen vermehrt speicheln, weniger fressen und ihr M\u00e4ulchen an Gegenst\u00e4nden reiben, kann das ein Hinweis auf den Zahnwechsel sein. In diesem Fall verschwindet der Mundgeruch nach kurzer Zeit von selbst.<\/span><\/p>\n<h2>Fazit<\/h2>\n<p><span style=\"font-weight: 400;\">F\u00e4llt bei der Samtpfote \u00fcbler Mundgeruch auf und kann ein Zahnwechsel ausgeschlossen werden, ist ein Tierarztbesuch dringend anzuraten. Das gilt insbesondere dann, wenn weitere Symptome wie ver\u00e4ndertes Fressverhalten, glanzloses Fell, Gewichtsverlust oder Erbrechen hinzukommen. Durch eine gr\u00fcndliche Untersuchung kann der Tierarzt m\u00f6gliche Ursachen f\u00fcr den Mundgeruch bei der Katze feststellen.\u00a0<\/span><\/p>\n<h2>FAQ: H\u00e4ufig gestellte Fragen zum Mundgeruch bei Katzen<\/h2>\n<h3>Ist kurzzeitiger Mundgeruch bei Katzen normal?<\/h3>\n<p><span style=\"font-weight: 400;\">Nach dem Fressen bemerken viele Katzenhalter einen unangenehmen Geruch aus dem Maul der Katze. Im Regelfall wird der Mundgeruch durch das k\u00fcrzlich vertilgte Futter bzw. Futterreste im Maul verursacht und verschwindet bald wieder. Bei jungen Katzen kann es in der Phase des Zahnwechsels zu vor\u00fcbergehendem Mundgeruch kommen. Sollte sich schlechter Maulgeruch bei der Katze verschlimmern und l\u00e4nger anhalten, ist ein Tierarztbesuch zu empfehlen.<\/span><\/p>\n<h3>Katze riecht aus dem Mund \u2013 was hilft?<\/h3>\n<p><span style=\"font-weight: 400;\">Ist der Mundgeruch nur schwach ausgepr\u00e4gt und sind ernsthafte Ursachen tier\u00e4rztlich ausgeschlossen worden, kann eine intensivere Zahnpflege f\u00fcr Katzen Linderung verschaffen. Sogenannte Dentalsticks zum Kauen k\u00f6nnen helfen, Ablagerungen zu reduzieren und auf diese Weise Mundgeruch bei Katzen zu reduzieren. Au\u00dferdem sollte regelm\u00e4\u00dfiges Z\u00e4hneputzen auf dem Programm stehen. Mit einer speziellen Katzenzahnb\u00fcrste oder einem Fingerling k\u00f6nnen Futterreste und Ablagerungen aus dem Katzenm\u00e4ulchen entfernt werden. Allerdings l\u00e4sst sich nicht jede Katze das Z\u00e4hneputzen gefallen. Um die Akzeptanz f\u00fcr die Zahnpflege zu erh\u00f6hen, empfiehlt es sich, K\u00e4tzchen von Anfang an das Z\u00e4hneputzen zu gew\u00f6hnen. \u00c4ltere Stubentiger f\u00fcr das Zahnpflege-Ritual zu begeistern, kann mitunter etwas Geduld und Fingerspitzengef\u00fchl erfordern.\u00a0<\/span><\/p>\n<h3>Ist eine regelm\u00e4\u00dfige Zahnsteinentfernung bei Katzen sinnvoll?<\/h3>\n<p><span style=\"font-weight: 400;\">Regelm\u00e4\u00dfig beim Tierarzt Zahnstein entfernen zu lassen, hilft dabei, dem Mundgeruch bei Katzen vorbeugen. Zahnstein ist hartn\u00e4ckig und kann mit der Zeit zu gesundheitlichen Folgen f\u00fchren. Bei der j\u00e4hrlichen Kontrolluntersuchung sollte der Tierarzt daher gr\u00fcndlich das Maul der Katze untersuchen und gegebenenfalls eine Zahnsteinentfernung beziehungsweise eine Zahnreinigung durchf\u00fchren.\u00a0\u00a0<\/span><\/p>\n","protected":false},"excerpt":{"rendered":"<p>Wenn es aus dem Katzenmaul unangenehm riecht, ist das ein Hinweis auf Probleme an den Z\u00e4hnen oder im Maul-Rachenraum. Es k\u00f6nnen durchaus ernsthafte Erkrankungen dahinterstecken. Wir erkl\u00e4ren, welche Ursachen vorliegen k\u00f6nnen und wann ein Besuch beim Tierarzt oder der Tier\u00e4rztin sinnvoll ist.\u00a0 Mundgeruch kann sehr unangenehm sein \u2013 nicht nur bei Menschen, sondern auch bei [&hellip;]<\/p>\n","protected":false},"author":1,"featured_media":14817,"parent":11712,"menu_order":52,"comment_status":"closed","ping_status":"closed","template":"templates\/blog.php","meta":{"_acf_changed":false,"_crdt_document":"","footnotes":"","beyondwords_generate_audio":"0","beyondwords_project_id":"","beyondwords_content_id":"","beyondwords_preview_token":"","beyondwords_player_style":"","beyondwords_language_id":"","beyondwords_title_voice_id":"","beyondwords_body_voice_id":"","beyondwords_summary_voice_id":"","beyondwords_error_message":"","beyondwords_disabled":"","beyondwords_delete_content":"","beyondwords_podcast_id":"","beyondwords_hash":"","publish_post_to_speechkit":"","speechkit_hash":"","speechkit_generate_audio":"","speechkit_project_id":"","speechkit_podcast_id":"","speechkit_error_message":"","speechkit_disabled":"","speechkit_access_key":"","speechkit_error":"","speechkit_info":"","speechkit_response":"","speechkit_retries":"","speechkit_status":"","speechkit_updated_at":"","_speechkit_link":"","_speechkit_text":""},"class_list":["post-10194","page","type-page","status-publish","has-post-thumbnail","hentry"],"acf":[],"yoast_head":"<!-- This site is optimized with the Yoast SEO Premium plugin  - https:\/\/yoast.com\/product\/yoast-seo-premium-wordpress\/ -->\n<title>Mundgeruch bei Katzen: Ursachen und Behandlung | Uelzener Tier-Magazin<\/title>\n<meta name=\"description\" content=\"Deine Katze hat starken Mundgeruch? \u25b6 Hier erf\u00e4hrst Du alles zu \u2713 Ursachen \u2713 Behandlung \u2713 Vorbeugung \u25b6 Jetzt informieren!\" \/>\n<meta name=\"robots\" content=\"index, follow, max-snippet:-1, max-image-preview:large, max-video-preview:-1\" \/>\n<link rel=\"canonical\" href=\"https:\/\/uelzener.de\/magazin\/katze\/tiergesundheit\/katze-mundgeruch\/\" \/>\n<meta property=\"og:locale\" content=\"de_DE\" \/>\n<meta property=\"og:type\" content=\"article\" \/>\n<meta property=\"og:title\" content=\"Mundgeruch bei Katzen: Ursachen und Behandlung\" \/>\n<meta property=\"og:description\" content=\"Deine Katze hat starken Mundgeruch? \u25b6 Hier erf\u00e4hrst Du alles zu \u2713 Ursachen \u2713 Behandlung \u2713 Vorbeugung \u25b6 Jetzt informieren!\" \/>\n<meta property=\"og:url\" content=\"https:\/\/uelzener.de\/magazin\/katze\/tiergesundheit\/katze-mundgeruch\/\" \/>\n<meta property=\"og:site_name\" content=\"Uelzener Tier-Magazin\" \/>\n<meta property=\"article:publisher\" content=\"https:\/\/www.facebook.com\/Uelzener\" \/>\n<meta property=\"article:modified_time\" content=\"2025-09-24T08:34:19+00:00\" \/>\n<meta property=\"og:image\" content=\"https:\/\/uelzener.de\/magazin\/app\/uploads\/2023\/01\/mundgeruch-katze.jpg\" \/>\n\t<meta property=\"og:image:width\" content=\"1025\" \/>\n\t<meta property=\"og:image:height\" content=\"450\" \/>\n\t<meta property=\"og:image:type\" content=\"image\/jpeg\" \/>\n<meta name=\"twitter:card\" content=\"summary_large_image\" \/>\n<meta name=\"twitter:label1\" content=\"Gesch\u00e4tzte Lesezeit\" \/>\n\t<meta name=\"twitter:data1\" content=\"6\u00a0Minuten\" \/>\n<script type=\"application\/ld+json\" class=\"yoast-schema-graph\">{\"@context\":\"https:\/\/schema.org\",\"@graph\":[{\"@type\":\"WebPage\",\"@id\":\"https:\/\/uelzener.de\/magazin\/katze\/tiergesundheit\/katze-mundgeruch\/\",\"url\":\"https:\/\/uelzener.de\/magazin\/katze\/tiergesundheit\/katze-mundgeruch\/\",\"name\":\"Mundgeruch bei Katzen: Ursachen und Behandlung | Uelzener Tier-Magazin\",\"isPartOf\":{\"@id\":\"https:\/\/uelzener.de\/magazin\/#website\"},\"primaryImageOfPage\":{\"@id\":\"https:\/\/uelzener.de\/magazin\/katze\/tiergesundheit\/katze-mundgeruch\/#primaryimage\"},\"image\":{\"@id\":\"https:\/\/uelzener.de\/magazin\/katze\/tiergesundheit\/katze-mundgeruch\/#primaryimage\"},\"thumbnailUrl\":\"https:\/\/uelzener.de\/magazin\/app\/uploads\/2023\/01\/mundgeruch-katze.jpg\",\"datePublished\":\"2023-05-01T12:00:00+00:00\",\"dateModified\":\"2025-09-24T08:34:19+00:00\",\"description\":\"Deine Katze hat starken Mundgeruch? \u25b6 Hier erf\u00e4hrst Du alles zu \u2713 Ursachen \u2713 Behandlung \u2713 Vorbeugung \u25b6 Jetzt informieren!\",\"breadcrumb\":{\"@id\":\"https:\/\/uelzener.de\/magazin\/katze\/tiergesundheit\/katze-mundgeruch\/#breadcrumb\"},\"inLanguage\":\"de\",\"potentialAction\":[{\"@type\":\"ReadAction\",\"target\":[\"https:\/\/uelzener.de\/magazin\/katze\/tiergesundheit\/katze-mundgeruch\/\"]}]},{\"@type\":\"ImageObject\",\"inLanguage\":\"de\",\"@id\":\"https:\/\/uelzener.de\/magazin\/katze\/tiergesundheit\/katze-mundgeruch\/#primaryimage\",\"url\":\"https:\/\/uelzener.de\/magazin\/app\/uploads\/2023\/01\/mundgeruch-katze.jpg\",\"contentUrl\":\"https:\/\/uelzener.de\/magazin\/app\/uploads\/2023\/01\/mundgeruch-katze.jpg\",\"width\":1025,\"height\":450,\"caption\":\"Wenn die Katze aus dem Mund stinkt, kann Mundgeruch ein Vorbote f\u00fcr Krankheiten sein.\"},{\"@type\":\"WebSite\",\"@id\":\"https:\/\/uelzener.de\/magazin\/#website\",\"url\":\"https:\/\/uelzener.de\/magazin\/\",\"name\":\"Uelzener Tiermagazin\",\"description\":\"Online Tierratgeber der Uelzener Versicherungen\",\"publisher\":{\"@id\":\"https:\/\/uelzener.de\/magazin\/#organization\"},\"potentialAction\":[{\"@type\":\"SearchAction\",\"target\":{\"@type\":\"EntryPoint\",\"urlTemplate\":\"https:\/\/uelzener.de\/magazin\/?s={search_term_string}\"},\"query-input\":{\"@type\":\"PropertyValueSpecification\",\"valueRequired\":true,\"valueName\":\"search_term_string\"}}],\"inLanguage\":\"de\"},{\"@type\":\"Organization\",\"@id\":\"https:\/\/uelzener.de\/magazin\/#organization\",\"name\":\"Uelzener Versicherungen\",\"url\":\"https:\/\/uelzener.de\/magazin\/\",\"logo\":{\"@type\":\"ImageObject\",\"inLanguage\":\"de\",\"@id\":\"https:\/\/uelzener.de\/magazin\/#\/schema\/logo\/image\/\",\"url\":\"https:\/\/uelzener.de\/magazin\/app\/uploads\/2024\/11\/uelzener_allgemeine_versicherungsgesellschaft_a_g_logo.jpg\",\"contentUrl\":\"https:\/\/uelzener.de\/magazin\/app\/uploads\/2024\/11\/uelzener_allgemeine_versicherungsgesellschaft_a_g_logo.jpg\",\"width\":200,\"height\":200,\"caption\":\"Uelzener Versicherungen\"},\"image\":{\"@id\":\"https:\/\/uelzener.de\/magazin\/#\/schema\/logo\/image\/\"},\"sameAs\":[\"https:\/\/www.facebook.com\/Uelzener\",\"https:\/\/instagram.com\/uelzener\",\"https:\/\/www.xing.com\/pages\/uelzenerallgemeineversicherungs-gesellschafta-g\",\"https:\/\/www.youtube.com\/UelzenerVersicherungen\"]}]}<\/script>\n<!-- \/ Yoast SEO Premium plugin. -->","yoast_head_json":{"title":"Mundgeruch bei Katzen: Ursachen und Behandlung | Uelzener Tier-Magazin","description":"Deine Katze hat starken Mundgeruch? \u25b6 Hier erf\u00e4hrst Du alles zu \u2713 Ursachen \u2713 Behandlung \u2713 Vorbeugung \u25b6 Jetzt informieren!","robots":{"index":"index","follow":"follow","max-snippet":"max-snippet:-1","max-image-preview":"max-image-preview:large","max-video-preview":"max-video-preview:-1"},"canonical":"https:\/\/uelzener.de\/magazin\/katze\/tiergesundheit\/katze-mundgeruch\/","og_locale":"de_DE","og_type":"article","og_title":"Mundgeruch bei Katzen: Ursachen und Behandlung","og_description":"Deine Katze hat starken Mundgeruch? \u25b6 Hier erf\u00e4hrst Du alles zu \u2713 Ursachen \u2713 Behandlung \u2713 Vorbeugung \u25b6 Jetzt informieren!","og_url":"https:\/\/uelzener.de\/magazin\/katze\/tiergesundheit\/katze-mundgeruch\/","og_site_name":"Uelzener Tier-Magazin","article_publisher":"https:\/\/www.facebook.com\/Uelzener","article_modified_time":"2025-09-24T08:34:19+00:00","og_image":[{"width":1025,"height":450,"url":"https:\/\/uelzener.de\/magazin\/app\/uploads\/2023\/01\/mundgeruch-katze.jpg","type":"image\/jpeg"}],"twitter_card":"summary_large_image","twitter_misc":{"Gesch\u00e4tzte Lesezeit":"6\u00a0Minuten"},"schema":{"@context":"https:\/\/schema.org","@graph":[{"@type":"WebPage","@id":"https:\/\/uelzener.de\/magazin\/katze\/tiergesundheit\/katze-mundgeruch\/","url":"https:\/\/uelzener.de\/magazin\/katze\/tiergesundheit\/katze-mundgeruch\/","name":"Mundgeruch bei Katzen: Ursachen und Behandlung | Uelzener Tier-Magazin","isPartOf":{"@id":"https:\/\/uelzener.de\/magazin\/#website"},"primaryImageOfPage":{"@id":"https:\/\/uelzener.de\/magazin\/katze\/tiergesundheit\/katze-mundgeruch\/#primaryimage"},"image":{"@id":"https:\/\/uelzener.de\/magazin\/katze\/tiergesundheit\/katze-mundgeruch\/#primaryimage"},"thumbnailUrl":"https:\/\/uelzener.de\/magazin\/app\/uploads\/2023\/01\/mundgeruch-katze.jpg","datePublished":"2023-05-01T12:00:00+00:00","dateModified":"2025-09-24T08:34:19+00:00","description":"Deine Katze hat starken Mundgeruch? \u25b6 Hier erf\u00e4hrst Du alles zu \u2713 Ursachen \u2713 Behandlung \u2713 Vorbeugung \u25b6 Jetzt informieren!","breadcrumb":{"@id":"https:\/\/uelzener.de\/magazin\/katze\/tiergesundheit\/katze-mundgeruch\/#breadcrumb"},"inLanguage":"de","potentialAction":[{"@type":"ReadAction","target":["https:\/\/uelzener.de\/magazin\/katze\/tiergesundheit\/katze-mundgeruch\/"]}]},{"@type":"ImageObject","inLanguage":"de","@id":"https:\/\/uelzener.de\/magazin\/katze\/tiergesundheit\/katze-mundgeruch\/#primaryimage","url":"https:\/\/uelzener.de\/magazin\/app\/uploads\/2023\/01\/mundgeruch-katze.jpg","contentUrl":"https:\/\/uelzener.de\/magazin\/app\/uploads\/2023\/01\/mundgeruch-katze.jpg","width":1025,"height":450,"caption":"Wenn die Katze aus dem Mund stinkt, kann Mundgeruch ein Vorbote f\u00fcr Krankheiten sein."},{"@type":"WebSite","@id":"https:\/\/uelzener.de\/magazin\/#website","url":"https:\/\/uelzener.de\/magazin\/","name":"Uelzener Tiermagazin","description":"Online Tierratgeber der Uelzener Versicherungen","publisher":{"@id":"https:\/\/uelzener.de\/magazin\/#organization"},"potentialAction":[{"@type":"SearchAction","target":{"@type":"EntryPoint","urlTemplate":"https:\/\/uelzener.de\/magazin\/?s={search_term_string}"},"query-input":{"@type":"PropertyValueSpecification","valueRequired":true,"valueName":"search_term_string"}}],"inLanguage":"de"},{"@type":"Organization","@id":"https:\/\/uelzener.de\/magazin\/#organization","name":"Uelzener Versicherungen","url":"https:\/\/uelzener.de\/magazin\/","logo":{"@type":"ImageObject","inLanguage":"de","@id":"https:\/\/uelzener.de\/magazin\/#\/schema\/logo\/image\/","url":"https:\/\/uelzener.de\/magazin\/app\/uploads\/2024\/11\/uelzener_allgemeine_versicherungsgesellschaft_a_g_logo.jpg","contentUrl":"https:\/\/uelzener.de\/magazin\/app\/uploads\/2024\/11\/uelzener_allgemeine_versicherungsgesellschaft_a_g_logo.jpg","width":200,"height":200,"caption":"Uelzener Versicherungen"},"image":{"@id":"https:\/\/uelzener.de\/magazin\/#\/schema\/logo\/image\/"},"sameAs":["https:\/\/www.facebook.com\/Uelzener","https:\/\/instagram.com\/uelzener","https:\/\/www.xing.com\/pages\/uelzenerallgemeineversicherungs-gesellschafta-g","https:\/\/www.youtube.com\/UelzenerVersicherungen"]}]}},"_links":{"self":[{"href":"https:\/\/uelzener.de\/magazin\/wp-json\/wp\/v2\/pages\/10194","targetHints":{"allow":["GET"]}}],"collection":[{"href":"https:\/\/uelzener.de\/magazin\/wp-json\/wp\/v2\/pages"}],"about":[{"href":"https:\/\/uelzener.de\/magazin\/wp-json\/wp\/v2\/types\/page"}],"author":[{"embeddable":true,"href":"https:\/\/uelzener.de\/magazin\/wp-json\/wp\/v2\/users\/1"}],"replies":[{"embeddable":true,"href":"https:\/\/uelzener.de\/magazin\/wp-json\/wp\/v2\/comments?post=10194"}],"version-history":[{"count":14,"href":"https:\/\/uelzener.de\/magazin\/wp-json\/wp\/v2\/pages\/10194\/revisions"}],"predecessor-version":[{"id":19294,"href":"https:\/\/uelzener.de\/magazin\/wp-json\/wp\/v2\/pages\/10194\/revisions\/19294"}],"up":[{"embeddable":true,"href":"https:\/\/uelzener.de\/magazin\/wp-json\/wp\/v2\/pages\/11712"}],"wp:featuredmedia":[{"embeddable":true,"href":"https:\/\/uelzener.de\/magazin\/wp-json\/wp\/v2\/media\/14817"}],"wp:attachment":[{"href":"https:\/\/uelzener.de\/magazin\/wp-json\/wp\/v2\/media?parent=10194"}],"curies":[{"name":"wp","href":"https:\/\/api.w.org\/{rel}","templated":true}]}}