{"id":10192,"date":"2019-06-13T00:00:00","date_gmt":"2019-06-13T00:00:00","guid":{"rendered":""},"modified":"2023-04-27T16:00:23","modified_gmt":"2023-04-27T14:00:23","slug":"katze-in-nachbars-garten","status":"publish","type":"page","link":"https:\/\/uelzener.de\/magazin\/katze\/haltung\/katze-in-nachbars-garten\/","title":{"rendered":"Katzen in Nachbars Garten"},"content":{"rendered":"<p>Hinterlassenschaften im Sandkatzen, zertrampelte Blumenbeete, verschollene Fische: Katzen haben bereits so manchen Nachbarschaftsstreit vom Zaun gebrochen und hohe Rechnungen verursacht. Wir erkl\u00e4ren die Rechtslage \u2013 und wie du dich sch\u00fctzen kannst.<\/p>\n<p>Als Freil\u00e4ufer halten Katzen sich nicht an Z\u00e4une als Grenzen und finden oft genug die Nachbargrundst\u00fccke attraktiv. Nicht immer zur Freude der Nachbarn. Wird ein vergrabenes H\u00e4ufchen im Kindersandkasten oder im gerade angelegten Gem\u00fcsebeet entdeckt oder einer der geliebten Goldfische im Teich vermisst, ist der Spa\u00df meist vorbei. Oft genug eskalieren dann die Streitigkeiten zwischen den Katzenbesitzern und ihren Nachbarn. Wie ist eigentlich die Rechtslage? Wir kl\u00e4ren die wichtigsten Fragen.<\/p>\n<h2>Wenn meine Katze beim Nachbarn im Sandkasten oder Blumenbeet ihr Gesch\u00e4ft verrichtet, kann der Nachbar das verbieten lassen?<\/h2>\n<p>Generell darf sich die Katze im Garten des Nachbarn bewegen. Diese sogenannte Duldungspflicht endet jedoch, wenn es f\u00fcr den Nachbarn nicht mehr zumutbar ist. Zum Beispiel: Die Katze benutzt regelm\u00e4\u00dfig den Sandkasten als Katzentoilette. Der Nachbar muss dies nicht hinnehmen und kann ein Verbot aussprechen.<\/p>\n<h2>Kann der Nachbar Schadensersatz verlangen, wenn meine Katze seine Pflanzen oder Blumenzwiebeln besch\u00e4digt?<\/h2>\n<p>Jeder Tierhalter unterliegt der Tierhalterhaftung gem\u00e4\u00df \u00a7 BGB 833. Eine Katze gilt als zahmes Haustier, kann aber mit ihren Krallen Sch\u00e4den anrichten oder eben die Pflanze besch\u00e4digen. In der Regel greift bei Sch\u00e4den von Katzen die <a href=\"https:\/\/uelzener.de\/mensch\/private-haftpflichtversicherung\/\"><strong>Privat-Haftpflicht<\/strong><\/a>. Ein Vergleich der Versicherungen lohnt sich. Bei der Uelzener sind die Samtpfoten in der Privat-Haftpflicht eingeschlossen.<\/p>\n<h2>Wer tr\u00e4gt die Beweislast, wenn meine Katze (angeblich) aus dem nachbarlichen Teich einen Fisch geangelt und verspeist hat?<\/h2>\n<p>Es besteht die Beweispflicht des Gesch\u00e4digten. So muss der Teichbesitzer den Fischfang der Katze beweisen. Generell sollte der Fokus auf einem freundlichen Miteinander mit dem Nachbar liegen. Ein handfester Rechtsstreit kann durch Kompromisse verhindert werden. Und eine Privat-Haftpflicht sch\u00fctzt den Tierhalter vor finanziellen Sorgen, falls die Katze doch im Garten des Nachbarn einen Schaden anrichtet.<\/p>\n<p>Lies hier nach, wie du deinen <a href=\"https:\/\/uelzener.de\/magazin\/katze\/haltung\/garten-katzensicher-machen\/\">Garten sicher f\u00fcr Katzen gestalten<\/a> kannst und deine Katze sich so wohl dort f\u00fchlt, dass sie erst gar nicht auf Wanderungen geht.<\/p>\n","protected":false},"excerpt":{"rendered":"<p>Hinterlassenschaften im Sandkatzen, zertrampelte Blumenbeete, verschollene Fische: Katzen haben bereits so manchen Nachbarschaftsstreit vom Zaun gebrochen und hohe Rechnungen verursacht. Wir erkl\u00e4ren die Rechtslage \u2013 und wie du dich sch\u00fctzen kannst. Als Freil\u00e4ufer halten Katzen sich nicht an Z\u00e4une als Grenzen und finden oft genug die Nachbargrundst\u00fccke attraktiv. Nicht immer zur Freude der Nachbarn. Wird [&hellip;]<\/p>\n","protected":false},"author":1,"featured_media":10781,"parent":11683,"menu_order":19,"comment_status":"open","ping_status":"open","template":"templates\/blog.php","meta":{"_acf_changed":false,"_crdt_document":"","footnotes":"","beyondwords_generate_audio":"","beyondwords_project_id":"","beyondwords_content_id":"","beyondwords_preview_token":"","beyondwords_player_style":"","beyondwords_language_id":"","beyondwords_title_voice_id":"","beyondwords_body_voice_id":"","beyondwords_summary_voice_id":"","beyondwords_error_message":"","beyondwords_disabled":"","beyondwords_delete_content":"","beyondwords_podcast_id":"","beyondwords_hash":"","publish_post_to_speechkit":"","speechkit_hash":"","speechkit_generate_audio":"","speechkit_project_id":"","speechkit_podcast_id":"","speechkit_error_message":"","speechkit_disabled":"","speechkit_access_key":"","speechkit_error":"","speechkit_info":"","speechkit_response":"","speechkit_retries":"","speechkit_status":"","speechkit_updated_at":"","_speechkit_link":"","_speechkit_text":""},"class_list":["post-10192","page","type-page","status-publish","has-post-thumbnail","hentry"],"acf":[],"yoast_head":"<!-- This site is optimized with the Yoast SEO Premium plugin  - https:\/\/yoast.com\/product\/yoast-seo-premium-wordpress\/ -->\n<title>Katzen in Nachbars Garten | Uelzener Magazin<\/title>\n<meta name=\"robots\" content=\"index, follow, max-snippet:-1, max-image-preview:large, max-video-preview:-1\" \/>\n<link rel=\"canonical\" href=\"https:\/\/uelzener.de\/magazin\/katze\/haltung\/katze-in-nachbars-garten\/\" \/>\n<meta property=\"og:locale\" content=\"de_DE\" \/>\n<meta property=\"og:type\" content=\"article\" \/>\n<meta property=\"og:title\" content=\"Katzen in Nachbars Garten\" \/>\n<meta property=\"og:description\" content=\"Hinterlassenschaften im Sandkatzen, zertrampelte Blumenbeete, verschollene Fische: Katzen haben bereits so manchen Nachbarschaftsstreit vom Zaun gebrochen und hohe Rechnungen verursacht. Wir erkl\u00e4ren die Rechtslage \u2013 und wie du dich sch\u00fctzen kannst. Als Freil\u00e4ufer halten Katzen sich nicht an Z\u00e4une als Grenzen und finden oft genug die Nachbargrundst\u00fccke attraktiv. Nicht immer zur Freude der Nachbarn. Wird [&hellip;]\" \/>\n<meta property=\"og:url\" content=\"https:\/\/uelzener.de\/magazin\/katze\/haltung\/katze-in-nachbars-garten\/\" \/>\n<meta property=\"og:site_name\" content=\"Uelzener Tier-Magazin\" \/>\n<meta property=\"article:publisher\" content=\"https:\/\/www.facebook.com\/Uelzener\" \/>\n<meta property=\"article:modified_time\" content=\"2023-04-27T14:00:23+00:00\" \/>\n<meta property=\"og:image\" content=\"https:\/\/uelzener.de\/magazin\/app\/uploads\/2019\/06\/9c4512a6-f156-4788-8f4f-42b58507da59.jpg\" \/>\n\t<meta property=\"og:image:width\" content=\"650\" \/>\n\t<meta property=\"og:image:height\" content=\"433\" \/>\n\t<meta property=\"og:image:type\" content=\"image\/jpeg\" \/>\n<meta name=\"twitter:card\" content=\"summary_large_image\" \/>\n<meta name=\"twitter:label1\" content=\"Gesch\u00e4tzte Lesezeit\" \/>\n\t<meta name=\"twitter:data1\" content=\"2\u00a0Minuten\" \/>\n<script type=\"application\/ld+json\" class=\"yoast-schema-graph\">{\"@context\":\"https:\/\/schema.org\",\"@graph\":[{\"@type\":\"WebPage\",\"@id\":\"https:\/\/uelzener.de\/magazin\/katze\/haltung\/katze-in-nachbars-garten\/\",\"url\":\"https:\/\/uelzener.de\/magazin\/katze\/haltung\/katze-in-nachbars-garten\/\",\"name\":\"Katzen in Nachbars Garten | Uelzener Magazin\",\"isPartOf\":{\"@id\":\"https:\/\/uelzener.de\/magazin\/#website\"},\"primaryImageOfPage\":{\"@id\":\"https:\/\/uelzener.de\/magazin\/katze\/haltung\/katze-in-nachbars-garten\/#primaryimage\"},\"image\":{\"@id\":\"https:\/\/uelzener.de\/magazin\/katze\/haltung\/katze-in-nachbars-garten\/#primaryimage\"},\"thumbnailUrl\":\"https:\/\/uelzener.de\/magazin\/app\/uploads\/2019\/06\/9c4512a6-f156-4788-8f4f-42b58507da59.jpg\",\"datePublished\":\"2019-06-13T00:00:00+00:00\",\"dateModified\":\"2023-04-27T14:00:23+00:00\",\"breadcrumb\":{\"@id\":\"https:\/\/uelzener.de\/magazin\/katze\/haltung\/katze-in-nachbars-garten\/#breadcrumb\"},\"inLanguage\":\"de\",\"potentialAction\":[{\"@type\":\"ReadAction\",\"target\":[\"https:\/\/uelzener.de\/magazin\/katze\/haltung\/katze-in-nachbars-garten\/\"]}]},{\"@type\":\"ImageObject\",\"inLanguage\":\"de\",\"@id\":\"https:\/\/uelzener.de\/magazin\/katze\/haltung\/katze-in-nachbars-garten\/#primaryimage\",\"url\":\"https:\/\/uelzener.de\/magazin\/app\/uploads\/2019\/06\/9c4512a6-f156-4788-8f4f-42b58507da59.jpg\",\"contentUrl\":\"https:\/\/uelzener.de\/magazin\/app\/uploads\/2019\/06\/9c4512a6-f156-4788-8f4f-42b58507da59.jpg\",\"width\":650,\"height\":433,\"caption\":\"Junge Katze sitzt im Blumenbeet des Nachbarsgarten, da ist es besonders gem\u00fctlich.\"},{\"@type\":\"WebSite\",\"@id\":\"https:\/\/uelzener.de\/magazin\/#website\",\"url\":\"https:\/\/uelzener.de\/magazin\/\",\"name\":\"Uelzener Tiermagazin\",\"description\":\"Online Tierratgeber der Uelzener Versicherungen\",\"publisher\":{\"@id\":\"https:\/\/uelzener.de\/magazin\/#organization\"},\"potentialAction\":[{\"@type\":\"SearchAction\",\"target\":{\"@type\":\"EntryPoint\",\"urlTemplate\":\"https:\/\/uelzener.de\/magazin\/?s={search_term_string}\"},\"query-input\":{\"@type\":\"PropertyValueSpecification\",\"valueRequired\":true,\"valueName\":\"search_term_string\"}}],\"inLanguage\":\"de\"},{\"@type\":\"Organization\",\"@id\":\"https:\/\/uelzener.de\/magazin\/#organization\",\"name\":\"Uelzener Versicherungen\",\"url\":\"https:\/\/uelzener.de\/magazin\/\",\"logo\":{\"@type\":\"ImageObject\",\"inLanguage\":\"de\",\"@id\":\"https:\/\/uelzener.de\/magazin\/#\/schema\/logo\/image\/\",\"url\":\"https:\/\/uelzener.de\/magazin\/app\/uploads\/2024\/11\/uelzener_allgemeine_versicherungsgesellschaft_a_g_logo.jpg\",\"contentUrl\":\"https:\/\/uelzener.de\/magazin\/app\/uploads\/2024\/11\/uelzener_allgemeine_versicherungsgesellschaft_a_g_logo.jpg\",\"width\":200,\"height\":200,\"caption\":\"Uelzener Versicherungen\"},\"image\":{\"@id\":\"https:\/\/uelzener.de\/magazin\/#\/schema\/logo\/image\/\"},\"sameAs\":[\"https:\/\/www.facebook.com\/Uelzener\",\"https:\/\/instagram.com\/uelzener\",\"https:\/\/www.xing.com\/pages\/uelzenerallgemeineversicherungs-gesellschafta-g\",\"https:\/\/www.youtube.com\/UelzenerVersicherungen\"]}]}<\/script>\n<!-- \/ Yoast SEO Premium plugin. -->","yoast_head_json":{"title":"Katzen in Nachbars Garten | Uelzener Magazin","robots":{"index":"index","follow":"follow","max-snippet":"max-snippet:-1","max-image-preview":"max-image-preview:large","max-video-preview":"max-video-preview:-1"},"canonical":"https:\/\/uelzener.de\/magazin\/katze\/haltung\/katze-in-nachbars-garten\/","og_locale":"de_DE","og_type":"article","og_title":"Katzen in Nachbars Garten","og_description":"Hinterlassenschaften im Sandkatzen, zertrampelte Blumenbeete, verschollene Fische: Katzen haben bereits so manchen Nachbarschaftsstreit vom Zaun gebrochen und hohe Rechnungen verursacht. Wir erkl\u00e4ren die Rechtslage \u2013 und wie du dich sch\u00fctzen kannst. Als Freil\u00e4ufer halten Katzen sich nicht an Z\u00e4une als Grenzen und finden oft genug die Nachbargrundst\u00fccke attraktiv. Nicht immer zur Freude der Nachbarn. Wird [&hellip;]","og_url":"https:\/\/uelzener.de\/magazin\/katze\/haltung\/katze-in-nachbars-garten\/","og_site_name":"Uelzener Tier-Magazin","article_publisher":"https:\/\/www.facebook.com\/Uelzener","article_modified_time":"2023-04-27T14:00:23+00:00","og_image":[{"width":650,"height":433,"url":"https:\/\/uelzener.de\/magazin\/app\/uploads\/2019\/06\/9c4512a6-f156-4788-8f4f-42b58507da59.jpg","type":"image\/jpeg"}],"twitter_card":"summary_large_image","twitter_misc":{"Gesch\u00e4tzte Lesezeit":"2\u00a0Minuten"},"schema":{"@context":"https:\/\/schema.org","@graph":[{"@type":"WebPage","@id":"https:\/\/uelzener.de\/magazin\/katze\/haltung\/katze-in-nachbars-garten\/","url":"https:\/\/uelzener.de\/magazin\/katze\/haltung\/katze-in-nachbars-garten\/","name":"Katzen in Nachbars Garten | Uelzener Magazin","isPartOf":{"@id":"https:\/\/uelzener.de\/magazin\/#website"},"primaryImageOfPage":{"@id":"https:\/\/uelzener.de\/magazin\/katze\/haltung\/katze-in-nachbars-garten\/#primaryimage"},"image":{"@id":"https:\/\/uelzener.de\/magazin\/katze\/haltung\/katze-in-nachbars-garten\/#primaryimage"},"thumbnailUrl":"https:\/\/uelzener.de\/magazin\/app\/uploads\/2019\/06\/9c4512a6-f156-4788-8f4f-42b58507da59.jpg","datePublished":"2019-06-13T00:00:00+00:00","dateModified":"2023-04-27T14:00:23+00:00","breadcrumb":{"@id":"https:\/\/uelzener.de\/magazin\/katze\/haltung\/katze-in-nachbars-garten\/#breadcrumb"},"inLanguage":"de","potentialAction":[{"@type":"ReadAction","target":["https:\/\/uelzener.de\/magazin\/katze\/haltung\/katze-in-nachbars-garten\/"]}]},{"@type":"ImageObject","inLanguage":"de","@id":"https:\/\/uelzener.de\/magazin\/katze\/haltung\/katze-in-nachbars-garten\/#primaryimage","url":"https:\/\/uelzener.de\/magazin\/app\/uploads\/2019\/06\/9c4512a6-f156-4788-8f4f-42b58507da59.jpg","contentUrl":"https:\/\/uelzener.de\/magazin\/app\/uploads\/2019\/06\/9c4512a6-f156-4788-8f4f-42b58507da59.jpg","width":650,"height":433,"caption":"Junge Katze sitzt im Blumenbeet des Nachbarsgarten, da ist es besonders gem\u00fctlich."},{"@type":"WebSite","@id":"https:\/\/uelzener.de\/magazin\/#website","url":"https:\/\/uelzener.de\/magazin\/","name":"Uelzener Tiermagazin","description":"Online Tierratgeber der Uelzener Versicherungen","publisher":{"@id":"https:\/\/uelzener.de\/magazin\/#organization"},"potentialAction":[{"@type":"SearchAction","target":{"@type":"EntryPoint","urlTemplate":"https:\/\/uelzener.de\/magazin\/?s={search_term_string}"},"query-input":{"@type":"PropertyValueSpecification","valueRequired":true,"valueName":"search_term_string"}}],"inLanguage":"de"},{"@type":"Organization","@id":"https:\/\/uelzener.de\/magazin\/#organization","name":"Uelzener Versicherungen","url":"https:\/\/uelzener.de\/magazin\/","logo":{"@type":"ImageObject","inLanguage":"de","@id":"https:\/\/uelzener.de\/magazin\/#\/schema\/logo\/image\/","url":"https:\/\/uelzener.de\/magazin\/app\/uploads\/2024\/11\/uelzener_allgemeine_versicherungsgesellschaft_a_g_logo.jpg","contentUrl":"https:\/\/uelzener.de\/magazin\/app\/uploads\/2024\/11\/uelzener_allgemeine_versicherungsgesellschaft_a_g_logo.jpg","width":200,"height":200,"caption":"Uelzener Versicherungen"},"image":{"@id":"https:\/\/uelzener.de\/magazin\/#\/schema\/logo\/image\/"},"sameAs":["https:\/\/www.facebook.com\/Uelzener","https:\/\/instagram.com\/uelzener","https:\/\/www.xing.com\/pages\/uelzenerallgemeineversicherungs-gesellschafta-g","https:\/\/www.youtube.com\/UelzenerVersicherungen"]}]}},"_links":{"self":[{"href":"https:\/\/uelzener.de\/magazin\/wp-json\/wp\/v2\/pages\/10192","targetHints":{"allow":["GET"]}}],"collection":[{"href":"https:\/\/uelzener.de\/magazin\/wp-json\/wp\/v2\/pages"}],"about":[{"href":"https:\/\/uelzener.de\/magazin\/wp-json\/wp\/v2\/types\/page"}],"author":[{"embeddable":true,"href":"https:\/\/uelzener.de\/magazin\/wp-json\/wp\/v2\/users\/1"}],"replies":[{"embeddable":true,"href":"https:\/\/uelzener.de\/magazin\/wp-json\/wp\/v2\/comments?post=10192"}],"version-history":[{"count":8,"href":"https:\/\/uelzener.de\/magazin\/wp-json\/wp\/v2\/pages\/10192\/revisions"}],"predecessor-version":[{"id":15452,"href":"https:\/\/uelzener.de\/magazin\/wp-json\/wp\/v2\/pages\/10192\/revisions\/15452"}],"up":[{"embeddable":true,"href":"https:\/\/uelzener.de\/magazin\/wp-json\/wp\/v2\/pages\/11683"}],"wp:featuredmedia":[{"embeddable":true,"href":"https:\/\/uelzener.de\/magazin\/wp-json\/wp\/v2\/media\/10781"}],"wp:attachment":[{"href":"https:\/\/uelzener.de\/magazin\/wp-json\/wp\/v2\/media?parent=10192"}],"curies":[{"name":"wp","href":"https:\/\/api.w.org\/{rel}","templated":true}]}}