{"id":10191,"date":"2022-05-11T00:00:00","date_gmt":"2022-05-10T22:00:00","guid":{"rendered":""},"modified":"2024-03-12T11:39:05","modified_gmt":"2024-03-12T10:39:05","slug":"zecken-bei-katzen","status":"publish","type":"page","link":"https:\/\/uelzener.de\/magazin\/katze\/tiergesundheit\/zecken-bei-katzen\/","title":{"rendered":"Zecken bei Katzen"},"content":{"rendered":"<p><strong>Katzen gelten als nahezu immun gegen von Zecken \u00fcbertragbare Krankheiten. Doch ist das ein Freifahrtschein, um f\u00fcr Katzen keine vorbeugenden Ma\u00dfnahmen zur Zeckenabwehr zu treffen? Was Du \u00fcber Zecken bei Katzen wissen solltest, erf\u00e4hrst Du in diesem Beitrag.<\/strong><\/p>\n<p>Zecken \u2013 ein leidiges Thema f\u00fcr alle Tierbesitzer. Besonders zum Sommer hin, wenn Freig\u00e4nger vermehrt durch die Wiesen und Geb\u00fcsche streifen, steigt auch die Wahrscheinlichkeit, dass sie sich Zecken einfangen. Katzen sind zwar nicht so h\u00e4ufig von Zecken \u00fcbertragbaren Erkrankungen betroffen wie Hunde, aber ein Zeckenbiss bei Katzen kann auch zu schwerwiegenden gesundheitlichen Problemen f\u00fchren.<\/p>\n<h2>Zeckenvorkommen in Deutschland<\/h2>\n<p>Zu den h\u00e4ufigsten Zecken bei Katzen in Deutschland z\u00e4hlen der <strong>Holzbock, die Buntzecke und die Braune Hundezecke.<\/strong><\/p>\n<p>Es gibt tats\u00e4chlich keine Zeit, in der Herrchen und Frauchen sich vor Zecken in Sicherheit wiegen k\u00f6nnen. Sogar im Winter kann man vereinzelt Zecken bei Katze finden. Besonders aber ab <strong>Fr\u00fchlingsbeginn<\/strong> (M\u00e4rz) bis zum <strong>Herbstende<\/strong> (Oktober) sollte man seine Freig\u00e4nger regelm\u00e4\u00dfig nach den Parasiten absuchen.<\/p>\n<p>Der Holzbock ist im Zeitraum von M\u00e4rz bis Juni und von September bis November besonders aktiv. Die Buntzecke wird ab 7 Grad munter. So beginnt ihre Saison schon im Februar und endet in der Regel im Dezember. Die Braune Hundezecke stellt, anders als es der Name vermuten l\u00e4sst, auch f\u00fcr Katzen eine Gefahr dar. Sie kommt zwar seltener vor, daf\u00fcr ist sie aber das ganze Jahr \u00fcber aktiv.<\/p>\n<p><img decoding=\"async\" class=\"alignnone wp-image-14388 size-large\" src=\"https:\/\/uelzener.de\/magazin\/app\/uploads\/2022\/11\/Infografik-zu-drei-Zeckenarten-bei-Katzen-1024x486.jpg\" alt=\"Infografik zu drei Zeckenarten bei Katzen\" width=\"1024\" height=\"486\" srcset=\"https:\/\/uelzener.de\/magazin\/app\/uploads\/2022\/11\/Infografik-zu-drei-Zeckenarten-bei-Katzen-1024x486.jpg 1024w, https:\/\/uelzener.de\/magazin\/app\/uploads\/2022\/11\/Infografik-zu-drei-Zeckenarten-bei-Katzen-300x143.jpg 300w, https:\/\/uelzener.de\/magazin\/app\/uploads\/2022\/11\/Infografik-zu-drei-Zeckenarten-bei-Katzen-768x365.jpg 768w, https:\/\/uelzener.de\/magazin\/app\/uploads\/2022\/11\/Infografik-zu-drei-Zeckenarten-bei-Katzen-1536x730.jpg 1536w, https:\/\/uelzener.de\/magazin\/app\/uploads\/2022\/11\/Infografik-zu-drei-Zeckenarten-bei-Katzen-1026x487.jpg 1026w, https:\/\/uelzener.de\/magazin\/app\/uploads\/2022\/11\/Infografik-zu-drei-Zeckenarten-bei-Katzen-668x317.jpg 668w, https:\/\/uelzener.de\/magazin\/app\/uploads\/2022\/11\/Infografik-zu-drei-Zeckenarten-bei-Katzen.jpg 1684w\" sizes=\"(max-width: 1024px) 100vw, 1024px\" \/><\/p>\n<h2>Zecken entfernen bei Katzen<\/h2>\n<p>Obwohl Katzen viel <strong>seltener durch Krankheiten<\/strong> von Zecken betroffen sind, sollten die Blutsauger auch bei Ihnen schnellstm\u00f6glich entfernt werden. Ist eine Zecke mit einem Krankheitserreger infiziert, steigt die \u00dcbertragungswahrscheinlichkeit mit der Dauer des Blutsaugens stark an. Je l\u00e4nger die Zecke also auf der Haut der Katze sitzt, desto h\u00f6her ist die Wahrscheinlichkeit, dass gef\u00e4hrliche Krankheitserreger \u00fcbertragen werden.<\/p>\n<p>Um die Zecke bei der Katze zu entfernen, verwendest Du am besten einen <strong>Zeckenhacken oder eine Zeckenzange<\/strong>. Sollte eine Zecke gar nicht oder nicht vollst\u00e4ndig entfernt werden k\u00f6nnen, suche Deinen Tierarzt auf.<\/p>\n<p><img decoding=\"async\" class=\"aligncenter wp-image-13380 size-full\" title=\"Zeckenzange zur Entfernung von Zecken\" src=\"https:\/\/uelzener.de\/magazin\/app\/uploads\/2022\/05\/zecken-bei-katzen-zeckenzange.jpg\" alt=\"Zeckenzange zum Entfernen von Zecken bei Katzen\" width=\"600\" height=\"399\" srcset=\"https:\/\/uelzener.de\/magazin\/app\/uploads\/2022\/05\/zecken-bei-katzen-zeckenzange.jpg 600w, https:\/\/uelzener.de\/magazin\/app\/uploads\/2022\/05\/zecken-bei-katzen-zeckenzange-300x200.jpg 300w, https:\/\/uelzener.de\/magazin\/app\/uploads\/2022\/05\/zecken-bei-katzen-zeckenzange-150x100.jpg 150w\" sizes=\"(max-width: 600px) 100vw, 600px\" \/><\/p>\n<h2>\u00dcbertragbare Krankheiten von Zecken<\/h2>\n<p>Zu den von Zecken auf Tier und Mensch \u00fcbertragbaren Krankheiten z\u00e4hlen allen voran die <a href=\"https:\/\/uelzener.de\/magazin\/katze\/haeufige-fragen\/krankheiten-von-katze-auf-menschen-uebertragbar-zoonosen\/\">Zoonosen<\/a> <strong>Borreliose und Anaplasmose<\/strong>. Katzen sind allerdings eher selten von diesen Krankheiten betroffen. Einige Studien vermuten, dass Katzen sich, anders als Hunde, besser gegen Borreliose-Erreger und Co. wehren k\u00f6nnen Obwohl <a href=\"https:\/\/uelzener.de\/magazin\/hund\/tiergesundheit\/zecken-hund\/\">Zecken beim Hund<\/a> noch problematischer sind, ist auch bei Katzen eine Krankheits\u00fcbertragung m\u00f6glich.<\/p>\n<p>Deshalb sollten auch f\u00fcr Katzen <strong>vorbeugende Ma\u00dfnahmen<\/strong> gegen den Zeckenbefall getroffen werden, gerade, um andere Tiere und Menschen zu sch\u00fctzen, die anf\u00e4lliger f\u00fcr solche Krankheiten sind. Au\u00dferdem hilft Dir eine gute Katzen-Krankenversicherung, sollte es doch einmal zur \u00dcbertragung von Krankheiten kommen, damit Du keine hohen Tierarztkosten zahlen musst.<\/p>\n\n<div class=\"banner\">\n    <a href=\"https:\/\/uelzener.de\/katze\/katzen-op-versicherung\/?agt=0000104925&sem=true&utm_medium=magazin&utm_source=wordpress&utm_campaign=katze_op&utm_content=banner\">\n        <img decoding=\"async\" width=\"300\" height=\"212\" src=\"https:\/\/uelzener.de\/magazin\/app\/uploads\/2025\/01\/Katzen-OP-Versicherung.jpg\" class=\"attachment-medium size-medium\" alt=\"Banner Katzen-OP-Versicherung\" \/>    <\/a>\n<\/div>\n\n<h2>Katzen vor Zecken sch\u00fctzen<\/h2>\n<p>Viele Katzenbesitzer sind auf der Suche nach Hausmitteln, die vor Zecken sch\u00fctzen. Allerdings ist hier gro\u00dfe Vorsicht geboten, da nat\u00fcrliche Mittel wie Bernstein, Kokos\u00f6l und insbesondere Teebaum\u00f6l bei Katzen Vergiftungserscheinungen hervorrufen k\u00f6nnen. Anders als Menschen und Hunde k\u00f6nnen Katzen die darin enthaltenen <strong>Terpene und Phenole<\/strong> nicht abbauen und ausscheiden.<\/p>\n<p>Das Risiko, dass Deine Katze von Zecken befallen wird, h\u00e4ngt unter anderem davon ab, ob sie ein Freig\u00e4nger ist oder eine <a href=\"https:\/\/uelzener.de\/magazin\/katze\/haltung\/wohnungskatze-beschaeftigen\/\" target=\"_blank\" rel=\"noopener\">Wohnungskatze<\/a>. Ein weiterer Faktor ist auch das Gebiet, in dem Du lebst. Wohnst Du in einem <strong>Risikogebiet f\u00fcr Zecken<\/strong>, ist die Wahrscheinlichkeit eines Befalls h\u00f6her und somit auch die \u00dcbertragung von Krankheiten.<\/p>\n<p>Ist Deine Katze viel drau\u00dfen unterwegs, solltest Du ein spezielles <strong>Zeckenschutzmittel <\/strong>f\u00fcr Katzen verwenden, Deine Katze t\u00e4glich nach Zecken absuchen und bei einem Befall diese entfernen. Schaue dabei besonders sorgf\u00e4ltig an den Stellen, wo die Zecken gerne sitzen:<\/p>\n<ul>\n<li>Kopf<\/li>\n<li>Brust<\/li>\n<li>Nacken<\/li>\n<li>Schultern<\/li>\n<\/ul>\n<p>Sprich am besten mit Deinem Tierarzt und lass Dich beraten, um Deine Katze optimal zu sch\u00fctzen.<\/p>\n<h2>\u00dcbertragung einer Zecke auf den Menschen<\/h2>\n<p>Zecken k\u00f6nnen von der Katze auch auf den Menschen \u00fcbergehen. Hat die Zecke noch nicht gesaugt, ist die Gefahr ziemlich gro\u00df, dass sie sich einen neuen Wirt sucht. Dabei spielt es f\u00fcr die Zecke keine Rolle, ob der neue Wirt ein Mensch, ein Hund oder eine Katze ist. Deine Katze regelm\u00e4\u00dfig nach Zecken abzusuchen sch\u00fctzt somit auch Dich und andere Tiere, die mit im Haushalt leben.<\/p>\n<h2>FAQ: H\u00e4ufig gestellte Fragen zu Zecken bei Katzen<\/h2>\n<h3>Wie sch\u00fctze ich meine Katze vor Zecken?<\/h3>\n<p>Um Deine Katze vor Zecken zu sch\u00fctzen, kannst Du zum einen Zeckenschutzmittel verwenden. Zum anderen solltest Du Deine Katze besonders an den beliebten Stellen t\u00e4glich nach Zecken absuchen. Bei einem Zeckenbefall musst du die Zecke sorgf\u00e4ltig entfernen.<\/p>\n<h3>Welche Krankheiten k\u00f6nnen Zecken auf Katzen \u00fcbertragen?<\/h3>\n<p>Generell sind Katzen nicht so anf\u00e4llig f\u00fcr Krankheiten, die von Zecken \u00fcbertragen werden wie Hunde oder Menschen. Dennoch kann es passieren, dass Krankheiten wie Borreliose und Anaplasmose auf Deine Katze \u00fcbertragen werden.<\/p>\n<h3>K\u00f6nnen Zecken bei Katzen gef\u00e4hrlich f\u00fcr Menschen sein?<\/h3>\n<p>Zecken k\u00f6nnen auch von der Katze auf den Menschen \u00fcbertragen werden. Ein besonderes Risiko besteht, wenn sich die Zecke noch nicht in die Haut der Katze gesagt hat.<\/p>\n","protected":false},"excerpt":{"rendered":"<p>Katzen gelten als nahezu immun gegen von Zecken \u00fcbertragbare Krankheiten. Doch ist das ein Freifahrtschein, um f\u00fcr Katzen keine vorbeugenden Ma\u00dfnahmen zur Zeckenabwehr zu treffen? Was Du \u00fcber Zecken bei Katzen wissen solltest, erf\u00e4hrst Du in diesem Beitrag. Zecken \u2013 ein leidiges Thema f\u00fcr alle Tierbesitzer. Besonders zum Sommer hin, wenn Freig\u00e4nger vermehrt durch die [&hellip;]<\/p>\n","protected":false},"author":1,"featured_media":13381,"parent":11712,"menu_order":51,"comment_status":"closed","ping_status":"closed","template":"templates\/blog.php","meta":{"_acf_changed":false,"_crdt_document":"","footnotes":"","beyondwords_generate_audio":"0","beyondwords_project_id":"","beyondwords_content_id":"","beyondwords_preview_token":"","beyondwords_player_style":"","beyondwords_language_id":"","beyondwords_title_voice_id":"","beyondwords_body_voice_id":"","beyondwords_summary_voice_id":"","beyondwords_error_message":"","beyondwords_disabled":"","beyondwords_delete_content":"","beyondwords_podcast_id":"","beyondwords_hash":"","publish_post_to_speechkit":"","speechkit_hash":"","speechkit_generate_audio":"","speechkit_project_id":"","speechkit_podcast_id":"","speechkit_error_message":"","speechkit_disabled":"","speechkit_access_key":"","speechkit_error":"","speechkit_info":"","speechkit_response":"","speechkit_retries":"","speechkit_status":"","speechkit_updated_at":"","_speechkit_link":"","_speechkit_text":""},"class_list":["post-10191","page","type-page","status-publish","has-post-thumbnail","hentry"],"acf":[],"yoast_head":"<!-- This site is optimized with the Yoast SEO Premium plugin  - https:\/\/yoast.com\/product\/yoast-seo-premium-wordpress\/ -->\n<title>Zecken bei Katzen \u2013 so sch\u00fctzt Du Dein Tier | Uelzener<\/title>\n<meta name=\"description\" content=\"Erfahre alles zu Zecken bei Katzen \u2713 sichere Entfernung \u2713 zuverl\u00e4ssiger Schutz \u2713 Risiken f\u00fcr Tier &amp; Mensch \u25b6 Mehr erfahren!\" \/>\n<meta name=\"robots\" content=\"index, follow, max-snippet:-1, max-image-preview:large, max-video-preview:-1\" \/>\n<link rel=\"canonical\" href=\"https:\/\/uelzener.de\/magazin\/katze\/tiergesundheit\/zecken-bei-katzen\/\" \/>\n<meta property=\"og:locale\" content=\"de_DE\" \/>\n<meta property=\"og:type\" content=\"article\" \/>\n<meta property=\"og:title\" content=\"Zecken bei Katzen\" \/>\n<meta property=\"og:description\" content=\"Erfahre alles zu Zecken bei Katzen \u2713 sichere Entfernung \u2713 zuverl\u00e4ssiger Schutz \u2713 Risiken f\u00fcr Tier &amp; Mensch \u25b6 Mehr erfahren!\" \/>\n<meta property=\"og:url\" content=\"https:\/\/uelzener.de\/magazin\/katze\/tiergesundheit\/zecken-bei-katzen\/\" \/>\n<meta property=\"og:site_name\" content=\"Uelzener Tier-Magazin\" \/>\n<meta property=\"article:publisher\" content=\"https:\/\/www.facebook.com\/Uelzener\" \/>\n<meta property=\"article:modified_time\" content=\"2024-03-12T10:39:05+00:00\" \/>\n<meta property=\"og:image\" content=\"https:\/\/uelzener.de\/magazin\/app\/uploads\/2022\/05\/Zecken-bei-Katzen.jpg\" \/>\n\t<meta property=\"og:image:width\" content=\"1024\" \/>\n\t<meta property=\"og:image:height\" content=\"450\" \/>\n\t<meta property=\"og:image:type\" content=\"image\/jpeg\" \/>\n<meta name=\"twitter:card\" content=\"summary_large_image\" \/>\n<meta name=\"twitter:label1\" content=\"Gesch\u00e4tzte Lesezeit\" \/>\n\t<meta name=\"twitter:data1\" content=\"4\u00a0Minuten\" \/>\n<script type=\"application\/ld+json\" class=\"yoast-schema-graph\">{\"@context\":\"https:\/\/schema.org\",\"@graph\":[{\"@type\":\"WebPage\",\"@id\":\"https:\/\/uelzener.de\/magazin\/katze\/tiergesundheit\/zecken-bei-katzen\/\",\"url\":\"https:\/\/uelzener.de\/magazin\/katze\/tiergesundheit\/zecken-bei-katzen\/\",\"name\":\"Zecken bei Katzen \u2013 so sch\u00fctzt Du Dein Tier | Uelzener\",\"isPartOf\":{\"@id\":\"https:\/\/uelzener.de\/magazin\/#website\"},\"primaryImageOfPage\":{\"@id\":\"https:\/\/uelzener.de\/magazin\/katze\/tiergesundheit\/zecken-bei-katzen\/#primaryimage\"},\"image\":{\"@id\":\"https:\/\/uelzener.de\/magazin\/katze\/tiergesundheit\/zecken-bei-katzen\/#primaryimage\"},\"thumbnailUrl\":\"https:\/\/uelzener.de\/magazin\/app\/uploads\/2022\/05\/Zecken-bei-Katzen.jpg\",\"datePublished\":\"2022-05-10T22:00:00+00:00\",\"dateModified\":\"2024-03-12T10:39:05+00:00\",\"description\":\"Erfahre alles zu Zecken bei Katzen \u2713 sichere Entfernung \u2713 zuverl\u00e4ssiger Schutz \u2713 Risiken f\u00fcr Tier & Mensch \u25b6 Mehr erfahren!\",\"breadcrumb\":{\"@id\":\"https:\/\/uelzener.de\/magazin\/katze\/tiergesundheit\/zecken-bei-katzen\/#breadcrumb\"},\"inLanguage\":\"de\",\"potentialAction\":[{\"@type\":\"ReadAction\",\"target\":[\"https:\/\/uelzener.de\/magazin\/katze\/tiergesundheit\/zecken-bei-katzen\/\"]}]},{\"@type\":\"ImageObject\",\"inLanguage\":\"de\",\"@id\":\"https:\/\/uelzener.de\/magazin\/katze\/tiergesundheit\/zecken-bei-katzen\/#primaryimage\",\"url\":\"https:\/\/uelzener.de\/magazin\/app\/uploads\/2022\/05\/Zecken-bei-Katzen.jpg\",\"contentUrl\":\"https:\/\/uelzener.de\/magazin\/app\/uploads\/2022\/05\/Zecken-bei-Katzen.jpg\",\"width\":1024,\"height\":450,\"caption\":\"Eine Katze l\u00e4uft \u00fcber eine gr\u00fcne Wiese, die Gefahr auf Zecken ist im hohen Gras sehr hoch.\"},{\"@type\":\"WebSite\",\"@id\":\"https:\/\/uelzener.de\/magazin\/#website\",\"url\":\"https:\/\/uelzener.de\/magazin\/\",\"name\":\"Uelzener Tiermagazin\",\"description\":\"Online Tierratgeber der Uelzener Versicherungen\",\"publisher\":{\"@id\":\"https:\/\/uelzener.de\/magazin\/#organization\"},\"potentialAction\":[{\"@type\":\"SearchAction\",\"target\":{\"@type\":\"EntryPoint\",\"urlTemplate\":\"https:\/\/uelzener.de\/magazin\/?s={search_term_string}\"},\"query-input\":{\"@type\":\"PropertyValueSpecification\",\"valueRequired\":true,\"valueName\":\"search_term_string\"}}],\"inLanguage\":\"de\"},{\"@type\":\"Organization\",\"@id\":\"https:\/\/uelzener.de\/magazin\/#organization\",\"name\":\"Uelzener Versicherungen\",\"url\":\"https:\/\/uelzener.de\/magazin\/\",\"logo\":{\"@type\":\"ImageObject\",\"inLanguage\":\"de\",\"@id\":\"https:\/\/uelzener.de\/magazin\/#\/schema\/logo\/image\/\",\"url\":\"https:\/\/uelzener.de\/magazin\/app\/uploads\/2024\/11\/uelzener_allgemeine_versicherungsgesellschaft_a_g_logo.jpg\",\"contentUrl\":\"https:\/\/uelzener.de\/magazin\/app\/uploads\/2024\/11\/uelzener_allgemeine_versicherungsgesellschaft_a_g_logo.jpg\",\"width\":200,\"height\":200,\"caption\":\"Uelzener Versicherungen\"},\"image\":{\"@id\":\"https:\/\/uelzener.de\/magazin\/#\/schema\/logo\/image\/\"},\"sameAs\":[\"https:\/\/www.facebook.com\/Uelzener\",\"https:\/\/instagram.com\/uelzener\",\"https:\/\/www.xing.com\/pages\/uelzenerallgemeineversicherungs-gesellschafta-g\",\"https:\/\/www.youtube.com\/UelzenerVersicherungen\"]}]}<\/script>\n<!-- \/ Yoast SEO Premium plugin. -->","yoast_head_json":{"title":"Zecken bei Katzen \u2013 so sch\u00fctzt Du Dein Tier | Uelzener","description":"Erfahre alles zu Zecken bei Katzen \u2713 sichere Entfernung \u2713 zuverl\u00e4ssiger Schutz \u2713 Risiken f\u00fcr Tier & Mensch \u25b6 Mehr erfahren!","robots":{"index":"index","follow":"follow","max-snippet":"max-snippet:-1","max-image-preview":"max-image-preview:large","max-video-preview":"max-video-preview:-1"},"canonical":"https:\/\/uelzener.de\/magazin\/katze\/tiergesundheit\/zecken-bei-katzen\/","og_locale":"de_DE","og_type":"article","og_title":"Zecken bei Katzen","og_description":"Erfahre alles zu Zecken bei Katzen \u2713 sichere Entfernung \u2713 zuverl\u00e4ssiger Schutz \u2713 Risiken f\u00fcr Tier & Mensch \u25b6 Mehr erfahren!","og_url":"https:\/\/uelzener.de\/magazin\/katze\/tiergesundheit\/zecken-bei-katzen\/","og_site_name":"Uelzener Tier-Magazin","article_publisher":"https:\/\/www.facebook.com\/Uelzener","article_modified_time":"2024-03-12T10:39:05+00:00","og_image":[{"width":1024,"height":450,"url":"https:\/\/uelzener.de\/magazin\/app\/uploads\/2022\/05\/Zecken-bei-Katzen.jpg","type":"image\/jpeg"}],"twitter_card":"summary_large_image","twitter_misc":{"Gesch\u00e4tzte Lesezeit":"4\u00a0Minuten"},"schema":{"@context":"https:\/\/schema.org","@graph":[{"@type":"WebPage","@id":"https:\/\/uelzener.de\/magazin\/katze\/tiergesundheit\/zecken-bei-katzen\/","url":"https:\/\/uelzener.de\/magazin\/katze\/tiergesundheit\/zecken-bei-katzen\/","name":"Zecken bei Katzen \u2013 so sch\u00fctzt Du Dein Tier | Uelzener","isPartOf":{"@id":"https:\/\/uelzener.de\/magazin\/#website"},"primaryImageOfPage":{"@id":"https:\/\/uelzener.de\/magazin\/katze\/tiergesundheit\/zecken-bei-katzen\/#primaryimage"},"image":{"@id":"https:\/\/uelzener.de\/magazin\/katze\/tiergesundheit\/zecken-bei-katzen\/#primaryimage"},"thumbnailUrl":"https:\/\/uelzener.de\/magazin\/app\/uploads\/2022\/05\/Zecken-bei-Katzen.jpg","datePublished":"2022-05-10T22:00:00+00:00","dateModified":"2024-03-12T10:39:05+00:00","description":"Erfahre alles zu Zecken bei Katzen \u2713 sichere Entfernung \u2713 zuverl\u00e4ssiger Schutz \u2713 Risiken f\u00fcr Tier & Mensch \u25b6 Mehr erfahren!","breadcrumb":{"@id":"https:\/\/uelzener.de\/magazin\/katze\/tiergesundheit\/zecken-bei-katzen\/#breadcrumb"},"inLanguage":"de","potentialAction":[{"@type":"ReadAction","target":["https:\/\/uelzener.de\/magazin\/katze\/tiergesundheit\/zecken-bei-katzen\/"]}]},{"@type":"ImageObject","inLanguage":"de","@id":"https:\/\/uelzener.de\/magazin\/katze\/tiergesundheit\/zecken-bei-katzen\/#primaryimage","url":"https:\/\/uelzener.de\/magazin\/app\/uploads\/2022\/05\/Zecken-bei-Katzen.jpg","contentUrl":"https:\/\/uelzener.de\/magazin\/app\/uploads\/2022\/05\/Zecken-bei-Katzen.jpg","width":1024,"height":450,"caption":"Eine Katze l\u00e4uft \u00fcber eine gr\u00fcne Wiese, die Gefahr auf Zecken ist im hohen Gras sehr hoch."},{"@type":"WebSite","@id":"https:\/\/uelzener.de\/magazin\/#website","url":"https:\/\/uelzener.de\/magazin\/","name":"Uelzener Tiermagazin","description":"Online Tierratgeber der Uelzener Versicherungen","publisher":{"@id":"https:\/\/uelzener.de\/magazin\/#organization"},"potentialAction":[{"@type":"SearchAction","target":{"@type":"EntryPoint","urlTemplate":"https:\/\/uelzener.de\/magazin\/?s={search_term_string}"},"query-input":{"@type":"PropertyValueSpecification","valueRequired":true,"valueName":"search_term_string"}}],"inLanguage":"de"},{"@type":"Organization","@id":"https:\/\/uelzener.de\/magazin\/#organization","name":"Uelzener Versicherungen","url":"https:\/\/uelzener.de\/magazin\/","logo":{"@type":"ImageObject","inLanguage":"de","@id":"https:\/\/uelzener.de\/magazin\/#\/schema\/logo\/image\/","url":"https:\/\/uelzener.de\/magazin\/app\/uploads\/2024\/11\/uelzener_allgemeine_versicherungsgesellschaft_a_g_logo.jpg","contentUrl":"https:\/\/uelzener.de\/magazin\/app\/uploads\/2024\/11\/uelzener_allgemeine_versicherungsgesellschaft_a_g_logo.jpg","width":200,"height":200,"caption":"Uelzener Versicherungen"},"image":{"@id":"https:\/\/uelzener.de\/magazin\/#\/schema\/logo\/image\/"},"sameAs":["https:\/\/www.facebook.com\/Uelzener","https:\/\/instagram.com\/uelzener","https:\/\/www.xing.com\/pages\/uelzenerallgemeineversicherungs-gesellschafta-g","https:\/\/www.youtube.com\/UelzenerVersicherungen"]}]}},"_links":{"self":[{"href":"https:\/\/uelzener.de\/magazin\/wp-json\/wp\/v2\/pages\/10191","targetHints":{"allow":["GET"]}}],"collection":[{"href":"https:\/\/uelzener.de\/magazin\/wp-json\/wp\/v2\/pages"}],"about":[{"href":"https:\/\/uelzener.de\/magazin\/wp-json\/wp\/v2\/types\/page"}],"author":[{"embeddable":true,"href":"https:\/\/uelzener.de\/magazin\/wp-json\/wp\/v2\/users\/1"}],"replies":[{"embeddable":true,"href":"https:\/\/uelzener.de\/magazin\/wp-json\/wp\/v2\/comments?post=10191"}],"version-history":[{"count":15,"href":"https:\/\/uelzener.de\/magazin\/wp-json\/wp\/v2\/pages\/10191\/revisions"}],"predecessor-version":[{"id":17167,"href":"https:\/\/uelzener.de\/magazin\/wp-json\/wp\/v2\/pages\/10191\/revisions\/17167"}],"up":[{"embeddable":true,"href":"https:\/\/uelzener.de\/magazin\/wp-json\/wp\/v2\/pages\/11712"}],"wp:featuredmedia":[{"embeddable":true,"href":"https:\/\/uelzener.de\/magazin\/wp-json\/wp\/v2\/media\/13381"}],"wp:attachment":[{"href":"https:\/\/uelzener.de\/magazin\/wp-json\/wp\/v2\/media?parent=10191"}],"curies":[{"name":"wp","href":"https:\/\/api.w.org\/{rel}","templated":true}]}}