{"id":10190,"date":"2019-06-13T00:00:00","date_gmt":"2019-06-13T00:00:00","guid":{"rendered":""},"modified":"2025-01-23T16:14:04","modified_gmt":"2025-01-23T15:14:04","slug":"bengal-katze-leopard","status":"publish","type":"page","link":"https:\/\/uelzener.de\/magazin\/katze\/rasseportrait\/bengal-katze-leopard\/","title":{"rendered":"Bengalkatze: Leopard im Wohnzimmer"},"content":{"rendered":"<p>Die Bengalkatzen sind durch ihr Fell im Leopardenlook bekannt geworden, doch selbst heute steckt noch ein gro\u00dfer Wildkatzenanteil in ihr. Bei manchen Vertretern ist dieser stark ausgepr\u00e4gt und kann die Haltung im menschlichen Umfeld kompliziert gestalten.<\/p>\n<p>Die Bengalkatze, auch Bengal, Bengalesen oder Leopardette genannt, hat das \u00e4u\u00dfere Erscheinungsbild einer kleinen Wildkatze und tr\u00e4gt jedoch meist den Charakter einer liebevollen Hauskatze. Ihr markantes Fell im Leo-Look hat sie von asiatischen Wildkatzen geerbt. Sie ist eine aktive Katzenrasse, die abwechslungsreiche Besch\u00e4ftigung braucht.<\/p>\n<h2><strong>Charakter der Bengalkatze<\/strong><\/h2>\n<p>Der Charakter der Bengal l\u00e4sst sich kaum pauschal beschreiben. Einige Bengalen entsprechen in ihrem Wesen einer normalen Hauskatze, w\u00e4hrend bei anderen die Wildkatze noch stark zum Vorschein kommt. Die Charakterz\u00fcge der Wildkatze zeigen sich in starken Ausbruchsversuchen, Scheu oder Stress im menschlichen Umfeld.<\/p>\n<p>Eine Besonderheit an dieser Katzenrasse ist, dass Bengalen nicht wasserscheu sind. Im Gegenteil: Es zieht sie sogar zum Wasser hin! Dieses Verhalten haben sie von ihren Vorfahren, den Wildkatzen, geerbt, ebenso wie den stark entwickelten Jagdinstinkt.<\/p>\n<p>Ihr Temperament entspricht ebenfalls dem einer Wildkatze: Sie bringen viel Energie mit, spielen, springen und klettern gern.<\/p>\n<p>Zudem sind Bengalen sehr neugierig: Mutig und unerschrocken erkunden sie ihre Umwelt und sind zudem sehr anh\u00e4nglich. Sie folgen dem Menschen, um nichts zu verpassen. Bengalen m\u00f6gen es auch zu kuscheln und sie \u201ekommunizieren\u201c viel \u00fcber <a href=\"https:\/\/www.uelzener.de\/blog\/tier\/die-lautsprache-der-katzen.html\" target=\"_blank\" rel=\"noopener\">Miau- und Gurr-Ger\u00e4usche.<\/a><\/p>\n<h2>Wie sieht eine Bengalkatze aus?<\/h2>\n<p>Das Fell der Bengalen hat oft den bekannten Leopardenlook. Daran l\u00e4sst sich ihre Verwandtschaft zu den Wildkatzen gut erkennen. Weitere Varianten der Fellzeichnung sind marmoriert, gefleckt, gestromt oder getupft. Laut Rassestandard sollte die Zeichnung einen deutlichen Kontrast zur Fellfarbe haben.<\/p>\n<p>Bengalkatzen haben kurzes, dichtes, sehr weiches und seidig gl\u00e4nzendes\u00a0 Fell, was die Fellpflege problemlos gestaltet. Die reinlichen Katzen halten ihr Fell gut von selbst sauber, trotzdem kann zwischendurch gern geb\u00fcrstet werden.<\/p>\n<p>Vergleicht man den K\u00f6rperbau der Bengalkatze mit dem einer normalen Hauskatze, sind die Bengalen deutlich schlanker und hochbeiniger. Ihr K\u00f6rper ist muskul\u00f6s und ihr Schwanz ist am Ansatz dicker und verj\u00fcngt sich zu einer abgerundeten Schwanzspitze.<\/p>\n<p><img decoding=\"async\" src=\"\/magazin\/app\/uploads\/2021\/02\/b4461573-75de-4df8-949c-aeb1e54bc7de.jpg\" \/><\/p>\n<p>Sie sind mit einer Gr\u00f6\u00dfe von ungef\u00e4hr 40 Zentimetern mittelgro\u00dfe bis gro\u00dfe Katzen und wiegen zwischen drei bis vier Kilogramm (Katze) oder f\u00fcnf bis acht Kilogramm (Kater). Sie wirken insgesamt sehr sportlich. Bei dieser Rasse ist au\u00dferdem eine Urwampe typisch.<\/p>\n<p>Ihre Hinterbeine sind etwas gr\u00f6\u00dfer als ihre Vorderbeine. Daher kommt \u00fcbrigens auch ihre ausgezeichnete Sprungkraft.<\/p>\n\n<div class=\"related_articles boxed\">\n    <h2>Mehr zum Thema<\/h2>\n    \n    <div class=\"wrapper\"><div class=\"title align-center\"><h3><a href=\"https:\/\/uelzener.de\/magazin\/katze\/haeufige-fragen\/dna-uebereinstimmung-katze-mensch\/\">DNA-\u00dcbereinstimmung zwischen Katze und Mensch: Wie \u00e4hnlich sind wir unseren Stubentigern?<\/a><\/h3><\/div><div class=\"img align-center\"><img decoding=\"async\" width=\"315\" height=\"180\" src=\"https:\/\/uelzener.de\/magazin\/app\/uploads\/2023\/04\/dna-uebereinstimmung-katze-mensch-315x180.jpg\" class=\"attachment-315x180 size-315x180 wp-post-image\" alt=\"Mann schaut mit Katze auf einen Laptop. Wie viele D.N.A.-\u00dcbereinstimmungen haben Katzen und Menschen?\" \/><\/div><\/div><div class=\"wrapper\"><div class=\"title align-center\"><h3><a href=\"https:\/\/uelzener.de\/magazin\/katze\/rasseportrait\/katzenrassen-die-haeufiger-krank-werden\/\">Katzenrassen, die h\u00e4ufiger krank werden<\/a><\/h3><\/div><div class=\"img align-center\"><img decoding=\"async\" width=\"315\" height=\"180\" src=\"https:\/\/uelzener.de\/magazin\/app\/uploads\/2025\/01\/abessinier-315x180.jpg\" class=\"attachment-315x180 size-315x180 wp-post-image\" alt=\"Abessinier-Katze\" \/><\/div><\/div><div class=\"wrapper\"><div class=\"title align-center\"><h3><a href=\"https:\/\/uelzener.de\/magazin\/katze\/haeufige-fragen\/haben-katzen-eine-urwampe\/\">Haben Katzen eine Urwampe?<\/a><\/h3><\/div><div class=\"img align-center\"><img decoding=\"async\" width=\"315\" height=\"180\" src=\"https:\/\/uelzener.de\/magazin\/app\/uploads\/2022\/11\/katze-urwampe-haengebauch-primordial-pouch-315x180.jpg\" class=\"attachment-315x180 size-315x180 wp-post-image\" alt=\"Eine Katze wird gestreichelt. Seitlich sieht man die Urwampe: einen h\u00e4ngenden, befellten Hautlappen am Bauch der Katze.\" \/><\/div><\/div><\/div>\n\n<h2><strong>Wie halte ich eine Bengalkatze?<\/strong><\/h2>\n<p>Im Gegensatz zu manchen anderen Katzenrassen, muss bei der Haltung der Bengalkatze ihr starker Bewegungsdrang ber\u00fccksichtigt werden.<\/p>\n<p>Bengalen sollten keinesfalls als <a href=\"https:\/\/uelzener.de\/magazin\/katze\/haltung\/wohnungskatze-beschaeftigen\/\" target=\"_blank\" rel=\"noopener\">Wohnungskatze<\/a> gehalten werden. Abh\u00e4ngig davon, wie stark die Wildkatze in ihr pr\u00e4sent ist, ist die Wohnungshaltung definitiv nicht zu empfehlen. Die aktive Katze h\u00e4lt nichts vom blo\u00dfen Herumliegen und Nichtstun. Wird ihr zu langweilig, r\u00e4umt sie kurzerhand Schr\u00e4nke und Regale aus.<\/p>\n<p>Wer sich eine Bengalkatze zulegen m\u00f6chte, sollte sich daher \u00fcber die Risiken bez\u00fcglich des Charakters bewusst sein, denn h\u00e4ufig ist die Wildkatze erst im erwachsenen Alter pr\u00e4sent. Aber auch die Gesundheit der Tiere stellt ein Risiko dar, da die Rasse unter Inzucht leidet.<\/p>\n<p>Demnach ist es auch bei dieser Katzen wichtig, dass man eine gute Katzen-Krankenversicherung abschlie\u00dft, um die Katze als auch sich selbst vor hohen Kosten zu sch\u00fctzen.<\/p>\n\n<div class=\"banner\">\n    <a href=\"https:\/\/uelzener.de\/katze\/katzen-krankenversicherung\/?agt=0000104925&sem=true&utm_medium=magazin&utm_source=wordpress&utm_campaign=katze_kv&utm_content=banner\">\n        <img decoding=\"async\" width=\"300\" height=\"212\" src=\"https:\/\/uelzener.de\/magazin\/app\/uploads\/2025\/01\/Katzen-Kranken-Versicherung.jpg\" class=\"attachment-medium size-medium\" alt=\"Banner Katzen-Kranken-Versicherung\" \/>    <\/a>\n<\/div>\n\n<p>Die kleine Wildkatze liebt Abwechslung und Bewegung, weswegen der Freigang oder wenigstens ein eingez\u00e4untes Freigehege sehr wichtig ist. Ein Kratzbaum ist f\u00fcr die Bengalkatze unerl\u00e4sslich, ebenso wie verschiedene Kletterm\u00f6glichkeiten und geistige Besch\u00e4ftigung.<\/p>\n<p>Die sportliche Rasse ist nicht gern alleine, weswegen eine Mehrkatzenhaltung zu empfehlen ist. Auch mit Hunden kommen die Bengalen gut aus.<\/p>\n<h2><strong>Woher kommen Bengalkatzen?<\/strong><\/h2>\n<p>Die Bengalkatze entstand als Ergebnis medizinischer Forschung. Da Wildkatzen eine nat\u00fcrliche Immunit\u00e4t gegen den felinen Leuk\u00e4mievirus FeLV haben, versuchten Wissenschaftler diese Immunit\u00e4t gezielt zu z\u00fcchten. So kam es 1934 zu der ersten Kreuzung zwischen wilder Bengalkatze und einer Hauskatze. Dass daraus eine neue Rasse entstehen w\u00fcrde, war anfangs nicht beabsichtigt.<\/p>\n<p>Die Genetikerin Jean Mill war \u00fcberzeugt von dieser Kreuzung und wollte schlie\u00dflich gezielt eine Katze mit dem K\u00f6rperbau und dem Fell eines Leoparden und dem Charakter einer Hauskatze etablieren. Heute steht die wilde Bengalkatze unter Artenschutz, weswegen die Bengalkatzen einen Legalit\u00e4tsnachweis sowie einen Nachweis dar\u00fcber brauchen, dass die letzte Wildkatzen-Einkreuzung mindestens f\u00fcnf Generationen zur\u00fcckliegt.<\/p>\n<p>Die Bengalkatze wurde 1999 schlie\u00dflich durch den Z\u00fcchter-Dachverband FIFe (F\u00e9d\u00e9ration Internationale F\u00e9line) als eigenst\u00e4ndige Rasse anerkannt.<\/p>\n","protected":false},"excerpt":{"rendered":"<p>Die Bengalkatzen sind durch ihr Fell im Leopardenlook bekannt geworden, doch selbst heute steckt noch ein gro\u00dfer Wildkatzenanteil in ihr. Bei manchen Vertretern ist dieser stark ausgepr\u00e4gt und kann die Haltung im menschlichen Umfeld kompliziert gestalten. Die Bengalkatze, auch Bengal, Bengalesen oder Leopardette genannt, hat das \u00e4u\u00dfere Erscheinungsbild einer kleinen Wildkatze und tr\u00e4gt jedoch meist [&hellip;]<\/p>\n","protected":false},"author":1,"featured_media":10779,"parent":2482,"menu_order":19,"comment_status":"open","ping_status":"open","template":"templates\/blog.php","meta":{"_acf_changed":false,"_crdt_document":"","footnotes":"","beyondwords_generate_audio":"0","beyondwords_project_id":"","beyondwords_content_id":"","beyondwords_preview_token":"","beyondwords_player_style":"","beyondwords_language_id":"","beyondwords_title_voice_id":"","beyondwords_body_voice_id":"","beyondwords_summary_voice_id":"","beyondwords_error_message":"","beyondwords_disabled":"","beyondwords_delete_content":"","beyondwords_podcast_id":"","beyondwords_hash":"","publish_post_to_speechkit":"","speechkit_hash":"","speechkit_generate_audio":"","speechkit_project_id":"","speechkit_podcast_id":"","speechkit_error_message":"","speechkit_disabled":"","speechkit_access_key":"","speechkit_error":"","speechkit_info":"","speechkit_response":"","speechkit_retries":"","speechkit_status":"","speechkit_updated_at":"","_speechkit_link":"","_speechkit_text":""},"class_list":["post-10190","page","type-page","status-publish","has-post-thumbnail","hentry"],"acf":[],"yoast_head":"<!-- This site is optimized with the Yoast SEO Premium plugin  - https:\/\/yoast.com\/product\/yoast-seo-premium-wordpress\/ -->\n<title>Bengal Katze im Rasseportrait: Herkunft, Haltung &amp; Charakter | Uelzener<\/title>\n<meta name=\"description\" content=\"Erfahre alles zur Bengal Katze \u2713 Herkunft \u2713 Aussehen \u2713 Charakter \u2713 Haltung \u2713 Besch\u00e4ftigung \u2713 uvm. \u25b6 Hier informieren!\" \/>\n<meta name=\"robots\" content=\"index, follow, max-snippet:-1, max-image-preview:large, max-video-preview:-1\" \/>\n<link rel=\"canonical\" href=\"https:\/\/uelzener.de\/magazin\/katze\/rasseportrait\/bengal-katze-leopard\/\" \/>\n<meta property=\"og:locale\" content=\"de_DE\" \/>\n<meta property=\"og:type\" content=\"article\" \/>\n<meta property=\"og:title\" content=\"Bengalkatze: Leopard im Wohnzimmer\" \/>\n<meta property=\"og:description\" content=\"Erfahre alles zur Bengal Katze \u2713 Herkunft \u2713 Aussehen \u2713 Charakter \u2713 Haltung \u2713 Besch\u00e4ftigung \u2713 uvm. \u25b6 Hier informieren!\" \/>\n<meta property=\"og:url\" content=\"https:\/\/uelzener.de\/magazin\/katze\/rasseportrait\/bengal-katze-leopard\/\" \/>\n<meta property=\"og:site_name\" content=\"Uelzener Tier-Magazin\" \/>\n<meta property=\"article:publisher\" content=\"https:\/\/www.facebook.com\/Uelzener\" \/>\n<meta property=\"article:modified_time\" content=\"2025-01-23T15:14:04+00:00\" \/>\n<meta property=\"og:image\" content=\"https:\/\/uelzener.de\/magazin\/app\/uploads\/2019\/06\/2a65067b-5cd0-4e62-9e21-68ff6bd29894.jpg\" \/>\n\t<meta property=\"og:image:width\" content=\"650\" \/>\n\t<meta property=\"og:image:height\" content=\"433\" \/>\n\t<meta property=\"og:image:type\" content=\"image\/jpeg\" \/>\n<meta name=\"twitter:card\" content=\"summary_large_image\" \/>\n<meta name=\"twitter:label1\" content=\"Gesch\u00e4tzte Lesezeit\" \/>\n\t<meta name=\"twitter:data1\" content=\"4\u00a0Minuten\" \/>\n<script type=\"application\/ld+json\" class=\"yoast-schema-graph\">{\"@context\":\"https:\/\/schema.org\",\"@graph\":[{\"@type\":\"WebPage\",\"@id\":\"https:\/\/uelzener.de\/magazin\/katze\/rasseportrait\/bengal-katze-leopard\/\",\"url\":\"https:\/\/uelzener.de\/magazin\/katze\/rasseportrait\/bengal-katze-leopard\/\",\"name\":\"Bengal Katze im Rasseportrait: Herkunft, Haltung & Charakter | Uelzener\",\"isPartOf\":{\"@id\":\"https:\/\/uelzener.de\/magazin\/#website\"},\"primaryImageOfPage\":{\"@id\":\"https:\/\/uelzener.de\/magazin\/katze\/rasseportrait\/bengal-katze-leopard\/#primaryimage\"},\"image\":{\"@id\":\"https:\/\/uelzener.de\/magazin\/katze\/rasseportrait\/bengal-katze-leopard\/#primaryimage\"},\"thumbnailUrl\":\"https:\/\/uelzener.de\/magazin\/app\/uploads\/2019\/06\/2a65067b-5cd0-4e62-9e21-68ff6bd29894.jpg\",\"datePublished\":\"2019-06-13T00:00:00+00:00\",\"dateModified\":\"2025-01-23T15:14:04+00:00\",\"description\":\"Erfahre alles zur Bengal Katze \u2713 Herkunft \u2713 Aussehen \u2713 Charakter \u2713 Haltung \u2713 Besch\u00e4ftigung \u2713 uvm. \u25b6 Hier informieren!\",\"breadcrumb\":{\"@id\":\"https:\/\/uelzener.de\/magazin\/katze\/rasseportrait\/bengal-katze-leopard\/#breadcrumb\"},\"inLanguage\":\"de\",\"potentialAction\":[{\"@type\":\"ReadAction\",\"target\":[\"https:\/\/uelzener.de\/magazin\/katze\/rasseportrait\/bengal-katze-leopard\/\"]}]},{\"@type\":\"ImageObject\",\"inLanguage\":\"de\",\"@id\":\"https:\/\/uelzener.de\/magazin\/katze\/rasseportrait\/bengal-katze-leopard\/#primaryimage\",\"url\":\"https:\/\/uelzener.de\/magazin\/app\/uploads\/2019\/06\/2a65067b-5cd0-4e62-9e21-68ff6bd29894.jpg\",\"contentUrl\":\"https:\/\/uelzener.de\/magazin\/app\/uploads\/2019\/06\/2a65067b-5cd0-4e62-9e21-68ff6bd29894.jpg\",\"width\":650,\"height\":433,\"caption\":\"Bengalkatze sitzt auf einem Baumstamm vor gr\u00fcnem Hintergrund.\"},{\"@type\":\"WebSite\",\"@id\":\"https:\/\/uelzener.de\/magazin\/#website\",\"url\":\"https:\/\/uelzener.de\/magazin\/\",\"name\":\"Uelzener Tiermagazin\",\"description\":\"Online Tierratgeber der Uelzener Versicherungen\",\"publisher\":{\"@id\":\"https:\/\/uelzener.de\/magazin\/#organization\"},\"potentialAction\":[{\"@type\":\"SearchAction\",\"target\":{\"@type\":\"EntryPoint\",\"urlTemplate\":\"https:\/\/uelzener.de\/magazin\/?s={search_term_string}\"},\"query-input\":{\"@type\":\"PropertyValueSpecification\",\"valueRequired\":true,\"valueName\":\"search_term_string\"}}],\"inLanguage\":\"de\"},{\"@type\":\"Organization\",\"@id\":\"https:\/\/uelzener.de\/magazin\/#organization\",\"name\":\"Uelzener Versicherungen\",\"url\":\"https:\/\/uelzener.de\/magazin\/\",\"logo\":{\"@type\":\"ImageObject\",\"inLanguage\":\"de\",\"@id\":\"https:\/\/uelzener.de\/magazin\/#\/schema\/logo\/image\/\",\"url\":\"https:\/\/uelzener.de\/magazin\/app\/uploads\/2024\/11\/uelzener_allgemeine_versicherungsgesellschaft_a_g_logo.jpg\",\"contentUrl\":\"https:\/\/uelzener.de\/magazin\/app\/uploads\/2024\/11\/uelzener_allgemeine_versicherungsgesellschaft_a_g_logo.jpg\",\"width\":200,\"height\":200,\"caption\":\"Uelzener Versicherungen\"},\"image\":{\"@id\":\"https:\/\/uelzener.de\/magazin\/#\/schema\/logo\/image\/\"},\"sameAs\":[\"https:\/\/www.facebook.com\/Uelzener\",\"https:\/\/instagram.com\/uelzener\",\"https:\/\/www.xing.com\/pages\/uelzenerallgemeineversicherungs-gesellschafta-g\",\"https:\/\/www.youtube.com\/UelzenerVersicherungen\"]}]}<\/script>\n<!-- \/ Yoast SEO Premium plugin. -->","yoast_head_json":{"title":"Bengal Katze im Rasseportrait: Herkunft, Haltung & Charakter | Uelzener","description":"Erfahre alles zur Bengal Katze \u2713 Herkunft \u2713 Aussehen \u2713 Charakter \u2713 Haltung \u2713 Besch\u00e4ftigung \u2713 uvm. \u25b6 Hier informieren!","robots":{"index":"index","follow":"follow","max-snippet":"max-snippet:-1","max-image-preview":"max-image-preview:large","max-video-preview":"max-video-preview:-1"},"canonical":"https:\/\/uelzener.de\/magazin\/katze\/rasseportrait\/bengal-katze-leopard\/","og_locale":"de_DE","og_type":"article","og_title":"Bengalkatze: Leopard im Wohnzimmer","og_description":"Erfahre alles zur Bengal Katze \u2713 Herkunft \u2713 Aussehen \u2713 Charakter \u2713 Haltung \u2713 Besch\u00e4ftigung \u2713 uvm. \u25b6 Hier informieren!","og_url":"https:\/\/uelzener.de\/magazin\/katze\/rasseportrait\/bengal-katze-leopard\/","og_site_name":"Uelzener Tier-Magazin","article_publisher":"https:\/\/www.facebook.com\/Uelzener","article_modified_time":"2025-01-23T15:14:04+00:00","og_image":[{"width":650,"height":433,"url":"https:\/\/uelzener.de\/magazin\/app\/uploads\/2019\/06\/2a65067b-5cd0-4e62-9e21-68ff6bd29894.jpg","type":"image\/jpeg"}],"twitter_card":"summary_large_image","twitter_misc":{"Gesch\u00e4tzte Lesezeit":"4\u00a0Minuten"},"schema":{"@context":"https:\/\/schema.org","@graph":[{"@type":"WebPage","@id":"https:\/\/uelzener.de\/magazin\/katze\/rasseportrait\/bengal-katze-leopard\/","url":"https:\/\/uelzener.de\/magazin\/katze\/rasseportrait\/bengal-katze-leopard\/","name":"Bengal Katze im Rasseportrait: Herkunft, Haltung & Charakter | Uelzener","isPartOf":{"@id":"https:\/\/uelzener.de\/magazin\/#website"},"primaryImageOfPage":{"@id":"https:\/\/uelzener.de\/magazin\/katze\/rasseportrait\/bengal-katze-leopard\/#primaryimage"},"image":{"@id":"https:\/\/uelzener.de\/magazin\/katze\/rasseportrait\/bengal-katze-leopard\/#primaryimage"},"thumbnailUrl":"https:\/\/uelzener.de\/magazin\/app\/uploads\/2019\/06\/2a65067b-5cd0-4e62-9e21-68ff6bd29894.jpg","datePublished":"2019-06-13T00:00:00+00:00","dateModified":"2025-01-23T15:14:04+00:00","description":"Erfahre alles zur Bengal Katze \u2713 Herkunft \u2713 Aussehen \u2713 Charakter \u2713 Haltung \u2713 Besch\u00e4ftigung \u2713 uvm. \u25b6 Hier informieren!","breadcrumb":{"@id":"https:\/\/uelzener.de\/magazin\/katze\/rasseportrait\/bengal-katze-leopard\/#breadcrumb"},"inLanguage":"de","potentialAction":[{"@type":"ReadAction","target":["https:\/\/uelzener.de\/magazin\/katze\/rasseportrait\/bengal-katze-leopard\/"]}]},{"@type":"ImageObject","inLanguage":"de","@id":"https:\/\/uelzener.de\/magazin\/katze\/rasseportrait\/bengal-katze-leopard\/#primaryimage","url":"https:\/\/uelzener.de\/magazin\/app\/uploads\/2019\/06\/2a65067b-5cd0-4e62-9e21-68ff6bd29894.jpg","contentUrl":"https:\/\/uelzener.de\/magazin\/app\/uploads\/2019\/06\/2a65067b-5cd0-4e62-9e21-68ff6bd29894.jpg","width":650,"height":433,"caption":"Bengalkatze sitzt auf einem Baumstamm vor gr\u00fcnem Hintergrund."},{"@type":"WebSite","@id":"https:\/\/uelzener.de\/magazin\/#website","url":"https:\/\/uelzener.de\/magazin\/","name":"Uelzener Tiermagazin","description":"Online Tierratgeber der Uelzener Versicherungen","publisher":{"@id":"https:\/\/uelzener.de\/magazin\/#organization"},"potentialAction":[{"@type":"SearchAction","target":{"@type":"EntryPoint","urlTemplate":"https:\/\/uelzener.de\/magazin\/?s={search_term_string}"},"query-input":{"@type":"PropertyValueSpecification","valueRequired":true,"valueName":"search_term_string"}}],"inLanguage":"de"},{"@type":"Organization","@id":"https:\/\/uelzener.de\/magazin\/#organization","name":"Uelzener Versicherungen","url":"https:\/\/uelzener.de\/magazin\/","logo":{"@type":"ImageObject","inLanguage":"de","@id":"https:\/\/uelzener.de\/magazin\/#\/schema\/logo\/image\/","url":"https:\/\/uelzener.de\/magazin\/app\/uploads\/2024\/11\/uelzener_allgemeine_versicherungsgesellschaft_a_g_logo.jpg","contentUrl":"https:\/\/uelzener.de\/magazin\/app\/uploads\/2024\/11\/uelzener_allgemeine_versicherungsgesellschaft_a_g_logo.jpg","width":200,"height":200,"caption":"Uelzener Versicherungen"},"image":{"@id":"https:\/\/uelzener.de\/magazin\/#\/schema\/logo\/image\/"},"sameAs":["https:\/\/www.facebook.com\/Uelzener","https:\/\/instagram.com\/uelzener","https:\/\/www.xing.com\/pages\/uelzenerallgemeineversicherungs-gesellschafta-g","https:\/\/www.youtube.com\/UelzenerVersicherungen"]}]}},"_links":{"self":[{"href":"https:\/\/uelzener.de\/magazin\/wp-json\/wp\/v2\/pages\/10190","targetHints":{"allow":["GET"]}}],"collection":[{"href":"https:\/\/uelzener.de\/magazin\/wp-json\/wp\/v2\/pages"}],"about":[{"href":"https:\/\/uelzener.de\/magazin\/wp-json\/wp\/v2\/types\/page"}],"author":[{"embeddable":true,"href":"https:\/\/uelzener.de\/magazin\/wp-json\/wp\/v2\/users\/1"}],"replies":[{"embeddable":true,"href":"https:\/\/uelzener.de\/magazin\/wp-json\/wp\/v2\/comments?post=10190"}],"version-history":[{"count":15,"href":"https:\/\/uelzener.de\/magazin\/wp-json\/wp\/v2\/pages\/10190\/revisions"}],"predecessor-version":[{"id":18142,"href":"https:\/\/uelzener.de\/magazin\/wp-json\/wp\/v2\/pages\/10190\/revisions\/18142"}],"up":[{"embeddable":true,"href":"https:\/\/uelzener.de\/magazin\/wp-json\/wp\/v2\/pages\/2482"}],"wp:featuredmedia":[{"embeddable":true,"href":"https:\/\/uelzener.de\/magazin\/wp-json\/wp\/v2\/media\/10779"}],"wp:attachment":[{"href":"https:\/\/uelzener.de\/magazin\/wp-json\/wp\/v2\/media?parent=10190"}],"curies":[{"name":"wp","href":"https:\/\/api.w.org\/{rel}","templated":true}]}}