{"id":10189,"date":"2019-05-07T00:00:00","date_gmt":"2019-05-07T00:00:00","guid":{"rendered":""},"modified":"2024-03-12T16:08:58","modified_gmt":"2024-03-12T15:08:58","slug":"europaeisch-kurzhaar","status":"publish","type":"page","link":"https:\/\/uelzener.de\/magazin\/katze\/rasseportrait\/europaeisch-kurzhaar\/","title":{"rendered":"Die Europ\u00e4isch Kurzhaar"},"content":{"rendered":"<p>Verschmust, intelligent und verspielt: Die Europ\u00e4isch Kurzhaar besticht ebenso durch ihre schlichte Eleganz und ihre wohlgeformten Proportionen wie durch ihren umg\u00e4nglichen Charakter. Damit steht sie zu Recht auf Platz 1 der Beliebtheitsskala der Katzenrassen.<\/p>\n<p>Die Europ\u00e4isch Kurzhaar z\u00e4hlt hierzulande zu den beliebtesten Katzen. Sie wird oft als zahme Hauskatze bezeichnet, denn die Rasse entstand durch die kontrollierte Zucht der normalen Hauskatze.<\/p>\n<h2><span style=\"color: black;\">Charakter<\/span><\/h2>\n<p><span style=\"color: black;\">Der Charakter der Europ\u00e4ischen Kurzhaar Katze ist so verschieden wie ihre Fellfarben. Die Charakterz\u00fcge reichen von anh\u00e4nglich, \u00fcber frech bis hin zu \u00e4ngstlich und zur\u00fcckhaltend.<br \/>\nAllerdings besitzt sie durch die f\u00fcrsorgliche Aufzucht ein ausgeglichenes Wesen. Im Vergleich zu der normalen Hauskatze ist die Europ\u00e4isch Kurzhaar ruhiger, freundlicher und meist zutraulicher.<br \/>\nSie ist zugleich verschmust, intelligent und verspielt mit recht ausgepr\u00e4gtem Jagdtrieb.<\/span><\/p>\n<p><img decoding=\"async\" src=\"\/magazin\/app\/uploads\/2021\/02\/adca64c6-abdf-4f65-b4ae-05b36f995c9d.jpg\" \/><\/p>\n<p><span style=\"color: black;\">Das \u00e4u\u00dfere Erscheinungsbild der Europ\u00e4isch Kurzhaar ist im Vergleich zu anderen Katzenrassen eher unauff\u00e4llig. Wie bei der Hauskatze sind der Fell- und Augenfarbe keine Grenzen gesetzt: Alle nat\u00fcrlich vorkommenden Farben und Musterungen sind erlaubt. Durch die gezielte Zucht der Europ\u00e4isch Kurzhaar wurden die Farben reiner und die Musterungen sowie Augenfarben klarer. Eine Unterscheidung zur normalen Hauskatze ist oft schwer zu erkennen.<\/span><\/p>\n<p><span style=\"color: black;\">Das Fell der Europ\u00e4isch Kurzhaar ist kurz und dicht. Es ben\u00f6tigt keine besondere Pflege, regelm\u00e4\u00dfiges B\u00fcrsten erleichtert aber den Fellwechsel. <\/span><\/p>\n<p><span style=\"color: black;\">Die Katzen dieser Rasse haben mit 30 bis 35 Zentimetern eine mittlere Gr\u00f6\u00dfe und wiegen je nach Geschlecht zwischen vier und sieben Kilogramm. Ihr K\u00f6rperbau ist kr\u00e4ftig und robust, aber etwas schmaler als der ihrer britischen Kollegen, den Britischen Kurzhaar Katzen.<\/span><\/p>\n<h2><span style=\"color: black;\">Haltung<\/span><\/h2>\n<p><span style=\"color: black;\">Die Haltung der Europ\u00e4isch Kurzhaar gestaltet sich unproblematisch. Sie hat zwar einen hohen Freiheitsdrang, kommt aber auch in einer Wohnung gut zurecht. Im Freigang kann sie ihren Bed\u00fcrfnissen jedoch am besten nachgehen. Als reine <a href=\"https:\/\/uelzener.de\/magazin\/katze\/haltung\/wohnungskatze-beschaeftigen\/\" target=\"_blank\" rel=\"noopener\">Wohnungskatze<\/a> ist ein gut gesicherter Balkon sinnvoll.<\/span><\/p>\n<p><span style=\"color: black;\">Bleibt die Katze nur in der Wohnung, ist das Halten von zwei Katzen ratsam. Die Europ\u00e4ische Kurzhaar Katze eignet sich f\u00fcr die Mehrkatzenhaltung ebenso wie zur Haltung mit anderen Tieren, wie zum Beispiel mit Hunden \u2013 vorausgesetzt sie werden langsam aneinander gew\u00f6hnt.\u00a0 <\/span><\/p>\n<p><span style=\"color: black;\">Die Europ\u00e4isch Kurzhaar kommt angesichts ihrer freundlichen Art auch mit Kindern bestens zurecht.<\/span><\/p>\n<p><span style=\"color: black;\">Durch ihr starkes Schmusebed\u00fcrfnis und Spielvergn\u00fcgen sollte der Halter genug Zeit f\u00fcr die Besch\u00e4ftigung und Kuscheleinheiten mit seiner Katze haben. <\/span><\/p>\n<h2><strong><span style=\"color: black;\">Herkunft<\/span><\/strong><\/h2>\n<p>Die Europ\u00e4isch Kurzhaar ist aus der gezielten Zucht von Haus- und Dorfkatzen entstanden. Ihr Ursprung liegt in \u00c4gypten, dort genoss die afrikanische Falbkatze g\u00f6ttliche Verehrung und hielt die M\u00e4use vom Kornspeichern fern. Wissenschaftler gehen davon aus, dass sie sich bei der Verbreitung in Europa mit den einheimischen Wildkatzen vermischte. In den 1980er Jahren versuchten insbesondere skandinavische Z\u00fcchter einen einheitlichen Standard zu etablieren. Dabei entstand die Europ\u00e4isch Kurzhaar. 1982 wurde sie von der F\u00e9deration Internationale F\u00e9line als Rasse anerkannt und ist bei uns heute die beliebteste und am weitesten verbreitete Katzenrasse.<\/p>\n<p>\u00dcbrigens: Wenn die Hauskatze die Merkmale einer Europ\u00e4isch Kurzhaar aufweist, kann sie nachtr\u00e4glich als Europ\u00e4isch Kurzhaar anerkannt werden und zum Beispiel an Ausstellungen teilnehmen.<\/p>\n<p>Generell ist es bei jeder Katzen, egal welche Rasse, wichtig, dass Sie sich und Ihre Katze bestm\u00f6glich absichern und eine gute Katzen-Versicherungen abschlie\u00dfen. So sind auch Sie vor hohen Kosten beim Tierarzt abgesichert.<\/p>\n\n<div class=\"banner\">\n    <a href=\"https:\/\/uelzener.de\/katze?agt=0000104925&sem=true&utm_medium=magazin&utm_source=wordpress&utm_campaign=katze&utm_content=banner\">\n        <img decoding=\"async\" width=\"300\" height=\"212\" src=\"https:\/\/uelzener.de\/magazin\/app\/uploads\/2025\/01\/Katzenversicherung.jpg\" class=\"attachment-medium size-medium\" alt=\"Banner Katzenversicherung\" \/>    <\/a>\n<\/div>\n\n","protected":false},"excerpt":{"rendered":"<p>Verschmust, intelligent und verspielt: Die Europ\u00e4isch Kurzhaar besticht ebenso durch ihre schlichte Eleganz und ihre wohlgeformten Proportionen wie durch ihren umg\u00e4nglichen Charakter. Damit steht sie zu Recht auf Platz 1 der Beliebtheitsskala der Katzenrassen. Die Europ\u00e4isch Kurzhaar z\u00e4hlt hierzulande zu den beliebtesten Katzen. Sie wird oft als zahme Hauskatze bezeichnet, denn die Rasse entstand durch [&hellip;]<\/p>\n","protected":false},"author":1,"featured_media":10778,"parent":2482,"menu_order":18,"comment_status":"open","ping_status":"open","template":"templates\/blog.php","meta":{"_acf_changed":false,"_crdt_document":"","footnotes":"","beyondwords_generate_audio":"0","beyondwords_project_id":"","beyondwords_content_id":"","beyondwords_preview_token":"","beyondwords_player_style":"","beyondwords_language_id":"","beyondwords_title_voice_id":"","beyondwords_body_voice_id":"","beyondwords_summary_voice_id":"","beyondwords_error_message":"","beyondwords_disabled":"","beyondwords_delete_content":"","beyondwords_podcast_id":"","beyondwords_hash":"","publish_post_to_speechkit":"","speechkit_hash":"","speechkit_generate_audio":"","speechkit_project_id":"","speechkit_podcast_id":"","speechkit_error_message":"","speechkit_disabled":"","speechkit_access_key":"","speechkit_error":"","speechkit_info":"","speechkit_response":"","speechkit_retries":"","speechkit_status":"","speechkit_updated_at":"","_speechkit_link":"","_speechkit_text":""},"class_list":["post-10189","page","type-page","status-publish","has-post-thumbnail","hentry"],"acf":[],"yoast_head":"<!-- This site is optimized with the Yoast SEO Premium plugin  - https:\/\/yoast.com\/product\/yoast-seo-premium-wordpress\/ -->\n<title>Die Europ\u00e4isch Kurzhaar | Uelzener<\/title>\n<meta name=\"robots\" content=\"index, follow, max-snippet:-1, max-image-preview:large, max-video-preview:-1\" \/>\n<link rel=\"canonical\" href=\"https:\/\/uelzener.de\/magazin\/katze\/rasseportrait\/europaeisch-kurzhaar\/\" \/>\n<meta property=\"og:locale\" content=\"de_DE\" \/>\n<meta property=\"og:type\" content=\"article\" \/>\n<meta property=\"og:title\" content=\"Die Europ\u00e4isch Kurzhaar\" \/>\n<meta property=\"og:description\" content=\"Verschmust, intelligent und verspielt: Die Europ\u00e4isch Kurzhaar besticht ebenso durch ihre schlichte Eleganz und ihre wohlgeformten Proportionen wie durch ihren umg\u00e4nglichen Charakter. Damit steht sie zu Recht auf Platz 1 der Beliebtheitsskala der Katzenrassen. Die Europ\u00e4isch Kurzhaar z\u00e4hlt hierzulande zu den beliebtesten Katzen. Sie wird oft als zahme Hauskatze bezeichnet, denn die Rasse entstand durch [&hellip;]\" \/>\n<meta property=\"og:url\" content=\"https:\/\/uelzener.de\/magazin\/katze\/rasseportrait\/europaeisch-kurzhaar\/\" \/>\n<meta property=\"og:site_name\" content=\"Uelzener Tier-Magazin\" \/>\n<meta property=\"article:publisher\" content=\"https:\/\/www.facebook.com\/Uelzener\" \/>\n<meta property=\"article:modified_time\" content=\"2024-03-12T15:08:58+00:00\" \/>\n<meta property=\"og:image\" content=\"https:\/\/uelzener.de\/magazin\/app\/uploads\/2019\/05\/364a1a60-dad5-48c8-87be-4e8e29c7544a.jpg\" \/>\n\t<meta property=\"og:image:width\" content=\"650\" \/>\n\t<meta property=\"og:image:height\" content=\"433\" \/>\n\t<meta property=\"og:image:type\" content=\"image\/jpeg\" \/>\n<meta name=\"twitter:card\" content=\"summary_large_image\" \/>\n<meta name=\"twitter:label1\" content=\"Gesch\u00e4tzte Lesezeit\" \/>\n\t<meta name=\"twitter:data1\" content=\"3\u00a0Minuten\" \/>\n<script type=\"application\/ld+json\" class=\"yoast-schema-graph\">{\"@context\":\"https:\/\/schema.org\",\"@graph\":[{\"@type\":\"WebPage\",\"@id\":\"https:\/\/uelzener.de\/magazin\/katze\/rasseportrait\/europaeisch-kurzhaar\/\",\"url\":\"https:\/\/uelzener.de\/magazin\/katze\/rasseportrait\/europaeisch-kurzhaar\/\",\"name\":\"Die Europ\u00e4isch Kurzhaar | Uelzener\",\"isPartOf\":{\"@id\":\"https:\/\/uelzener.de\/magazin\/#website\"},\"primaryImageOfPage\":{\"@id\":\"https:\/\/uelzener.de\/magazin\/katze\/rasseportrait\/europaeisch-kurzhaar\/#primaryimage\"},\"image\":{\"@id\":\"https:\/\/uelzener.de\/magazin\/katze\/rasseportrait\/europaeisch-kurzhaar\/#primaryimage\"},\"thumbnailUrl\":\"https:\/\/uelzener.de\/magazin\/app\/uploads\/2019\/05\/364a1a60-dad5-48c8-87be-4e8e29c7544a.jpg\",\"datePublished\":\"2019-05-07T00:00:00+00:00\",\"dateModified\":\"2024-03-12T15:08:58+00:00\",\"breadcrumb\":{\"@id\":\"https:\/\/uelzener.de\/magazin\/katze\/rasseportrait\/europaeisch-kurzhaar\/#breadcrumb\"},\"inLanguage\":\"de\",\"potentialAction\":[{\"@type\":\"ReadAction\",\"target\":[\"https:\/\/uelzener.de\/magazin\/katze\/rasseportrait\/europaeisch-kurzhaar\/\"]}]},{\"@type\":\"ImageObject\",\"inLanguage\":\"de\",\"@id\":\"https:\/\/uelzener.de\/magazin\/katze\/rasseportrait\/europaeisch-kurzhaar\/#primaryimage\",\"url\":\"https:\/\/uelzener.de\/magazin\/app\/uploads\/2019\/05\/364a1a60-dad5-48c8-87be-4e8e29c7544a.jpg\",\"contentUrl\":\"https:\/\/uelzener.de\/magazin\/app\/uploads\/2019\/05\/364a1a60-dad5-48c8-87be-4e8e29c7544a.jpg\",\"width\":650,\"height\":433,\"caption\":\"Zwei Europ\u00e4ische Kurzhaar Katzen liegen im Sonnenschein auf dem Rasen.\"},{\"@type\":\"WebSite\",\"@id\":\"https:\/\/uelzener.de\/magazin\/#website\",\"url\":\"https:\/\/uelzener.de\/magazin\/\",\"name\":\"Uelzener Tiermagazin\",\"description\":\"Online Tierratgeber der Uelzener Versicherungen\",\"publisher\":{\"@id\":\"https:\/\/uelzener.de\/magazin\/#organization\"},\"potentialAction\":[{\"@type\":\"SearchAction\",\"target\":{\"@type\":\"EntryPoint\",\"urlTemplate\":\"https:\/\/uelzener.de\/magazin\/?s={search_term_string}\"},\"query-input\":{\"@type\":\"PropertyValueSpecification\",\"valueRequired\":true,\"valueName\":\"search_term_string\"}}],\"inLanguage\":\"de\"},{\"@type\":\"Organization\",\"@id\":\"https:\/\/uelzener.de\/magazin\/#organization\",\"name\":\"Uelzener Versicherungen\",\"url\":\"https:\/\/uelzener.de\/magazin\/\",\"logo\":{\"@type\":\"ImageObject\",\"inLanguage\":\"de\",\"@id\":\"https:\/\/uelzener.de\/magazin\/#\/schema\/logo\/image\/\",\"url\":\"https:\/\/uelzener.de\/magazin\/app\/uploads\/2024\/11\/uelzener_allgemeine_versicherungsgesellschaft_a_g_logo.jpg\",\"contentUrl\":\"https:\/\/uelzener.de\/magazin\/app\/uploads\/2024\/11\/uelzener_allgemeine_versicherungsgesellschaft_a_g_logo.jpg\",\"width\":200,\"height\":200,\"caption\":\"Uelzener Versicherungen\"},\"image\":{\"@id\":\"https:\/\/uelzener.de\/magazin\/#\/schema\/logo\/image\/\"},\"sameAs\":[\"https:\/\/www.facebook.com\/Uelzener\",\"https:\/\/instagram.com\/uelzener\",\"https:\/\/www.xing.com\/pages\/uelzenerallgemeineversicherungs-gesellschafta-g\",\"https:\/\/www.youtube.com\/UelzenerVersicherungen\"]}]}<\/script>\n<!-- \/ Yoast SEO Premium plugin. -->","yoast_head_json":{"title":"Die Europ\u00e4isch Kurzhaar | Uelzener","robots":{"index":"index","follow":"follow","max-snippet":"max-snippet:-1","max-image-preview":"max-image-preview:large","max-video-preview":"max-video-preview:-1"},"canonical":"https:\/\/uelzener.de\/magazin\/katze\/rasseportrait\/europaeisch-kurzhaar\/","og_locale":"de_DE","og_type":"article","og_title":"Die Europ\u00e4isch Kurzhaar","og_description":"Verschmust, intelligent und verspielt: Die Europ\u00e4isch Kurzhaar besticht ebenso durch ihre schlichte Eleganz und ihre wohlgeformten Proportionen wie durch ihren umg\u00e4nglichen Charakter. Damit steht sie zu Recht auf Platz 1 der Beliebtheitsskala der Katzenrassen. Die Europ\u00e4isch Kurzhaar z\u00e4hlt hierzulande zu den beliebtesten Katzen. Sie wird oft als zahme Hauskatze bezeichnet, denn die Rasse entstand durch [&hellip;]","og_url":"https:\/\/uelzener.de\/magazin\/katze\/rasseportrait\/europaeisch-kurzhaar\/","og_site_name":"Uelzener Tier-Magazin","article_publisher":"https:\/\/www.facebook.com\/Uelzener","article_modified_time":"2024-03-12T15:08:58+00:00","og_image":[{"width":650,"height":433,"url":"https:\/\/uelzener.de\/magazin\/app\/uploads\/2019\/05\/364a1a60-dad5-48c8-87be-4e8e29c7544a.jpg","type":"image\/jpeg"}],"twitter_card":"summary_large_image","twitter_misc":{"Gesch\u00e4tzte Lesezeit":"3\u00a0Minuten"},"schema":{"@context":"https:\/\/schema.org","@graph":[{"@type":"WebPage","@id":"https:\/\/uelzener.de\/magazin\/katze\/rasseportrait\/europaeisch-kurzhaar\/","url":"https:\/\/uelzener.de\/magazin\/katze\/rasseportrait\/europaeisch-kurzhaar\/","name":"Die Europ\u00e4isch Kurzhaar | Uelzener","isPartOf":{"@id":"https:\/\/uelzener.de\/magazin\/#website"},"primaryImageOfPage":{"@id":"https:\/\/uelzener.de\/magazin\/katze\/rasseportrait\/europaeisch-kurzhaar\/#primaryimage"},"image":{"@id":"https:\/\/uelzener.de\/magazin\/katze\/rasseportrait\/europaeisch-kurzhaar\/#primaryimage"},"thumbnailUrl":"https:\/\/uelzener.de\/magazin\/app\/uploads\/2019\/05\/364a1a60-dad5-48c8-87be-4e8e29c7544a.jpg","datePublished":"2019-05-07T00:00:00+00:00","dateModified":"2024-03-12T15:08:58+00:00","breadcrumb":{"@id":"https:\/\/uelzener.de\/magazin\/katze\/rasseportrait\/europaeisch-kurzhaar\/#breadcrumb"},"inLanguage":"de","potentialAction":[{"@type":"ReadAction","target":["https:\/\/uelzener.de\/magazin\/katze\/rasseportrait\/europaeisch-kurzhaar\/"]}]},{"@type":"ImageObject","inLanguage":"de","@id":"https:\/\/uelzener.de\/magazin\/katze\/rasseportrait\/europaeisch-kurzhaar\/#primaryimage","url":"https:\/\/uelzener.de\/magazin\/app\/uploads\/2019\/05\/364a1a60-dad5-48c8-87be-4e8e29c7544a.jpg","contentUrl":"https:\/\/uelzener.de\/magazin\/app\/uploads\/2019\/05\/364a1a60-dad5-48c8-87be-4e8e29c7544a.jpg","width":650,"height":433,"caption":"Zwei Europ\u00e4ische Kurzhaar Katzen liegen im Sonnenschein auf dem Rasen."},{"@type":"WebSite","@id":"https:\/\/uelzener.de\/magazin\/#website","url":"https:\/\/uelzener.de\/magazin\/","name":"Uelzener Tiermagazin","description":"Online Tierratgeber der Uelzener Versicherungen","publisher":{"@id":"https:\/\/uelzener.de\/magazin\/#organization"},"potentialAction":[{"@type":"SearchAction","target":{"@type":"EntryPoint","urlTemplate":"https:\/\/uelzener.de\/magazin\/?s={search_term_string}"},"query-input":{"@type":"PropertyValueSpecification","valueRequired":true,"valueName":"search_term_string"}}],"inLanguage":"de"},{"@type":"Organization","@id":"https:\/\/uelzener.de\/magazin\/#organization","name":"Uelzener Versicherungen","url":"https:\/\/uelzener.de\/magazin\/","logo":{"@type":"ImageObject","inLanguage":"de","@id":"https:\/\/uelzener.de\/magazin\/#\/schema\/logo\/image\/","url":"https:\/\/uelzener.de\/magazin\/app\/uploads\/2024\/11\/uelzener_allgemeine_versicherungsgesellschaft_a_g_logo.jpg","contentUrl":"https:\/\/uelzener.de\/magazin\/app\/uploads\/2024\/11\/uelzener_allgemeine_versicherungsgesellschaft_a_g_logo.jpg","width":200,"height":200,"caption":"Uelzener Versicherungen"},"image":{"@id":"https:\/\/uelzener.de\/magazin\/#\/schema\/logo\/image\/"},"sameAs":["https:\/\/www.facebook.com\/Uelzener","https:\/\/instagram.com\/uelzener","https:\/\/www.xing.com\/pages\/uelzenerallgemeineversicherungs-gesellschafta-g","https:\/\/www.youtube.com\/UelzenerVersicherungen"]}]}},"_links":{"self":[{"href":"https:\/\/uelzener.de\/magazin\/wp-json\/wp\/v2\/pages\/10189","targetHints":{"allow":["GET"]}}],"collection":[{"href":"https:\/\/uelzener.de\/magazin\/wp-json\/wp\/v2\/pages"}],"about":[{"href":"https:\/\/uelzener.de\/magazin\/wp-json\/wp\/v2\/types\/page"}],"author":[{"embeddable":true,"href":"https:\/\/uelzener.de\/magazin\/wp-json\/wp\/v2\/users\/1"}],"replies":[{"embeddable":true,"href":"https:\/\/uelzener.de\/magazin\/wp-json\/wp\/v2\/comments?post=10189"}],"version-history":[{"count":7,"href":"https:\/\/uelzener.de\/magazin\/wp-json\/wp\/v2\/pages\/10189\/revisions"}],"predecessor-version":[{"id":17188,"href":"https:\/\/uelzener.de\/magazin\/wp-json\/wp\/v2\/pages\/10189\/revisions\/17188"}],"up":[{"embeddable":true,"href":"https:\/\/uelzener.de\/magazin\/wp-json\/wp\/v2\/pages\/2482"}],"wp:featuredmedia":[{"embeddable":true,"href":"https:\/\/uelzener.de\/magazin\/wp-json\/wp\/v2\/media\/10778"}],"wp:attachment":[{"href":"https:\/\/uelzener.de\/magazin\/wp-json\/wp\/v2\/media?parent=10189"}],"curies":[{"name":"wp","href":"https:\/\/api.w.org\/{rel}","templated":true}]}}