{"id":10188,"date":"2023-02-16T15:45:00","date_gmt":"2023-02-16T14:45:00","guid":{"rendered":""},"modified":"2025-05-20T13:40:30","modified_gmt":"2025-05-20T11:40:30","slug":"katze-erziehen","status":"publish","type":"page","link":"https:\/\/uelzener.de\/magazin\/katze\/erziehung-und-training\/katze-erziehen\/","title":{"rendered":"Katze erziehen: Grundlagen, Ideen und \u00dcbungen"},"content":{"rendered":"<p>Katzen sind sture Einzelg\u00e4nger und lassen sich nicht erziehen \u2013 oder etwa doch? Was an dem Mythos der unbelehrbaren Katze dran ist und wie du deine Kommunikation mit dem Stubentiger trotzdem st\u00e4rken kannst, liest du hier.<\/p>\n<h2>Katzenerziehung f\u00fcr Anf\u00e4nger<\/h2>\n<p>Katzen lernen gern und schnell. Warum also sollten die intelligenten Tiere nicht durch eine proaktive und achtsame Erziehung wichtige Dinge f\u00fcr das Zusammenleben mit uns lernen? Elementar dabei ist die richtige Herangehensweise. Schon mit dem Einzug des Tieres in den Haushalt solltest du mit der Katzenerziehung beginnen. Dabei ist es wichtig von Anfang an konsequent zu sein und regelm\u00e4\u00dfig mit der Fellnase zu \u00fcben. Das Hauptaugenmerk bei den Erziehungsma\u00dfnahmen sollte nicht darauf liegen, dass sie etwas NICHT machen soll. Vielmehr sollte eine junge Katze lernen, dass der Umgang mit Menschen Spa\u00df macht und ein positives Verhalten Erfolg und Belohnung bringen kann.<\/p>\n<h2>Wie kann man Katzen erziehen \u2013 Erziehung mit positiver Verst\u00e4rkung<\/h2>\n<p>Zugunsten eines harmonischen Miteinanders ist es sinnvoll, ein Umfeld zu schaffen, indem Verbote \u00fcberwiegend unn\u00f6tig sind. Katzen tun sehr viele Dinge wie das Sofa zerkratzen einfach, weil Katzen sie tun. Abgew\u00f6hnen oder v\u00f6lliges Verhindern ist unrealistisch und meistens nur von Erfolg gekr\u00f6nt, wenn man einen Knacks in der Beziehung zur Katze in Kauf nimmt. Viel sinnvoller ist es, ein Lebensumfeld zu bieten, indem sie katzentypische Verhaltensweisen leben und dabei trotzdem brav sein kann.<\/p>\n<p>Dazu geh\u00f6ren alle Arten von erlaubtem Unfug \u2013 zum Beispiel ausgiebiges Toben mit geeignetem Spielzeug oder das Klettern auf einen hohen Kratzbaum \u2013 und viele passive Sicherheitsma\u00dfnahmen. Dazu geh\u00f6rt, dass du deinen <a href=\"https:\/\/uelzener.de\/magazin\/katze\/haltung\/balkon-katzensicher-machen\/\">Balkon katzensicher machst<\/a> und T\u00fcren von Schr\u00e4nken schlie\u00dft, um Verbote unn\u00f6tig zu machen. Zudem solltest du dein Augenmerk auf all jene Verhaltensweisen legen, die der Katze erlaubt sind, und diese positiv verst\u00e4rken \u2013 mit einem <a href=\"https:\/\/uelzener.de\/magazin\/katze\/erziehung-und-training\/clickertraining-katzen-apportieren-beibringen\/\">Clickertraining<\/a> oder Zungenschnalzer, Streicheleinheiten, einem Spiel oder Leckerbissen. Dann er\u00fcbrigt sich das Verbieten und du hast einen Prozess des Erziehens kultiviert, der zu Erlaubtem hinzieht, statt Unerw\u00fcnschtes zu bestrafen.<\/p>\n\n<div class=\"related_articles boxed\">\n    <h2>Mehr zum Thema<\/h2>\n    \n    <div class=\"wrapper\"><div class=\"title align-center\"><h3><a href=\"https:\/\/uelzener.de\/magazin\/katze\/haeufige-fragen\/was-hilft-wenn-katze-angst-vor-gewitter-hat\/\">Was hilft, wenn die Katze Angst vor Gewitter hat?<\/a><\/h3><\/div><div class=\"img align-center\"><img decoding=\"async\" width=\"315\" height=\"180\" src=\"https:\/\/uelzener.de\/magazin\/app\/uploads\/2025\/05\/katze-angst-gewitter-315x180.jpg\" class=\"attachment-315x180 size-315x180 wp-post-image\" alt=\"Zwei Katzen auf Fensterbank. Drau\u00dfen regnet es. Das K\u00e4tzchen hat Angst vor Gewitter.\" \/><\/div><\/div><div class=\"wrapper\"><div class=\"title align-center\"><h3><a href=\"https:\/\/uelzener.de\/magazin\/katze\/haltung\/den-richtigen-kratzbaum-waehlen\/\">Den richtigen Kratzbaum w\u00e4hlen: Praktische Tipps zum Kauf<\/a><\/h3><\/div><div class=\"img align-center\"><img decoding=\"async\" width=\"315\" height=\"180\" src=\"https:\/\/uelzener.de\/magazin\/app\/uploads\/2024\/05\/kratzbaum-315x180.jpg\" class=\"attachment-315x180 size-315x180 wp-post-image\" alt=\"Katze steht auf Kratzbaum.\" \/><\/div><\/div><div class=\"wrapper\"><div class=\"title align-center\"><h3><a href=\"https:\/\/uelzener.de\/magazin\/katze\/haeufige-fragen\/katze-zerkratzt-sofa\/\">Katze zerkratzt Sofa: Was tun?<\/a><\/h3><\/div><div class=\"img align-center\"><img decoding=\"async\" width=\"315\" height=\"180\" src=\"https:\/\/uelzener.de\/magazin\/app\/uploads\/2023\/03\/katze-zerkratzt-sofa-315x180.jpg\" class=\"attachment-315x180 size-315x180 wp-post-image\" alt=\"Getigerte Katze zerkratzt graues Sofa.\" \/><\/div><\/div><\/div>\n\n<h2>Kitten erziehen<\/h2>\n<p>Katzenm\u00fctter und ihre Wurfgeschwister erziehen <a href=\"https:\/\/uelzener.de\/magazin\/katze\/haltung\/vom-katzenbaby-zur-jungkatze-entwicklung-kitten\/\">Babykatzen<\/a> in Bezug auf wichtige F\u00e4higkeiten wie Selbstkontrolle und soziales Verhalten. Die ersten 7 Wochen sind besonders bedeutend f\u00fcr die Entwicklung. In dieser Zeit findet auch die Gew\u00f6hnung an den Menschen statt. Daher sollte eine Trennung von der Mutter nicht vor der 12. Woche erfolgen.<\/p>\n<p>W\u00e4hrend der 12. bis 20. Woche solltest du intensiv mit deinem K\u00e4tzchen \u00fcben und unerw\u00fcnschtes Katzenverhalten konsequent unterbinden. Mach das Einsteigen in die Transportbox, Z\u00e4hneputzen und Tragen eines Brustgeschirrs zu regelm\u00e4\u00dfigen \u00dcbungen, die Teil deines Alltags werden. Dies kann helfen, Stress zu verringern, falls ein Tierarztbesuch notwendig ist.<\/p>\n<p>Auch die verl\u00e4ssliche Nutzung des Katzenklos ist f\u00fcr Babykatzen in der Regel unproblematisch: Die kleinen K\u00e4tzchen nutzen gern die Katzentoilette, weil sie sehr reinliche Tiere sind und ihren Kot und Urin verscharren m\u00f6chten. Sollte trotzdem einmal etwas danebengehen, setze das K\u00e4tzchen nach dem Malheur in die Toilette, um ihm zu zeigen, wo es eigentlich hinsoll.<\/p>\n<p><strong>Wichtig:<\/strong> Achte darauf, dass der Weg zum Katzenklo niemals versperrt ist.<\/p>\n<h2>Was sollte die Katze lernen?<\/h2>\n<p>Mit einigen \u00dcbungen sollte jede Katze vertraut sein und sie stressfrei mitmachen. Sie sind selbst dann sinnvoll, wenn du keinerlei Ambitionen hast, <a href=\"https:\/\/uelzener.de\/magazin\/katze\/erziehung-und-training\/mit-der-katze-spazieren-gehen\/\">mit der Katze spazieren zu gehen<\/a> oder ihr routinem\u00e4\u00dfig die <a href=\"https:\/\/uelzener.de\/magazin\/katze\/haeufige-fragen\/krallen-schneiden-bei-katzen\/\">Krallen zu k\u00fcrzen<\/a> \u2013 es geht vor allem um die grunds\u00e4tzliche Erfahrung und Toleranz gegen\u00fcber dem Menschen.<\/p>\n<p>Hier eine kleine Auswahl an \u00dcbungen, mit denen dein Vierbeiner vertraut sein sollten:<\/p>\n<ul>\n<li>Hochheben und Tragen<\/li>\n<li>in eine Transportbox einsteigen<\/li>\n<li>K\u00e4mmen und Krallenschneiden<\/li>\n<li>Stillhalten, ber\u00fchrt oder fixiert werden f\u00fcr einfache Untersuchungen wie Augen, Ohren, Mund, Pfoten, Bauch, Temperaturmessen etc.<\/li>\n<li>Tragen von Brustgeschirr und Leine<\/li>\n<li>Eingeben von Tabletten<\/li>\n<li><a href=\"https:\/\/uelzener.de\/magazin\/katze\/tiergesundheit\/zahnpflege-katze-zaehne-putzen\/\">Z\u00e4hne putzen<\/a><\/li>\n<\/ul>\n<h3>Neben diesen \u00fcberwiegend k\u00f6rperlichen Aufgaben k\u00f6nnen Samtpfoten nat\u00fcrlich noch viel mehr lernen:<\/h3>\n<ul>\n<li>ihren Namen und auf Rufen oder Pfeifen kommen<\/li>\n<li>stillsitzen und leise warten, wenn sie etwas wollen, beispielsweise Futter<\/li>\n<li>die Namen diverser Aktivit\u00e4ten und Ereignisse im Alltag, um sie ank\u00fcndigen zu k\u00f6nnen, beispielsweise Warten, Essen, Einsteigen oder Tabletten geben<\/li>\n<\/ul>\n<h2>Ziele erreichen mit Target-\u00dcbungen<\/h2>\n<p>Um der Katze mit positiver Verst\u00e4rkung bestimmte Verhaltensweisen beziehungsweise Signale beizubringen, bietet sich die Arbeit mit einem sogenannten Target an. Daf\u00fcr brauchst du ein attraktives Futter, das du in klitzekleinen Portionen anbietest und ein pr\u00e4gnantes Ger\u00e4usch, das du mit deinem Mund machst \u2013 etwa mit der Zunge schnalzen.<\/p>\n<p>Im Folgenden stellen wir zwei Target-\u00dcbungen vor, bei denen die Katze einerseits lernt, ein konkretes Ziel zu kontaktieren und andererseits, wie Lernen mit Menschen \u00fcberhaupt funktioniert.<\/p>\n<h3>Nasen-Target<\/h3>\n<p>Beim Nasen-Target wird die Zeigefingerspitze eine Handbreit vor die Katzennase gehalten. Das hat bei so gut wie allen Katzen die gleiche Reaktion zur Folge \u2013 sie stupst den Finger mit ihrer Nase an, hat also das Ziel Fingerspitze kontaktiert. In diesem Moment machst du deinen Zungenschnalzer und gibst ihr sofort einen der kleinen Leckerbissen. Diese \u00dcbung wiederholst du so lange, bis die Katze nicht mehr mitspielt \u2013 meistens sind es zwei bis f\u00fcnf Wiederholungen, die f\u00fcr sie ausreichen, um das Prinzip zu begreifen und es langweilig zu finden.<\/p>\n<h3>Sitzplatz-Target<\/h3>\n<p>Die zweite \u00dcbung mit einer \u00e4hnlich vorhersagbaren Katzenreaktion ist das Sitzplatz-Target: Katzen sitzen liebend gern in kleinen Schachteln oder an definierten Orten wie einer Zeitung oder einem Handtuch, das am Boden liegt. Stelle dir eine Schachtel auf den Boden und mach deinen Zungenschnalzer mit anschlie\u00dfender Belohnung, sobald diese hineinsteigt. Bei z\u00f6gerlichen Jungkatzen kann man schon bei einer ersten Ann\u00e4herung schnalzen und sie belohnen: Also wenn sie die Schachtel beschnuppert oder eine Pfote hineinsetzt. Alternativ kann man sie mit dem eben gelernten Nasentarget hineinlocken und dann belohnen.<\/p>\n<p>Damit hast du mehrere \u00dcbungen etabliert, auf denen alle weiteren Lernprozesse aufgebaut werden k\u00f6nnen:<\/p>\n<ul>\n<li>Ein akustisches Signal, welches punktgenau sagt, was sie jetzt gerade richtigmacht und die kommende Belohnung verspricht;<\/li>\n<li>einen Finger, mit dem die Katze gezogen werden kann und<\/li>\n<li>einen definierten Platz, an dem sie sitzen kann, wenn sie etwas m\u00f6chte.<\/li>\n<\/ul>\n<h2>Fazit: Katzenerziehung effektiv gestalten<\/h2>\n<p>Mit Geduld und Durchhalteverm\u00f6gen kannst du deine Katzen erfolgreich erziehen. Dabei k\u00f6nnen die Art und das Ausma\u00df des Trainings je nach Katze variieren. Beachte, dass Katzen individuelle Pers\u00f6nlichkeiten und Bed\u00fcrfnisse haben und dass positive Verst\u00e4rkung und konsequentes Verhaltenstraining oft die besten Ergebnisse liefern. Eine gute Kommunikation und Verst\u00e4ndnis f\u00fcr die Bed\u00fcrfnisse deines Vierbeiners kann auch dazu beitragen, eine harmonische Beziehung aufzubauen.<\/p>\n<h2>FAQ: Katze erziehen<\/h2>\n<h3>Sind Katzen schwer zu erziehen?<\/h3>\n<p>Entgegen dem Mythos der unbelehrbaren Katze, lassen sich diese durchaus erziehen und gewisse Regeln beibringen. Sie k\u00f6nnen wie Hunde das Verhalten ihres Herrchens oder Frauchens gut deuten.<\/p>\n<h3>Wie sagt man einer Katze nein?<\/h3>\n<p>Unmittelbar nachdem dein Vierbeiner etwas Unerw\u00fcnschtes macht, muss dein Unterlass-Kommando folgen. Andernfalls wei\u00df deine Katze nicht, wof\u00fcr sie ger\u00fcgt wird.<\/p>\n<h3>Wie lange dauert es eine Katze zu erziehen?<\/h3>\n<p>In den ersten 12 Wochen sollte ein Katzenbaby nicht von der Mutter getrennt werden, da sich hier F\u00e4higkeiten wie Selbstkontrolle und soziales Verhalten besonders stark entwickeln. W\u00e4hrend der 12. bis 20. Woche solltest du intensiv \u00fcben und unerw\u00fcnschtes Verhalten konsequent unterbinden. Auch \u00e4ltere Katzen lassen sich noch erziehen, allerdings deutlich langsamer.<\/p>\n","protected":false},"excerpt":{"rendered":"<p>Katzen sind sture Einzelg\u00e4nger und lassen sich nicht erziehen \u2013 oder etwa doch? Was an dem Mythos der unbelehrbaren Katze dran ist und wie du deine Kommunikation mit dem Stubentiger trotzdem st\u00e4rken kannst, liest du hier. Katzenerziehung f\u00fcr Anf\u00e4nger Katzen lernen gern und schnell. Warum also sollten die intelligenten Tiere nicht durch eine proaktive und [&hellip;]<\/p>\n","protected":false},"author":1,"featured_media":14953,"parent":11695,"menu_order":8,"comment_status":"closed","ping_status":"closed","template":"templates\/blog.php","meta":{"_acf_changed":false,"_crdt_document":"","footnotes":"","beyondwords_generate_audio":"0","beyondwords_project_id":"","beyondwords_content_id":"","beyondwords_preview_token":"","beyondwords_player_style":"","beyondwords_language_id":"","beyondwords_title_voice_id":"","beyondwords_body_voice_id":"","beyondwords_summary_voice_id":"","beyondwords_error_message":"","beyondwords_disabled":"","beyondwords_delete_content":"","beyondwords_podcast_id":"","beyondwords_hash":"","publish_post_to_speechkit":"","speechkit_hash":"","speechkit_generate_audio":"","speechkit_project_id":"","speechkit_podcast_id":"","speechkit_error_message":"","speechkit_disabled":"","speechkit_access_key":"","speechkit_error":"","speechkit_info":"","speechkit_response":"","speechkit_retries":"","speechkit_status":"","speechkit_updated_at":"","_speechkit_link":"","_speechkit_text":""},"class_list":["post-10188","page","type-page","status-publish","has-post-thumbnail","hentry"],"acf":[],"yoast_head":"<!-- This site is optimized with the Yoast SEO Premium plugin  - https:\/\/yoast.com\/product\/yoast-seo-premium-wordpress\/ -->\n<title>Katze erziehen: Grundlagen, Ideen und \u00dcbungen | Uelzener Tier-Magazin<\/title>\n<meta name=\"description\" content=\"Kann man Katzen erziehen? \u25b6 Erfahre hier, wie Katzenerziehung mit \u2713 positiver Verst\u00e4rkung und \u2713 Target-\u00dcbungen funktioniert!\" \/>\n<meta name=\"robots\" content=\"index, follow, max-snippet:-1, max-image-preview:large, max-video-preview:-1\" \/>\n<link rel=\"canonical\" href=\"https:\/\/uelzener.de\/magazin\/katze\/erziehung-und-training\/katze-erziehen\/\" \/>\n<meta property=\"og:locale\" content=\"de_DE\" \/>\n<meta property=\"og:type\" content=\"article\" \/>\n<meta property=\"og:title\" content=\"Katze erziehen: Grundlagen, Ideen und \u00dcbungen\" \/>\n<meta property=\"og:description\" content=\"Kann man Katzen erziehen? \u25b6 Erfahre hier, wie Katzenerziehung mit \u2713 positiver Verst\u00e4rkung und \u2713 Target-\u00dcbungen funktioniert!\" \/>\n<meta property=\"og:url\" content=\"https:\/\/uelzener.de\/magazin\/katze\/erziehung-und-training\/katze-erziehen\/\" \/>\n<meta property=\"og:site_name\" content=\"Uelzener Tier-Magazin\" \/>\n<meta property=\"article:publisher\" content=\"https:\/\/www.facebook.com\/Uelzener\" \/>\n<meta property=\"article:modified_time\" content=\"2025-05-20T11:40:30+00:00\" \/>\n<meta property=\"og:image\" content=\"https:\/\/uelzener.de\/magazin\/app\/uploads\/2023\/02\/katze-erziehen.jpg\" \/>\n\t<meta property=\"og:image:width\" content=\"1025\" \/>\n\t<meta property=\"og:image:height\" content=\"450\" \/>\n\t<meta property=\"og:image:type\" content=\"image\/jpeg\" \/>\n<meta name=\"twitter:card\" content=\"summary_large_image\" \/>\n<meta name=\"twitter:label1\" content=\"Gesch\u00e4tzte Lesezeit\" \/>\n\t<meta name=\"twitter:data1\" content=\"7\u00a0Minuten\" \/>\n<script type=\"application\/ld+json\" class=\"yoast-schema-graph\">{\"@context\":\"https:\\\/\\\/schema.org\",\"@graph\":[{\"@type\":\"WebPage\",\"@id\":\"https:\\\/\\\/uelzener.de\\\/magazin\\\/katze\\\/erziehung-und-training\\\/katze-erziehen\\\/\",\"url\":\"https:\\\/\\\/uelzener.de\\\/magazin\\\/katze\\\/erziehung-und-training\\\/katze-erziehen\\\/\",\"name\":\"Katze erziehen: Grundlagen, Ideen und \u00dcbungen | Uelzener Tier-Magazin\",\"isPartOf\":{\"@id\":\"https:\\\/\\\/uelzener.de\\\/magazin\\\/#website\"},\"primaryImageOfPage\":{\"@id\":\"https:\\\/\\\/uelzener.de\\\/magazin\\\/katze\\\/erziehung-und-training\\\/katze-erziehen\\\/#primaryimage\"},\"image\":{\"@id\":\"https:\\\/\\\/uelzener.de\\\/magazin\\\/katze\\\/erziehung-und-training\\\/katze-erziehen\\\/#primaryimage\"},\"thumbnailUrl\":\"https:\\\/\\\/uelzener.de\\\/magazin\\\/app\\\/uploads\\\/2023\\\/02\\\/katze-erziehen.jpg\",\"datePublished\":\"2023-02-16T14:45:00+00:00\",\"dateModified\":\"2025-05-20T11:40:30+00:00\",\"description\":\"Kann man Katzen erziehen? \u25b6 Erfahre hier, wie Katzenerziehung mit \u2713 positiver Verst\u00e4rkung und \u2713 Target-\u00dcbungen funktioniert!\",\"breadcrumb\":{\"@id\":\"https:\\\/\\\/uelzener.de\\\/magazin\\\/katze\\\/erziehung-und-training\\\/katze-erziehen\\\/#breadcrumb\"},\"inLanguage\":\"de\",\"potentialAction\":[{\"@type\":\"ReadAction\",\"target\":[\"https:\\\/\\\/uelzener.de\\\/magazin\\\/katze\\\/erziehung-und-training\\\/katze-erziehen\\\/\"]}]},{\"@type\":\"ImageObject\",\"inLanguage\":\"de\",\"@id\":\"https:\\\/\\\/uelzener.de\\\/magazin\\\/katze\\\/erziehung-und-training\\\/katze-erziehen\\\/#primaryimage\",\"url\":\"https:\\\/\\\/uelzener.de\\\/magazin\\\/app\\\/uploads\\\/2023\\\/02\\\/katze-erziehen.jpg\",\"contentUrl\":\"https:\\\/\\\/uelzener.de\\\/magazin\\\/app\\\/uploads\\\/2023\\\/02\\\/katze-erziehen.jpg\",\"width\":1025,\"height\":450,\"caption\":\"Erzogene Katze an der Leine vor einer Transportbox.\"},{\"@type\":\"WebSite\",\"@id\":\"https:\\\/\\\/uelzener.de\\\/magazin\\\/#website\",\"url\":\"https:\\\/\\\/uelzener.de\\\/magazin\\\/\",\"name\":\"Uelzener Tiermagazin\",\"description\":\"Online Tierratgeber der Uelzener Versicherungen\",\"publisher\":{\"@id\":\"https:\\\/\\\/uelzener.de\\\/magazin\\\/#organization\"},\"potentialAction\":[{\"@type\":\"SearchAction\",\"target\":{\"@type\":\"EntryPoint\",\"urlTemplate\":\"https:\\\/\\\/uelzener.de\\\/magazin\\\/?s={search_term_string}\"},\"query-input\":{\"@type\":\"PropertyValueSpecification\",\"valueRequired\":true,\"valueName\":\"search_term_string\"}}],\"inLanguage\":\"de\"},{\"@type\":\"Organization\",\"@id\":\"https:\\\/\\\/uelzener.de\\\/magazin\\\/#organization\",\"name\":\"Uelzener Versicherungen\",\"url\":\"https:\\\/\\\/uelzener.de\\\/magazin\\\/\",\"logo\":{\"@type\":\"ImageObject\",\"inLanguage\":\"de\",\"@id\":\"https:\\\/\\\/uelzener.de\\\/magazin\\\/#\\\/schema\\\/logo\\\/image\\\/\",\"url\":\"https:\\\/\\\/uelzener.de\\\/magazin\\\/app\\\/uploads\\\/2024\\\/11\\\/uelzener_allgemeine_versicherungsgesellschaft_a_g_logo.jpg\",\"contentUrl\":\"https:\\\/\\\/uelzener.de\\\/magazin\\\/app\\\/uploads\\\/2024\\\/11\\\/uelzener_allgemeine_versicherungsgesellschaft_a_g_logo.jpg\",\"width\":200,\"height\":200,\"caption\":\"Uelzener Versicherungen\"},\"image\":{\"@id\":\"https:\\\/\\\/uelzener.de\\\/magazin\\\/#\\\/schema\\\/logo\\\/image\\\/\"},\"sameAs\":[\"https:\\\/\\\/www.facebook.com\\\/Uelzener\",\"https:\\\/\\\/instagram.com\\\/uelzener\",\"https:\\\/\\\/www.xing.com\\\/pages\\\/uelzenerallgemeineversicherungs-gesellschafta-g\",\"https:\\\/\\\/www.youtube.com\\\/UelzenerVersicherungen\"]}]}<\/script>\n<!-- \/ Yoast SEO Premium plugin. -->","yoast_head_json":{"title":"Katze erziehen: Grundlagen, Ideen und \u00dcbungen | Uelzener Tier-Magazin","description":"Kann man Katzen erziehen? \u25b6 Erfahre hier, wie Katzenerziehung mit \u2713 positiver Verst\u00e4rkung und \u2713 Target-\u00dcbungen funktioniert!","robots":{"index":"index","follow":"follow","max-snippet":"max-snippet:-1","max-image-preview":"max-image-preview:large","max-video-preview":"max-video-preview:-1"},"canonical":"https:\/\/uelzener.de\/magazin\/katze\/erziehung-und-training\/katze-erziehen\/","og_locale":"de_DE","og_type":"article","og_title":"Katze erziehen: Grundlagen, Ideen und \u00dcbungen","og_description":"Kann man Katzen erziehen? \u25b6 Erfahre hier, wie Katzenerziehung mit \u2713 positiver Verst\u00e4rkung und \u2713 Target-\u00dcbungen funktioniert!","og_url":"https:\/\/uelzener.de\/magazin\/katze\/erziehung-und-training\/katze-erziehen\/","og_site_name":"Uelzener Tier-Magazin","article_publisher":"https:\/\/www.facebook.com\/Uelzener","article_modified_time":"2025-05-20T11:40:30+00:00","og_image":[{"width":1025,"height":450,"url":"https:\/\/uelzener.de\/magazin\/app\/uploads\/2023\/02\/katze-erziehen.jpg","type":"image\/jpeg"}],"twitter_card":"summary_large_image","twitter_misc":{"Gesch\u00e4tzte Lesezeit":"7\u00a0Minuten"},"schema":{"@context":"https:\/\/schema.org","@graph":[{"@type":"WebPage","@id":"https:\/\/uelzener.de\/magazin\/katze\/erziehung-und-training\/katze-erziehen\/","url":"https:\/\/uelzener.de\/magazin\/katze\/erziehung-und-training\/katze-erziehen\/","name":"Katze erziehen: Grundlagen, Ideen und \u00dcbungen | Uelzener Tier-Magazin","isPartOf":{"@id":"https:\/\/uelzener.de\/magazin\/#website"},"primaryImageOfPage":{"@id":"https:\/\/uelzener.de\/magazin\/katze\/erziehung-und-training\/katze-erziehen\/#primaryimage"},"image":{"@id":"https:\/\/uelzener.de\/magazin\/katze\/erziehung-und-training\/katze-erziehen\/#primaryimage"},"thumbnailUrl":"https:\/\/uelzener.de\/magazin\/app\/uploads\/2023\/02\/katze-erziehen.jpg","datePublished":"2023-02-16T14:45:00+00:00","dateModified":"2025-05-20T11:40:30+00:00","description":"Kann man Katzen erziehen? \u25b6 Erfahre hier, wie Katzenerziehung mit \u2713 positiver Verst\u00e4rkung und \u2713 Target-\u00dcbungen funktioniert!","breadcrumb":{"@id":"https:\/\/uelzener.de\/magazin\/katze\/erziehung-und-training\/katze-erziehen\/#breadcrumb"},"inLanguage":"de","potentialAction":[{"@type":"ReadAction","target":["https:\/\/uelzener.de\/magazin\/katze\/erziehung-und-training\/katze-erziehen\/"]}]},{"@type":"ImageObject","inLanguage":"de","@id":"https:\/\/uelzener.de\/magazin\/katze\/erziehung-und-training\/katze-erziehen\/#primaryimage","url":"https:\/\/uelzener.de\/magazin\/app\/uploads\/2023\/02\/katze-erziehen.jpg","contentUrl":"https:\/\/uelzener.de\/magazin\/app\/uploads\/2023\/02\/katze-erziehen.jpg","width":1025,"height":450,"caption":"Erzogene Katze an der Leine vor einer Transportbox."},{"@type":"WebSite","@id":"https:\/\/uelzener.de\/magazin\/#website","url":"https:\/\/uelzener.de\/magazin\/","name":"Uelzener Tiermagazin","description":"Online Tierratgeber der Uelzener Versicherungen","publisher":{"@id":"https:\/\/uelzener.de\/magazin\/#organization"},"potentialAction":[{"@type":"SearchAction","target":{"@type":"EntryPoint","urlTemplate":"https:\/\/uelzener.de\/magazin\/?s={search_term_string}"},"query-input":{"@type":"PropertyValueSpecification","valueRequired":true,"valueName":"search_term_string"}}],"inLanguage":"de"},{"@type":"Organization","@id":"https:\/\/uelzener.de\/magazin\/#organization","name":"Uelzener Versicherungen","url":"https:\/\/uelzener.de\/magazin\/","logo":{"@type":"ImageObject","inLanguage":"de","@id":"https:\/\/uelzener.de\/magazin\/#\/schema\/logo\/image\/","url":"https:\/\/uelzener.de\/magazin\/app\/uploads\/2024\/11\/uelzener_allgemeine_versicherungsgesellschaft_a_g_logo.jpg","contentUrl":"https:\/\/uelzener.de\/magazin\/app\/uploads\/2024\/11\/uelzener_allgemeine_versicherungsgesellschaft_a_g_logo.jpg","width":200,"height":200,"caption":"Uelzener Versicherungen"},"image":{"@id":"https:\/\/uelzener.de\/magazin\/#\/schema\/logo\/image\/"},"sameAs":["https:\/\/www.facebook.com\/Uelzener","https:\/\/instagram.com\/uelzener","https:\/\/www.xing.com\/pages\/uelzenerallgemeineversicherungs-gesellschafta-g","https:\/\/www.youtube.com\/UelzenerVersicherungen"]}]}},"_links":{"self":[{"href":"https:\/\/uelzener.de\/magazin\/wp-json\/wp\/v2\/pages\/10188","targetHints":{"allow":["GET"]}}],"collection":[{"href":"https:\/\/uelzener.de\/magazin\/wp-json\/wp\/v2\/pages"}],"about":[{"href":"https:\/\/uelzener.de\/magazin\/wp-json\/wp\/v2\/types\/page"}],"author":[{"embeddable":true,"href":"https:\/\/uelzener.de\/magazin\/wp-json\/wp\/v2\/users\/1"}],"replies":[{"embeddable":true,"href":"https:\/\/uelzener.de\/magazin\/wp-json\/wp\/v2\/comments?post=10188"}],"version-history":[{"count":17,"href":"https:\/\/uelzener.de\/magazin\/wp-json\/wp\/v2\/pages\/10188\/revisions"}],"predecessor-version":[{"id":18545,"href":"https:\/\/uelzener.de\/magazin\/wp-json\/wp\/v2\/pages\/10188\/revisions\/18545"}],"up":[{"embeddable":true,"href":"https:\/\/uelzener.de\/magazin\/wp-json\/wp\/v2\/pages\/11695"}],"wp:featuredmedia":[{"embeddable":true,"href":"https:\/\/uelzener.de\/magazin\/wp-json\/wp\/v2\/media\/14953"}],"wp:attachment":[{"href":"https:\/\/uelzener.de\/magazin\/wp-json\/wp\/v2\/media?parent=10188"}],"curies":[{"name":"wp","href":"https:\/\/api.w.org\/{rel}","templated":true}]}}