{"id":10186,"date":"2022-10-10T10:00:00","date_gmt":"2022-10-10T08:00:00","guid":{"rendered":""},"modified":"2025-11-13T11:50:10","modified_gmt":"2025-11-13T10:50:10","slug":"alte-katze","status":"publish","type":"page","link":"https:\/\/uelzener.de\/magazin\/katze\/tiergesundheit\/alte-katze\/","title":{"rendered":"Alte Katze: Das Zusammenleben mit den Senioren unter den Samtpfoten"},"content":{"rendered":"<p>Wann ist eine Katze eigentlich alt und was ver\u00e4ndert sich im Zusammenleben? Wie erkennst du Alterserscheinungen und wie \u00e4ndern sich Bed\u00fcrfnisse? Erfahre in diesem Beitrag, was beim Alterungsprozess deiner Katze vorgeht und nutze es f\u00fcr die Entwicklung deiner Samtpfote.<\/p>\n<h2>Der Alterungsprozess bei Katzen<\/h2>\n<p>Mit rund einem Jahr gilt eine Katze als ausgewachsen. Ab einem Alter von sieben Jahren ist von einer \u00e4lteren Katze die Rede und mit etwa zw\u00f6lf Jahren darfst du sie als Senior bezeichnen. Das sind selbstverst\u00e4ndlich nur Richtwerte: Wann der Alterungsprozess einsetzt und wie er sich vollzieht, ist bei jeder Katze individuell.<\/p>\n<h2>Katzen im Alter: Verhalten, K\u00f6rperfunktionen und Bed\u00fcrfnisse \u00e4ndern sich<\/h2>\n<p>Es ist der nat\u00fcrliche Lauf der Dinge, dass die Leistungsf\u00e4higkeit im Alter abnimmt. Das betrifft die Sinnesleistungen und die k\u00f6rperlichen F\u00e4higkeiten. Vielleicht entwickelt das Tier Marotten, die sie bis dahin nie gezeigt hat. Das Schlaf- und Ruhebed\u00fcrfnis steigt, sie kann sich starrsinniger oder besonders verschmust zeigen. Altersspezifische Krankheiten k\u00f6nnen sich anbahnen.<\/p>\n<p>Der Alterungsprozess findet in der Regel schleichend statt und du bemerkst erste Anzeichen eventuell erst, wenn sie sich bereits manifestiert haben und deutlich in Erscheinung treten.<\/p>\n<h3>Geruchssinn bei alten Katzen<\/h3>\n<p>Der Geruchssinn l\u00e4sst im Alter nach. Er diente das ganze bisherige Leben zur Orientierung: Der vertraute Geruch der Umgebung gab deine Katze Sicherheit und dich konnte sie stets \u00fcber deinen Geruch identifizieren. Leckere Nahrung nahm sie intensiv \u00fcber die Nase wahr. Nun stellst du ihr das Lieblingsfutter hin und sie probiert es, scheint es aber nicht mehr so zu m\u00f6gen. Das k\u00f6nnte daran liegen, dass mit nachlassendem Geruchssinn auch das Geschmacksempfinden abnimmt. Katzensenioren bekommen daher gerne Futter mit intensiveren Aromen.<\/p>\n<h3>Altersblindheit<\/h3>\n<p>Eine alte Katze kann zunehmend an Sehkraft verlieren &#8211; bis hin zur Erblindung. Springt sie nicht mehr wie gewohnt dem Spielzeug hinterher, hat sie den optischen Reiz vielleicht gar nicht wahrgenommen. Mit schwindender Sehkraft wird eine weitere Orientierungsm\u00f6glichkeit abgeschw\u00e4cht oder entf\u00e4llt. Du hilfst deiner Samtpfote sich zurechtzufinden, indem du an der gewohnten Umgebung nichts ver\u00e4nderst.<\/p>\n<h3>Alterstaubheit<\/h3>\n<p>Du bemerkst ein Nachlassen der H\u00f6rf\u00e4higkeit, wenn deine Katze nicht oder erst verz\u00f6gert auf deine Stimme und andere akustische Reize reagiert. Miaut sie lauter als gewohnt? Das tut manch ein \u00e4lteres Tier, weil es sich sonst selbst nicht h\u00f6rt.<\/p>\n<h2>Verhaltens\u00e4nderungen bei \u00e4lteren Katzen<\/h2>\n<p>Wie sich Ver\u00e4nderungen im Verhalten bemerkbar machen, ist stark davon abh\u00e4ngig, welche Alterserscheinungen auftreten und in welchem Ausma\u00df sowie von der individuellen Veranlagung. Die folgenden typischen Verhaltensweisen \u00e4lterer Katzen m\u00fcssen daher nicht alle auftreten:<\/p>\n<ul>\n<li>gesteigertes Ruhe- und Schlafbed\u00fcrfnis<\/li>\n<li>nachlassender Bewegungsdrang und Spieltrieb<\/li>\n<li>schwerf\u00e4lligere Bewegungsabl\u00e4ufe<\/li>\n<li>Vergesslichkeit, Verwirrtheit, Unsicherheit<\/li>\n<li>Orientierungsschwierigkeiten<\/li>\n<li>Sturheit<\/li>\n<li>verst\u00e4rktes Schmusebed\u00fcrfnis<\/li>\n<li>m\u00e4keliges Fressen<\/li>\n<li>Unsauberkeit<\/li>\n<li>stumpferes Fell, nachl\u00e4ssiges Putzverhalten<\/li>\n<li>lauteres Miauen<\/li>\n<\/ul>\n<p>\u00c4hnliche Verhaltensweisen oder -auff\u00e4lligkeiten zeigen Katzen allerdings bei verschiedenen Erkrankungen. Ein regelm\u00e4\u00dfiger Gesundheitscheck beim Tierarzt ist deshalb mit zunehmendem Alter sinnvoll.<\/p>\n<h3>Ver\u00e4ndertes Spielverhalten<\/h3>\n<p>Auch im h\u00f6heren Alter spielen die meisten Katzen noch gerne. Manch eine ben\u00f6tigt vielleicht etwas mehr Motivation. Bei Verschlei\u00dferscheinungen des Bewegungsapparates l\u00e4sst sie es vermutlich lieber langsamer angehen.<\/p>\n<p>Du kennst deine Katze am besten: Findet sie vielleicht an einem flachen Karton mit raschelndem Papier Interesse? Sucht sie gerne besonders leckeres Futter? Intensiv riechende Utensilien aus der Natur k\u00f6nnen einen Senioren ebenfalls begeistern. Du k\u00f6nntest Tannenzapfen sammeln, die deine Katze umherkullern lassen kann. Die Vorlieben unterscheiden sich je nach Alterungsprozess und Individuum, aber auch mit der Rasse. Der <strong><a href=\"https:\/\/uelzener.de\/magazin\/katze\/rasseportrait\/kartaeuser-katze\/\">Kart\u00e4user Katze<\/a><\/strong> wird beispielsweise nachgesagt, im Alter noch sehr verspielt zu sein.<\/p>\n<h3>Kuscheln und Schmusen<\/h3>\n<p>\u00dcber einen kuscheligen, gem\u00fctlichen Platz freuen sich Senioren. Einige w\u00fcnschen sich verst\u00e4rkt Schmuseeinheiten mit ihrem Menschen. Putzt sich deine Katze nicht mehr so intensiv, k\u00f6nntest du das gemeinsame Kuscheln dazu nutzen, sie zu b\u00fcrsten und sie beil\u00e4ufig abzutasten. K\u00f6rperliche Auff\u00e4lligkeiten wie Schwellungen, Kn\u00f6tchen oder Tumore erkennst du dadurch fr\u00fchzeitiger.<\/p>\n<h3>Schlafbed\u00fcrfnis<\/h3>\n<p>Je \u00e4lter deine Katze wird, umso ausgiebiger wird ihr Ruhe- und Schlafbed\u00fcrfnis. Sorge daf\u00fcr, dass sie eine ungest\u00f6rte R\u00fcckzugsm\u00f6glichkeit hat. Sicher freut sie sich \u00fcber ein weiches, warmes Pl\u00e4tzchen auf der Fensterbank. Ist sie k\u00f6rperlich nicht mehr so fit, erreicht sie einen erh\u00f6hten Platz am besten \u00fcber eine Katzentreppe oder Rampe.<\/p>\n<h2>Katzenkrankheiten im Alter<\/h2>\n<p>Der Stoffwechsel verlangsamt sich bei einer alten Katze, die Muskulatur nimmt ab, es stellen sich Verschlei\u00dferscheinungen ein und auch die Organe werden schw\u00e4cher. Bei den meisten Katzenkrankheiten im Alter k\u00f6nnen medizinisch zumindest die Symptome behandelt werden. Eine angepasste Ern\u00e4hrung kann ebenfalls helfen.<\/p>\n<h3>Arthrose<\/h3>\n<p>Die zunehmende Abnutzung der Gelenke kann zur Arthrose f\u00fchren. Der Gang wird steifer, das Springen und Klettern f\u00e4llt schwerer. Gegen die Schmerzen kann der Tierarzt etwas verordnen. Zu Hause kannst du daf\u00fcr sorgen, dass deine Katze alles ohne Schwierigkeiten erreicht und gegebenenfalls Hilfen wie Treppen anbieten.<\/p>\n<h3>Inkontinenz<\/h3>\n<p>Unsauberkeit im Alter hat viele Gr\u00fcnde:<\/p>\n<ul>\n<li>Schlie\u00dfmuskel geschw\u00e4cht<\/li>\n<li>Einstieg des Katzenklos zu hoch<\/li>\n<li>schafft es nicht rechtzeitig aufs Katzenklo<\/li>\n<li>Organerkrankung<\/li>\n<\/ul>\n<h3>Zahnausfall<\/h3>\n<p>Hat deine <strong>Katze Mundgeruch<\/strong>? Im Alter neigen viele Samtpfoten verst\u00e4rkt zur Zahnsteinbildung, was zu muffelndem Atem und zum Zahnverlust f\u00fchren kann. Trockenfutter kann nicht mehr richtig gekaut werden oder das Fressen bereitet Schmerzen. Ein Tierarztbesuch und weiches Futter f\u00fcr deine alte Katze k\u00f6nnen helfen.<\/p>\n\n<div class=\"related_articles boxed\">\n    <h2>Mehr zum Thema<\/h2>\n    \n    <div class=\"wrapper\"><div class=\"title align-center\"><h3><a href=\"https:\/\/uelzener.de\/magazin\/katze\/tiergesundheit\/arthrose-bei-katzen\/\">Arthrose bei Katzen: Schmerzen lindern und Alltag meistern<\/a><\/h3><\/div><div class=\"img align-center\"><img decoding=\"async\" width=\"315\" height=\"180\" src=\"https:\/\/uelzener.de\/magazin\/app\/uploads\/2024\/10\/arthose-bei-katzen-315x180.jpg\" class=\"attachment-315x180 size-315x180 wp-post-image\" alt=\"Hinterbeine einer Katze mit Arthrosen.\" \/><\/div><\/div><div class=\"wrapper\"><div class=\"title align-center\"><h3><a href=\"https:\/\/uelzener.de\/magazin\/katze\/tiergesundheit\/katze-mundgeruch\/\">Mundgeruch bei Katzen: Ursachen und Behandlung<\/a><\/h3><\/div><div class=\"img align-center\"><img decoding=\"async\" width=\"315\" height=\"180\" src=\"https:\/\/uelzener.de\/magazin\/app\/uploads\/2023\/01\/mundgeruch-katze-315x180.jpg\" class=\"attachment-315x180 size-315x180 wp-post-image\" alt=\"Wenn die Katze aus dem Mund stinkt, kann Mundgeruch ein Vorbote f\u00fcr Krankheiten sein.\" \/><\/div><\/div><div class=\"wrapper\"><div class=\"title align-center\"><h3><a href=\"https:\/\/uelzener.de\/magazin\/katze\/tiergesundheit\/blinde-katze\/\">Blinde Katze: Tipps zu Pflege, Eingew\u00f6hnung und Besch\u00e4ftigungen<\/a><\/h3><\/div><div class=\"img align-center\"><img decoding=\"async\" width=\"315\" height=\"180\" src=\"https:\/\/uelzener.de\/magazin\/app\/uploads\/2023\/06\/blinde-katze-315x180.jpg\" class=\"attachment-315x180 size-315x180 wp-post-image\" alt=\"Blinde Katze liegt gem\u00fctlich auf dem Teppich.\" \/><\/div><\/div><\/div>\n\n\n<div class=\"banner\">\n    <a href=\"https:\/\/uelzener.de\/katze\/katzen-zahn-versicherung\/?agt=0000104925&sem=true&utm_medium=magazin&utm_source=wordpress&utm_campaign=katze_zahn&utm_content=banner\">\n        <img decoding=\"async\" width=\"300\" height=\"212\" src=\"https:\/\/uelzener.de\/magazin\/app\/uploads\/2025\/08\/Katzen-Zahn-Versicherung.jpg\" class=\"attachment-medium size-medium\" alt=\"Banner Katzen-Zahn-Versicherung\" \/>    <\/a>\n<\/div>\n\n<h3>Demenz<\/h3>\n<p>Die Gehirnleistung l\u00e4sst nach, die Reiz\u00fcbermittlung ebenfalls: \u00c4ltere Katzen entwickeln gelegentlich eine <a href=\"https:\/\/uelzener.de\/magazin\/katze\/tiergesundheit\/demenz-bei-katzen\/\" target=\"_blank\" rel=\"noopener\">Demenz<\/a>. Orientierungslosigkeit, Verwirrtheit, Vergesslichkeit und anhaltendem lautem n\u00e4chtlichen Miauen begegnest du am besten mit einer geordneten Alltagsroutine f\u00fcr deine Katze und Beibehaltung der gewohnten Umgebung. Freigang sollte eventuell eingeschr\u00e4nkt werden, da die vielen Au\u00dfenreize deine Katze \u00fcberfordern k\u00f6nnten.<\/p>\n<h3>Verdauungsschwierigkeiten<\/h3>\n<p>Der Stoffwechsel verlangsamt sich und somit \u00e4ndern sich die Anspr\u00fcche an die Ern\u00e4hrung. Es gibt spezielles Seniorenfutter mit optimal angepasstem N\u00e4hrstoffgehalt, das leicht zu verdauen ist. <a href=\"https:\/\/uelzener.de\/magazin\/katze\/tiergesundheit\/katze-durchfall-verdauung\/\">Verdauungsst\u00f6rungen<\/a> k\u00f6nnen aber auch auf eine Organerkrankung hinweisen, die eine tier\u00e4rztliche Behandlung und eine spezielle Di\u00e4t erfordert. Solltest du daher unbedingt eine\u00a0<a href=\"https:\/\/uelzener.de\/magazin\/katze\/haeufige-fragen\/katze-versichern-ja-oder-nein\/\">Katzenversicherung abschlie\u00dfen, ja oder nein<\/a>?\u00a0Wegen der vermutlich h\u00f6heren Tierarztkosten bei einem \u00e4lteren Tier musst du dir \u00fcbrigens keine Gedanken machen, wenn du eine <strong>Katzen-Krankenversicherung<\/strong> abgeschlossen hast.<\/p>\n\n<div class=\"banner\">\n    <a href=\"https:\/\/uelzener.de\/katze\/katzen-krankenversicherung\/?agt=0000104925&sem=true&utm_medium=magazin&utm_source=wordpress&utm_campaign=katze_kv&utm_content=banner\">\n        <img decoding=\"async\" width=\"300\" height=\"212\" src=\"https:\/\/uelzener.de\/magazin\/app\/uploads\/2025\/01\/Katzen-Kranken-Versicherung.jpg\" class=\"attachment-medium size-medium\" alt=\"Banner Katzen-Kranken-Versicherung\" \/>    <\/a>\n<\/div>\n\n<h3>Organische Krankheiten<\/h3>\n<p>Betroffen sind von Organerkrankungen im Alter h\u00e4ufig die Nieren, die Bauchspeicheldr\u00fcse, das Herz und die <a href=\"https:\/\/uelzener.de\/magazin\/katze\/tiergesundheit\/schilddruesenueberfunktion-katzen-ursachen-symptome-behandlung\/\">Schilddr\u00fcse<\/a>. Trinkt deine Katze au\u00dfergew\u00f6hnlich viel, zeigt sie auff\u00e4lliges Fressverhalten, verliert sie Urin, hat sie blutigen Urin oder magert sie ab? Eine tier\u00e4rztliche Untersuchung gibt Aufschluss dar\u00fcber, ob sie eventuell unter <a href=\"https:\/\/uelzener.de\/magazin\/katze\/tiergesundheit\/diabetes-bei-katzen\/\">Diabetes<\/a>, einer <a href=\"https:\/\/uelzener.de\/magazin\/katze\/tiergesundheit\/blasenentzuendung-bei-katzen\/\">Blasenentz\u00fcndung<\/a>, Nierenfunktionsst\u00f6rung oder einer Herzerkrankung leidet.<\/p>\n<h2>Geeignetes Futter f\u00fcr eine alte Katze<\/h2>\n<p>Der langsamere Stoffwechsel und der geringere Energieverbrauch erfordern eine Umstellung der Ern\u00e4hrung. Das Futter soll bei niedrigem Energiegehalt gut bek\u00f6mmlich und leicht verdaulich sein sowie die Organe nicht belasten:<\/p>\n<ul>\n<li>hochwertige, leicht verwertbare Eiwei\u00dfe<\/li>\n<li>leicht verdauliche Kohlehydrate<\/li>\n<li>ausgewogene, gut verf\u00fcgbare Vitamine und N\u00e4hrstoffe<\/li>\n<li>verminderter Phosphorgehalt<\/li>\n<\/ul>\n<p>Achte auch auf ausreichende Fl\u00fcssigkeitsaufnahme. Katzen, die wenig trinken, bekommen bevorzugt Nassfutter.<\/p>\n<h2>Das Leben mit einer Seniorenkatze<\/h2>\n<p>Wie der Alterungsprozess bei einer Katze verl\u00e4uft, unterscheidet sich. Allgemein sinkt das Aktivit\u00e4tslevel und das Ruhebed\u00fcrfnis steigt. Andere Verhaltensweisen entwickeln sich und das Tier neigt zu altersbedingten Erkrankungen.<\/p>\n<p>Schenke ihr Aufmerksamkeit und schmuse ausgiebig mit ihr, wenn sie dies w\u00fcnscht. Gemeinsame, auf das Alter abgestimmte Besch\u00e4ftigungen f\u00f6rdern auch eine alte Katze noch k\u00f6rperlich und geistig.<\/p>\n<p><a href=\"https:\/\/uelzener.de\/magazin\/katze\/haeufige-fragen\/wie-alt-werden-katzen\/\">Lies auch hier nach, wie alt Katzen werden k\u00f6nnen.<\/a><\/p>\n<p>Ist es dann schlie\u00dflich an der Zeit f\u00fcr den <a href=\"https:\/\/uelzener.de\/magazin\/katze\/haltung\/katze-beerdigen\/\">Abschied<\/a> von einer Katze, so hast du alles getan, um ihr die letzte Phase des Lebens erinnerungswert zu gestalten.<\/p>\n<h2>FAQ: H\u00e4ufig gestellte Fragen<\/h2>\n<h3>Wie \u00e4u\u00dfert sich Altersschw\u00e4che bei Katzen?<\/h3>\n<p>Im Alter verlangsamt sich der Stoffwechsel. Der Bewegungsdrang wird weniger, die Muskulatur baut ab, Beeintr\u00e4chtigungen der Organe und Verschlei\u00dferscheinungen der Gelenke nehmen zu.<\/p>\n<h3>Wie verh\u00e4lt sich eine \u00e4ltere Katze?<\/h3>\n<p>Sie wird ruhiger, oft anh\u00e4nglicher und verschmuster, vielleicht auch etwas sturer.<\/p>\n<h3>Ab wann ist eine Katze alt?<\/h3>\n<p>Das unterscheidet sich von Katze zu Katze und der Alterungsprozess ist schleichend. Mit etwa zw\u00f6lf Jahren erreichen viele Katzen das Seniorenalter.<\/p>\n","protected":false},"excerpt":{"rendered":"<p>Wann ist eine Katze eigentlich alt und was ver\u00e4ndert sich im Zusammenleben? Wie erkennst du Alterserscheinungen und wie \u00e4ndern sich Bed\u00fcrfnisse? Erfahre in diesem Beitrag, was beim Alterungsprozess deiner Katze vorgeht und nutze es f\u00fcr die Entwicklung deiner Samtpfote. Der Alterungsprozess bei Katzen Mit rund einem Jahr gilt eine Katze als ausgewachsen. Ab einem Alter [&hellip;]<\/p>\n","protected":false},"author":1,"featured_media":14064,"parent":11712,"menu_order":50,"comment_status":"open","ping_status":"open","template":"templates\/blog.php","meta":{"_acf_changed":false,"_crdt_document":"","footnotes":"","beyondwords_generate_audio":"0","beyondwords_project_id":"","beyondwords_content_id":"","beyondwords_preview_token":"","beyondwords_player_style":"","beyondwords_language_id":"","beyondwords_title_voice_id":"","beyondwords_body_voice_id":"","beyondwords_summary_voice_id":"","beyondwords_error_message":"","beyondwords_disabled":"","beyondwords_delete_content":"","beyondwords_podcast_id":"","beyondwords_hash":"","publish_post_to_speechkit":"","speechkit_hash":"","speechkit_generate_audio":"","speechkit_project_id":"","speechkit_podcast_id":"","speechkit_error_message":"","speechkit_disabled":"","speechkit_access_key":"","speechkit_error":"","speechkit_info":"","speechkit_response":"","speechkit_retries":"","speechkit_status":"","speechkit_updated_at":"","_speechkit_link":"","_speechkit_text":""},"class_list":["post-10186","page","type-page","status-publish","has-post-thumbnail","hentry"],"acf":[],"yoast_head":"<!-- This site is optimized with the Yoast SEO Premium plugin  - https:\/\/yoast.com\/product\/yoast-seo-premium-wordpress\/ -->\n<title>Alte Katze \u2013 so unterst\u00fctzt Du Deine Senior-Katze | Uelzener<\/title>\n<meta name=\"description\" content=\"Erfahre alles zur optimalen Haltung Deiner alten Katze \u2713 F\u00fctterung \u2713 Schlafverhalten \u2713 Fellpflege \u2713 uvm. \u25b6 Hier informieren!\" \/>\n<meta name=\"robots\" content=\"index, follow, max-snippet:-1, max-image-preview:large, max-video-preview:-1\" \/>\n<link rel=\"canonical\" href=\"https:\/\/uelzener.de\/magazin\/katze\/tiergesundheit\/alte-katze\/\" \/>\n<meta property=\"og:locale\" content=\"de_DE\" \/>\n<meta property=\"og:type\" content=\"article\" \/>\n<meta property=\"og:title\" content=\"Alte Katze: Das Zusammenleben mit den Senioren unter den Samtpfoten\" \/>\n<meta property=\"og:description\" content=\"Erfahre alles zur optimalen Haltung Deiner alten Katze \u2713 F\u00fctterung \u2713 Schlafverhalten \u2713 Fellpflege \u2713 uvm. \u25b6 Hier informieren!\" \/>\n<meta property=\"og:url\" content=\"https:\/\/uelzener.de\/magazin\/katze\/tiergesundheit\/alte-katze\/\" \/>\n<meta property=\"og:site_name\" content=\"Uelzener Tier-Magazin\" \/>\n<meta property=\"article:publisher\" content=\"https:\/\/www.facebook.com\/Uelzener\" \/>\n<meta property=\"article:modified_time\" content=\"2025-11-13T10:50:10+00:00\" \/>\n<meta property=\"og:image\" content=\"https:\/\/uelzener.de\/magazin\/app\/uploads\/2022\/10\/alte-katze.jpg\" \/>\n\t<meta property=\"og:image:width\" content=\"1024\" \/>\n\t<meta property=\"og:image:height\" content=\"450\" \/>\n\t<meta property=\"og:image:type\" content=\"image\/jpeg\" \/>\n<meta name=\"twitter:card\" content=\"summary_large_image\" \/>\n<meta name=\"twitter:label1\" content=\"Gesch\u00e4tzte Lesezeit\" \/>\n\t<meta name=\"twitter:data1\" content=\"8\u00a0Minuten\" \/>\n<script type=\"application\/ld+json\" class=\"yoast-schema-graph\">{\"@context\":\"https:\/\/schema.org\",\"@graph\":[{\"@type\":\"WebPage\",\"@id\":\"https:\/\/uelzener.de\/magazin\/katze\/tiergesundheit\/alte-katze\/\",\"url\":\"https:\/\/uelzener.de\/magazin\/katze\/tiergesundheit\/alte-katze\/\",\"name\":\"Alte Katze \u2013 so unterst\u00fctzt Du Deine Senior-Katze | Uelzener\",\"isPartOf\":{\"@id\":\"https:\/\/uelzener.de\/magazin\/#website\"},\"primaryImageOfPage\":{\"@id\":\"https:\/\/uelzener.de\/magazin\/katze\/tiergesundheit\/alte-katze\/#primaryimage\"},\"image\":{\"@id\":\"https:\/\/uelzener.de\/magazin\/katze\/tiergesundheit\/alte-katze\/#primaryimage\"},\"thumbnailUrl\":\"https:\/\/uelzener.de\/magazin\/app\/uploads\/2022\/10\/alte-katze.jpg\",\"datePublished\":\"2022-10-10T08:00:00+00:00\",\"dateModified\":\"2025-11-13T10:50:10+00:00\",\"description\":\"Erfahre alles zur optimalen Haltung Deiner alten Katze \u2713 F\u00fctterung \u2713 Schlafverhalten \u2713 Fellpflege \u2713 uvm. \u25b6 Hier informieren!\",\"breadcrumb\":{\"@id\":\"https:\/\/uelzener.de\/magazin\/katze\/tiergesundheit\/alte-katze\/#breadcrumb\"},\"inLanguage\":\"de\",\"potentialAction\":[{\"@type\":\"ReadAction\",\"target\":[\"https:\/\/uelzener.de\/magazin\/katze\/tiergesundheit\/alte-katze\/\"]}]},{\"@type\":\"ImageObject\",\"inLanguage\":\"de\",\"@id\":\"https:\/\/uelzener.de\/magazin\/katze\/tiergesundheit\/alte-katze\/#primaryimage\",\"url\":\"https:\/\/uelzener.de\/magazin\/app\/uploads\/2022\/10\/alte-katze.jpg\",\"contentUrl\":\"https:\/\/uelzener.de\/magazin\/app\/uploads\/2022\/10\/alte-katze.jpg\",\"width\":1024,\"height\":450,\"caption\":\"Eine alte Katze ben\u00f6tigt mehr Ruhe\"},{\"@type\":\"WebSite\",\"@id\":\"https:\/\/uelzener.de\/magazin\/#website\",\"url\":\"https:\/\/uelzener.de\/magazin\/\",\"name\":\"Uelzener Tiermagazin\",\"description\":\"Online Tierratgeber der Uelzener Versicherungen\",\"publisher\":{\"@id\":\"https:\/\/uelzener.de\/magazin\/#organization\"},\"potentialAction\":[{\"@type\":\"SearchAction\",\"target\":{\"@type\":\"EntryPoint\",\"urlTemplate\":\"https:\/\/uelzener.de\/magazin\/?s={search_term_string}\"},\"query-input\":{\"@type\":\"PropertyValueSpecification\",\"valueRequired\":true,\"valueName\":\"search_term_string\"}}],\"inLanguage\":\"de\"},{\"@type\":\"Organization\",\"@id\":\"https:\/\/uelzener.de\/magazin\/#organization\",\"name\":\"Uelzener Versicherungen\",\"url\":\"https:\/\/uelzener.de\/magazin\/\",\"logo\":{\"@type\":\"ImageObject\",\"inLanguage\":\"de\",\"@id\":\"https:\/\/uelzener.de\/magazin\/#\/schema\/logo\/image\/\",\"url\":\"https:\/\/uelzener.de\/magazin\/app\/uploads\/2024\/11\/uelzener_allgemeine_versicherungsgesellschaft_a_g_logo.jpg\",\"contentUrl\":\"https:\/\/uelzener.de\/magazin\/app\/uploads\/2024\/11\/uelzener_allgemeine_versicherungsgesellschaft_a_g_logo.jpg\",\"width\":200,\"height\":200,\"caption\":\"Uelzener Versicherungen\"},\"image\":{\"@id\":\"https:\/\/uelzener.de\/magazin\/#\/schema\/logo\/image\/\"},\"sameAs\":[\"https:\/\/www.facebook.com\/Uelzener\",\"https:\/\/instagram.com\/uelzener\",\"https:\/\/www.xing.com\/pages\/uelzenerallgemeineversicherungs-gesellschafta-g\",\"https:\/\/www.youtube.com\/UelzenerVersicherungen\"]}]}<\/script>\n<!-- \/ Yoast SEO Premium plugin. -->","yoast_head_json":{"title":"Alte Katze \u2013 so unterst\u00fctzt Du Deine Senior-Katze | Uelzener","description":"Erfahre alles zur optimalen Haltung Deiner alten Katze \u2713 F\u00fctterung \u2713 Schlafverhalten \u2713 Fellpflege \u2713 uvm. \u25b6 Hier informieren!","robots":{"index":"index","follow":"follow","max-snippet":"max-snippet:-1","max-image-preview":"max-image-preview:large","max-video-preview":"max-video-preview:-1"},"canonical":"https:\/\/uelzener.de\/magazin\/katze\/tiergesundheit\/alte-katze\/","og_locale":"de_DE","og_type":"article","og_title":"Alte Katze: Das Zusammenleben mit den Senioren unter den Samtpfoten","og_description":"Erfahre alles zur optimalen Haltung Deiner alten Katze \u2713 F\u00fctterung \u2713 Schlafverhalten \u2713 Fellpflege \u2713 uvm. \u25b6 Hier informieren!","og_url":"https:\/\/uelzener.de\/magazin\/katze\/tiergesundheit\/alte-katze\/","og_site_name":"Uelzener Tier-Magazin","article_publisher":"https:\/\/www.facebook.com\/Uelzener","article_modified_time":"2025-11-13T10:50:10+00:00","og_image":[{"width":1024,"height":450,"url":"https:\/\/uelzener.de\/magazin\/app\/uploads\/2022\/10\/alte-katze.jpg","type":"image\/jpeg"}],"twitter_card":"summary_large_image","twitter_misc":{"Gesch\u00e4tzte Lesezeit":"8\u00a0Minuten"},"schema":{"@context":"https:\/\/schema.org","@graph":[{"@type":"WebPage","@id":"https:\/\/uelzener.de\/magazin\/katze\/tiergesundheit\/alte-katze\/","url":"https:\/\/uelzener.de\/magazin\/katze\/tiergesundheit\/alte-katze\/","name":"Alte Katze \u2013 so unterst\u00fctzt Du Deine Senior-Katze | Uelzener","isPartOf":{"@id":"https:\/\/uelzener.de\/magazin\/#website"},"primaryImageOfPage":{"@id":"https:\/\/uelzener.de\/magazin\/katze\/tiergesundheit\/alte-katze\/#primaryimage"},"image":{"@id":"https:\/\/uelzener.de\/magazin\/katze\/tiergesundheit\/alte-katze\/#primaryimage"},"thumbnailUrl":"https:\/\/uelzener.de\/magazin\/app\/uploads\/2022\/10\/alte-katze.jpg","datePublished":"2022-10-10T08:00:00+00:00","dateModified":"2025-11-13T10:50:10+00:00","description":"Erfahre alles zur optimalen Haltung Deiner alten Katze \u2713 F\u00fctterung \u2713 Schlafverhalten \u2713 Fellpflege \u2713 uvm. \u25b6 Hier informieren!","breadcrumb":{"@id":"https:\/\/uelzener.de\/magazin\/katze\/tiergesundheit\/alte-katze\/#breadcrumb"},"inLanguage":"de","potentialAction":[{"@type":"ReadAction","target":["https:\/\/uelzener.de\/magazin\/katze\/tiergesundheit\/alte-katze\/"]}]},{"@type":"ImageObject","inLanguage":"de","@id":"https:\/\/uelzener.de\/magazin\/katze\/tiergesundheit\/alte-katze\/#primaryimage","url":"https:\/\/uelzener.de\/magazin\/app\/uploads\/2022\/10\/alte-katze.jpg","contentUrl":"https:\/\/uelzener.de\/magazin\/app\/uploads\/2022\/10\/alte-katze.jpg","width":1024,"height":450,"caption":"Eine alte Katze ben\u00f6tigt mehr Ruhe"},{"@type":"WebSite","@id":"https:\/\/uelzener.de\/magazin\/#website","url":"https:\/\/uelzener.de\/magazin\/","name":"Uelzener Tiermagazin","description":"Online Tierratgeber der Uelzener Versicherungen","publisher":{"@id":"https:\/\/uelzener.de\/magazin\/#organization"},"potentialAction":[{"@type":"SearchAction","target":{"@type":"EntryPoint","urlTemplate":"https:\/\/uelzener.de\/magazin\/?s={search_term_string}"},"query-input":{"@type":"PropertyValueSpecification","valueRequired":true,"valueName":"search_term_string"}}],"inLanguage":"de"},{"@type":"Organization","@id":"https:\/\/uelzener.de\/magazin\/#organization","name":"Uelzener Versicherungen","url":"https:\/\/uelzener.de\/magazin\/","logo":{"@type":"ImageObject","inLanguage":"de","@id":"https:\/\/uelzener.de\/magazin\/#\/schema\/logo\/image\/","url":"https:\/\/uelzener.de\/magazin\/app\/uploads\/2024\/11\/uelzener_allgemeine_versicherungsgesellschaft_a_g_logo.jpg","contentUrl":"https:\/\/uelzener.de\/magazin\/app\/uploads\/2024\/11\/uelzener_allgemeine_versicherungsgesellschaft_a_g_logo.jpg","width":200,"height":200,"caption":"Uelzener Versicherungen"},"image":{"@id":"https:\/\/uelzener.de\/magazin\/#\/schema\/logo\/image\/"},"sameAs":["https:\/\/www.facebook.com\/Uelzener","https:\/\/instagram.com\/uelzener","https:\/\/www.xing.com\/pages\/uelzenerallgemeineversicherungs-gesellschafta-g","https:\/\/www.youtube.com\/UelzenerVersicherungen"]}]}},"_links":{"self":[{"href":"https:\/\/uelzener.de\/magazin\/wp-json\/wp\/v2\/pages\/10186","targetHints":{"allow":["GET"]}}],"collection":[{"href":"https:\/\/uelzener.de\/magazin\/wp-json\/wp\/v2\/pages"}],"about":[{"href":"https:\/\/uelzener.de\/magazin\/wp-json\/wp\/v2\/types\/page"}],"author":[{"embeddable":true,"href":"https:\/\/uelzener.de\/magazin\/wp-json\/wp\/v2\/users\/1"}],"replies":[{"embeddable":true,"href":"https:\/\/uelzener.de\/magazin\/wp-json\/wp\/v2\/comments?post=10186"}],"version-history":[{"count":25,"href":"https:\/\/uelzener.de\/magazin\/wp-json\/wp\/v2\/pages\/10186\/revisions"}],"predecessor-version":[{"id":19517,"href":"https:\/\/uelzener.de\/magazin\/wp-json\/wp\/v2\/pages\/10186\/revisions\/19517"}],"up":[{"embeddable":true,"href":"https:\/\/uelzener.de\/magazin\/wp-json\/wp\/v2\/pages\/11712"}],"wp:featuredmedia":[{"embeddable":true,"href":"https:\/\/uelzener.de\/magazin\/wp-json\/wp\/v2\/media\/14064"}],"wp:attachment":[{"href":"https:\/\/uelzener.de\/magazin\/wp-json\/wp\/v2\/media?parent=10186"}],"curies":[{"name":"wp","href":"https:\/\/api.w.org\/{rel}","templated":true}]}}