{"id":10185,"date":"2023-09-01T10:05:00","date_gmt":"2023-09-01T08:05:00","guid":{"rendered":"https:\/\/uelzener.de\/magazin\/katze\/haeufige-fragen\/katzenjahre-in-menschenjahre\/"},"modified":"2026-01-06T18:07:03","modified_gmt":"2026-01-06T17:07:03","slug":"katzenjahre-in-menschenjahre","status":"publish","type":"page","link":"https:\/\/uelzener.de\/magazin\/katze\/haeufige-fragen\/katzenjahre-in-menschenjahre\/","title":{"rendered":"Katzenjahre in Menschenjahre: Katzenalter bestimmen"},"content":{"rendered":"<p>Mit einer Umrechnung des Alters einer Katze in Menschenjahre l\u00e4sst sich das Verhalten des Stubentigers besser verstehen. Ist die eigene Katze schon erwachsen oder noch ein wilder Teenager? Wir zeigen, wie es richtig geht und welche Phasen die Vierbeiner in ihrem Leben durchlaufen.<\/p>\n<h2>Katzenalter dem Menschenalter zuordnen<\/h2>\n<p>In den ersten zwei Jahren ihres Lebens entwickeln sich Katzen sehr schnell. In dieser Zeit wird aus einem K\u00e4tzchen eine erwachsene Katze. Die Umrechnung in Menschenjahre ist f\u00fcr diesen Zeitraum deshalb kleinschrittig. Ein zwei Monate altes Kitten ist umgerechnet vier Jahre alt, eine sieben Monate alte Katze bereits zw\u00f6lf. Mit zwei Lebensjahren ist eine Katze umgerechnet 24 und damit erwachsen.<\/p>\n<p>Danach wird es einfacher und man kann pro Lebensjahr einfach vier Menschenjahre hinzurechnen. So ist eine dreij\u00e4hrige Samtpfote umgerechnet 28 Jahre alt und eine achtj\u00e4hrige Katze 48 alt.<\/p>\n<h3>Katzenalter in Menschenjahre umrechnen<\/h3>\n<table style=\"border-collapse: collapse; width: 45.5369%; height: 180px;\">\n<tbody>\n<tr style=\"height: 24px;\">\n<td style=\"width: 49.9256%;\" width=\"295\"><strong><span style=\"color: #6ea029;\">Katzenjahre<\/span><\/strong><\/td>\n<td style=\"width: 73.8194%;\" width=\"295\"><strong><span style=\"color: #6ea029;\">Menschenjahre<\/span><\/strong><\/td>\n<\/tr>\n<tr style=\"height: 24px;\">\n<td style=\"width: 49.9256%;\" width=\"295\"><strong>1 Monat<\/strong><\/td>\n<td style=\"width: 73.8194%;\" width=\"295\"><strong>6 Monate<\/strong><\/td>\n<\/tr>\n<tr style=\"height: 24px;\">\n<td style=\"width: 49.9256%;\" width=\"295\"><strong>2 bis 3 Monate<\/strong><\/td>\n<td style=\"width: 73.8194%;\" width=\"295\"><strong>2 bis 5 Jahre<\/strong><\/td>\n<\/tr>\n<tr style=\"height: 24px;\">\n<td style=\"width: 49.9256%;\" width=\"295\"><strong>6 Monate<\/strong><\/td>\n<td style=\"width: 73.8194%;\" width=\"295\"><strong>10 Jahre<\/strong><\/td>\n<\/tr>\n<tr style=\"height: 24px;\">\n<td style=\"width: 49.9256%;\" width=\"295\"><strong>12 Monate<\/strong><\/td>\n<td style=\"width: 73.8194%;\" width=\"295\"><strong>15 bis 16 Jahre<\/strong><\/td>\n<\/tr>\n<tr style=\"height: 24px;\">\n<td style=\"width: 49.9256%;\" width=\"295\"><strong>2 Jahre<\/strong><\/td>\n<td style=\"width: 73.8194%;\" width=\"295\"><strong>24 Jahre<\/strong><\/td>\n<\/tr>\n<tr style=\"height: 24px;\">\n<td style=\"width: 49.9256%;\" width=\"295\"><strong>3 Jahre<\/strong><\/td>\n<td style=\"width: 73.8194%;\" width=\"295\"><strong>28 Jahre<\/strong><\/td>\n<\/tr>\n<tr style=\"height: 24px;\">\n<td style=\"width: 49.9256%;\" width=\"295\"><strong>4 Jahre<\/strong><\/td>\n<td style=\"width: 73.8194%;\" width=\"295\"><strong>32 Jahre<\/strong><\/td>\n<\/tr>\n<tr style=\"height: 24px;\">\n<td style=\"width: 49.9256%;\" width=\"295\"><strong>5 Jahre<\/strong><\/td>\n<td style=\"width: 73.8194%;\" width=\"295\"><strong>36 Jahre<\/strong><\/td>\n<\/tr>\n<tr style=\"height: 24px;\">\n<td style=\"width: 49.9256%;\" width=\"295\"><strong>6 Jahre<\/strong><\/td>\n<td style=\"width: 73.8194%;\" width=\"295\"><strong>40 Jahre<\/strong><\/td>\n<\/tr>\n<tr style=\"height: 24px;\">\n<td style=\"width: 49.9256%;\" width=\"295\"><strong>7 Jahre<\/strong><\/td>\n<td style=\"width: 73.8194%;\" width=\"295\"><strong>44 Jahre<\/strong><\/td>\n<\/tr>\n<tr style=\"height: 24px;\">\n<td style=\"width: 49.9256%;\" width=\"295\"><strong>8 Jahre<\/strong><\/td>\n<td style=\"width: 73.8194%;\" width=\"295\"><strong>48 Jahre<\/strong><\/td>\n<\/tr>\n<tr style=\"height: 24px;\">\n<td style=\"width: 49.9256%;\" width=\"295\"><strong>9 Jahre<\/strong><\/td>\n<td style=\"width: 73.8194%;\" width=\"295\"><strong>52 Jahre<\/strong><\/td>\n<\/tr>\n<tr style=\"height: 24px;\">\n<td style=\"width: 49.9256%;\" width=\"295\"><strong>10 Jahre<\/strong><\/td>\n<td style=\"width: 73.8194%;\" width=\"295\"><strong>56 Jahre<\/strong><\/td>\n<\/tr>\n<tr style=\"height: 24px;\">\n<td style=\"width: 49.9256%;\" width=\"295\"><strong>11 Jahre<\/strong><\/td>\n<td style=\"width: 73.8194%;\" width=\"295\"><strong>61 Jahre<\/strong><\/td>\n<\/tr>\n<tr style=\"height: 24px;\">\n<td style=\"width: 49.9256%;\" width=\"295\"><strong>12 Jahre<\/strong><\/td>\n<td style=\"width: 73.8194%;\" width=\"295\"><strong>64 Jahre<\/strong><\/td>\n<\/tr>\n<tr style=\"height: 24px;\">\n<td style=\"width: 49.9256%;\" width=\"295\"><strong>13 Jahre<\/strong><\/td>\n<td style=\"width: 73.8194%;\" width=\"295\"><strong>68 Jahre<\/strong><\/td>\n<\/tr>\n<tr style=\"height: 24px;\">\n<td style=\"width: 49.9256%;\" width=\"295\"><strong>14 Jahre<\/strong><\/td>\n<td style=\"width: 73.8194%;\" width=\"295\"><strong>72 Jahre<\/strong><\/td>\n<\/tr>\n<tr style=\"height: 24px;\">\n<td style=\"width: 49.9256%;\" width=\"295\"><strong>15 Jahre<\/strong><\/td>\n<td style=\"width: 73.8194%;\" width=\"295\"><strong>76 Jahre<\/strong><\/td>\n<\/tr>\n<tr style=\"height: 24px;\">\n<td style=\"width: 49.9256%;\" width=\"295\"><strong>16 Jahre<\/strong><\/td>\n<td style=\"width: 73.8194%;\" width=\"295\"><strong>80 Jahre<\/strong><\/td>\n<\/tr>\n<tr style=\"height: 24px;\">\n<td style=\"width: 49.9256%;\" width=\"295\"><strong>17 Jahre<\/strong><\/td>\n<td style=\"width: 73.8194%;\" width=\"295\"><strong>84 Jahre<\/strong><\/td>\n<\/tr>\n<tr style=\"height: 24px;\">\n<td style=\"width: 49.9256%;\" width=\"295\"><strong>18 Jahre<\/strong><\/td>\n<td style=\"width: 73.8194%;\" width=\"295\"><strong>88 Jahre<\/strong><\/td>\n<\/tr>\n<tr style=\"height: 24px;\">\n<td style=\"width: 49.9256%;\" width=\"295\"><strong>19 Jahre<\/strong><\/td>\n<td style=\"width: 73.8194%;\" width=\"295\"><strong>92 Jahre<\/strong><\/td>\n<\/tr>\n<tr style=\"height: 24px;\">\n<td style=\"width: 49.9256%;\" width=\"295\"><strong>20 Jahre<\/strong><\/td>\n<td style=\"width: 73.8194%;\" width=\"295\"><strong>96 Jahre<\/strong><\/td>\n<\/tr>\n<\/tbody>\n<\/table>\n<p>&nbsp;<\/p>\n<p>Das errechnete Katzenalter kann aber immer nur ein Richtwert sein, denn ebenso wie beim Menschen sind Alterung und Verhalten der Katze individuell. Es gilt: Man ist so alt, wie man sich f\u00fchlt.<\/p>\n<p>Du interessierst dich auch f\u00fcr die genetische Beziehung zwischen Mensch und Tier? Dann lies hier alles nach \u00fcber <a href=\"https:\/\/uelzener.de\/magazin\/katze\/haeufige-fragen\/dna-uebereinstimmung-katze-mensch\/\">D.N.A.-\u00dcbereinstimmung zwischen Katze und Menschen<\/a>.<\/p>\n<h2>Die Lebensphasen einer Katze<\/h2>\n<ol>\n<li><strong>Vom Kitten zur Jungkatze:<\/strong> Zwischen der <a href=\"https:\/\/uelzener.de\/magazin\/katze\/tiergesundheit\/katzengeburt\/\" target=\"_blank\" rel=\"noopener\">Geburt<\/a> und dem ersten Geburtstag erlernt die Katze alle wichtigen F\u00e4higkeiten, die sie sp\u00e4ter als ausgewachsene Katze ben\u00f6tigt. Au\u00dferdem wird sie in dieser Zeit geschlechtsreif und durchl\u00e4uft in der zweiten H\u00e4lfte des ersten Lebensjahrs die Pubert\u00e4t. Halter sollten neugierige Vierbeiner in diesem Katzenalter bei ihren ersten Abenteuern unterst\u00fctzen, aber m\u00f6gliche Gefahren im Haushalt vorsorglich beseitigen. So lassen sich <a href=\"https:\/\/uelzener.de\/magazin\/katze\/tiergesundheit\/haeufigste-krankheiten-unfaelle-bei-katzen\/\">Unf\u00e4lle<\/a> vermeiden.<\/li>\n<li><strong>Die erwachsene Katze:<\/strong> Je nach Rasse ist die Phase des Erwachsenwerdens im Alter zwischen 18 Monaten und zwei Jahren abgeschlossen. Danach durchl\u00e4uft die Katze gewisserma\u00dfen ihre besten Katzenjahre und ist voll ausgewachsen. In dieser Lebensspanne erscheinen sie robust und unverwundbar. Doch leider beginnen in dieser Zeit viele der Erkrankungen, die im h\u00f6heren Alter zu Beschwerden f\u00fchren, unbemerkt ihren Ursprung zu nehmen. Um dem entgegenzuwirken, solltest du in allen Lebensphasen deiner Katze auf eine ausgewogene Ern\u00e4hrung achten. Vor allem ein Futter mit viel Fleisch und gen\u00fcgend Fl\u00fcssigkeit ist hier essenziell. Genauso wichtig ist es, schon bevor deine Katze dieses Alter erreicht hat, eine gute Katzenversicherung f\u00fcr deinen Stubentiger abzuschlie\u00dfen.<\/li>\n<\/ol>\n\n<div class=\"banner\">\n    <a href=\"https:\/\/uelzener.de\/katze\/katzen-op-versicherung\/?agt=0000104925&sem=true&utm_medium=magazin&utm_source=wordpress&utm_campaign=katze_op&utm_content=banner_native_ad\">\n        <img decoding=\"async\" width=\"300\" height=\"169\" src=\"https:\/\/uelzener.de\/magazin\/app\/uploads\/2024\/02\/katzenversicherung-banner-2-300x169.jpg\" class=\"attachment-medium size-medium\" alt=\"K\u00e4tzen kaut an einem Hausschuh.\" srcset=\"https:\/\/uelzener.de\/magazin\/app\/uploads\/2024\/02\/katzenversicherung-banner-2-300x169.jpg 300w, https:\/\/uelzener.de\/magazin\/app\/uploads\/2024\/02\/katzenversicherung-banner-2-1024x576.jpg 1024w, https:\/\/uelzener.de\/magazin\/app\/uploads\/2024\/02\/katzenversicherung-banner-2-768x432.jpg 768w, https:\/\/uelzener.de\/magazin\/app\/uploads\/2024\/02\/katzenversicherung-banner-2-1536x864.jpg 1536w, https:\/\/uelzener.de\/magazin\/app\/uploads\/2024\/02\/katzenversicherung-banner-2-1026x577.jpg 1026w, https:\/\/uelzener.de\/magazin\/app\/uploads\/2024\/02\/katzenversicherung-banner-2-668x376.jpg 668w, https:\/\/uelzener.de\/magazin\/app\/uploads\/2024\/02\/katzenversicherung-banner-2.jpg 1778w\" sizes=\"(max-width: 300px) 100vw, 300px\" \/>    <\/a>\n<\/div>\n\n<ol start=\"3\">\n<li><strong>Der Senior:<\/strong> Im Alter zwischen zehn und zw\u00f6lf Jahren f\u00e4ngt der Lebensabend der Vierbeiner an und sie werden zum Senior. Rechnet man die Katzenjahre in Menschenjahre, ist unser geliebtes Haustier jetzt zwischen 56 und 64 Jahren. Bei vielen Katzen nimmt in dieser Zeit das Ruhebed\u00fcrfnis deutlich zu, sie schlafen mehr und haben h\u00e4ufiger gesundheitliche Beschwerden. Nun brauchen die Tiere viel Pflege und Geduld, damit sie ihre letzten Jahre genie\u00dfen k\u00f6nnen. In einem Alter von \u00fcber 15 Jahren haben viele Katzen gesundheitliche Probleme. In dieser Phase ist es essenziell, der Katze viel Komfort zu bieten. Hochwertiges, warmes Feuchtfutter sorgt f\u00fcr n\u00f6tige N\u00e4hrstoffe und Genuss. Einfacher Zugang zur Toilette und eine Rampe helfen im Alltag. Du solltest jetzt die Fellpflege \u00fcbernehmen, um deiner Katze weiterhin Wohlbefinden zu bieten.<\/li>\n<\/ol>\n<p>Es gibt verschiedene Faktoren, die das Alter einer Katze beeinflussen, darunter Genetik, Ern\u00e4hrung, Pflege und Lebensbedingungen. Erfahre mehr dar\u00fcber, <a href=\"https:\/\/uelzener.de\/magazin\/katze\/haeufige-fragen\/wie-alt-werden-katzen\/\">wie alt Katzen werden k\u00f6nnen<\/a>.<\/p>\n<h2>FAQ: H\u00e4ufig gestellte Fragen zum Thema: Katzenjahre in Menschenjahren<\/h2>\n<h3>Wie viel ist ein Katzenjahr?<\/h3>\n<p>Im ersten Lebensjahr einer Katze entsprechen Katzenjahre 15 Menschenjahren, w\u00e4hrend im zweiten und dritten Jahr jeweils 6 Menschenjahre hinzukommen. Ab dem vierten Lebensjahr entspricht jedes weitere Katzenjahr 4 Menschenjahren.<\/p>\n<h3>Ist eine Katze mit 15 alt?<\/h3>\n<p>Eine 15-j\u00e4hrige Katze wird allgemein als alt betrachtet. Im Vergleich zu Menschen entspricht dies einem Alter von etwa 70 bis 80 Jahren. In diesem Kontext wird eine 15-j\u00e4hrige Katze als Senior eingestuft.<\/p>\n<h3>Wie lange lebt eine Katze im Durchschnitt?<\/h3>\n<p>Die durchschnittliche Lebenserwartung einer Hauskatze liegt zwischen 12 und 15 Jahren, obwohl einige Katzen bei entsprechender Pflege und Gesundheit ein h\u00f6heres Alter erreichen k\u00f6nnen.<\/p>\n","protected":false},"excerpt":{"rendered":"<p>Mit einer Umrechnung des Alters einer Katze in Menschenjahre l\u00e4sst sich das Verhalten des Stubentigers besser verstehen. Ist die eigene Katze schon erwachsen oder noch ein wilder Teenager? Wir zeigen, wie es richtig geht und welche Phasen die Vierbeiner in ihrem Leben durchlaufen. Katzenalter dem Menschenalter zuordnen In den ersten zwei Jahren ihres Lebens entwickeln [&hellip;]<\/p>\n","protected":false},"author":1,"featured_media":16208,"parent":11691,"menu_order":40,"comment_status":"open","ping_status":"open","template":"templates\/blog.php","meta":{"_acf_changed":false,"_crdt_document":"","footnotes":"","beyondwords_generate_audio":"0","beyondwords_project_id":"","beyondwords_content_id":"","beyondwords_preview_token":"","beyondwords_player_style":"","beyondwords_language_id":"","beyondwords_title_voice_id":"","beyondwords_body_voice_id":"","beyondwords_summary_voice_id":"","beyondwords_error_message":"","beyondwords_disabled":"","beyondwords_delete_content":"","beyondwords_podcast_id":"","beyondwords_hash":"","publish_post_to_speechkit":"","speechkit_hash":"","speechkit_generate_audio":"","speechkit_project_id":"","speechkit_podcast_id":"","speechkit_error_message":"","speechkit_disabled":"","speechkit_access_key":"","speechkit_error":"","speechkit_info":"","speechkit_response":"","speechkit_retries":"","speechkit_status":"","speechkit_updated_at":"","_speechkit_link":"","_speechkit_text":""},"class_list":["post-10185","page","type-page","status-publish","has-post-thumbnail","hentry"],"acf":[],"yoast_head":"<!-- This site is optimized with the Yoast SEO Premium plugin  - https:\/\/yoast.com\/product\/yoast-seo-premium-wordpress\/ -->\n<title>Katzenjahre in Menschenjahre umrechnen | Uelzener Tier-Magazin<\/title>\n<meta name=\"description\" content=\"Wie alt w\u00e4re deine Katze in Menschenjahren? \u25b6 Erfahre hier, in welcher Lebensphase sich dein Stubentiger gerade befindet!\" \/>\n<meta name=\"robots\" content=\"index, follow, max-snippet:-1, max-image-preview:large, max-video-preview:-1\" \/>\n<link rel=\"canonical\" href=\"https:\/\/uelzener.de\/magazin\/katze\/haeufige-fragen\/katzenjahre-in-menschenjahre\/\" \/>\n<meta property=\"og:locale\" content=\"de_DE\" \/>\n<meta property=\"og:type\" content=\"article\" \/>\n<meta property=\"og:title\" content=\"Katzenjahre in Menschenjahre: Katzenalter bestimmen\" \/>\n<meta property=\"og:description\" content=\"Wie alt w\u00e4re deine Katze in Menschenjahren? \u25b6 Erfahre hier, in welcher Lebensphase sich dein Stubentiger gerade befindet!\" \/>\n<meta property=\"og:url\" content=\"https:\/\/uelzener.de\/magazin\/katze\/haeufige-fragen\/katzenjahre-in-menschenjahre\/\" \/>\n<meta property=\"og:site_name\" content=\"Uelzener Tier-Magazin\" \/>\n<meta property=\"article:publisher\" content=\"https:\/\/www.facebook.com\/Uelzener\" \/>\n<meta property=\"article:modified_time\" content=\"2026-01-06T17:07:03+00:00\" \/>\n<meta property=\"og:image\" content=\"https:\/\/uelzener.de\/magazin\/app\/uploads\/2023\/09\/katzenjahre-menschenjahre.jpg\" \/>\n\t<meta property=\"og:image:width\" content=\"1025\" \/>\n\t<meta property=\"og:image:height\" content=\"450\" \/>\n\t<meta property=\"og:image:type\" content=\"image\/jpeg\" \/>\n<meta name=\"twitter:card\" content=\"summary_large_image\" \/>\n<meta name=\"twitter:label1\" content=\"Gesch\u00e4tzte Lesezeit\" \/>\n\t<meta name=\"twitter:data1\" content=\"5\u00a0Minuten\" \/>\n<script type=\"application\/ld+json\" class=\"yoast-schema-graph\">{\"@context\":\"https:\/\/schema.org\",\"@graph\":[{\"@type\":\"WebPage\",\"@id\":\"https:\/\/uelzener.de\/magazin\/katze\/haeufige-fragen\/katzenjahre-in-menschenjahre\/\",\"url\":\"https:\/\/uelzener.de\/magazin\/katze\/haeufige-fragen\/katzenjahre-in-menschenjahre\/\",\"name\":\"Katzenjahre in Menschenjahre umrechnen | Uelzener Tier-Magazin\",\"isPartOf\":{\"@id\":\"https:\/\/uelzener.de\/magazin\/#website\"},\"primaryImageOfPage\":{\"@id\":\"https:\/\/uelzener.de\/magazin\/katze\/haeufige-fragen\/katzenjahre-in-menschenjahre\/#primaryimage\"},\"image\":{\"@id\":\"https:\/\/uelzener.de\/magazin\/katze\/haeufige-fragen\/katzenjahre-in-menschenjahre\/#primaryimage\"},\"thumbnailUrl\":\"https:\/\/uelzener.de\/magazin\/app\/uploads\/2023\/09\/katzenjahre-menschenjahre.jpg\",\"datePublished\":\"2023-09-01T08:05:00+00:00\",\"dateModified\":\"2026-01-06T17:07:03+00:00\",\"description\":\"Wie alt w\u00e4re deine Katze in Menschenjahren? \u25b6 Erfahre hier, in welcher Lebensphase sich dein Stubentiger gerade befindet!\",\"breadcrumb\":{\"@id\":\"https:\/\/uelzener.de\/magazin\/katze\/haeufige-fragen\/katzenjahre-in-menschenjahre\/#breadcrumb\"},\"inLanguage\":\"de\",\"potentialAction\":[{\"@type\":\"ReadAction\",\"target\":[\"https:\/\/uelzener.de\/magazin\/katze\/haeufige-fragen\/katzenjahre-in-menschenjahre\/\"]}]},{\"@type\":\"ImageObject\",\"inLanguage\":\"de\",\"@id\":\"https:\/\/uelzener.de\/magazin\/katze\/haeufige-fragen\/katzenjahre-in-menschenjahre\/#primaryimage\",\"url\":\"https:\/\/uelzener.de\/magazin\/app\/uploads\/2023\/09\/katzenjahre-menschenjahre.jpg\",\"contentUrl\":\"https:\/\/uelzener.de\/magazin\/app\/uploads\/2023\/09\/katzenjahre-menschenjahre.jpg\",\"width\":1025,\"height\":450,\"caption\":\"Katze schmust mit jungem Mann. Wie alt ist sie in Menschenjahren?\"},{\"@type\":\"WebSite\",\"@id\":\"https:\/\/uelzener.de\/magazin\/#website\",\"url\":\"https:\/\/uelzener.de\/magazin\/\",\"name\":\"Uelzener Tiermagazin\",\"description\":\"Online Tierratgeber der Uelzener Versicherungen\",\"publisher\":{\"@id\":\"https:\/\/uelzener.de\/magazin\/#organization\"},\"potentialAction\":[{\"@type\":\"SearchAction\",\"target\":{\"@type\":\"EntryPoint\",\"urlTemplate\":\"https:\/\/uelzener.de\/magazin\/?s={search_term_string}\"},\"query-input\":{\"@type\":\"PropertyValueSpecification\",\"valueRequired\":true,\"valueName\":\"search_term_string\"}}],\"inLanguage\":\"de\"},{\"@type\":\"Organization\",\"@id\":\"https:\/\/uelzener.de\/magazin\/#organization\",\"name\":\"Uelzener Versicherungen\",\"url\":\"https:\/\/uelzener.de\/magazin\/\",\"logo\":{\"@type\":\"ImageObject\",\"inLanguage\":\"de\",\"@id\":\"https:\/\/uelzener.de\/magazin\/#\/schema\/logo\/image\/\",\"url\":\"https:\/\/uelzener.de\/magazin\/app\/uploads\/2024\/11\/uelzener_allgemeine_versicherungsgesellschaft_a_g_logo.jpg\",\"contentUrl\":\"https:\/\/uelzener.de\/magazin\/app\/uploads\/2024\/11\/uelzener_allgemeine_versicherungsgesellschaft_a_g_logo.jpg\",\"width\":200,\"height\":200,\"caption\":\"Uelzener Versicherungen\"},\"image\":{\"@id\":\"https:\/\/uelzener.de\/magazin\/#\/schema\/logo\/image\/\"},\"sameAs\":[\"https:\/\/www.facebook.com\/Uelzener\",\"https:\/\/instagram.com\/uelzener\",\"https:\/\/www.xing.com\/pages\/uelzenerallgemeineversicherungs-gesellschafta-g\",\"https:\/\/www.youtube.com\/UelzenerVersicherungen\"]}]}<\/script>\n<!-- \/ Yoast SEO Premium plugin. -->","yoast_head_json":{"title":"Katzenjahre in Menschenjahre umrechnen | Uelzener Tier-Magazin","description":"Wie alt w\u00e4re deine Katze in Menschenjahren? \u25b6 Erfahre hier, in welcher Lebensphase sich dein Stubentiger gerade befindet!","robots":{"index":"index","follow":"follow","max-snippet":"max-snippet:-1","max-image-preview":"max-image-preview:large","max-video-preview":"max-video-preview:-1"},"canonical":"https:\/\/uelzener.de\/magazin\/katze\/haeufige-fragen\/katzenjahre-in-menschenjahre\/","og_locale":"de_DE","og_type":"article","og_title":"Katzenjahre in Menschenjahre: Katzenalter bestimmen","og_description":"Wie alt w\u00e4re deine Katze in Menschenjahren? \u25b6 Erfahre hier, in welcher Lebensphase sich dein Stubentiger gerade befindet!","og_url":"https:\/\/uelzener.de\/magazin\/katze\/haeufige-fragen\/katzenjahre-in-menschenjahre\/","og_site_name":"Uelzener Tier-Magazin","article_publisher":"https:\/\/www.facebook.com\/Uelzener","article_modified_time":"2026-01-06T17:07:03+00:00","og_image":[{"width":1025,"height":450,"url":"https:\/\/uelzener.de\/magazin\/app\/uploads\/2023\/09\/katzenjahre-menschenjahre.jpg","type":"image\/jpeg"}],"twitter_card":"summary_large_image","twitter_misc":{"Gesch\u00e4tzte Lesezeit":"5\u00a0Minuten"},"schema":{"@context":"https:\/\/schema.org","@graph":[{"@type":"WebPage","@id":"https:\/\/uelzener.de\/magazin\/katze\/haeufige-fragen\/katzenjahre-in-menschenjahre\/","url":"https:\/\/uelzener.de\/magazin\/katze\/haeufige-fragen\/katzenjahre-in-menschenjahre\/","name":"Katzenjahre in Menschenjahre umrechnen | Uelzener Tier-Magazin","isPartOf":{"@id":"https:\/\/uelzener.de\/magazin\/#website"},"primaryImageOfPage":{"@id":"https:\/\/uelzener.de\/magazin\/katze\/haeufige-fragen\/katzenjahre-in-menschenjahre\/#primaryimage"},"image":{"@id":"https:\/\/uelzener.de\/magazin\/katze\/haeufige-fragen\/katzenjahre-in-menschenjahre\/#primaryimage"},"thumbnailUrl":"https:\/\/uelzener.de\/magazin\/app\/uploads\/2023\/09\/katzenjahre-menschenjahre.jpg","datePublished":"2023-09-01T08:05:00+00:00","dateModified":"2026-01-06T17:07:03+00:00","description":"Wie alt w\u00e4re deine Katze in Menschenjahren? \u25b6 Erfahre hier, in welcher Lebensphase sich dein Stubentiger gerade befindet!","breadcrumb":{"@id":"https:\/\/uelzener.de\/magazin\/katze\/haeufige-fragen\/katzenjahre-in-menschenjahre\/#breadcrumb"},"inLanguage":"de","potentialAction":[{"@type":"ReadAction","target":["https:\/\/uelzener.de\/magazin\/katze\/haeufige-fragen\/katzenjahre-in-menschenjahre\/"]}]},{"@type":"ImageObject","inLanguage":"de","@id":"https:\/\/uelzener.de\/magazin\/katze\/haeufige-fragen\/katzenjahre-in-menschenjahre\/#primaryimage","url":"https:\/\/uelzener.de\/magazin\/app\/uploads\/2023\/09\/katzenjahre-menschenjahre.jpg","contentUrl":"https:\/\/uelzener.de\/magazin\/app\/uploads\/2023\/09\/katzenjahre-menschenjahre.jpg","width":1025,"height":450,"caption":"Katze schmust mit jungem Mann. Wie alt ist sie in Menschenjahren?"},{"@type":"WebSite","@id":"https:\/\/uelzener.de\/magazin\/#website","url":"https:\/\/uelzener.de\/magazin\/","name":"Uelzener Tiermagazin","description":"Online Tierratgeber der Uelzener Versicherungen","publisher":{"@id":"https:\/\/uelzener.de\/magazin\/#organization"},"potentialAction":[{"@type":"SearchAction","target":{"@type":"EntryPoint","urlTemplate":"https:\/\/uelzener.de\/magazin\/?s={search_term_string}"},"query-input":{"@type":"PropertyValueSpecification","valueRequired":true,"valueName":"search_term_string"}}],"inLanguage":"de"},{"@type":"Organization","@id":"https:\/\/uelzener.de\/magazin\/#organization","name":"Uelzener Versicherungen","url":"https:\/\/uelzener.de\/magazin\/","logo":{"@type":"ImageObject","inLanguage":"de","@id":"https:\/\/uelzener.de\/magazin\/#\/schema\/logo\/image\/","url":"https:\/\/uelzener.de\/magazin\/app\/uploads\/2024\/11\/uelzener_allgemeine_versicherungsgesellschaft_a_g_logo.jpg","contentUrl":"https:\/\/uelzener.de\/magazin\/app\/uploads\/2024\/11\/uelzener_allgemeine_versicherungsgesellschaft_a_g_logo.jpg","width":200,"height":200,"caption":"Uelzener Versicherungen"},"image":{"@id":"https:\/\/uelzener.de\/magazin\/#\/schema\/logo\/image\/"},"sameAs":["https:\/\/www.facebook.com\/Uelzener","https:\/\/instagram.com\/uelzener","https:\/\/www.xing.com\/pages\/uelzenerallgemeineversicherungs-gesellschafta-g","https:\/\/www.youtube.com\/UelzenerVersicherungen"]}]}},"_links":{"self":[{"href":"https:\/\/uelzener.de\/magazin\/wp-json\/wp\/v2\/pages\/10185","targetHints":{"allow":["GET"]}}],"collection":[{"href":"https:\/\/uelzener.de\/magazin\/wp-json\/wp\/v2\/pages"}],"about":[{"href":"https:\/\/uelzener.de\/magazin\/wp-json\/wp\/v2\/types\/page"}],"author":[{"embeddable":true,"href":"https:\/\/uelzener.de\/magazin\/wp-json\/wp\/v2\/users\/1"}],"replies":[{"embeddable":true,"href":"https:\/\/uelzener.de\/magazin\/wp-json\/wp\/v2\/comments?post=10185"}],"version-history":[{"count":21,"href":"https:\/\/uelzener.de\/magazin\/wp-json\/wp\/v2\/pages\/10185\/revisions"}],"predecessor-version":[{"id":19685,"href":"https:\/\/uelzener.de\/magazin\/wp-json\/wp\/v2\/pages\/10185\/revisions\/19685"}],"up":[{"embeddable":true,"href":"https:\/\/uelzener.de\/magazin\/wp-json\/wp\/v2\/pages\/11691"}],"wp:featuredmedia":[{"embeddable":true,"href":"https:\/\/uelzener.de\/magazin\/wp-json\/wp\/v2\/media\/16208"}],"wp:attachment":[{"href":"https:\/\/uelzener.de\/magazin\/wp-json\/wp\/v2\/media?parent=10185"}],"curies":[{"name":"wp","href":"https:\/\/api.w.org\/{rel}","templated":true}]}}