{"id":10184,"date":"2019-01-10T00:00:00","date_gmt":"2019-01-10T00:00:00","guid":{"rendered":""},"modified":"2023-09-18T13:05:41","modified_gmt":"2023-09-18T11:05:41","slug":"hauskatze","status":"publish","type":"page","link":"https:\/\/uelzener.de\/magazin\/katze\/rasseportrait\/hauskatze\/","title":{"rendered":"Die Hauskatze: Ein unkomplizierter Hausgenosse"},"content":{"rendered":"<p>Anh\u00e4nglich, verspielt oder temperamentvoll? Die Charaktereigenschaften einer Hauskatze k\u00f6nnen sehr vielf\u00e4ltig sein. Bei der Fellfarbe legen sich die unkomplizierten Mitbewohner ebenfalls nicht fest. In einem Steckbrief kl\u00e4ren wir auf, was die Hauskatze wirklich ausmacht.<\/p>\n<h2>Der Charakter<\/h2>\n<p>Hauskatzen sind vor allem eins: unabh\u00e4ngig. Eine klassische Charaktereigenschaft gibt es bei den rasselosen Hauskatzen hingegen nicht. Sanftm\u00fctig, wild oder verschmust: Sie sind ein \u00dcberraschungspaket. Das unterschiedliche Wesen zeichnet die Tiere jedoch aus. Jeder Katzenhalter kann sich sicher sein, das Wesen seines Lieblings gibt es kein zweites Mal.<\/p>\n<h2>Das Aussehen<\/h2>\n<p>Gro\u00df oder klein, schlank oder kr\u00e4ftig? Hauskatzen gibt es in allen m\u00f6glichen Farben und Formen. Nicht nur der Charakter, auch bei ihrem Erscheinungsbild sind die Samtpfoten einzigartig. Schwarz-wei\u00dfe oder wei\u00df-schwarz gemustertes Fell sowie braun-grau getigertes Fell kommt oft vor. Selbst bei einem Wurf haben Br\u00fcderchen und Schwesterchen l\u00e4ngst nicht die gleiche Farbgebung. Die kurzen Haare kommen jedoch bei fast allen Hauskatzen vor.<\/p>\n<h2>Die Haltung<\/h2>\n<p>So unterschiedlichen die Samtpfoten auch sind, die Katzen sind unkomplizierte Hausgenossen. Das kurze Fell ist pflegeleicht und ben\u00f6tigt keine Extrabehandlung. Gelegentliches B\u00fcrsten reicht vollkommen aus. Ausreichend Bewegung und Abwechslung ist f\u00fcr die vierbeinigen Gef\u00e4hrten wichtig. Regelm\u00e4\u00dfige Spieleinheiten geh\u00f6ren zum Pflichtprogramm. Hauskatzen sind keine Rassekatzen. Sie haben also keine bestimmten Merkmale oder Standards. Da Hauskatzen nicht speziell gez\u00fcchtet werden, haben sie meist keine Probleme mit Erbkrankheiten und sind robust. Allerdings sollten insbesondere Freig\u00e4nger gegen die g\u00e4ngigen Infektionskrankheiten geimpft und regelm\u00e4\u00dfig entwurmt werden.<\/p>\n<p>Die Uelzener Versicherung \u00fcbernimmt im Rahen der <a href=\"https:\/\/uelzener.de\/katze\/katzen-krankenversicherung\/\">Katzen-Krankenversicherung<\/a> 100 \u20ac pro Jahr f\u00fcr <a href=\"https:\/\/uelzener.de\/magazin\/katze\/tiergesundheit\/katzen-impfungen\/\">Impfungen<\/a>, Wurmkuren, Behandlungen von Ektoparasiten und Zahnsteinentfernung. So ist nicht nur Ihre Katze gesch\u00fctzt, sondern auch Sie vor hohen Rechnungen.<\/p>\n<h2>Die Herkunft<\/h2>\n<p>In \u00c4gypten wurden Katzen bereits 2000 Jahre v. Chr. domestiziert. Britische und US-amerikanische Forscher untersuchten das Erbgut von rund 1000 Haus- und Wildkatzen. Ihr Ergebnis: Hauskatzen stammen von der Falbkatze ab. Sie lebt auch heute noch \u00fcberwiegend in Nordafrika und im Nahen Osten. Bereits vor 4000 Jahren machte die Perfektion der M\u00e4usejagd die Tiere beliebt. Auf dem Seeweg eroberten die Katzen letztendlich die Welt. Dort fuhren die intelligenten Samtpfoten nicht als blinder Passagier mit, sondern sorgten f\u00fcr die Vertreibung von M\u00e4usen und Ratten.<\/p>\n","protected":false},"excerpt":{"rendered":"<p>Anh\u00e4nglich, verspielt oder temperamentvoll? Die Charaktereigenschaften einer Hauskatze k\u00f6nnen sehr vielf\u00e4ltig sein. Bei der Fellfarbe legen sich die unkomplizierten Mitbewohner ebenfalls nicht fest. In einem Steckbrief kl\u00e4ren wir auf, was die Hauskatze wirklich ausmacht. Der Charakter Hauskatzen sind vor allem eins: unabh\u00e4ngig. Eine klassische Charaktereigenschaft gibt es bei den rasselosen Hauskatzen hingegen nicht. Sanftm\u00fctig, wild [&hellip;]<\/p>\n","protected":false},"author":1,"featured_media":10773,"parent":2482,"menu_order":17,"comment_status":"open","ping_status":"open","template":"templates\/blog.php","meta":{"_acf_changed":false,"_crdt_document":"","footnotes":"","beyondwords_generate_audio":"","beyondwords_project_id":"","beyondwords_content_id":"","beyondwords_preview_token":"","beyondwords_player_style":"","beyondwords_language_id":"","beyondwords_title_voice_id":"","beyondwords_body_voice_id":"","beyondwords_summary_voice_id":"","beyondwords_error_message":"","beyondwords_disabled":"","beyondwords_delete_content":"","beyondwords_podcast_id":"","beyondwords_hash":"","publish_post_to_speechkit":"","speechkit_hash":"","speechkit_generate_audio":"","speechkit_project_id":"","speechkit_podcast_id":"","speechkit_error_message":"","speechkit_disabled":"","speechkit_access_key":"","speechkit_error":"","speechkit_info":"","speechkit_response":"","speechkit_retries":"","speechkit_status":"","speechkit_updated_at":"","_speechkit_link":"","_speechkit_text":""},"class_list":["post-10184","page","type-page","status-publish","has-post-thumbnail","hentry"],"acf":[],"yoast_head":"<!-- This site is optimized with the Yoast SEO Premium plugin  - https:\/\/yoast.com\/product\/yoast-seo-premium-wordpress\/ -->\n<title>Die Hauskatze: Ein unkomplizierter Hausgenosse | Uelzener<\/title>\n<meta name=\"description\" content=\"Anh\u00e4nglich, verspielt oder temperamentvoll? Die Charaktereigenschaften einer Hauskatze k\u00f6nnen sehr vielf\u00e4ltig sein. In einem Steckbrief kl\u00e4ren wir auf, was die Hauskatze wirklich ausmacht.\" \/>\n<meta name=\"robots\" content=\"index, follow, max-snippet:-1, max-image-preview:large, max-video-preview:-1\" \/>\n<link rel=\"canonical\" href=\"https:\/\/uelzener.de\/magazin\/katze\/rasseportrait\/hauskatze\/\" \/>\n<meta property=\"og:locale\" content=\"de_DE\" \/>\n<meta property=\"og:type\" content=\"article\" \/>\n<meta property=\"og:title\" content=\"Die Hauskatze: Ein unkomplizierter Hausgenosse\" \/>\n<meta property=\"og:description\" content=\"Anh\u00e4nglich, verspielt oder temperamentvoll? Die Charaktereigenschaften einer Hauskatze k\u00f6nnen sehr vielf\u00e4ltig sein. In einem Steckbrief kl\u00e4ren wir auf, was die Hauskatze wirklich ausmacht.\" \/>\n<meta property=\"og:url\" content=\"https:\/\/uelzener.de\/magazin\/katze\/rasseportrait\/hauskatze\/\" \/>\n<meta property=\"og:site_name\" content=\"Uelzener Tier-Magazin\" \/>\n<meta property=\"article:publisher\" content=\"https:\/\/www.facebook.com\/Uelzener\" \/>\n<meta property=\"article:modified_time\" content=\"2023-09-18T11:05:41+00:00\" \/>\n<meta property=\"og:image\" content=\"https:\/\/uelzener.de\/magazin\/app\/uploads\/2019\/01\/0753f846-bdd8-4774-a112-ca18cd818253.jpg\" \/>\n\t<meta property=\"og:image:width\" content=\"650\" \/>\n\t<meta property=\"og:image:height\" content=\"433\" \/>\n\t<meta property=\"og:image:type\" content=\"image\/jpeg\" \/>\n<meta name=\"twitter:card\" content=\"summary_large_image\" \/>\n<meta name=\"twitter:label1\" content=\"Gesch\u00e4tzte Lesezeit\" \/>\n\t<meta name=\"twitter:data1\" content=\"2\u00a0Minuten\" \/>\n<script type=\"application\/ld+json\" class=\"yoast-schema-graph\">{\"@context\":\"https:\/\/schema.org\",\"@graph\":[{\"@type\":\"WebPage\",\"@id\":\"https:\/\/uelzener.de\/magazin\/katze\/rasseportrait\/hauskatze\/\",\"url\":\"https:\/\/uelzener.de\/magazin\/katze\/rasseportrait\/hauskatze\/\",\"name\":\"Die Hauskatze: Ein unkomplizierter Hausgenosse | Uelzener\",\"isPartOf\":{\"@id\":\"https:\/\/uelzener.de\/magazin\/#website\"},\"primaryImageOfPage\":{\"@id\":\"https:\/\/uelzener.de\/magazin\/katze\/rasseportrait\/hauskatze\/#primaryimage\"},\"image\":{\"@id\":\"https:\/\/uelzener.de\/magazin\/katze\/rasseportrait\/hauskatze\/#primaryimage\"},\"thumbnailUrl\":\"https:\/\/uelzener.de\/magazin\/app\/uploads\/2019\/01\/0753f846-bdd8-4774-a112-ca18cd818253.jpg\",\"datePublished\":\"2019-01-10T00:00:00+00:00\",\"dateModified\":\"2023-09-18T11:05:41+00:00\",\"description\":\"Anh\u00e4nglich, verspielt oder temperamentvoll? Die Charaktereigenschaften einer Hauskatze k\u00f6nnen sehr vielf\u00e4ltig sein. In einem Steckbrief kl\u00e4ren wir auf, was die Hauskatze wirklich ausmacht.\",\"breadcrumb\":{\"@id\":\"https:\/\/uelzener.de\/magazin\/katze\/rasseportrait\/hauskatze\/#breadcrumb\"},\"inLanguage\":\"de\",\"potentialAction\":[{\"@type\":\"ReadAction\",\"target\":[\"https:\/\/uelzener.de\/magazin\/katze\/rasseportrait\/hauskatze\/\"]}]},{\"@type\":\"ImageObject\",\"inLanguage\":\"de\",\"@id\":\"https:\/\/uelzener.de\/magazin\/katze\/rasseportrait\/hauskatze\/#primaryimage\",\"url\":\"https:\/\/uelzener.de\/magazin\/app\/uploads\/2019\/01\/0753f846-bdd8-4774-a112-ca18cd818253.jpg\",\"contentUrl\":\"https:\/\/uelzener.de\/magazin\/app\/uploads\/2019\/01\/0753f846-bdd8-4774-a112-ca18cd818253.jpg\",\"width\":650,\"height\":433,\"caption\":\"Eine graue Hauskatze liegt entspannt auf einer Decke.\"},{\"@type\":\"WebSite\",\"@id\":\"https:\/\/uelzener.de\/magazin\/#website\",\"url\":\"https:\/\/uelzener.de\/magazin\/\",\"name\":\"Uelzener Tiermagazin\",\"description\":\"Online Tierratgeber der Uelzener Versicherungen\",\"publisher\":{\"@id\":\"https:\/\/uelzener.de\/magazin\/#organization\"},\"potentialAction\":[{\"@type\":\"SearchAction\",\"target\":{\"@type\":\"EntryPoint\",\"urlTemplate\":\"https:\/\/uelzener.de\/magazin\/?s={search_term_string}\"},\"query-input\":{\"@type\":\"PropertyValueSpecification\",\"valueRequired\":true,\"valueName\":\"search_term_string\"}}],\"inLanguage\":\"de\"},{\"@type\":\"Organization\",\"@id\":\"https:\/\/uelzener.de\/magazin\/#organization\",\"name\":\"Uelzener Versicherungen\",\"url\":\"https:\/\/uelzener.de\/magazin\/\",\"logo\":{\"@type\":\"ImageObject\",\"inLanguage\":\"de\",\"@id\":\"https:\/\/uelzener.de\/magazin\/#\/schema\/logo\/image\/\",\"url\":\"https:\/\/uelzener.de\/magazin\/app\/uploads\/2024\/11\/uelzener_allgemeine_versicherungsgesellschaft_a_g_logo.jpg\",\"contentUrl\":\"https:\/\/uelzener.de\/magazin\/app\/uploads\/2024\/11\/uelzener_allgemeine_versicherungsgesellschaft_a_g_logo.jpg\",\"width\":200,\"height\":200,\"caption\":\"Uelzener Versicherungen\"},\"image\":{\"@id\":\"https:\/\/uelzener.de\/magazin\/#\/schema\/logo\/image\/\"},\"sameAs\":[\"https:\/\/www.facebook.com\/Uelzener\",\"https:\/\/instagram.com\/uelzener\",\"https:\/\/www.xing.com\/pages\/uelzenerallgemeineversicherungs-gesellschafta-g\",\"https:\/\/www.youtube.com\/UelzenerVersicherungen\"]}]}<\/script>\n<!-- \/ Yoast SEO Premium plugin. -->","yoast_head_json":{"title":"Die Hauskatze: Ein unkomplizierter Hausgenosse | Uelzener","description":"Anh\u00e4nglich, verspielt oder temperamentvoll? Die Charaktereigenschaften einer Hauskatze k\u00f6nnen sehr vielf\u00e4ltig sein. In einem Steckbrief kl\u00e4ren wir auf, was die Hauskatze wirklich ausmacht.","robots":{"index":"index","follow":"follow","max-snippet":"max-snippet:-1","max-image-preview":"max-image-preview:large","max-video-preview":"max-video-preview:-1"},"canonical":"https:\/\/uelzener.de\/magazin\/katze\/rasseportrait\/hauskatze\/","og_locale":"de_DE","og_type":"article","og_title":"Die Hauskatze: Ein unkomplizierter Hausgenosse","og_description":"Anh\u00e4nglich, verspielt oder temperamentvoll? Die Charaktereigenschaften einer Hauskatze k\u00f6nnen sehr vielf\u00e4ltig sein. In einem Steckbrief kl\u00e4ren wir auf, was die Hauskatze wirklich ausmacht.","og_url":"https:\/\/uelzener.de\/magazin\/katze\/rasseportrait\/hauskatze\/","og_site_name":"Uelzener Tier-Magazin","article_publisher":"https:\/\/www.facebook.com\/Uelzener","article_modified_time":"2023-09-18T11:05:41+00:00","og_image":[{"width":650,"height":433,"url":"https:\/\/uelzener.de\/magazin\/app\/uploads\/2019\/01\/0753f846-bdd8-4774-a112-ca18cd818253.jpg","type":"image\/jpeg"}],"twitter_card":"summary_large_image","twitter_misc":{"Gesch\u00e4tzte Lesezeit":"2\u00a0Minuten"},"schema":{"@context":"https:\/\/schema.org","@graph":[{"@type":"WebPage","@id":"https:\/\/uelzener.de\/magazin\/katze\/rasseportrait\/hauskatze\/","url":"https:\/\/uelzener.de\/magazin\/katze\/rasseportrait\/hauskatze\/","name":"Die Hauskatze: Ein unkomplizierter Hausgenosse | Uelzener","isPartOf":{"@id":"https:\/\/uelzener.de\/magazin\/#website"},"primaryImageOfPage":{"@id":"https:\/\/uelzener.de\/magazin\/katze\/rasseportrait\/hauskatze\/#primaryimage"},"image":{"@id":"https:\/\/uelzener.de\/magazin\/katze\/rasseportrait\/hauskatze\/#primaryimage"},"thumbnailUrl":"https:\/\/uelzener.de\/magazin\/app\/uploads\/2019\/01\/0753f846-bdd8-4774-a112-ca18cd818253.jpg","datePublished":"2019-01-10T00:00:00+00:00","dateModified":"2023-09-18T11:05:41+00:00","description":"Anh\u00e4nglich, verspielt oder temperamentvoll? Die Charaktereigenschaften einer Hauskatze k\u00f6nnen sehr vielf\u00e4ltig sein. In einem Steckbrief kl\u00e4ren wir auf, was die Hauskatze wirklich ausmacht.","breadcrumb":{"@id":"https:\/\/uelzener.de\/magazin\/katze\/rasseportrait\/hauskatze\/#breadcrumb"},"inLanguage":"de","potentialAction":[{"@type":"ReadAction","target":["https:\/\/uelzener.de\/magazin\/katze\/rasseportrait\/hauskatze\/"]}]},{"@type":"ImageObject","inLanguage":"de","@id":"https:\/\/uelzener.de\/magazin\/katze\/rasseportrait\/hauskatze\/#primaryimage","url":"https:\/\/uelzener.de\/magazin\/app\/uploads\/2019\/01\/0753f846-bdd8-4774-a112-ca18cd818253.jpg","contentUrl":"https:\/\/uelzener.de\/magazin\/app\/uploads\/2019\/01\/0753f846-bdd8-4774-a112-ca18cd818253.jpg","width":650,"height":433,"caption":"Eine graue Hauskatze liegt entspannt auf einer Decke."},{"@type":"WebSite","@id":"https:\/\/uelzener.de\/magazin\/#website","url":"https:\/\/uelzener.de\/magazin\/","name":"Uelzener Tiermagazin","description":"Online Tierratgeber der Uelzener Versicherungen","publisher":{"@id":"https:\/\/uelzener.de\/magazin\/#organization"},"potentialAction":[{"@type":"SearchAction","target":{"@type":"EntryPoint","urlTemplate":"https:\/\/uelzener.de\/magazin\/?s={search_term_string}"},"query-input":{"@type":"PropertyValueSpecification","valueRequired":true,"valueName":"search_term_string"}}],"inLanguage":"de"},{"@type":"Organization","@id":"https:\/\/uelzener.de\/magazin\/#organization","name":"Uelzener Versicherungen","url":"https:\/\/uelzener.de\/magazin\/","logo":{"@type":"ImageObject","inLanguage":"de","@id":"https:\/\/uelzener.de\/magazin\/#\/schema\/logo\/image\/","url":"https:\/\/uelzener.de\/magazin\/app\/uploads\/2024\/11\/uelzener_allgemeine_versicherungsgesellschaft_a_g_logo.jpg","contentUrl":"https:\/\/uelzener.de\/magazin\/app\/uploads\/2024\/11\/uelzener_allgemeine_versicherungsgesellschaft_a_g_logo.jpg","width":200,"height":200,"caption":"Uelzener Versicherungen"},"image":{"@id":"https:\/\/uelzener.de\/magazin\/#\/schema\/logo\/image\/"},"sameAs":["https:\/\/www.facebook.com\/Uelzener","https:\/\/instagram.com\/uelzener","https:\/\/www.xing.com\/pages\/uelzenerallgemeineversicherungs-gesellschafta-g","https:\/\/www.youtube.com\/UelzenerVersicherungen"]}]}},"_links":{"self":[{"href":"https:\/\/uelzener.de\/magazin\/wp-json\/wp\/v2\/pages\/10184","targetHints":{"allow":["GET"]}}],"collection":[{"href":"https:\/\/uelzener.de\/magazin\/wp-json\/wp\/v2\/pages"}],"about":[{"href":"https:\/\/uelzener.de\/magazin\/wp-json\/wp\/v2\/types\/page"}],"author":[{"embeddable":true,"href":"https:\/\/uelzener.de\/magazin\/wp-json\/wp\/v2\/users\/1"}],"replies":[{"embeddable":true,"href":"https:\/\/uelzener.de\/magazin\/wp-json\/wp\/v2\/comments?post=10184"}],"version-history":[{"count":6,"href":"https:\/\/uelzener.de\/magazin\/wp-json\/wp\/v2\/pages\/10184\/revisions"}],"predecessor-version":[{"id":16558,"href":"https:\/\/uelzener.de\/magazin\/wp-json\/wp\/v2\/pages\/10184\/revisions\/16558"}],"up":[{"embeddable":true,"href":"https:\/\/uelzener.de\/magazin\/wp-json\/wp\/v2\/pages\/2482"}],"wp:featuredmedia":[{"embeddable":true,"href":"https:\/\/uelzener.de\/magazin\/wp-json\/wp\/v2\/media\/10773"}],"wp:attachment":[{"href":"https:\/\/uelzener.de\/magazin\/wp-json\/wp\/v2\/media?parent=10184"}],"curies":[{"name":"wp","href":"https:\/\/api.w.org\/{rel}","templated":true}]}}