{"id":10183,"date":"2019-01-10T00:00:00","date_gmt":"2019-01-10T00:00:00","guid":{"rendered":""},"modified":"2023-03-20T15:58:52","modified_gmt":"2023-03-20T14:58:52","slug":"katzen-beschaeftigen","status":"publish","type":"page","link":"https:\/\/uelzener.de\/magazin\/katze\/erziehung-und-training\/katzen-beschaeftigen\/","title":{"rendered":"Katzen besch\u00e4ftigen und Langeweile vertreiben"},"content":{"rendered":"<p>Bei Frost oder N\u00e4sse verbringen viele Katzen ihre Zeit vermehrt drinnen im Warmen. F\u00fcr Freig\u00e4nger wie Hauskatzen kann es im gem\u00fctlichen Zuhause aber schnell eint\u00f6nig werden. Mit unseren Tipps bringst Du Dein Tier gesund und aktiv durch die kalte Jahreszeit!<\/p>\n<p>Das ungem\u00fctliche Wetter im Winter f\u00fchrt dazu, dass die meisten Katzen auf ausgiebige Ausfl\u00fcge ins Freie verzichten. Gerade f\u00fcr Freig\u00e4nger, aber auch f\u00fcr Hauskatzen ist in dieser Zeit eine vielf\u00e4ltige Umgebung besonders wichtig. Nur so bleiben sie auch in der Winterzeit ausgeglichen und zufrieden.<\/p>\n<h2>Hoch hinaus<\/h2>\n<p>Die Katze sollte in den eigenen vier W\u00e4nden gen\u00fcgend Platz f\u00fcr Kletterpartien haben und mindestens einen gr\u00f6\u00dferen Kratzbaum benutzen k\u00f6nnen. Um f\u00fcr mehr Abwechslung zu sorgen, kannst Du den Kratzbaum regelm\u00e4\u00dfig neu gestalten und beispielsweise kleine Spielzeuge anbringen oder Laufplanken zu einem benachbarten Schrank bauen. Behalte bei allen Ma\u00dfnahmen aber stets die Sicherheit Deiner Katze im Blick. Enge Zwischenr\u00e4ume, ungesicherte Elektroger\u00e4te oder giftige Pflanzen sollten ausreichend gesichert und f\u00fcr Deine Samtpfote nicht erreichbar sein. Ein frei zug\u00e4nglicher Balkon f\u00fcr kleine Ausfl\u00fcge an die frische Luft ist mit einem Katzennetz zu sichern.<\/p>\n<h2>Immer am Ball bleiben<\/h2>\n<p>Mindestens einmal t\u00e4glich solltest Du intensiv mit Deiner Katze spielen und sie in Bewegung bringen. Ideal eignen sich Angeln oder kleine B\u00e4lle dazu, den Jagdtrieb Deines Stubentigers zu wecken. Probiere immer wieder neue Spielzeuge aus um zu schauen, welche Deiner Katze am besten gefallen. Achte aber stets darauf, dass alle Spielzeuge sicher sind und sich Deine Samtpfote nicht zum Beispiel an spitzen Metallteilen verletzen oder l\u00e4ngere F\u00e4den verschlucken kann.<\/p>\n<p>Wer mag, kann selbst Spielzeuge basteln und so kosteng\u00fcnstig f\u00fcr Nachschub und neue Aktivit\u00e4ten sorgen. Aus einem leeren Eierkarton \u2013 bef\u00fcllt mit einzelnen Leckerlis, versteckt unter Tischtennisb\u00e4llen \u2013 wird etwa ganz schnell ein tolles Intelligenzspiel f\u00fcr neugierige Vierbeiner. Durch regelm\u00e4\u00dfiges <a href=\"https:\/\/uelzener.de\/magazin\/katze\/erziehung-und-training\/clickertraining-katzen-apportieren-beibringen\/\">Clickertraining<\/a> kannst Du zudem kleine Tricks mit ihrer Katze einstudieren und neue Reize setzen. Es gilt: Bleibe am Ball und besch\u00e4ftige Dich t\u00e4glich mit Deiner Katze \u2013 sie wird es Dir mit Gesundheit und Anh\u00e4nglichkeit danken.<\/p>\n<h2>Zusammen ist man weniger allein<\/h2>\n<p>Der Kontakt mit Artgenossen ist f\u00fcr ein artgerechtes Katzenleben sehr wichtig. Sowohl Freig\u00e4nger, die bei ihren Streifz\u00fcgen durch die Nachbarschaft regelm\u00e4\u00dfige Treffen mit anderen Katzen gewohnt sind, als auch Hauskatzen freuen sich in der kalten Jahreszeit \u00fcber tierische Gesellschaft. Gerade wenn Deine Katze t\u00e4glich viele Stunden allein zu Hause bleibt, ist die Haltung von mehr als einer Katze sinnvoll. So k\u00f6nnen sich die Tiere den Tag \u00fcber gemeinsam und miteinander besch\u00e4ftigen.<\/p>\n<p>Bei der Anschaffung einer neuen Katze solltest Du den individuellen Charakter und das Alter Deines vorhandenen Haustieres beachten und einen passenden Artgenossen ausw\u00e4hlen. <a href=\"https:\/\/uelzener.de\/magazin\/katze\/erziehung-und-training\/katzen-beschaeftigen\/\"><strong>\u00c4ltere Katzen<\/strong><\/a> k\u00f6nnen von einer jungen, spielfreudigen Katze schnell genervt sein. Generell gilt: Je mehr Kontakt Deine Samtpfote in den ersten Lebenswochen zu Artgenossen hatte, desto einfacher ist sp\u00e4ter die Integration einer weiteren Katze.<\/p>\n","protected":false},"excerpt":{"rendered":"<p>Bei Frost oder N\u00e4sse verbringen viele Katzen ihre Zeit vermehrt drinnen im Warmen. F\u00fcr Freig\u00e4nger wie Hauskatzen kann es im gem\u00fctlichen Zuhause aber schnell eint\u00f6nig werden. Mit unseren Tipps bringst Du Dein Tier gesund und aktiv durch die kalte Jahreszeit! Das ungem\u00fctliche Wetter im Winter f\u00fchrt dazu, dass die meisten Katzen auf ausgiebige Ausfl\u00fcge ins [&hellip;]<\/p>\n","protected":false},"author":1,"featured_media":10772,"parent":11695,"menu_order":7,"comment_status":"open","ping_status":"open","template":"templates\/blog.php","meta":{"_acf_changed":false,"_crdt_document":"","footnotes":"","beyondwords_generate_audio":"","beyondwords_project_id":"","beyondwords_content_id":"","beyondwords_preview_token":"","beyondwords_player_style":"","beyondwords_language_id":"","beyondwords_title_voice_id":"","beyondwords_body_voice_id":"","beyondwords_summary_voice_id":"","beyondwords_error_message":"","beyondwords_disabled":"","beyondwords_delete_content":"","beyondwords_podcast_id":"","beyondwords_hash":"","publish_post_to_speechkit":"","speechkit_hash":"","speechkit_generate_audio":"","speechkit_project_id":"","speechkit_podcast_id":"","speechkit_error_message":"","speechkit_disabled":"","speechkit_access_key":"","speechkit_error":"","speechkit_info":"","speechkit_response":"","speechkit_retries":"","speechkit_status":"","speechkit_updated_at":"","_speechkit_link":"","_speechkit_text":""},"class_list":["post-10183","page","type-page","status-publish","has-post-thumbnail","hentry"],"acf":[],"yoast_head":"<!-- This site is optimized with the Yoast SEO Premium plugin  - https:\/\/yoast.com\/product\/yoast-seo-premium-wordpress\/ -->\n<title>Katzen besch\u00e4ftigen \u2013 Ideen &amp; Tipps gegen Langeweile | Uelzener<\/title>\n<meta name=\"description\" content=\"So kannst Du Deine Katze \u2713 drinnen sinnvoll besch\u00e4ftigen und \u2713 Langeweile vertreiben \u25b6 Entdecke hier unsere Tipps &amp; Ideen!\" \/>\n<meta name=\"robots\" content=\"index, follow, max-snippet:-1, max-image-preview:large, max-video-preview:-1\" \/>\n<link rel=\"canonical\" href=\"https:\/\/uelzener.de\/magazin\/katze\/erziehung-und-training\/katzen-beschaeftigen\/\" \/>\n<meta property=\"og:locale\" content=\"de_DE\" \/>\n<meta property=\"og:type\" content=\"article\" \/>\n<meta property=\"og:title\" content=\"Katzen besch\u00e4ftigen und Langeweile vertreiben\" \/>\n<meta property=\"og:description\" content=\"So kannst Du Deine Katze \u2713 drinnen sinnvoll besch\u00e4ftigen und \u2713 Langeweile vertreiben \u25b6 Entdecke hier unsere Tipps &amp; Ideen!\" \/>\n<meta property=\"og:url\" content=\"https:\/\/uelzener.de\/magazin\/katze\/erziehung-und-training\/katzen-beschaeftigen\/\" \/>\n<meta property=\"og:site_name\" content=\"Uelzener Tier-Magazin\" \/>\n<meta property=\"article:publisher\" content=\"https:\/\/www.facebook.com\/Uelzener\" \/>\n<meta property=\"article:modified_time\" content=\"2023-03-20T14:58:52+00:00\" \/>\n<meta property=\"og:image\" content=\"https:\/\/uelzener.de\/magazin\/app\/uploads\/2019\/01\/3256af2d-f9e1-4813-9d6c-169823388474.png\" \/>\n\t<meta property=\"og:image:width\" content=\"650\" \/>\n\t<meta property=\"og:image:height\" content=\"433\" \/>\n\t<meta property=\"og:image:type\" content=\"image\/png\" \/>\n<meta name=\"twitter:card\" content=\"summary_large_image\" \/>\n<meta name=\"twitter:label1\" content=\"Gesch\u00e4tzte Lesezeit\" \/>\n\t<meta name=\"twitter:data1\" content=\"2\u00a0Minuten\" \/>\n<script type=\"application\/ld+json\" class=\"yoast-schema-graph\">{\"@context\":\"https:\/\/schema.org\",\"@graph\":[{\"@type\":\"WebPage\",\"@id\":\"https:\/\/uelzener.de\/magazin\/katze\/erziehung-und-training\/katzen-beschaeftigen\/\",\"url\":\"https:\/\/uelzener.de\/magazin\/katze\/erziehung-und-training\/katzen-beschaeftigen\/\",\"name\":\"Katzen besch\u00e4ftigen \u2013 Ideen & Tipps gegen Langeweile | Uelzener\",\"isPartOf\":{\"@id\":\"https:\/\/uelzener.de\/magazin\/#website\"},\"primaryImageOfPage\":{\"@id\":\"https:\/\/uelzener.de\/magazin\/katze\/erziehung-und-training\/katzen-beschaeftigen\/#primaryimage\"},\"image\":{\"@id\":\"https:\/\/uelzener.de\/magazin\/katze\/erziehung-und-training\/katzen-beschaeftigen\/#primaryimage\"},\"thumbnailUrl\":\"https:\/\/uelzener.de\/magazin\/app\/uploads\/2019\/01\/3256af2d-f9e1-4813-9d6c-169823388474.png\",\"datePublished\":\"2019-01-10T00:00:00+00:00\",\"dateModified\":\"2023-03-20T14:58:52+00:00\",\"description\":\"So kannst Du Deine Katze \u2713 drinnen sinnvoll besch\u00e4ftigen und \u2713 Langeweile vertreiben \u25b6 Entdecke hier unsere Tipps & Ideen!\",\"breadcrumb\":{\"@id\":\"https:\/\/uelzener.de\/magazin\/katze\/erziehung-und-training\/katzen-beschaeftigen\/#breadcrumb\"},\"inLanguage\":\"de\",\"potentialAction\":[{\"@type\":\"ReadAction\",\"target\":[\"https:\/\/uelzener.de\/magazin\/katze\/erziehung-und-training\/katzen-beschaeftigen\/\"]}]},{\"@type\":\"ImageObject\",\"inLanguage\":\"de\",\"@id\":\"https:\/\/uelzener.de\/magazin\/katze\/erziehung-und-training\/katzen-beschaeftigen\/#primaryimage\",\"url\":\"https:\/\/uelzener.de\/magazin\/app\/uploads\/2019\/01\/3256af2d-f9e1-4813-9d6c-169823388474.png\",\"contentUrl\":\"https:\/\/uelzener.de\/magazin\/app\/uploads\/2019\/01\/3256af2d-f9e1-4813-9d6c-169823388474.png\",\"width\":650,\"height\":433,\"caption\":\"Eine Katze schaut fasziniert auf das Spielzeug in der Hand des Menschen.\"},{\"@type\":\"WebSite\",\"@id\":\"https:\/\/uelzener.de\/magazin\/#website\",\"url\":\"https:\/\/uelzener.de\/magazin\/\",\"name\":\"Uelzener Tiermagazin\",\"description\":\"Online Tierratgeber der Uelzener Versicherungen\",\"publisher\":{\"@id\":\"https:\/\/uelzener.de\/magazin\/#organization\"},\"potentialAction\":[{\"@type\":\"SearchAction\",\"target\":{\"@type\":\"EntryPoint\",\"urlTemplate\":\"https:\/\/uelzener.de\/magazin\/?s={search_term_string}\"},\"query-input\":{\"@type\":\"PropertyValueSpecification\",\"valueRequired\":true,\"valueName\":\"search_term_string\"}}],\"inLanguage\":\"de\"},{\"@type\":\"Organization\",\"@id\":\"https:\/\/uelzener.de\/magazin\/#organization\",\"name\":\"Uelzener Versicherungen\",\"url\":\"https:\/\/uelzener.de\/magazin\/\",\"logo\":{\"@type\":\"ImageObject\",\"inLanguage\":\"de\",\"@id\":\"https:\/\/uelzener.de\/magazin\/#\/schema\/logo\/image\/\",\"url\":\"https:\/\/uelzener.de\/magazin\/app\/uploads\/2024\/11\/uelzener_allgemeine_versicherungsgesellschaft_a_g_logo.jpg\",\"contentUrl\":\"https:\/\/uelzener.de\/magazin\/app\/uploads\/2024\/11\/uelzener_allgemeine_versicherungsgesellschaft_a_g_logo.jpg\",\"width\":200,\"height\":200,\"caption\":\"Uelzener Versicherungen\"},\"image\":{\"@id\":\"https:\/\/uelzener.de\/magazin\/#\/schema\/logo\/image\/\"},\"sameAs\":[\"https:\/\/www.facebook.com\/Uelzener\",\"https:\/\/instagram.com\/uelzener\",\"https:\/\/www.xing.com\/pages\/uelzenerallgemeineversicherungs-gesellschafta-g\",\"https:\/\/www.youtube.com\/UelzenerVersicherungen\"]}]}<\/script>\n<!-- \/ Yoast SEO Premium plugin. -->","yoast_head_json":{"title":"Katzen besch\u00e4ftigen \u2013 Ideen & Tipps gegen Langeweile | Uelzener","description":"So kannst Du Deine Katze \u2713 drinnen sinnvoll besch\u00e4ftigen und \u2713 Langeweile vertreiben \u25b6 Entdecke hier unsere Tipps & Ideen!","robots":{"index":"index","follow":"follow","max-snippet":"max-snippet:-1","max-image-preview":"max-image-preview:large","max-video-preview":"max-video-preview:-1"},"canonical":"https:\/\/uelzener.de\/magazin\/katze\/erziehung-und-training\/katzen-beschaeftigen\/","og_locale":"de_DE","og_type":"article","og_title":"Katzen besch\u00e4ftigen und Langeweile vertreiben","og_description":"So kannst Du Deine Katze \u2713 drinnen sinnvoll besch\u00e4ftigen und \u2713 Langeweile vertreiben \u25b6 Entdecke hier unsere Tipps & Ideen!","og_url":"https:\/\/uelzener.de\/magazin\/katze\/erziehung-und-training\/katzen-beschaeftigen\/","og_site_name":"Uelzener Tier-Magazin","article_publisher":"https:\/\/www.facebook.com\/Uelzener","article_modified_time":"2023-03-20T14:58:52+00:00","og_image":[{"width":650,"height":433,"url":"https:\/\/uelzener.de\/magazin\/app\/uploads\/2019\/01\/3256af2d-f9e1-4813-9d6c-169823388474.png","type":"image\/png"}],"twitter_card":"summary_large_image","twitter_misc":{"Gesch\u00e4tzte Lesezeit":"2\u00a0Minuten"},"schema":{"@context":"https:\/\/schema.org","@graph":[{"@type":"WebPage","@id":"https:\/\/uelzener.de\/magazin\/katze\/erziehung-und-training\/katzen-beschaeftigen\/","url":"https:\/\/uelzener.de\/magazin\/katze\/erziehung-und-training\/katzen-beschaeftigen\/","name":"Katzen besch\u00e4ftigen \u2013 Ideen & Tipps gegen Langeweile | Uelzener","isPartOf":{"@id":"https:\/\/uelzener.de\/magazin\/#website"},"primaryImageOfPage":{"@id":"https:\/\/uelzener.de\/magazin\/katze\/erziehung-und-training\/katzen-beschaeftigen\/#primaryimage"},"image":{"@id":"https:\/\/uelzener.de\/magazin\/katze\/erziehung-und-training\/katzen-beschaeftigen\/#primaryimage"},"thumbnailUrl":"https:\/\/uelzener.de\/magazin\/app\/uploads\/2019\/01\/3256af2d-f9e1-4813-9d6c-169823388474.png","datePublished":"2019-01-10T00:00:00+00:00","dateModified":"2023-03-20T14:58:52+00:00","description":"So kannst Du Deine Katze \u2713 drinnen sinnvoll besch\u00e4ftigen und \u2713 Langeweile vertreiben \u25b6 Entdecke hier unsere Tipps & Ideen!","breadcrumb":{"@id":"https:\/\/uelzener.de\/magazin\/katze\/erziehung-und-training\/katzen-beschaeftigen\/#breadcrumb"},"inLanguage":"de","potentialAction":[{"@type":"ReadAction","target":["https:\/\/uelzener.de\/magazin\/katze\/erziehung-und-training\/katzen-beschaeftigen\/"]}]},{"@type":"ImageObject","inLanguage":"de","@id":"https:\/\/uelzener.de\/magazin\/katze\/erziehung-und-training\/katzen-beschaeftigen\/#primaryimage","url":"https:\/\/uelzener.de\/magazin\/app\/uploads\/2019\/01\/3256af2d-f9e1-4813-9d6c-169823388474.png","contentUrl":"https:\/\/uelzener.de\/magazin\/app\/uploads\/2019\/01\/3256af2d-f9e1-4813-9d6c-169823388474.png","width":650,"height":433,"caption":"Eine Katze schaut fasziniert auf das Spielzeug in der Hand des Menschen."},{"@type":"WebSite","@id":"https:\/\/uelzener.de\/magazin\/#website","url":"https:\/\/uelzener.de\/magazin\/","name":"Uelzener Tiermagazin","description":"Online Tierratgeber der Uelzener Versicherungen","publisher":{"@id":"https:\/\/uelzener.de\/magazin\/#organization"},"potentialAction":[{"@type":"SearchAction","target":{"@type":"EntryPoint","urlTemplate":"https:\/\/uelzener.de\/magazin\/?s={search_term_string}"},"query-input":{"@type":"PropertyValueSpecification","valueRequired":true,"valueName":"search_term_string"}}],"inLanguage":"de"},{"@type":"Organization","@id":"https:\/\/uelzener.de\/magazin\/#organization","name":"Uelzener Versicherungen","url":"https:\/\/uelzener.de\/magazin\/","logo":{"@type":"ImageObject","inLanguage":"de","@id":"https:\/\/uelzener.de\/magazin\/#\/schema\/logo\/image\/","url":"https:\/\/uelzener.de\/magazin\/app\/uploads\/2024\/11\/uelzener_allgemeine_versicherungsgesellschaft_a_g_logo.jpg","contentUrl":"https:\/\/uelzener.de\/magazin\/app\/uploads\/2024\/11\/uelzener_allgemeine_versicherungsgesellschaft_a_g_logo.jpg","width":200,"height":200,"caption":"Uelzener Versicherungen"},"image":{"@id":"https:\/\/uelzener.de\/magazin\/#\/schema\/logo\/image\/"},"sameAs":["https:\/\/www.facebook.com\/Uelzener","https:\/\/instagram.com\/uelzener","https:\/\/www.xing.com\/pages\/uelzenerallgemeineversicherungs-gesellschafta-g","https:\/\/www.youtube.com\/UelzenerVersicherungen"]}]}},"_links":{"self":[{"href":"https:\/\/uelzener.de\/magazin\/wp-json\/wp\/v2\/pages\/10183","targetHints":{"allow":["GET"]}}],"collection":[{"href":"https:\/\/uelzener.de\/magazin\/wp-json\/wp\/v2\/pages"}],"about":[{"href":"https:\/\/uelzener.de\/magazin\/wp-json\/wp\/v2\/types\/page"}],"author":[{"embeddable":true,"href":"https:\/\/uelzener.de\/magazin\/wp-json\/wp\/v2\/users\/1"}],"replies":[{"embeddable":true,"href":"https:\/\/uelzener.de\/magazin\/wp-json\/wp\/v2\/comments?post=10183"}],"version-history":[{"count":12,"href":"https:\/\/uelzener.de\/magazin\/wp-json\/wp\/v2\/pages\/10183\/revisions"}],"predecessor-version":[{"id":15127,"href":"https:\/\/uelzener.de\/magazin\/wp-json\/wp\/v2\/pages\/10183\/revisions\/15127"}],"up":[{"embeddable":true,"href":"https:\/\/uelzener.de\/magazin\/wp-json\/wp\/v2\/pages\/11695"}],"wp:featuredmedia":[{"embeddable":true,"href":"https:\/\/uelzener.de\/magazin\/wp-json\/wp\/v2\/media\/10772"}],"wp:attachment":[{"href":"https:\/\/uelzener.de\/magazin\/wp-json\/wp\/v2\/media?parent=10183"}],"curies":[{"name":"wp","href":"https:\/\/api.w.org\/{rel}","templated":true}]}}