{"id":10182,"date":"2024-02-01T12:00:00","date_gmt":"2024-02-01T11:00:00","guid":{"rendered":""},"modified":"2025-11-13T11:43:44","modified_gmt":"2025-11-13T10:43:44","slug":"katze-karton","status":"publish","type":"page","link":"https:\/\/uelzener.de\/magazin\/katze\/haeufige-fragen\/katze-karton\/","title":{"rendered":"Warum lieben Katzen Kartons?"},"content":{"rendered":"<p>Es reicht ein einzelner Karton. Egal ob gro\u00df, klein, rechteckig oder rund \u2013 die leblosen Objekte aus Pappe faszinieren Katzen. Ein achtlos auf dem Fu\u00dfboden oder einem Stuhl abgestellter Karton zieht sofort die Aufmerksamkeit der verspielten Tiere auf sich. In k\u00fcrzester Zeit werden sie genauestens inspiziert und dienen gern auch als Schlafplatz. Aber warum lieben Katzen nun Kartons? Hier sind die Gr\u00fcnde.<\/p>\n<h2>Karton als R\u00fcckzugsraum und Stresskiller<\/h2>\n<p>Niederl\u00e4ndische Forscher von der Universit\u00e4t Utrecht brachten im Rahmen einer Studie zwei Gruppen von Katzen in einen ihnen unbekannten Raum. Die erste Gruppe bekam Kartons als eine M\u00f6glichkeit zum Verstecken in den Raum, die zweite Gruppe nicht. W\u00e4hrend es sich die Katzen aus der ersten Gruppe von der ersten Stunde an in den zur Verf\u00fcgung gestellten Pappkartons gem\u00fctlich machten, fehlte den Tieren aus der zweiten Gruppe ein R\u00fcckzugsort. Das Ergebnis: Die Katzen mit Kartons waren deutlich weniger gestresst und gew\u00f6hnten sich schneller an die ungewohnte Umgebung als die Katzen aus der zweiten Gruppe. Die h\u00f6hlenartigen Gebilde k\u00f6nnen also das Stresslevel unseren Mitbewohner reduzieren.<\/p>\n<h2>Warm und gem\u00fctlich<\/h2>\n<p>Die Begeisterung von Katzen f\u00fcr Kartons k\u00f6nnte noch einen weiteren Grund haben: Laut einer Studie aus dem Jahr 2006 liegt die ideale Raumtemperatur f\u00fcr Katzen zwischen 30 und 36 Grad Celsius. Ihre menschlichen Mitbewohner bevorzugen aber deutlich k\u00fchlere R\u00e4ume. Deshalb ziehen sich Katzen in unserer Umgebung gern an besonders warme Orte zur\u00fcck, beispielsweise unter die Heizung oder an den Kamin. Pappkartons sind besonders gut isoliert und oft so klein, dass unsere Samtpfoten eingerollt an jeder Seite den Karton ber\u00fchren. So wird es schnell warm und herrlich gem\u00fctlich.<\/p>\n<h2>Weitere Verletzungen vermeiden<\/h2>\n<p>Bevor du deiner Katze nun einen Karton guten Gewissens \u00fcberl\u00e4sst, solltest du ihn gr\u00fcndlich auf m\u00f6gliche Verletzungsm\u00f6glichkeiten hin \u00fcberpr\u00fcfen.<\/p>\n<ul>\n<li>Der Karton sollte gut ge\u00f6ffnet sein, damit sich die Katze beim Einstieg nicht einklemmen oder schneiden kann.<\/li>\n<li>Ungeeignet sind Kartons, die von Tackernadeln zusammengehalten werden. Diese k\u00f6nnen sich l\u00f6sen, aus dem Karton ragen und deine Katze verletzen, gleiches gilt f\u00fcr scharfkantige Pappteile.<\/li>\n<li>Auch F\u00fcllmaterial aus Plastik solltest du aus dem Karton entfernen, sonst besteht Erstickungsgefahr.<\/li>\n<li>Bemalte oder teillackierte Pappe sollte entfernt werden, um Vergiftungen oder Magenbeschwerden zu vermeiden.<\/li>\n<li>Der Karton sollte stets auf einem sicheren Untergrund stehen, damit er nicht mitsamt deiner Katze herunterpurzelt. Vermeide also wacklige St\u00fchle oder Tische und stelle den Karton am besten direkt auf den Fu\u00dfboden. Es ist wichtig, dass du auf m\u00f6gliche Verletzungen vorbereitet bist, falls doch etwas passiert. Schlie\u00dfe daher rechtzeitig eine gute Katzen-Krankenversicherung oder auch eine Katzen-OP-Versicherung ab.<\/li>\n<\/ul>\n\n<div class=\"banner\">\n    <a href=\"https:\/\/uelzener.de\/katze\/katzen-krankenversicherung\/?agt=0000104925&sem=true&utm_medium=magazin&utm_source=wordpress&utm_campaign=katze_kv&utm_content=banner\">\n        <img decoding=\"async\" width=\"300\" height=\"212\" src=\"https:\/\/uelzener.de\/magazin\/app\/uploads\/2025\/01\/Katzen-Kranken-Versicherung.jpg\" class=\"attachment-medium size-medium\" alt=\"Banner Katzen-Kranken-Versicherung\" \/>    <\/a>\n<\/div>\n\n\n<div class=\"banner\">\n    <a href=\"https:\/\/uelzener.de\/katze\/katzen-op-versicherung\/?agt=0000104925&sem=true&utm_medium=magazin&utm_source=wordpress&utm_campaign=katze_op&utm_content=banner\">\n        <img decoding=\"async\" width=\"300\" height=\"212\" src=\"https:\/\/uelzener.de\/magazin\/app\/uploads\/2025\/01\/Katzen-OP-Versicherung.jpg\" class=\"attachment-medium size-medium\" alt=\"Banner Katzen-OP-Versicherung\" \/>    <\/a>\n<\/div>\n\n<h2>FAQ: H\u00e4ufig gestellte Fragen zu Katzen und Kartons<\/h2>\n<h3>Kann das Karton-Fressen auf eine Krankheit hindeuten?<\/h3>\n<p>Ein st\u00e4ndiges Verlangen, Papier zu essen, k\u00f6nnte auch auf Pica hinweisen. Dies wird verursacht durch verschiedene Faktoren wie Ern\u00e4hrungsm\u00e4ngel oder Stress.<\/p>\n\n<div class=\"related_articles boxed\">\n    <h2>Mehr zum Thema<\/h2>\n    \n    <div class=\"wrapper\"><div class=\"title align-center\"><h3><a href=\"https:\/\/uelzener.de\/magazin\/katze\/tiergesundheit\/pica-syndrom-wenn-katzen-ungeniessbares-essen\/\">Pica-Syndrom: Wenn Katzen Ungenie\u00dfbares essen<\/a><\/h3><\/div><div class=\"img align-center\"><img decoding=\"async\" width=\"315\" height=\"180\" src=\"https:\/\/uelzener.de\/magazin\/app\/uploads\/2025\/02\/katze-pica-syndrom-falsch-gegessen-315x180.jpg\" class=\"attachment-315x180 size-315x180 wp-post-image\" alt=\"Auf dem Bild spielt eine kleine Katze mit einem Spielzeug und frisst an diesem. Dies kann sehr sch\u00e4dlich sein.\" \/><\/div><\/div><div class=\"wrapper\"><div class=\"title align-center\"><h3><a href=\"https:\/\/uelzener.de\/magazin\/katze\/tiergesundheit\/faszination-fremdkoerper\/\">Faszination Fremdk\u00f6rper: Wenn Katzen Gegenst\u00e4nde verschlucken<\/a><\/h3><\/div><div class=\"img align-center\"><img decoding=\"async\" width=\"315\" height=\"180\" src=\"https:\/\/uelzener.de\/magazin\/app\/uploads\/2019\/01\/44f5e4d3-b922-4b72-899b-3b72190c816c-315x180.jpg\" class=\"attachment-315x180 size-315x180 wp-post-image\" alt=\"Eine schwarz wei\u00dfe Katze will mit einem Haargummi spielen, hier ist Vorsicht geboten, sollte die Katze das Haargummi kann der Fremdk\u00f6rper gef\u00e4hrlich werden.\" srcset=\"https:\/\/uelzener.de\/magazin\/app\/uploads\/2019\/01\/44f5e4d3-b922-4b72-899b-3b72190c816c-315x180.jpg 315w, https:\/\/uelzener.de\/magazin\/app\/uploads\/2019\/01\/44f5e4d3-b922-4b72-899b-3b72190c816c-650x369.jpg 650w\" sizes=\"(max-width: 315px) 100vw, 315px\" \/><\/div><\/div><\/div>\n\n<h3>Katze bei\u00dft und frisst Karton: Ist das gef\u00e4hrlich?<\/h3>\n<p>Katzen m\u00f6gen manchmal Papier essen, was normalerweise unbedenklich ist. Denn obwohl Katzen Fleischfresser sind und ihnen die Enzyme fehlen, um Zellulose in Papier vollst\u00e4ndig zu verdauen, k\u00f6nnen kleine unregelm\u00e4\u00dfige Mengen sich im Verdauungstrakt zu Brei verwandeln und mit dem Kot ausgeschieden werden. Doch wenn es h\u00e4ufiger passiert, kann es gef\u00e4hrlich werden. Chemikalien im Papier k\u00f6nnen sch\u00e4dlich sein, und eine gro\u00dfe Menge kann Darmverstopfungen verursachen. Achte auf Symptome wie Erbrechen, Lethargie und Bauchschmerzen. Wenn diese auftreten, bringe die Katze sofort zum Tierarzt. Langfristige Verstopfung kann lebensbedrohlich sein.<\/p>\n","protected":false},"excerpt":{"rendered":"<p>Es reicht ein einzelner Karton. Egal ob gro\u00df, klein, rechteckig oder rund \u2013 die leblosen Objekte aus Pappe faszinieren Katzen. Ein achtlos auf dem Fu\u00dfboden oder einem Stuhl abgestellter Karton zieht sofort die Aufmerksamkeit der verspielten Tiere auf sich. In k\u00fcrzester Zeit werden sie genauestens inspiziert und dienen gern auch als Schlafplatz. Aber warum lieben [&hellip;]<\/p>\n","protected":false},"author":1,"featured_media":17072,"parent":11691,"menu_order":39,"comment_status":"open","ping_status":"open","template":"templates\/blog.php","meta":{"_acf_changed":false,"_crdt_document":"","footnotes":"","beyondwords_generate_audio":"0","beyondwords_project_id":"","beyondwords_content_id":"","beyondwords_preview_token":"","beyondwords_player_style":"","beyondwords_language_id":"","beyondwords_title_voice_id":"","beyondwords_body_voice_id":"","beyondwords_summary_voice_id":"","beyondwords_error_message":"","beyondwords_disabled":"","beyondwords_delete_content":"","beyondwords_podcast_id":"","beyondwords_hash":"","publish_post_to_speechkit":"","speechkit_hash":"","speechkit_generate_audio":"","speechkit_project_id":"","speechkit_podcast_id":"","speechkit_error_message":"","speechkit_disabled":"","speechkit_access_key":"","speechkit_error":"","speechkit_info":"","speechkit_response":"","speechkit_retries":"","speechkit_status":"","speechkit_updated_at":"","_speechkit_link":"","_speechkit_text":""},"class_list":["post-10182","page","type-page","status-publish","has-post-thumbnail","hentry"],"acf":[],"yoast_head":"<!-- This site is optimized with the Yoast SEO Premium plugin  - https:\/\/yoast.com\/product\/yoast-seo-premium-wordpress\/ -->\n<title>Die Katze im Karton: Warum lieben Katzen Kartons? | Uelzener<\/title>\n<meta name=\"description\" content=\"Wir erkl\u00e4ren \u2713 weshalb Katzen Kartons als sicheren R\u00fcckzugsort lieben und \u2713 worauf du bei der Karton-Auswahl achten solltest!\" \/>\n<meta name=\"robots\" content=\"index, follow, max-snippet:-1, max-image-preview:large, max-video-preview:-1\" \/>\n<link rel=\"canonical\" href=\"https:\/\/uelzener.de\/magazin\/katze\/haeufige-fragen\/katze-karton\/\" \/>\n<meta property=\"og:locale\" content=\"de_DE\" \/>\n<meta property=\"og:type\" content=\"article\" \/>\n<meta property=\"og:title\" content=\"Warum lieben Katzen Kartons?\" \/>\n<meta property=\"og:description\" content=\"Wir erkl\u00e4ren \u2713 weshalb Katzen Kartons als sicheren R\u00fcckzugsort lieben und \u2713 worauf du bei der Karton-Auswahl achten solltest!\" \/>\n<meta property=\"og:url\" content=\"https:\/\/uelzener.de\/magazin\/katze\/haeufige-fragen\/katze-karton\/\" \/>\n<meta property=\"og:site_name\" content=\"Uelzener Tier-Magazin\" \/>\n<meta property=\"article:publisher\" content=\"https:\/\/www.facebook.com\/Uelzener\" \/>\n<meta property=\"article:modified_time\" content=\"2025-11-13T10:43:44+00:00\" \/>\n<meta property=\"og:image\" content=\"https:\/\/uelzener.de\/magazin\/app\/uploads\/2024\/02\/katze-karton.jpg\" \/>\n\t<meta property=\"og:image:width\" content=\"1025\" \/>\n\t<meta property=\"og:image:height\" content=\"450\" \/>\n\t<meta property=\"og:image:type\" content=\"image\/jpeg\" \/>\n<meta name=\"twitter:card\" content=\"summary_large_image\" \/>\n<meta name=\"twitter:label1\" content=\"Gesch\u00e4tzte Lesezeit\" \/>\n\t<meta name=\"twitter:data1\" content=\"4\u00a0Minuten\" \/>\n<script type=\"application\/ld+json\" class=\"yoast-schema-graph\">{\"@context\":\"https:\\\/\\\/schema.org\",\"@graph\":[{\"@type\":\"WebPage\",\"@id\":\"https:\\\/\\\/uelzener.de\\\/magazin\\\/katze\\\/haeufige-fragen\\\/katze-karton\\\/\",\"url\":\"https:\\\/\\\/uelzener.de\\\/magazin\\\/katze\\\/haeufige-fragen\\\/katze-karton\\\/\",\"name\":\"Die Katze im Karton: Warum lieben Katzen Kartons? | Uelzener\",\"isPartOf\":{\"@id\":\"https:\\\/\\\/uelzener.de\\\/magazin\\\/#website\"},\"primaryImageOfPage\":{\"@id\":\"https:\\\/\\\/uelzener.de\\\/magazin\\\/katze\\\/haeufige-fragen\\\/katze-karton\\\/#primaryimage\"},\"image\":{\"@id\":\"https:\\\/\\\/uelzener.de\\\/magazin\\\/katze\\\/haeufige-fragen\\\/katze-karton\\\/#primaryimage\"},\"thumbnailUrl\":\"https:\\\/\\\/uelzener.de\\\/magazin\\\/app\\\/uploads\\\/2024\\\/02\\\/katze-karton.jpg\",\"datePublished\":\"2024-02-01T11:00:00+00:00\",\"dateModified\":\"2025-11-13T10:43:44+00:00\",\"description\":\"Wir erkl\u00e4ren \u2713 weshalb Katzen Kartons als sicheren R\u00fcckzugsort lieben und \u2713 worauf du bei der Karton-Auswahl achten solltest!\",\"breadcrumb\":{\"@id\":\"https:\\\/\\\/uelzener.de\\\/magazin\\\/katze\\\/haeufige-fragen\\\/katze-karton\\\/#breadcrumb\"},\"inLanguage\":\"de\",\"potentialAction\":[{\"@type\":\"ReadAction\",\"target\":[\"https:\\\/\\\/uelzener.de\\\/magazin\\\/katze\\\/haeufige-fragen\\\/katze-karton\\\/\"]}]},{\"@type\":\"ImageObject\",\"inLanguage\":\"de\",\"@id\":\"https:\\\/\\\/uelzener.de\\\/magazin\\\/katze\\\/haeufige-fragen\\\/katze-karton\\\/#primaryimage\",\"url\":\"https:\\\/\\\/uelzener.de\\\/magazin\\\/app\\\/uploads\\\/2024\\\/02\\\/katze-karton.jpg\",\"contentUrl\":\"https:\\\/\\\/uelzener.de\\\/magazin\\\/app\\\/uploads\\\/2024\\\/02\\\/katze-karton.jpg\",\"width\":1025,\"height\":450,\"caption\":\"Eine Katze liegt entspannt in einem zu kleinen Karton. Wie kommt es, dass Katzen Kartons so lieben?\"},{\"@type\":\"WebSite\",\"@id\":\"https:\\\/\\\/uelzener.de\\\/magazin\\\/#website\",\"url\":\"https:\\\/\\\/uelzener.de\\\/magazin\\\/\",\"name\":\"Uelzener Tiermagazin\",\"description\":\"Online Tierratgeber der Uelzener Versicherungen\",\"publisher\":{\"@id\":\"https:\\\/\\\/uelzener.de\\\/magazin\\\/#organization\"},\"potentialAction\":[{\"@type\":\"SearchAction\",\"target\":{\"@type\":\"EntryPoint\",\"urlTemplate\":\"https:\\\/\\\/uelzener.de\\\/magazin\\\/?s={search_term_string}\"},\"query-input\":{\"@type\":\"PropertyValueSpecification\",\"valueRequired\":true,\"valueName\":\"search_term_string\"}}],\"inLanguage\":\"de\"},{\"@type\":\"Organization\",\"@id\":\"https:\\\/\\\/uelzener.de\\\/magazin\\\/#organization\",\"name\":\"Uelzener Versicherungen\",\"url\":\"https:\\\/\\\/uelzener.de\\\/magazin\\\/\",\"logo\":{\"@type\":\"ImageObject\",\"inLanguage\":\"de\",\"@id\":\"https:\\\/\\\/uelzener.de\\\/magazin\\\/#\\\/schema\\\/logo\\\/image\\\/\",\"url\":\"https:\\\/\\\/uelzener.de\\\/magazin\\\/app\\\/uploads\\\/2024\\\/11\\\/uelzener_allgemeine_versicherungsgesellschaft_a_g_logo.jpg\",\"contentUrl\":\"https:\\\/\\\/uelzener.de\\\/magazin\\\/app\\\/uploads\\\/2024\\\/11\\\/uelzener_allgemeine_versicherungsgesellschaft_a_g_logo.jpg\",\"width\":200,\"height\":200,\"caption\":\"Uelzener Versicherungen\"},\"image\":{\"@id\":\"https:\\\/\\\/uelzener.de\\\/magazin\\\/#\\\/schema\\\/logo\\\/image\\\/\"},\"sameAs\":[\"https:\\\/\\\/www.facebook.com\\\/Uelzener\",\"https:\\\/\\\/instagram.com\\\/uelzener\",\"https:\\\/\\\/www.xing.com\\\/pages\\\/uelzenerallgemeineversicherungs-gesellschafta-g\",\"https:\\\/\\\/www.youtube.com\\\/UelzenerVersicherungen\"]}]}<\/script>\n<!-- \/ Yoast SEO Premium plugin. -->","yoast_head_json":{"title":"Die Katze im Karton: Warum lieben Katzen Kartons? | Uelzener","description":"Wir erkl\u00e4ren \u2713 weshalb Katzen Kartons als sicheren R\u00fcckzugsort lieben und \u2713 worauf du bei der Karton-Auswahl achten solltest!","robots":{"index":"index","follow":"follow","max-snippet":"max-snippet:-1","max-image-preview":"max-image-preview:large","max-video-preview":"max-video-preview:-1"},"canonical":"https:\/\/uelzener.de\/magazin\/katze\/haeufige-fragen\/katze-karton\/","og_locale":"de_DE","og_type":"article","og_title":"Warum lieben Katzen Kartons?","og_description":"Wir erkl\u00e4ren \u2713 weshalb Katzen Kartons als sicheren R\u00fcckzugsort lieben und \u2713 worauf du bei der Karton-Auswahl achten solltest!","og_url":"https:\/\/uelzener.de\/magazin\/katze\/haeufige-fragen\/katze-karton\/","og_site_name":"Uelzener Tier-Magazin","article_publisher":"https:\/\/www.facebook.com\/Uelzener","article_modified_time":"2025-11-13T10:43:44+00:00","og_image":[{"width":1025,"height":450,"url":"https:\/\/uelzener.de\/magazin\/app\/uploads\/2024\/02\/katze-karton.jpg","type":"image\/jpeg"}],"twitter_card":"summary_large_image","twitter_misc":{"Gesch\u00e4tzte Lesezeit":"4\u00a0Minuten"},"schema":{"@context":"https:\/\/schema.org","@graph":[{"@type":"WebPage","@id":"https:\/\/uelzener.de\/magazin\/katze\/haeufige-fragen\/katze-karton\/","url":"https:\/\/uelzener.de\/magazin\/katze\/haeufige-fragen\/katze-karton\/","name":"Die Katze im Karton: Warum lieben Katzen Kartons? | Uelzener","isPartOf":{"@id":"https:\/\/uelzener.de\/magazin\/#website"},"primaryImageOfPage":{"@id":"https:\/\/uelzener.de\/magazin\/katze\/haeufige-fragen\/katze-karton\/#primaryimage"},"image":{"@id":"https:\/\/uelzener.de\/magazin\/katze\/haeufige-fragen\/katze-karton\/#primaryimage"},"thumbnailUrl":"https:\/\/uelzener.de\/magazin\/app\/uploads\/2024\/02\/katze-karton.jpg","datePublished":"2024-02-01T11:00:00+00:00","dateModified":"2025-11-13T10:43:44+00:00","description":"Wir erkl\u00e4ren \u2713 weshalb Katzen Kartons als sicheren R\u00fcckzugsort lieben und \u2713 worauf du bei der Karton-Auswahl achten solltest!","breadcrumb":{"@id":"https:\/\/uelzener.de\/magazin\/katze\/haeufige-fragen\/katze-karton\/#breadcrumb"},"inLanguage":"de","potentialAction":[{"@type":"ReadAction","target":["https:\/\/uelzener.de\/magazin\/katze\/haeufige-fragen\/katze-karton\/"]}]},{"@type":"ImageObject","inLanguage":"de","@id":"https:\/\/uelzener.de\/magazin\/katze\/haeufige-fragen\/katze-karton\/#primaryimage","url":"https:\/\/uelzener.de\/magazin\/app\/uploads\/2024\/02\/katze-karton.jpg","contentUrl":"https:\/\/uelzener.de\/magazin\/app\/uploads\/2024\/02\/katze-karton.jpg","width":1025,"height":450,"caption":"Eine Katze liegt entspannt in einem zu kleinen Karton. Wie kommt es, dass Katzen Kartons so lieben?"},{"@type":"WebSite","@id":"https:\/\/uelzener.de\/magazin\/#website","url":"https:\/\/uelzener.de\/magazin\/","name":"Uelzener Tiermagazin","description":"Online Tierratgeber der Uelzener Versicherungen","publisher":{"@id":"https:\/\/uelzener.de\/magazin\/#organization"},"potentialAction":[{"@type":"SearchAction","target":{"@type":"EntryPoint","urlTemplate":"https:\/\/uelzener.de\/magazin\/?s={search_term_string}"},"query-input":{"@type":"PropertyValueSpecification","valueRequired":true,"valueName":"search_term_string"}}],"inLanguage":"de"},{"@type":"Organization","@id":"https:\/\/uelzener.de\/magazin\/#organization","name":"Uelzener Versicherungen","url":"https:\/\/uelzener.de\/magazin\/","logo":{"@type":"ImageObject","inLanguage":"de","@id":"https:\/\/uelzener.de\/magazin\/#\/schema\/logo\/image\/","url":"https:\/\/uelzener.de\/magazin\/app\/uploads\/2024\/11\/uelzener_allgemeine_versicherungsgesellschaft_a_g_logo.jpg","contentUrl":"https:\/\/uelzener.de\/magazin\/app\/uploads\/2024\/11\/uelzener_allgemeine_versicherungsgesellschaft_a_g_logo.jpg","width":200,"height":200,"caption":"Uelzener Versicherungen"},"image":{"@id":"https:\/\/uelzener.de\/magazin\/#\/schema\/logo\/image\/"},"sameAs":["https:\/\/www.facebook.com\/Uelzener","https:\/\/instagram.com\/uelzener","https:\/\/www.xing.com\/pages\/uelzenerallgemeineversicherungs-gesellschafta-g","https:\/\/www.youtube.com\/UelzenerVersicherungen"]}]}},"_links":{"self":[{"href":"https:\/\/uelzener.de\/magazin\/wp-json\/wp\/v2\/pages\/10182","targetHints":{"allow":["GET"]}}],"collection":[{"href":"https:\/\/uelzener.de\/magazin\/wp-json\/wp\/v2\/pages"}],"about":[{"href":"https:\/\/uelzener.de\/magazin\/wp-json\/wp\/v2\/types\/page"}],"author":[{"embeddable":true,"href":"https:\/\/uelzener.de\/magazin\/wp-json\/wp\/v2\/users\/1"}],"replies":[{"embeddable":true,"href":"https:\/\/uelzener.de\/magazin\/wp-json\/wp\/v2\/comments?post=10182"}],"version-history":[{"count":13,"href":"https:\/\/uelzener.de\/magazin\/wp-json\/wp\/v2\/pages\/10182\/revisions"}],"predecessor-version":[{"id":19480,"href":"https:\/\/uelzener.de\/magazin\/wp-json\/wp\/v2\/pages\/10182\/revisions\/19480"}],"up":[{"embeddable":true,"href":"https:\/\/uelzener.de\/magazin\/wp-json\/wp\/v2\/pages\/11691"}],"wp:featuredmedia":[{"embeddable":true,"href":"https:\/\/uelzener.de\/magazin\/wp-json\/wp\/v2\/media\/17072"}],"wp:attachment":[{"href":"https:\/\/uelzener.de\/magazin\/wp-json\/wp\/v2\/media?parent=10182"}],"curies":[{"name":"wp","href":"https:\/\/api.w.org\/{rel}","templated":true}]}}