{"id":10181,"date":"2019-01-10T00:00:00","date_gmt":"2019-01-10T00:00:00","guid":{"rendered":""},"modified":"2025-04-28T10:19:32","modified_gmt":"2025-04-28T08:19:32","slug":"faszination-fremdkoerper","status":"publish","type":"page","link":"https:\/\/uelzener.de\/magazin\/katze\/tiergesundheit\/faszination-fremdkoerper\/","title":{"rendered":"Faszination Fremdk\u00f6rper: Wenn Katzen Gegenst\u00e4nde verschlucken"},"content":{"rendered":"<p>Wenn die Neugierde siegt, kann es gef\u00e4hrlich werden: Wollf\u00e4den oder M\u00fcnzen sind f\u00fcr Katzen oft so interessant, dass sie im Magen-Darm-Trakt landen. Dort k\u00f6nnen Fremdk\u00f6rper lebensbedrohliche Verstopfungen ausl\u00f6sen. Wie kannst Du Deine Katze sch\u00fctzen?<\/p>\n<p>Faszination Wolle: Katzen k\u00f6nnen sich stundenlang mit den Kn\u00e4ulen besch\u00e4ftigen. Der weiche Ball ist f\u00fcr Stubentiger jedoch ein gef\u00e4hrliches Spielzeug. Die Samtpfoten k\u00f6nnen sich in den F\u00e4den verheddern oder ihre Beine abschn\u00fcren. Wolle, Schn\u00fcre und N\u00e4hgarn gelangen rasch in den Mund der Katze. Durch die Beschaffenheit der Katzenzunge k\u00f6nnen die Tiere die F\u00e4den schwer ausspucken und sie gelangen in den <a href=\"https:\/\/uelzener.de\/magazin\/katze\/tiergesundheit\/katze-durchfall-verdauung\/\">Magen-Darm-Trakt<\/a>. Die Materialien l\u00f6sen schwere Verstopfungen aus, bei der oft nur eine Operation Erl\u00f6sung bringt.<\/p>\n<h2>Die h\u00e4ufigsten Gegenst\u00e4nde, die Katzen verschlucken<\/h2>\n<p>Auch glitzernde Gegenst\u00e4nde, wie M\u00fcnzen und Lametta, wirken auf Katzen faszinierend. Gleiches gilt f\u00fcr kleine, runde Objekte wie Flaschendeckel und Nussschalen. Gelangen sie beim Spielen in den Magen, droht ein Darmverschluss. Wir haben f\u00fcr Dich die h\u00e4ufigsten Gefahrenquellen recherchiert:<\/p>\n<ul>\n<li>Nadel \/ Garn<\/li>\n<li>F\u00e4den \/ Wolle<\/li>\n<li>Bratschnur<\/li>\n<li>Haarb\u00e4nder \/ Gummib\u00e4nder<\/li>\n<li>Knochen<\/li>\n<li>Lametta \/ Ostergras \/ Engelshaar<\/li>\n<li>M\u00fcnzen \/ Magnete \/ Kn\u00f6pfe<\/li>\n<li>Obstkerne \/ Nussschalen<\/li>\n<li>Glasscherben<\/li>\n<\/ul>\n<h2>Vorbeugen<\/h2>\n<p>Neugierde liegt den Samtpfoten im Blut. Damit keine Gegenst\u00e4nde im Magen der Tiere landen, sollten Sie N\u00e4hmaterial und Kochutensilien unzug\u00e4nglich f\u00fcr Katzen aufbewahren. Und lassen Sie <a href=\"https:\/\/uelzener.de\/magazin\/katze\/haltung\/wohnungskatze-beschaeftigen\/\">keine Langweile<\/a> bei Ihrem Tier aufkommen! Stabiles Katzenspielzeug ohne F\u00e4den und F\u00fcllmaterial sorgt f\u00fcr Abwechslung. Katzenhalter brauchen dann keine Angst haben, dass ihre Samtpfote etwas Ungewolltes verschluckt. Festverriegelte M\u00fclleimerdeckel geh\u00f6ren bei Katzenbesitzern zur Pflicht. Essenreste wie Knochen k\u00f6nnen so nicht im Magen der Katze landen. Weihnachten, Ostern oder Familienfeiern? Auf bunte Girlanden, Tischkonfetti und Co. sollten Katzenbesitzer lieber verzichten. Auch sie verf\u00fchren die Stubentiger zum Spielen und m\u00f6glicherweise Verschlucken.<\/p>\n<h2>Notfall: Wie handeln, wenn Katze etwas verschluckt hat?<\/h2>\n<p>Katzen sind Profis, wenn es darum geht, Krankheiten und Schmerzen zu verstecken. Deshalb sollten Besitzer immer ein offenes Auge f\u00fcr ihre Lieblinge haben. Ignoriert die Samtpfote zum Beispiel ihr Lieblingsspielzeug? Klassische Anzeichen f\u00fcr einen Fremdk\u00f6rper im Magen sind Lethargie und M\u00fcdigkeit. Der Tierarzt sollte umgehend aufgesucht werden, sobald der vierbeinige Liebling Nahrung verweigert, r\u00f6chelt oder erbricht.<\/p>\n<p>Liegt etwas Unverdauliches im Magen-Darm-Trakt der Katze, k\u00f6nnen schmerzlindernde Medikamente helfen, damit der Gegenstand auf nat\u00fcrlichem Wege den K\u00f6rper wieder verl\u00e4sst. 24 bis 36 Stunden braucht ein Fremdk\u00f6rper, um ausgeschieden zu werden. Ist das Objekt zu gro\u00df oder l\u00f6st schwerwiegende Symptome aus, muss der Gegenstand umgehend entfernt werden. Je nach Lage und Beschaffenheit wird eine <a href=\"https:\/\/uelzener.de\/magazin\/katze\/haeufige-fragen\/narkose-bei-katzen\/\">Operation<\/a> oder eine Endoskopie von Tierarzt durchgef\u00fchrt. Bei einer Endoskopie wird ein Schlauch mit einer Kamera in den Magen-Darm-Trakt eingef\u00fchrt. Mit einer Zange kann der Fremdk\u00f6rper vorsichtig entfernt werden.<\/p>\n<p>Gegenst\u00e4nde k\u00f6nnen schwerwiegende Sch\u00e4den im Katzenk\u00f6rper anrichten und zu Entz\u00fcndungen im Bauchraum f\u00fchren. Fremdk\u00f6rper k\u00f6nnen ohne eine tier\u00e4rztliche Behandlung schnell lebensbedrohlich f\u00fcr die Samtpfoten werden. Deshalb gilt: Je schneller die Katze beim Tierarzt ist, umso h\u00f6her sind die Chancen f\u00fcr eine erfolgreiche Behandlung des Patienten.<\/p>\n<h2>Das Pica-Syndrom: Selten, aber nicht ausgeschlossen<\/h2>\n<p>Katzen mit einem Fremdk\u00f6rper im Magen statten der Tierklinik meist in jungen Jahren einen Besuch ab. Sie sind neugieriger und verspielter als ihre Seniorenkollegen. Und egal, ob Katze oder Mensch: Im Alter wird man weiser. Eine weitere Ursache kann das Pica-Syndrom sein. Bestimmte Rassekatzen, vorwiegend orientalische <a href=\"https:\/\/uelzener.de\/magazin\/katze\/rasseportrait\/siamkatze\/\">Siam<\/a>&#8211; oder Burmakatzen sind anf\u00e4lliger f\u00fcr die seltene Essst\u00f6rung. Die Tiere fressen regelm\u00e4\u00dfig unverdauliche und ungenie\u00dfbare Materialien. Beginnt der Stubentiger, sich \u00fcber Teppiche, Kleidung oder Bettzeug herzumachen, ist ein Besuch beim Tierarzt sinnvoll. Der Grund f\u00fcr die au\u00dfergew\u00f6hnliche Essst\u00f6rung ist nicht genau bekannt. Neben Katzen k\u00f6nnen \u00fcbrigens auch Menschen am Pica-Syndrom erkranken.<\/p>\n\n<div class=\"related_articles boxed\">\n    <h2>Mehr zum Thema<\/h2>\n    \n    <div class=\"wrapper\"><div class=\"title align-center\"><h3><a href=\"https:\/\/uelzener.de\/magazin\/katze\/haeufige-fragen\/katze-karton\/\">Warum lieben Katzen Kartons?<\/a><\/h3><\/div><div class=\"img align-center\"><img decoding=\"async\" width=\"315\" height=\"180\" src=\"https:\/\/uelzener.de\/magazin\/app\/uploads\/2024\/02\/katze-karton-315x180.jpg\" class=\"attachment-315x180 size-315x180 wp-post-image\" alt=\"Eine Katze liegt entspannt in einem zu kleinen Karton. Wie kommt es, dass Katzen Kartons so lieben?\" \/><\/div><\/div><div class=\"wrapper\"><div class=\"title align-center\"><h3><a href=\"https:\/\/uelzener.de\/magazin\/katze\/tipps-fuer-den-alltag\/katze-weihnachten\/\">Weihnachten mit Katze: So dekorierst du katzensicher<\/a><\/h3><\/div><div class=\"img align-center\"><img decoding=\"async\" width=\"315\" height=\"180\" src=\"https:\/\/uelzener.de\/magazin\/app\/uploads\/2023\/11\/weihnachten-sicher-dekorieren-katze-315x180.jpg\" class=\"attachment-315x180 size-315x180 wp-post-image\" alt=\"Katze spielt mit Weihnachtsdeko\" \/><\/div><\/div><div class=\"wrapper\"><div class=\"title align-center\"><h3><a href=\"https:\/\/uelzener.de\/magazin\/katze\/tiergesundheit\/pica-syndrom-wenn-katzen-ungeniessbares-essen\/\">Pica-Syndrom: Wenn Katzen Ungenie\u00dfbares essen<\/a><\/h3><\/div><div class=\"img align-center\"><img decoding=\"async\" width=\"315\" height=\"180\" src=\"https:\/\/uelzener.de\/magazin\/app\/uploads\/2025\/02\/katze-pica-syndrom-falsch-gegessen-315x180.jpg\" class=\"attachment-315x180 size-315x180 wp-post-image\" alt=\"Auf dem Bild spielt eine kleine Katze mit einem Spielzeug und frisst an diesem. Dies kann sehr sch\u00e4dlich sein.\" \/><\/div><\/div><\/div>\n\n<p>Egal wie gut Du aufpasst und versuchst, die Kleinigkeiten wegzur\u00e4umen, Deine Katze kann immer etwa finden und sich somit verletzen. Demnach ist sehr wichtig, sowohl eine gute Katzen-Krankenversicherung, als auch eine Katzen-OP-Versicherung abzuschlie\u00dfen.<\/p>\n\n<div class=\"banner\">\n    <a href=\"https:\/\/uelzener.de\/katze\/katzen-krankenversicherung\/?agt=0000104925&sem=true&utm_medium=magazin&utm_source=wordpress&utm_campaign=katze_kv&utm_content=banner\">\n        <img decoding=\"async\" width=\"300\" height=\"212\" src=\"https:\/\/uelzener.de\/magazin\/app\/uploads\/2025\/01\/Katzen-Kranken-Versicherung.jpg\" class=\"attachment-medium size-medium\" alt=\"Banner Katzen-Kranken-Versicherung\" \/>    <\/a>\n<\/div>\n\n\n<div class=\"banner\">\n    <a href=\"https:\/\/uelzener.de\/katze\/katzen-op-versicherung\/?agt=0000104925&sem=true&utm_medium=magazin&utm_source=wordpress&utm_campaign=katze_op&utm_content=banner\">\n        <img decoding=\"async\" width=\"300\" height=\"212\" src=\"https:\/\/uelzener.de\/magazin\/app\/uploads\/2025\/01\/Katzen-OP-Versicherung.jpg\" class=\"attachment-medium size-medium\" alt=\"Banner Katzen-OP-Versicherung\" \/>    <\/a>\n<\/div>\n\n","protected":false},"excerpt":{"rendered":"<p>Wenn die Neugierde siegt, kann es gef\u00e4hrlich werden: Wollf\u00e4den oder M\u00fcnzen sind f\u00fcr Katzen oft so interessant, dass sie im Magen-Darm-Trakt landen. Dort k\u00f6nnen Fremdk\u00f6rper lebensbedrohliche Verstopfungen ausl\u00f6sen. Wie kannst Du Deine Katze sch\u00fctzen? Faszination Wolle: Katzen k\u00f6nnen sich stundenlang mit den Kn\u00e4ulen besch\u00e4ftigen. Der weiche Ball ist f\u00fcr Stubentiger jedoch ein gef\u00e4hrliches Spielzeug. Die [&hellip;]<\/p>\n","protected":false},"author":1,"featured_media":10770,"parent":11712,"menu_order":49,"comment_status":"open","ping_status":"open","template":"templates\/blog.php","meta":{"_acf_changed":false,"_crdt_document":"","footnotes":"","beyondwords_generate_audio":"0","beyondwords_project_id":"","beyondwords_content_id":"","beyondwords_preview_token":"","beyondwords_player_style":"","beyondwords_language_id":"","beyondwords_title_voice_id":"","beyondwords_body_voice_id":"","beyondwords_summary_voice_id":"","beyondwords_error_message":"","beyondwords_disabled":"","beyondwords_delete_content":"","beyondwords_podcast_id":"","beyondwords_hash":"","publish_post_to_speechkit":"","speechkit_hash":"","speechkit_generate_audio":"","speechkit_project_id":"","speechkit_podcast_id":"","speechkit_error_message":"","speechkit_disabled":"","speechkit_access_key":"","speechkit_error":"","speechkit_info":"","speechkit_response":"","speechkit_retries":"","speechkit_status":"","speechkit_updated_at":"","_speechkit_link":"","_speechkit_text":""},"class_list":["post-10181","page","type-page","status-publish","has-post-thumbnail","hentry"],"acf":[],"yoast_head":"<!-- This site is optimized with the Yoast SEO Premium plugin  - https:\/\/yoast.com\/product\/yoast-seo-premium-wordpress\/ -->\n<title>Faszination Fremdk\u00f6rper: Wenn Katzen Gegenst\u00e4nde verschlucken | Uelzener Magazin<\/title>\n<meta name=\"description\" content=\"Wenn die Neugierde siegt, kann es gef\u00e4hrlich werden: Wollf\u00e4den oder M\u00fcnzen sind f\u00fcr Katzen oft so interessant, dass sie im Magen-Darm-Trakt landen. Dort k\u00f6nnen Fremdk\u00f6rper lebensbedrohliche Verstopfungen ausl\u00f6sen. Wie kannst du deine Katze sch\u00fctzen?\" \/>\n<meta name=\"robots\" content=\"index, follow, max-snippet:-1, max-image-preview:large, max-video-preview:-1\" \/>\n<link rel=\"canonical\" href=\"https:\/\/uelzener.de\/magazin\/katze\/tiergesundheit\/faszination-fremdkoerper\/\" \/>\n<meta property=\"og:locale\" content=\"de_DE\" \/>\n<meta property=\"og:type\" content=\"article\" \/>\n<meta property=\"og:title\" content=\"Faszination Fremdk\u00f6rper: Wenn Katzen Gegenst\u00e4nde verschlucken\" \/>\n<meta property=\"og:description\" content=\"Wenn die Neugierde siegt, kann es gef\u00e4hrlich werden: Wollf\u00e4den oder M\u00fcnzen sind f\u00fcr Katzen oft so interessant, dass sie im Magen-Darm-Trakt landen. Dort k\u00f6nnen Fremdk\u00f6rper lebensbedrohliche Verstopfungen ausl\u00f6sen. Wie kannst du deine Katze sch\u00fctzen?\" \/>\n<meta property=\"og:url\" content=\"https:\/\/uelzener.de\/magazin\/katze\/tiergesundheit\/faszination-fremdkoerper\/\" \/>\n<meta property=\"og:site_name\" content=\"Uelzener Tier-Magazin\" \/>\n<meta property=\"article:publisher\" content=\"https:\/\/www.facebook.com\/Uelzener\" \/>\n<meta property=\"article:modified_time\" content=\"2025-04-28T08:19:32+00:00\" \/>\n<meta property=\"og:image\" content=\"https:\/\/uelzener.de\/magazin\/app\/uploads\/2019\/01\/44f5e4d3-b922-4b72-899b-3b72190c816c.jpg\" \/>\n\t<meta property=\"og:image:width\" content=\"650\" \/>\n\t<meta property=\"og:image:height\" content=\"433\" \/>\n\t<meta property=\"og:image:type\" content=\"image\/jpeg\" \/>\n<meta name=\"twitter:card\" content=\"summary_large_image\" \/>\n<meta name=\"twitter:label1\" content=\"Gesch\u00e4tzte Lesezeit\" \/>\n\t<meta name=\"twitter:data1\" content=\"4\u00a0Minuten\" \/>\n<script type=\"application\/ld+json\" class=\"yoast-schema-graph\">{\"@context\":\"https:\/\/schema.org\",\"@graph\":[{\"@type\":\"WebPage\",\"@id\":\"https:\/\/uelzener.de\/magazin\/katze\/tiergesundheit\/faszination-fremdkoerper\/\",\"url\":\"https:\/\/uelzener.de\/magazin\/katze\/tiergesundheit\/faszination-fremdkoerper\/\",\"name\":\"Faszination Fremdk\u00f6rper: Wenn Katzen Gegenst\u00e4nde verschlucken | Uelzener Magazin\",\"isPartOf\":{\"@id\":\"https:\/\/uelzener.de\/magazin\/#website\"},\"primaryImageOfPage\":{\"@id\":\"https:\/\/uelzener.de\/magazin\/katze\/tiergesundheit\/faszination-fremdkoerper\/#primaryimage\"},\"image\":{\"@id\":\"https:\/\/uelzener.de\/magazin\/katze\/tiergesundheit\/faszination-fremdkoerper\/#primaryimage\"},\"thumbnailUrl\":\"https:\/\/uelzener.de\/magazin\/app\/uploads\/2019\/01\/44f5e4d3-b922-4b72-899b-3b72190c816c.jpg\",\"datePublished\":\"2019-01-10T00:00:00+00:00\",\"dateModified\":\"2025-04-28T08:19:32+00:00\",\"description\":\"Wenn die Neugierde siegt, kann es gef\u00e4hrlich werden: Wollf\u00e4den oder M\u00fcnzen sind f\u00fcr Katzen oft so interessant, dass sie im Magen-Darm-Trakt landen. Dort k\u00f6nnen Fremdk\u00f6rper lebensbedrohliche Verstopfungen ausl\u00f6sen. Wie kannst du deine Katze sch\u00fctzen?\",\"breadcrumb\":{\"@id\":\"https:\/\/uelzener.de\/magazin\/katze\/tiergesundheit\/faszination-fremdkoerper\/#breadcrumb\"},\"inLanguage\":\"de\",\"potentialAction\":[{\"@type\":\"ReadAction\",\"target\":[\"https:\/\/uelzener.de\/magazin\/katze\/tiergesundheit\/faszination-fremdkoerper\/\"]}]},{\"@type\":\"ImageObject\",\"inLanguage\":\"de\",\"@id\":\"https:\/\/uelzener.de\/magazin\/katze\/tiergesundheit\/faszination-fremdkoerper\/#primaryimage\",\"url\":\"https:\/\/uelzener.de\/magazin\/app\/uploads\/2019\/01\/44f5e4d3-b922-4b72-899b-3b72190c816c.jpg\",\"contentUrl\":\"https:\/\/uelzener.de\/magazin\/app\/uploads\/2019\/01\/44f5e4d3-b922-4b72-899b-3b72190c816c.jpg\",\"width\":650,\"height\":433,\"caption\":\"Eine schwarz wei\u00dfe Katze will mit einem Haargummi spielen, hier ist Vorsicht geboten, sollte die Katze das Haargummi kann der Fremdk\u00f6rper gef\u00e4hrlich werden.\"},{\"@type\":\"WebSite\",\"@id\":\"https:\/\/uelzener.de\/magazin\/#website\",\"url\":\"https:\/\/uelzener.de\/magazin\/\",\"name\":\"Uelzener Tiermagazin\",\"description\":\"Online Tierratgeber der Uelzener Versicherungen\",\"publisher\":{\"@id\":\"https:\/\/uelzener.de\/magazin\/#organization\"},\"potentialAction\":[{\"@type\":\"SearchAction\",\"target\":{\"@type\":\"EntryPoint\",\"urlTemplate\":\"https:\/\/uelzener.de\/magazin\/?s={search_term_string}\"},\"query-input\":{\"@type\":\"PropertyValueSpecification\",\"valueRequired\":true,\"valueName\":\"search_term_string\"}}],\"inLanguage\":\"de\"},{\"@type\":\"Organization\",\"@id\":\"https:\/\/uelzener.de\/magazin\/#organization\",\"name\":\"Uelzener Versicherungen\",\"url\":\"https:\/\/uelzener.de\/magazin\/\",\"logo\":{\"@type\":\"ImageObject\",\"inLanguage\":\"de\",\"@id\":\"https:\/\/uelzener.de\/magazin\/#\/schema\/logo\/image\/\",\"url\":\"https:\/\/uelzener.de\/magazin\/app\/uploads\/2024\/11\/uelzener_allgemeine_versicherungsgesellschaft_a_g_logo.jpg\",\"contentUrl\":\"https:\/\/uelzener.de\/magazin\/app\/uploads\/2024\/11\/uelzener_allgemeine_versicherungsgesellschaft_a_g_logo.jpg\",\"width\":200,\"height\":200,\"caption\":\"Uelzener Versicherungen\"},\"image\":{\"@id\":\"https:\/\/uelzener.de\/magazin\/#\/schema\/logo\/image\/\"},\"sameAs\":[\"https:\/\/www.facebook.com\/Uelzener\",\"https:\/\/instagram.com\/uelzener\",\"https:\/\/www.xing.com\/pages\/uelzenerallgemeineversicherungs-gesellschafta-g\",\"https:\/\/www.youtube.com\/UelzenerVersicherungen\"]}]}<\/script>\n<!-- \/ Yoast SEO Premium plugin. -->","yoast_head_json":{"title":"Faszination Fremdk\u00f6rper: Wenn Katzen Gegenst\u00e4nde verschlucken | Uelzener Magazin","description":"Wenn die Neugierde siegt, kann es gef\u00e4hrlich werden: Wollf\u00e4den oder M\u00fcnzen sind f\u00fcr Katzen oft so interessant, dass sie im Magen-Darm-Trakt landen. Dort k\u00f6nnen Fremdk\u00f6rper lebensbedrohliche Verstopfungen ausl\u00f6sen. Wie kannst du deine Katze sch\u00fctzen?","robots":{"index":"index","follow":"follow","max-snippet":"max-snippet:-1","max-image-preview":"max-image-preview:large","max-video-preview":"max-video-preview:-1"},"canonical":"https:\/\/uelzener.de\/magazin\/katze\/tiergesundheit\/faszination-fremdkoerper\/","og_locale":"de_DE","og_type":"article","og_title":"Faszination Fremdk\u00f6rper: Wenn Katzen Gegenst\u00e4nde verschlucken","og_description":"Wenn die Neugierde siegt, kann es gef\u00e4hrlich werden: Wollf\u00e4den oder M\u00fcnzen sind f\u00fcr Katzen oft so interessant, dass sie im Magen-Darm-Trakt landen. Dort k\u00f6nnen Fremdk\u00f6rper lebensbedrohliche Verstopfungen ausl\u00f6sen. Wie kannst du deine Katze sch\u00fctzen?","og_url":"https:\/\/uelzener.de\/magazin\/katze\/tiergesundheit\/faszination-fremdkoerper\/","og_site_name":"Uelzener Tier-Magazin","article_publisher":"https:\/\/www.facebook.com\/Uelzener","article_modified_time":"2025-04-28T08:19:32+00:00","og_image":[{"width":650,"height":433,"url":"https:\/\/uelzener.de\/magazin\/app\/uploads\/2019\/01\/44f5e4d3-b922-4b72-899b-3b72190c816c.jpg","type":"image\/jpeg"}],"twitter_card":"summary_large_image","twitter_misc":{"Gesch\u00e4tzte Lesezeit":"4\u00a0Minuten"},"schema":{"@context":"https:\/\/schema.org","@graph":[{"@type":"WebPage","@id":"https:\/\/uelzener.de\/magazin\/katze\/tiergesundheit\/faszination-fremdkoerper\/","url":"https:\/\/uelzener.de\/magazin\/katze\/tiergesundheit\/faszination-fremdkoerper\/","name":"Faszination Fremdk\u00f6rper: Wenn Katzen Gegenst\u00e4nde verschlucken | Uelzener Magazin","isPartOf":{"@id":"https:\/\/uelzener.de\/magazin\/#website"},"primaryImageOfPage":{"@id":"https:\/\/uelzener.de\/magazin\/katze\/tiergesundheit\/faszination-fremdkoerper\/#primaryimage"},"image":{"@id":"https:\/\/uelzener.de\/magazin\/katze\/tiergesundheit\/faszination-fremdkoerper\/#primaryimage"},"thumbnailUrl":"https:\/\/uelzener.de\/magazin\/app\/uploads\/2019\/01\/44f5e4d3-b922-4b72-899b-3b72190c816c.jpg","datePublished":"2019-01-10T00:00:00+00:00","dateModified":"2025-04-28T08:19:32+00:00","description":"Wenn die Neugierde siegt, kann es gef\u00e4hrlich werden: Wollf\u00e4den oder M\u00fcnzen sind f\u00fcr Katzen oft so interessant, dass sie im Magen-Darm-Trakt landen. Dort k\u00f6nnen Fremdk\u00f6rper lebensbedrohliche Verstopfungen ausl\u00f6sen. Wie kannst du deine Katze sch\u00fctzen?","breadcrumb":{"@id":"https:\/\/uelzener.de\/magazin\/katze\/tiergesundheit\/faszination-fremdkoerper\/#breadcrumb"},"inLanguage":"de","potentialAction":[{"@type":"ReadAction","target":["https:\/\/uelzener.de\/magazin\/katze\/tiergesundheit\/faszination-fremdkoerper\/"]}]},{"@type":"ImageObject","inLanguage":"de","@id":"https:\/\/uelzener.de\/magazin\/katze\/tiergesundheit\/faszination-fremdkoerper\/#primaryimage","url":"https:\/\/uelzener.de\/magazin\/app\/uploads\/2019\/01\/44f5e4d3-b922-4b72-899b-3b72190c816c.jpg","contentUrl":"https:\/\/uelzener.de\/magazin\/app\/uploads\/2019\/01\/44f5e4d3-b922-4b72-899b-3b72190c816c.jpg","width":650,"height":433,"caption":"Eine schwarz wei\u00dfe Katze will mit einem Haargummi spielen, hier ist Vorsicht geboten, sollte die Katze das Haargummi kann der Fremdk\u00f6rper gef\u00e4hrlich werden."},{"@type":"WebSite","@id":"https:\/\/uelzener.de\/magazin\/#website","url":"https:\/\/uelzener.de\/magazin\/","name":"Uelzener Tiermagazin","description":"Online Tierratgeber der Uelzener Versicherungen","publisher":{"@id":"https:\/\/uelzener.de\/magazin\/#organization"},"potentialAction":[{"@type":"SearchAction","target":{"@type":"EntryPoint","urlTemplate":"https:\/\/uelzener.de\/magazin\/?s={search_term_string}"},"query-input":{"@type":"PropertyValueSpecification","valueRequired":true,"valueName":"search_term_string"}}],"inLanguage":"de"},{"@type":"Organization","@id":"https:\/\/uelzener.de\/magazin\/#organization","name":"Uelzener Versicherungen","url":"https:\/\/uelzener.de\/magazin\/","logo":{"@type":"ImageObject","inLanguage":"de","@id":"https:\/\/uelzener.de\/magazin\/#\/schema\/logo\/image\/","url":"https:\/\/uelzener.de\/magazin\/app\/uploads\/2024\/11\/uelzener_allgemeine_versicherungsgesellschaft_a_g_logo.jpg","contentUrl":"https:\/\/uelzener.de\/magazin\/app\/uploads\/2024\/11\/uelzener_allgemeine_versicherungsgesellschaft_a_g_logo.jpg","width":200,"height":200,"caption":"Uelzener Versicherungen"},"image":{"@id":"https:\/\/uelzener.de\/magazin\/#\/schema\/logo\/image\/"},"sameAs":["https:\/\/www.facebook.com\/Uelzener","https:\/\/instagram.com\/uelzener","https:\/\/www.xing.com\/pages\/uelzenerallgemeineversicherungs-gesellschafta-g","https:\/\/www.youtube.com\/UelzenerVersicherungen"]}]}},"_links":{"self":[{"href":"https:\/\/uelzener.de\/magazin\/wp-json\/wp\/v2\/pages\/10181","targetHints":{"allow":["GET"]}}],"collection":[{"href":"https:\/\/uelzener.de\/magazin\/wp-json\/wp\/v2\/pages"}],"about":[{"href":"https:\/\/uelzener.de\/magazin\/wp-json\/wp\/v2\/types\/page"}],"author":[{"embeddable":true,"href":"https:\/\/uelzener.de\/magazin\/wp-json\/wp\/v2\/users\/1"}],"replies":[{"embeddable":true,"href":"https:\/\/uelzener.de\/magazin\/wp-json\/wp\/v2\/comments?post=10181"}],"version-history":[{"count":15,"href":"https:\/\/uelzener.de\/magazin\/wp-json\/wp\/v2\/pages\/10181\/revisions"}],"predecessor-version":[{"id":18452,"href":"https:\/\/uelzener.de\/magazin\/wp-json\/wp\/v2\/pages\/10181\/revisions\/18452"}],"up":[{"embeddable":true,"href":"https:\/\/uelzener.de\/magazin\/wp-json\/wp\/v2\/pages\/11712"}],"wp:featuredmedia":[{"embeddable":true,"href":"https:\/\/uelzener.de\/magazin\/wp-json\/wp\/v2\/media\/10770"}],"wp:attachment":[{"href":"https:\/\/uelzener.de\/magazin\/wp-json\/wp\/v2\/media?parent=10181"}],"curies":[{"name":"wp","href":"https:\/\/api.w.org\/{rel}","templated":true}]}}