{"id":10178,"date":"2023-07-04T00:00:00","date_gmt":"2023-07-03T22:00:00","guid":{"rendered":""},"modified":"2025-09-23T10:45:48","modified_gmt":"2025-09-23T08:45:48","slug":"russisch-blau-katze","status":"publish","type":"page","link":"https:\/\/uelzener.de\/magazin\/katze\/rasseportrait\/russisch-blau-katze\/","title":{"rendered":"Russisch Blau: Die Zarenkatze mit Charme"},"content":{"rendered":"<p>Weiches graublaues Fell, ein freundlicher Gesichtsausdruck, ein verspieltes, anh\u00e4ngliches Wesen: Wer eine ausgeglichene Wohnungskatze sucht, kann mit einer Vertreterin der nat\u00fcrlich entstandenen Rasse Russisch Blau sein gro\u00dfes Gl\u00fcck finden.<\/p>\n<h2>Herkunft<\/h2>\n<p>Die Russisch Blau ist nicht durch Z\u00fcchtung entstanden, sondern geh\u00f6rt zu den Naturkatzenrassen \u2013 die Rasse hat sich also auf nat\u00fcrlichem Weg entwickelt. Ihre Urspr\u00fcnge sind unklar: Fest steht nur, dass Katzen mit bl\u00e4ulichem Fell schon vor der ersten Jahrtausendwende in Russland und Nordskandinavien bekannt waren. Davon zeugen Kleidungsst\u00fccke der Wikinger aus Katzenfell. Besonders beliebt waren sie im 19. Jahrhundert, als sie am Zarenhof als pl\u00fcschige Gesellschafterinnen \u2013 nicht als Pelzlieferanten \u2013 lebten. Gern wurden sie als Geschenk an andere F\u00fcrstenh\u00f6fe Europas weitergereicht, unter anderem an K\u00f6nigin Viktoria in Gro\u00dfbritannien.<\/p>\n<p>Die ersten Zuchtexemplare stammten aus der nordrussischen Stadt Archangelsk, weshalb die Katze auch \u201eArchangelsk-Katze\u201c genannt wurde. 1937 wurde die Katzenrasse offiziell anerkannt und erfreute sich vor allem in Russland und England gro\u00dfer Beliebtheit. Trotzdem verschwand die Russisch Blau nach dem zweiten Weltkrieg fast vollst\u00e4ndig. Erst durch die Bem\u00fchungen verschiedener Z\u00fcchter in Europa gelang es, zum Teil auch durch Einkreuzung von Siamkatzen und Britisch Kurzhaar, die Katzenrasse zu retten. Heute ist die Russisch Blau eine nicht sehr oft vorkommende Katze, aber durch ihr elegantes \u00c4u\u00dferes ist sie hier und da in der Werbung zu bewundern.<\/p>\n<h2>Aussehen<\/h2>\n<p>Die Russisch Blau hat einen langen, schlanken, muskul\u00f6sen K\u00f6rperbau, einen schmalen Kopf mit gro\u00dfen Ohren, gro\u00dfe, gr\u00fcne Augen und eine Mundpartie, die zu l\u00e4cheln scheint. Ihr weiches, graublaues Fell besteht aus Unterwolle und Deckhaar, beide etwa gleich lang. Dieses Fell zeugt von ihrer wilden Vergangenheit im hohen Norden und macht sie unempfindlich gegen K\u00e4lte und N\u00e4sse. Zudem hat es einen edlen, silbrigen Schimmer, der durch die farblosen Haarspitzen entsteht. Andere Farbschattierungen oder Abzeichen sind unerw\u00fcnscht.<\/p>\n<h2>Charakter<\/h2>\n<p>Charakterlich gilt die Russisch Blau als anh\u00e4nglich und verschmust. Sie w\u00e4hlt allerdings sehr genau aus, wem sie ihre Zuneigung schenkt und ist Besuchern gegen\u00fcber oft distanziert. Sie eignet sich sehr gut als Wohnungskatze, da sie ruhig und zur\u00fcckhaltend ist. Allerdings mag sie keine gro\u00dfe Unruhe und m\u00f6chte, dass alles seinen geregelten Gang geht. Ihre Ausgeglichenheit und Ruhe machen sie zu einer angenehmen Gesellschafterin. Sie sollte niemals allein gehalten werden und regelm\u00e4\u00dfigen Kontakt zu ihren erw\u00e4hlten Menschen haben k\u00f6nnen.<\/p>\n<p>Bei aller Ruhe spielt die Russisch Blau bis ins hohe Alter gern, ohne dabei gleich die Wohnung in Tr\u00fcmmer zu legen. Dank ihrer Intelligenz hat sie das Zeug f\u00fcr (mehr oder weniger erw\u00fcnschte) Tricks wie das \u00d6ffnen von T\u00fcren oder Schr\u00e4nken. So eignet sie sich hervorragend f\u00fcr das Clicker-Training. Junge Russisch Blau-Katzen sind ausgelassen und zu jeder Menge Schabernack bereit, was sich aber mit dem Erwachsenwerden legt.<\/p>\n<h2>Pflege und Haltung<\/h2>\n<p>Das Fell der Russisch Blau ist pflegeleicht, sodass einmal b\u00fcrsten pro Woche in der Regel ausreicht. Sie ist als Naturrasse ausgesprochen gesund und neigt nicht zu Erbkrankheiten. Kurz, eine sch\u00f6ne und unkomplizierte Katze.<\/p>\n<p>Dennoch ist es ratsam, eine gute Katzenversicherung abzuschlie\u00dfen, da es trotz der guten Gesundheit immer mal zu Verletzungen kommen kann oder Deine Katze eine Impfung oder eine Wurmkur ben\u00f6tigt. Mit der Versicherung bist du dann vor den m\u00f6glichen Kosten gesch\u00fctzt.<\/p>\n\n<div class=\"related_articles boxed\">\n    <h2>Mehr zum Thema<\/h2>\n    \n    <div class=\"wrapper\"><div class=\"title align-center\"><h3><a href=\"https:\/\/uelzener.de\/magazin\/katze\/haltung\/wohnungskatze-beschaeftigen\/\">Wohnungskatze besch\u00e4ftigen: Tipps f\u00fcr den Alltag<\/a><\/h3><\/div><div class=\"img align-center\"><img decoding=\"async\" width=\"315\" height=\"180\" src=\"https:\/\/uelzener.de\/magazin\/app\/uploads\/2022\/07\/Header_Magazin_Wohnungskatze-beschaeftigen-315x180.jpg\" class=\"attachment-315x180 size-315x180 wp-post-image\" alt=\"Katze springt in der Wohnung von Stuhl zu Stuhl, eine Wohnungskatze zu besch\u00e4ftigen ist nicht leicht.\" \/><\/div><\/div><div class=\"wrapper\"><div class=\"title align-center\"><h3><a href=\"https:\/\/uelzener.de\/magazin\/katze\/erziehung-und-training\/clickertraining-katzen-apportieren-beibringen\/\">Clickertraining: Katzen apportieren beibringen<\/a><\/h3><\/div><div class=\"img align-center\"><img decoding=\"async\" width=\"315\" height=\"180\" src=\"https:\/\/uelzener.de\/magazin\/app\/uploads\/2023\/03\/clickertraining-katzen-lernen-315x180.jpg\" class=\"attachment-315x180 size-315x180 wp-post-image\" alt=\"Katzen mit Clickertraining und Leckerlis das Lernen beibringen.\" \/><\/div><\/div><div class=\"wrapper\"><div class=\"title align-center\"><h3><a href=\"https:\/\/uelzener.de\/magazin\/katze\/haeufige-fragen\/warum-miaut-katze-nicht\/\">Warum miaut meine Katze nicht?<\/a><\/h3><\/div><div class=\"img align-center\"><img decoding=\"async\" width=\"315\" height=\"138\" src=\"https:\/\/uelzener.de\/magazin\/app\/uploads\/2025\/09\/katze-miaut-nicht.png\" class=\"attachment-315x180 size-315x180 wp-post-image\" alt=\"Katze h\u00e4lt sich mit der Pfote das Maul zu und miaut nicht.\" \/><\/div><\/div><\/div>\n\n<h2>Sind Russisch Blau anf\u00e4llig f\u00fcr Krankheiten?<\/h2>\n<p>Die Russisch Blau weist keine besondere Anf\u00e4lligkeit f\u00fcr Krankheiten auf. Da der Genpool recht klein ist, sollte man nur Katzen von seri\u00f6sen Z\u00fcchtern aufnehmen. So ist sichergestellt, dass nur Katzen miteinander verpaart werden, deren Abstammungen weit genug auseinanderliegen.<\/p>\n<h2>Fazit<\/h2>\n<p>Die Russisch Blau gilt als Naturkatzenrasse, deren hervorstechendstes Merkmal ihr blaues doppeltes Fell ist. Die verschmuste und anh\u00e4ngliche Katze ist pflegeleicht, intelligent und eher zur\u00fcckhaltend.<\/p>\n<h2>FAQ: H\u00e4ufig gestellte Fragen zu Russisch Blau Katzen<\/h2>\n<h3>Kann man eine Russisch Blau Katze alleine halten?<\/h3>\n<p>Als Freig\u00e4nger kann eine Russisch Blau durchaus alleine gehalten werden. Bei reiner Wohnungshaltung empfiehlt sich die Haltung mehrerer Katzen. Ist dies nicht m\u00f6glich, sollten Katzenhalter:innen viel Zeit mit ihrem Stubentiger verbringen und sie nicht lange alleine lassen. Russisch Blau sind familienliebende, gesellige Tiere, die zudem als vergleichsweise intelligent gelten. Daher sollten ihr Zuhause abwechslungsreich gestaltet sein und viel Platz und Anregungen zum Spielen bieten. Ein zweiter Artgenosse bereichert ihr Leben und sorgt f\u00fcr eine artgerechtere Haltung.<\/p>\n<h3>Sind sie f\u00fcr Anf\u00e4nger:innen geeignet?<\/h3>\n<p>Ja, Russisch Blau gelten als unkomplizierte Katzen, die gut f\u00fcr Anf\u00e4nger:innen geeignet sind.<\/p>\n<h3>Ist die Russisch Blau Katze f\u00fcr Allergiker:innen geeignet?<\/h3>\n<p>Auf diese Frage gibt es keine eindeutige Antwort. Denn auch, wenn die Russisch Blau weniger allergene Stoffe absondert, k\u00f6nnen Menschen allergisch reagieren. Grunds\u00e4tzlich gilt die Russisch Blau jedoch als geeigneter f\u00fcr Allergiker:innen als andere Katzenrassen. Das doppelte Fell der Russisch Blau sondert weniger Glykoprotein ab, das als allergieausl\u00f6send gilt. Au\u00dferdem verlieren sie mitunter weniger Fell als andere Katzenrassen.<\/p>\n<h3>Kann man sie gut als Freig\u00e4nger halten?<\/h3>\n<p>Zumeist wird die Russisch Blau als Wohnungskatze gehalten. Dennoch ist eine Haltung als Freig\u00e4nger m\u00f6glich. Man sollte jedoch gut beobachten und pr\u00fcfen, ob sich die jeweilige Katze daf\u00fcr eignet. Russisch Blau sind vom Naturell her eher ruheliebend und m\u00f6gen im Allgemeinen ein verl\u00e4ssliches und best\u00e4ndiges Umfeld. Im Freien k\u00f6nnen sie Unw\u00e4gbarkeiten und \u00dcberraschendem ausgeliefert sein. Es kann sein, dass sie dadurch \u00fcberm\u00e4\u00dfig gestresst reagieren und sich un\u00fcberlegt verhalten. Umgekehrt k\u00f6nnen auch Russisch Blau das Zeug zur Freig\u00e4ngerkatze haben. Wie so oft: Jede Katze ist anders und man sollte diese Entscheidung bewusst und im Hinblick auf die jeweilige Katze treffen.<\/p>\n","protected":false},"excerpt":{"rendered":"<p>Weiches graublaues Fell, ein freundlicher Gesichtsausdruck, ein verspieltes, anh\u00e4ngliches Wesen: Wer eine ausgeglichene Wohnungskatze sucht, kann mit einer Vertreterin der nat\u00fcrlich entstandenen Rasse Russisch Blau sein gro\u00dfes Gl\u00fcck finden. Herkunft Die Russisch Blau ist nicht durch Z\u00fcchtung entstanden, sondern geh\u00f6rt zu den Naturkatzenrassen \u2013 die Rasse hat sich also auf nat\u00fcrlichem Weg entwickelt. Ihre Urspr\u00fcnge [&hellip;]<\/p>\n","protected":false},"author":1,"featured_media":15747,"parent":2482,"menu_order":16,"comment_status":"closed","ping_status":"closed","template":"templates\/blog.php","meta":{"_acf_changed":false,"_crdt_document":"","footnotes":"","beyondwords_generate_audio":"0","beyondwords_project_id":"","beyondwords_content_id":"","beyondwords_preview_token":"","beyondwords_player_style":"","beyondwords_language_id":"","beyondwords_title_voice_id":"","beyondwords_body_voice_id":"","beyondwords_summary_voice_id":"","beyondwords_error_message":"","beyondwords_disabled":"","beyondwords_delete_content":"","beyondwords_podcast_id":"","beyondwords_hash":"","publish_post_to_speechkit":"","speechkit_hash":"","speechkit_generate_audio":"","speechkit_project_id":"","speechkit_podcast_id":"","speechkit_error_message":"","speechkit_disabled":"","speechkit_access_key":"","speechkit_error":"","speechkit_info":"","speechkit_response":"","speechkit_retries":"","speechkit_status":"","speechkit_updated_at":"","_speechkit_link":"","_speechkit_text":""},"class_list":["post-10178","page","type-page","status-publish","has-post-thumbnail","hentry"],"acf":[],"yoast_head":"<!-- This site is optimized with the Yoast SEO Premium plugin  - https:\/\/yoast.com\/product\/yoast-seo-premium-wordpress\/ -->\n<title>Russisch Blau im Rasseportrait | Uelzener<\/title>\n<meta name=\"description\" content=\"Erfahre alles zur Katzenrasse Russisch Blau \u2713 Herkunft \u2713 Aussehen \u2713 Charakter \u2713 Haltung \u2713 Pflege \u25b6 Hier informieren!\" \/>\n<meta name=\"robots\" content=\"index, follow, max-snippet:-1, max-image-preview:large, max-video-preview:-1\" \/>\n<link rel=\"canonical\" href=\"https:\/\/uelzener.de\/magazin\/katze\/rasseportrait\/russisch-blau-katze\/\" \/>\n<meta property=\"og:locale\" content=\"de_DE\" \/>\n<meta property=\"og:type\" content=\"article\" \/>\n<meta property=\"og:title\" content=\"Russisch Blau: Die Zarenkatze mit Charme\" \/>\n<meta property=\"og:description\" content=\"Erfahre alles zur Katzenrasse Russisch Blau \u2713 Herkunft \u2713 Aussehen \u2713 Charakter \u2713 Haltung \u2713 Pflege \u25b6 Hier informieren!\" \/>\n<meta property=\"og:url\" content=\"https:\/\/uelzener.de\/magazin\/katze\/rasseportrait\/russisch-blau-katze\/\" \/>\n<meta property=\"og:site_name\" content=\"Uelzener Tier-Magazin\" \/>\n<meta property=\"article:publisher\" content=\"https:\/\/www.facebook.com\/Uelzener\" \/>\n<meta property=\"article:modified_time\" content=\"2025-09-23T08:45:48+00:00\" \/>\n<meta property=\"og:image\" content=\"https:\/\/uelzener.de\/magazin\/app\/uploads\/2023\/06\/russich-blau-katze.jpg\" \/>\n\t<meta property=\"og:image:width\" content=\"1025\" \/>\n\t<meta property=\"og:image:height\" content=\"450\" \/>\n\t<meta property=\"og:image:type\" content=\"image\/jpeg\" \/>\n<meta name=\"twitter:card\" content=\"summary_large_image\" \/>\n<meta name=\"twitter:label1\" content=\"Gesch\u00e4tzte Lesezeit\" \/>\n\t<meta name=\"twitter:data1\" content=\"6\u00a0Minuten\" \/>\n<script type=\"application\/ld+json\" class=\"yoast-schema-graph\">{\"@context\":\"https:\/\/schema.org\",\"@graph\":[{\"@type\":\"WebPage\",\"@id\":\"https:\/\/uelzener.de\/magazin\/katze\/rasseportrait\/russisch-blau-katze\/\",\"url\":\"https:\/\/uelzener.de\/magazin\/katze\/rasseportrait\/russisch-blau-katze\/\",\"name\":\"Russisch Blau im Rasseportrait | Uelzener\",\"isPartOf\":{\"@id\":\"https:\/\/uelzener.de\/magazin\/#website\"},\"primaryImageOfPage\":{\"@id\":\"https:\/\/uelzener.de\/magazin\/katze\/rasseportrait\/russisch-blau-katze\/#primaryimage\"},\"image\":{\"@id\":\"https:\/\/uelzener.de\/magazin\/katze\/rasseportrait\/russisch-blau-katze\/#primaryimage\"},\"thumbnailUrl\":\"https:\/\/uelzener.de\/magazin\/app\/uploads\/2023\/06\/russich-blau-katze.jpg\",\"datePublished\":\"2023-07-03T22:00:00+00:00\",\"dateModified\":\"2025-09-23T08:45:48+00:00\",\"description\":\"Erfahre alles zur Katzenrasse Russisch Blau \u2713 Herkunft \u2713 Aussehen \u2713 Charakter \u2713 Haltung \u2713 Pflege \u25b6 Hier informieren!\",\"breadcrumb\":{\"@id\":\"https:\/\/uelzener.de\/magazin\/katze\/rasseportrait\/russisch-blau-katze\/#breadcrumb\"},\"inLanguage\":\"de\",\"potentialAction\":[{\"@type\":\"ReadAction\",\"target\":[\"https:\/\/uelzener.de\/magazin\/katze\/rasseportrait\/russisch-blau-katze\/\"]}]},{\"@type\":\"ImageObject\",\"inLanguage\":\"de\",\"@id\":\"https:\/\/uelzener.de\/magazin\/katze\/rasseportrait\/russisch-blau-katze\/#primaryimage\",\"url\":\"https:\/\/uelzener.de\/magazin\/app\/uploads\/2023\/06\/russich-blau-katze.jpg\",\"contentUrl\":\"https:\/\/uelzener.de\/magazin\/app\/uploads\/2023\/06\/russich-blau-katze.jpg\",\"width\":1025,\"height\":450,\"caption\":\"Russisch Blau Katze streift durch den Wald.\"},{\"@type\":\"WebSite\",\"@id\":\"https:\/\/uelzener.de\/magazin\/#website\",\"url\":\"https:\/\/uelzener.de\/magazin\/\",\"name\":\"Uelzener Tiermagazin\",\"description\":\"Online Tierratgeber der Uelzener Versicherungen\",\"publisher\":{\"@id\":\"https:\/\/uelzener.de\/magazin\/#organization\"},\"potentialAction\":[{\"@type\":\"SearchAction\",\"target\":{\"@type\":\"EntryPoint\",\"urlTemplate\":\"https:\/\/uelzener.de\/magazin\/?s={search_term_string}\"},\"query-input\":{\"@type\":\"PropertyValueSpecification\",\"valueRequired\":true,\"valueName\":\"search_term_string\"}}],\"inLanguage\":\"de\"},{\"@type\":\"Organization\",\"@id\":\"https:\/\/uelzener.de\/magazin\/#organization\",\"name\":\"Uelzener Versicherungen\",\"url\":\"https:\/\/uelzener.de\/magazin\/\",\"logo\":{\"@type\":\"ImageObject\",\"inLanguage\":\"de\",\"@id\":\"https:\/\/uelzener.de\/magazin\/#\/schema\/logo\/image\/\",\"url\":\"https:\/\/uelzener.de\/magazin\/app\/uploads\/2024\/11\/uelzener_allgemeine_versicherungsgesellschaft_a_g_logo.jpg\",\"contentUrl\":\"https:\/\/uelzener.de\/magazin\/app\/uploads\/2024\/11\/uelzener_allgemeine_versicherungsgesellschaft_a_g_logo.jpg\",\"width\":200,\"height\":200,\"caption\":\"Uelzener Versicherungen\"},\"image\":{\"@id\":\"https:\/\/uelzener.de\/magazin\/#\/schema\/logo\/image\/\"},\"sameAs\":[\"https:\/\/www.facebook.com\/Uelzener\",\"https:\/\/instagram.com\/uelzener\",\"https:\/\/www.xing.com\/pages\/uelzenerallgemeineversicherungs-gesellschafta-g\",\"https:\/\/www.youtube.com\/UelzenerVersicherungen\"]}]}<\/script>\n<!-- \/ Yoast SEO Premium plugin. -->","yoast_head_json":{"title":"Russisch Blau im Rasseportrait | Uelzener","description":"Erfahre alles zur Katzenrasse Russisch Blau \u2713 Herkunft \u2713 Aussehen \u2713 Charakter \u2713 Haltung \u2713 Pflege \u25b6 Hier informieren!","robots":{"index":"index","follow":"follow","max-snippet":"max-snippet:-1","max-image-preview":"max-image-preview:large","max-video-preview":"max-video-preview:-1"},"canonical":"https:\/\/uelzener.de\/magazin\/katze\/rasseportrait\/russisch-blau-katze\/","og_locale":"de_DE","og_type":"article","og_title":"Russisch Blau: Die Zarenkatze mit Charme","og_description":"Erfahre alles zur Katzenrasse Russisch Blau \u2713 Herkunft \u2713 Aussehen \u2713 Charakter \u2713 Haltung \u2713 Pflege \u25b6 Hier informieren!","og_url":"https:\/\/uelzener.de\/magazin\/katze\/rasseportrait\/russisch-blau-katze\/","og_site_name":"Uelzener Tier-Magazin","article_publisher":"https:\/\/www.facebook.com\/Uelzener","article_modified_time":"2025-09-23T08:45:48+00:00","og_image":[{"width":1025,"height":450,"url":"https:\/\/uelzener.de\/magazin\/app\/uploads\/2023\/06\/russich-blau-katze.jpg","type":"image\/jpeg"}],"twitter_card":"summary_large_image","twitter_misc":{"Gesch\u00e4tzte Lesezeit":"6\u00a0Minuten"},"schema":{"@context":"https:\/\/schema.org","@graph":[{"@type":"WebPage","@id":"https:\/\/uelzener.de\/magazin\/katze\/rasseportrait\/russisch-blau-katze\/","url":"https:\/\/uelzener.de\/magazin\/katze\/rasseportrait\/russisch-blau-katze\/","name":"Russisch Blau im Rasseportrait | Uelzener","isPartOf":{"@id":"https:\/\/uelzener.de\/magazin\/#website"},"primaryImageOfPage":{"@id":"https:\/\/uelzener.de\/magazin\/katze\/rasseportrait\/russisch-blau-katze\/#primaryimage"},"image":{"@id":"https:\/\/uelzener.de\/magazin\/katze\/rasseportrait\/russisch-blau-katze\/#primaryimage"},"thumbnailUrl":"https:\/\/uelzener.de\/magazin\/app\/uploads\/2023\/06\/russich-blau-katze.jpg","datePublished":"2023-07-03T22:00:00+00:00","dateModified":"2025-09-23T08:45:48+00:00","description":"Erfahre alles zur Katzenrasse Russisch Blau \u2713 Herkunft \u2713 Aussehen \u2713 Charakter \u2713 Haltung \u2713 Pflege \u25b6 Hier informieren!","breadcrumb":{"@id":"https:\/\/uelzener.de\/magazin\/katze\/rasseportrait\/russisch-blau-katze\/#breadcrumb"},"inLanguage":"de","potentialAction":[{"@type":"ReadAction","target":["https:\/\/uelzener.de\/magazin\/katze\/rasseportrait\/russisch-blau-katze\/"]}]},{"@type":"ImageObject","inLanguage":"de","@id":"https:\/\/uelzener.de\/magazin\/katze\/rasseportrait\/russisch-blau-katze\/#primaryimage","url":"https:\/\/uelzener.de\/magazin\/app\/uploads\/2023\/06\/russich-blau-katze.jpg","contentUrl":"https:\/\/uelzener.de\/magazin\/app\/uploads\/2023\/06\/russich-blau-katze.jpg","width":1025,"height":450,"caption":"Russisch Blau Katze streift durch den Wald."},{"@type":"WebSite","@id":"https:\/\/uelzener.de\/magazin\/#website","url":"https:\/\/uelzener.de\/magazin\/","name":"Uelzener Tiermagazin","description":"Online Tierratgeber der Uelzener Versicherungen","publisher":{"@id":"https:\/\/uelzener.de\/magazin\/#organization"},"potentialAction":[{"@type":"SearchAction","target":{"@type":"EntryPoint","urlTemplate":"https:\/\/uelzener.de\/magazin\/?s={search_term_string}"},"query-input":{"@type":"PropertyValueSpecification","valueRequired":true,"valueName":"search_term_string"}}],"inLanguage":"de"},{"@type":"Organization","@id":"https:\/\/uelzener.de\/magazin\/#organization","name":"Uelzener Versicherungen","url":"https:\/\/uelzener.de\/magazin\/","logo":{"@type":"ImageObject","inLanguage":"de","@id":"https:\/\/uelzener.de\/magazin\/#\/schema\/logo\/image\/","url":"https:\/\/uelzener.de\/magazin\/app\/uploads\/2024\/11\/uelzener_allgemeine_versicherungsgesellschaft_a_g_logo.jpg","contentUrl":"https:\/\/uelzener.de\/magazin\/app\/uploads\/2024\/11\/uelzener_allgemeine_versicherungsgesellschaft_a_g_logo.jpg","width":200,"height":200,"caption":"Uelzener Versicherungen"},"image":{"@id":"https:\/\/uelzener.de\/magazin\/#\/schema\/logo\/image\/"},"sameAs":["https:\/\/www.facebook.com\/Uelzener","https:\/\/instagram.com\/uelzener","https:\/\/www.xing.com\/pages\/uelzenerallgemeineversicherungs-gesellschafta-g","https:\/\/www.youtube.com\/UelzenerVersicherungen"]}]}},"_links":{"self":[{"href":"https:\/\/uelzener.de\/magazin\/wp-json\/wp\/v2\/pages\/10178","targetHints":{"allow":["GET"]}}],"collection":[{"href":"https:\/\/uelzener.de\/magazin\/wp-json\/wp\/v2\/pages"}],"about":[{"href":"https:\/\/uelzener.de\/magazin\/wp-json\/wp\/v2\/types\/page"}],"author":[{"embeddable":true,"href":"https:\/\/uelzener.de\/magazin\/wp-json\/wp\/v2\/users\/1"}],"replies":[{"embeddable":true,"href":"https:\/\/uelzener.de\/magazin\/wp-json\/wp\/v2\/comments?post=10178"}],"version-history":[{"count":16,"href":"https:\/\/uelzener.de\/magazin\/wp-json\/wp\/v2\/pages\/10178\/revisions"}],"predecessor-version":[{"id":19274,"href":"https:\/\/uelzener.de\/magazin\/wp-json\/wp\/v2\/pages\/10178\/revisions\/19274"}],"up":[{"embeddable":true,"href":"https:\/\/uelzener.de\/magazin\/wp-json\/wp\/v2\/pages\/2482"}],"wp:featuredmedia":[{"embeddable":true,"href":"https:\/\/uelzener.de\/magazin\/wp-json\/wp\/v2\/media\/15747"}],"wp:attachment":[{"href":"https:\/\/uelzener.de\/magazin\/wp-json\/wp\/v2\/media?parent=10178"}],"curies":[{"name":"wp","href":"https:\/\/api.w.org\/{rel}","templated":true}]}}