{"id":10177,"date":"2023-08-08T12:50:00","date_gmt":"2023-08-08T10:50:00","guid":{"rendered":""},"modified":"2025-11-13T09:59:36","modified_gmt":"2025-11-13T08:59:36","slug":"koennen-katzen-schwimmen","status":"publish","type":"page","link":"https:\/\/uelzener.de\/magazin\/katze\/haltung\/koennen-katzen-schwimmen\/","title":{"rendered":"K\u00f6nnen Katzen schwimmen? Ein Blick in die Welt der felinen Schwimmer"},"content":{"rendered":"<p>Katzen gelten als wasserscheu. Meistens gehen wir davon aus, dass sie nicht schwimmen k\u00f6nnen oder wollen. Ob das so ist, unter welchen Umst\u00e4nden Katzen m\u00f6glicherweise doch schwimmen k\u00f6nnen und wie vielleicht sogar Wassersport mit Katzen m\u00f6glich sein k\u00f6nnte, schauen wir uns in diesem Artikel an.<\/p>\n<h2>Die Schwimmf\u00e4higkeit von Katzen \u2013 Mythos oder Realit\u00e4t?<\/h2>\n<p>Ab und an wird man mit der Behauptung konfrontiert, dass Katzen eigentlich nat\u00fcrliche Schwimmer seien. Dieser Mythos l\u00e4sst sich auf eine Beobachtung wilder Katzen zur\u00fcckf\u00fchren, die gelegentlich ins Wasser gehen, um zu jagen oder ihren Durst zu stillen. Zudem trifft man vereinzelt auf Berichte \u00fcber Hauskatzen, die Wasser m\u00f6gen. Die meisten Katzenhalter:innen, beispielsweise von der sehr beliebten <a href=\"https:\/\/uelzener.de\/magazin\/katze\/rasseportrait\/britisch-kurzhaar\/\">Britisch Kurzhaar<\/a>, wissen jedoch aus Erfahrung, dass ihre Stubentiger in aller Regel das Wasser scheuen und keine nat\u00fcrlichen Schwimmer sind. Kein Wunder. Macht ihre Anatomie es den Samtpfoten doch einfach auch schwer, sich im Wasser fortzubewegen.<\/p>\n<h3>Die Anatomie der Katzen<\/h3>\n<p>Die Anatomie der Katzen ist auf spezifischen F\u00e4higkeiten, wie das Klettern und Springen, ausgelegt. Im Gegensatz zu einigen anderen eher wasserliebenden Tieren haben Katzen eine h\u00f6here K\u00f6rperdichte und weniger Auftrieb im Wasser. So haben sie nicht die gleichen nat\u00fcrlichen Schwimmf\u00e4higkeiten wie beispielsweise Hunde. Zudem ist die Muskulatur von Katzen f\u00fcr pl\u00f6tzliche Bewegungen wie Springen und Klettern pr\u00e4destiniert. Beim Schwimmen hingegen sind kontinuierliche Bewegungen n\u00f6tig, die f\u00fcr Katzen normalerweise ungewohnt sind.<\/p>\n<h2>Sind Katzen wirklich wasserscheu?<\/h2>\n<p>Katzen sind von Natur aus darauf programmiert, Wasser zu meiden. Dieser Instinkt l\u00e4sst sich auf ihre Vorfahren zur\u00fcckf\u00fchren, die in trockenen Gebieten lebten. In der freien Natur finden Katzen dort normalerweise kein Gew\u00e4sser, das tief genug zum Schwimmen w\u00e4re. Daher haben sie im Laufe der Evolution keinen angeborenen Drang zum Schwimmen entwickelt. So m\u00fcssen Katzen auch nicht gebadet werden, weil sie ihr <a href=\"https:\/\/uelzener.de\/magazin\/katze\/pflege\/fellpflege-katze\/\">Fell selbst pflegen<\/a> und putzen.<\/p>\n<p>Ein weiterer Grund f\u00fcr die Abneigung vieler Katzen gegen Wasser liegt in ihrer Fellstruktur. Katzen haben dichtes und wasserabweisendes Fell, das sie vor N\u00e4sse sch\u00fctzt. Wird das Fell jedoch durchdringen nass, verliert es seine isolierenden Eigenschaften, und die Katze kann leichter frieren. Um ihr Fell in einem optimalen Zustand zu halten, vermeiden sie es, nasses Fell zu bekommen.<\/p>\n<h2>Ausnahmen best\u00e4tigen die Regel \u2013 Schwimmende Katzen in der Natur<\/h2>\n<p>Wie so oft gibt es auch Ausnahmen. Einige Katzenrassen m\u00f6gen Wasser und scheuen sich auch nicht davor zur\u00fcckzuschwimmen. Dazu geh\u00f6ren Rassen wie T\u00fcrkische Van oder <a href=\"https:\/\/uelzener.de\/magazin\/katze\/rasseportrait\/maine-coon\/\">Maine Coon<\/a>. Katzen dieser Rasse lieben es h\u00e4ufig, am und im Wasser zu sein.<\/p>\n<h2>K\u00f6nnen Katzen schwimmen lernen? Die Rolle von Training und Gew\u00f6hnung<\/h2>\n<p>Grunds\u00e4tzlich spricht nichts dagegen, dass Katzen lernen k\u00f6nnen zu schwimmen. Wer seiner Katze das Schwimmen beibringen m\u00f6chten, sollte dabei vorsichtig vorgehen und in flachen und sicheren Gew\u00e4ssern beginnen. Beispielsweise in einem flachen Planschbecken oder einer flachen Wanne, wo die Katze leicht den Boden erreichen kann.<\/p>\n<p>Am leichtesten lernen Katzen durch Training und Gew\u00f6hnung. Dabei ist es besser, h\u00e4ufig und kurz zu trainieren, als seltener und lang. Unterst\u00fctzen l\u00e4sst sich der Lernprozess mit sogenannten positiven Verst\u00e4rkungen. Dazu belohnt man die Katze mit Leckerlis und Lob, wenn sie das Wasser erkundet oder sich darin aufh\u00e4lt. Wenn die Katze nerv\u00f6s reagiert oder gestresst wirkt, sollte man das Training sofort abbrechen und sie in Ruhe lassen. Mit der N\u00e4he zu Gew\u00e4ssern geht stets auch ein gewisses Risiko f\u00fcr \u201eNichtschwimmer\u201c aller Art einher. So ist es auch bei unseren Samtpfoten.<\/p>\n<h2>Sicherheit von Katzen in der N\u00e4he von Wasser \u2013 Praktische Ratschl\u00e4ge<\/h2>\n<p>In der Regel halten Katzen sich von selbst von Gew\u00e4ssern fern. Dennoch kann es zu riskanten Situationen kommen, wenn Katzen unvorbereitet ins Wasser fallen. Beispielsweise weil sie sich erschrecken oder nicht erkennen, dass es sich um ein Gew\u00e4sser handelt. Selbst wenn die Katze sich \u00fcber Wasser halten kann, besteht das Risiko, dass sie sich ersch\u00f6pft und sterben kann, wenn sie nicht rechtzeitig gefunden wird.<\/p>\n<p>Gew\u00e4sser sind jedoch nicht ausschlie\u00dflich Gefahrenquellen f\u00fcr Katzen. Nicht nur sch\u00f6n anzusehen, eignen sie sich doch als Grundlage f\u00fcr viele Wassersportarten. Manch Katzenbesitzer:in fragt sich vielleicht, ob man gemeinsam mit der Katze den geliebten Wassersport betreiben kann. Gerade, wenn die Bewegung auf dem Wasser stattfindet und Mensch und Tier mit hoher Wahrscheinlichkeit dabei trocken bleiben.<\/p>\n\n<div class=\"banner\">\n    <a href=\"https:\/\/uelzener.de\/katze\/katzen-krankenversicherung\/?agt=0000104925&sem=true&utm_medium=magazin&utm_source=wordpress&utm_campaign=katze_kv&utm_content=banner\">\n        <img decoding=\"async\" width=\"300\" height=\"212\" src=\"https:\/\/uelzener.de\/magazin\/app\/uploads\/2025\/01\/Katzen-Kranken-Versicherung.jpg\" class=\"attachment-medium size-medium\" alt=\"Banner Katzen-Kranken-Versicherung\" \/>    <\/a>\n<\/div>\n\n<h2>Katzen und Wassersport \u2013 Ein Blick auf ungew\u00f6hnliche Aktivit\u00e4ten<\/h2>\n<p>Auch, wenn Katzen in der Regel wasserscheu sind, k\u00f6nnen sie m\u00f6glicherweise gemeinsam mit ihrem Menschen Wassersport betreiben. Dabei sollte man jedoch stets die Sicherheit seiner Katze im Blick behalten und sie mit einer Schwimmweste sch\u00fctzen.<\/p>\n<p>Stand-Up Paddling (SUP): Einige Katzen m\u00f6gen es, auf dem Paddleboard mit ihrem Besitzer mitzufahren. Daf\u00fcr sollte der Mensch allerdings sehr sicher auf seinem SUP sein. Kippt das Board und fallen Mensch und Tier ins Wasser, kann dies f\u00fcr die Katze gef\u00e4hrlich und zumindest sehr stressig sein. In diesen F\u00e4llen kann eine Schwimmweste zumindest vor dem Ertrinken sch\u00fctzen.<\/p>\n<p>Kajakfahren: Entspannte und ruhige Katzen k\u00f6nnen m\u00f6glicherweise in einem Kajak mitfahren. Auch hier ist eine gewisse Stabilit\u00e4t wichtig. Bei ge\u00fcbten Fahrer:innen spricht jedoch nichts dagegen, ihre Katze mitzunehmen. Au\u00dfer, wenn diese das Mitfahren als unangenehm empfindet oder beispielsweise andauernd versucht, das Kajak zu verlassen. In dem Fall bleibt der Vierbeiner lieber an Land.<\/p>\n<p>Bootfahren: Katzen k\u00f6nnen ihre Menschen auf ihren Bootstouren begleiten. Immer wieder h\u00f6rt man von Bootsreisenden, die mit ihrer Katze auf dem Wasser unterwegs sind. M\u00f6gen Katzen das Leben an Board, kann dieser Wassersport zu einem gemeinsamen Vergn\u00fcgen f\u00fcr Mensch und Tier werden.<\/p>\n<p>Wichtig bei allen Wassersportarten: Die Katze sollte sich langsam und schrittweise an die ungewohnte Fortbewegungsart gew\u00f6hnen k\u00f6nnen. F\u00fchlt sie sich nicht wohl und wirkt unruhig und gestresst, sollte man dies respektieren und der Katze erm\u00f6glichen, an Land zu bleiben. Auch Katzen, die Wassersport lieben, k\u00f6nnen ins Wasser fallen. Daher sollte eine Katze stets durch eine Schwimmweste gesichert sein.<\/p>\n\n<div class=\"related_articles boxed\">\n    <h2>Mehr zum Thema<\/h2>\n    \n    <div class=\"wrapper\"><div class=\"title align-center\"><h3><a href=\"https:\/\/uelzener.de\/magazin\/katze\/haltung\/garten-katzensicher-machen\/\">Garten sicher f\u00fcr Katzen gestalten<\/a><\/h3><\/div><div class=\"img align-center\"><img decoding=\"async\" width=\"315\" height=\"180\" src=\"https:\/\/uelzener.de\/magazin\/app\/uploads\/2023\/04\/garten-katzensicher-machen-315x180.jpg\" class=\"attachment-315x180 size-315x180 wp-post-image\" alt=\"Katze schaut neugierig im Garten in einem Teich. Ist dieser Garten katzensicher?\" \/><\/div><\/div><div class=\"wrapper\"><div class=\"title align-center\"><h3><a href=\"https:\/\/uelzener.de\/magazin\/katze\/haltung\/katzen-aussengehege-planen-bauen\/\">Gesicherter Freilauf f\u00fcr Katzen: Au\u00dfengehege planen und bauen<\/a><\/h3><\/div><div class=\"img align-center\"><img decoding=\"async\" width=\"315\" height=\"180\" src=\"https:\/\/uelzener.de\/magazin\/app\/uploads\/2024\/05\/aussengehege-fuer-katzen-315x180.jpg\" class=\"attachment-315x180 size-315x180 wp-post-image\" alt=\"Schwarze Katze im Aussengehege.\" \/><\/div><\/div><div class=\"wrapper\"><div class=\"title align-center\"><h3><a href=\"https:\/\/uelzener.de\/magazin\/katze\/tipps-fuer-den-alltag\/katze-abkuehlen-bei-hitze\/\">Katze bei Hitze abk\u00fchlen: Tipps f\u00fcr den Sommer<\/a><\/h3><\/div><div class=\"img align-center\"><img decoding=\"async\" width=\"315\" height=\"180\" src=\"https:\/\/uelzener.de\/magazin\/app\/uploads\/2022\/06\/Sommertipps-fuer-Katzen-315x180.jpg\" class=\"attachment-315x180 size-315x180 wp-post-image\" alt=\"Katze abk\u00fchlen im Sommer\" \/><\/div><\/div><\/div>\n\n<h2>Fazit<\/h2>\n<p>Die meisten Katzen scheuen das Wasser und dies sollte respektiert werden. Ihre Anatomie erschwert den Aufenthalt im Wasser. So ist weder ihre Muskulatur noch ihr Knochenbau pr\u00e4destiniert daf\u00fcr, sich im Wasser zu bewegen. Ist das Fell der Katze erst einmal vollgesogen, kann sie schnell frieren. Daher ist der Aufenthalt am oder im Wasser in der Regel nicht naheliegend. Immer wieder gibt es jedoch Katzen, die Interesse am feuchten Nass zeigen. Wer Lust hat, kann ausprobieren, ob seine Katze schwimmen lernen mag und es ihr versuchen beizubringen. Ge\u00fcbte Wassersportler k\u00f6nnen das Experiment wagen, ihren Stubentiger auf ihren Fahrten mitzunehmen. Wichtig dabei sind eine vorsichtige Heranf\u00fchrung und Respekt f\u00fcr das Wohlbefinden der Katze. Daneben sollte man stets die Sicherheit der Katze im Blick behalten, sie m\u00f6glichst vor dem Sturz in ein Gew\u00e4sser sch\u00fctzen und beim Wassersport mit einer f\u00fcr Katzen geeigneten Schwimmweste sch\u00fctzen.<\/p>\n<h2>FAQ: H\u00e4ufig gestellte Fragen<\/h2>\n<h3>Wie lange k\u00f6nnen Katzen schwimmen?<\/h3>\n<p>Katzen k\u00f6nnen in der Regel einige Minuten lang schwimmen, wenn sie in eine Situation geraten, in der Schwimmen erforderlich ist, um sich \u00fcber Wasser zu halten. Beispielweise, wenn sie unvermittelt in ein Gew\u00e4sser oder einen Pool fallen. Die Schwimmf\u00e4higkeit einer Katze h\u00e4ngt jedoch von mehreren Faktoren ab, darunter ihre k\u00f6rperliche Verfassung, die Wassertemperatur, die Str\u00f6mungsgeschwindigkeit und ihr allgemeiner Gesundheitszustand. Im Allgemeinen ist es ratsam, Katzen nicht unn\u00f6tig ins Wasser zu bringen. Man sollten ihre nat\u00fcrliche Abneigung gegen Wasser respektieren und sicherstellen, dass sie nicht in gef\u00e4hrliche Wassersituationen geraten.<\/p>\n<h3>D\u00fcrfen Katzen im Pool schwimmen?<\/h3>\n<p>Grunds\u00e4tzlich sollten Katzen nicht unbeaufsichtigt in einem Pool schwimmen. Katzen sind keine nat\u00fcrlichen Schwimmer, zudem k\u00f6nnen sie den Pool in der Regel nicht ohne Hilfe wieder verlassen. Wer seine Katze im Pool planschen lassen m\u00f6chten, sollte daher f\u00fcr ihre Sicherheit sorgen: Katzen sollten niemals unbeaufsichtigt im Pool schwimmen und der Pool sollte \u00fcblicherweise abgedeckt sein, wenn er nicht in Gebrauch ist. So vermeidet man, dass eine Katze unbeabsichtigt hineinst\u00fcrzt, selbst nicht mehr herausfindet und wom\u00f6glich ertrinkt.<\/p>\n","protected":false},"excerpt":{"rendered":"<p>Katzen gelten als wasserscheu. Meistens gehen wir davon aus, dass sie nicht schwimmen k\u00f6nnen oder wollen. Ob das so ist, unter welchen Umst\u00e4nden Katzen m\u00f6glicherweise doch schwimmen k\u00f6nnen und wie vielleicht sogar Wassersport mit Katzen m\u00f6glich sein k\u00f6nnte, schauen wir uns in diesem Artikel an. Die Schwimmf\u00e4higkeit von Katzen \u2013 Mythos oder Realit\u00e4t? Ab und [&hellip;]<\/p>\n","protected":false},"author":16,"featured_media":16030,"parent":11683,"menu_order":18,"comment_status":"closed","ping_status":"closed","template":"templates\/blog.php","meta":{"_acf_changed":false,"_crdt_document":"","footnotes":"","beyondwords_generate_audio":"","beyondwords_project_id":"","beyondwords_content_id":"","beyondwords_preview_token":"","beyondwords_player_style":"","beyondwords_language_id":"","beyondwords_title_voice_id":"","beyondwords_body_voice_id":"","beyondwords_summary_voice_id":"","beyondwords_error_message":"","beyondwords_disabled":"","beyondwords_delete_content":"","beyondwords_podcast_id":"","beyondwords_hash":"","publish_post_to_speechkit":"","speechkit_hash":"","speechkit_generate_audio":"","speechkit_project_id":"","speechkit_podcast_id":"","speechkit_error_message":"","speechkit_disabled":"","speechkit_access_key":"","speechkit_error":"","speechkit_info":"","speechkit_response":"","speechkit_retries":"","speechkit_status":"","speechkit_updated_at":"","_speechkit_link":"","_speechkit_text":""},"class_list":["post-10177","page","type-page","status-publish","has-post-thumbnail","hentry"],"acf":[],"yoast_head":"<!-- This site is optimized with the Yoast SEO Premium plugin  - https:\/\/yoast.com\/product\/yoast-seo-premium-wordpress\/ -->\n<title>K\u00f6nnen Katzen schwimmen? | Uelzener Tier-Magazin<\/title>\n<meta name=\"description\" content=\"Wir erkl\u00e4ren \u2713 woher der Mythos kommt \u2713 und welche Katzenrassen gerne schwimmen \u25b6 Hier informieren!\" \/>\n<meta name=\"robots\" content=\"index, follow, max-snippet:-1, max-image-preview:large, max-video-preview:-1\" \/>\n<link rel=\"canonical\" href=\"https:\/\/uelzener.de\/magazin\/katze\/haltung\/koennen-katzen-schwimmen\/\" \/>\n<meta property=\"og:locale\" content=\"de_DE\" \/>\n<meta property=\"og:type\" content=\"article\" \/>\n<meta property=\"og:title\" content=\"K\u00f6nnen Katzen schwimmen? Ein Blick in die Welt der felinen Schwimmer\" \/>\n<meta property=\"og:description\" content=\"Wir erkl\u00e4ren \u2713 woher der Mythos kommt \u2713 und welche Katzenrassen gerne schwimmen \u25b6 Hier informieren!\" \/>\n<meta property=\"og:url\" content=\"https:\/\/uelzener.de\/magazin\/katze\/haltung\/koennen-katzen-schwimmen\/\" \/>\n<meta property=\"og:site_name\" content=\"Uelzener Tier-Magazin\" \/>\n<meta property=\"article:publisher\" content=\"https:\/\/www.facebook.com\/Uelzener\" \/>\n<meta property=\"article:modified_time\" content=\"2025-11-13T08:59:36+00:00\" \/>\n<meta property=\"og:image\" content=\"https:\/\/uelzener.de\/magazin\/app\/uploads\/2023\/08\/katzen-wasserscheu-schwimmen.jpg\" \/>\n\t<meta property=\"og:image:width\" content=\"1025\" \/>\n\t<meta property=\"og:image:height\" content=\"450\" \/>\n\t<meta property=\"og:image:type\" content=\"image\/jpeg\" \/>\n<meta name=\"twitter:card\" content=\"summary_large_image\" \/>\n<meta name=\"twitter:label1\" content=\"Gesch\u00e4tzte Lesezeit\" \/>\n\t<meta name=\"twitter:data1\" content=\"8\u00a0Minuten\" \/>\n<script type=\"application\/ld+json\" class=\"yoast-schema-graph\">{\"@context\":\"https:\/\/schema.org\",\"@graph\":[{\"@type\":\"WebPage\",\"@id\":\"https:\/\/uelzener.de\/magazin\/katze\/haltung\/koennen-katzen-schwimmen\/\",\"url\":\"https:\/\/uelzener.de\/magazin\/katze\/haltung\/koennen-katzen-schwimmen\/\",\"name\":\"K\u00f6nnen Katzen schwimmen? | Uelzener Tier-Magazin\",\"isPartOf\":{\"@id\":\"https:\/\/uelzener.de\/magazin\/#website\"},\"primaryImageOfPage\":{\"@id\":\"https:\/\/uelzener.de\/magazin\/katze\/haltung\/koennen-katzen-schwimmen\/#primaryimage\"},\"image\":{\"@id\":\"https:\/\/uelzener.de\/magazin\/katze\/haltung\/koennen-katzen-schwimmen\/#primaryimage\"},\"thumbnailUrl\":\"https:\/\/uelzener.de\/magazin\/app\/uploads\/2023\/08\/katzen-wasserscheu-schwimmen.jpg\",\"datePublished\":\"2023-08-08T10:50:00+00:00\",\"dateModified\":\"2025-11-13T08:59:36+00:00\",\"description\":\"Wir erkl\u00e4ren \u2713 woher der Mythos kommt \u2713 und welche Katzenrassen gerne schwimmen \u25b6 Hier informieren!\",\"breadcrumb\":{\"@id\":\"https:\/\/uelzener.de\/magazin\/katze\/haltung\/koennen-katzen-schwimmen\/#breadcrumb\"},\"inLanguage\":\"de\",\"potentialAction\":[{\"@type\":\"ReadAction\",\"target\":[\"https:\/\/uelzener.de\/magazin\/katze\/haltung\/koennen-katzen-schwimmen\/\"]}]},{\"@type\":\"ImageObject\",\"inLanguage\":\"de\",\"@id\":\"https:\/\/uelzener.de\/magazin\/katze\/haltung\/koennen-katzen-schwimmen\/#primaryimage\",\"url\":\"https:\/\/uelzener.de\/magazin\/app\/uploads\/2023\/08\/katzen-wasserscheu-schwimmen.jpg\",\"contentUrl\":\"https:\/\/uelzener.de\/magazin\/app\/uploads\/2023\/08\/katzen-wasserscheu-schwimmen.jpg\",\"width\":1025,\"height\":450,\"caption\":\"Katzen l\u00e4uft vorsichtig durchs Wasser eines kleinen Baches.\"},{\"@type\":\"WebSite\",\"@id\":\"https:\/\/uelzener.de\/magazin\/#website\",\"url\":\"https:\/\/uelzener.de\/magazin\/\",\"name\":\"Uelzener Tiermagazin\",\"description\":\"Online Tierratgeber der Uelzener Versicherungen\",\"publisher\":{\"@id\":\"https:\/\/uelzener.de\/magazin\/#organization\"},\"potentialAction\":[{\"@type\":\"SearchAction\",\"target\":{\"@type\":\"EntryPoint\",\"urlTemplate\":\"https:\/\/uelzener.de\/magazin\/?s={search_term_string}\"},\"query-input\":{\"@type\":\"PropertyValueSpecification\",\"valueRequired\":true,\"valueName\":\"search_term_string\"}}],\"inLanguage\":\"de\"},{\"@type\":\"Organization\",\"@id\":\"https:\/\/uelzener.de\/magazin\/#organization\",\"name\":\"Uelzener Versicherungen\",\"url\":\"https:\/\/uelzener.de\/magazin\/\",\"logo\":{\"@type\":\"ImageObject\",\"inLanguage\":\"de\",\"@id\":\"https:\/\/uelzener.de\/magazin\/#\/schema\/logo\/image\/\",\"url\":\"https:\/\/uelzener.de\/magazin\/app\/uploads\/2024\/11\/uelzener_allgemeine_versicherungsgesellschaft_a_g_logo.jpg\",\"contentUrl\":\"https:\/\/uelzener.de\/magazin\/app\/uploads\/2024\/11\/uelzener_allgemeine_versicherungsgesellschaft_a_g_logo.jpg\",\"width\":200,\"height\":200,\"caption\":\"Uelzener Versicherungen\"},\"image\":{\"@id\":\"https:\/\/uelzener.de\/magazin\/#\/schema\/logo\/image\/\"},\"sameAs\":[\"https:\/\/www.facebook.com\/Uelzener\",\"https:\/\/instagram.com\/uelzener\",\"https:\/\/www.xing.com\/pages\/uelzenerallgemeineversicherungs-gesellschafta-g\",\"https:\/\/www.youtube.com\/UelzenerVersicherungen\"]}]}<\/script>\n<!-- \/ Yoast SEO Premium plugin. -->","yoast_head_json":{"title":"K\u00f6nnen Katzen schwimmen? | Uelzener Tier-Magazin","description":"Wir erkl\u00e4ren \u2713 woher der Mythos kommt \u2713 und welche Katzenrassen gerne schwimmen \u25b6 Hier informieren!","robots":{"index":"index","follow":"follow","max-snippet":"max-snippet:-1","max-image-preview":"max-image-preview:large","max-video-preview":"max-video-preview:-1"},"canonical":"https:\/\/uelzener.de\/magazin\/katze\/haltung\/koennen-katzen-schwimmen\/","og_locale":"de_DE","og_type":"article","og_title":"K\u00f6nnen Katzen schwimmen? Ein Blick in die Welt der felinen Schwimmer","og_description":"Wir erkl\u00e4ren \u2713 woher der Mythos kommt \u2713 und welche Katzenrassen gerne schwimmen \u25b6 Hier informieren!","og_url":"https:\/\/uelzener.de\/magazin\/katze\/haltung\/koennen-katzen-schwimmen\/","og_site_name":"Uelzener Tier-Magazin","article_publisher":"https:\/\/www.facebook.com\/Uelzener","article_modified_time":"2025-11-13T08:59:36+00:00","og_image":[{"width":1025,"height":450,"url":"https:\/\/uelzener.de\/magazin\/app\/uploads\/2023\/08\/katzen-wasserscheu-schwimmen.jpg","type":"image\/jpeg"}],"twitter_card":"summary_large_image","twitter_misc":{"Gesch\u00e4tzte Lesezeit":"8\u00a0Minuten"},"schema":{"@context":"https:\/\/schema.org","@graph":[{"@type":"WebPage","@id":"https:\/\/uelzener.de\/magazin\/katze\/haltung\/koennen-katzen-schwimmen\/","url":"https:\/\/uelzener.de\/magazin\/katze\/haltung\/koennen-katzen-schwimmen\/","name":"K\u00f6nnen Katzen schwimmen? | Uelzener Tier-Magazin","isPartOf":{"@id":"https:\/\/uelzener.de\/magazin\/#website"},"primaryImageOfPage":{"@id":"https:\/\/uelzener.de\/magazin\/katze\/haltung\/koennen-katzen-schwimmen\/#primaryimage"},"image":{"@id":"https:\/\/uelzener.de\/magazin\/katze\/haltung\/koennen-katzen-schwimmen\/#primaryimage"},"thumbnailUrl":"https:\/\/uelzener.de\/magazin\/app\/uploads\/2023\/08\/katzen-wasserscheu-schwimmen.jpg","datePublished":"2023-08-08T10:50:00+00:00","dateModified":"2025-11-13T08:59:36+00:00","description":"Wir erkl\u00e4ren \u2713 woher der Mythos kommt \u2713 und welche Katzenrassen gerne schwimmen \u25b6 Hier informieren!","breadcrumb":{"@id":"https:\/\/uelzener.de\/magazin\/katze\/haltung\/koennen-katzen-schwimmen\/#breadcrumb"},"inLanguage":"de","potentialAction":[{"@type":"ReadAction","target":["https:\/\/uelzener.de\/magazin\/katze\/haltung\/koennen-katzen-schwimmen\/"]}]},{"@type":"ImageObject","inLanguage":"de","@id":"https:\/\/uelzener.de\/magazin\/katze\/haltung\/koennen-katzen-schwimmen\/#primaryimage","url":"https:\/\/uelzener.de\/magazin\/app\/uploads\/2023\/08\/katzen-wasserscheu-schwimmen.jpg","contentUrl":"https:\/\/uelzener.de\/magazin\/app\/uploads\/2023\/08\/katzen-wasserscheu-schwimmen.jpg","width":1025,"height":450,"caption":"Katzen l\u00e4uft vorsichtig durchs Wasser eines kleinen Baches."},{"@type":"WebSite","@id":"https:\/\/uelzener.de\/magazin\/#website","url":"https:\/\/uelzener.de\/magazin\/","name":"Uelzener Tiermagazin","description":"Online Tierratgeber der Uelzener Versicherungen","publisher":{"@id":"https:\/\/uelzener.de\/magazin\/#organization"},"potentialAction":[{"@type":"SearchAction","target":{"@type":"EntryPoint","urlTemplate":"https:\/\/uelzener.de\/magazin\/?s={search_term_string}"},"query-input":{"@type":"PropertyValueSpecification","valueRequired":true,"valueName":"search_term_string"}}],"inLanguage":"de"},{"@type":"Organization","@id":"https:\/\/uelzener.de\/magazin\/#organization","name":"Uelzener Versicherungen","url":"https:\/\/uelzener.de\/magazin\/","logo":{"@type":"ImageObject","inLanguage":"de","@id":"https:\/\/uelzener.de\/magazin\/#\/schema\/logo\/image\/","url":"https:\/\/uelzener.de\/magazin\/app\/uploads\/2024\/11\/uelzener_allgemeine_versicherungsgesellschaft_a_g_logo.jpg","contentUrl":"https:\/\/uelzener.de\/magazin\/app\/uploads\/2024\/11\/uelzener_allgemeine_versicherungsgesellschaft_a_g_logo.jpg","width":200,"height":200,"caption":"Uelzener Versicherungen"},"image":{"@id":"https:\/\/uelzener.de\/magazin\/#\/schema\/logo\/image\/"},"sameAs":["https:\/\/www.facebook.com\/Uelzener","https:\/\/instagram.com\/uelzener","https:\/\/www.xing.com\/pages\/uelzenerallgemeineversicherungs-gesellschafta-g","https:\/\/www.youtube.com\/UelzenerVersicherungen"]}]}},"_links":{"self":[{"href":"https:\/\/uelzener.de\/magazin\/wp-json\/wp\/v2\/pages\/10177","targetHints":{"allow":["GET"]}}],"collection":[{"href":"https:\/\/uelzener.de\/magazin\/wp-json\/wp\/v2\/pages"}],"about":[{"href":"https:\/\/uelzener.de\/magazin\/wp-json\/wp\/v2\/types\/page"}],"author":[{"embeddable":true,"href":"https:\/\/uelzener.de\/magazin\/wp-json\/wp\/v2\/users\/16"}],"replies":[{"embeddable":true,"href":"https:\/\/uelzener.de\/magazin\/wp-json\/wp\/v2\/comments?post=10177"}],"version-history":[{"count":11,"href":"https:\/\/uelzener.de\/magazin\/wp-json\/wp\/v2\/pages\/10177\/revisions"}],"predecessor-version":[{"id":19421,"href":"https:\/\/uelzener.de\/magazin\/wp-json\/wp\/v2\/pages\/10177\/revisions\/19421"}],"up":[{"embeddable":true,"href":"https:\/\/uelzener.de\/magazin\/wp-json\/wp\/v2\/pages\/11683"}],"wp:featuredmedia":[{"embeddable":true,"href":"https:\/\/uelzener.de\/magazin\/wp-json\/wp\/v2\/media\/16030"}],"wp:attachment":[{"href":"https:\/\/uelzener.de\/magazin\/wp-json\/wp\/v2\/media?parent=10177"}],"curies":[{"name":"wp","href":"https:\/\/api.w.org\/{rel}","templated":true}]}}