{"id":10171,"date":"2018-03-15T00:00:00","date_gmt":"2018-03-14T23:00:00","guid":{"rendered":""},"modified":"2023-03-01T15:22:42","modified_gmt":"2023-03-01T14:22:42","slug":"katzenhaare-entfernen","status":"publish","type":"page","link":"https:\/\/uelzener.de\/magazin\/katze\/tipps-fuer-den-alltag\/katzenhaare-entfernen\/","title":{"rendered":"Katzenhaare: Saubere Wohnung trotz Fellwechsel"},"content":{"rendered":"<p><strong>Katzenbesitzer kennen das: Wo man geht und steht, ist alles voller Katzenhaare. Besonders zu Zeiten des Fellwechsels im Fr\u00fchjahr und Herbst, aber auch im Rest des Jahres muss man \u00fcberall auf Katzenhaare gefasst sein. Eine wohl\u00fcberlegte Strategie gegen die haarige Invasion ist daher notwendig.<\/strong><\/p>\n<p><strong>Haarfreie Zonen schaffen<\/strong><br \/>\nBesonders l\u00e4stig sind Katzenhaare auf Sessel, Couch oder Sofakissen. Es sieht nicht nur ungepflegt aus, sondern man hat auch st\u00e4ndig Haare an der Kleidung sitzen. Wichtig ist daher, der Katze von Anfang an klar zu machen, wo sie liegen darf und wo nicht. Dazu sollten mehrere Katzenpl\u00e4tze in der Wohnung eingerichtet werden. Gute Schlafpl\u00e4tze f\u00fcr Katzen sind zum Beispiel Katzenb\u00e4ume, Fensterb\u00e4nke oder extra aufgestellte Kartons. Wer mag, der kann auch einen alten Sessel oder ein ausrangiertes Sofa als Katzenplatz deklarieren. Katzenfreie Sitzm\u00f6bel werden mit einer Decke gesch\u00fctzt, falls die Katze sich doch mal verirrt. Sollte das passieren, wird sie mit einem deutlichen \u201eNein\u201c von der Decke gehoben und auf ihren eigenen Platz verfrachtet. Mit etwas Geduld wird die Katze die Tabuzonen im Gro\u00dfen und Ganzen akzeptieren, von ein paar heimlichen R\u00fcckeroberungsversuchen vielleicht einmal abgesehen.<\/p>\n<p><strong>Haare entfernen<\/strong><br \/>\nSind Kissen, Sofas, Decken und Pullis mit Katzenhaaren \u00fcbers\u00e4t, kann man ihnen mit speziellen Gummib\u00fcrsten zu Leibe r\u00fccken. Auch Gummimassagehandschuhe oder Katzenb\u00fcrsten sowie feuchte Fenstert\u00fccher k\u00f6nnen helfen, Textilien zu enthaaren: Dazu schiebt man die Haare zu kleinen Haufen zusammen, die dann eingesammelt werden. Fusselrollen k\u00f6nnen ebenfalls den gr\u00f6\u00dften Teil der Haare beseitigen. Allerdings sind sie bei einer gro\u00dfen Menge an Haaren schnell voll und m\u00fcssen ersetzt werden.<\/p>\n<p>Aus Teppichen lassen sich Katzenhaare am besten mit einer speziellen Tierhaard\u00fcse f\u00fcr den Staubsauger entfernen. Wer Parkett oder Laminat hat, sollte erst saugen und anschlie\u00dfend noch einmal feucht nachwischen um auch die letzten Haare zu beseitigen.<\/p>\n<p>Decken und Kuschelkissen der Katzen sind naturgem\u00e4\u00df besonders voll mit Haaren. Sie sollten vor dem Waschen so gut wie m\u00f6glich enthaart werden, da die Haare sonst die Waschmaschine verstopfen k\u00f6nnen. Nach jeder W\u00e4sche muss das Flusensieb der Waschmaschine gereinigt werden.<\/p>\n<p><strong>Regelm\u00e4\u00dfige Fellpflege<\/strong><br \/>\nBesonders in den Zeiten des Fellwechsels, aber auch sonst sollten Katzen regelm\u00e4\u00dfig geb\u00fcrstet werden. T\u00e4gliches B\u00fcrsten w\u00e4hrend des Fellwechsels hilft den Katzen nicht nur, ihre Haare loszuwerden. Regelm\u00e4\u00dfig geb\u00fcrstete Katzen verschlucken bei der Fellpflege weniger Haare und m\u00fcssen daher nicht so oft Haarballen ausw\u00fcrgen. Und nat\u00fcrlich verteilen sich durch das B\u00fcrsten weniger Haare auf den Rest der Wohnung. So kann man den haarigen Zeiten relativ gelassen entgegen sehen.<\/p>\n<p>&nbsp;<\/p>\n","protected":false},"excerpt":{"rendered":"<p>Katzenbesitzer kennen das: Wo man geht und steht, ist alles voller Katzenhaare. Besonders zu Zeiten des Fellwechsels im Fr\u00fchjahr und Herbst, aber auch im Rest des Jahres muss man \u00fcberall auf Katzenhaare gefasst sein. Eine wohl\u00fcberlegte Strategie gegen die haarige Invasion ist daher notwendig. Haarfreie Zonen schaffen Besonders l\u00e4stig sind Katzenhaare auf Sessel, Couch oder [&hellip;]<\/p>\n","protected":false},"author":1,"featured_media":10760,"parent":11709,"menu_order":11,"comment_status":"closed","ping_status":"closed","template":"templates\/blog.php","meta":{"_acf_changed":false,"_crdt_document":"","footnotes":"","beyondwords_generate_audio":"","beyondwords_project_id":"","beyondwords_content_id":"","beyondwords_preview_token":"","beyondwords_player_style":"","beyondwords_language_id":"","beyondwords_title_voice_id":"","beyondwords_body_voice_id":"","beyondwords_summary_voice_id":"","beyondwords_error_message":"","beyondwords_disabled":"","beyondwords_delete_content":"","beyondwords_podcast_id":"","beyondwords_hash":"","publish_post_to_speechkit":"","speechkit_hash":"","speechkit_generate_audio":"","speechkit_project_id":"","speechkit_podcast_id":"","speechkit_error_message":"","speechkit_disabled":"","speechkit_access_key":"","speechkit_error":"","speechkit_info":"","speechkit_response":"","speechkit_retries":"","speechkit_status":"","speechkit_updated_at":"","_speechkit_link":"","_speechkit_text":""},"class_list":["post-10171","page","type-page","status-publish","has-post-thumbnail","hentry"],"acf":[],"yoast_head":"<!-- This site is optimized with the Yoast SEO Premium plugin  - https:\/\/yoast.com\/product\/yoast-seo-premium-wordpress\/ -->\n<title>Katzenhaare entfernen \u2013 Tipps f\u00fcr eine saubere Wohnung | Uelzener<\/title>\n<meta name=\"description\" content=\"Erfahre, wie Du \u2713 Katzenhaare entfernen und \u2713 Dein Zuhause auch in der Fellwechsel-Zeit sauber halten kannst! \u25b6 Mehr lesen!\" \/>\n<meta name=\"robots\" content=\"index, follow, max-snippet:-1, max-image-preview:large, max-video-preview:-1\" \/>\n<link rel=\"canonical\" href=\"https:\/\/uelzener.de\/magazin\/katze\/tipps-fuer-den-alltag\/katzenhaare-entfernen\/\" \/>\n<meta property=\"og:locale\" content=\"de_DE\" \/>\n<meta property=\"og:type\" content=\"article\" \/>\n<meta property=\"og:title\" content=\"Katzenhaare: Saubere Wohnung trotz Fellwechsel\" \/>\n<meta property=\"og:description\" content=\"Erfahre, wie Du \u2713 Katzenhaare entfernen und \u2713 Dein Zuhause auch in der Fellwechsel-Zeit sauber halten kannst! \u25b6 Mehr lesen!\" \/>\n<meta property=\"og:url\" content=\"https:\/\/uelzener.de\/magazin\/katze\/tipps-fuer-den-alltag\/katzenhaare-entfernen\/\" \/>\n<meta property=\"og:site_name\" content=\"Uelzener Tier-Magazin\" \/>\n<meta property=\"article:publisher\" content=\"https:\/\/www.facebook.com\/Uelzener\" \/>\n<meta property=\"article:modified_time\" content=\"2023-03-01T14:22:42+00:00\" \/>\n<meta property=\"og:image\" content=\"https:\/\/uelzener.de\/magazin\/app\/uploads\/2018\/03\/4b0f3056-1a97-40c0-beb2-6e5d842e2f13.jpg\" \/>\n\t<meta property=\"og:image:width\" content=\"650\" \/>\n\t<meta property=\"og:image:height\" content=\"433\" \/>\n\t<meta property=\"og:image:type\" content=\"image\/jpeg\" \/>\n<meta name=\"twitter:card\" content=\"summary_large_image\" \/>\n<meta name=\"twitter:label1\" content=\"Gesch\u00e4tzte Lesezeit\" \/>\n\t<meta name=\"twitter:data1\" content=\"2\u00a0Minuten\" \/>\n<script type=\"application\/ld+json\" class=\"yoast-schema-graph\">{\"@context\":\"https:\/\/schema.org\",\"@graph\":[{\"@type\":\"WebPage\",\"@id\":\"https:\/\/uelzener.de\/magazin\/katze\/tipps-fuer-den-alltag\/katzenhaare-entfernen\/\",\"url\":\"https:\/\/uelzener.de\/magazin\/katze\/tipps-fuer-den-alltag\/katzenhaare-entfernen\/\",\"name\":\"Katzenhaare entfernen \u2013 Tipps f\u00fcr eine saubere Wohnung | Uelzener\",\"isPartOf\":{\"@id\":\"https:\/\/uelzener.de\/magazin\/#website\"},\"primaryImageOfPage\":{\"@id\":\"https:\/\/uelzener.de\/magazin\/katze\/tipps-fuer-den-alltag\/katzenhaare-entfernen\/#primaryimage\"},\"image\":{\"@id\":\"https:\/\/uelzener.de\/magazin\/katze\/tipps-fuer-den-alltag\/katzenhaare-entfernen\/#primaryimage\"},\"thumbnailUrl\":\"https:\/\/uelzener.de\/magazin\/app\/uploads\/2018\/03\/4b0f3056-1a97-40c0-beb2-6e5d842e2f13.jpg\",\"datePublished\":\"2018-03-14T23:00:00+00:00\",\"dateModified\":\"2023-03-01T14:22:42+00:00\",\"description\":\"Erfahre, wie Du \u2713 Katzenhaare entfernen und \u2713 Dein Zuhause auch in der Fellwechsel-Zeit sauber halten kannst! \u25b6 Mehr lesen!\",\"breadcrumb\":{\"@id\":\"https:\/\/uelzener.de\/magazin\/katze\/tipps-fuer-den-alltag\/katzenhaare-entfernen\/#breadcrumb\"},\"inLanguage\":\"de\",\"potentialAction\":[{\"@type\":\"ReadAction\",\"target\":[\"https:\/\/uelzener.de\/magazin\/katze\/tipps-fuer-den-alltag\/katzenhaare-entfernen\/\"]}]},{\"@type\":\"ImageObject\",\"inLanguage\":\"de\",\"@id\":\"https:\/\/uelzener.de\/magazin\/katze\/tipps-fuer-den-alltag\/katzenhaare-entfernen\/#primaryimage\",\"url\":\"https:\/\/uelzener.de\/magazin\/app\/uploads\/2018\/03\/4b0f3056-1a97-40c0-beb2-6e5d842e2f13.jpg\",\"contentUrl\":\"https:\/\/uelzener.de\/magazin\/app\/uploads\/2018\/03\/4b0f3056-1a97-40c0-beb2-6e5d842e2f13.jpg\",\"width\":650,\"height\":433,\"caption\":\"Eine graue Katze liegt auf dem Sofa alles ist voller Katzenhaare, ihr Fellwechsel steht an.\"},{\"@type\":\"WebSite\",\"@id\":\"https:\/\/uelzener.de\/magazin\/#website\",\"url\":\"https:\/\/uelzener.de\/magazin\/\",\"name\":\"Uelzener Tiermagazin\",\"description\":\"Online Tierratgeber der Uelzener Versicherungen\",\"publisher\":{\"@id\":\"https:\/\/uelzener.de\/magazin\/#organization\"},\"potentialAction\":[{\"@type\":\"SearchAction\",\"target\":{\"@type\":\"EntryPoint\",\"urlTemplate\":\"https:\/\/uelzener.de\/magazin\/?s={search_term_string}\"},\"query-input\":{\"@type\":\"PropertyValueSpecification\",\"valueRequired\":true,\"valueName\":\"search_term_string\"}}],\"inLanguage\":\"de\"},{\"@type\":\"Organization\",\"@id\":\"https:\/\/uelzener.de\/magazin\/#organization\",\"name\":\"Uelzener Versicherungen\",\"url\":\"https:\/\/uelzener.de\/magazin\/\",\"logo\":{\"@type\":\"ImageObject\",\"inLanguage\":\"de\",\"@id\":\"https:\/\/uelzener.de\/magazin\/#\/schema\/logo\/image\/\",\"url\":\"https:\/\/uelzener.de\/magazin\/app\/uploads\/2024\/11\/uelzener_allgemeine_versicherungsgesellschaft_a_g_logo.jpg\",\"contentUrl\":\"https:\/\/uelzener.de\/magazin\/app\/uploads\/2024\/11\/uelzener_allgemeine_versicherungsgesellschaft_a_g_logo.jpg\",\"width\":200,\"height\":200,\"caption\":\"Uelzener Versicherungen\"},\"image\":{\"@id\":\"https:\/\/uelzener.de\/magazin\/#\/schema\/logo\/image\/\"},\"sameAs\":[\"https:\/\/www.facebook.com\/Uelzener\",\"https:\/\/instagram.com\/uelzener\",\"https:\/\/www.xing.com\/pages\/uelzenerallgemeineversicherungs-gesellschafta-g\",\"https:\/\/www.youtube.com\/UelzenerVersicherungen\"]}]}<\/script>\n<!-- \/ Yoast SEO Premium plugin. -->","yoast_head_json":{"title":"Katzenhaare entfernen \u2013 Tipps f\u00fcr eine saubere Wohnung | Uelzener","description":"Erfahre, wie Du \u2713 Katzenhaare entfernen und \u2713 Dein Zuhause auch in der Fellwechsel-Zeit sauber halten kannst! \u25b6 Mehr lesen!","robots":{"index":"index","follow":"follow","max-snippet":"max-snippet:-1","max-image-preview":"max-image-preview:large","max-video-preview":"max-video-preview:-1"},"canonical":"https:\/\/uelzener.de\/magazin\/katze\/tipps-fuer-den-alltag\/katzenhaare-entfernen\/","og_locale":"de_DE","og_type":"article","og_title":"Katzenhaare: Saubere Wohnung trotz Fellwechsel","og_description":"Erfahre, wie Du \u2713 Katzenhaare entfernen und \u2713 Dein Zuhause auch in der Fellwechsel-Zeit sauber halten kannst! \u25b6 Mehr lesen!","og_url":"https:\/\/uelzener.de\/magazin\/katze\/tipps-fuer-den-alltag\/katzenhaare-entfernen\/","og_site_name":"Uelzener Tier-Magazin","article_publisher":"https:\/\/www.facebook.com\/Uelzener","article_modified_time":"2023-03-01T14:22:42+00:00","og_image":[{"width":650,"height":433,"url":"https:\/\/uelzener.de\/magazin\/app\/uploads\/2018\/03\/4b0f3056-1a97-40c0-beb2-6e5d842e2f13.jpg","type":"image\/jpeg"}],"twitter_card":"summary_large_image","twitter_misc":{"Gesch\u00e4tzte Lesezeit":"2\u00a0Minuten"},"schema":{"@context":"https:\/\/schema.org","@graph":[{"@type":"WebPage","@id":"https:\/\/uelzener.de\/magazin\/katze\/tipps-fuer-den-alltag\/katzenhaare-entfernen\/","url":"https:\/\/uelzener.de\/magazin\/katze\/tipps-fuer-den-alltag\/katzenhaare-entfernen\/","name":"Katzenhaare entfernen \u2013 Tipps f\u00fcr eine saubere Wohnung | Uelzener","isPartOf":{"@id":"https:\/\/uelzener.de\/magazin\/#website"},"primaryImageOfPage":{"@id":"https:\/\/uelzener.de\/magazin\/katze\/tipps-fuer-den-alltag\/katzenhaare-entfernen\/#primaryimage"},"image":{"@id":"https:\/\/uelzener.de\/magazin\/katze\/tipps-fuer-den-alltag\/katzenhaare-entfernen\/#primaryimage"},"thumbnailUrl":"https:\/\/uelzener.de\/magazin\/app\/uploads\/2018\/03\/4b0f3056-1a97-40c0-beb2-6e5d842e2f13.jpg","datePublished":"2018-03-14T23:00:00+00:00","dateModified":"2023-03-01T14:22:42+00:00","description":"Erfahre, wie Du \u2713 Katzenhaare entfernen und \u2713 Dein Zuhause auch in der Fellwechsel-Zeit sauber halten kannst! \u25b6 Mehr lesen!","breadcrumb":{"@id":"https:\/\/uelzener.de\/magazin\/katze\/tipps-fuer-den-alltag\/katzenhaare-entfernen\/#breadcrumb"},"inLanguage":"de","potentialAction":[{"@type":"ReadAction","target":["https:\/\/uelzener.de\/magazin\/katze\/tipps-fuer-den-alltag\/katzenhaare-entfernen\/"]}]},{"@type":"ImageObject","inLanguage":"de","@id":"https:\/\/uelzener.de\/magazin\/katze\/tipps-fuer-den-alltag\/katzenhaare-entfernen\/#primaryimage","url":"https:\/\/uelzener.de\/magazin\/app\/uploads\/2018\/03\/4b0f3056-1a97-40c0-beb2-6e5d842e2f13.jpg","contentUrl":"https:\/\/uelzener.de\/magazin\/app\/uploads\/2018\/03\/4b0f3056-1a97-40c0-beb2-6e5d842e2f13.jpg","width":650,"height":433,"caption":"Eine graue Katze liegt auf dem Sofa alles ist voller Katzenhaare, ihr Fellwechsel steht an."},{"@type":"WebSite","@id":"https:\/\/uelzener.de\/magazin\/#website","url":"https:\/\/uelzener.de\/magazin\/","name":"Uelzener Tiermagazin","description":"Online Tierratgeber der Uelzener Versicherungen","publisher":{"@id":"https:\/\/uelzener.de\/magazin\/#organization"},"potentialAction":[{"@type":"SearchAction","target":{"@type":"EntryPoint","urlTemplate":"https:\/\/uelzener.de\/magazin\/?s={search_term_string}"},"query-input":{"@type":"PropertyValueSpecification","valueRequired":true,"valueName":"search_term_string"}}],"inLanguage":"de"},{"@type":"Organization","@id":"https:\/\/uelzener.de\/magazin\/#organization","name":"Uelzener Versicherungen","url":"https:\/\/uelzener.de\/magazin\/","logo":{"@type":"ImageObject","inLanguage":"de","@id":"https:\/\/uelzener.de\/magazin\/#\/schema\/logo\/image\/","url":"https:\/\/uelzener.de\/magazin\/app\/uploads\/2024\/11\/uelzener_allgemeine_versicherungsgesellschaft_a_g_logo.jpg","contentUrl":"https:\/\/uelzener.de\/magazin\/app\/uploads\/2024\/11\/uelzener_allgemeine_versicherungsgesellschaft_a_g_logo.jpg","width":200,"height":200,"caption":"Uelzener Versicherungen"},"image":{"@id":"https:\/\/uelzener.de\/magazin\/#\/schema\/logo\/image\/"},"sameAs":["https:\/\/www.facebook.com\/Uelzener","https:\/\/instagram.com\/uelzener","https:\/\/www.xing.com\/pages\/uelzenerallgemeineversicherungs-gesellschafta-g","https:\/\/www.youtube.com\/UelzenerVersicherungen"]}]}},"_links":{"self":[{"href":"https:\/\/uelzener.de\/magazin\/wp-json\/wp\/v2\/pages\/10171","targetHints":{"allow":["GET"]}}],"collection":[{"href":"https:\/\/uelzener.de\/magazin\/wp-json\/wp\/v2\/pages"}],"about":[{"href":"https:\/\/uelzener.de\/magazin\/wp-json\/wp\/v2\/types\/page"}],"author":[{"embeddable":true,"href":"https:\/\/uelzener.de\/magazin\/wp-json\/wp\/v2\/users\/1"}],"replies":[{"embeddable":true,"href":"https:\/\/uelzener.de\/magazin\/wp-json\/wp\/v2\/comments?post=10171"}],"version-history":[{"count":4,"href":"https:\/\/uelzener.de\/magazin\/wp-json\/wp\/v2\/pages\/10171\/revisions"}],"predecessor-version":[{"id":14506,"href":"https:\/\/uelzener.de\/magazin\/wp-json\/wp\/v2\/pages\/10171\/revisions\/14506"}],"up":[{"embeddable":true,"href":"https:\/\/uelzener.de\/magazin\/wp-json\/wp\/v2\/pages\/11709"}],"wp:featuredmedia":[{"embeddable":true,"href":"https:\/\/uelzener.de\/magazin\/wp-json\/wp\/v2\/media\/10760"}],"wp:attachment":[{"href":"https:\/\/uelzener.de\/magazin\/wp-json\/wp\/v2\/media?parent=10171"}],"curies":[{"name":"wp","href":"https:\/\/api.w.org\/{rel}","templated":true}]}}