{"id":10170,"date":"2022-12-12T00:00:00","date_gmt":"2022-12-11T23:00:00","guid":{"rendered":""},"modified":"2025-11-13T10:38:11","modified_gmt":"2025-11-13T09:38:11","slug":"frieren-katzen-bei-kaelte","status":"publish","type":"page","link":"https:\/\/uelzener.de\/magazin\/katze\/tiergesundheit\/frieren-katzen-bei-kaelte\/","title":{"rendered":"Frieren Katzen bei K\u00e4lte?"},"content":{"rendered":"<p>Katzen sind gegen K\u00e4lte recht gut gewappnet, wenn man ein paar Dinge beachtet.<\/p>\n<p>Bis auf ein paar Spezialrassen entwickeln Hauskatzen im Winter ein dichtes Fell mit viel Unterwolle, das sie gegen K\u00e4lte sch\u00fctzt. Damit k\u00f6nnen sie auch strengen Frost recht gut ertragen. Voraussetzung ist allerdings, dass die Katze das ganze Jahr \u00fcber nach drau\u00dfen kommt. Nur dann entwickelt sich rechtzeitig ein dichtes Winterfell. Reine <a href=\"https:\/\/uelzener.de\/magazin\/katze\/haltung\/wohnungskatze-beschaeftigen\/\" target=\"_blank\" rel=\"noopener\">Wohnungskatzen<\/a> k\u00f6nnen nicht mit so einem Pelz aufwarten und w\u00fcrden im Winter drau\u00dfen deutlich schneller frieren. Auch junge K\u00e4tzchen brauchen in den ersten Monaten noch einen warmen Zufluchtsort, bis sie ein voll ausgebildetes Fell besitzen. Somit gilt: Katzen k\u00f6nnen bei K\u00e4lte nach drau\u00dfen, wenn sie auch den Rest des Jahres Freig\u00e4nger sind.<\/p>\n<h2>Nasses Fell<\/h2>\n<p>Wird die Katze nass, sodass auch die Unterwolle feucht ist, kann sie ihre isolierende Funktion nicht mehr erf\u00fcllen. Daher frieren sehr nasse Katzen bei K\u00e4lte. Bei der Kombination nass und kalt ist dann sehr schnell die Gefahr einer lebensbedrohlichen Unterk\u00fchlung gegeben und die Katze muss ins Haus, bis sie wieder vollst\u00e4ndig getrocknet ist. Wenn die Katze es akzeptiert, kann man sie auch trocken rubbeln.<\/p>\n<h2>Katzenklo im Winter<\/h2>\n<p>Auch die Katzentoilette ist im Winter ein Thema. Zum einen brauchen Katzen, die in kalten N\u00e4chten im Haus bleiben sollen, nat\u00fcrlich ein stilles \u00d6rtchen. Aber auch Freig\u00e4nger, die trotz tiefer Temperaturen drau\u00dfen sind, k\u00f6nnten durch den gefrorenen Boden Probleme bekommen. Sie vergraben ihre Hinterlassenschaften in der Regel, was bei Bodenfrost nicht mehr m\u00f6glich ist. Katzentoiletten sollten daher rechtzeitig vor den kalten Tagen aufgestellt werden, sodass sich auch deine Freig\u00e4nger-Katze bei der K\u00e4lte wohlf\u00fchlt.<\/p>\n<h2>Wie viel K\u00e4lte vertragen Katzen?<\/h2>\n<p>Katzen sind von Natur aus widerstandsf\u00e4hige Tiere, die sich an verschiedene klimatische Bedingungen anpassen k\u00f6nnen. Dennoch gibt es Grenzen f\u00fcr das, was Katzen in Bezug auf K\u00e4lte aushalten k\u00f6nnen. Hauskatzen sind in der Regel weniger an K\u00e4lte gew\u00f6hnt als Freig\u00e4nger. Wenn Ihre Katze immer drinnen ist, ist es wahrscheinlich, dass sie K\u00e4lte weniger gut vertr\u00e4gt als eine Katze, die regelm\u00e4\u00dfig drau\u00dfen ist. Wenn die Temperaturen unter den Gefrierpunkt fallen, sollte die Samtpfote nicht zu lange drau\u00dfen bleiben. \u00c4ltere Katzen oder solche mit gesundheitlichen Problemen k\u00f6nnen noch empfindlicher gegen\u00fcber K\u00e4lte sein.<\/p>\n<h2>Was tun gegen das Frieren in der K\u00e4lte?<\/h2>\n<p>Im Allgemeinen entscheiden Katzen selbst, ob sie bei K\u00e4lte drau\u00dfen oder drinnen sein wollen. Daher brauchen sie immer einen Zugang zu einem gesch\u00fctzten Pl\u00e4tzchen. Eine M\u00f6glichkeit ist eine Katzenklappe, die es der Katze bei K\u00e4lte erm\u00f6glicht, jederzeit in die Wohnung zu kommen. Wer diese M\u00f6glichkeit nicht hat, kann der Katze auch drau\u00dfen ein warmes Pl\u00e4tzchen einrichten: Eine windgesch\u00fctzt aufgestellte, kleine H\u00fctte, die innen mit isolierendem Material (zum Beispiel Kork), weichen Decken und Stroh ausgepolstert ist, erm\u00f6glicht es der Katze, sich auch bei strengem Frost behaglich einzurollen. Manche \u00e4ltere Katze m\u00f6chte im Winter auch ganz im Haus bleiben. Wenn m\u00f6glich, sollte man ihr diese M\u00f6glichkeit bieten.<\/p>\n<h3>Indoor-Besch\u00e4ftigungen bei K\u00e4lte<\/h3>\n<p>Ist die Katze bei kaltem Wetter im Haus, sieht man sich schnell mit ihren Launen konfrontiert. Langeweile kann sich unter anderem in Dauerquengelei, st\u00e4ndigem Zur-T\u00fcr-Rennen (vielleicht hat sich das Wetter ja in den letzten f\u00fcnf Minuten grundlegend ge\u00e4ndert), n\u00e4chtlichen Tobereien, zerfetzten Tapeten, zerkratzten M\u00f6beln und schlimmstenfalls in Unsauberkeit \u00e4u\u00dfern. Daher sollte man sich rechtzeitig \u00fcberlegen, wie man die Katze im Haus besch\u00e4ftigen m\u00f6chte. Zum Beispiel mit einem Katzenbaum, regelm\u00e4\u00dfigen Spielstunden oder einem kuscheligen Exklusivplatz auf der Fensterbank.<\/p>\n<p>Wenn es also f\u00fcr <a href=\"https:\/\/uelzener.de\/magazin\/katze\/tiergesundheit\/katze-winter\/\">Katzen im Winter<\/a> wirklich bitterkalt wird, kann man es ihr mit ein paar Tricks trotzdem behaglich machen.<\/p>\n<h2>FAQ: H\u00e4ufig gestellte Fragen zum Thema: Katzen bei K\u00e4lte<\/h2>\n<h3>Welche K\u00e4lte halten Katzen aus?<\/h3>\n<p>Wie beim Menschen variiert auch bei Katzen die K\u00e4ltetoleranz individuell. Gesunde Freig\u00e4nger k\u00f6nnen Temperaturen von bis zu \u201320 Grad Celsius aushalten.<\/p>\n<h3>Wie merkt man, dass eine Katze friert?<\/h3>\n<p>Wenn eine Katze friert, zeigt sie dies durch Zittern, aufgeplustertes Fell, eine zusammengekauerte Haltung, das Verstecken ihrer Pfoten unter dem Fell und geschlossene Augen.<\/p>\n<h3>Kann man Katzen im Winter drau\u00dfen lassen?<\/h3>\n<p>Die meisten Hauskatzen (ausgenommen Spezialrassen) bilden im Winter ein dichtes, unterwollreiches Fell, wodurch sie auch bei strengen Temperaturen gut und gerne an der frischen Luft sein k\u00f6nnen. Daf\u00fcr muss die Katze aber das ganze Jahr nach drau\u00dfen kommen.<\/p>\n","protected":false},"excerpt":{"rendered":"<p>Katzen sind gegen K\u00e4lte recht gut gewappnet, wenn man ein paar Dinge beachtet. Bis auf ein paar Spezialrassen entwickeln Hauskatzen im Winter ein dichtes Fell mit viel Unterwolle, das sie gegen K\u00e4lte sch\u00fctzt. Damit k\u00f6nnen sie auch strengen Frost recht gut ertragen. Voraussetzung ist allerdings, dass die Katze das ganze Jahr \u00fcber nach drau\u00dfen kommt. [&hellip;]<\/p>\n","protected":false},"author":11,"featured_media":14575,"parent":11712,"menu_order":48,"comment_status":"open","ping_status":"open","template":"templates\/blog.php","meta":{"_acf_changed":false,"_crdt_document":"","footnotes":"","beyondwords_generate_audio":"0","beyondwords_project_id":"","beyondwords_content_id":"","beyondwords_preview_token":"","beyondwords_player_style":"","beyondwords_language_id":"","beyondwords_title_voice_id":"","beyondwords_body_voice_id":"","beyondwords_summary_voice_id":"","beyondwords_error_message":"","beyondwords_disabled":"","beyondwords_delete_content":"","beyondwords_podcast_id":"","beyondwords_hash":"","publish_post_to_speechkit":"","speechkit_hash":"","speechkit_generate_audio":"","speechkit_project_id":"","speechkit_podcast_id":"","speechkit_error_message":"","speechkit_disabled":"","speechkit_access_key":"","speechkit_error":"","speechkit_info":"","speechkit_response":"","speechkit_retries":"","speechkit_status":"","speechkit_updated_at":"","_speechkit_link":"","_speechkit_text":""},"class_list":["post-10170","page","type-page","status-publish","has-post-thumbnail","hentry"],"acf":[],"yoast_head":"<!-- This site is optimized with the Yoast SEO Premium plugin  - https:\/\/yoast.com\/product\/yoast-seo-premium-wordpress\/ -->\n<title>Frieren Katzen bei K\u00e4lte? | Uelzener<\/title>\n<meta name=\"description\" content=\"K\u00f6nnen Katzen frieren? \u25b6 Hier erf\u00e4hrst du \u2713 wieviel K\u00e4lte Katzen vertragen und \u2713 was du bei Minusgraden beachten solltest!\" \/>\n<meta name=\"robots\" content=\"index, follow, max-snippet:-1, max-image-preview:large, max-video-preview:-1\" \/>\n<link rel=\"canonical\" href=\"https:\/\/uelzener.de\/magazin\/katze\/tiergesundheit\/frieren-katzen-bei-kaelte\/\" \/>\n<meta property=\"og:locale\" content=\"de_DE\" \/>\n<meta property=\"og:type\" content=\"article\" \/>\n<meta property=\"og:title\" content=\"Frieren Katzen bei K\u00e4lte?\" \/>\n<meta property=\"og:description\" content=\"K\u00f6nnen Katzen frieren? \u25b6 Hier erf\u00e4hrst du \u2713 wieviel K\u00e4lte Katzen vertragen und \u2713 was du bei Minusgraden beachten solltest!\" \/>\n<meta property=\"og:url\" content=\"https:\/\/uelzener.de\/magazin\/katze\/tiergesundheit\/frieren-katzen-bei-kaelte\/\" \/>\n<meta property=\"og:site_name\" content=\"Uelzener Tier-Magazin\" \/>\n<meta property=\"article:publisher\" content=\"https:\/\/www.facebook.com\/Uelzener\" \/>\n<meta property=\"article:modified_time\" content=\"2025-11-13T09:38:11+00:00\" \/>\n<meta property=\"og:image\" content=\"https:\/\/uelzener.de\/magazin\/app\/uploads\/2022\/12\/frieren-katzen-bei-kaelte.jpg\" \/>\n\t<meta property=\"og:image:width\" content=\"1025\" \/>\n\t<meta property=\"og:image:height\" content=\"450\" \/>\n\t<meta property=\"og:image:type\" content=\"image\/jpeg\" \/>\n<meta name=\"twitter:card\" content=\"summary_large_image\" \/>\n<meta name=\"twitter:label1\" content=\"Gesch\u00e4tzte Lesezeit\" \/>\n\t<meta name=\"twitter:data1\" content=\"4\u00a0Minuten\" \/>\n<script type=\"application\/ld+json\" class=\"yoast-schema-graph\">{\"@context\":\"https:\/\/schema.org\",\"@graph\":[{\"@type\":\"WebPage\",\"@id\":\"https:\/\/uelzener.de\/magazin\/katze\/tiergesundheit\/frieren-katzen-bei-kaelte\/\",\"url\":\"https:\/\/uelzener.de\/magazin\/katze\/tiergesundheit\/frieren-katzen-bei-kaelte\/\",\"name\":\"Frieren Katzen bei K\u00e4lte? | Uelzener\",\"isPartOf\":{\"@id\":\"https:\/\/uelzener.de\/magazin\/#website\"},\"primaryImageOfPage\":{\"@id\":\"https:\/\/uelzener.de\/magazin\/katze\/tiergesundheit\/frieren-katzen-bei-kaelte\/#primaryimage\"},\"image\":{\"@id\":\"https:\/\/uelzener.de\/magazin\/katze\/tiergesundheit\/frieren-katzen-bei-kaelte\/#primaryimage\"},\"thumbnailUrl\":\"https:\/\/uelzener.de\/magazin\/app\/uploads\/2022\/12\/frieren-katzen-bei-kaelte.jpg\",\"datePublished\":\"2022-12-11T23:00:00+00:00\",\"dateModified\":\"2025-11-13T09:38:11+00:00\",\"description\":\"K\u00f6nnen Katzen frieren? \u25b6 Hier erf\u00e4hrst du \u2713 wieviel K\u00e4lte Katzen vertragen und \u2713 was du bei Minusgraden beachten solltest!\",\"breadcrumb\":{\"@id\":\"https:\/\/uelzener.de\/magazin\/katze\/tiergesundheit\/frieren-katzen-bei-kaelte\/#breadcrumb\"},\"inLanguage\":\"de\",\"potentialAction\":[{\"@type\":\"ReadAction\",\"target\":[\"https:\/\/uelzener.de\/magazin\/katze\/tiergesundheit\/frieren-katzen-bei-kaelte\/\"]}]},{\"@type\":\"ImageObject\",\"inLanguage\":\"de\",\"@id\":\"https:\/\/uelzener.de\/magazin\/katze\/tiergesundheit\/frieren-katzen-bei-kaelte\/#primaryimage\",\"url\":\"https:\/\/uelzener.de\/magazin\/app\/uploads\/2022\/12\/frieren-katzen-bei-kaelte.jpg\",\"contentUrl\":\"https:\/\/uelzener.de\/magazin\/app\/uploads\/2022\/12\/frieren-katzen-bei-kaelte.jpg\",\"width\":1025,\"height\":450,\"caption\":\"Rote Katze l\u00e4uft \u00fcber vereiste Stra\u00dfe. Frieren Katzen bei K\u00e4lte?\"},{\"@type\":\"WebSite\",\"@id\":\"https:\/\/uelzener.de\/magazin\/#website\",\"url\":\"https:\/\/uelzener.de\/magazin\/\",\"name\":\"Uelzener Tiermagazin\",\"description\":\"Online Tierratgeber der Uelzener Versicherungen\",\"publisher\":{\"@id\":\"https:\/\/uelzener.de\/magazin\/#organization\"},\"potentialAction\":[{\"@type\":\"SearchAction\",\"target\":{\"@type\":\"EntryPoint\",\"urlTemplate\":\"https:\/\/uelzener.de\/magazin\/?s={search_term_string}\"},\"query-input\":{\"@type\":\"PropertyValueSpecification\",\"valueRequired\":true,\"valueName\":\"search_term_string\"}}],\"inLanguage\":\"de\"},{\"@type\":\"Organization\",\"@id\":\"https:\/\/uelzener.de\/magazin\/#organization\",\"name\":\"Uelzener Versicherungen\",\"url\":\"https:\/\/uelzener.de\/magazin\/\",\"logo\":{\"@type\":\"ImageObject\",\"inLanguage\":\"de\",\"@id\":\"https:\/\/uelzener.de\/magazin\/#\/schema\/logo\/image\/\",\"url\":\"https:\/\/uelzener.de\/magazin\/app\/uploads\/2024\/11\/uelzener_allgemeine_versicherungsgesellschaft_a_g_logo.jpg\",\"contentUrl\":\"https:\/\/uelzener.de\/magazin\/app\/uploads\/2024\/11\/uelzener_allgemeine_versicherungsgesellschaft_a_g_logo.jpg\",\"width\":200,\"height\":200,\"caption\":\"Uelzener Versicherungen\"},\"image\":{\"@id\":\"https:\/\/uelzener.de\/magazin\/#\/schema\/logo\/image\/\"},\"sameAs\":[\"https:\/\/www.facebook.com\/Uelzener\",\"https:\/\/instagram.com\/uelzener\",\"https:\/\/www.xing.com\/pages\/uelzenerallgemeineversicherungs-gesellschafta-g\",\"https:\/\/www.youtube.com\/UelzenerVersicherungen\"]}]}<\/script>\n<!-- \/ Yoast SEO Premium plugin. -->","yoast_head_json":{"title":"Frieren Katzen bei K\u00e4lte? | Uelzener","description":"K\u00f6nnen Katzen frieren? \u25b6 Hier erf\u00e4hrst du \u2713 wieviel K\u00e4lte Katzen vertragen und \u2713 was du bei Minusgraden beachten solltest!","robots":{"index":"index","follow":"follow","max-snippet":"max-snippet:-1","max-image-preview":"max-image-preview:large","max-video-preview":"max-video-preview:-1"},"canonical":"https:\/\/uelzener.de\/magazin\/katze\/tiergesundheit\/frieren-katzen-bei-kaelte\/","og_locale":"de_DE","og_type":"article","og_title":"Frieren Katzen bei K\u00e4lte?","og_description":"K\u00f6nnen Katzen frieren? \u25b6 Hier erf\u00e4hrst du \u2713 wieviel K\u00e4lte Katzen vertragen und \u2713 was du bei Minusgraden beachten solltest!","og_url":"https:\/\/uelzener.de\/magazin\/katze\/tiergesundheit\/frieren-katzen-bei-kaelte\/","og_site_name":"Uelzener Tier-Magazin","article_publisher":"https:\/\/www.facebook.com\/Uelzener","article_modified_time":"2025-11-13T09:38:11+00:00","og_image":[{"width":1025,"height":450,"url":"https:\/\/uelzener.de\/magazin\/app\/uploads\/2022\/12\/frieren-katzen-bei-kaelte.jpg","type":"image\/jpeg"}],"twitter_card":"summary_large_image","twitter_misc":{"Gesch\u00e4tzte Lesezeit":"4\u00a0Minuten"},"schema":{"@context":"https:\/\/schema.org","@graph":[{"@type":"WebPage","@id":"https:\/\/uelzener.de\/magazin\/katze\/tiergesundheit\/frieren-katzen-bei-kaelte\/","url":"https:\/\/uelzener.de\/magazin\/katze\/tiergesundheit\/frieren-katzen-bei-kaelte\/","name":"Frieren Katzen bei K\u00e4lte? | Uelzener","isPartOf":{"@id":"https:\/\/uelzener.de\/magazin\/#website"},"primaryImageOfPage":{"@id":"https:\/\/uelzener.de\/magazin\/katze\/tiergesundheit\/frieren-katzen-bei-kaelte\/#primaryimage"},"image":{"@id":"https:\/\/uelzener.de\/magazin\/katze\/tiergesundheit\/frieren-katzen-bei-kaelte\/#primaryimage"},"thumbnailUrl":"https:\/\/uelzener.de\/magazin\/app\/uploads\/2022\/12\/frieren-katzen-bei-kaelte.jpg","datePublished":"2022-12-11T23:00:00+00:00","dateModified":"2025-11-13T09:38:11+00:00","description":"K\u00f6nnen Katzen frieren? \u25b6 Hier erf\u00e4hrst du \u2713 wieviel K\u00e4lte Katzen vertragen und \u2713 was du bei Minusgraden beachten solltest!","breadcrumb":{"@id":"https:\/\/uelzener.de\/magazin\/katze\/tiergesundheit\/frieren-katzen-bei-kaelte\/#breadcrumb"},"inLanguage":"de","potentialAction":[{"@type":"ReadAction","target":["https:\/\/uelzener.de\/magazin\/katze\/tiergesundheit\/frieren-katzen-bei-kaelte\/"]}]},{"@type":"ImageObject","inLanguage":"de","@id":"https:\/\/uelzener.de\/magazin\/katze\/tiergesundheit\/frieren-katzen-bei-kaelte\/#primaryimage","url":"https:\/\/uelzener.de\/magazin\/app\/uploads\/2022\/12\/frieren-katzen-bei-kaelte.jpg","contentUrl":"https:\/\/uelzener.de\/magazin\/app\/uploads\/2022\/12\/frieren-katzen-bei-kaelte.jpg","width":1025,"height":450,"caption":"Rote Katze l\u00e4uft \u00fcber vereiste Stra\u00dfe. Frieren Katzen bei K\u00e4lte?"},{"@type":"WebSite","@id":"https:\/\/uelzener.de\/magazin\/#website","url":"https:\/\/uelzener.de\/magazin\/","name":"Uelzener Tiermagazin","description":"Online Tierratgeber der Uelzener Versicherungen","publisher":{"@id":"https:\/\/uelzener.de\/magazin\/#organization"},"potentialAction":[{"@type":"SearchAction","target":{"@type":"EntryPoint","urlTemplate":"https:\/\/uelzener.de\/magazin\/?s={search_term_string}"},"query-input":{"@type":"PropertyValueSpecification","valueRequired":true,"valueName":"search_term_string"}}],"inLanguage":"de"},{"@type":"Organization","@id":"https:\/\/uelzener.de\/magazin\/#organization","name":"Uelzener Versicherungen","url":"https:\/\/uelzener.de\/magazin\/","logo":{"@type":"ImageObject","inLanguage":"de","@id":"https:\/\/uelzener.de\/magazin\/#\/schema\/logo\/image\/","url":"https:\/\/uelzener.de\/magazin\/app\/uploads\/2024\/11\/uelzener_allgemeine_versicherungsgesellschaft_a_g_logo.jpg","contentUrl":"https:\/\/uelzener.de\/magazin\/app\/uploads\/2024\/11\/uelzener_allgemeine_versicherungsgesellschaft_a_g_logo.jpg","width":200,"height":200,"caption":"Uelzener Versicherungen"},"image":{"@id":"https:\/\/uelzener.de\/magazin\/#\/schema\/logo\/image\/"},"sameAs":["https:\/\/www.facebook.com\/Uelzener","https:\/\/instagram.com\/uelzener","https:\/\/www.xing.com\/pages\/uelzenerallgemeineversicherungs-gesellschafta-g","https:\/\/www.youtube.com\/UelzenerVersicherungen"]}]}},"_links":{"self":[{"href":"https:\/\/uelzener.de\/magazin\/wp-json\/wp\/v2\/pages\/10170","targetHints":{"allow":["GET"]}}],"collection":[{"href":"https:\/\/uelzener.de\/magazin\/wp-json\/wp\/v2\/pages"}],"about":[{"href":"https:\/\/uelzener.de\/magazin\/wp-json\/wp\/v2\/types\/page"}],"author":[{"embeddable":true,"href":"https:\/\/uelzener.de\/magazin\/wp-json\/wp\/v2\/users\/11"}],"replies":[{"embeddable":true,"href":"https:\/\/uelzener.de\/magazin\/wp-json\/wp\/v2\/comments?post=10170"}],"version-history":[{"count":15,"href":"https:\/\/uelzener.de\/magazin\/wp-json\/wp\/v2\/pages\/10170\/revisions"}],"predecessor-version":[{"id":19429,"href":"https:\/\/uelzener.de\/magazin\/wp-json\/wp\/v2\/pages\/10170\/revisions\/19429"}],"up":[{"embeddable":true,"href":"https:\/\/uelzener.de\/magazin\/wp-json\/wp\/v2\/pages\/11712"}],"wp:featuredmedia":[{"embeddable":true,"href":"https:\/\/uelzener.de\/magazin\/wp-json\/wp\/v2\/media\/14575"}],"wp:attachment":[{"href":"https:\/\/uelzener.de\/magazin\/wp-json\/wp\/v2\/media?parent=10170"}],"curies":[{"name":"wp","href":"https:\/\/api.w.org\/{rel}","templated":true}]}}