{"id":10169,"date":"2017-09-20T00:00:00","date_gmt":"2017-09-20T00:00:00","guid":{"rendered":""},"modified":"2025-11-20T11:53:50","modified_gmt":"2025-11-20T10:53:50","slug":"fellpflege-katze","status":"publish","type":"page","link":"https:\/\/uelzener.de\/magazin\/katze\/haltung\/fellpflege-katze\/","title":{"rendered":"Fellpflege bei Katzen: So klappt das B\u00fcrsten"},"content":{"rendered":"<p>Gepflegte Langhaarkatzen haben ein flauschig weiches Fell. Allerdings kommt das nicht von selbst: Denn ihr langes Deckhaar und die dichte Unterwolle k\u00f6nnen die Katzen alleine nicht ausreichend pflegen und sind daher auf Hilfe von ihren Besitzern angewiesen.<\/p>\n<h2>Deshalb ist es wichtig, deine Katze zu b\u00fcrsten<\/h2>\n<p>F\u00fcr eine Langhaarkatze wie Perser oder Himalayan Colourpoint steht regelm\u00e4\u00dfige Fellpflege auf dem Programm, die besonders <strong>im Fellwechsel auch alle ein bis zwei Tage<\/strong> n\u00f6tig sein kann. Das verhindert, dass besonders die dichte Unterwolle verfilzt. In der Folge k\u00f6nnten sich dort ansonsten Parasiten einnisten. Die Haut kann so gereizt werden oder sich entz\u00fcnden. Darum ist es wichtig, die Katze schon <strong>von klein auf an die Fellpflege zu gew\u00f6hnen<\/strong> und ihr zu zeigen, dass K\u00e4mmen eine angenehme Erfahrung ist, um sp\u00e4tere Kampfszenen zu vermeiden. Au\u00dferdem macht eine regelm\u00e4\u00dfige Fellpflege bei Katzen auch dein Leben leichter: Du wirst in der Wohnung viel weniger <a href=\"https:\/\/uelzener.de\/magazin\/katze\/tipps-fuer-den-alltag\/katzenhaare-entfernen\/\">Katzenhaare zu entfernen<\/a> haben, wenn du flei\u00dfig b\u00fcrstest und vorbeugst.<\/p>\n<h3>Katzen, bei denen das Fell verfilzt<\/h3>\n<p>Manche Katzen neigen dazu, besonders schnell zu verfilzen. Die Knoten im Fell sind teilweise schmerzhaft und sollten deshalb entfernt werden. Hier kannst du <strong>vorsichtig<\/strong> mit einer <strong>Schere<\/strong> arbeiten und betroffenes Fell abschneiden. Besonders, wenn deine Katze \u00e4lter wird, k\u00f6nnte ihr die Fellpflege immer schwerer fallen. Auch Langhaarkatzen sind pr\u00e4destinierte Katzen, bei denen das Fell verfilzt. Plane bei solchen Katzen bei deiner <strong>Fellpflegeroutine<\/strong> gerne ein paar Minuten mehr ein. Schlie\u00dflich soll sich deine Katze in ihrer Haut und mit ihrem Haar wohlf\u00fchlen.<\/p>\n<h2>Katzen + Fellpflege: So b\u00fcrstest du richtig<\/h2>\n<ul>\n<li>Lege dem Stubentiger als Einstieg eine alte B\u00fcrste auf den Boden, damit sie sie beschnuppern und durch die Wohnung schieben kann.<\/li>\n<li>Liegt die Katze entspannt auf dem Scho\u00df, kann man als Einstieg eine <strong>weiche B\u00fcrste oder einen Massagehandschuh<\/strong> einsetzen. Aus diesen kurzen Einheiten l\u00e4sst sich langsam ein Art \u201ePflegeprogramm\u201c entwickeln, auch\u00a0<strong>um Haarballen zu vermeiden<\/strong>.<\/li>\n<li>Beim Katze b\u00fcrsten k\u00e4mmst zun\u00e4chst die <strong>Unterwolle<\/strong> vorsichtig mit einem <strong>Metallkamm<\/strong> mit breitstehenden Zinken und abgerundeten Spitzen. Hebe das Deckhaar dazu leicht an. Entferne so leichte Verfilzungen.<\/li>\n<li>Arbeite dann mit einem <strong>engzinkigeren Kamm<\/strong> nach.<\/li>\n<li>B\u00fcrste das Haar anschlie\u00dfend mit einer B\u00fcrste mit Natur- oder abgerundeten Metallborsten.<\/li>\n<li>F\u00fcr eine volle Runde Fellpflege bei einer Katze sollte man bis zu einer <strong>Viertelstunde<\/strong> einplanen, je nach Bereitschaft der Katze.<\/li>\n<\/ul>\n<h2>Katzen scheren: geht das?<\/h2>\n<p>Generell solltest du eine Katze nicht scheren. Besonders als Freig\u00e4nger ben\u00f6tigen die Tiere ihr Fell zum <strong>Schutz vor K\u00e4lte, N\u00e4sse, Parasiten und Sonnenstrahlen<\/strong>. Daher solltest du es wenn m\u00f6glich vermeiden, das gesamte Haar deiner Katze zu scheren. Jedoch kannst du deinem Stubentiger durch das Scheren bestimmter K\u00f6rperstellen das Leben etwas erleichtern:<\/p>\n<ul>\n<li><strong>Haare am Po:<\/strong> Du kannst hier f\u00fcr hygienischere Verh\u00e4ltnisse sorgen, wenn du rund um den Po deine Katze scherst. So bleiben Hinterlassenschaften nicht darin h\u00e4ngen und du senkst das Risiko f\u00fcr Infektionen.<\/li>\n<li><strong>Brustpartie:<\/strong> Diese Stelle ist besonders bei Langhaarkatzen h\u00e4ufig verfilzt. Die Katzen kommen hier am schlechtesten selbst hin, sodass du deiner Katze hier das Leben erleichterst<\/li>\n<li><strong>Dicke Katzen:<\/strong> Streift der Bauch deines Stubentigers schon fast den Boden, solltest du das Haar am Bauch kurz haben. Bei Filz und Knoten verhakt deine Katze sich sonst schnell in \u00c4sten und B\u00fcschen, was Verletzungen mit sich bringen kann.<\/li>\n<\/ul>\n<h2>Fellpflege f\u00fcr \u201egeladene\u201c Katzen<\/h2>\n<p>Es gibt spezielle <strong>Antistatiksprays<\/strong>, die das Durchk\u00e4mmen erleichtern. <strong>Entfilzungsk\u00e4mme<\/strong> k\u00f6nnen bereits entstandene Verfilzungen entfernen. Da sie aber ziemlich scharf sind, ist eine Verwendung nur bei ruhigen Katzen angeraten, um Verletzungen zu vermeiden. Um an das Bauchfell der Katze zu gelangen, ist oftmals <strong>Fingerspitzengef\u00fchl<\/strong> gefragt. Eine erh\u00f6hte Position wie Stuhl oder Tisch kann helfen.<\/p>\n<h2>Fellpflege bei dreckigen Katzen<\/h2>\n<p>Ist das Fell verschmutzt, soll man zun\u00e4chst versuchen, diese Bereiche mit einem <strong>feuchten Tuch<\/strong> zu reinigen. Da manche\u00a0<strong>Katzen wasserscheu sind<\/strong>, sollten sie nur in dringenden F\u00e4llen gebadet werden \u2013 es sei denn, die Katze genie\u00dft es. Verwende dazu ein spezielles Shampoo. Au\u00dferdem darf kein Wasser in Augen, Nase und Ohren kommen.<\/p>\n<p>Frisch gek\u00e4mmt und geb\u00fcrstet kann man seine Katze dann wieder getrost in die Freiheit oder aufs Sofa entlassen.<\/p>\n\n<div class=\"related_articles boxed\">\n    <h2>Mehr zum Thema<\/h2>\n    \n    <div class=\"wrapper\"><div class=\"title align-center\"><h3><a href=\"https:\/\/uelzener.de\/magazin\/katze\/tiergesundheit\/katze-hat-verstopfung\/\">Katze hat Verstopfung \u2013 was tun?<\/a><\/h3><\/div><div class=\"img align-center\"><img decoding=\"async\" width=\"315\" height=\"138\" src=\"https:\/\/uelzener.de\/magazin\/app\/uploads\/2025\/08\/verstopfung-katze.png\" class=\"attachment-315x180 size-315x180 wp-post-image\" alt=\"Katze mit Verstopfung im Katzenklo.\" \/><\/div><\/div><div class=\"wrapper\"><div class=\"title align-center\"><h3><a href=\"https:\/\/uelzener.de\/magazin\/katze\/tipps-fuer-den-alltag\/haarballen-katze\/\">Haarballen bei Katzen vermeiden<\/a><\/h3><\/div><div class=\"img align-center\"><img decoding=\"async\" width=\"315\" height=\"180\" src=\"https:\/\/uelzener.de\/magazin\/app\/uploads\/2020\/04\/fb494a10-43b9-4710-b2ef-954a3c9a8836-315x180.jpg\" class=\"attachment-315x180 size-315x180 wp-post-image\" alt=\"Kleine getigerte Katze w\u00fcrgt einen Haarballen raus.\" \/><\/div><\/div><div class=\"wrapper\"><div class=\"title align-center\"><h3><a href=\"https:\/\/uelzener.de\/magazin\/katze\/tiergesundheit\/schuppen-bei-katzen\/\">Schuppen bei Katzen: Wie sie entstehen und was du dagegen tun kannst<\/a><\/h3><\/div><div class=\"img align-center\"><img decoding=\"async\" width=\"315\" height=\"180\" src=\"https:\/\/uelzener.de\/magazin\/app\/uploads\/2025\/11\/katze-kratzt-sich-schuppen-315x180.jpg\" class=\"attachment-315x180 size-315x180 wp-post-image\" alt=\"Katze hat Schuppen.\" \/><\/div><\/div><\/div>\n\n<h2>FAQ: H\u00e4ufige Fragen zur Fellpflege bei Katzen<\/h2>\n<h3>Wie oft sollte man Katzen k\u00e4mmen?<\/h3>\n<p>Wenn deine Katze auch selbst ausreichend Fellpflege betreibt, ist es ausreichend, wenn du deine Katze 1x pro Woche b\u00fcrstest. Manche Katzen genie\u00dfen das B\u00fcrsten, sodass du nat\u00fcrlich auch \u00f6fter b\u00fcrsten kannst. W\u00e4hrend des Fellwechsels kannst du auch mehrmals w\u00f6chentlich unterst\u00fctzen.<\/p>\n<h3>Wie kann ich das Fell meiner Katze pflegen?<\/h3>\n<p>K\u00e4mme das Deckhaar regelm\u00e4\u00dfig. Auch die Unterwolle sollte regelm\u00e4\u00dfig auf Knoten, Filz und Parasiten \u00fcberpr\u00fcft werden. Achte bei Pflegeprodukten darauf, dass diese extra f\u00fcr Katzen gemacht sind, da sonst Hautirritationen und Probleme mit dem Fell auftreten k\u00f6nnen. Auch Nahrungsmittelerg\u00e4nzungen wie <a href=\"https:\/\/uelzener.de\/magazin\/katze\/ernaehrung\/warum-lachsoel-fuer-katzen-so-beliebt-ist\/\" target=\"_blank\" rel=\"noopener\">Lachs\u00f6l<\/a> k\u00f6nnen die Fellpflege von innen unterst\u00fctzen.<\/p>\n<h3>Wie h\u00e4lt meine Katze beim B\u00fcrsten still?<\/h3>\n<p>Gew\u00f6hne deine Katze von klein auf ans B\u00fcrsten. Zudem kannst du probieren, ob du sie dabei f\u00fctterst oder mit ihr spielst. So verkn\u00fcpft sie die Fellpflege positiv und beginnt im besten Fall, das B\u00fcrsten zu genie\u00dfen.<\/p>\n","protected":false},"excerpt":{"rendered":"<p>Gepflegte Langhaarkatzen haben ein flauschig weiches Fell. Allerdings kommt das nicht von selbst: Denn ihr langes Deckhaar und die dichte Unterwolle k\u00f6nnen die Katzen alleine nicht ausreichend pflegen und sind daher auf Hilfe von ihren Besitzern angewiesen. Deshalb ist es wichtig, deine Katze zu b\u00fcrsten F\u00fcr eine Langhaarkatze wie Perser oder Himalayan Colourpoint steht regelm\u00e4\u00dfige [&hellip;]<\/p>\n","protected":false},"author":1,"featured_media":10758,"parent":11683,"menu_order":8,"comment_status":"open","ping_status":"open","template":"templates\/blog.php","meta":{"_acf_changed":false,"_crdt_document":"","footnotes":"","beyondwords_generate_audio":"0","beyondwords_project_id":"","beyondwords_content_id":"","beyondwords_preview_token":"","beyondwords_player_style":"","beyondwords_language_id":"","beyondwords_title_voice_id":"","beyondwords_body_voice_id":"","beyondwords_summary_voice_id":"","beyondwords_error_message":"","beyondwords_disabled":"","beyondwords_delete_content":"","beyondwords_podcast_id":"","beyondwords_hash":"","publish_post_to_speechkit":"","speechkit_hash":"","speechkit_generate_audio":"","speechkit_project_id":"","speechkit_podcast_id":"","speechkit_error_message":"","speechkit_disabled":"","speechkit_access_key":"","speechkit_error":"","speechkit_info":"","speechkit_response":"","speechkit_retries":"","speechkit_status":"","speechkit_updated_at":"","_speechkit_link":"","_speechkit_text":""},"class_list":["post-10169","page","type-page","status-publish","has-post-thumbnail","hentry"],"acf":[],"yoast_head":"<!-- This site is optimized with the Yoast SEO Premium plugin  - https:\/\/yoast.com\/product\/yoast-seo-premium-wordpress\/ -->\n<title>Fellpflege bei Katzen: Wie b\u00fcrste ich sie richtig? \u2013 Uelzener Magazin<\/title>\n<meta name=\"description\" content=\"Erfahre alles zur Fellpflege bei deiner Katze: Von Eingew\u00f6hnung \u00fcber das richtige Werkzeug.\" \/>\n<meta name=\"robots\" content=\"index, follow, max-snippet:-1, max-image-preview:large, max-video-preview:-1\" \/>\n<link rel=\"canonical\" href=\"https:\/\/uelzener.de\/magazin\/katze\/haltung\/fellpflege-katze\/\" \/>\n<meta property=\"og:locale\" content=\"de_DE\" \/>\n<meta property=\"og:type\" content=\"article\" \/>\n<meta property=\"og:title\" content=\"Fellpflege bei Katzen: So klappt das B\u00fcrsten\" \/>\n<meta property=\"og:description\" content=\"Erfahre alles zur Fellpflege bei deiner Katze: Von Eingew\u00f6hnung \u00fcber das richtige Werkzeug.\" \/>\n<meta property=\"og:url\" content=\"https:\/\/uelzener.de\/magazin\/katze\/haltung\/fellpflege-katze\/\" \/>\n<meta property=\"og:site_name\" content=\"Uelzener Tier-Magazin\" \/>\n<meta property=\"article:publisher\" content=\"https:\/\/www.facebook.com\/Uelzener\" \/>\n<meta property=\"article:modified_time\" content=\"2025-11-20T10:53:50+00:00\" \/>\n<meta property=\"og:image\" content=\"https:\/\/uelzener.de\/magazin\/app\/uploads\/2017\/09\/371a4c49-997a-42f3-83eb-b663c01e5ad4.jpg\" \/>\n\t<meta property=\"og:image:width\" content=\"650\" \/>\n\t<meta property=\"og:image:height\" content=\"433\" \/>\n\t<meta property=\"og:image:type\" content=\"image\/jpeg\" \/>\n<meta name=\"twitter:card\" content=\"summary_large_image\" \/>\n<meta name=\"twitter:label1\" content=\"Gesch\u00e4tzte Lesezeit\" \/>\n\t<meta name=\"twitter:data1\" content=\"5\u00a0Minuten\" \/>\n<script type=\"application\/ld+json\" class=\"yoast-schema-graph\">{\"@context\":\"https:\/\/schema.org\",\"@graph\":[{\"@type\":\"WebPage\",\"@id\":\"https:\/\/uelzener.de\/magazin\/katze\/haltung\/fellpflege-katze\/\",\"url\":\"https:\/\/uelzener.de\/magazin\/katze\/haltung\/fellpflege-katze\/\",\"name\":\"Fellpflege bei Katzen: Wie b\u00fcrste ich sie richtig? \u2013 Uelzener Magazin\",\"isPartOf\":{\"@id\":\"https:\/\/uelzener.de\/magazin\/#website\"},\"primaryImageOfPage\":{\"@id\":\"https:\/\/uelzener.de\/magazin\/katze\/haltung\/fellpflege-katze\/#primaryimage\"},\"image\":{\"@id\":\"https:\/\/uelzener.de\/magazin\/katze\/haltung\/fellpflege-katze\/#primaryimage\"},\"thumbnailUrl\":\"https:\/\/uelzener.de\/magazin\/app\/uploads\/2017\/09\/371a4c49-997a-42f3-83eb-b663c01e5ad4.jpg\",\"datePublished\":\"2017-09-20T00:00:00+00:00\",\"dateModified\":\"2025-11-20T10:53:50+00:00\",\"description\":\"Erfahre alles zur Fellpflege bei deiner Katze: Von Eingew\u00f6hnung \u00fcber das richtige Werkzeug.\",\"breadcrumb\":{\"@id\":\"https:\/\/uelzener.de\/magazin\/katze\/haltung\/fellpflege-katze\/#breadcrumb\"},\"inLanguage\":\"de\",\"potentialAction\":[{\"@type\":\"ReadAction\",\"target\":[\"https:\/\/uelzener.de\/magazin\/katze\/haltung\/fellpflege-katze\/\"]}]},{\"@type\":\"ImageObject\",\"inLanguage\":\"de\",\"@id\":\"https:\/\/uelzener.de\/magazin\/katze\/haltung\/fellpflege-katze\/#primaryimage\",\"url\":\"https:\/\/uelzener.de\/magazin\/app\/uploads\/2017\/09\/371a4c49-997a-42f3-83eb-b663c01e5ad4.jpg\",\"contentUrl\":\"https:\/\/uelzener.de\/magazin\/app\/uploads\/2017\/09\/371a4c49-997a-42f3-83eb-b663c01e5ad4.jpg\",\"width\":650,\"height\":433,\"caption\":\"Ein hellbraun wei\u00dfe Katze mit langem Fell sitzt auf einem Holztisch. Bei Katzen mit langen Haaren ist das B\u00fcrsten dieser essentiell.\"},{\"@type\":\"WebSite\",\"@id\":\"https:\/\/uelzener.de\/magazin\/#website\",\"url\":\"https:\/\/uelzener.de\/magazin\/\",\"name\":\"Uelzener Tiermagazin\",\"description\":\"Online Tierratgeber der Uelzener Versicherungen\",\"publisher\":{\"@id\":\"https:\/\/uelzener.de\/magazin\/#organization\"},\"potentialAction\":[{\"@type\":\"SearchAction\",\"target\":{\"@type\":\"EntryPoint\",\"urlTemplate\":\"https:\/\/uelzener.de\/magazin\/?s={search_term_string}\"},\"query-input\":{\"@type\":\"PropertyValueSpecification\",\"valueRequired\":true,\"valueName\":\"search_term_string\"}}],\"inLanguage\":\"de\"},{\"@type\":\"Organization\",\"@id\":\"https:\/\/uelzener.de\/magazin\/#organization\",\"name\":\"Uelzener Versicherungen\",\"url\":\"https:\/\/uelzener.de\/magazin\/\",\"logo\":{\"@type\":\"ImageObject\",\"inLanguage\":\"de\",\"@id\":\"https:\/\/uelzener.de\/magazin\/#\/schema\/logo\/image\/\",\"url\":\"https:\/\/uelzener.de\/magazin\/app\/uploads\/2024\/11\/uelzener_allgemeine_versicherungsgesellschaft_a_g_logo.jpg\",\"contentUrl\":\"https:\/\/uelzener.de\/magazin\/app\/uploads\/2024\/11\/uelzener_allgemeine_versicherungsgesellschaft_a_g_logo.jpg\",\"width\":200,\"height\":200,\"caption\":\"Uelzener Versicherungen\"},\"image\":{\"@id\":\"https:\/\/uelzener.de\/magazin\/#\/schema\/logo\/image\/\"},\"sameAs\":[\"https:\/\/www.facebook.com\/Uelzener\",\"https:\/\/instagram.com\/uelzener\",\"https:\/\/www.xing.com\/pages\/uelzenerallgemeineversicherungs-gesellschafta-g\",\"https:\/\/www.youtube.com\/UelzenerVersicherungen\"]}]}<\/script>\n<!-- \/ Yoast SEO Premium plugin. -->","yoast_head_json":{"title":"Fellpflege bei Katzen: Wie b\u00fcrste ich sie richtig? \u2013 Uelzener Magazin","description":"Erfahre alles zur Fellpflege bei deiner Katze: Von Eingew\u00f6hnung \u00fcber das richtige Werkzeug.","robots":{"index":"index","follow":"follow","max-snippet":"max-snippet:-1","max-image-preview":"max-image-preview:large","max-video-preview":"max-video-preview:-1"},"canonical":"https:\/\/uelzener.de\/magazin\/katze\/haltung\/fellpflege-katze\/","og_locale":"de_DE","og_type":"article","og_title":"Fellpflege bei Katzen: So klappt das B\u00fcrsten","og_description":"Erfahre alles zur Fellpflege bei deiner Katze: Von Eingew\u00f6hnung \u00fcber das richtige Werkzeug.","og_url":"https:\/\/uelzener.de\/magazin\/katze\/haltung\/fellpflege-katze\/","og_site_name":"Uelzener Tier-Magazin","article_publisher":"https:\/\/www.facebook.com\/Uelzener","article_modified_time":"2025-11-20T10:53:50+00:00","og_image":[{"width":650,"height":433,"url":"https:\/\/uelzener.de\/magazin\/app\/uploads\/2017\/09\/371a4c49-997a-42f3-83eb-b663c01e5ad4.jpg","type":"image\/jpeg"}],"twitter_card":"summary_large_image","twitter_misc":{"Gesch\u00e4tzte Lesezeit":"5\u00a0Minuten"},"schema":{"@context":"https:\/\/schema.org","@graph":[{"@type":"WebPage","@id":"https:\/\/uelzener.de\/magazin\/katze\/haltung\/fellpflege-katze\/","url":"https:\/\/uelzener.de\/magazin\/katze\/haltung\/fellpflege-katze\/","name":"Fellpflege bei Katzen: Wie b\u00fcrste ich sie richtig? \u2013 Uelzener Magazin","isPartOf":{"@id":"https:\/\/uelzener.de\/magazin\/#website"},"primaryImageOfPage":{"@id":"https:\/\/uelzener.de\/magazin\/katze\/haltung\/fellpflege-katze\/#primaryimage"},"image":{"@id":"https:\/\/uelzener.de\/magazin\/katze\/haltung\/fellpflege-katze\/#primaryimage"},"thumbnailUrl":"https:\/\/uelzener.de\/magazin\/app\/uploads\/2017\/09\/371a4c49-997a-42f3-83eb-b663c01e5ad4.jpg","datePublished":"2017-09-20T00:00:00+00:00","dateModified":"2025-11-20T10:53:50+00:00","description":"Erfahre alles zur Fellpflege bei deiner Katze: Von Eingew\u00f6hnung \u00fcber das richtige Werkzeug.","breadcrumb":{"@id":"https:\/\/uelzener.de\/magazin\/katze\/haltung\/fellpflege-katze\/#breadcrumb"},"inLanguage":"de","potentialAction":[{"@type":"ReadAction","target":["https:\/\/uelzener.de\/magazin\/katze\/haltung\/fellpflege-katze\/"]}]},{"@type":"ImageObject","inLanguage":"de","@id":"https:\/\/uelzener.de\/magazin\/katze\/haltung\/fellpflege-katze\/#primaryimage","url":"https:\/\/uelzener.de\/magazin\/app\/uploads\/2017\/09\/371a4c49-997a-42f3-83eb-b663c01e5ad4.jpg","contentUrl":"https:\/\/uelzener.de\/magazin\/app\/uploads\/2017\/09\/371a4c49-997a-42f3-83eb-b663c01e5ad4.jpg","width":650,"height":433,"caption":"Ein hellbraun wei\u00dfe Katze mit langem Fell sitzt auf einem Holztisch. Bei Katzen mit langen Haaren ist das B\u00fcrsten dieser essentiell."},{"@type":"WebSite","@id":"https:\/\/uelzener.de\/magazin\/#website","url":"https:\/\/uelzener.de\/magazin\/","name":"Uelzener Tiermagazin","description":"Online Tierratgeber der Uelzener Versicherungen","publisher":{"@id":"https:\/\/uelzener.de\/magazin\/#organization"},"potentialAction":[{"@type":"SearchAction","target":{"@type":"EntryPoint","urlTemplate":"https:\/\/uelzener.de\/magazin\/?s={search_term_string}"},"query-input":{"@type":"PropertyValueSpecification","valueRequired":true,"valueName":"search_term_string"}}],"inLanguage":"de"},{"@type":"Organization","@id":"https:\/\/uelzener.de\/magazin\/#organization","name":"Uelzener Versicherungen","url":"https:\/\/uelzener.de\/magazin\/","logo":{"@type":"ImageObject","inLanguage":"de","@id":"https:\/\/uelzener.de\/magazin\/#\/schema\/logo\/image\/","url":"https:\/\/uelzener.de\/magazin\/app\/uploads\/2024\/11\/uelzener_allgemeine_versicherungsgesellschaft_a_g_logo.jpg","contentUrl":"https:\/\/uelzener.de\/magazin\/app\/uploads\/2024\/11\/uelzener_allgemeine_versicherungsgesellschaft_a_g_logo.jpg","width":200,"height":200,"caption":"Uelzener Versicherungen"},"image":{"@id":"https:\/\/uelzener.de\/magazin\/#\/schema\/logo\/image\/"},"sameAs":["https:\/\/www.facebook.com\/Uelzener","https:\/\/instagram.com\/uelzener","https:\/\/www.xing.com\/pages\/uelzenerallgemeineversicherungs-gesellschafta-g","https:\/\/www.youtube.com\/UelzenerVersicherungen"]}]}},"_links":{"self":[{"href":"https:\/\/uelzener.de\/magazin\/wp-json\/wp\/v2\/pages\/10169","targetHints":{"allow":["GET"]}}],"collection":[{"href":"https:\/\/uelzener.de\/magazin\/wp-json\/wp\/v2\/pages"}],"about":[{"href":"https:\/\/uelzener.de\/magazin\/wp-json\/wp\/v2\/types\/page"}],"author":[{"embeddable":true,"href":"https:\/\/uelzener.de\/magazin\/wp-json\/wp\/v2\/users\/1"}],"replies":[{"embeddable":true,"href":"https:\/\/uelzener.de\/magazin\/wp-json\/wp\/v2\/comments?post=10169"}],"version-history":[{"count":14,"href":"https:\/\/uelzener.de\/magazin\/wp-json\/wp\/v2\/pages\/10169\/revisions"}],"predecessor-version":[{"id":19554,"href":"https:\/\/uelzener.de\/magazin\/wp-json\/wp\/v2\/pages\/10169\/revisions\/19554"}],"up":[{"embeddable":true,"href":"https:\/\/uelzener.de\/magazin\/wp-json\/wp\/v2\/pages\/11683"}],"wp:featuredmedia":[{"embeddable":true,"href":"https:\/\/uelzener.de\/magazin\/wp-json\/wp\/v2\/media\/10758"}],"wp:attachment":[{"href":"https:\/\/uelzener.de\/magazin\/wp-json\/wp\/v2\/media?parent=10169"}],"curies":[{"name":"wp","href":"https:\/\/api.w.org\/{rel}","templated":true}]}}