{"id":10163,"date":"2025-04-14T14:36:00","date_gmt":"2025-04-14T12:36:00","guid":{"rendered":""},"modified":"2025-08-05T14:55:16","modified_gmt":"2025-08-05T12:55:16","slug":"kastration-katze-und-kater","status":"publish","type":"page","link":"https:\/\/uelzener.de\/magazin\/katze\/tiergesundheit\/kastration-katze-und-kater\/","title":{"rendered":"Kastration bei Katze und Kater"},"content":{"rendered":"<p><span style=\"font-weight: 400;\">Die Frage, ob eine Katze oder ein Kater kastriert werden sollte, ist eine der wichtigsten, mit denen sich Katzenbesitzer und -besitzerinnen auseinandersetzen. W\u00e4hrend manche die Kastration als essentiellen Bestandteil einer verantwortungsvollen Tierhaltung betrachten, haben andere Bedenken hinsichtlich m\u00f6glicher Risiken und Nachteile.\u00a0<\/span><\/p>\n<p><span style=\"font-weight: 400;\">Fakt ist, dass kastrierte Katzen von einem entspannteren Alltag profitieren. Zudem belegen Studien, dass sie im Vergleich zu unkastrierten Artgenossen eine h\u00f6here durchschnittliche Lebenserwartung haben. Um die Gesundheit und das Wohlbefinden der Tiere aufrechtzuerhalten, m\u00fcssen Halter und Halterinnen jedoch einige Dinge beachten. In unserem Artikel erf\u00e4hrst du alles, was du zum Thema Kastration wissen musst.<\/span><\/p>\n<h2>Wann ist der beste Zeitpunkt f\u00fcr eine Kastration?<\/h2>\n<p><span style=\"font-weight: 400;\">Der ideale Zeitpunkt einer Kastration ist individuell unterschiedlich und sollte stets mit einem Tierarzt oder einer Tier\u00e4rztin abgestimmt werden. Im Regelfall wird der Eingriff fr\u00fchestens in einem Alter von f\u00fcnf bis acht Monaten empfohlen. Dabei erreichen Kater die Geschlechtsreife in der Regel etwas fr\u00fcher als Katzen und sind somit auch eher bereit f\u00fcr die Kastration.<\/span><\/p>\n<h2>Was ist der Unterschied zwischen Kastration und Sterilisation?<\/h2>\n<p><span style=\"font-weight: 400;\">Wer sich \u00fcber eine Kastration informiert, wird h\u00e4ufig auch auf die M\u00f6glichkeit einer Sterilisation sto\u00dfen. Doch inwiefern unterscheiden sich die beiden Methoden?<\/span><\/p>\n<p><span style=\"font-weight: 400;\">Bei einer Kastration werden die Keimdr\u00fcsen des Tieres, das hei\u00dft dessen Hoden oder Eierst\u00f6cke, operativ entfernt. Bei einer Sterilisation werden dagegen die Ausf\u00fchrg\u00e4nge der Keimdr\u00fcsen, also Ei- oder Samenleiter, durchtrennt. Eine Kastration ist in der Tiermedizin \u00fcblicher als eine Sterilisation. Das liegt darin begr\u00fcndet, dass sich das hormonell gesteuerte Verhalten sterilisierter Tiere nicht ver\u00e4ndert und der Geschlechtstrieb erhalten bleibt.\u00a0<\/span><\/p>\n<h2>Die Vorteile einer Kastration bei Katzen<\/h2>\n<p><span style=\"font-weight: 400;\">Die Entscheidung \u00fcber eine Kastration sollte gut \u00fcberlegt sein. Empfehlenswert ist es daher, sorgf\u00e4ltig abzuw\u00e4gen, welche Punkte daf\u00fcr oder dagegen sprechen.<\/span><\/p>\n<p><span style=\"font-weight: 400;\">F\u00fcr Katzen und Kater bringt eine Kastration einige Vorteile mit sich.<\/span><\/p>\n<ul>\n<li style=\"font-weight: 400;\" aria-level=\"1\"><span style=\"font-weight: 400;\">Die Rolligkeit bei weiblichen Katzen entf\u00e4llt und damit auch das Auf und Ab der Hormone. Ohne den Drang zur Partnersuche wird das Leben sowohl f\u00fcr die Katze als auch f\u00fcr den Menschen insgesamt stressfreier.<\/span><\/li>\n<li style=\"font-weight: 400;\" aria-level=\"1\"><span style=\"font-weight: 400;\">Kater neigen nach der Kastration weniger zu aggressivem Verhalten und Revierk\u00e4mpfen, was das Verletzungsrisiko reduziert. Das f\u00fcr Menschen sehr unangenehme Markieren mit Urin nimmt zudem deutlich ab oder h\u00f6rt vollst\u00e4ndig auf.<\/span><\/li>\n<li style=\"font-weight: 400;\" aria-level=\"1\"><span style=\"font-weight: 400;\">Kastrierte Freig\u00e4nger werden \u201esesshafter\u201c und halten sich n\u00e4her am Haus auf, wodurch die Gefahr von Autounf\u00e4llen, Infektionskrankheiten oder Angriffen durch andere Tiere sinkt.<\/span><\/li>\n<\/ul>\n<p><span style=\"font-weight: 400;\">Eine Kastration leistet nicht nur einen Beitrag zur Gesundheit des eigenen Tieres, sondern hat Auswirkungen auf die Katzenpopulation. Unkastrierte freilaufende Katzen k\u00f6nnen sich beinahe unkontrolliert vermehren, wodurch die Zahl an Streunern zunimmt. Diese Tiere m\u00fcssen oft unter schwierigen Bedingungen leben, sind Krankheiten, Hunger und Umweltgefahren ausgesetzt. Mit einer Kastration kann dem entgegengewirkt werden.<\/span><\/p>\n<h2>M\u00f6gliche Nachteile einer Kastration<\/h2>\n<p><span style=\"font-weight: 400;\">Trotz der vielen Vorteile gibt es auch einige negative Aspekte, die mit einer Kastration einhergehen k\u00f6nnen:<\/span><\/p>\n<ul>\n<li style=\"font-weight: 400;\" aria-level=\"1\"><span style=\"font-weight: 400;\">Viele kastrierte Kater und Katzen neigen zu \u00dcbergewicht. Durch die hormonelle Umstellung kann der Appetit steigen, zugleich sind die Tiere nicht mehr so aktiv wie vorher. Da auch die Suche nach potenziellen Partnern entf\u00e4llt, kann es bei einer unangepassten F\u00fctterung schnell zu einer Gewichtszunahme kommen. In der Folge k\u00f6nnen sich Stoffwechsel- oder Gelenkerkrankungen wie Diabetes mellitus oder Arthrosen entwickeln.<\/span><\/li>\n<li style=\"font-weight: 400;\" aria-level=\"1\"><span style=\"font-weight: 400;\">Auch Harnsteine k\u00f6nnen durch Kastration oder \u00dcbergewicht h\u00e4ufiger vorkommen. Kater sind dabei gef\u00e4hrdeter als Katzen, da ihre Harnr\u00f6hre d\u00fcnner ist. Bei Symptomen wie pl\u00f6tzlicher Unreinheit, Schmerzen beim Wasserlassen oder blutigem Urin sollte umgehend tier\u00e4rztlicher Rat eingeholt werden.<\/span><\/li>\n<li style=\"font-weight: 400;\" aria-level=\"1\"><span style=\"font-weight: 400;\">Bei der Operation k\u00f6nnen sich Komplikationen ergeben, vor allem bedingt durch die Vollnarkose. Gerade Katzen mit Vorerkrankungen an Herz, Leber oder Nieren sind dahingehend einem h\u00f6heren Risiko ausgesetzt. Die Kastration als solches geh\u00f6rt jedoch zu den Routine-Eingriffen und folgt einem standardisierten Ablauf. Blutungen und Infektionen kommen eher selten vor.\u00a0<\/span><\/li>\n<li style=\"font-weight: 400;\" aria-level=\"1\"><span style=\"font-weight: 400;\">Durch die hormonelle Ver\u00e4nderung kann eine Urwampe entstehen, also eine lose Hautfalte am Bauch. Diese stellt jedoch meist keinen gesundheitlichen Nachteil dar.<\/span><\/li>\n<\/ul>\n<p><span style=\"font-weight: 400;\">In vielen F\u00e4llen \u00fcberwiegen die Vorteile die Nachteile, zumal sich durch eine angepasste F\u00fctterung das Risiko von \u00dcbergewicht und Harnsteinen verringern l\u00e4sst. In erster Linie liegt es an den Halterinnen und Haltern, ihre kastrierte Katze richtig zu versorgen. Eine tier\u00e4rztliche Beratung kann hier weiterhelfen.<\/span><\/p>\n\n<div class=\"related_articles boxed\">\n    <h2>Mehr zum Thema<\/h2>\n    \n    <div class=\"wrapper\"><div class=\"title align-center\"><h3><a href=\"https:\/\/uelzener.de\/magazin\/katze\/tiergesundheit\/arthrose-bei-katzen\/\">Arthrose bei Katzen: Schmerzen lindern und Alltag meistern<\/a><\/h3><\/div><div class=\"img align-center\"><img decoding=\"async\" width=\"315\" height=\"180\" src=\"https:\/\/uelzener.de\/magazin\/app\/uploads\/2024\/10\/arthose-bei-katzen-315x180.jpg\" class=\"attachment-315x180 size-315x180 wp-post-image\" alt=\"Hinterbeine einer Katze mit Arthrosen.\" \/><\/div><\/div><div class=\"wrapper\"><div class=\"title align-center\"><h3><a href=\"https:\/\/uelzener.de\/magazin\/katze\/haeufige-fragen\/haben-katzen-eine-urwampe\/\">Haben Katzen eine Urwampe?<\/a><\/h3><\/div><div class=\"img align-center\"><img decoding=\"async\" width=\"315\" height=\"180\" src=\"https:\/\/uelzener.de\/magazin\/app\/uploads\/2022\/11\/katze-urwampe-haengebauch-primordial-pouch-315x180.jpg\" class=\"attachment-315x180 size-315x180 wp-post-image\" alt=\"Eine Katze wird gestreichelt. Seitlich sieht man die Urwampe: einen h\u00e4ngenden, befellten Hautlappen am Bauch der Katze.\" \/><\/div><\/div><div class=\"wrapper\"><div class=\"title align-center\"><h3><a href=\"https:\/\/uelzener.de\/magazin\/katze\/tiergesundheit\/diabetes-bei-katzen\/\">Diabetes bei Katzen: Eine behandelbare Stoffwechselst\u00f6rung<\/a><\/h3><\/div><div class=\"img align-center\"><img decoding=\"async\" width=\"315\" height=\"180\" src=\"https:\/\/uelzener.de\/magazin\/app\/uploads\/2023\/08\/diabetes-katze-315x180.jpg\" class=\"attachment-315x180 size-315x180 wp-post-image\" alt=\"Katze bekommt Insulin-Injektion bei Diabetes.\" \/><\/div><\/div><\/div>\n\n<h2>Wie l\u00e4uft eine Kastration ab und was ist zu beachten?<\/h2>\n<p><span style=\"font-weight: 400;\">Eine Kastration erfolgt immer unter Vollnarkose, wobei der Eingriff bei Katern etwas weniger umfangreich ist als bei Katzen. Den konkreten Ablauf sowie Vor- und Nachsorgema\u00dfnahmen besprichst du am besten mit dem Tierarzt oder der Tier\u00e4rztin. \u00dcblich ist folgendes Schema:<\/span><\/p>\n<ul>\n<li style=\"font-weight: 400;\" aria-level=\"1\"><span style=\"font-weight: 400;\">Das Tier sollte f\u00fcr die Kastration n\u00fcchtern sein und darf daher etwa 12 Stunden vor der OP keine Nahrung mehr zu sich nehmen.<\/span><\/li>\n<li style=\"font-weight: 400;\" aria-level=\"1\"><span style=\"font-weight: 400;\">Die Kastration selbst dauert meist 30 bis 60 Minuten.<\/span><\/li>\n<li style=\"font-weight: 400;\" aria-level=\"1\"><span style=\"font-weight: 400;\">Katzen erholen sich im Normalfall innerhalb von ein paar Stunden von der Narkose. H\u00e4ufig sind sie im Nachgang etwas benommen. Es empfiehlt sich, das Katzenklo unweit des Liegeplatzes zu positionieren. Die Tiere sollten in den ersten beiden Tagen nach der OP genau beobachtet werden, um bei eventuellen Komplikationen schnell handeln zu k\u00f6nnen.\u00a0<\/span><\/li>\n<li style=\"font-weight: 400;\" aria-level=\"1\"><span style=\"font-weight: 400;\">Nach der OP funktioniert die k\u00f6rpereigene Temperaturregulation der Katze in der Regel nicht so gut wie sonst. Es sollte daher darauf geachtet werden, dass sie nicht ausk\u00fchlt.<\/span><\/li>\n<li style=\"font-weight: 400;\" aria-level=\"1\"><span style=\"font-weight: 400;\">Oftmals wird dem Tier ein Body angezogen oder eine Halskrause umgelegt, damit es nicht an der Kastrationsnarbe leckt. Bei weiblichen Katzen ist das h\u00e4ufiger n\u00f6tig als bei Katern.<\/span><\/li>\n<li style=\"font-weight: 400;\" aria-level=\"1\"><span style=\"font-weight: 400;\">W\u00e4hrend der Heilung sollte die Wunde regelm\u00e4\u00dfig \u00fcberpr\u00fcft werden, um etwaige Entz\u00fcndungen oder Infektionen fr\u00fchzeitig zu erkennen.<\/span><\/li>\n<li style=\"font-weight: 400;\" aria-level=\"1\"><span style=\"font-weight: 400;\">Die F\u00e4den werden meist nach zehn bis zw\u00f6lf Tagen gezogen.<\/span><\/li>\n<li style=\"font-weight: 400;\" aria-level=\"1\"><span style=\"font-weight: 400;\">Bis die Wunde verheilt ist, sollten Freig\u00e4nger nicht nach drau\u00dfen gelassen werden.<\/span><\/li>\n<\/ul>\n<p><span style=\"font-weight: 400;\">Treten w\u00e4hrend des Heilungsprozesses Unsicherheiten auf, solltest du bei deinem Tierarzt oder deiner Tier\u00e4rztin umgehend Rat einholen.<\/span><\/p>\n<p><b>Tipp:<\/b><span style=\"font-weight: 400;\"> Mit der <\/span><span style=\"font-weight: 400;\">Katzen-OP-Versicherung<\/span><span style=\"font-weight: 400;\"> der Uelzener erh\u00e4ltst du einen Kostenzuschuss f\u00fcr Kastrationen und Sterilisationen und musst somit kein finanzielles Risiko f\u00fcrchten.\u00a0<\/span><\/p>\n\n<div class=\"banner\">\n    <a href=\"https:\/\/uelzener.de\/katze?agt=0000104925&sem=true&utm_medium=magazin&utm_source=wordpress&utm_campaign=katze&utm_content=banner\">\n        <img decoding=\"async\" width=\"300\" height=\"212\" src=\"https:\/\/uelzener.de\/magazin\/app\/uploads\/2025\/01\/Katzenversicherung.jpg\" class=\"attachment-medium size-medium\" alt=\"Banner Katzenversicherung\" \/>    <\/a>\n<\/div>\n\n<p><span style=\"font-weight: 400;\"><a href=\"https:\/\/uelzener.de\/magazin\/katze\/haltung\/was-kostet-eine-katze-im-monat\/\" target=\"_blank\" rel=\"noopener\">Wie viel eine Katze im Monat kosten kann, von der Anschaffung bis zur Ausstattung, dar\u00fcber erf\u00e4hrst du mehr in unserem Online-Magazin<\/a>.<\/span><\/p>\n<h2>Fazit<\/h2>\n<p><span style=\"font-weight: 400;\">Eine Kastration kann f\u00fcr Tier und Mensch viele Vorteile mit sich bringen. Zwar gibt es auch negative Aspekte, die mit dem Eingriff einhergehen k\u00f6nnen, mit einer guten Betreuung w\u00e4hrend des Heilungsprozesses, einer angepassten Ern\u00e4hrung und ausreichend Bewegung im Nachgang l\u00e4sst sich jedoch einigen Risiken entgegenwirken. Die Entscheidung f\u00fcr oder gegen eine Kastration sollte man trotzdem nicht leichtfertig treffen und sich nicht scheuen, sich diesbez\u00fcglich tier\u00e4rztlich beraten zu lassen.<\/span><\/p>\n<h2>FAQ: H\u00e4ufig gestellte Fragen zum Thema Kastration bei Katzen<\/h2>\n<h3>Wann sollte ich nach der OP meinen Tierarzt bzw. meine Tier\u00e4rztin aufsuchen?<\/h3>\n<p><span style=\"font-weight: 400;\">Verl\u00e4uft die Heilung komplikationslos, reicht es \u00fcblicherweise, die Katze zum Termin des F\u00e4denziehens wieder vorzustellen. Anders verh\u00e4lt es sich, wenn die Heilung nicht optimal verl\u00e4uft und sich Symptome wie ein merkw\u00fcrdiger oder unangenehmer Geruch der Wunde, austretende Fl\u00fcssigkeit, Eiter, Entz\u00fcndungen oder ungew\u00f6hnliche Schwellungen zeigen. In dem Fall muss die Katze umgehend tier\u00e4rztlich untersucht werden.\u00a0<\/span><\/p>\n<h3>Sollte ich meine Wohnungskatze auch kastrieren lassen?<\/h3>\n<p><span style=\"font-weight: 400;\">Ja, denn auch Stubentiger leiden unter ihrem hormonell gesteuerten Verhalten und k\u00f6nnen von den Vorteilen einer Kastration profitieren.<\/span><\/p>\n","protected":false},"excerpt":{"rendered":"<p>Die Frage, ob eine Katze oder ein Kater kastriert werden sollte, ist eine der wichtigsten, mit denen sich Katzenbesitzer und -besitzerinnen auseinandersetzen. W\u00e4hrend manche die Kastration als essentiellen Bestandteil einer verantwortungsvollen Tierhaltung betrachten, haben andere Bedenken hinsichtlich m\u00f6glicher Risiken und Nachteile.\u00a0 Fakt ist, dass kastrierte Katzen von einem entspannteren Alltag profitieren. Zudem belegen Studien, dass [&hellip;]<\/p>\n","protected":false},"author":1,"featured_media":18367,"parent":11712,"menu_order":47,"comment_status":"open","ping_status":"open","template":"templates\/blog.php","meta":{"_acf_changed":false,"_crdt_document":"","footnotes":"","beyondwords_generate_audio":"0","beyondwords_project_id":"","beyondwords_content_id":"","beyondwords_preview_token":"","beyondwords_player_style":"","beyondwords_language_id":"","beyondwords_title_voice_id":"","beyondwords_body_voice_id":"","beyondwords_summary_voice_id":"","beyondwords_error_message":"","beyondwords_disabled":"","beyondwords_delete_content":"","beyondwords_podcast_id":"","beyondwords_hash":"","publish_post_to_speechkit":"","speechkit_hash":"","speechkit_generate_audio":"","speechkit_project_id":"","speechkit_podcast_id":"","speechkit_error_message":"","speechkit_disabled":"","speechkit_access_key":"","speechkit_error":"","speechkit_info":"","speechkit_response":"","speechkit_retries":"","speechkit_status":"","speechkit_updated_at":"","_speechkit_link":"","_speechkit_text":""},"class_list":["post-10163","page","type-page","status-publish","has-post-thumbnail","hentry"],"acf":[],"yoast_head":"<!-- This site is optimized with the Yoast SEO Premium plugin  - https:\/\/yoast.com\/product\/yoast-seo-premium-wordpress\/ -->\n<title>Kastration bei Katze und Kater \u2013 Vor- &amp; Nachteile | Uelzener<\/title>\n<meta name=\"description\" content=\"Wir erkl\u00e4ren Dir die \u2713 Vor- &amp; Nachteile einer Kastration bei Katze &amp; Kater \u2713 und was Du beachten solltest \u25b6 Hier informieren!\" \/>\n<meta name=\"robots\" content=\"index, follow, max-snippet:-1, max-image-preview:large, max-video-preview:-1\" \/>\n<link rel=\"canonical\" href=\"https:\/\/uelzener.de\/magazin\/katze\/tiergesundheit\/kastration-katze-und-kater\/\" \/>\n<meta property=\"og:locale\" content=\"de_DE\" \/>\n<meta property=\"og:type\" content=\"article\" \/>\n<meta property=\"og:title\" content=\"Kastration bei Katze und Kater\" \/>\n<meta property=\"og:description\" content=\"Wir erkl\u00e4ren Dir die \u2713 Vor- &amp; Nachteile einer Kastration bei Katze &amp; Kater \u2713 und was Du beachten solltest \u25b6 Hier informieren!\" \/>\n<meta property=\"og:url\" content=\"https:\/\/uelzener.de\/magazin\/katze\/tiergesundheit\/kastration-katze-und-kater\/\" \/>\n<meta property=\"og:site_name\" content=\"Uelzener Tier-Magazin\" \/>\n<meta property=\"article:publisher\" content=\"https:\/\/www.facebook.com\/Uelzener\" \/>\n<meta property=\"article:modified_time\" content=\"2025-08-05T12:55:16+00:00\" \/>\n<meta property=\"og:image\" content=\"https:\/\/uelzener.de\/magazin\/app\/uploads\/2025\/04\/kastration-katze-kater.jpg\" \/>\n\t<meta property=\"og:image:width\" content=\"1025\" \/>\n\t<meta property=\"og:image:height\" content=\"450\" \/>\n\t<meta property=\"og:image:type\" content=\"image\/jpeg\" \/>\n<meta name=\"twitter:card\" content=\"summary_large_image\" \/>\n<meta name=\"twitter:label1\" content=\"Gesch\u00e4tzte Lesezeit\" \/>\n\t<meta name=\"twitter:data1\" content=\"7\u00a0Minuten\" \/>\n<script type=\"application\/ld+json\" class=\"yoast-schema-graph\">{\"@context\":\"https:\/\/schema.org\",\"@graph\":[{\"@type\":\"WebPage\",\"@id\":\"https:\/\/uelzener.de\/magazin\/katze\/tiergesundheit\/kastration-katze-und-kater\/\",\"url\":\"https:\/\/uelzener.de\/magazin\/katze\/tiergesundheit\/kastration-katze-und-kater\/\",\"name\":\"Kastration bei Katze und Kater \u2013 Vor- & Nachteile | Uelzener\",\"isPartOf\":{\"@id\":\"https:\/\/uelzener.de\/magazin\/#website\"},\"primaryImageOfPage\":{\"@id\":\"https:\/\/uelzener.de\/magazin\/katze\/tiergesundheit\/kastration-katze-und-kater\/#primaryimage\"},\"image\":{\"@id\":\"https:\/\/uelzener.de\/magazin\/katze\/tiergesundheit\/kastration-katze-und-kater\/#primaryimage\"},\"thumbnailUrl\":\"https:\/\/uelzener.de\/magazin\/app\/uploads\/2025\/04\/kastration-katze-kater.jpg\",\"datePublished\":\"2025-04-14T12:36:00+00:00\",\"dateModified\":\"2025-08-05T12:55:16+00:00\",\"description\":\"Wir erkl\u00e4ren Dir die \u2713 Vor- & Nachteile einer Kastration bei Katze & Kater \u2713 und was Du beachten solltest \u25b6 Hier informieren!\",\"breadcrumb\":{\"@id\":\"https:\/\/uelzener.de\/magazin\/katze\/tiergesundheit\/kastration-katze-und-kater\/#breadcrumb\"},\"inLanguage\":\"de\",\"potentialAction\":[{\"@type\":\"ReadAction\",\"target\":[\"https:\/\/uelzener.de\/magazin\/katze\/tiergesundheit\/kastration-katze-und-kater\/\"]}]},{\"@type\":\"ImageObject\",\"inLanguage\":\"de\",\"@id\":\"https:\/\/uelzener.de\/magazin\/katze\/tiergesundheit\/kastration-katze-und-kater\/#primaryimage\",\"url\":\"https:\/\/uelzener.de\/magazin\/app\/uploads\/2025\/04\/kastration-katze-kater.jpg\",\"contentUrl\":\"https:\/\/uelzener.de\/magazin\/app\/uploads\/2025\/04\/kastration-katze-kater.jpg\",\"width\":1025,\"height\":450,\"caption\":\"Kater nach Kastration.\"},{\"@type\":\"WebSite\",\"@id\":\"https:\/\/uelzener.de\/magazin\/#website\",\"url\":\"https:\/\/uelzener.de\/magazin\/\",\"name\":\"Uelzener Tiermagazin\",\"description\":\"Online Tierratgeber der Uelzener Versicherungen\",\"publisher\":{\"@id\":\"https:\/\/uelzener.de\/magazin\/#organization\"},\"potentialAction\":[{\"@type\":\"SearchAction\",\"target\":{\"@type\":\"EntryPoint\",\"urlTemplate\":\"https:\/\/uelzener.de\/magazin\/?s={search_term_string}\"},\"query-input\":{\"@type\":\"PropertyValueSpecification\",\"valueRequired\":true,\"valueName\":\"search_term_string\"}}],\"inLanguage\":\"de\"},{\"@type\":\"Organization\",\"@id\":\"https:\/\/uelzener.de\/magazin\/#organization\",\"name\":\"Uelzener Versicherungen\",\"url\":\"https:\/\/uelzener.de\/magazin\/\",\"logo\":{\"@type\":\"ImageObject\",\"inLanguage\":\"de\",\"@id\":\"https:\/\/uelzener.de\/magazin\/#\/schema\/logo\/image\/\",\"url\":\"https:\/\/uelzener.de\/magazin\/app\/uploads\/2024\/11\/uelzener_allgemeine_versicherungsgesellschaft_a_g_logo.jpg\",\"contentUrl\":\"https:\/\/uelzener.de\/magazin\/app\/uploads\/2024\/11\/uelzener_allgemeine_versicherungsgesellschaft_a_g_logo.jpg\",\"width\":200,\"height\":200,\"caption\":\"Uelzener Versicherungen\"},\"image\":{\"@id\":\"https:\/\/uelzener.de\/magazin\/#\/schema\/logo\/image\/\"},\"sameAs\":[\"https:\/\/www.facebook.com\/Uelzener\",\"https:\/\/instagram.com\/uelzener\",\"https:\/\/www.xing.com\/pages\/uelzenerallgemeineversicherungs-gesellschafta-g\",\"https:\/\/www.youtube.com\/UelzenerVersicherungen\"]}]}<\/script>\n<!-- \/ Yoast SEO Premium plugin. -->","yoast_head_json":{"title":"Kastration bei Katze und Kater \u2013 Vor- & Nachteile | Uelzener","description":"Wir erkl\u00e4ren Dir die \u2713 Vor- & Nachteile einer Kastration bei Katze & Kater \u2713 und was Du beachten solltest \u25b6 Hier informieren!","robots":{"index":"index","follow":"follow","max-snippet":"max-snippet:-1","max-image-preview":"max-image-preview:large","max-video-preview":"max-video-preview:-1"},"canonical":"https:\/\/uelzener.de\/magazin\/katze\/tiergesundheit\/kastration-katze-und-kater\/","og_locale":"de_DE","og_type":"article","og_title":"Kastration bei Katze und Kater","og_description":"Wir erkl\u00e4ren Dir die \u2713 Vor- & Nachteile einer Kastration bei Katze & Kater \u2713 und was Du beachten solltest \u25b6 Hier informieren!","og_url":"https:\/\/uelzener.de\/magazin\/katze\/tiergesundheit\/kastration-katze-und-kater\/","og_site_name":"Uelzener Tier-Magazin","article_publisher":"https:\/\/www.facebook.com\/Uelzener","article_modified_time":"2025-08-05T12:55:16+00:00","og_image":[{"width":1025,"height":450,"url":"https:\/\/uelzener.de\/magazin\/app\/uploads\/2025\/04\/kastration-katze-kater.jpg","type":"image\/jpeg"}],"twitter_card":"summary_large_image","twitter_misc":{"Gesch\u00e4tzte Lesezeit":"7\u00a0Minuten"},"schema":{"@context":"https:\/\/schema.org","@graph":[{"@type":"WebPage","@id":"https:\/\/uelzener.de\/magazin\/katze\/tiergesundheit\/kastration-katze-und-kater\/","url":"https:\/\/uelzener.de\/magazin\/katze\/tiergesundheit\/kastration-katze-und-kater\/","name":"Kastration bei Katze und Kater \u2013 Vor- & Nachteile | Uelzener","isPartOf":{"@id":"https:\/\/uelzener.de\/magazin\/#website"},"primaryImageOfPage":{"@id":"https:\/\/uelzener.de\/magazin\/katze\/tiergesundheit\/kastration-katze-und-kater\/#primaryimage"},"image":{"@id":"https:\/\/uelzener.de\/magazin\/katze\/tiergesundheit\/kastration-katze-und-kater\/#primaryimage"},"thumbnailUrl":"https:\/\/uelzener.de\/magazin\/app\/uploads\/2025\/04\/kastration-katze-kater.jpg","datePublished":"2025-04-14T12:36:00+00:00","dateModified":"2025-08-05T12:55:16+00:00","description":"Wir erkl\u00e4ren Dir die \u2713 Vor- & Nachteile einer Kastration bei Katze & Kater \u2713 und was Du beachten solltest \u25b6 Hier informieren!","breadcrumb":{"@id":"https:\/\/uelzener.de\/magazin\/katze\/tiergesundheit\/kastration-katze-und-kater\/#breadcrumb"},"inLanguage":"de","potentialAction":[{"@type":"ReadAction","target":["https:\/\/uelzener.de\/magazin\/katze\/tiergesundheit\/kastration-katze-und-kater\/"]}]},{"@type":"ImageObject","inLanguage":"de","@id":"https:\/\/uelzener.de\/magazin\/katze\/tiergesundheit\/kastration-katze-und-kater\/#primaryimage","url":"https:\/\/uelzener.de\/magazin\/app\/uploads\/2025\/04\/kastration-katze-kater.jpg","contentUrl":"https:\/\/uelzener.de\/magazin\/app\/uploads\/2025\/04\/kastration-katze-kater.jpg","width":1025,"height":450,"caption":"Kater nach Kastration."},{"@type":"WebSite","@id":"https:\/\/uelzener.de\/magazin\/#website","url":"https:\/\/uelzener.de\/magazin\/","name":"Uelzener Tiermagazin","description":"Online Tierratgeber der Uelzener Versicherungen","publisher":{"@id":"https:\/\/uelzener.de\/magazin\/#organization"},"potentialAction":[{"@type":"SearchAction","target":{"@type":"EntryPoint","urlTemplate":"https:\/\/uelzener.de\/magazin\/?s={search_term_string}"},"query-input":{"@type":"PropertyValueSpecification","valueRequired":true,"valueName":"search_term_string"}}],"inLanguage":"de"},{"@type":"Organization","@id":"https:\/\/uelzener.de\/magazin\/#organization","name":"Uelzener Versicherungen","url":"https:\/\/uelzener.de\/magazin\/","logo":{"@type":"ImageObject","inLanguage":"de","@id":"https:\/\/uelzener.de\/magazin\/#\/schema\/logo\/image\/","url":"https:\/\/uelzener.de\/magazin\/app\/uploads\/2024\/11\/uelzener_allgemeine_versicherungsgesellschaft_a_g_logo.jpg","contentUrl":"https:\/\/uelzener.de\/magazin\/app\/uploads\/2024\/11\/uelzener_allgemeine_versicherungsgesellschaft_a_g_logo.jpg","width":200,"height":200,"caption":"Uelzener Versicherungen"},"image":{"@id":"https:\/\/uelzener.de\/magazin\/#\/schema\/logo\/image\/"},"sameAs":["https:\/\/www.facebook.com\/Uelzener","https:\/\/instagram.com\/uelzener","https:\/\/www.xing.com\/pages\/uelzenerallgemeineversicherungs-gesellschafta-g","https:\/\/www.youtube.com\/UelzenerVersicherungen"]}]}},"_links":{"self":[{"href":"https:\/\/uelzener.de\/magazin\/wp-json\/wp\/v2\/pages\/10163","targetHints":{"allow":["GET"]}}],"collection":[{"href":"https:\/\/uelzener.de\/magazin\/wp-json\/wp\/v2\/pages"}],"about":[{"href":"https:\/\/uelzener.de\/magazin\/wp-json\/wp\/v2\/types\/page"}],"author":[{"embeddable":true,"href":"https:\/\/uelzener.de\/magazin\/wp-json\/wp\/v2\/users\/1"}],"replies":[{"embeddable":true,"href":"https:\/\/uelzener.de\/magazin\/wp-json\/wp\/v2\/comments?post=10163"}],"version-history":[{"count":13,"href":"https:\/\/uelzener.de\/magazin\/wp-json\/wp\/v2\/pages\/10163\/revisions"}],"predecessor-version":[{"id":18811,"href":"https:\/\/uelzener.de\/magazin\/wp-json\/wp\/v2\/pages\/10163\/revisions\/18811"}],"up":[{"embeddable":true,"href":"https:\/\/uelzener.de\/magazin\/wp-json\/wp\/v2\/pages\/11712"}],"wp:featuredmedia":[{"embeddable":true,"href":"https:\/\/uelzener.de\/magazin\/wp-json\/wp\/v2\/media\/18367"}],"wp:attachment":[{"href":"https:\/\/uelzener.de\/magazin\/wp-json\/wp\/v2\/media?parent=10163"}],"curies":[{"name":"wp","href":"https:\/\/api.w.org\/{rel}","templated":true}]}}