{"id":10162,"date":"2015-02-20T00:00:00","date_gmt":"2015-02-20T00:00:00","guid":{"rendered":""},"modified":"2025-09-23T10:46:21","modified_gmt":"2025-09-23T08:46:21","slug":"norwegische-waldkatze","status":"publish","type":"page","link":"https:\/\/uelzener.de\/magazin\/katze\/rasseportrait\/norwegische-waldkatze\/","title":{"rendered":"Norwegische Waldkatze: robuste Familienpartner"},"content":{"rendered":"<p>Flauschiges, dichtes Fell und eine \u201eL\u00f6wenm\u00e4hne\u201c: Wer schon einmal einer Norwegischen Waldkatze begegnet ist, wird diese liebenswerten Kobolde schnell in sein Herz schlie\u00dfen. Norwegische Waldkatzen (\u201eNorsk Skogkatt\u201c) sind an ihrer Gr\u00f6\u00dfe und ihrem halblangen Fell gut erkennbar. Sie ist meist getigert oder schwarz, oft kombiniert mit wei\u00df, k\u00f6nnen aber auch andere Fellfarben aufweisen. Sie sind gro\u00df und kr\u00e4ftig gebaut und bekommen besonders im Winter eine ausgepr\u00e4gte Halskrause. Auch ihr buschiger Schwanz sowie die \u201eSchneeschuhe\u201c an den Pfoten weisen auf ihre nordische Herkunft hin. Norwegische Waldkatzen bringen bis heute die Robustheit einer Naturrasse mit, die sich lange Zeit ohne z\u00fcchterisches Zutun im rauen Klima Skandinaviens entwickeln konnte. Dort lebten sie in den W\u00e4ldern und als M\u00e4usef\u00e4nger auf Bauernh\u00f6fen.<\/p>\n<p>Aufgrund ihres friedfertigen Charakters und ihrer Freundlichkeit eignen sich Norwegische Waldkatzen sehr gut f\u00fcr Familien mit Kindern. Sie sind zwar temperamentvoll und spielen gerne und viel, haben aber auch die n\u00f6tige Gelassenheit gegen\u00fcber dem herum tobenden Nachwuchs. Auch anderen Vierbeinern, zum Beispiel Hunden oder Katzen anderer Rassen begegnen sie freundlich. Schmusestunden stehen hoch im Kurs, allerdings bestimmen die Katzen selbst, wann, wo und wie lange gekuschelt wird. Bemerkenswert ist auch ihre ausgepr\u00e4gte Gespr\u00e4chigkeit. Mit Maunzen oder leisem Brummeln und Brabbeln verk\u00fcnden sie der Umgebung ihre momentane Befindlichkeit. Aufgrund ihrer Menschenbezogenheit und Freundlichkeit gegen\u00fcber anderen Tieren sollte man sie daher nicht alleine halten, da die Katzen Geselligkeit suchen. Sie m\u00f6gen es schon gar nicht, den ganzen Tag allein in der Wohnung zu sein. Sp\u00e4testens dann muss eine zweite Katze ins Haus.<\/p>\n<p>Norwegische Waldkatzen sind allein schon aufgrund ihres dichten, wasserabweisenden Fells bestens f\u00fcr das Leben drau\u00dfen geeignet. Ist Freigang keine Option, sollten sie genug Platz in der Wohnung bekommen, um ihren Spieltrieb auszuleben. Ein Kletterbaum, Schlafpl\u00e4tze auf erh\u00f6hter Ebene, Kartons und Spielzeug und am besten ein vierbeiniger Spielkamerad machen die Katze gl\u00fccklich. Wenn dann noch ein Balkon dazu kommt, der katzensicher ist, ist das nahezu perfekt.<\/p>\n\n<div class=\"related_articles boxed\">\n    <h2>Mehr zum Thema<\/h2>\n    \n    <div class=\"wrapper\"><div class=\"title align-center\"><h3><a href=\"https:\/\/uelzener.de\/magazin\/katze\/haltung\/balkon-katzensicher-machen\/\">Balkon katzensicher machen: Gesch\u00fctzter Zugang zur Frischluft f\u00fcr deinen Vierbeiner<\/a><\/h3><\/div><div class=\"img align-center\"><img decoding=\"async\" width=\"315\" height=\"180\" src=\"https:\/\/uelzener.de\/magazin\/app\/uploads\/2023\/01\/balkon-katzensicher-machen-315x180.jpg\" class=\"attachment-315x180 size-315x180 wp-post-image\" alt=\"Katze sitzt auf einem katzensicheren Balkon und sonnt sich.\" \/><\/div><\/div><div class=\"wrapper\"><div class=\"title align-center\"><h3><a href=\"https:\/\/uelzener.de\/magazin\/katze\/haeufige-fragen\/warum-miaut-katze-nicht\/\">Warum miaut meine Katze nicht?<\/a><\/h3><\/div><div class=\"img align-center\"><img decoding=\"async\" width=\"315\" height=\"138\" src=\"https:\/\/uelzener.de\/magazin\/app\/uploads\/2025\/09\/katze-miaut-nicht.png\" class=\"attachment-315x180 size-315x180 wp-post-image\" alt=\"Katze h\u00e4lt sich mit der Pfote das Maul zu und miaut nicht.\" \/><\/div><\/div><\/div>\n\n<p>Durch ihre Robustheit sind Norwegische Waldkatzen wenig anf\u00e4llig f\u00fcr Krankheiten und weitgehend pflegeleicht. Nur im Fellwechsel, besonders im Fr\u00fchjahr, wenn das Winterfell ausgeht, muss konsequent geb\u00fcrstet werden. Dann sollte man sich auch auf eine extra Portion Haare auf Teppich und Sofa einstellen. Im Rest des Jahres steht lediglich einmal die Woche Fellb\u00fcrsten auf dem Pflegeplan. Wer sich also f\u00fcr einen dieser kleinen \u201eL\u00f6wen\u201c entscheidet, holt sich einen sanften und umg\u00e4nglichen Familienzuwachs ins Haus, der auf jeden Fall eine Bereicherung sein wird.<\/p>\n","protected":false},"excerpt":{"rendered":"<p>Flauschiges, dichtes Fell und eine \u201eL\u00f6wenm\u00e4hne\u201c: Wer schon einmal einer Norwegischen Waldkatze begegnet ist, wird diese liebenswerten Kobolde schnell in sein Herz schlie\u00dfen. Norwegische Waldkatzen (\u201eNorsk Skogkatt\u201c) sind an ihrer Gr\u00f6\u00dfe und ihrem halblangen Fell gut erkennbar. Sie ist meist getigert oder schwarz, oft kombiniert mit wei\u00df, k\u00f6nnen aber auch andere Fellfarben aufweisen. Sie sind [&hellip;]<\/p>\n","protected":false},"author":1,"featured_media":10752,"parent":2482,"menu_order":14,"comment_status":"open","ping_status":"open","template":"templates\/blog.php","meta":{"_acf_changed":false,"_crdt_document":"","footnotes":"","beyondwords_generate_audio":"","beyondwords_project_id":"","beyondwords_content_id":"","beyondwords_preview_token":"","beyondwords_player_style":"","beyondwords_language_id":"","beyondwords_title_voice_id":"","beyondwords_body_voice_id":"","beyondwords_summary_voice_id":"","beyondwords_error_message":"","beyondwords_disabled":"","beyondwords_delete_content":"","beyondwords_podcast_id":"","beyondwords_hash":"","publish_post_to_speechkit":"","speechkit_hash":"","speechkit_generate_audio":"","speechkit_project_id":"","speechkit_podcast_id":"","speechkit_error_message":"","speechkit_disabled":"","speechkit_access_key":"","speechkit_error":"","speechkit_info":"","speechkit_response":"","speechkit_retries":"","speechkit_status":"","speechkit_updated_at":"","_speechkit_link":"","_speechkit_text":""},"class_list":["post-10162","page","type-page","status-publish","has-post-thumbnail","hentry"],"acf":[],"yoast_head":"<!-- This site is optimized with the Yoast SEO Premium plugin  - https:\/\/yoast.com\/product\/yoast-seo-premium-wordpress\/ -->\n<title>Norwegische Waldkatze im Rasseportrait | Uelzener<\/title>\n<meta name=\"description\" content=\"Erfahre alles zur norwegischen Waldkatze \u2713 Herkunft \u2713 Aussehen \u2713 Charakter \u2713 Haltung \u2713 Pflege \u25b6 Hier informieren!\" \/>\n<meta name=\"robots\" content=\"index, follow, max-snippet:-1, max-image-preview:large, max-video-preview:-1\" \/>\n<link rel=\"canonical\" href=\"https:\/\/uelzener.de\/magazin\/katze\/rasseportrait\/norwegische-waldkatze\/\" \/>\n<meta property=\"og:locale\" content=\"de_DE\" \/>\n<meta property=\"og:type\" content=\"article\" \/>\n<meta property=\"og:title\" content=\"Norwegische Waldkatze: robuste Familienpartner\" \/>\n<meta property=\"og:description\" content=\"Erfahre alles zur norwegischen Waldkatze \u2713 Herkunft \u2713 Aussehen \u2713 Charakter \u2713 Haltung \u2713 Pflege \u25b6 Hier informieren!\" \/>\n<meta property=\"og:url\" content=\"https:\/\/uelzener.de\/magazin\/katze\/rasseportrait\/norwegische-waldkatze\/\" \/>\n<meta property=\"og:site_name\" content=\"Uelzener Tier-Magazin\" \/>\n<meta property=\"article:publisher\" content=\"https:\/\/www.facebook.com\/Uelzener\" \/>\n<meta property=\"article:modified_time\" content=\"2025-09-23T08:46:21+00:00\" \/>\n<meta property=\"og:image\" content=\"https:\/\/uelzener.de\/magazin\/app\/uploads\/2015\/02\/61133e11-d9f2-48cb-b373-5493e9cf542f.jpg\" \/>\n\t<meta property=\"og:image:width\" content=\"650\" \/>\n\t<meta property=\"og:image:height\" content=\"432\" \/>\n\t<meta property=\"og:image:type\" content=\"image\/jpeg\" \/>\n<meta name=\"twitter:card\" content=\"summary_large_image\" \/>\n<meta name=\"twitter:label1\" content=\"Gesch\u00e4tzte Lesezeit\" \/>\n\t<meta name=\"twitter:data1\" content=\"3\u00a0Minuten\" \/>\n<script type=\"application\/ld+json\" class=\"yoast-schema-graph\">{\"@context\":\"https:\/\/schema.org\",\"@graph\":[{\"@type\":\"WebPage\",\"@id\":\"https:\/\/uelzener.de\/magazin\/katze\/rasseportrait\/norwegische-waldkatze\/\",\"url\":\"https:\/\/uelzener.de\/magazin\/katze\/rasseportrait\/norwegische-waldkatze\/\",\"name\":\"Norwegische Waldkatze im Rasseportrait | Uelzener\",\"isPartOf\":{\"@id\":\"https:\/\/uelzener.de\/magazin\/#website\"},\"primaryImageOfPage\":{\"@id\":\"https:\/\/uelzener.de\/magazin\/katze\/rasseportrait\/norwegische-waldkatze\/#primaryimage\"},\"image\":{\"@id\":\"https:\/\/uelzener.de\/magazin\/katze\/rasseportrait\/norwegische-waldkatze\/#primaryimage\"},\"thumbnailUrl\":\"https:\/\/uelzener.de\/magazin\/app\/uploads\/2015\/02\/61133e11-d9f2-48cb-b373-5493e9cf542f.jpg\",\"datePublished\":\"2015-02-20T00:00:00+00:00\",\"dateModified\":\"2025-09-23T08:46:21+00:00\",\"description\":\"Erfahre alles zur norwegischen Waldkatze \u2713 Herkunft \u2713 Aussehen \u2713 Charakter \u2713 Haltung \u2713 Pflege \u25b6 Hier informieren!\",\"breadcrumb\":{\"@id\":\"https:\/\/uelzener.de\/magazin\/katze\/rasseportrait\/norwegische-waldkatze\/#breadcrumb\"},\"inLanguage\":\"de\",\"potentialAction\":[{\"@type\":\"ReadAction\",\"target\":[\"https:\/\/uelzener.de\/magazin\/katze\/rasseportrait\/norwegische-waldkatze\/\"]}]},{\"@type\":\"ImageObject\",\"inLanguage\":\"de\",\"@id\":\"https:\/\/uelzener.de\/magazin\/katze\/rasseportrait\/norwegische-waldkatze\/#primaryimage\",\"url\":\"https:\/\/uelzener.de\/magazin\/app\/uploads\/2015\/02\/61133e11-d9f2-48cb-b373-5493e9cf542f.jpg\",\"contentUrl\":\"https:\/\/uelzener.de\/magazin\/app\/uploads\/2015\/02\/61133e11-d9f2-48cb-b373-5493e9cf542f.jpg\",\"width\":650,\"height\":432,\"caption\":\"Eine Norwegische Waldkatze l\u00e4uft vor Tannen durch den Schnee.\"},{\"@type\":\"WebSite\",\"@id\":\"https:\/\/uelzener.de\/magazin\/#website\",\"url\":\"https:\/\/uelzener.de\/magazin\/\",\"name\":\"Uelzener Tiermagazin\",\"description\":\"Online Tierratgeber der Uelzener Versicherungen\",\"publisher\":{\"@id\":\"https:\/\/uelzener.de\/magazin\/#organization\"},\"potentialAction\":[{\"@type\":\"SearchAction\",\"target\":{\"@type\":\"EntryPoint\",\"urlTemplate\":\"https:\/\/uelzener.de\/magazin\/?s={search_term_string}\"},\"query-input\":{\"@type\":\"PropertyValueSpecification\",\"valueRequired\":true,\"valueName\":\"search_term_string\"}}],\"inLanguage\":\"de\"},{\"@type\":\"Organization\",\"@id\":\"https:\/\/uelzener.de\/magazin\/#organization\",\"name\":\"Uelzener Versicherungen\",\"url\":\"https:\/\/uelzener.de\/magazin\/\",\"logo\":{\"@type\":\"ImageObject\",\"inLanguage\":\"de\",\"@id\":\"https:\/\/uelzener.de\/magazin\/#\/schema\/logo\/image\/\",\"url\":\"https:\/\/uelzener.de\/magazin\/app\/uploads\/2024\/11\/uelzener_allgemeine_versicherungsgesellschaft_a_g_logo.jpg\",\"contentUrl\":\"https:\/\/uelzener.de\/magazin\/app\/uploads\/2024\/11\/uelzener_allgemeine_versicherungsgesellschaft_a_g_logo.jpg\",\"width\":200,\"height\":200,\"caption\":\"Uelzener Versicherungen\"},\"image\":{\"@id\":\"https:\/\/uelzener.de\/magazin\/#\/schema\/logo\/image\/\"},\"sameAs\":[\"https:\/\/www.facebook.com\/Uelzener\",\"https:\/\/instagram.com\/uelzener\",\"https:\/\/www.xing.com\/pages\/uelzenerallgemeineversicherungs-gesellschafta-g\",\"https:\/\/www.youtube.com\/UelzenerVersicherungen\"]}]}<\/script>\n<!-- \/ Yoast SEO Premium plugin. -->","yoast_head_json":{"title":"Norwegische Waldkatze im Rasseportrait | Uelzener","description":"Erfahre alles zur norwegischen Waldkatze \u2713 Herkunft \u2713 Aussehen \u2713 Charakter \u2713 Haltung \u2713 Pflege \u25b6 Hier informieren!","robots":{"index":"index","follow":"follow","max-snippet":"max-snippet:-1","max-image-preview":"max-image-preview:large","max-video-preview":"max-video-preview:-1"},"canonical":"https:\/\/uelzener.de\/magazin\/katze\/rasseportrait\/norwegische-waldkatze\/","og_locale":"de_DE","og_type":"article","og_title":"Norwegische Waldkatze: robuste Familienpartner","og_description":"Erfahre alles zur norwegischen Waldkatze \u2713 Herkunft \u2713 Aussehen \u2713 Charakter \u2713 Haltung \u2713 Pflege \u25b6 Hier informieren!","og_url":"https:\/\/uelzener.de\/magazin\/katze\/rasseportrait\/norwegische-waldkatze\/","og_site_name":"Uelzener Tier-Magazin","article_publisher":"https:\/\/www.facebook.com\/Uelzener","article_modified_time":"2025-09-23T08:46:21+00:00","og_image":[{"width":650,"height":432,"url":"https:\/\/uelzener.de\/magazin\/app\/uploads\/2015\/02\/61133e11-d9f2-48cb-b373-5493e9cf542f.jpg","type":"image\/jpeg"}],"twitter_card":"summary_large_image","twitter_misc":{"Gesch\u00e4tzte Lesezeit":"3\u00a0Minuten"},"schema":{"@context":"https:\/\/schema.org","@graph":[{"@type":"WebPage","@id":"https:\/\/uelzener.de\/magazin\/katze\/rasseportrait\/norwegische-waldkatze\/","url":"https:\/\/uelzener.de\/magazin\/katze\/rasseportrait\/norwegische-waldkatze\/","name":"Norwegische Waldkatze im Rasseportrait | Uelzener","isPartOf":{"@id":"https:\/\/uelzener.de\/magazin\/#website"},"primaryImageOfPage":{"@id":"https:\/\/uelzener.de\/magazin\/katze\/rasseportrait\/norwegische-waldkatze\/#primaryimage"},"image":{"@id":"https:\/\/uelzener.de\/magazin\/katze\/rasseportrait\/norwegische-waldkatze\/#primaryimage"},"thumbnailUrl":"https:\/\/uelzener.de\/magazin\/app\/uploads\/2015\/02\/61133e11-d9f2-48cb-b373-5493e9cf542f.jpg","datePublished":"2015-02-20T00:00:00+00:00","dateModified":"2025-09-23T08:46:21+00:00","description":"Erfahre alles zur norwegischen Waldkatze \u2713 Herkunft \u2713 Aussehen \u2713 Charakter \u2713 Haltung \u2713 Pflege \u25b6 Hier informieren!","breadcrumb":{"@id":"https:\/\/uelzener.de\/magazin\/katze\/rasseportrait\/norwegische-waldkatze\/#breadcrumb"},"inLanguage":"de","potentialAction":[{"@type":"ReadAction","target":["https:\/\/uelzener.de\/magazin\/katze\/rasseportrait\/norwegische-waldkatze\/"]}]},{"@type":"ImageObject","inLanguage":"de","@id":"https:\/\/uelzener.de\/magazin\/katze\/rasseportrait\/norwegische-waldkatze\/#primaryimage","url":"https:\/\/uelzener.de\/magazin\/app\/uploads\/2015\/02\/61133e11-d9f2-48cb-b373-5493e9cf542f.jpg","contentUrl":"https:\/\/uelzener.de\/magazin\/app\/uploads\/2015\/02\/61133e11-d9f2-48cb-b373-5493e9cf542f.jpg","width":650,"height":432,"caption":"Eine Norwegische Waldkatze l\u00e4uft vor Tannen durch den Schnee."},{"@type":"WebSite","@id":"https:\/\/uelzener.de\/magazin\/#website","url":"https:\/\/uelzener.de\/magazin\/","name":"Uelzener Tiermagazin","description":"Online Tierratgeber der Uelzener Versicherungen","publisher":{"@id":"https:\/\/uelzener.de\/magazin\/#organization"},"potentialAction":[{"@type":"SearchAction","target":{"@type":"EntryPoint","urlTemplate":"https:\/\/uelzener.de\/magazin\/?s={search_term_string}"},"query-input":{"@type":"PropertyValueSpecification","valueRequired":true,"valueName":"search_term_string"}}],"inLanguage":"de"},{"@type":"Organization","@id":"https:\/\/uelzener.de\/magazin\/#organization","name":"Uelzener Versicherungen","url":"https:\/\/uelzener.de\/magazin\/","logo":{"@type":"ImageObject","inLanguage":"de","@id":"https:\/\/uelzener.de\/magazin\/#\/schema\/logo\/image\/","url":"https:\/\/uelzener.de\/magazin\/app\/uploads\/2024\/11\/uelzener_allgemeine_versicherungsgesellschaft_a_g_logo.jpg","contentUrl":"https:\/\/uelzener.de\/magazin\/app\/uploads\/2024\/11\/uelzener_allgemeine_versicherungsgesellschaft_a_g_logo.jpg","width":200,"height":200,"caption":"Uelzener Versicherungen"},"image":{"@id":"https:\/\/uelzener.de\/magazin\/#\/schema\/logo\/image\/"},"sameAs":["https:\/\/www.facebook.com\/Uelzener","https:\/\/instagram.com\/uelzener","https:\/\/www.xing.com\/pages\/uelzenerallgemeineversicherungs-gesellschafta-g","https:\/\/www.youtube.com\/UelzenerVersicherungen"]}]}},"_links":{"self":[{"href":"https:\/\/uelzener.de\/magazin\/wp-json\/wp\/v2\/pages\/10162","targetHints":{"allow":["GET"]}}],"collection":[{"href":"https:\/\/uelzener.de\/magazin\/wp-json\/wp\/v2\/pages"}],"about":[{"href":"https:\/\/uelzener.de\/magazin\/wp-json\/wp\/v2\/types\/page"}],"author":[{"embeddable":true,"href":"https:\/\/uelzener.de\/magazin\/wp-json\/wp\/v2\/users\/1"}],"replies":[{"embeddable":true,"href":"https:\/\/uelzener.de\/magazin\/wp-json\/wp\/v2\/comments?post=10162"}],"version-history":[{"count":9,"href":"https:\/\/uelzener.de\/magazin\/wp-json\/wp\/v2\/pages\/10162\/revisions"}],"predecessor-version":[{"id":19275,"href":"https:\/\/uelzener.de\/magazin\/wp-json\/wp\/v2\/pages\/10162\/revisions\/19275"}],"up":[{"embeddable":true,"href":"https:\/\/uelzener.de\/magazin\/wp-json\/wp\/v2\/pages\/2482"}],"wp:featuredmedia":[{"embeddable":true,"href":"https:\/\/uelzener.de\/magazin\/wp-json\/wp\/v2\/media\/10752"}],"wp:attachment":[{"href":"https:\/\/uelzener.de\/magazin\/wp-json\/wp\/v2\/media?parent=10162"}],"curies":[{"name":"wp","href":"https:\/\/api.w.org\/{rel}","templated":true}]}}