{"id":10155,"date":"2015-07-16T00:00:00","date_gmt":"2015-07-16T00:00:00","guid":{"rendered":"https:\/\/uelzener.de\/magazin\/katze\/haltung\/balkon-katzensicher-machen\/"},"modified":"2025-09-29T14:09:53","modified_gmt":"2025-09-29T12:09:53","slug":"balkon-katzensicher-machen","status":"publish","type":"page","link":"https:\/\/uelzener.de\/magazin\/katze\/haltung\/balkon-katzensicher-machen\/","title":{"rendered":"Balkon katzensicher machen: Gesch\u00fctzter Zugang zur Frischluft f\u00fcr deinen Vierbeiner"},"content":{"rendered":"<p>Katzen sind wahre Entdecker und lieben es, im Freien unabh\u00e4ngig umherzustreifen und neue Dinge zu aufzust\u00f6bern. Doch nicht jeder Katze kann es erm\u00f6glicht werden, unkontrolliert in der Natur auf Entdeckungstour zu gehen. Insbesondere in St\u00e4dten stellt der Verkehr eine gro\u00dfe Gefahr f\u00fcr Katzen dar und auch die st\u00e4dtische Umgebung ist oftmals nicht katzengerecht.<\/p>\n<p>Damit die Katze jedoch nicht auf frische Luft und unmittelbare Sonne verzichten muss, k\u00f6nnen Katzenhalter die Terrasse oder den Balkon katzensicher machen und ihren Katzen damit ein neues Umfeld mit spannenden Reizen anbieten. Wie du deiner Katze einen gesch\u00fctzten Bereich an der frischen Luft einrichten kannst, erf\u00e4hrst du in folgendem Artikel.<\/p>\n<h2>Katzensicherer Balkon: Warum ist eine Absicherung so wichtig?<\/h2>\n<p>Genau wie wir Menschen versp\u00fcren auch Tiere oft einen unb\u00e4ndigen Drang, die freie Natur zu genie\u00dfen. Gerade nach einem langen <a href=\"https:\/\/uelzener.de\/magazin\/katze\/tiergesundheit\/frieren-katzen-bei-kaelte\/\">Winter<\/a> gibt es f\u00fcr sie kaum etwas Sch\u00f6neres als die frische Fr\u00fchlingsluft einzuatmen und die bl\u00fchende Umgebung zu entdecken. Leider bleibt jedoch nur den wenigsten Katzenhalter die Zeit, um tagt\u00e4glich <a href=\"https:\/\/uelzener.de\/magazin\/katze\/erziehung-und-training\/mit-der-katze-spazieren-gehen\/\">mit der Katze spazieren gehen<\/a> zu k\u00f6nnen.<\/p>\n<p>Freig\u00e4nger, die nach Lust und Laune die Katzenklappe oder das Kippfenster nutzen k\u00f6nnen, haben es hier deutlich einfacher als <strong>Hauskatzen<\/strong>, die mit ihren Haltern in einer Stadtwohnung zu Hause sind. Sie <strong>leben in<\/strong> <strong>Ballungsgebieten<\/strong> und <strong>urbanen Umgebungen<\/strong> entschieden <strong>gef\u00e4hrlicher <\/strong>und k\u00f6nnen maximal auf dem Balkon oder auf der Terrasse ihrem Entdeckungstrieb und Jagdinstinkt nachgehen.<\/p>\n<p>Sind Letztere nicht katzensicher gestaltet, lauern hier <strong>zahlreiche Bedrohungen<\/strong>, die im schlimmsten Fall <strong>t\u00f6dlich enden<\/strong> <strong>k\u00f6nnen<\/strong>. Entweder, weil die Katze beim <strong>\u00dcberqueren<\/strong> <strong>einer viel befahrenen Stra\u00dfe<\/strong> \u00fcberfahren wird oder weil sie aus gro\u00dfer H\u00f6he <strong>vom Balkon hinabst\u00fcrzt<\/strong>. Wir empfehlen dir daher, deinen Balkon ebenso wie deine gesamte <a href=\"https:\/\/uelzener.de\/magazin\/katze\/haltung\/wohnung-katzensicher-machen\/\">Wohnung katzensicher zu machen<\/a>.<\/p>\n<h2>Balkon und Terrasse katzensicher machen mit einem Katzenschutznetz<\/h2>\n<p>Du m\u00f6chtest deinen <strong>Balkon katzensicher machen<\/strong> und deiner Katze <strong>maximale Bewegungsfreiheit <\/strong>im Rahmen deiner lokalen M\u00f6glichkeiten bieten? Dann solltest du alle <strong>Risikoquellen<\/strong>, die eine potenzielle Gefahr f\u00fcr dein Tier mitbringen, <strong>eliminieren<\/strong>. Am effektivsten und sichersten gelingt dir dies mit der Hilfe eines <strong>Balkonnetzes<\/strong>.<\/p>\n<p>Bei dieser speziellen Art des Katzenschutzes handelt es sich um ein <strong>drahtverst\u00e4rktes Netz<\/strong>, das dabei helfen soll, den Balkon katzensicher zu machen. Es sch\u00fctzt die Vierbeiner davor, aus gro\u00dfer H\u00f6he abzust\u00fcrzen, beispielsweise wenn sie auf dem Balkongel\u00e4nder balancieren oder sitzen. Gerade wenn die Tiere ihrem Jagdinstinkt nachgehen, k\u00f6nnen Katzeneltern in den meisten F\u00e4llen nicht mehr rechtzeitig eingreifen.<\/p>\n<p>Doch gl\u00fccklicherweise gibt es <strong>Katzenschutznetze<\/strong>, die in <strong>unterschiedlichen<\/strong> Dimensionen und <strong>Ma\u00dfen<\/strong> angeboten werden. Sie bestehen au\u00dferdem f\u00fcr gew\u00f6hnlich aus bissfesten, <strong>strapazierf\u00e4higen<\/strong>, wetterresistenten und <strong>schadstofffreien Materialien<\/strong>. Eines der <strong>wichtigsten Kriterien<\/strong> beim Kauf des Netzes ist die <strong>Maschengr\u00f6\u00dfe<\/strong>. W\u00e4hle diese stets so aus, dass das K\u00f6pfchen deines Tieres nicht durch die Maschen hindurchpasst.<\/p>\n<h2>Checkliste Katzennetz befestigen<\/h2>\n<ul>\n<li>Balkon exakt ausmessen<\/li>\n<li>Katzenschutznetz mit passenden Ma\u00dfen besorgen<\/li>\n<li>Netz mit Kabelbindern am Balkongel\u00e4nder sowie an den Deckenst\u00fctzen befestigen<\/li>\n<li>F\u00fcr Balkone ohne \u00dcberdachung\/Deckenst\u00fctzen: Teleskopstangen in den Ecken des Balkons fixieren und Netz hieran befestigen<\/li>\n<li>Katzennetz auf eventuelle L\u00fccken \u00fcberpr\u00fcfen, damit der Vierbeiner nirgendwo hindurchschl\u00fcpfen kann oder mit dem Kopf festh\u00e4ngen bleibt<\/li>\n<\/ul>\n<p><strong>Wichtig:<\/strong> Sofern du zur Miete wohnst, solltest du vor der Montage des Katzennetzes zuvor die schriftliche Zustimmung deines\/r Vermieters \/ Hausverwaltung einholen.<\/p>\n<h2>Ansprechende Balkongestaltung f\u00fcr tierische Entdecker und Genie\u00dfer<\/h2>\n<p>Einen Balkon katzensicher machen ist das eine, dieses Terrain tiergerecht zu gestalten, damit es f\u00fcr die Entdeckungstouren im Freien optimal ausgestattet ist, etwas ganz Anderes. Wie du deinen Balkon entsprechend den Bed\u00fcrfnissen deiner Katze gestaltest, erf\u00e4hrst du im Folgenden.<\/p>\n<h3>Auf einem gr\u00fcnen Balkon f\u00fchlen sich Katzen wie in der freien Natur<\/h3>\n<p>Katzen lieben es, durch die Natur zu streifen, zu schnuppern und an Grashalm zu knabbern. Damit dein Tier dieser <strong>Besch\u00e4ftigung auf deinem Katzenbalkon<\/strong> nachgehen kann, bietet es sich an, diesen entsprechend zu <strong>begr\u00fcnen<\/strong>. Perfekt hierf\u00fcr eignen sich zum Beispiel:<\/p>\n<ul>\n<li>Katzengras<\/li>\n<li>Katzenminze<\/li>\n<li>Bambus<\/li>\n<li>Lavendel<\/li>\n<li>Baldrian<\/li>\n<li>Katzengamander<\/li>\n<li>Kapuzinerkresse<\/li>\n<li>Rollrasenst\u00fccke<\/li>\n<\/ul>\n<p>Alle als <strong>unvertr\u00e4glich<\/strong> oder gar <a href=\"https:\/\/uelzener.de\/magazin\/katze\/tiergesundheit\/giftige-pflanzen-fuer-katzen\/\"><strong>giftigen Pflanzen<\/strong> f\u00fcr Katzen<\/a> sind selbstverst\u00e4ndlich <strong>tabu<\/strong>. Dasselbe gilt f\u00fcr etwaige <strong>D\u00fcngemittel<\/strong>. W\u00e4hlst du jedoch die passende Bepflanzung, erschaffst du im Handumdrehen einen echten Dschungel auf deinem Balkon, der dein Tier zu spannenden Entdeckungsreisen einl\u00e4dt und die <strong>Balkongestaltung optisch aufwertet<\/strong>.<\/p>\n<h3>Spielpl\u00e4tze und Verpflegung auf dem Katzenbalkon<\/h3>\n<p>Deine Katze soll sich auf dem Balkon oder der Terrasse austoben und ihrem Jagdinstinkt nachgehen k\u00f6nnen \u2013 idealerweise genauso, als w\u00fcrde sie sich in der freien Natur aufhalten. F\u00fcr <strong>Abwechslung<\/strong> sorgst du zum Beispiel mit <strong>Klettervorrichtungen<\/strong>, die auch als <strong>Aussichtspunkte<\/strong> genutzt werden k\u00f6nnen. Stelle hierf\u00fcr einfach ein ausrangiertes Regal auf. Ebenfalls eine gute Idee sind <strong>Kratzb\u00e4ume, -matten<\/strong> und <strong>Katzenspielzeug<\/strong>.<\/p>\n<p>Aufregende Erkundungstouren machen hungrig und durstig. Aus diesem Grund darf ein <strong>Fress- und Wassernapf<\/strong> nicht auf dem Balkon oder der Terrasse fehlen.<\/p>\n\n<div class=\"related_articles boxed\">\n    <h2>Mehr zum Thema<\/h2>\n    \n    <div class=\"wrapper\"><div class=\"title align-center\"><h3><a href=\"https:\/\/uelzener.de\/magazin\/katze\/haltung\/katzen-aussengehege-planen-bauen\/\">Gesicherter Freilauf f\u00fcr Katzen: Au\u00dfengehege planen und bauen<\/a><\/h3><\/div><div class=\"img align-center\"><img decoding=\"async\" width=\"315\" height=\"180\" src=\"https:\/\/uelzener.de\/magazin\/app\/uploads\/2024\/05\/aussengehege-fuer-katzen-315x180.jpg\" class=\"attachment-315x180 size-315x180 wp-post-image\" alt=\"Schwarze Katze im Aussengehege.\" \/><\/div><\/div><div class=\"wrapper\"><div class=\"title align-center\"><h3><a href=\"https:\/\/uelzener.de\/magazin\/katze\/haltung\/garten-katzensicher-machen\/\">Garten sicher f\u00fcr Katzen gestalten<\/a><\/h3><\/div><div class=\"img align-center\"><img decoding=\"async\" width=\"315\" height=\"180\" src=\"https:\/\/uelzener.de\/magazin\/app\/uploads\/2023\/04\/garten-katzensicher-machen-315x180.jpg\" class=\"attachment-315x180 size-315x180 wp-post-image\" alt=\"Katze schaut neugierig im Garten in einem Teich. Ist dieser Garten katzensicher?\" \/><\/div><\/div><div class=\"wrapper\"><div class=\"title align-center\"><h3><a href=\"https:\/\/uelzener.de\/magazin\/katze\/haeufige-fragen\/landen-katzen-wirklich-immer-auf-den-pfoten\/\">Landen Katzen wirklich immer auf den Pfoten?<\/a><\/h3><\/div><div class=\"img align-center\"><img decoding=\"async\" width=\"315\" height=\"180\" src=\"https:\/\/uelzener.de\/magazin\/app\/uploads\/2025\/04\/landen-katzen-auf-pfoten-315x180.jpg\" class=\"attachment-315x180 size-315x180 wp-post-image\" alt=\"Landen Katzen immer auf ihren Pfoten?\" \/><\/div><\/div><\/div>\n\n<h3>Nach dem Abenteuer folgt die Entspannung<\/h3>\n<p>Zum <strong>Relaxen<\/strong> ziehen sich Katzen gerne an <strong>Orte<\/strong> zur\u00fcck, an denen sie sich zum einen <strong>ausruhen<\/strong>, und zum anderen ausgiebige Fellpflege betreiben k\u00f6nnen. Hier kommt ein <strong>Katzenbett<\/strong> auf dem katzensicheren Balkon gerade recht. Auch eine <strong>sonnige Ecke<\/strong>, die als <strong>Liegewiese <\/strong>fungiert, tr\u00e4gt zur Erholung deines vierbeinigen Freunds bei. Denke jedoch gerade im Sommer daran, deine <a href=\"https:\/\/uelzener.de\/magazin\/katze\/tipps-fuer-den-alltag\/katze-abkuehlen-bei-hitze\/\">Katze bei Hitze abzuk\u00fchlen<\/a>, denn Katzen verf\u00fcgen lediglich an einigen wenigen K\u00f6rperstellen \u00fcber Schwei\u00dfdr\u00fcsen und \u00fcberhitzen somit leichter als wir Menschen.<\/p>\n<h2>FAQ: H\u00e4ufig gestellte Fragen<\/h2>\n<h3>Wie befestige ich ein Katzennetz am Balkon ohne zu bohren?<\/h3>\n<p>Alles, was du ben\u00f6tigst, sind <strong>Kabelbinder<\/strong> und entsprechende <strong>Fixpunkte<\/strong>, an denen das Netz befestigt werden kann. Das sind im g\u00fcnstigsten Fall das <strong>Balkongel\u00e4nder<\/strong> und die <strong>Deckenst\u00fctzen<\/strong>. Verbinde das Netz einfach mit Letzteren, spanne es und sorge daf\u00fcr, dass <strong>keine L\u00fccken zur\u00fcckbleiben<\/strong>. Bei einem <strong>Balkon ohne \u00dcberdachung<\/strong> eignen sich <strong>ausziehbare Stangen<\/strong> als Fixierungshilfsmittel.<\/p>\n<h3>Kann man jeden Balkon katzensicher machen?<\/h3>\n<p>Sofern du der Eigent\u00fcmer deines Katzenbalkons bist oder als Mieter eine entsprechende Genehmigung eingeholt hast, kannst du prinzipiell jeden Balkon katzensicher machen \u2013 selbst wenn dort keine \u00dcberdachung vorhanden ist.<\/p>\n<h3>Wie hoch muss ein Schutznetz f\u00fcr einen katzensicheren Balkon sein?<\/h3>\n<p>Die optimale H\u00f6he des Katzenschutznetzes h\u00e4ngt in erster Linie von den bei dir vorherrschenden \u00f6rtlichen Bedingungen ab. Als <strong>Richtwert<\/strong> gilt ein Wert von <strong>drei bis vier Metern<\/strong>. In jedem Fall sollte das Netz jedoch so hoch sein, dass deine Katze keine M\u00f6glichkeit hat, das obere Ende zu \u00fcberklettern. Bestenfalls bietet das Netz keinerlei L\u00fccken, durch die das Tier hindurchschl\u00fcpfen kann. Dabei spielt auch die Maschengr\u00f6\u00dfe eine wichtige Rolle.<\/p>\n","protected":false},"excerpt":{"rendered":"<p>Katzen sind wahre Entdecker und lieben es, im Freien unabh\u00e4ngig umherzustreifen und neue Dinge zu aufzust\u00f6bern. Doch nicht jeder Katze kann es erm\u00f6glicht werden, unkontrolliert in der Natur auf Entdeckungstour zu gehen. Insbesondere in St\u00e4dten stellt der Verkehr eine gro\u00dfe Gefahr f\u00fcr Katzen dar und auch die st\u00e4dtische Umgebung ist oftmals nicht katzengerecht. Damit die [&hellip;]<\/p>\n","protected":false},"author":1,"featured_media":14883,"parent":11683,"menu_order":16,"comment_status":"closed","ping_status":"closed","template":"templates\/blog.php","meta":{"_acf_changed":false,"_crdt_document":"","footnotes":"","beyondwords_generate_audio":"0","beyondwords_project_id":"","beyondwords_content_id":"","beyondwords_preview_token":"","beyondwords_player_style":"","beyondwords_language_id":"","beyondwords_title_voice_id":"","beyondwords_body_voice_id":"","beyondwords_summary_voice_id":"","beyondwords_error_message":"","beyondwords_disabled":"","beyondwords_delete_content":"","beyondwords_podcast_id":"","beyondwords_hash":"","publish_post_to_speechkit":"","speechkit_hash":"","speechkit_generate_audio":"","speechkit_project_id":"","speechkit_podcast_id":"","speechkit_error_message":"","speechkit_disabled":"","speechkit_access_key":"","speechkit_error":"","speechkit_info":"","speechkit_response":"","speechkit_retries":"","speechkit_status":"","speechkit_updated_at":"","_speechkit_link":"","_speechkit_text":""},"class_list":["post-10155","page","type-page","status-publish","has-post-thumbnail","hentry"],"acf":[],"yoast_head":"<!-- This site is optimized with the Yoast SEO Premium plugin  - https:\/\/yoast.com\/product\/yoast-seo-premium-wordpress\/ -->\n<title>Balkon katzensicher machen | Uelzener Tier-Magazin<\/title>\n<meta name=\"description\" content=\"So machst du deinen Balkon katzensicher \u25b6 Tipps zur \u2713 Katzennetz-Befestigung \u2713 attraktiven Balkongestalung \u25b6 Mehr erfahren!\" \/>\n<meta name=\"robots\" content=\"index, follow, max-snippet:-1, max-image-preview:large, max-video-preview:-1\" \/>\n<link rel=\"canonical\" href=\"https:\/\/uelzener.de\/magazin\/katze\/haltung\/balkon-katzensicher-machen\/\" \/>\n<meta property=\"og:locale\" content=\"de_DE\" \/>\n<meta property=\"og:type\" content=\"article\" \/>\n<meta property=\"og:title\" content=\"Balkon katzensicher machen: Gesch\u00fctzter Zugang zur Frischluft f\u00fcr deinen Vierbeiner\" \/>\n<meta property=\"og:description\" content=\"So machst du deinen Balkon katzensicher \u25b6 Tipps zur \u2713 Katzennetz-Befestigung \u2713 attraktiven Balkongestalung \u25b6 Mehr erfahren!\" \/>\n<meta property=\"og:url\" content=\"https:\/\/uelzener.de\/magazin\/katze\/haltung\/balkon-katzensicher-machen\/\" \/>\n<meta property=\"og:site_name\" content=\"Uelzener Tier-Magazin\" \/>\n<meta property=\"article:publisher\" content=\"https:\/\/www.facebook.com\/Uelzener\" \/>\n<meta property=\"article:modified_time\" content=\"2025-09-29T12:09:53+00:00\" \/>\n<meta property=\"og:image\" content=\"https:\/\/uelzener.de\/magazin\/app\/uploads\/2023\/01\/balkon-katzensicher-machen.jpg\" \/>\n\t<meta property=\"og:image:width\" content=\"1025\" \/>\n\t<meta property=\"og:image:height\" content=\"450\" \/>\n\t<meta property=\"og:image:type\" content=\"image\/jpeg\" \/>\n<meta name=\"twitter:card\" content=\"summary_large_image\" \/>\n<meta name=\"twitter:label1\" content=\"Gesch\u00e4tzte Lesezeit\" \/>\n\t<meta name=\"twitter:data1\" content=\"6\u00a0Minuten\" \/>\n<script type=\"application\/ld+json\" class=\"yoast-schema-graph\">{\"@context\":\"https:\/\/schema.org\",\"@graph\":[{\"@type\":\"WebPage\",\"@id\":\"https:\/\/uelzener.de\/magazin\/katze\/haltung\/balkon-katzensicher-machen\/\",\"url\":\"https:\/\/uelzener.de\/magazin\/katze\/haltung\/balkon-katzensicher-machen\/\",\"name\":\"Balkon katzensicher machen | Uelzener Tier-Magazin\",\"isPartOf\":{\"@id\":\"https:\/\/uelzener.de\/magazin\/#website\"},\"primaryImageOfPage\":{\"@id\":\"https:\/\/uelzener.de\/magazin\/katze\/haltung\/balkon-katzensicher-machen\/#primaryimage\"},\"image\":{\"@id\":\"https:\/\/uelzener.de\/magazin\/katze\/haltung\/balkon-katzensicher-machen\/#primaryimage\"},\"thumbnailUrl\":\"https:\/\/uelzener.de\/magazin\/app\/uploads\/2023\/01\/balkon-katzensicher-machen.jpg\",\"datePublished\":\"2015-07-16T00:00:00+00:00\",\"dateModified\":\"2025-09-29T12:09:53+00:00\",\"description\":\"So machst du deinen Balkon katzensicher \u25b6 Tipps zur \u2713 Katzennetz-Befestigung \u2713 attraktiven Balkongestalung \u25b6 Mehr erfahren!\",\"breadcrumb\":{\"@id\":\"https:\/\/uelzener.de\/magazin\/katze\/haltung\/balkon-katzensicher-machen\/#breadcrumb\"},\"inLanguage\":\"de\",\"potentialAction\":[{\"@type\":\"ReadAction\",\"target\":[\"https:\/\/uelzener.de\/magazin\/katze\/haltung\/balkon-katzensicher-machen\/\"]}]},{\"@type\":\"ImageObject\",\"inLanguage\":\"de\",\"@id\":\"https:\/\/uelzener.de\/magazin\/katze\/haltung\/balkon-katzensicher-machen\/#primaryimage\",\"url\":\"https:\/\/uelzener.de\/magazin\/app\/uploads\/2023\/01\/balkon-katzensicher-machen.jpg\",\"contentUrl\":\"https:\/\/uelzener.de\/magazin\/app\/uploads\/2023\/01\/balkon-katzensicher-machen.jpg\",\"width\":1025,\"height\":450,\"caption\":\"Katze sitzt auf einem katzensicheren Balkon und sonnt sich.\"},{\"@type\":\"WebSite\",\"@id\":\"https:\/\/uelzener.de\/magazin\/#website\",\"url\":\"https:\/\/uelzener.de\/magazin\/\",\"name\":\"Uelzener Tiermagazin\",\"description\":\"Online Tierratgeber der Uelzener Versicherungen\",\"publisher\":{\"@id\":\"https:\/\/uelzener.de\/magazin\/#organization\"},\"potentialAction\":[{\"@type\":\"SearchAction\",\"target\":{\"@type\":\"EntryPoint\",\"urlTemplate\":\"https:\/\/uelzener.de\/magazin\/?s={search_term_string}\"},\"query-input\":{\"@type\":\"PropertyValueSpecification\",\"valueRequired\":true,\"valueName\":\"search_term_string\"}}],\"inLanguage\":\"de\"},{\"@type\":\"Organization\",\"@id\":\"https:\/\/uelzener.de\/magazin\/#organization\",\"name\":\"Uelzener Versicherungen\",\"url\":\"https:\/\/uelzener.de\/magazin\/\",\"logo\":{\"@type\":\"ImageObject\",\"inLanguage\":\"de\",\"@id\":\"https:\/\/uelzener.de\/magazin\/#\/schema\/logo\/image\/\",\"url\":\"https:\/\/uelzener.de\/magazin\/app\/uploads\/2024\/11\/uelzener_allgemeine_versicherungsgesellschaft_a_g_logo.jpg\",\"contentUrl\":\"https:\/\/uelzener.de\/magazin\/app\/uploads\/2024\/11\/uelzener_allgemeine_versicherungsgesellschaft_a_g_logo.jpg\",\"width\":200,\"height\":200,\"caption\":\"Uelzener Versicherungen\"},\"image\":{\"@id\":\"https:\/\/uelzener.de\/magazin\/#\/schema\/logo\/image\/\"},\"sameAs\":[\"https:\/\/www.facebook.com\/Uelzener\",\"https:\/\/instagram.com\/uelzener\",\"https:\/\/www.xing.com\/pages\/uelzenerallgemeineversicherungs-gesellschafta-g\",\"https:\/\/www.youtube.com\/UelzenerVersicherungen\"]}]}<\/script>\n<!-- \/ Yoast SEO Premium plugin. -->","yoast_head_json":{"title":"Balkon katzensicher machen | Uelzener Tier-Magazin","description":"So machst du deinen Balkon katzensicher \u25b6 Tipps zur \u2713 Katzennetz-Befestigung \u2713 attraktiven Balkongestalung \u25b6 Mehr erfahren!","robots":{"index":"index","follow":"follow","max-snippet":"max-snippet:-1","max-image-preview":"max-image-preview:large","max-video-preview":"max-video-preview:-1"},"canonical":"https:\/\/uelzener.de\/magazin\/katze\/haltung\/balkon-katzensicher-machen\/","og_locale":"de_DE","og_type":"article","og_title":"Balkon katzensicher machen: Gesch\u00fctzter Zugang zur Frischluft f\u00fcr deinen Vierbeiner","og_description":"So machst du deinen Balkon katzensicher \u25b6 Tipps zur \u2713 Katzennetz-Befestigung \u2713 attraktiven Balkongestalung \u25b6 Mehr erfahren!","og_url":"https:\/\/uelzener.de\/magazin\/katze\/haltung\/balkon-katzensicher-machen\/","og_site_name":"Uelzener Tier-Magazin","article_publisher":"https:\/\/www.facebook.com\/Uelzener","article_modified_time":"2025-09-29T12:09:53+00:00","og_image":[{"width":1025,"height":450,"url":"https:\/\/uelzener.de\/magazin\/app\/uploads\/2023\/01\/balkon-katzensicher-machen.jpg","type":"image\/jpeg"}],"twitter_card":"summary_large_image","twitter_misc":{"Gesch\u00e4tzte Lesezeit":"6\u00a0Minuten"},"schema":{"@context":"https:\/\/schema.org","@graph":[{"@type":"WebPage","@id":"https:\/\/uelzener.de\/magazin\/katze\/haltung\/balkon-katzensicher-machen\/","url":"https:\/\/uelzener.de\/magazin\/katze\/haltung\/balkon-katzensicher-machen\/","name":"Balkon katzensicher machen | Uelzener Tier-Magazin","isPartOf":{"@id":"https:\/\/uelzener.de\/magazin\/#website"},"primaryImageOfPage":{"@id":"https:\/\/uelzener.de\/magazin\/katze\/haltung\/balkon-katzensicher-machen\/#primaryimage"},"image":{"@id":"https:\/\/uelzener.de\/magazin\/katze\/haltung\/balkon-katzensicher-machen\/#primaryimage"},"thumbnailUrl":"https:\/\/uelzener.de\/magazin\/app\/uploads\/2023\/01\/balkon-katzensicher-machen.jpg","datePublished":"2015-07-16T00:00:00+00:00","dateModified":"2025-09-29T12:09:53+00:00","description":"So machst du deinen Balkon katzensicher \u25b6 Tipps zur \u2713 Katzennetz-Befestigung \u2713 attraktiven Balkongestalung \u25b6 Mehr erfahren!","breadcrumb":{"@id":"https:\/\/uelzener.de\/magazin\/katze\/haltung\/balkon-katzensicher-machen\/#breadcrumb"},"inLanguage":"de","potentialAction":[{"@type":"ReadAction","target":["https:\/\/uelzener.de\/magazin\/katze\/haltung\/balkon-katzensicher-machen\/"]}]},{"@type":"ImageObject","inLanguage":"de","@id":"https:\/\/uelzener.de\/magazin\/katze\/haltung\/balkon-katzensicher-machen\/#primaryimage","url":"https:\/\/uelzener.de\/magazin\/app\/uploads\/2023\/01\/balkon-katzensicher-machen.jpg","contentUrl":"https:\/\/uelzener.de\/magazin\/app\/uploads\/2023\/01\/balkon-katzensicher-machen.jpg","width":1025,"height":450,"caption":"Katze sitzt auf einem katzensicheren Balkon und sonnt sich."},{"@type":"WebSite","@id":"https:\/\/uelzener.de\/magazin\/#website","url":"https:\/\/uelzener.de\/magazin\/","name":"Uelzener Tiermagazin","description":"Online Tierratgeber der Uelzener Versicherungen","publisher":{"@id":"https:\/\/uelzener.de\/magazin\/#organization"},"potentialAction":[{"@type":"SearchAction","target":{"@type":"EntryPoint","urlTemplate":"https:\/\/uelzener.de\/magazin\/?s={search_term_string}"},"query-input":{"@type":"PropertyValueSpecification","valueRequired":true,"valueName":"search_term_string"}}],"inLanguage":"de"},{"@type":"Organization","@id":"https:\/\/uelzener.de\/magazin\/#organization","name":"Uelzener Versicherungen","url":"https:\/\/uelzener.de\/magazin\/","logo":{"@type":"ImageObject","inLanguage":"de","@id":"https:\/\/uelzener.de\/magazin\/#\/schema\/logo\/image\/","url":"https:\/\/uelzener.de\/magazin\/app\/uploads\/2024\/11\/uelzener_allgemeine_versicherungsgesellschaft_a_g_logo.jpg","contentUrl":"https:\/\/uelzener.de\/magazin\/app\/uploads\/2024\/11\/uelzener_allgemeine_versicherungsgesellschaft_a_g_logo.jpg","width":200,"height":200,"caption":"Uelzener Versicherungen"},"image":{"@id":"https:\/\/uelzener.de\/magazin\/#\/schema\/logo\/image\/"},"sameAs":["https:\/\/www.facebook.com\/Uelzener","https:\/\/instagram.com\/uelzener","https:\/\/www.xing.com\/pages\/uelzenerallgemeineversicherungs-gesellschafta-g","https:\/\/www.youtube.com\/UelzenerVersicherungen"]}]}},"_links":{"self":[{"href":"https:\/\/uelzener.de\/magazin\/wp-json\/wp\/v2\/pages\/10155","targetHints":{"allow":["GET"]}}],"collection":[{"href":"https:\/\/uelzener.de\/magazin\/wp-json\/wp\/v2\/pages"}],"about":[{"href":"https:\/\/uelzener.de\/magazin\/wp-json\/wp\/v2\/types\/page"}],"author":[{"embeddable":true,"href":"https:\/\/uelzener.de\/magazin\/wp-json\/wp\/v2\/users\/1"}],"replies":[{"embeddable":true,"href":"https:\/\/uelzener.de\/magazin\/wp-json\/wp\/v2\/comments?post=10155"}],"version-history":[{"count":16,"href":"https:\/\/uelzener.de\/magazin\/wp-json\/wp\/v2\/pages\/10155\/revisions"}],"predecessor-version":[{"id":19322,"href":"https:\/\/uelzener.de\/magazin\/wp-json\/wp\/v2\/pages\/10155\/revisions\/19322"}],"up":[{"embeddable":true,"href":"https:\/\/uelzener.de\/magazin\/wp-json\/wp\/v2\/pages\/11683"}],"wp:featuredmedia":[{"embeddable":true,"href":"https:\/\/uelzener.de\/magazin\/wp-json\/wp\/v2\/media\/14883"}],"wp:attachment":[{"href":"https:\/\/uelzener.de\/magazin\/wp-json\/wp\/v2\/media?parent=10155"}],"curies":[{"name":"wp","href":"https:\/\/api.w.org\/{rel}","templated":true}]}}