{"id":10154,"date":"2022-12-28T12:00:00","date_gmt":"2022-12-28T11:00:00","guid":{"rendered":""},"modified":"2025-11-13T11:43:16","modified_gmt":"2025-11-13T10:43:16","slug":"glueckskatze-dreifarbig-schildpatt","status":"publish","type":"page","link":"https:\/\/uelzener.de\/magazin\/katze\/rasseportrait\/glueckskatze-dreifarbig-schildpatt\/","title":{"rendered":"Die Gl\u00fcckskatze: eine mythenumrankte und seltene dreifarbige Sch\u00f6nheit"},"content":{"rendered":"<p>Dreifarbige Katzen mit rot-schwarz-wei\u00dfem Fell werden als Gl\u00fcckskatzen bezeichnet. Die Farbkombination ist aus genetischen Gr\u00fcnden eher selten, kommt aber nicht nur bei einer Rasse vor. In diesem Artikel findest du alle Informationen rund um die gl\u00fccksbringende Samtpfote.<\/p>\n<h2>Was zeichnet eine Gl\u00fcckskatze aus?<\/h2>\n<p>Gl\u00fcckskatzen erkennst du an ihrem dreifarbigen Fell, wobei sich das Fell einer Gl\u00fcckskatze immer aus den Farben Rot, Schwarz und Wei\u00df zusammensetzt. Das ist eine seltene Kombination, die, sofern mehrere genetische Faktoren gleichzeitig erf\u00fcllt sind, bevorzugt bei weiblichen Katzen auftreten kann. Die besondere Fellfarbe ist eher ein Zufallstreffer und selten. Die gezielte Zucht ist gar nicht m\u00f6glich, weshalb die dreifarbigen Schildpatt-Katzen gleicherma\u00dfen f\u00fcr Z\u00fcchter und Besitzer Gl\u00fccksf\u00e4lle sind. Eine gesonderte Gl\u00fcckskatze-Rasse gibt es nicht.<br \/>\nGl\u00fcckskatzen werden au\u00dferdem noch Tricolor-Katze oder dreifarbige Katzen genannt.<\/p>\n<h3>Ursprung, Geschichte und Mythologie<\/h3>\n<p>Ein Ph\u00e4nomen ist, dass die speziellen dreifarbigen Katzen \u00fcber den ganzen Globus verbreitet als etwas Besonderes gelten und sich viele Mythen um sie ranken. Zum Ursprung ist recht eindeutig zu sagen: Gl\u00fcckskatzen sind eine Laune der Natur. Bestimmte genetische Voraussetzungen sind gleichzeitig erf\u00fcllt und zuf\u00e4llig erfolgt die dominante Vererbung beider Grundfarben plus Scheckung. Diese Besonderheit ist auf keinen speziellen Herkunftsort zur\u00fcckzuf\u00fchren.<\/p>\n<h3>Die dreifarbige Katze als Gl\u00fccksbringer<\/h3>\n<p>Aus Japan ist die dreifarbige Winkekatze &#8222;Maneki Neko&#8220; bekannt, die als Gl\u00fccksbringer-Figur gilt. Als Gl\u00fccksbringer sollen dreifarbige Katzen in Japan obendrein auf Schiffen mitgenommen worden sein, um unterwegs Ungl\u00fcck fernzuhalten. Im US-Staat Maryland hat sich die dreifarbige Samtpfote als Staatssymbol durchgesetzt. Auf das Mittelalter werden Mythen datiert, laut denen die besonders gef\u00e4rbten Tiere das Haus und die Bewohner vor Feuer und Krankheit sch\u00fctzen und armen Menschen zu Reichtum verhelfen. Wer solch einer Katze dagegen Leid zuf\u00fcge, w\u00fcrde selbst Ungl\u00fcck erleiden.<\/p>\n<h2>Unterschiedliche Rassen von dreifarbigen Schildpatt-Katzen<\/h2>\n<p>Die spezielle dreifarbige Kombination ist nicht bei allen Katzenrassen m\u00f6glich. Es m\u00fcssen gleicherma\u00dfen die Farben Rot und Schwarz vererbt werden k\u00f6nnen und zus\u00e4tzlich Wei\u00df auftreten. Betrachtest du dir beispielsweise Rasse Khao Manee, die es nur in Wei\u00df gibt, kann rotes und schwarzes Fell gar nicht vererbt werden. Eine British Kurzhaar Katze dagegen gibt es in vielerlei Farbschl\u00e4gen \u2013 hier ist die besondere Tricolor-Vererbung m\u00f6glich. Gl\u00fcckskatzen k\u00f6nnen also bei allen Rassen auftreten, bei denen die relevanten Farben erlaubt sind. Die Tricolor-Kombination findest du unter anderem bei folgenden Rassen:<\/p>\n<ul>\n<li><a href=\"https:\/\/uelzener.de\/magazin\/katze\/rasseportrait\/maine-coon\/\">Maine Coon<\/a><\/li>\n<li><a href=\"https:\/\/uelzener.de\/magazin\/katze\/rasseportrait\/europaeisch-kurzhaar\/\">Sibirische Waldkatze<\/a><\/li>\n<li>Perserkatze<\/li>\n<li>Deutsch Langhaar<\/li>\n<li>Britisch Langhaar<\/li>\n<li><a href=\"https:\/\/uelzener.de\/magazin\/katze\/rasseportrait\/europaeisch-kurzhaar\/\">Europ\u00e4isch Kurzhaar<\/a><\/li>\n<li><a href=\"https:\/\/uelzener.de\/magazin\/katze\/rasseportrait\/britisch-kurzhaar\/\">Britisch Kurzhaar<\/a><\/li>\n<\/ul>\n<h2>Farbvariationen und Zeichnungen<\/h2>\n<p>Bei Gl\u00fcckskatzen ist die Farbverteilung und -musterung der Schwarz-Rot-Wei\u00df-Kombination vielseitig. Es k\u00f6nnen sich deutlich voneinander abgegrenzte Farbbereiche zeigen, sie k\u00f6nnen ineinander \u00fcbergehen, Stromungen aufweisen und unterschiedlich in der Intensit\u00e4t sein. Du kannst daher auf Tiere mit Scheckungen, Tupfen, Streifen und Flecken in beliebiger Verteilung \u00fcber den K\u00f6rper sto\u00dfen.<\/p>\n<h2>Fast alle Gl\u00fcckskatzen sind weiblich<\/h2>\n<p>Schuld sind die Geschlechtschromosome: Die dreifarbige Zeichnung tritt fast ausschlie\u00dflich bei weiblichen Tieren auf, denn nur diese erf\u00fcllen \u00fcblicherweise die genetische Voraussetzung. Die Grundfarben Rot und Schwarz werden \u00fcber die X-Chromosome vererbt und Kater haben ein X- und ein Y-Chromosom, weibliche Tiere dagegen zwei X-Chromosome. Bei Katern kann deshalb nur eine der Grundfarben vererbt werden.<\/p>\n<p>Die Grundbedingung f\u00fcr eine Tricolor-Katze ist, dass ein Elterntier die schwarze und eines die rote Fellfarbe weitergibt. Meist setzt sich in der embryonalen Entwicklung aber nur eines der beiden Chromosome durch. F\u00fcr das charakteristische dreifarbige Fell m\u00fcssen zuf\u00e4llig beide X-Chromosome dominant und obendrein muss das Scheckungsgen aktiv sein.<\/p>\n<p>Obwohl es eigentlich unm\u00f6glich scheint, gibt es dennoch ganz vereinzelt Gl\u00fcckskater. Dazu ist eine weitere genetische Anomalie erforderlich: Die Tiere haben unnat\u00fcrlicher Weise ein Y- und zwei X-Chromosome. Allerdings sind solch seltene Kater unfruchtbar.<\/p>\n<h2>Gl\u00fcckskatze: Rasse und Charakter<\/h2>\n<p>Es gibt keine wissenschaftlich fundierten Belege dar\u00fcber, dass dreifarbige Katzen \u00fcber einen speziellen Charakter verf\u00fcgen. Viele Besitzer sprechen ihnen diesen dagegen zu und schildern ihre samtpfotigen Gl\u00fccksbringer in den unterschiedlichsten Facetten von besonders unabh\u00e4ngig und eigenwillig bis zu sanft und ausgeglichen. Die spezifischen Erfahrungen sind vermutlich weniger auf die Fellfarben als auf die Rasse zur\u00fcckzuf\u00fchren, der das jeweilige Individuum angeh\u00f6rt.<\/p>\n<h2>Haltung und Pflege auf Individuum abstimmen<\/h2>\n<p>Entscheidest du dich f\u00fcr eine bestimmte Katzenrasse, hast du dich sicher \u00fcber deren spezifische Eigenschaften und Anforderungen informiert. Gl\u00fcckskatzen sind jedoch bei verschiedenen Rassen vertreten und k\u00f6nnen entsprechende Besonderheiten mit ins Leben bringen. Grunds\u00e4tzlich ben\u00f6tigen sie wie alle Katzen Kletter-, Kratz- und Besch\u00e4ftigungsm\u00f6glichkeiten, kuschelige Liegepl\u00e4tze, entspannte R\u00fcckzugsorte, saubere Katzentoiletten, artgerechtes Futter und Trinkwasser sowie die F\u00fcrsorge ihrer Menschen.<\/p>\n<p>Au\u00dferdem kommt es bei den Bed\u00fcrfnissen auf die Haltung der Katze an. Hast du eine reine Wohnungskatze, ben\u00f6tigt deine Gl\u00fcckskatze mehr <a href=\"https:\/\/uelzener.de\/magazin\/katze\/haltung\/wohnungskatze-beschaeftigen\/\">Besch\u00e4ftigungsm\u00f6glichkeiten<\/a> als Freig\u00e4nger, die mit ihren Aktivit\u00e4ten und Eindr\u00fccken unterwegs eher ausgelastet sind.<\/p>\n<h2>Anschaffung<\/h2>\n<p>Da Gl\u00fcckskatzen nicht gez\u00fcchtet werden k\u00f6nnen, kann die Anschaffung mit einer l\u00e4ngeren Suche verbunden sein \u2013 oder du hast Gl\u00fcck. M\u00f6glicherweise findest du sogar im Tierheim ein dreifarbiges Exemplar. Bist du die Rasse betreffend nicht w\u00e4hlerisch, kannst du dich bei Z\u00fcchtern erkundigen, ob beim Nachwuchs zuf\u00e4llig ein dreifarbiges Tier dabei ist oder aufgrund der Farbgene der Elterntiere m\u00f6glich w\u00e4re und dich auf eine Warteliste setzen lassen. Eine weitere Option ist das regelm\u00e4\u00dfige Durchforsten von Kleinanzeigen. Alternativ kannst du selbst eine Anzeige schalten.<\/p>\n<h2>Fazit: Gl\u00fcckskatzen sind beliebte Zufallserscheinungen<\/h2>\n<p>Was Gl\u00fcckskatzen so beliebt macht, ist einerseits ihre au\u00dfergew\u00f6hnlich sch\u00f6ne Farbkombination, andererseits ihre Seltenheit. Eine gezielte Zucht ist gar nicht m\u00f6glich und es m\u00fcssen mehrere genetische Faktoren zusammentreffen, damit eine Katze genau diese drei Farben aufweist. Fast alle Gl\u00fcckskatzen sind aus ebenfalls genetischen Gr\u00fcnden weiblich, dreifarbige Kater sind wahre Rarit\u00e4ten.<\/p>\n<h2>FAQ: H\u00e4ufig gestellte Fragen zu Gl\u00fcckskatzen<\/h2>\n<h3>Warum ist eine dreifarbige Katze eine Gl\u00fcckskatze?<\/h3>\n<p>Dreifarbige Katzen gelten vermutlich aufgrund ihres seltenen Vorkommens als Gl\u00fccksbringer, was es zudem zu einem Gl\u00fccksfall macht, eine solche zu bekommen.<\/p>\n<h3>Wie entsteht die dreifarbige Fellzeichnung der Gl\u00fcckskatze?<\/h3>\n<p>Die Vererbung der roten und schwarzen F\u00e4rbung erfolgt \u00fcber die beiden X-Chromosome bei weiblichem Nachwuchs, im Falle einer genetischen Anomalie seltener auch bei Katern. F\u00fcr den wei\u00dfen Anteil ist zus\u00e4tzlich das Scheckungsgen erforderlich.<\/p>\n<h3>Sind Gl\u00fcckskatzen selten?<\/h3>\n<p>Gl\u00fcckskatzen sind selten, da sie nicht gez\u00fcchtet werden k\u00f6nnen. Sie kommen zuf\u00e4llig vereinzelt beim Nachwuchs einiger Rassen vor, sofern es die beteiligten genetischen Faktoren zulassen.<\/p>\n<p>Du interessierst dich f\u00fcr die genetische Beziehung zwischen Mensch und Tier? Dann lies hier alles nach \u00fcber <a href=\"https:\/\/uelzener.de\/magazin\/katze\/haeufige-fragen\/dna-uebereinstimmung-katze-mensch\/\">D.N.A.-\u00dcbereinstimmung zwischen Katze und Menschen<\/a>.<\/p>\n","protected":false},"excerpt":{"rendered":"<p>Dreifarbige Katzen mit rot-schwarz-wei\u00dfem Fell werden als Gl\u00fcckskatzen bezeichnet. Die Farbkombination ist aus genetischen Gr\u00fcnden eher selten, kommt aber nicht nur bei einer Rasse vor. In diesem Artikel findest du alle Informationen rund um die gl\u00fccksbringende Samtpfote. Was zeichnet eine Gl\u00fcckskatze aus? Gl\u00fcckskatzen erkennst du an ihrem dreifarbigen Fell, wobei sich das Fell einer Gl\u00fcckskatze [&hellip;]<\/p>\n","protected":false},"author":11,"featured_media":14621,"parent":2482,"menu_order":13,"comment_status":"open","ping_status":"open","template":"templates\/blog.php","meta":{"_acf_changed":false,"_crdt_document":"","footnotes":"","beyondwords_generate_audio":"0","beyondwords_project_id":"","beyondwords_content_id":"","beyondwords_preview_token":"","beyondwords_player_style":"","beyondwords_language_id":"","beyondwords_title_voice_id":"","beyondwords_body_voice_id":"","beyondwords_summary_voice_id":"","beyondwords_error_message":"","beyondwords_disabled":"","beyondwords_delete_content":"","beyondwords_podcast_id":"","beyondwords_hash":"","publish_post_to_speechkit":"","speechkit_hash":"","speechkit_generate_audio":"","speechkit_project_id":"","speechkit_podcast_id":"","speechkit_error_message":"","speechkit_disabled":"","speechkit_access_key":"","speechkit_error":"","speechkit_info":"","speechkit_response":"","speechkit_retries":"","speechkit_status":"","speechkit_updated_at":"","_speechkit_link":"","_speechkit_text":""},"class_list":["post-10154","page","type-page","status-publish","has-post-thumbnail","hentry"],"acf":[],"yoast_head":"<!-- This site is optimized with the Yoast SEO Premium plugin  - https:\/\/yoast.com\/product\/yoast-seo-premium-wordpress\/ -->\n<title>Gl\u00fcckskatze \u2013 Alles zu den dreifarbigen Schildpatt-Katzen | Uelzener<\/title>\n<meta name=\"description\" content=\"Erfahre alles \u00fcber dreifarbige Gl\u00fcckskatzen \u2713 Mythos &amp; Legenden \u2713 Entstehung der Fellfarbe \u2713 Charakter \u25b6 Hier informieren!\" \/>\n<meta name=\"robots\" content=\"index, follow, max-snippet:-1, max-image-preview:large, max-video-preview:-1\" \/>\n<link rel=\"canonical\" href=\"https:\/\/uelzener.de\/magazin\/katze\/rasseportrait\/glueckskatze-dreifarbig-schildpatt\/\" \/>\n<meta property=\"og:locale\" content=\"de_DE\" \/>\n<meta property=\"og:type\" content=\"article\" \/>\n<meta property=\"og:title\" content=\"Die Gl\u00fcckskatze: eine mythenumrankte und seltene dreifarbige Sch\u00f6nheit\" \/>\n<meta property=\"og:description\" content=\"Erfahre alles \u00fcber dreifarbige Gl\u00fcckskatzen \u2713 Mythos &amp; Legenden \u2713 Entstehung der Fellfarbe \u2713 Charakter \u25b6 Hier informieren!\" \/>\n<meta property=\"og:url\" content=\"https:\/\/uelzener.de\/magazin\/katze\/rasseportrait\/glueckskatze-dreifarbig-schildpatt\/\" \/>\n<meta property=\"og:site_name\" content=\"Uelzener Tier-Magazin\" \/>\n<meta property=\"article:publisher\" content=\"https:\/\/www.facebook.com\/Uelzener\" \/>\n<meta property=\"article:modified_time\" content=\"2025-11-13T10:43:16+00:00\" \/>\n<meta property=\"og:image\" content=\"https:\/\/uelzener.de\/magazin\/app\/uploads\/2022\/12\/glueckskatze-schildpatt-tricolor.jpg\" \/>\n\t<meta property=\"og:image:width\" content=\"1025\" \/>\n\t<meta property=\"og:image:height\" content=\"450\" \/>\n\t<meta property=\"og:image:type\" content=\"image\/jpeg\" \/>\n<meta name=\"twitter:card\" content=\"summary_large_image\" \/>\n<meta name=\"twitter:label1\" content=\"Gesch\u00e4tzte Lesezeit\" \/>\n\t<meta name=\"twitter:data1\" content=\"6\u00a0Minuten\" \/>\n<script type=\"application\/ld+json\" class=\"yoast-schema-graph\">{\"@context\":\"https:\/\/schema.org\",\"@graph\":[{\"@type\":\"WebPage\",\"@id\":\"https:\/\/uelzener.de\/magazin\/katze\/rasseportrait\/glueckskatze-dreifarbig-schildpatt\/\",\"url\":\"https:\/\/uelzener.de\/magazin\/katze\/rasseportrait\/glueckskatze-dreifarbig-schildpatt\/\",\"name\":\"Gl\u00fcckskatze \u2013 Alles zu den dreifarbigen Schildpatt-Katzen | Uelzener\",\"isPartOf\":{\"@id\":\"https:\/\/uelzener.de\/magazin\/#website\"},\"primaryImageOfPage\":{\"@id\":\"https:\/\/uelzener.de\/magazin\/katze\/rasseportrait\/glueckskatze-dreifarbig-schildpatt\/#primaryimage\"},\"image\":{\"@id\":\"https:\/\/uelzener.de\/magazin\/katze\/rasseportrait\/glueckskatze-dreifarbig-schildpatt\/#primaryimage\"},\"thumbnailUrl\":\"https:\/\/uelzener.de\/magazin\/app\/uploads\/2022\/12\/glueckskatze-schildpatt-tricolor.jpg\",\"datePublished\":\"2022-12-28T11:00:00+00:00\",\"dateModified\":\"2025-11-13T10:43:16+00:00\",\"description\":\"Erfahre alles \u00fcber dreifarbige Gl\u00fcckskatzen \u2713 Mythos & Legenden \u2713 Entstehung der Fellfarbe \u2713 Charakter \u25b6 Hier informieren!\",\"breadcrumb\":{\"@id\":\"https:\/\/uelzener.de\/magazin\/katze\/rasseportrait\/glueckskatze-dreifarbig-schildpatt\/#breadcrumb\"},\"inLanguage\":\"de\",\"potentialAction\":[{\"@type\":\"ReadAction\",\"target\":[\"https:\/\/uelzener.de\/magazin\/katze\/rasseportrait\/glueckskatze-dreifarbig-schildpatt\/\"]}]},{\"@type\":\"ImageObject\",\"inLanguage\":\"de\",\"@id\":\"https:\/\/uelzener.de\/magazin\/katze\/rasseportrait\/glueckskatze-dreifarbig-schildpatt\/#primaryimage\",\"url\":\"https:\/\/uelzener.de\/magazin\/app\/uploads\/2022\/12\/glueckskatze-schildpatt-tricolor.jpg\",\"contentUrl\":\"https:\/\/uelzener.de\/magazin\/app\/uploads\/2022\/12\/glueckskatze-schildpatt-tricolor.jpg\",\"width\":1025,\"height\":450,\"caption\":\"Dreifarbige Gl\u00fcckskatze sitz im Haus und schaut zum kleinen Fenster neben der Haust\u00fcr raus.\"},{\"@type\":\"WebSite\",\"@id\":\"https:\/\/uelzener.de\/magazin\/#website\",\"url\":\"https:\/\/uelzener.de\/magazin\/\",\"name\":\"Uelzener Tiermagazin\",\"description\":\"Online Tierratgeber der Uelzener Versicherungen\",\"publisher\":{\"@id\":\"https:\/\/uelzener.de\/magazin\/#organization\"},\"potentialAction\":[{\"@type\":\"SearchAction\",\"target\":{\"@type\":\"EntryPoint\",\"urlTemplate\":\"https:\/\/uelzener.de\/magazin\/?s={search_term_string}\"},\"query-input\":{\"@type\":\"PropertyValueSpecification\",\"valueRequired\":true,\"valueName\":\"search_term_string\"}}],\"inLanguage\":\"de\"},{\"@type\":\"Organization\",\"@id\":\"https:\/\/uelzener.de\/magazin\/#organization\",\"name\":\"Uelzener Versicherungen\",\"url\":\"https:\/\/uelzener.de\/magazin\/\",\"logo\":{\"@type\":\"ImageObject\",\"inLanguage\":\"de\",\"@id\":\"https:\/\/uelzener.de\/magazin\/#\/schema\/logo\/image\/\",\"url\":\"https:\/\/uelzener.de\/magazin\/app\/uploads\/2024\/11\/uelzener_allgemeine_versicherungsgesellschaft_a_g_logo.jpg\",\"contentUrl\":\"https:\/\/uelzener.de\/magazin\/app\/uploads\/2024\/11\/uelzener_allgemeine_versicherungsgesellschaft_a_g_logo.jpg\",\"width\":200,\"height\":200,\"caption\":\"Uelzener Versicherungen\"},\"image\":{\"@id\":\"https:\/\/uelzener.de\/magazin\/#\/schema\/logo\/image\/\"},\"sameAs\":[\"https:\/\/www.facebook.com\/Uelzener\",\"https:\/\/instagram.com\/uelzener\",\"https:\/\/www.xing.com\/pages\/uelzenerallgemeineversicherungs-gesellschafta-g\",\"https:\/\/www.youtube.com\/UelzenerVersicherungen\"]}]}<\/script>\n<!-- \/ Yoast SEO Premium plugin. -->","yoast_head_json":{"title":"Gl\u00fcckskatze \u2013 Alles zu den dreifarbigen Schildpatt-Katzen | Uelzener","description":"Erfahre alles \u00fcber dreifarbige Gl\u00fcckskatzen \u2713 Mythos & Legenden \u2713 Entstehung der Fellfarbe \u2713 Charakter \u25b6 Hier informieren!","robots":{"index":"index","follow":"follow","max-snippet":"max-snippet:-1","max-image-preview":"max-image-preview:large","max-video-preview":"max-video-preview:-1"},"canonical":"https:\/\/uelzener.de\/magazin\/katze\/rasseportrait\/glueckskatze-dreifarbig-schildpatt\/","og_locale":"de_DE","og_type":"article","og_title":"Die Gl\u00fcckskatze: eine mythenumrankte und seltene dreifarbige Sch\u00f6nheit","og_description":"Erfahre alles \u00fcber dreifarbige Gl\u00fcckskatzen \u2713 Mythos & Legenden \u2713 Entstehung der Fellfarbe \u2713 Charakter \u25b6 Hier informieren!","og_url":"https:\/\/uelzener.de\/magazin\/katze\/rasseportrait\/glueckskatze-dreifarbig-schildpatt\/","og_site_name":"Uelzener Tier-Magazin","article_publisher":"https:\/\/www.facebook.com\/Uelzener","article_modified_time":"2025-11-13T10:43:16+00:00","og_image":[{"width":1025,"height":450,"url":"https:\/\/uelzener.de\/magazin\/app\/uploads\/2022\/12\/glueckskatze-schildpatt-tricolor.jpg","type":"image\/jpeg"}],"twitter_card":"summary_large_image","twitter_misc":{"Gesch\u00e4tzte Lesezeit":"6\u00a0Minuten"},"schema":{"@context":"https:\/\/schema.org","@graph":[{"@type":"WebPage","@id":"https:\/\/uelzener.de\/magazin\/katze\/rasseportrait\/glueckskatze-dreifarbig-schildpatt\/","url":"https:\/\/uelzener.de\/magazin\/katze\/rasseportrait\/glueckskatze-dreifarbig-schildpatt\/","name":"Gl\u00fcckskatze \u2013 Alles zu den dreifarbigen Schildpatt-Katzen | Uelzener","isPartOf":{"@id":"https:\/\/uelzener.de\/magazin\/#website"},"primaryImageOfPage":{"@id":"https:\/\/uelzener.de\/magazin\/katze\/rasseportrait\/glueckskatze-dreifarbig-schildpatt\/#primaryimage"},"image":{"@id":"https:\/\/uelzener.de\/magazin\/katze\/rasseportrait\/glueckskatze-dreifarbig-schildpatt\/#primaryimage"},"thumbnailUrl":"https:\/\/uelzener.de\/magazin\/app\/uploads\/2022\/12\/glueckskatze-schildpatt-tricolor.jpg","datePublished":"2022-12-28T11:00:00+00:00","dateModified":"2025-11-13T10:43:16+00:00","description":"Erfahre alles \u00fcber dreifarbige Gl\u00fcckskatzen \u2713 Mythos & Legenden \u2713 Entstehung der Fellfarbe \u2713 Charakter \u25b6 Hier informieren!","breadcrumb":{"@id":"https:\/\/uelzener.de\/magazin\/katze\/rasseportrait\/glueckskatze-dreifarbig-schildpatt\/#breadcrumb"},"inLanguage":"de","potentialAction":[{"@type":"ReadAction","target":["https:\/\/uelzener.de\/magazin\/katze\/rasseportrait\/glueckskatze-dreifarbig-schildpatt\/"]}]},{"@type":"ImageObject","inLanguage":"de","@id":"https:\/\/uelzener.de\/magazin\/katze\/rasseportrait\/glueckskatze-dreifarbig-schildpatt\/#primaryimage","url":"https:\/\/uelzener.de\/magazin\/app\/uploads\/2022\/12\/glueckskatze-schildpatt-tricolor.jpg","contentUrl":"https:\/\/uelzener.de\/magazin\/app\/uploads\/2022\/12\/glueckskatze-schildpatt-tricolor.jpg","width":1025,"height":450,"caption":"Dreifarbige Gl\u00fcckskatze sitz im Haus und schaut zum kleinen Fenster neben der Haust\u00fcr raus."},{"@type":"WebSite","@id":"https:\/\/uelzener.de\/magazin\/#website","url":"https:\/\/uelzener.de\/magazin\/","name":"Uelzener Tiermagazin","description":"Online Tierratgeber der Uelzener Versicherungen","publisher":{"@id":"https:\/\/uelzener.de\/magazin\/#organization"},"potentialAction":[{"@type":"SearchAction","target":{"@type":"EntryPoint","urlTemplate":"https:\/\/uelzener.de\/magazin\/?s={search_term_string}"},"query-input":{"@type":"PropertyValueSpecification","valueRequired":true,"valueName":"search_term_string"}}],"inLanguage":"de"},{"@type":"Organization","@id":"https:\/\/uelzener.de\/magazin\/#organization","name":"Uelzener Versicherungen","url":"https:\/\/uelzener.de\/magazin\/","logo":{"@type":"ImageObject","inLanguage":"de","@id":"https:\/\/uelzener.de\/magazin\/#\/schema\/logo\/image\/","url":"https:\/\/uelzener.de\/magazin\/app\/uploads\/2024\/11\/uelzener_allgemeine_versicherungsgesellschaft_a_g_logo.jpg","contentUrl":"https:\/\/uelzener.de\/magazin\/app\/uploads\/2024\/11\/uelzener_allgemeine_versicherungsgesellschaft_a_g_logo.jpg","width":200,"height":200,"caption":"Uelzener Versicherungen"},"image":{"@id":"https:\/\/uelzener.de\/magazin\/#\/schema\/logo\/image\/"},"sameAs":["https:\/\/www.facebook.com\/Uelzener","https:\/\/instagram.com\/uelzener","https:\/\/www.xing.com\/pages\/uelzenerallgemeineversicherungs-gesellschafta-g","https:\/\/www.youtube.com\/UelzenerVersicherungen"]}]}},"_links":{"self":[{"href":"https:\/\/uelzener.de\/magazin\/wp-json\/wp\/v2\/pages\/10154","targetHints":{"allow":["GET"]}}],"collection":[{"href":"https:\/\/uelzener.de\/magazin\/wp-json\/wp\/v2\/pages"}],"about":[{"href":"https:\/\/uelzener.de\/magazin\/wp-json\/wp\/v2\/types\/page"}],"author":[{"embeddable":true,"href":"https:\/\/uelzener.de\/magazin\/wp-json\/wp\/v2\/users\/11"}],"replies":[{"embeddable":true,"href":"https:\/\/uelzener.de\/magazin\/wp-json\/wp\/v2\/comments?post=10154"}],"version-history":[{"count":12,"href":"https:\/\/uelzener.de\/magazin\/wp-json\/wp\/v2\/pages\/10154\/revisions"}],"predecessor-version":[{"id":19475,"href":"https:\/\/uelzener.de\/magazin\/wp-json\/wp\/v2\/pages\/10154\/revisions\/19475"}],"up":[{"embeddable":true,"href":"https:\/\/uelzener.de\/magazin\/wp-json\/wp\/v2\/pages\/2482"}],"wp:featuredmedia":[{"embeddable":true,"href":"https:\/\/uelzener.de\/magazin\/wp-json\/wp\/v2\/media\/14621"}],"wp:attachment":[{"href":"https:\/\/uelzener.de\/magazin\/wp-json\/wp\/v2\/media?parent=10154"}],"curies":[{"name":"wp","href":"https:\/\/api.w.org\/{rel}","templated":true}]}}