{"id":10153,"date":"2015-08-20T00:00:00","date_gmt":"2015-08-19T22:00:00","guid":{"rendered":""},"modified":"2025-09-11T12:00:10","modified_gmt":"2025-09-11T10:00:10","slug":"auswahl-katzenzuechter","status":"publish","type":"page","link":"https:\/\/uelzener.de\/magazin\/katze\/tipps-fuer-den-alltag\/auswahl-katzenzuechter\/","title":{"rendered":"Katzenz\u00fcchter: Worauf du achten solltest"},"content":{"rendered":"<p>Wer sich ein K\u00e4tzchen zulegen m\u00f6chte, hat verschiedene M\u00f6glichkeiten: Abgabe \u00fcber Z\u00fcchter, Privatperson oder Tierheim. Wenn es eine Rassekatze sein soll, ist ein seri\u00f6ser Z\u00fcchter die erste Anlaufstelle. Aber woran erkennt man einen guten Katzenz\u00fcchter?<\/p>\n<h2>Papiere<\/h2>\n<p>Ein wichtiger Hinweis auf einen seri\u00f6sen Z\u00fcchter sind die entsprechenden Papiere. Dazu geh\u00f6ren ein Impfausweis und ein Stammbaum. Letzterer stammt von einem anerkannten Z\u00fcchterverein, in dem der Z\u00fcchter Mitglied sein muss, um ihn zu erhalten.<\/p>\n<p>Der Z\u00fcchterverein \u00fcberwacht eine verantwortungsvolle Zucht: Alle W\u00fcrfe m\u00fcssen angezeigt werden. Die Elterntiere sind beim Verein registriert. Er wacht dar\u00fcber, dass sie nicht zu fr\u00fch zur Zucht eingesetzt werden und dass entsprechende Pausen zwischen den W\u00fcrfen eingehalten werden.<\/p>\n<p>Ungeeignete Tiere werden von der Zucht ausgeschlossen, zum Beispiel bei einem positiven Gentest f\u00fcr Erbkrankheiten. Einkreuzungen anderer Rassen sind verboten, ebenso wie die Abgabe an Tierh\u00e4ndler oder Zoohandlungen. Papiere bescheinigen dem neuen Besitzer daher eine verantwortungsvolle Zucht.<\/p>\n<h2>Fachliche Kompetenz<\/h2>\n<p>Ein guter Katzenz\u00fcchter kennt sich mit seiner Rasse aus, beantwortet bereitwillig Fragen und ist auch mit einem Besuch einverstanden, um die Elterntiere kennenzulernen. Er ber\u00e4t Interessenten in Fragen des Umgangs und der Eigenarten der Katzenrasse, erkundigt sich nach der Wohnsituation der k\u00fcnftigen Besitzer und kl\u00e4rt \u00fcber die Anspr\u00fcche des neuen Mitbewohners auf. Er gibt Tipps zur F\u00fctterung und f\u00fcr die ersten Tage des K\u00e4tzchens in seiner neuen Umgebung. Eventuell r\u00e4t er auch mal vom Kauf einer Katze ab. Auch nach der Abgabe der Katze steht er den Besitzern bei Problemen mit Rat und Tat zur Seite.<\/p>\n<h2>Die Umgebung<\/h2>\n<p>Der Z\u00fcchter h\u00e4lt seine Katzen in einer sauberen, hellen, gepflegten Umgebung im Wohnhaus mit \u201eFamilienanschluss\u201c. Die R\u00e4ume, in denen die Katzen leben, sind katzengerecht eingerichtet, es leben nicht zu viele Katzen auf engem Raum. Der Z\u00fcchter z\u00fcchtet zudem maximal zwei verschiedene Rassen. Alle Katzen machen einen gesunden, entspannten Eindruck und sind gut gen\u00e4hrt.<\/p>\n<h2>Das K\u00e4tzchen<\/h2>\n<p>Der Z\u00fcchter gibt seine K\u00e4tzchen erst ab, wenn sie mindestens 12 Wochen alt sind. Sie machen einen aufgeweckten, gesunden Eindruck, sind neugierig auf ihre Umgebung und nicht allzu scheu. Das Fell weist keine kahlen Stellen auf, Augen und Nase sind nicht verklebt, die Ohren nicht verkrustet. Auch das Hinterteilchen ist sauber. Die Katzen sind durchgeimpft und wurden regelm\u00e4\u00dfig entwurmt.<\/p>\n\n<div class=\"related_articles boxed\">\n    <h2>Mehr zum Thema<\/h2>\n    \n    <div class=\"wrapper\"><div class=\"title align-center\"><h3><a href=\"https:\/\/uelzener.de\/magazin\/wir\/tierheim-aktion-der-uelzener-zum-150-jubilaeum\/\">Tierheim-Aktion der Uelzener zum 150. Jubil\u00e4um<\/a><\/h3><\/div><div class=\"img align-center\"><img decoding=\"async\" width=\"315\" height=\"180\" src=\"https:\/\/uelzener.de\/magazin\/app\/uploads\/2023\/06\/uelzener-tierheim-aktion-hund-315x180.jpg\" class=\"attachment-315x180 size-315x180 wp-post-image\" alt=\"Social Media Managerin der Uelzener fotografiert einen Hund f\u00fcr die Tierheim-Aktion.\" \/><\/div><\/div><div class=\"wrapper\"><div class=\"title align-center\"><h3><a href=\"https:\/\/uelzener.de\/magazin\/katze\/tiergesundheit\/katzen-impfungen\/\">Katzen-Impfungen: Schutz vor schweren Erkrankungen vorbeugen<\/a><\/h3><\/div><div class=\"img align-center\"><img decoding=\"async\" width=\"315\" height=\"180\" src=\"https:\/\/uelzener.de\/magazin\/app\/uploads\/2022\/08\/katzen-impfungen-315x180.jpg\" class=\"attachment-315x180 size-315x180 wp-post-image\" alt=\"Eine Katze bekommt ihre Katzen-Impfungen beim Tierarzt.\" \/><\/div><\/div><div class=\"wrapper\"><div class=\"title align-center\"><h3><a href=\"https:\/\/uelzener.de\/magazin\/katze\/haltung\/vom-katzenbaby-zur-jungkatze-entwicklung-kitten\/\">Vom Katzenbaby zur Jungkatze: Wichtigste Phasen und Aufzucht von K\u00e4tzchen<\/a><\/h3><\/div><div class=\"img align-center\"><img decoding=\"async\" width=\"315\" height=\"180\" src=\"https:\/\/uelzener.de\/magazin\/app\/uploads\/2023\/08\/katzenbabies-kitten-babykatzen-315x180.jpg\" class=\"attachment-315x180 size-315x180 wp-post-image\" alt=\"Wie zieht man Katzenbabys auf? Im Artikel alles \u00fcber die Entwicklung von K\u00e4tzchen.\" \/><\/div><\/div><\/div>\n\n<p>Und: Der Z\u00fcchter verlangt f\u00fcr seine Katze einen angemessenen Preis. Eine Rassekatze kostet durchaus ein paar hundert Euro. Der Kauf wird mit einem Kaufvertrag abgeschlossen.<\/p>\n\n<div class=\"banner\">\n    <a href=\"https:\/\/uelzener.de\/katze?agt=0000104925&sem=true&utm_medium=magazin&utm_source=wordpress&utm_campaign=katze&utm_content=banner\">\n        <img decoding=\"async\" width=\"300\" height=\"212\" src=\"https:\/\/uelzener.de\/magazin\/app\/uploads\/2025\/01\/Katzenversicherung.jpg\" class=\"attachment-medium size-medium\" alt=\"Banner Katzenversicherung\" \/>    <\/a>\n<\/div>\n\n<p>Nat\u00fcrlich gibt es auch bei Katzenz\u00fcchtern schwarze Schafe. Das Wichtigste ist daher ein gesundes Bauchgef\u00fchl. Hat man nach dem Durchgehen der obigen Punkte ein gutes Gef\u00fchl, dann hat man in der Regel eine gute Wahl getroffen.<\/p>\n","protected":false},"excerpt":{"rendered":"<p>Wer sich ein K\u00e4tzchen zulegen m\u00f6chte, hat verschiedene M\u00f6glichkeiten: Abgabe \u00fcber Z\u00fcchter, Privatperson oder Tierheim. Wenn es eine Rassekatze sein soll, ist ein seri\u00f6ser Z\u00fcchter die erste Anlaufstelle. Aber woran erkennt man einen guten Katzenz\u00fcchter? Papiere Ein wichtiger Hinweis auf einen seri\u00f6sen Z\u00fcchter sind die entsprechenden Papiere. Dazu geh\u00f6ren ein Impfausweis und ein Stammbaum. Letzterer [&hellip;]<\/p>\n","protected":false},"author":1,"featured_media":10743,"parent":11709,"menu_order":10,"comment_status":"closed","ping_status":"closed","template":"templates\/blog.php","meta":{"_acf_changed":false,"_crdt_document":"","footnotes":"","beyondwords_generate_audio":"0","beyondwords_project_id":"","beyondwords_content_id":"","beyondwords_preview_token":"","beyondwords_player_style":"","beyondwords_language_id":"","beyondwords_title_voice_id":"","beyondwords_body_voice_id":"","beyondwords_summary_voice_id":"","beyondwords_error_message":"","beyondwords_disabled":"","beyondwords_delete_content":"","beyondwords_podcast_id":"","beyondwords_hash":"","publish_post_to_speechkit":"","speechkit_hash":"","speechkit_generate_audio":"","speechkit_project_id":"","speechkit_podcast_id":"","speechkit_error_message":"","speechkit_disabled":"","speechkit_access_key":"","speechkit_error":"","speechkit_info":"","speechkit_response":"","speechkit_retries":"","speechkit_status":"","speechkit_updated_at":"","_speechkit_link":"","_speechkit_text":""},"class_list":["post-10153","page","type-page","status-publish","has-post-thumbnail","hentry"],"acf":[],"yoast_head":"<!-- This site is optimized with the Yoast SEO Premium plugin  - https:\/\/yoast.com\/product\/yoast-seo-premium-wordpress\/ -->\n<title>Katzenz\u00fcchter: Worauf du achten solltest | Uelzener<\/title>\n<meta name=\"description\" content=\"Wer sich ein K\u00e4tzchen zulegen m\u00f6chte, hat verschiedene M\u00f6glichkeiten: Z\u00fcchter, Privatperson oder Tierheim. Wenn es eine Rassekatze sein soll, ist ein seri\u00f6ser Z\u00fcchter die erste Anlaufstelle. Aber woran erkennt man einen guten Katzenz\u00fcchter?\" \/>\n<meta name=\"robots\" content=\"index, follow, max-snippet:-1, max-image-preview:large, max-video-preview:-1\" \/>\n<link rel=\"canonical\" href=\"https:\/\/uelzener.de\/magazin\/katze\/tipps-fuer-den-alltag\/auswahl-katzenzuechter\/\" \/>\n<meta property=\"og:locale\" content=\"de_DE\" \/>\n<meta property=\"og:type\" content=\"article\" \/>\n<meta property=\"og:title\" content=\"Katzenz\u00fcchter: Worauf du achten solltest\" \/>\n<meta property=\"og:description\" content=\"Wer sich ein K\u00e4tzchen zulegen m\u00f6chte, hat verschiedene M\u00f6glichkeiten: Z\u00fcchter, Privatperson oder Tierheim. Wenn es eine Rassekatze sein soll, ist ein seri\u00f6ser Z\u00fcchter die erste Anlaufstelle. Aber woran erkennt man einen guten Katzenz\u00fcchter?\" \/>\n<meta property=\"og:url\" content=\"https:\/\/uelzener.de\/magazin\/katze\/tipps-fuer-den-alltag\/auswahl-katzenzuechter\/\" \/>\n<meta property=\"og:site_name\" content=\"Uelzener Tier-Magazin\" \/>\n<meta property=\"article:publisher\" content=\"https:\/\/www.facebook.com\/Uelzener\" \/>\n<meta property=\"article:modified_time\" content=\"2025-09-11T10:00:10+00:00\" \/>\n<meta property=\"og:image\" content=\"https:\/\/uelzener.de\/magazin\/app\/uploads\/2015\/08\/ab51e476-4691-49f6-823a-decabdeec055.jpg\" \/>\n\t<meta property=\"og:image:width\" content=\"650\" \/>\n\t<meta property=\"og:image:height\" content=\"432\" \/>\n\t<meta property=\"og:image:type\" content=\"image\/jpeg\" \/>\n<meta name=\"twitter:card\" content=\"summary_large_image\" \/>\n<meta name=\"twitter:label1\" content=\"Gesch\u00e4tzte Lesezeit\" \/>\n\t<meta name=\"twitter:data1\" content=\"3\u00a0Minuten\" \/>\n<script type=\"application\/ld+json\" class=\"yoast-schema-graph\">{\"@context\":\"https:\/\/schema.org\",\"@graph\":[{\"@type\":\"WebPage\",\"@id\":\"https:\/\/uelzener.de\/magazin\/katze\/tipps-fuer-den-alltag\/auswahl-katzenzuechter\/\",\"url\":\"https:\/\/uelzener.de\/magazin\/katze\/tipps-fuer-den-alltag\/auswahl-katzenzuechter\/\",\"name\":\"Katzenz\u00fcchter: Worauf du achten solltest | Uelzener\",\"isPartOf\":{\"@id\":\"https:\/\/uelzener.de\/magazin\/#website\"},\"primaryImageOfPage\":{\"@id\":\"https:\/\/uelzener.de\/magazin\/katze\/tipps-fuer-den-alltag\/auswahl-katzenzuechter\/#primaryimage\"},\"image\":{\"@id\":\"https:\/\/uelzener.de\/magazin\/katze\/tipps-fuer-den-alltag\/auswahl-katzenzuechter\/#primaryimage\"},\"thumbnailUrl\":\"https:\/\/uelzener.de\/magazin\/app\/uploads\/2015\/08\/ab51e476-4691-49f6-823a-decabdeec055.jpg\",\"datePublished\":\"2015-08-19T22:00:00+00:00\",\"dateModified\":\"2025-09-11T10:00:10+00:00\",\"description\":\"Wer sich ein K\u00e4tzchen zulegen m\u00f6chte, hat verschiedene M\u00f6glichkeiten: Z\u00fcchter, Privatperson oder Tierheim. Wenn es eine Rassekatze sein soll, ist ein seri\u00f6ser Z\u00fcchter die erste Anlaufstelle. Aber woran erkennt man einen guten Katzenz\u00fcchter?\",\"breadcrumb\":{\"@id\":\"https:\/\/uelzener.de\/magazin\/katze\/tipps-fuer-den-alltag\/auswahl-katzenzuechter\/#breadcrumb\"},\"inLanguage\":\"de\",\"potentialAction\":[{\"@type\":\"ReadAction\",\"target\":[\"https:\/\/uelzener.de\/magazin\/katze\/tipps-fuer-den-alltag\/auswahl-katzenzuechter\/\"]}]},{\"@type\":\"ImageObject\",\"inLanguage\":\"de\",\"@id\":\"https:\/\/uelzener.de\/magazin\/katze\/tipps-fuer-den-alltag\/auswahl-katzenzuechter\/#primaryimage\",\"url\":\"https:\/\/uelzener.de\/magazin\/app\/uploads\/2015\/08\/ab51e476-4691-49f6-823a-decabdeec055.jpg\",\"contentUrl\":\"https:\/\/uelzener.de\/magazin\/app\/uploads\/2015\/08\/ab51e476-4691-49f6-823a-decabdeec055.jpg\",\"width\":650,\"height\":432,\"caption\":\"Drei kleine Katzen spielen mit einem orangenen Ball, wenn man eine Katze sucht sollte man auf die Auswahl des Katzenz\u00fcchters achten.\"},{\"@type\":\"WebSite\",\"@id\":\"https:\/\/uelzener.de\/magazin\/#website\",\"url\":\"https:\/\/uelzener.de\/magazin\/\",\"name\":\"Uelzener Tiermagazin\",\"description\":\"Online Tierratgeber der Uelzener Versicherungen\",\"publisher\":{\"@id\":\"https:\/\/uelzener.de\/magazin\/#organization\"},\"potentialAction\":[{\"@type\":\"SearchAction\",\"target\":{\"@type\":\"EntryPoint\",\"urlTemplate\":\"https:\/\/uelzener.de\/magazin\/?s={search_term_string}\"},\"query-input\":{\"@type\":\"PropertyValueSpecification\",\"valueRequired\":true,\"valueName\":\"search_term_string\"}}],\"inLanguage\":\"de\"},{\"@type\":\"Organization\",\"@id\":\"https:\/\/uelzener.de\/magazin\/#organization\",\"name\":\"Uelzener Versicherungen\",\"url\":\"https:\/\/uelzener.de\/magazin\/\",\"logo\":{\"@type\":\"ImageObject\",\"inLanguage\":\"de\",\"@id\":\"https:\/\/uelzener.de\/magazin\/#\/schema\/logo\/image\/\",\"url\":\"https:\/\/uelzener.de\/magazin\/app\/uploads\/2024\/11\/uelzener_allgemeine_versicherungsgesellschaft_a_g_logo.jpg\",\"contentUrl\":\"https:\/\/uelzener.de\/magazin\/app\/uploads\/2024\/11\/uelzener_allgemeine_versicherungsgesellschaft_a_g_logo.jpg\",\"width\":200,\"height\":200,\"caption\":\"Uelzener Versicherungen\"},\"image\":{\"@id\":\"https:\/\/uelzener.de\/magazin\/#\/schema\/logo\/image\/\"},\"sameAs\":[\"https:\/\/www.facebook.com\/Uelzener\",\"https:\/\/instagram.com\/uelzener\",\"https:\/\/www.xing.com\/pages\/uelzenerallgemeineversicherungs-gesellschafta-g\",\"https:\/\/www.youtube.com\/UelzenerVersicherungen\"]}]}<\/script>\n<!-- \/ Yoast SEO Premium plugin. -->","yoast_head_json":{"title":"Katzenz\u00fcchter: Worauf du achten solltest | Uelzener","description":"Wer sich ein K\u00e4tzchen zulegen m\u00f6chte, hat verschiedene M\u00f6glichkeiten: Z\u00fcchter, Privatperson oder Tierheim. Wenn es eine Rassekatze sein soll, ist ein seri\u00f6ser Z\u00fcchter die erste Anlaufstelle. Aber woran erkennt man einen guten Katzenz\u00fcchter?","robots":{"index":"index","follow":"follow","max-snippet":"max-snippet:-1","max-image-preview":"max-image-preview:large","max-video-preview":"max-video-preview:-1"},"canonical":"https:\/\/uelzener.de\/magazin\/katze\/tipps-fuer-den-alltag\/auswahl-katzenzuechter\/","og_locale":"de_DE","og_type":"article","og_title":"Katzenz\u00fcchter: Worauf du achten solltest","og_description":"Wer sich ein K\u00e4tzchen zulegen m\u00f6chte, hat verschiedene M\u00f6glichkeiten: Z\u00fcchter, Privatperson oder Tierheim. Wenn es eine Rassekatze sein soll, ist ein seri\u00f6ser Z\u00fcchter die erste Anlaufstelle. Aber woran erkennt man einen guten Katzenz\u00fcchter?","og_url":"https:\/\/uelzener.de\/magazin\/katze\/tipps-fuer-den-alltag\/auswahl-katzenzuechter\/","og_site_name":"Uelzener Tier-Magazin","article_publisher":"https:\/\/www.facebook.com\/Uelzener","article_modified_time":"2025-09-11T10:00:10+00:00","og_image":[{"width":650,"height":432,"url":"https:\/\/uelzener.de\/magazin\/app\/uploads\/2015\/08\/ab51e476-4691-49f6-823a-decabdeec055.jpg","type":"image\/jpeg"}],"twitter_card":"summary_large_image","twitter_misc":{"Gesch\u00e4tzte Lesezeit":"3\u00a0Minuten"},"schema":{"@context":"https:\/\/schema.org","@graph":[{"@type":"WebPage","@id":"https:\/\/uelzener.de\/magazin\/katze\/tipps-fuer-den-alltag\/auswahl-katzenzuechter\/","url":"https:\/\/uelzener.de\/magazin\/katze\/tipps-fuer-den-alltag\/auswahl-katzenzuechter\/","name":"Katzenz\u00fcchter: Worauf du achten solltest | Uelzener","isPartOf":{"@id":"https:\/\/uelzener.de\/magazin\/#website"},"primaryImageOfPage":{"@id":"https:\/\/uelzener.de\/magazin\/katze\/tipps-fuer-den-alltag\/auswahl-katzenzuechter\/#primaryimage"},"image":{"@id":"https:\/\/uelzener.de\/magazin\/katze\/tipps-fuer-den-alltag\/auswahl-katzenzuechter\/#primaryimage"},"thumbnailUrl":"https:\/\/uelzener.de\/magazin\/app\/uploads\/2015\/08\/ab51e476-4691-49f6-823a-decabdeec055.jpg","datePublished":"2015-08-19T22:00:00+00:00","dateModified":"2025-09-11T10:00:10+00:00","description":"Wer sich ein K\u00e4tzchen zulegen m\u00f6chte, hat verschiedene M\u00f6glichkeiten: Z\u00fcchter, Privatperson oder Tierheim. Wenn es eine Rassekatze sein soll, ist ein seri\u00f6ser Z\u00fcchter die erste Anlaufstelle. Aber woran erkennt man einen guten Katzenz\u00fcchter?","breadcrumb":{"@id":"https:\/\/uelzener.de\/magazin\/katze\/tipps-fuer-den-alltag\/auswahl-katzenzuechter\/#breadcrumb"},"inLanguage":"de","potentialAction":[{"@type":"ReadAction","target":["https:\/\/uelzener.de\/magazin\/katze\/tipps-fuer-den-alltag\/auswahl-katzenzuechter\/"]}]},{"@type":"ImageObject","inLanguage":"de","@id":"https:\/\/uelzener.de\/magazin\/katze\/tipps-fuer-den-alltag\/auswahl-katzenzuechter\/#primaryimage","url":"https:\/\/uelzener.de\/magazin\/app\/uploads\/2015\/08\/ab51e476-4691-49f6-823a-decabdeec055.jpg","contentUrl":"https:\/\/uelzener.de\/magazin\/app\/uploads\/2015\/08\/ab51e476-4691-49f6-823a-decabdeec055.jpg","width":650,"height":432,"caption":"Drei kleine Katzen spielen mit einem orangenen Ball, wenn man eine Katze sucht sollte man auf die Auswahl des Katzenz\u00fcchters achten."},{"@type":"WebSite","@id":"https:\/\/uelzener.de\/magazin\/#website","url":"https:\/\/uelzener.de\/magazin\/","name":"Uelzener Tiermagazin","description":"Online Tierratgeber der Uelzener Versicherungen","publisher":{"@id":"https:\/\/uelzener.de\/magazin\/#organization"},"potentialAction":[{"@type":"SearchAction","target":{"@type":"EntryPoint","urlTemplate":"https:\/\/uelzener.de\/magazin\/?s={search_term_string}"},"query-input":{"@type":"PropertyValueSpecification","valueRequired":true,"valueName":"search_term_string"}}],"inLanguage":"de"},{"@type":"Organization","@id":"https:\/\/uelzener.de\/magazin\/#organization","name":"Uelzener Versicherungen","url":"https:\/\/uelzener.de\/magazin\/","logo":{"@type":"ImageObject","inLanguage":"de","@id":"https:\/\/uelzener.de\/magazin\/#\/schema\/logo\/image\/","url":"https:\/\/uelzener.de\/magazin\/app\/uploads\/2024\/11\/uelzener_allgemeine_versicherungsgesellschaft_a_g_logo.jpg","contentUrl":"https:\/\/uelzener.de\/magazin\/app\/uploads\/2024\/11\/uelzener_allgemeine_versicherungsgesellschaft_a_g_logo.jpg","width":200,"height":200,"caption":"Uelzener Versicherungen"},"image":{"@id":"https:\/\/uelzener.de\/magazin\/#\/schema\/logo\/image\/"},"sameAs":["https:\/\/www.facebook.com\/Uelzener","https:\/\/instagram.com\/uelzener","https:\/\/www.xing.com\/pages\/uelzenerallgemeineversicherungs-gesellschafta-g","https:\/\/www.youtube.com\/UelzenerVersicherungen"]}]}},"_links":{"self":[{"href":"https:\/\/uelzener.de\/magazin\/wp-json\/wp\/v2\/pages\/10153","targetHints":{"allow":["GET"]}}],"collection":[{"href":"https:\/\/uelzener.de\/magazin\/wp-json\/wp\/v2\/pages"}],"about":[{"href":"https:\/\/uelzener.de\/magazin\/wp-json\/wp\/v2\/types\/page"}],"author":[{"embeddable":true,"href":"https:\/\/uelzener.de\/magazin\/wp-json\/wp\/v2\/users\/1"}],"replies":[{"embeddable":true,"href":"https:\/\/uelzener.de\/magazin\/wp-json\/wp\/v2\/comments?post=10153"}],"version-history":[{"count":11,"href":"https:\/\/uelzener.de\/magazin\/wp-json\/wp\/v2\/pages\/10153\/revisions"}],"predecessor-version":[{"id":19215,"href":"https:\/\/uelzener.de\/magazin\/wp-json\/wp\/v2\/pages\/10153\/revisions\/19215"}],"up":[{"embeddable":true,"href":"https:\/\/uelzener.de\/magazin\/wp-json\/wp\/v2\/pages\/11709"}],"wp:featuredmedia":[{"embeddable":true,"href":"https:\/\/uelzener.de\/magazin\/wp-json\/wp\/v2\/media\/10743"}],"wp:attachment":[{"href":"https:\/\/uelzener.de\/magazin\/wp-json\/wp\/v2\/media?parent=10153"}],"curies":[{"name":"wp","href":"https:\/\/api.w.org\/{rel}","templated":true}]}}