{"id":10152,"date":"2015-08-27T00:00:00","date_gmt":"2015-08-27T00:00:00","guid":{"rendered":"https:\/\/uelzener.de\/magazin\/katze\/rasseportrait\/siamkatze\/"},"modified":"2025-09-08T13:15:33","modified_gmt":"2025-09-08T11:15:33","slug":"siamkatze","status":"publish","type":"page","link":"https:\/\/uelzener.de\/magazin\/katze\/rasseportrait\/siamkatze\/","title":{"rendered":"Die Siamkatze: Eine orientalische Sch\u00f6nheit"},"content":{"rendered":"<p><strong>Was f\u00e4llt euch als erstes ein, wenn ihr an die Siamkatze denkt? Nat\u00fcrlich: Die blauen Augen. Sie verdankt sie der Tatsache, dass sie ein Teilalbino ist: Sie hat in der Regel an den Extremit\u00e4ten, am Kopf und am Schwanz eine dunkle Fellfarbe. Auch die blauen Augen gehen darauf zur\u00fcck. Ansonsten ist die Katze im modernen Typ schmal, elegant und langbeinig, mit gro\u00dfen Ohren und einem spitzen Gesicht.<\/strong><\/p>\n<h2>Woher kommt die Siamkatze?<\/h2>\n<p>Die Siam geh\u00f6rt mit zu den \u00e4ltesten <a href=\"https:\/\/uelzener.de\/magazin\/katze\/haeufige-fragen\/verschmuste-katzenrassen\/\">Katzenrassen<\/a> der Welt und stammt \u2013 wie der Name schon sagt \u2013 aus Siam (heute Thailand). Sie geht auf die dortigen Tempelkatzen zur\u00fcck, die \u00fcber Jahrhunderte als heilig verehrt wurden. Ende des 19. Jahrhunderts kamen zwei <a href=\"https:\/\/uelzener.de\/magazin\/katze\/haltung\/vom-katzenbaby-zur-jungkatze-entwicklung-kitten\/\">K\u00e4tzchen<\/a> nach England, als Geschenk f\u00fcr einen englischen Konsul. Sie wurden zum ersten europ\u00e4ischen Zuchtpaar und erregten viel Aufsehen. Schon 1901 gab es den ersten Siamkatzen-Club in England. Allerdings war es nicht so einfach, weitere Katzen zu importieren, da die Siamkatzen in ihrer Heimat den K\u00f6nigen und M\u00f6nchen vorbehalten waren. So konnte nur mit wenigen Katzen gez\u00fcchtet werden, wodurch vermutlich einige Gendefekte entstanden.<\/p>\n<h2>Wie sehen Siamkatzen aus?<\/h2>\n<p>Die urspr\u00fcngliche Siam sah etwas anders aus als heute. Traditionelle Siamkatzen werden heute als \u201eThaikatzen\u201c bezeichnet. Sie sind etwas rundlicher, nicht so hochbeinig und ihre Ohren sind h\u00f6her am Kopf angesetzt. Mittlerweile werden Thaikatzen von einigen Verb\u00e4nden bereits als eigenst\u00e4ndige Rasse anerkannt.<\/p>\n<p>Neugeborene Siamk\u00e4tzchen sind meist sehr hell, fast wei\u00dflich. Die sp\u00e4tere unverwechselbare Fellzeichnung \u2013 helles Fell, dunkle Beine und eine dunkle Gesichtsmaske \u2013 wird in der Katzenzucht als \u201ePoint\u201c (engl. Punkt) bezeichnet. Daher geh\u00f6ren Siamkatzen auch zu den sogenannten Pointkatzen.<\/p>\n\n<div class=\"related_articles boxed\">\n    <h2>Mehr zum Thema<\/h2>\n    \n    <div class=\"wrapper\"><div class=\"title align-center\"><h3><a href=\"https:\/\/uelzener.de\/magazin\/katze\/haeufige-fragen\/katzen-fellfarben\/\">Fellfarben bei Katzen: Wie sie entstehen und welche Bedeutung sie haben<\/a><\/h3><\/div><div class=\"img align-center\"><img decoding=\"async\" width=\"315\" height=\"180\" src=\"https:\/\/uelzener.de\/magazin\/app\/uploads\/2022\/09\/Fellfarben-Katzen-315x180.jpg\" class=\"attachment-315x180 size-315x180 wp-post-image\" alt=\"4 Katzen in unterschiedlichen Fellfarben liegen beieinander.\" \/><\/div><\/div><div class=\"wrapper\"><div class=\"title align-center\"><h3><a href=\"https:\/\/uelzener.de\/magazin\/katze\/rasseportrait\/was-ist-eine-pointkatze\/\">Was ist eine Pointkatze?<\/a><\/h3><\/div><div class=\"img align-center\"><img decoding=\"async\" width=\"315\" height=\"180\" src=\"https:\/\/uelzener.de\/magazin\/app\/uploads\/2016\/07\/b5a405cd-5322-41f6-9b42-17a75748959f-315x180.jpg\" class=\"attachment-315x180 size-315x180 wp-post-image\" alt=\"Pointkatze sitzt vor einem Blumenstrau\u00df es ist eine sehr sch\u00f6ne Rasse.\" srcset=\"https:\/\/uelzener.de\/magazin\/app\/uploads\/2016\/07\/b5a405cd-5322-41f6-9b42-17a75748959f-315x180.jpg 315w, https:\/\/uelzener.de\/magazin\/app\/uploads\/2016\/07\/b5a405cd-5322-41f6-9b42-17a75748959f-650x369.jpg 650w\" sizes=\"(max-width: 315px) 100vw, 315px\" \/><\/div><\/div><div class=\"wrapper\"><div class=\"title align-center\"><h3><a href=\"https:\/\/uelzener.de\/magazin\/katze\/rasseportrait\/tonkanese-katze\/\">Tonkanese: Faszinierender Mix aus Siam und Burma<\/a><\/h3><\/div><div class=\"img align-center\"><img decoding=\"async\" width=\"315\" height=\"138\" src=\"https:\/\/uelzener.de\/magazin\/app\/uploads\/2025\/09\/tonkanese-katzen.png\" class=\"attachment-315x180 size-315x180 wp-post-image\" alt=\"Vier Tonkanese-Kitten mit Muttertier auf einem Sofa.\" \/><\/div><\/div><\/div>\n\n<h2>Wie ist die Siamkatze?<\/h2>\n<p>Siamkatzen sind eigenwillig, lebhaft, gelehrig und sehr, sehr anh\u00e4nglich. Sie lieben ihre Menschen und m\u00f6chten immer in deren N\u00e4he sein. Also folgen sie ihnen auch \u00fcberall hin und suchen h\u00e4ufig K\u00f6rperkontakt. Diese Anh\u00e4nglichkeit und die Besonderheit, mit dem Menschen an der Leine zu laufen, haben der Siam auch die Bezeichnung \u201eHund unter den Katzen\u201c eingebracht. Trotz dieser Anh\u00e4nglichkeit haben Siamkatzen gerne Gesellschaft anderer Siamkatzen, auch wenn es gelegentlich zu Eifersuchtsszenen zwischen ihnen kommt, wer denn jetzt zur Kraulstunde auf den Scho\u00df darf.<\/p>\n<h2>Wie verh\u00e4lt sich eine Siamkatze?<\/h2>\n<p>Ebenso typisch f\u00fcr die Siamkatze ist ihr lautes Organ. Sie kommentiert alles und jeden und verschafft sich bei Nichtbeachtung lauthals Geh\u00f6r. Ihr Wunsch, sich st\u00e4ndig mitzuteilen, kann gelegentlich etwas anstrengend werden, zumal auch die Nachbarn gezwungenerma\u00dfen mith\u00f6ren. Ihren ausgepr\u00e4gten Spieltrieb lebt sie am besten drau\u00dfen aus, kommt aber mit kaltem, nassem Wetter nicht gut zurecht. Man kann sie aber auch in der Wohnung halten, wenn genug Spiel- und Turnm\u00f6glichkeiten vorhanden sind. Junge Siams sollten daher rechtzeitig lernen, wo gespielt werden darf und wo nicht. Ansonsten ist sie ein friedfertiger und sanfter Zeitgenosse, der auch gern gem\u00fctlich auf dem Sofa d\u00f6st. Mit Kindern kommt die Siamkatze gut aus, zeigt aber auch deutlich, wenn sie etwas nicht m\u00f6chte.<\/p>\n<p>Wer also einen eher unauff\u00e4lligen Mitbewohner sucht, ist mit der Siamkatze nicht so gut bedient. Da kann <a href=\"https:\/\/uelzener.de\/magazin\/katze\/rasseportrait\/kartaeuser-katze\/\">eine Kart\u00e4user<\/a> interessanter sein, die sich besonders wohlf\u00fchlt in ruhigen, famili\u00e4ren Umgebungen.\u00a0 Wer sich aber von seiner Katze viel Charakter, Aufmerksamkeit und Kontakt w\u00fcnscht, hat mit der orientalischen Sch\u00f6nheit genau die Richtige gefunden.<\/p>\n","protected":false},"excerpt":{"rendered":"<p>Was f\u00e4llt euch als erstes ein, wenn ihr an die Siamkatze denkt? Nat\u00fcrlich: Die blauen Augen. Sie verdankt sie der Tatsache, dass sie ein Teilalbino ist: Sie hat in der Regel an den Extremit\u00e4ten, am Kopf und am Schwanz eine dunkle Fellfarbe. Auch die blauen Augen gehen darauf zur\u00fcck. Ansonsten ist die Katze im modernen [&hellip;]<\/p>\n","protected":false},"author":1,"featured_media":10742,"parent":2482,"menu_order":12,"comment_status":"closed","ping_status":"closed","template":"templates\/blog.php","meta":{"_acf_changed":false,"_crdt_document":"","footnotes":"","beyondwords_generate_audio":"0","beyondwords_project_id":"","beyondwords_content_id":"","beyondwords_preview_token":"","beyondwords_player_style":"","beyondwords_language_id":"","beyondwords_title_voice_id":"","beyondwords_body_voice_id":"","beyondwords_summary_voice_id":"","beyondwords_error_message":"","beyondwords_disabled":"","beyondwords_delete_content":"","beyondwords_podcast_id":"","beyondwords_hash":"","publish_post_to_speechkit":"","speechkit_hash":"","speechkit_generate_audio":"","speechkit_project_id":"","speechkit_podcast_id":"","speechkit_error_message":"","speechkit_disabled":"","speechkit_access_key":"","speechkit_error":"","speechkit_info":"","speechkit_response":"","speechkit_retries":"","speechkit_status":"","speechkit_updated_at":"","_speechkit_link":"","_speechkit_text":""},"class_list":["post-10152","page","type-page","status-publish","has-post-thumbnail","hentry"],"acf":[],"yoast_head":"<!-- This site is optimized with the Yoast SEO Premium plugin  - https:\/\/yoast.com\/product\/yoast-seo-premium-wordpress\/ -->\n<title>Siamkatze im Rasseportrait: Herkunft, Aussehen &amp; Charakter | Uelzener<\/title>\n<meta name=\"description\" content=\"Erfahre alles zur Siamkatze \u2713 Herkunft \u2713 Aussehen \u2713 Charakter \u2713 Haltung \u2713 Besch\u00e4ftigung \u25b6 Hier informieren!\" \/>\n<meta name=\"robots\" content=\"index, follow, max-snippet:-1, max-image-preview:large, max-video-preview:-1\" \/>\n<link rel=\"canonical\" href=\"https:\/\/uelzener.de\/magazin\/katze\/rasseportrait\/siamkatze\/\" \/>\n<meta property=\"og:locale\" content=\"de_DE\" \/>\n<meta property=\"og:type\" content=\"article\" \/>\n<meta property=\"og:title\" content=\"Die Siamkatze: Eine orientalische Sch\u00f6nheit\" \/>\n<meta property=\"og:description\" content=\"Erfahre alles zur Siamkatze \u2713 Herkunft \u2713 Aussehen \u2713 Charakter \u2713 Haltung \u2713 Besch\u00e4ftigung \u25b6 Hier informieren!\" \/>\n<meta property=\"og:url\" content=\"https:\/\/uelzener.de\/magazin\/katze\/rasseportrait\/siamkatze\/\" \/>\n<meta property=\"og:site_name\" content=\"Uelzener Tier-Magazin\" \/>\n<meta property=\"article:publisher\" content=\"https:\/\/www.facebook.com\/Uelzener\" \/>\n<meta property=\"article:modified_time\" content=\"2025-09-08T11:15:33+00:00\" \/>\n<meta property=\"og:image\" content=\"https:\/\/uelzener.de\/magazin\/app\/uploads\/2015\/08\/44cb52e7-db7a-4186-a48c-c0d0c12f2abc.jpg\" \/>\n\t<meta property=\"og:image:width\" content=\"650\" \/>\n\t<meta property=\"og:image:height\" content=\"432\" \/>\n\t<meta property=\"og:image:type\" content=\"image\/jpeg\" \/>\n<meta name=\"twitter:card\" content=\"summary_large_image\" \/>\n<meta name=\"twitter:label1\" content=\"Gesch\u00e4tzte Lesezeit\" \/>\n\t<meta name=\"twitter:data1\" content=\"4\u00a0Minuten\" \/>\n<script type=\"application\/ld+json\" class=\"yoast-schema-graph\">{\"@context\":\"https:\/\/schema.org\",\"@graph\":[{\"@type\":\"WebPage\",\"@id\":\"https:\/\/uelzener.de\/magazin\/katze\/rasseportrait\/siamkatze\/\",\"url\":\"https:\/\/uelzener.de\/magazin\/katze\/rasseportrait\/siamkatze\/\",\"name\":\"Siamkatze im Rasseportrait: Herkunft, Aussehen & Charakter | Uelzener\",\"isPartOf\":{\"@id\":\"https:\/\/uelzener.de\/magazin\/#website\"},\"primaryImageOfPage\":{\"@id\":\"https:\/\/uelzener.de\/magazin\/katze\/rasseportrait\/siamkatze\/#primaryimage\"},\"image\":{\"@id\":\"https:\/\/uelzener.de\/magazin\/katze\/rasseportrait\/siamkatze\/#primaryimage\"},\"thumbnailUrl\":\"https:\/\/uelzener.de\/magazin\/app\/uploads\/2015\/08\/44cb52e7-db7a-4186-a48c-c0d0c12f2abc.jpg\",\"datePublished\":\"2015-08-27T00:00:00+00:00\",\"dateModified\":\"2025-09-08T11:15:33+00:00\",\"description\":\"Erfahre alles zur Siamkatze \u2713 Herkunft \u2713 Aussehen \u2713 Charakter \u2713 Haltung \u2713 Besch\u00e4ftigung \u25b6 Hier informieren!\",\"breadcrumb\":{\"@id\":\"https:\/\/uelzener.de\/magazin\/katze\/rasseportrait\/siamkatze\/#breadcrumb\"},\"inLanguage\":\"de\",\"potentialAction\":[{\"@type\":\"ReadAction\",\"target\":[\"https:\/\/uelzener.de\/magazin\/katze\/rasseportrait\/siamkatze\/\"]}]},{\"@type\":\"ImageObject\",\"inLanguage\":\"de\",\"@id\":\"https:\/\/uelzener.de\/magazin\/katze\/rasseportrait\/siamkatze\/#primaryimage\",\"url\":\"https:\/\/uelzener.de\/magazin\/app\/uploads\/2015\/08\/44cb52e7-db7a-4186-a48c-c0d0c12f2abc.jpg\",\"contentUrl\":\"https:\/\/uelzener.de\/magazin\/app\/uploads\/2015\/08\/44cb52e7-db7a-4186-a48c-c0d0c12f2abc.jpg\",\"width\":650,\"height\":432,\"caption\":\"Eine kleine Siamkatze steht auf einem wei\u00dfen Kissen.\"},{\"@type\":\"WebSite\",\"@id\":\"https:\/\/uelzener.de\/magazin\/#website\",\"url\":\"https:\/\/uelzener.de\/magazin\/\",\"name\":\"Uelzener Tiermagazin\",\"description\":\"Online Tierratgeber der Uelzener Versicherungen\",\"publisher\":{\"@id\":\"https:\/\/uelzener.de\/magazin\/#organization\"},\"potentialAction\":[{\"@type\":\"SearchAction\",\"target\":{\"@type\":\"EntryPoint\",\"urlTemplate\":\"https:\/\/uelzener.de\/magazin\/?s={search_term_string}\"},\"query-input\":{\"@type\":\"PropertyValueSpecification\",\"valueRequired\":true,\"valueName\":\"search_term_string\"}}],\"inLanguage\":\"de\"},{\"@type\":\"Organization\",\"@id\":\"https:\/\/uelzener.de\/magazin\/#organization\",\"name\":\"Uelzener Versicherungen\",\"url\":\"https:\/\/uelzener.de\/magazin\/\",\"logo\":{\"@type\":\"ImageObject\",\"inLanguage\":\"de\",\"@id\":\"https:\/\/uelzener.de\/magazin\/#\/schema\/logo\/image\/\",\"url\":\"https:\/\/uelzener.de\/magazin\/app\/uploads\/2024\/11\/uelzener_allgemeine_versicherungsgesellschaft_a_g_logo.jpg\",\"contentUrl\":\"https:\/\/uelzener.de\/magazin\/app\/uploads\/2024\/11\/uelzener_allgemeine_versicherungsgesellschaft_a_g_logo.jpg\",\"width\":200,\"height\":200,\"caption\":\"Uelzener Versicherungen\"},\"image\":{\"@id\":\"https:\/\/uelzener.de\/magazin\/#\/schema\/logo\/image\/\"},\"sameAs\":[\"https:\/\/www.facebook.com\/Uelzener\",\"https:\/\/instagram.com\/uelzener\",\"https:\/\/www.xing.com\/pages\/uelzenerallgemeineversicherungs-gesellschafta-g\",\"https:\/\/www.youtube.com\/UelzenerVersicherungen\"]}]}<\/script>\n<!-- \/ Yoast SEO Premium plugin. -->","yoast_head_json":{"title":"Siamkatze im Rasseportrait: Herkunft, Aussehen & Charakter | Uelzener","description":"Erfahre alles zur Siamkatze \u2713 Herkunft \u2713 Aussehen \u2713 Charakter \u2713 Haltung \u2713 Besch\u00e4ftigung \u25b6 Hier informieren!","robots":{"index":"index","follow":"follow","max-snippet":"max-snippet:-1","max-image-preview":"max-image-preview:large","max-video-preview":"max-video-preview:-1"},"canonical":"https:\/\/uelzener.de\/magazin\/katze\/rasseportrait\/siamkatze\/","og_locale":"de_DE","og_type":"article","og_title":"Die Siamkatze: Eine orientalische Sch\u00f6nheit","og_description":"Erfahre alles zur Siamkatze \u2713 Herkunft \u2713 Aussehen \u2713 Charakter \u2713 Haltung \u2713 Besch\u00e4ftigung \u25b6 Hier informieren!","og_url":"https:\/\/uelzener.de\/magazin\/katze\/rasseportrait\/siamkatze\/","og_site_name":"Uelzener Tier-Magazin","article_publisher":"https:\/\/www.facebook.com\/Uelzener","article_modified_time":"2025-09-08T11:15:33+00:00","og_image":[{"width":650,"height":432,"url":"https:\/\/uelzener.de\/magazin\/app\/uploads\/2015\/08\/44cb52e7-db7a-4186-a48c-c0d0c12f2abc.jpg","type":"image\/jpeg"}],"twitter_card":"summary_large_image","twitter_misc":{"Gesch\u00e4tzte Lesezeit":"4\u00a0Minuten"},"schema":{"@context":"https:\/\/schema.org","@graph":[{"@type":"WebPage","@id":"https:\/\/uelzener.de\/magazin\/katze\/rasseportrait\/siamkatze\/","url":"https:\/\/uelzener.de\/magazin\/katze\/rasseportrait\/siamkatze\/","name":"Siamkatze im Rasseportrait: Herkunft, Aussehen & Charakter | Uelzener","isPartOf":{"@id":"https:\/\/uelzener.de\/magazin\/#website"},"primaryImageOfPage":{"@id":"https:\/\/uelzener.de\/magazin\/katze\/rasseportrait\/siamkatze\/#primaryimage"},"image":{"@id":"https:\/\/uelzener.de\/magazin\/katze\/rasseportrait\/siamkatze\/#primaryimage"},"thumbnailUrl":"https:\/\/uelzener.de\/magazin\/app\/uploads\/2015\/08\/44cb52e7-db7a-4186-a48c-c0d0c12f2abc.jpg","datePublished":"2015-08-27T00:00:00+00:00","dateModified":"2025-09-08T11:15:33+00:00","description":"Erfahre alles zur Siamkatze \u2713 Herkunft \u2713 Aussehen \u2713 Charakter \u2713 Haltung \u2713 Besch\u00e4ftigung \u25b6 Hier informieren!","breadcrumb":{"@id":"https:\/\/uelzener.de\/magazin\/katze\/rasseportrait\/siamkatze\/#breadcrumb"},"inLanguage":"de","potentialAction":[{"@type":"ReadAction","target":["https:\/\/uelzener.de\/magazin\/katze\/rasseportrait\/siamkatze\/"]}]},{"@type":"ImageObject","inLanguage":"de","@id":"https:\/\/uelzener.de\/magazin\/katze\/rasseportrait\/siamkatze\/#primaryimage","url":"https:\/\/uelzener.de\/magazin\/app\/uploads\/2015\/08\/44cb52e7-db7a-4186-a48c-c0d0c12f2abc.jpg","contentUrl":"https:\/\/uelzener.de\/magazin\/app\/uploads\/2015\/08\/44cb52e7-db7a-4186-a48c-c0d0c12f2abc.jpg","width":650,"height":432,"caption":"Eine kleine Siamkatze steht auf einem wei\u00dfen Kissen."},{"@type":"WebSite","@id":"https:\/\/uelzener.de\/magazin\/#website","url":"https:\/\/uelzener.de\/magazin\/","name":"Uelzener Tiermagazin","description":"Online Tierratgeber der Uelzener Versicherungen","publisher":{"@id":"https:\/\/uelzener.de\/magazin\/#organization"},"potentialAction":[{"@type":"SearchAction","target":{"@type":"EntryPoint","urlTemplate":"https:\/\/uelzener.de\/magazin\/?s={search_term_string}"},"query-input":{"@type":"PropertyValueSpecification","valueRequired":true,"valueName":"search_term_string"}}],"inLanguage":"de"},{"@type":"Organization","@id":"https:\/\/uelzener.de\/magazin\/#organization","name":"Uelzener Versicherungen","url":"https:\/\/uelzener.de\/magazin\/","logo":{"@type":"ImageObject","inLanguage":"de","@id":"https:\/\/uelzener.de\/magazin\/#\/schema\/logo\/image\/","url":"https:\/\/uelzener.de\/magazin\/app\/uploads\/2024\/11\/uelzener_allgemeine_versicherungsgesellschaft_a_g_logo.jpg","contentUrl":"https:\/\/uelzener.de\/magazin\/app\/uploads\/2024\/11\/uelzener_allgemeine_versicherungsgesellschaft_a_g_logo.jpg","width":200,"height":200,"caption":"Uelzener Versicherungen"},"image":{"@id":"https:\/\/uelzener.de\/magazin\/#\/schema\/logo\/image\/"},"sameAs":["https:\/\/www.facebook.com\/Uelzener","https:\/\/instagram.com\/uelzener","https:\/\/www.xing.com\/pages\/uelzenerallgemeineversicherungs-gesellschafta-g","https:\/\/www.youtube.com\/UelzenerVersicherungen"]}]}},"_links":{"self":[{"href":"https:\/\/uelzener.de\/magazin\/wp-json\/wp\/v2\/pages\/10152","targetHints":{"allow":["GET"]}}],"collection":[{"href":"https:\/\/uelzener.de\/magazin\/wp-json\/wp\/v2\/pages"}],"about":[{"href":"https:\/\/uelzener.de\/magazin\/wp-json\/wp\/v2\/types\/page"}],"author":[{"embeddable":true,"href":"https:\/\/uelzener.de\/magazin\/wp-json\/wp\/v2\/users\/1"}],"replies":[{"embeddable":true,"href":"https:\/\/uelzener.de\/magazin\/wp-json\/wp\/v2\/comments?post=10152"}],"version-history":[{"count":13,"href":"https:\/\/uelzener.de\/magazin\/wp-json\/wp\/v2\/pages\/10152\/revisions"}],"predecessor-version":[{"id":19173,"href":"https:\/\/uelzener.de\/magazin\/wp-json\/wp\/v2\/pages\/10152\/revisions\/19173"}],"up":[{"embeddable":true,"href":"https:\/\/uelzener.de\/magazin\/wp-json\/wp\/v2\/pages\/2482"}],"wp:featuredmedia":[{"embeddable":true,"href":"https:\/\/uelzener.de\/magazin\/wp-json\/wp\/v2\/media\/10742"}],"wp:attachment":[{"href":"https:\/\/uelzener.de\/magazin\/wp-json\/wp\/v2\/media?parent=10152"}],"curies":[{"name":"wp","href":"https:\/\/api.w.org\/{rel}","templated":true}]}}