{"id":10149,"date":"2015-10-29T00:00:00","date_gmt":"2015-10-29T00:00:00","guid":{"rendered":""},"modified":"2023-02-21T09:10:38","modified_gmt":"2023-02-21T08:10:38","slug":"schlafplatz-katze","status":"publish","type":"page","link":"https:\/\/uelzener.de\/magazin\/katze\/haltung\/schlafplatz-katze\/","title":{"rendered":"Die ungew\u00f6hnlichen Schlafpl\u00e4tze von Katzen"},"content":{"rendered":"<p><strong>Welcher Katzenbesitzer kennt das nicht: Man kauft die sch\u00f6nsten K\u00f6rbchen, gem\u00fctlichsten Kissen und tollsten Kratzb\u00e4ume. Und wo findet man die Katzen? \u00dcberall nur nicht dort.<\/strong><\/p>\n<p>Doch warum lieben Katzen solche seltsamen Pl\u00e4tze? Das Wichtigste f\u00fcr die Samtpfoten ist das Gef\u00fchl von Sicherheit. Sie wollen sich geborgen f\u00fchlen und legen gro\u00dfen Wert auf ein angenehmes Raumklima. Ist ein \u00d6rtchen windgesch\u00fctzt und hat eine angenehme Temperatur, so hat dieses gute Chancen darauf, der neue Lieblingsplatz zu werden.<\/p>\n<p>Die Pl\u00e4tze, die der Mensch sich liebevoll f\u00fcr seine Katze \u00fcberlegt und herrichtet, sind leider meist am wenigsten geeignet. Entweder zu hell, zu kalt, zu warm, &#8230; oder einfach mitten im Raum. Beobachten ist super, aber beobachtet werden? Nein danke.<\/p>\n<p>Im Sommer werden nat\u00fcrlich die k\u00fchlen Schlafpl\u00e4tze bevorzugt. Kalte Flie\u00dfen oder sogar das Waschbecken. Von hier aus kann man seine Besitzer schlie\u00dflich auch hervorragend beobachten, wenn sie vor dem Spiegel stehen. Im Winter sollte es dagegen nat\u00fcrlich warm und kuschelig sein. Ob im W\u00e4schekorb oder auf dem Laptop. Hier scheint es doch sehr angenehm.<\/p>\n<p><strong>Vorsicht!<\/strong><\/p>\n<p>Viele Katzen erobern gerne Waschmaschine oder Trockner, was nat\u00fcrlich nicht ganz ungef\u00e4hrlich ist. Wenn Du die M\u00f6glichkeit hast, verwehre Deiner Katze diese Orte. Ansonsten gilt: Vor dem Bef\u00fcllen erst kontrollieren. Auch schon l\u00e4nger ge\u00f6ffnete Schr\u00e4nke oder Schubladen sollten vor dem Schlie\u00dfen einmal kurz \u00fcberpr\u00fcft werden, nicht dass die Samtpfote aus Versehen dort eingesperrt oder verletzt wird.<\/p>\n<p>Generell gilt &#8211; so mag es f\u00fcr uns wirken &#8211; je unbequemer und au\u00dfergew\u00f6hnlicher, desto besser. Und das allerbeste bleibt wahrscheinlich der gute alte <a href=\"https:\/\/uelzener.de\/magazin\/katze\/haeufige-fragen\/katze-karton\/\"><strong>Pappkarton f\u00fcr die Katze<\/strong><\/a>.<\/p>\n","protected":false},"excerpt":{"rendered":"<p>Welcher Katzenbesitzer kennt das nicht: Man kauft die sch\u00f6nsten K\u00f6rbchen, gem\u00fctlichsten Kissen und tollsten Kratzb\u00e4ume. Und wo findet man die Katzen? \u00dcberall nur nicht dort. Doch warum lieben Katzen solche seltsamen Pl\u00e4tze? Das Wichtigste f\u00fcr die Samtpfoten ist das Gef\u00fchl von Sicherheit. Sie wollen sich geborgen f\u00fchlen und legen gro\u00dfen Wert auf ein angenehmes Raumklima. [&hellip;]<\/p>\n","protected":false},"author":1,"featured_media":10739,"parent":11683,"menu_order":15,"comment_status":"open","ping_status":"open","template":"templates\/blog.php","meta":{"_acf_changed":false,"_crdt_document":"","footnotes":"","beyondwords_generate_audio":"","beyondwords_project_id":"","beyondwords_content_id":"","beyondwords_preview_token":"","beyondwords_player_style":"","beyondwords_language_id":"","beyondwords_title_voice_id":"","beyondwords_body_voice_id":"","beyondwords_summary_voice_id":"","beyondwords_error_message":"","beyondwords_disabled":"","beyondwords_delete_content":"","beyondwords_podcast_id":"","beyondwords_hash":"","publish_post_to_speechkit":"","speechkit_hash":"","speechkit_generate_audio":"","speechkit_project_id":"","speechkit_podcast_id":"","speechkit_error_message":"","speechkit_disabled":"","speechkit_access_key":"","speechkit_error":"","speechkit_info":"","speechkit_response":"","speechkit_retries":"","speechkit_status":"","speechkit_updated_at":"","_speechkit_link":"","_speechkit_text":""},"class_list":["post-10149","page","type-page","status-publish","has-post-thumbnail","hentry"],"acf":[],"yoast_head":"<!-- This site is optimized with the Yoast SEO Premium plugin  - https:\/\/yoast.com\/product\/yoast-seo-premium-wordpress\/ -->\n<title>Schlafplatz f\u00fcr Deine Katze: Wo schlafen Katzen am liebsten? | Uelzener<\/title>\n<meta name=\"description\" content=\"Erfahre alles zu \u2713 ungew\u00f6hnlichen Schlafpl\u00e4tzen von Katzen und \u2713 warum sie diese aussuchen. \u25b6 Hier informieren!\" \/>\n<meta name=\"robots\" content=\"index, follow, max-snippet:-1, max-image-preview:large, max-video-preview:-1\" \/>\n<link rel=\"canonical\" href=\"https:\/\/uelzener.de\/magazin\/katze\/haltung\/schlafplatz-katze\/\" \/>\n<meta property=\"og:locale\" content=\"de_DE\" \/>\n<meta property=\"og:type\" content=\"article\" \/>\n<meta property=\"og:title\" content=\"Die ungew\u00f6hnlichen Schlafpl\u00e4tze von Katzen\" \/>\n<meta property=\"og:description\" content=\"Erfahre alles zu \u2713 ungew\u00f6hnlichen Schlafpl\u00e4tzen von Katzen und \u2713 warum sie diese aussuchen. \u25b6 Hier informieren!\" \/>\n<meta property=\"og:url\" content=\"https:\/\/uelzener.de\/magazin\/katze\/haltung\/schlafplatz-katze\/\" \/>\n<meta property=\"og:site_name\" content=\"Uelzener Tier-Magazin\" \/>\n<meta property=\"article:publisher\" content=\"https:\/\/www.facebook.com\/Uelzener\" \/>\n<meta property=\"article:modified_time\" content=\"2023-02-21T08:10:38+00:00\" \/>\n<meta property=\"og:image\" content=\"https:\/\/uelzener.de\/magazin\/app\/uploads\/2015\/10\/87d84b51-1f40-44a6-a8a5-6f44bf629299.jpg\" \/>\n\t<meta property=\"og:image:width\" content=\"650\" \/>\n\t<meta property=\"og:image:height\" content=\"432\" \/>\n\t<meta property=\"og:image:type\" content=\"image\/jpeg\" \/>\n<meta name=\"twitter:card\" content=\"summary_large_image\" \/>\n<meta name=\"twitter:label1\" content=\"Gesch\u00e4tzte Lesezeit\" \/>\n\t<meta name=\"twitter:data1\" content=\"2\u00a0Minuten\" \/>\n<script type=\"application\/ld+json\" class=\"yoast-schema-graph\">{\"@context\":\"https:\/\/schema.org\",\"@graph\":[{\"@type\":\"WebPage\",\"@id\":\"https:\/\/uelzener.de\/magazin\/katze\/haltung\/schlafplatz-katze\/\",\"url\":\"https:\/\/uelzener.de\/magazin\/katze\/haltung\/schlafplatz-katze\/\",\"name\":\"Schlafplatz f\u00fcr Deine Katze: Wo schlafen Katzen am liebsten? | Uelzener\",\"isPartOf\":{\"@id\":\"https:\/\/uelzener.de\/magazin\/#website\"},\"primaryImageOfPage\":{\"@id\":\"https:\/\/uelzener.de\/magazin\/katze\/haltung\/schlafplatz-katze\/#primaryimage\"},\"image\":{\"@id\":\"https:\/\/uelzener.de\/magazin\/katze\/haltung\/schlafplatz-katze\/#primaryimage\"},\"thumbnailUrl\":\"https:\/\/uelzener.de\/magazin\/app\/uploads\/2015\/10\/87d84b51-1f40-44a6-a8a5-6f44bf629299.jpg\",\"datePublished\":\"2015-10-29T00:00:00+00:00\",\"dateModified\":\"2023-02-21T08:10:38+00:00\",\"description\":\"Erfahre alles zu \u2713 ungew\u00f6hnlichen Schlafpl\u00e4tzen von Katzen und \u2713 warum sie diese aussuchen. \u25b6 Hier informieren!\",\"breadcrumb\":{\"@id\":\"https:\/\/uelzener.de\/magazin\/katze\/haltung\/schlafplatz-katze\/#breadcrumb\"},\"inLanguage\":\"de\",\"potentialAction\":[{\"@type\":\"ReadAction\",\"target\":[\"https:\/\/uelzener.de\/magazin\/katze\/haltung\/schlafplatz-katze\/\"]}]},{\"@type\":\"ImageObject\",\"inLanguage\":\"de\",\"@id\":\"https:\/\/uelzener.de\/magazin\/katze\/haltung\/schlafplatz-katze\/#primaryimage\",\"url\":\"https:\/\/uelzener.de\/magazin\/app\/uploads\/2015\/10\/87d84b51-1f40-44a6-a8a5-6f44bf629299.jpg\",\"contentUrl\":\"https:\/\/uelzener.de\/magazin\/app\/uploads\/2015\/10\/87d84b51-1f40-44a6-a8a5-6f44bf629299.jpg\",\"width\":650,\"height\":432,\"caption\":\"Es gibt viele Schlafpl\u00e4tze f\u00fcr Katzen, eine Decke oder ein K\u00f6rbchen sind super geeignet.\"},{\"@type\":\"WebSite\",\"@id\":\"https:\/\/uelzener.de\/magazin\/#website\",\"url\":\"https:\/\/uelzener.de\/magazin\/\",\"name\":\"Uelzener Tiermagazin\",\"description\":\"Online Tierratgeber der Uelzener Versicherungen\",\"publisher\":{\"@id\":\"https:\/\/uelzener.de\/magazin\/#organization\"},\"potentialAction\":[{\"@type\":\"SearchAction\",\"target\":{\"@type\":\"EntryPoint\",\"urlTemplate\":\"https:\/\/uelzener.de\/magazin\/?s={search_term_string}\"},\"query-input\":{\"@type\":\"PropertyValueSpecification\",\"valueRequired\":true,\"valueName\":\"search_term_string\"}}],\"inLanguage\":\"de\"},{\"@type\":\"Organization\",\"@id\":\"https:\/\/uelzener.de\/magazin\/#organization\",\"name\":\"Uelzener Versicherungen\",\"url\":\"https:\/\/uelzener.de\/magazin\/\",\"logo\":{\"@type\":\"ImageObject\",\"inLanguage\":\"de\",\"@id\":\"https:\/\/uelzener.de\/magazin\/#\/schema\/logo\/image\/\",\"url\":\"https:\/\/uelzener.de\/magazin\/app\/uploads\/2024\/11\/uelzener_allgemeine_versicherungsgesellschaft_a_g_logo.jpg\",\"contentUrl\":\"https:\/\/uelzener.de\/magazin\/app\/uploads\/2024\/11\/uelzener_allgemeine_versicherungsgesellschaft_a_g_logo.jpg\",\"width\":200,\"height\":200,\"caption\":\"Uelzener Versicherungen\"},\"image\":{\"@id\":\"https:\/\/uelzener.de\/magazin\/#\/schema\/logo\/image\/\"},\"sameAs\":[\"https:\/\/www.facebook.com\/Uelzener\",\"https:\/\/instagram.com\/uelzener\",\"https:\/\/www.xing.com\/pages\/uelzenerallgemeineversicherungs-gesellschafta-g\",\"https:\/\/www.youtube.com\/UelzenerVersicherungen\"]}]}<\/script>\n<!-- \/ Yoast SEO Premium plugin. -->","yoast_head_json":{"title":"Schlafplatz f\u00fcr Deine Katze: Wo schlafen Katzen am liebsten? | Uelzener","description":"Erfahre alles zu \u2713 ungew\u00f6hnlichen Schlafpl\u00e4tzen von Katzen und \u2713 warum sie diese aussuchen. \u25b6 Hier informieren!","robots":{"index":"index","follow":"follow","max-snippet":"max-snippet:-1","max-image-preview":"max-image-preview:large","max-video-preview":"max-video-preview:-1"},"canonical":"https:\/\/uelzener.de\/magazin\/katze\/haltung\/schlafplatz-katze\/","og_locale":"de_DE","og_type":"article","og_title":"Die ungew\u00f6hnlichen Schlafpl\u00e4tze von Katzen","og_description":"Erfahre alles zu \u2713 ungew\u00f6hnlichen Schlafpl\u00e4tzen von Katzen und \u2713 warum sie diese aussuchen. \u25b6 Hier informieren!","og_url":"https:\/\/uelzener.de\/magazin\/katze\/haltung\/schlafplatz-katze\/","og_site_name":"Uelzener Tier-Magazin","article_publisher":"https:\/\/www.facebook.com\/Uelzener","article_modified_time":"2023-02-21T08:10:38+00:00","og_image":[{"width":650,"height":432,"url":"https:\/\/uelzener.de\/magazin\/app\/uploads\/2015\/10\/87d84b51-1f40-44a6-a8a5-6f44bf629299.jpg","type":"image\/jpeg"}],"twitter_card":"summary_large_image","twitter_misc":{"Gesch\u00e4tzte Lesezeit":"2\u00a0Minuten"},"schema":{"@context":"https:\/\/schema.org","@graph":[{"@type":"WebPage","@id":"https:\/\/uelzener.de\/magazin\/katze\/haltung\/schlafplatz-katze\/","url":"https:\/\/uelzener.de\/magazin\/katze\/haltung\/schlafplatz-katze\/","name":"Schlafplatz f\u00fcr Deine Katze: Wo schlafen Katzen am liebsten? | Uelzener","isPartOf":{"@id":"https:\/\/uelzener.de\/magazin\/#website"},"primaryImageOfPage":{"@id":"https:\/\/uelzener.de\/magazin\/katze\/haltung\/schlafplatz-katze\/#primaryimage"},"image":{"@id":"https:\/\/uelzener.de\/magazin\/katze\/haltung\/schlafplatz-katze\/#primaryimage"},"thumbnailUrl":"https:\/\/uelzener.de\/magazin\/app\/uploads\/2015\/10\/87d84b51-1f40-44a6-a8a5-6f44bf629299.jpg","datePublished":"2015-10-29T00:00:00+00:00","dateModified":"2023-02-21T08:10:38+00:00","description":"Erfahre alles zu \u2713 ungew\u00f6hnlichen Schlafpl\u00e4tzen von Katzen und \u2713 warum sie diese aussuchen. \u25b6 Hier informieren!","breadcrumb":{"@id":"https:\/\/uelzener.de\/magazin\/katze\/haltung\/schlafplatz-katze\/#breadcrumb"},"inLanguage":"de","potentialAction":[{"@type":"ReadAction","target":["https:\/\/uelzener.de\/magazin\/katze\/haltung\/schlafplatz-katze\/"]}]},{"@type":"ImageObject","inLanguage":"de","@id":"https:\/\/uelzener.de\/magazin\/katze\/haltung\/schlafplatz-katze\/#primaryimage","url":"https:\/\/uelzener.de\/magazin\/app\/uploads\/2015\/10\/87d84b51-1f40-44a6-a8a5-6f44bf629299.jpg","contentUrl":"https:\/\/uelzener.de\/magazin\/app\/uploads\/2015\/10\/87d84b51-1f40-44a6-a8a5-6f44bf629299.jpg","width":650,"height":432,"caption":"Es gibt viele Schlafpl\u00e4tze f\u00fcr Katzen, eine Decke oder ein K\u00f6rbchen sind super geeignet."},{"@type":"WebSite","@id":"https:\/\/uelzener.de\/magazin\/#website","url":"https:\/\/uelzener.de\/magazin\/","name":"Uelzener Tiermagazin","description":"Online Tierratgeber der Uelzener Versicherungen","publisher":{"@id":"https:\/\/uelzener.de\/magazin\/#organization"},"potentialAction":[{"@type":"SearchAction","target":{"@type":"EntryPoint","urlTemplate":"https:\/\/uelzener.de\/magazin\/?s={search_term_string}"},"query-input":{"@type":"PropertyValueSpecification","valueRequired":true,"valueName":"search_term_string"}}],"inLanguage":"de"},{"@type":"Organization","@id":"https:\/\/uelzener.de\/magazin\/#organization","name":"Uelzener Versicherungen","url":"https:\/\/uelzener.de\/magazin\/","logo":{"@type":"ImageObject","inLanguage":"de","@id":"https:\/\/uelzener.de\/magazin\/#\/schema\/logo\/image\/","url":"https:\/\/uelzener.de\/magazin\/app\/uploads\/2024\/11\/uelzener_allgemeine_versicherungsgesellschaft_a_g_logo.jpg","contentUrl":"https:\/\/uelzener.de\/magazin\/app\/uploads\/2024\/11\/uelzener_allgemeine_versicherungsgesellschaft_a_g_logo.jpg","width":200,"height":200,"caption":"Uelzener Versicherungen"},"image":{"@id":"https:\/\/uelzener.de\/magazin\/#\/schema\/logo\/image\/"},"sameAs":["https:\/\/www.facebook.com\/Uelzener","https:\/\/instagram.com\/uelzener","https:\/\/www.xing.com\/pages\/uelzenerallgemeineversicherungs-gesellschafta-g","https:\/\/www.youtube.com\/UelzenerVersicherungen"]}]}},"_links":{"self":[{"href":"https:\/\/uelzener.de\/magazin\/wp-json\/wp\/v2\/pages\/10149","targetHints":{"allow":["GET"]}}],"collection":[{"href":"https:\/\/uelzener.de\/magazin\/wp-json\/wp\/v2\/pages"}],"about":[{"href":"https:\/\/uelzener.de\/magazin\/wp-json\/wp\/v2\/types\/page"}],"author":[{"embeddable":true,"href":"https:\/\/uelzener.de\/magazin\/wp-json\/wp\/v2\/users\/1"}],"replies":[{"embeddable":true,"href":"https:\/\/uelzener.de\/magazin\/wp-json\/wp\/v2\/comments?post=10149"}],"version-history":[{"count":5,"href":"https:\/\/uelzener.de\/magazin\/wp-json\/wp\/v2\/pages\/10149\/revisions"}],"predecessor-version":[{"id":13363,"href":"https:\/\/uelzener.de\/magazin\/wp-json\/wp\/v2\/pages\/10149\/revisions\/13363"}],"up":[{"embeddable":true,"href":"https:\/\/uelzener.de\/magazin\/wp-json\/wp\/v2\/pages\/11683"}],"wp:featuredmedia":[{"embeddable":true,"href":"https:\/\/uelzener.de\/magazin\/wp-json\/wp\/v2\/media\/10739"}],"wp:attachment":[{"href":"https:\/\/uelzener.de\/magazin\/wp-json\/wp\/v2\/media?parent=10149"}],"curies":[{"name":"wp","href":"https:\/\/api.w.org\/{rel}","templated":true}]}}