{"id":10148,"date":"2023-07-11T16:00:00","date_gmt":"2023-07-11T14:00:00","guid":{"rendered":""},"modified":"2025-08-28T12:19:40","modified_gmt":"2025-08-28T10:19:40","slug":"umzug-mit-katze","status":"publish","type":"page","link":"https:\/\/uelzener.de\/magazin\/katze\/tipps-fuer-den-alltag\/umzug-mit-katze\/","title":{"rendered":"Umzug mit Katze stressfrei gestalten"},"content":{"rendered":"<p>F\u00fcr Katzen ist ein Umzug ein aufregendes Lebensereignis. Ist f\u00fcr sie das eigene Revier doch von besonders gro\u00dfer Bedeutung. Werden Katzen gezwungen, ihr Terretorium zu verlassen, kann sie das sehr verunsichern und unter starken Stress setzen. Auch haben viele Katzen Schwierigkeiten, sich in ihrer neuen Umgebung einzugew\u00f6hnen. Eine \u00fcberlegte Vorbereitung und Durchf\u00fchrung helfen, einen Umzug m\u00f6glichst stressarm zu bew\u00e4ltigen. Dazu sollte man den Umzug so gestalten, dass er f\u00fcr eine Katze im Idealfall ohne unn\u00f6tige Aufregungen vonstattengehen kann. Schon vergleichsweise wenige Ma\u00dfnahmen k\u00f6nnen zu einer m\u00f6glichst stressfreien Umzugszeit f\u00fcr Stubentiger beitragen. Dazu achtet man am besten darauf, dass sie m\u00f6glichst lange in ihrer vertrauten Umgebung bleiben kann und sich langsam mit viel Geduld an die neue Umgebung gew\u00f6hnt.<\/p>\n<h2>Wohin mit der Katze bei Umzugsvorbereitungen?<\/h2>\n<p>Einige Katzen sind es gewohnt ab und an, Ferien bei Freund:innen oder Familie zu machen. F\u00fcr diese ist eine Ausquartierung w\u00e4hrend der Umzugszeit eine gute M\u00f6glichkeit, ihnen Stress zu ersparen. Besonders f\u00fcr \u00e4ltere oder \u00e4ngstliche Katzen kann dies ein wichtiger Zwischenschritt auf dem Weg ins neue Zuhause sein. Ist f\u00fcr gerade diese Gruppen ein Umzug doch besonders stressig, weil sie auf eine vertraute Umgebung angewiesen sind.<\/p>\n<p>H\u00e4ltst du es f\u00fcr besser, dass deine Katze bei dir ist oder hast vielleicht auch keine andere M\u00f6glichkeit, bereite deine Katze so gut es geht auf den Umzug vor. Versuch einen Raum oder vielleicht auch das Bad in der alten Wohnung, vor und w\u00e4hrend des Umzugs f\u00fcr deinen Stubentiger zu reservieren. So hat sie einen ruhigen Ort, an den sie sich zur\u00fcckziehen kann, wenn um sie herum das Umzugschaos tobt. Sorg daf\u00fcr, dass an diesem Ort m\u00f6glichst viele vertraute Gegenst\u00e4nde, wie Kratzbaum, Spielzeug und Katzentoilette zur Verf\u00fcgung stehen, sodass sie sich m\u00f6glichst sicher und wohlf\u00fchlen kann.<\/p>\n<p>Au\u00dferdem kannst du den Umzug und das damit einhergehende Chaos bereits im Vorfeld ein wenig trainieren. Verteile dazu einige Umzugskartons in der Wohnung, verr\u00fccke M\u00f6bel und verbreite moderate Unordnung. Achte dabei darauf, dass deine Katze nicht unter Stress ger\u00e4t. Diese Probe-Umzugsaktivit\u00e4ten steigerst du am besten allm\u00e4hlich. Zun\u00e4chst nur wenige Stunde, dann weitest du den Zeitraum aus. Im Anschluss r\u00e4umst du alles wieder auf. So macht deine Katze die Erfahrung, dass diese Ver\u00e4nderungen nicht von Dauer sind und sp\u00e4ter wieder alles gut ist. Diese Erfahrung kann eine gute Basis f\u00fcr einen stress\u00e4rmeren Umzug sein.<\/p>\n<p>Was deinem Stubentiger zudem vor und w\u00e4hrend des Umzugs hilft: Nimm dir Zeit f\u00fcr deine Katze. Bereite deine Katze zudem auf den eigentlichen Ortswechsel vor, indem du die Transportbox bereits bereitstellst und deine Katze sie erkunden und sich an sie gew\u00f6hnen kann. Lege eine Decke oder ein Handtuch hinein. So hat die Box das Zeug zu einem gem\u00fctlichen Ort und sie geht wom\u00f6glich bereitwilliger in die Transportbox, wenn es auf den Weg in das neue Zuhause geht.<\/p>\n<p>Im neuen Zuhause angekommen, gew\u00f6hnst du deine Katze am besten ganz langsam an die neue Umgebung. Lass sie sich zun\u00e4chst f\u00fcr eine Weile nur in einem Zimmer aufhalten. F\u00fchlt sie sich dort wohl und sicher, kannst du ihr erm\u00f6glichen, den n\u00e4chsten Raum in der Wohnung zu erkunden. Die meisten Katzen sind eher \u00e4ngstlich und brauchen Zeit, sich an die neue Umgebung zu gew\u00f6hnen. Gib deinem Stubentiger die Zeit, die er braucht.<\/p>\n<h2>Langer Weg zum neuen Zuhause: Wie gestalten?<\/h2>\n<p>Manchmal zieht man nur ein paar Stra\u00dfen weiter und der Umzug ist f\u00fcr deinen Stubentiger schnell geschafft. Was aber, wenn der neue Wohnort weiter entfernt liegt? Du vielleicht sogar mit dem Flugzeug reisen musst? Vorbereitung ist hier umso wichtiger. Im Flugzeug darfst du deine Katze mitunter in einer passenden Transportbox im Fahrgastraum mitnehmen. So ist sie nicht allein und du kannst ihr zumindest \u00fcber deine Stimme signalisieren, dass du bei ihr bist. Sprich au\u00dferdem dein Umzugsvorhaben in der tier\u00e4rztlichen Praxis an. Dort kann man dich kompetent beraten, ob und welche beruhigenden Mittel wom\u00f6glich hilfreich sein k\u00f6nnten.<\/p>\n<h2>Wann darf die Katze nach einem Umzug raus?<\/h2>\n<p>Eine Freig\u00e4nger-Katze sollte sich zun\u00e4chst an ihr neues Zuhause gew\u00f6hnen. Daher sollte der erste Freigang nach dem Umzug nicht zu schnell anstehen. Dabei gilt: Je n\u00e4her das alte Revier liegt, desto l\u00e4nger sollte die Verweildauer in der Wohnung sein. Vier Wochen gelten als Mindestzeitraum, w\u00e4hrend der die Katze die Wohnung nicht verlassen sollte. Dies ist wichtig, damit die Katze das neue Zuhause als Basis f\u00fcr zuk\u00fcnftige Streifz\u00fcge annimmt und immer wieder zur\u00fcckkehrt. Selbst wenn die Katze unbedingt rauswill, sollte man ihr in den ersten Wochen nicht nachgeben. Ist die Katze nicht ausreichend mit der neuen Wohnung verbunden, besteht die Gefahr, dass sie immer wieder versucht ihre alte Umgebung aufzusuchen. Dies kann unter anderem daran liegen, dass das neue Revier nicht so attraktiv wie das alte ist oder dass Artgenossen ihr das Leben schwer machen. Im schlimmsten Fall kann das dazu f\u00fchren, dass die Katze wegl\u00e4uft und nicht mehr nach Hause zur\u00fcckfindet.<\/p>\n<p>Die Phase der Eingew\u00f6hnung kann zu einer echten Herausforderung werden, weil Freig\u00e4nger-Katzen vielfach miauen, aggressiv oder auch lethargisch reagieren. Daher sollte man viel Zeit mit seinem Stubentiger verbringen und f\u00fcr Spiel und Abwechslung sorgen. So lassen sich die Erlebnisse, die er drau\u00dfen erleben k\u00f6nnte, m\u00f6glichst gut ersetzen.<\/p>\n<h2>Was tun, wenn Katze nach Umzug nicht frisst?<\/h2>\n<p>Frisst eine Katze nach einem Umzug nicht, kann das eine v\u00f6llig normale Reaktion auf den Stress sein. Ein, zwei Tage ohne Futter sind in der Regel unkritisch. Wichtig ist, dass der Stubentiger Fl\u00fcssigkeit zu sich nimmt und trinkt. Sollte der Zustand l\u00e4nger andauern, empfiehlt es sich tier\u00e4rztlichen Rat einzuholen.<\/p>\n<h2>FAQ: H\u00e4ufig gestellte Fragen zum Thema Umzug mit Katze<\/h2>\n<h3>Kann man mit einer Freig\u00e4nger-Katze umziehen?<\/h3>\n<p>Eine Freig\u00e4nger-Katze muss sich im neuen Zuhause nicht nur an die ungewohnte Wohnumgebung gew\u00f6hnen, sondern auch ein neues Revier erkunden. Das ist eine besondere Herausforderung f\u00fcr Freig\u00e4nger und ihre Menschen. Dennoch kann man mit Freig\u00e4nger-Katzen umziehen. Eine gute Vorbereitung hilft. Die Katze sollte sich zun\u00e4chst an ihre neue Wohnumgebung gew\u00f6hnen und heimisch geworden sein. Daher darf sie die ersten Wochen nicht hinausgelassen werden. Dazu ist es wichtig der Katze in der Wohnung ausreichend Abwechslung zu bieten. Beispielsweise Kratzb\u00e4ume, Kratzmatten und Spielzeug. Au\u00dferdem sollte man sich viel Zeit f\u00fcr seinen Stubentiger nehmen, um ihm die Zeit in den vier W\u00e4nden so angenehm wie m\u00f6glich zu gestalten.<\/p>\n\n<div class=\"related_articles boxed\">\n    <h2>Mehr zum Thema<\/h2>\n    \n    <div class=\"wrapper\"><div class=\"title align-center\"><h3><a href=\"https:\/\/uelzener.de\/magazin\/katze\/haltung\/wohnungskatze-beschaeftigen\/\">Wohnungskatze besch\u00e4ftigen: Tipps f\u00fcr den Alltag<\/a><\/h3><\/div><div class=\"img align-center\"><img decoding=\"async\" width=\"315\" height=\"180\" src=\"https:\/\/uelzener.de\/magazin\/app\/uploads\/2022\/07\/Header_Magazin_Wohnungskatze-beschaeftigen-315x180.jpg\" class=\"attachment-315x180 size-315x180 wp-post-image\" alt=\"Katze springt in der Wohnung von Stuhl zu Stuhl, eine Wohnungskatze zu besch\u00e4ftigen ist nicht leicht.\" \/><\/div><\/div><div class=\"wrapper\"><div class=\"title align-center\"><h3><a href=\"https:\/\/uelzener.de\/magazin\/katze\/erziehung-und-training\/clickertraining-katzen-apportieren-beibringen\/\">Clickertraining: Katzen apportieren beibringen<\/a><\/h3><\/div><div class=\"img align-center\"><img decoding=\"async\" width=\"315\" height=\"180\" src=\"https:\/\/uelzener.de\/magazin\/app\/uploads\/2023\/03\/clickertraining-katzen-lernen-315x180.jpg\" class=\"attachment-315x180 size-315x180 wp-post-image\" alt=\"Katzen mit Clickertraining und Leckerlis das Lernen beibringen.\" \/><\/div><\/div><div class=\"wrapper\"><div class=\"title align-center\"><h3><a href=\"https:\/\/uelzener.de\/magazin\/katze\/erziehung-und-training\/katze-an-transportbox-gewoehnen-tipps-tricks\/\">Katze an Transportbox gew\u00f6hnen: Tipps und Tricks f\u00fcr ein erfolgreiches Training!<\/a><\/h3><\/div><div class=\"img align-center\"><img decoding=\"async\" width=\"315\" height=\"180\" src=\"https:\/\/uelzener.de\/magazin\/app\/uploads\/2024\/08\/transportbox-training-katze-315x180.jpg\" class=\"attachment-315x180 size-315x180 wp-post-image\" alt=\"Katze in Transportbox.\" \/><\/div><\/div><\/div>\n\n<p>Diese Eingew\u00f6hnungsphase kann vier und mehr Wochen dauern. Hat sich die Katze an ihr neues Zuhause gew\u00f6hnt, stehen die Chancen gut, dass sie es als neues Zentrum in ihrem Revier wahrnimmt und so immer wieder bestrebt ist, dorthin zur\u00fcckzukehren. Nun kann die Katze ihr neues Revier erkunden. Begleite sie auf ihren ersten Streifz\u00fcgen. Das gibt ihr Sicherheit. Es kann helfen, die Freig\u00e4ngerzeiten zun\u00e4chst zu begrenzen und sie beispielsweise kurz vor der \u00fcblichen Fressenszeit hinauszulassen. <a href=\"https:\/\/uelzener.de\/magazin\/katze\/tipps-fuer-den-alltag\/katze-entlaufen\/\">Falls deine Katze doch entl\u00e4uft, kannst du wie in unserem Ratgeber beschrieben vorgehen<\/a>. Das erh\u00f6ht die Wahrscheinlichkeit, dass sie bald zur\u00fcckkehrt. Wer zuvor ein R\u00fcckrufsignal, beispielsweise mit einer rasselnden Trockenfutterbox einge\u00fcbt hat, macht es dem Stubentiger leichter, wieder den Weg in sein neues Zuhause zu finden.<\/p>\n<h3>Kann man die Katze nach Umzug allein lassen?<\/h3>\n<p>Katzen k\u00f6nnen unterschiedlich auf einen Umzug reagieren. Selten kommt es vor, dass eine Katze sich relativ schnell und stressarm im neuen Zuhause eingew\u00f6hnt. Die meisten sind jedoch eher l\u00e4nger verunsichert und \u00e4ngstlich. Daher hilft es, wenn man seinen Stubentiger nach dem Umzug m\u00f6glichst nicht alleine l\u00e4sst. Die vertraute Bezugsperson gibt Sicherheit und hilft, sich an die neue Umgebung zu gew\u00f6hnen.<\/p>\n<h3>Katze versteckt sich nach Umzug: Was tun?<\/h3>\n<p>Katzen verstecken sich nach einem Umzug h\u00e4ufig. Dies ist eine typische und verst\u00e4ndliche Reaktion. Die vertraute Umgebung der Katze hat sich ver\u00e4ndert. So ziemlich alles um sie herum ist neu und ungewohnt. Versteckt sie sich an einem ruhigen Ort, der ihr sicher erscheint, hilft ihr das, sich an die neue Umgebung zu gew\u00f6hnen. Lass deine Katze in Ruhe und gib ihr die Zeit, die sie braucht, um sich an das neue Zuhause zu gew\u00f6hnen. Du kannst das R\u00fcckzugsbed\u00fcrfnis deiner Katze unterst\u00fctzen, indem du ihr an ruhigen Stellen im neuen Zuhause verschiedene Verstecke zur Verf\u00fcgung stellst. Verteile Kartons oder K\u00f6rbchen und mache deinem Stubentiger die Eingew\u00f6hnung auf diese Weise leichter.<\/p>\n","protected":false},"excerpt":{"rendered":"<p>F\u00fcr Katzen ist ein Umzug ein aufregendes Lebensereignis. Ist f\u00fcr sie das eigene Revier doch von besonders gro\u00dfer Bedeutung. Werden Katzen gezwungen, ihr Terretorium zu verlassen, kann sie das sehr verunsichern und unter starken Stress setzen. Auch haben viele Katzen Schwierigkeiten, sich in ihrer neuen Umgebung einzugew\u00f6hnen. Eine \u00fcberlegte Vorbereitung und Durchf\u00fchrung helfen, einen Umzug [&hellip;]<\/p>\n","protected":false},"author":1,"featured_media":15757,"parent":11709,"menu_order":9,"comment_status":"open","ping_status":"open","template":"templates\/blog.php","meta":{"_acf_changed":false,"_crdt_document":"","footnotes":"","beyondwords_generate_audio":"","beyondwords_project_id":"","beyondwords_content_id":"","beyondwords_preview_token":"","beyondwords_player_style":"","beyondwords_language_id":"","beyondwords_title_voice_id":"","beyondwords_body_voice_id":"","beyondwords_summary_voice_id":"","beyondwords_error_message":"","beyondwords_disabled":"","beyondwords_delete_content":"","beyondwords_podcast_id":"","beyondwords_hash":"","publish_post_to_speechkit":"","speechkit_hash":"","speechkit_generate_audio":"","speechkit_project_id":"","speechkit_podcast_id":"","speechkit_error_message":"","speechkit_disabled":"","speechkit_access_key":"","speechkit_error":"","speechkit_info":"","speechkit_response":"","speechkit_retries":"","speechkit_status":"","speechkit_updated_at":"","_speechkit_link":"","_speechkit_text":""},"class_list":["post-10148","page","type-page","status-publish","has-post-thumbnail","hentry"],"acf":[],"yoast_head":"<!-- This site is optimized with the Yoast SEO Premium plugin  - https:\/\/yoast.com\/product\/yoast-seo-premium-wordpress\/ -->\n<title>Umzug mit Katze \u2013 Tipps f\u00fcr einen stressfreien Ortswechsel | Uelzener<\/title>\n<meta name=\"description\" content=\"Erfahre, worauf Du beim Umzug mit Deiner Katze achten solltest \u2713 Vorbereitung \u2713 Transport \u2713 Eingew\u00f6hnung \u25b6 Hier informieren!\" \/>\n<meta name=\"robots\" content=\"index, follow, max-snippet:-1, max-image-preview:large, max-video-preview:-1\" \/>\n<link rel=\"canonical\" href=\"https:\/\/uelzener.de\/magazin\/katze\/tipps-fuer-den-alltag\/umzug-mit-katze\/\" \/>\n<meta property=\"og:locale\" content=\"de_DE\" \/>\n<meta property=\"og:type\" content=\"article\" \/>\n<meta property=\"og:title\" content=\"Umzug mit Katze stressfrei gestalten\" \/>\n<meta property=\"og:description\" content=\"Erfahre, worauf Du beim Umzug mit Deiner Katze achten solltest \u2713 Vorbereitung \u2713 Transport \u2713 Eingew\u00f6hnung \u25b6 Hier informieren!\" \/>\n<meta property=\"og:url\" content=\"https:\/\/uelzener.de\/magazin\/katze\/tipps-fuer-den-alltag\/umzug-mit-katze\/\" \/>\n<meta property=\"og:site_name\" content=\"Uelzener Tier-Magazin\" \/>\n<meta property=\"article:publisher\" content=\"https:\/\/www.facebook.com\/Uelzener\" \/>\n<meta property=\"article:modified_time\" content=\"2025-08-28T10:19:40+00:00\" \/>\n<meta property=\"og:image\" content=\"https:\/\/uelzener.de\/magazin\/app\/uploads\/2023\/06\/umzug-mit-katze.jpg\" \/>\n\t<meta property=\"og:image:width\" content=\"1025\" \/>\n\t<meta property=\"og:image:height\" content=\"450\" \/>\n\t<meta property=\"og:image:type\" content=\"image\/jpeg\" \/>\n<meta name=\"twitter:card\" content=\"summary_large_image\" \/>\n<meta name=\"twitter:label1\" content=\"Gesch\u00e4tzte Lesezeit\" \/>\n\t<meta name=\"twitter:data1\" content=\"8\u00a0Minuten\" \/>\n<script type=\"application\/ld+json\" class=\"yoast-schema-graph\">{\"@context\":\"https:\/\/schema.org\",\"@graph\":[{\"@type\":\"WebPage\",\"@id\":\"https:\/\/uelzener.de\/magazin\/katze\/tipps-fuer-den-alltag\/umzug-mit-katze\/\",\"url\":\"https:\/\/uelzener.de\/magazin\/katze\/tipps-fuer-den-alltag\/umzug-mit-katze\/\",\"name\":\"Umzug mit Katze \u2013 Tipps f\u00fcr einen stressfreien Ortswechsel | Uelzener\",\"isPartOf\":{\"@id\":\"https:\/\/uelzener.de\/magazin\/#website\"},\"primaryImageOfPage\":{\"@id\":\"https:\/\/uelzener.de\/magazin\/katze\/tipps-fuer-den-alltag\/umzug-mit-katze\/#primaryimage\"},\"image\":{\"@id\":\"https:\/\/uelzener.de\/magazin\/katze\/tipps-fuer-den-alltag\/umzug-mit-katze\/#primaryimage\"},\"thumbnailUrl\":\"https:\/\/uelzener.de\/magazin\/app\/uploads\/2023\/06\/umzug-mit-katze.jpg\",\"datePublished\":\"2023-07-11T14:00:00+00:00\",\"dateModified\":\"2025-08-28T10:19:40+00:00\",\"description\":\"Erfahre, worauf Du beim Umzug mit Deiner Katze achten solltest \u2713 Vorbereitung \u2713 Transport \u2713 Eingew\u00f6hnung \u25b6 Hier informieren!\",\"breadcrumb\":{\"@id\":\"https:\/\/uelzener.de\/magazin\/katze\/tipps-fuer-den-alltag\/umzug-mit-katze\/#breadcrumb\"},\"inLanguage\":\"de\",\"potentialAction\":[{\"@type\":\"ReadAction\",\"target\":[\"https:\/\/uelzener.de\/magazin\/katze\/tipps-fuer-den-alltag\/umzug-mit-katze\/\"]}]},{\"@type\":\"ImageObject\",\"inLanguage\":\"de\",\"@id\":\"https:\/\/uelzener.de\/magazin\/katze\/tipps-fuer-den-alltag\/umzug-mit-katze\/#primaryimage\",\"url\":\"https:\/\/uelzener.de\/magazin\/app\/uploads\/2023\/06\/umzug-mit-katze.jpg\",\"contentUrl\":\"https:\/\/uelzener.de\/magazin\/app\/uploads\/2023\/06\/umzug-mit-katze.jpg\",\"width\":1025,\"height\":450,\"caption\":\"Umzug mit Katze muss nicht stressig sein.\"},{\"@type\":\"WebSite\",\"@id\":\"https:\/\/uelzener.de\/magazin\/#website\",\"url\":\"https:\/\/uelzener.de\/magazin\/\",\"name\":\"Uelzener Tiermagazin\",\"description\":\"Online Tierratgeber der Uelzener Versicherungen\",\"publisher\":{\"@id\":\"https:\/\/uelzener.de\/magazin\/#organization\"},\"potentialAction\":[{\"@type\":\"SearchAction\",\"target\":{\"@type\":\"EntryPoint\",\"urlTemplate\":\"https:\/\/uelzener.de\/magazin\/?s={search_term_string}\"},\"query-input\":{\"@type\":\"PropertyValueSpecification\",\"valueRequired\":true,\"valueName\":\"search_term_string\"}}],\"inLanguage\":\"de\"},{\"@type\":\"Organization\",\"@id\":\"https:\/\/uelzener.de\/magazin\/#organization\",\"name\":\"Uelzener Versicherungen\",\"url\":\"https:\/\/uelzener.de\/magazin\/\",\"logo\":{\"@type\":\"ImageObject\",\"inLanguage\":\"de\",\"@id\":\"https:\/\/uelzener.de\/magazin\/#\/schema\/logo\/image\/\",\"url\":\"https:\/\/uelzener.de\/magazin\/app\/uploads\/2024\/11\/uelzener_allgemeine_versicherungsgesellschaft_a_g_logo.jpg\",\"contentUrl\":\"https:\/\/uelzener.de\/magazin\/app\/uploads\/2024\/11\/uelzener_allgemeine_versicherungsgesellschaft_a_g_logo.jpg\",\"width\":200,\"height\":200,\"caption\":\"Uelzener Versicherungen\"},\"image\":{\"@id\":\"https:\/\/uelzener.de\/magazin\/#\/schema\/logo\/image\/\"},\"sameAs\":[\"https:\/\/www.facebook.com\/Uelzener\",\"https:\/\/instagram.com\/uelzener\",\"https:\/\/www.xing.com\/pages\/uelzenerallgemeineversicherungs-gesellschafta-g\",\"https:\/\/www.youtube.com\/UelzenerVersicherungen\"]}]}<\/script>\n<!-- \/ Yoast SEO Premium plugin. -->","yoast_head_json":{"title":"Umzug mit Katze \u2013 Tipps f\u00fcr einen stressfreien Ortswechsel | Uelzener","description":"Erfahre, worauf Du beim Umzug mit Deiner Katze achten solltest \u2713 Vorbereitung \u2713 Transport \u2713 Eingew\u00f6hnung \u25b6 Hier informieren!","robots":{"index":"index","follow":"follow","max-snippet":"max-snippet:-1","max-image-preview":"max-image-preview:large","max-video-preview":"max-video-preview:-1"},"canonical":"https:\/\/uelzener.de\/magazin\/katze\/tipps-fuer-den-alltag\/umzug-mit-katze\/","og_locale":"de_DE","og_type":"article","og_title":"Umzug mit Katze stressfrei gestalten","og_description":"Erfahre, worauf Du beim Umzug mit Deiner Katze achten solltest \u2713 Vorbereitung \u2713 Transport \u2713 Eingew\u00f6hnung \u25b6 Hier informieren!","og_url":"https:\/\/uelzener.de\/magazin\/katze\/tipps-fuer-den-alltag\/umzug-mit-katze\/","og_site_name":"Uelzener Tier-Magazin","article_publisher":"https:\/\/www.facebook.com\/Uelzener","article_modified_time":"2025-08-28T10:19:40+00:00","og_image":[{"width":1025,"height":450,"url":"https:\/\/uelzener.de\/magazin\/app\/uploads\/2023\/06\/umzug-mit-katze.jpg","type":"image\/jpeg"}],"twitter_card":"summary_large_image","twitter_misc":{"Gesch\u00e4tzte Lesezeit":"8\u00a0Minuten"},"schema":{"@context":"https:\/\/schema.org","@graph":[{"@type":"WebPage","@id":"https:\/\/uelzener.de\/magazin\/katze\/tipps-fuer-den-alltag\/umzug-mit-katze\/","url":"https:\/\/uelzener.de\/magazin\/katze\/tipps-fuer-den-alltag\/umzug-mit-katze\/","name":"Umzug mit Katze \u2013 Tipps f\u00fcr einen stressfreien Ortswechsel | Uelzener","isPartOf":{"@id":"https:\/\/uelzener.de\/magazin\/#website"},"primaryImageOfPage":{"@id":"https:\/\/uelzener.de\/magazin\/katze\/tipps-fuer-den-alltag\/umzug-mit-katze\/#primaryimage"},"image":{"@id":"https:\/\/uelzener.de\/magazin\/katze\/tipps-fuer-den-alltag\/umzug-mit-katze\/#primaryimage"},"thumbnailUrl":"https:\/\/uelzener.de\/magazin\/app\/uploads\/2023\/06\/umzug-mit-katze.jpg","datePublished":"2023-07-11T14:00:00+00:00","dateModified":"2025-08-28T10:19:40+00:00","description":"Erfahre, worauf Du beim Umzug mit Deiner Katze achten solltest \u2713 Vorbereitung \u2713 Transport \u2713 Eingew\u00f6hnung \u25b6 Hier informieren!","breadcrumb":{"@id":"https:\/\/uelzener.de\/magazin\/katze\/tipps-fuer-den-alltag\/umzug-mit-katze\/#breadcrumb"},"inLanguage":"de","potentialAction":[{"@type":"ReadAction","target":["https:\/\/uelzener.de\/magazin\/katze\/tipps-fuer-den-alltag\/umzug-mit-katze\/"]}]},{"@type":"ImageObject","inLanguage":"de","@id":"https:\/\/uelzener.de\/magazin\/katze\/tipps-fuer-den-alltag\/umzug-mit-katze\/#primaryimage","url":"https:\/\/uelzener.de\/magazin\/app\/uploads\/2023\/06\/umzug-mit-katze.jpg","contentUrl":"https:\/\/uelzener.de\/magazin\/app\/uploads\/2023\/06\/umzug-mit-katze.jpg","width":1025,"height":450,"caption":"Umzug mit Katze muss nicht stressig sein."},{"@type":"WebSite","@id":"https:\/\/uelzener.de\/magazin\/#website","url":"https:\/\/uelzener.de\/magazin\/","name":"Uelzener Tiermagazin","description":"Online Tierratgeber der Uelzener Versicherungen","publisher":{"@id":"https:\/\/uelzener.de\/magazin\/#organization"},"potentialAction":[{"@type":"SearchAction","target":{"@type":"EntryPoint","urlTemplate":"https:\/\/uelzener.de\/magazin\/?s={search_term_string}"},"query-input":{"@type":"PropertyValueSpecification","valueRequired":true,"valueName":"search_term_string"}}],"inLanguage":"de"},{"@type":"Organization","@id":"https:\/\/uelzener.de\/magazin\/#organization","name":"Uelzener Versicherungen","url":"https:\/\/uelzener.de\/magazin\/","logo":{"@type":"ImageObject","inLanguage":"de","@id":"https:\/\/uelzener.de\/magazin\/#\/schema\/logo\/image\/","url":"https:\/\/uelzener.de\/magazin\/app\/uploads\/2024\/11\/uelzener_allgemeine_versicherungsgesellschaft_a_g_logo.jpg","contentUrl":"https:\/\/uelzener.de\/magazin\/app\/uploads\/2024\/11\/uelzener_allgemeine_versicherungsgesellschaft_a_g_logo.jpg","width":200,"height":200,"caption":"Uelzener Versicherungen"},"image":{"@id":"https:\/\/uelzener.de\/magazin\/#\/schema\/logo\/image\/"},"sameAs":["https:\/\/www.facebook.com\/Uelzener","https:\/\/instagram.com\/uelzener","https:\/\/www.xing.com\/pages\/uelzenerallgemeineversicherungs-gesellschafta-g","https:\/\/www.youtube.com\/UelzenerVersicherungen"]}]}},"_links":{"self":[{"href":"https:\/\/uelzener.de\/magazin\/wp-json\/wp\/v2\/pages\/10148","targetHints":{"allow":["GET"]}}],"collection":[{"href":"https:\/\/uelzener.de\/magazin\/wp-json\/wp\/v2\/pages"}],"about":[{"href":"https:\/\/uelzener.de\/magazin\/wp-json\/wp\/v2\/types\/page"}],"author":[{"embeddable":true,"href":"https:\/\/uelzener.de\/magazin\/wp-json\/wp\/v2\/users\/1"}],"replies":[{"embeddable":true,"href":"https:\/\/uelzener.de\/magazin\/wp-json\/wp\/v2\/comments?post=10148"}],"version-history":[{"count":10,"href":"https:\/\/uelzener.de\/magazin\/wp-json\/wp\/v2\/pages\/10148\/revisions"}],"predecessor-version":[{"id":19065,"href":"https:\/\/uelzener.de\/magazin\/wp-json\/wp\/v2\/pages\/10148\/revisions\/19065"}],"up":[{"embeddable":true,"href":"https:\/\/uelzener.de\/magazin\/wp-json\/wp\/v2\/pages\/11709"}],"wp:featuredmedia":[{"embeddable":true,"href":"https:\/\/uelzener.de\/magazin\/wp-json\/wp\/v2\/media\/15757"}],"wp:attachment":[{"href":"https:\/\/uelzener.de\/magazin\/wp-json\/wp\/v2\/media?parent=10148"}],"curies":[{"name":"wp","href":"https:\/\/api.w.org\/{rel}","templated":true}]}}