{"id":10143,"date":"2016-04-08T00:00:00","date_gmt":"2016-04-07T22:00:00","guid":{"rendered":""},"modified":"2025-01-23T16:15:59","modified_gmt":"2025-01-23T15:15:59","slug":"britisch-kurzhaar","status":"publish","type":"page","link":"https:\/\/uelzener.de\/magazin\/katze\/rasseportrait\/britisch-kurzhaar\/","title":{"rendered":"Britisch Kurzhaar Katze (BKH) im Rasseportrait"},"content":{"rendered":"<p>Die Britisch Kurzhaar entstand vermutlich aus den Katzen, die vor 2000 Jahren mit den R\u00f6mern nach Gro\u00dfbritannien gekommen waren. Durch die Insellage lebten sie dort weitgehend isoliert von anderen Katzenrassen. Erst im 19. Jahrhundert begann man, sie gezielt nach Rassestandards zu z\u00fcchten. Da im Zuge der Weltkriege auch die Zahl der zur Zucht geeigneten Katzen zur\u00fcckging, wurden kurzzeitig Perser und Kart\u00e4user eingekreuzt.<\/p>\n<h2>Aussehen<\/h2>\n<p>Das Einkreuzen von Persern hatte zur Folge, dass bis heute in den W\u00fcrfen immer mal wieder auch K\u00e4tzchen mit halblangem Fell auftauchen. Diese werden als Britisch Langhaar oder Highlander bezeichnet. Die \u00c4hnlichkeit der blaufarbenen Variante der Britisch Kurzhaar mit der heute als Kart\u00e4user\/Chartreux bezeichneten Katzenrasse f\u00fchrt oft zu Verwechslungen, zumal beide \u2013 die blaue Britisch Kurzhaar und die Chartreux in den 70er Jahren zeitweise als Kart\u00e4user zusammengefasst wurden. Heute sind die Chartreux und die Britisch Kurzhaar als zwei klar getrennte Rassen definiert.<\/p>\n<p>Die Britisch Kurzhaar ist eine muskul\u00f6se, kompakt gebaute Katze, die im Gegensatz zu Hauskatzen eher gedrungen wirkt. Sie hat einen rundlichen Kopf, gro\u00dfe, runde Augen und Pfoten, kurze Beine und einen im Vergleich zu anderen Katzen eher kurzen Schwanz. Bei den Fellfarben und der Zeichnung gibt es eine gro\u00dfe Auswahl, insgesamt soll es \u00fcber 50 verschiedene Farbvariationen geben.<\/p>\n<h2>Charakter<\/h2>\n<p>Das Entscheidende bei der Britisch Kurzhaar ist allerdings ihr Charakter. Im Gegensatz zu vielen anderen Katzenrassen ist die Britisch Kurzhaar ein ruhiger Vertreter. Das bedeutet nicht, dass sie nicht gerne spielt oder herumtobt. Aber sie kommt auch gut mit einem Leben als Wohnungskatze zurecht, falls kein Garten zur Verf\u00fcgung steht oder keine M\u00f6glichkeit zum Freigang vorhanden ist. Allerdings muss man in diesem Fall f\u00fcr regelm\u00e4\u00dfige Trainingsstunden sorgen, denn die Britisch Kurzhaar neigt bei Unterforderung schnell zu \u00dcbergewicht.<\/p>\n<p>Ihr angenehmes Temperament macht sie zum idealen Zuwachs f\u00fcr Familien mit Kindern oder Hunden. Sie ist sehr menschenbezogen und m\u00f6chte regelm\u00e4\u00dfig von ihrem Menschen beachtet werden. Passiert das nicht, wird mit kr\u00e4ftiger Stimme das Recht auf Streicheleinheiten eingefordert. Und anders herum: Wenn es mit dem Kuscheln reicht, macht sie das ihrem Menschen ebenso freundlich, aber bestimmt klar. Die Britisch Kurzhaar kann durchaus mal ein paar Stunden alleine sein, aber mangelnder Familienanschluss macht sie ungl\u00fccklich. Hat der Mensch weniger Zeit, ist eine zweite Katze eine gute L\u00f6sung.<\/p>\n\n<div class=\"related_articles boxed\">\n    <h2>Mehr zum Thema<\/h2>\n    \n    <div class=\"wrapper\"><div class=\"title align-center\"><h3><a href=\"https:\/\/uelzener.de\/magazin\/katze\/haltung\/fellpflege-katze\/\">Fellpflege bei Katzen: So klappt das B\u00fcrsten<\/a><\/h3><\/div><div class=\"img align-center\"><img decoding=\"async\" width=\"315\" height=\"180\" src=\"https:\/\/uelzener.de\/magazin\/app\/uploads\/2017\/09\/371a4c49-997a-42f3-83eb-b663c01e5ad4-315x180.jpg\" class=\"attachment-315x180 size-315x180 wp-post-image\" alt=\"Ein hellbraun wei\u00dfe Katze mit langem Fell sitzt auf einem Holztisch. Bei Katzen mit langen Haaren ist das B\u00fcrsten dieser essentiell.\" srcset=\"https:\/\/uelzener.de\/magazin\/app\/uploads\/2017\/09\/371a4c49-997a-42f3-83eb-b663c01e5ad4-315x180.jpg 315w, https:\/\/uelzener.de\/magazin\/app\/uploads\/2017\/09\/371a4c49-997a-42f3-83eb-b663c01e5ad4-650x369.jpg 650w\" sizes=\"(max-width: 315px) 100vw, 315px\" \/><\/div><\/div><div class=\"wrapper\"><div class=\"title align-center\"><h3><a href=\"https:\/\/uelzener.de\/magazin\/katze\/haltung\/wohnungskatze-beschaeftigen\/\">Wohnungskatze besch\u00e4ftigen: Tipps f\u00fcr den Alltag<\/a><\/h3><\/div><div class=\"img align-center\"><img decoding=\"async\" width=\"315\" height=\"180\" src=\"https:\/\/uelzener.de\/magazin\/app\/uploads\/2022\/07\/Header_Magazin_Wohnungskatze-beschaeftigen-315x180.jpg\" class=\"attachment-315x180 size-315x180 wp-post-image\" alt=\"Katze springt in der Wohnung von Stuhl zu Stuhl, eine Wohnungskatze zu besch\u00e4ftigen ist nicht leicht.\" \/><\/div><\/div><div class=\"wrapper\"><div class=\"title align-center\"><h3><a href=\"https:\/\/uelzener.de\/magazin\/katze\/rasseportrait\/katzenrassen-die-haeufiger-krank-werden\/\">Katzenrassen, die h\u00e4ufiger krank werden<\/a><\/h3><\/div><div class=\"img align-center\"><img decoding=\"async\" width=\"315\" height=\"180\" src=\"https:\/\/uelzener.de\/magazin\/app\/uploads\/2025\/01\/abessinier-315x180.jpg\" class=\"attachment-315x180 size-315x180 wp-post-image\" alt=\"Abessinier-Katze\" \/><\/div><\/div><\/div>\n\n<h2>Pflege<\/h2>\n<p>Bez\u00fcglich der Pflege ist die Britisch Kurzhaar ebenfalls unkompliziert. Gelegentliche Fellpflege der Katze mit B\u00fcrsten hilft, eine Verfilzung der Unterwolle zu vermeiden. Auch von Erbkrankheiten ist sie bisher weitgehend verschont geblieben. Alles in allem ist die Britisch Kurzhaar ein angenehmer Begleiter f\u00fcr alle Lebenssituationen.<\/p>\n","protected":false},"excerpt":{"rendered":"<p>Die Britisch Kurzhaar entstand vermutlich aus den Katzen, die vor 2000 Jahren mit den R\u00f6mern nach Gro\u00dfbritannien gekommen waren. Durch die Insellage lebten sie dort weitgehend isoliert von anderen Katzenrassen. Erst im 19. Jahrhundert begann man, sie gezielt nach Rassestandards zu z\u00fcchten. Da im Zuge der Weltkriege auch die Zahl der zur Zucht geeigneten Katzen [&hellip;]<\/p>\n","protected":false},"author":1,"featured_media":10733,"parent":2482,"menu_order":11,"comment_status":"closed","ping_status":"closed","template":"templates\/blog.php","meta":{"_acf_changed":false,"_crdt_document":"","footnotes":"","beyondwords_generate_audio":"0","beyondwords_project_id":"","beyondwords_content_id":"","beyondwords_preview_token":"","beyondwords_player_style":"","beyondwords_language_id":"","beyondwords_title_voice_id":"","beyondwords_body_voice_id":"","beyondwords_summary_voice_id":"","beyondwords_error_message":"","beyondwords_disabled":"","beyondwords_delete_content":"","beyondwords_podcast_id":"","beyondwords_hash":"","publish_post_to_speechkit":"","speechkit_hash":"","speechkit_generate_audio":"","speechkit_project_id":"","speechkit_podcast_id":"","speechkit_error_message":"","speechkit_disabled":"","speechkit_access_key":"","speechkit_error":"","speechkit_info":"","speechkit_response":"","speechkit_retries":"","speechkit_status":"","speechkit_updated_at":"","_speechkit_link":"","_speechkit_text":""},"class_list":["post-10143","page","type-page","status-publish","has-post-thumbnail","hentry"],"acf":[],"yoast_head":"<!-- This site is optimized with the Yoast SEO Premium plugin  - https:\/\/yoast.com\/product\/yoast-seo-premium-wordpress\/ -->\n<title>Britisch Kurzhaar Katze (BKH) im Rasseportrait | Uelzener<\/title>\n<meta name=\"description\" content=\"Erfahre alles zur Britisch Kurzhaar Katze \u2713 Historie \u2713 Aussehen \u2713 Charakter \u2713 Pflege \u2713 uvm. \u25b6 Hier informieren!\" \/>\n<meta name=\"robots\" content=\"index, follow, max-snippet:-1, max-image-preview:large, max-video-preview:-1\" \/>\n<link rel=\"canonical\" href=\"https:\/\/uelzener.de\/magazin\/katze\/rasseportrait\/britisch-kurzhaar\/\" \/>\n<meta property=\"og:locale\" content=\"de_DE\" \/>\n<meta property=\"og:type\" content=\"article\" \/>\n<meta property=\"og:title\" content=\"Britisch Kurzhaar Katze (BKH) im Rasseportrait\" \/>\n<meta property=\"og:description\" content=\"Erfahre alles zur Britisch Kurzhaar Katze \u2713 Historie \u2713 Aussehen \u2713 Charakter \u2713 Pflege \u2713 uvm. \u25b6 Hier informieren!\" \/>\n<meta property=\"og:url\" content=\"https:\/\/uelzener.de\/magazin\/katze\/rasseportrait\/britisch-kurzhaar\/\" \/>\n<meta property=\"og:site_name\" content=\"Uelzener Tier-Magazin\" \/>\n<meta property=\"article:publisher\" content=\"https:\/\/www.facebook.com\/Uelzener\" \/>\n<meta property=\"article:modified_time\" content=\"2025-01-23T15:15:59+00:00\" \/>\n<meta property=\"og:image\" content=\"https:\/\/uelzener.de\/magazin\/app\/uploads\/2016\/04\/c0ed64f7-97b2-4dbf-9840-f5079272aca8.jpg\" \/>\n\t<meta property=\"og:image:width\" content=\"650\" \/>\n\t<meta property=\"og:image:height\" content=\"432\" \/>\n\t<meta property=\"og:image:type\" content=\"image\/jpeg\" \/>\n<meta name=\"twitter:card\" content=\"summary_large_image\" \/>\n<meta name=\"twitter:label1\" content=\"Gesch\u00e4tzte Lesezeit\" \/>\n\t<meta name=\"twitter:data1\" content=\"2\u00a0Minuten\" \/>\n<script type=\"application\/ld+json\" class=\"yoast-schema-graph\">{\"@context\":\"https:\/\/schema.org\",\"@graph\":[{\"@type\":\"WebPage\",\"@id\":\"https:\/\/uelzener.de\/magazin\/katze\/rasseportrait\/britisch-kurzhaar\/\",\"url\":\"https:\/\/uelzener.de\/magazin\/katze\/rasseportrait\/britisch-kurzhaar\/\",\"name\":\"Britisch Kurzhaar Katze (BKH) im Rasseportrait | Uelzener\",\"isPartOf\":{\"@id\":\"https:\/\/uelzener.de\/magazin\/#website\"},\"primaryImageOfPage\":{\"@id\":\"https:\/\/uelzener.de\/magazin\/katze\/rasseportrait\/britisch-kurzhaar\/#primaryimage\"},\"image\":{\"@id\":\"https:\/\/uelzener.de\/magazin\/katze\/rasseportrait\/britisch-kurzhaar\/#primaryimage\"},\"thumbnailUrl\":\"https:\/\/uelzener.de\/magazin\/app\/uploads\/2016\/04\/c0ed64f7-97b2-4dbf-9840-f5079272aca8.jpg\",\"datePublished\":\"2016-04-07T22:00:00+00:00\",\"dateModified\":\"2025-01-23T15:15:59+00:00\",\"description\":\"Erfahre alles zur Britisch Kurzhaar Katze \u2713 Historie \u2713 Aussehen \u2713 Charakter \u2713 Pflege \u2713 uvm. \u25b6 Hier informieren!\",\"breadcrumb\":{\"@id\":\"https:\/\/uelzener.de\/magazin\/katze\/rasseportrait\/britisch-kurzhaar\/#breadcrumb\"},\"inLanguage\":\"de\",\"potentialAction\":[{\"@type\":\"ReadAction\",\"target\":[\"https:\/\/uelzener.de\/magazin\/katze\/rasseportrait\/britisch-kurzhaar\/\"]}]},{\"@type\":\"ImageObject\",\"inLanguage\":\"de\",\"@id\":\"https:\/\/uelzener.de\/magazin\/katze\/rasseportrait\/britisch-kurzhaar\/#primaryimage\",\"url\":\"https:\/\/uelzener.de\/magazin\/app\/uploads\/2016\/04\/c0ed64f7-97b2-4dbf-9840-f5079272aca8.jpg\",\"contentUrl\":\"https:\/\/uelzener.de\/magazin\/app\/uploads\/2016\/04\/c0ed64f7-97b2-4dbf-9840-f5079272aca8.jpg\",\"width\":650,\"height\":432,\"caption\":\"Eine britische Kurzhaarkatze liegt auf einem blauen Kissen.\"},{\"@type\":\"WebSite\",\"@id\":\"https:\/\/uelzener.de\/magazin\/#website\",\"url\":\"https:\/\/uelzener.de\/magazin\/\",\"name\":\"Uelzener Tiermagazin\",\"description\":\"Online Tierratgeber der Uelzener Versicherungen\",\"publisher\":{\"@id\":\"https:\/\/uelzener.de\/magazin\/#organization\"},\"potentialAction\":[{\"@type\":\"SearchAction\",\"target\":{\"@type\":\"EntryPoint\",\"urlTemplate\":\"https:\/\/uelzener.de\/magazin\/?s={search_term_string}\"},\"query-input\":{\"@type\":\"PropertyValueSpecification\",\"valueRequired\":true,\"valueName\":\"search_term_string\"}}],\"inLanguage\":\"de\"},{\"@type\":\"Organization\",\"@id\":\"https:\/\/uelzener.de\/magazin\/#organization\",\"name\":\"Uelzener Versicherungen\",\"url\":\"https:\/\/uelzener.de\/magazin\/\",\"logo\":{\"@type\":\"ImageObject\",\"inLanguage\":\"de\",\"@id\":\"https:\/\/uelzener.de\/magazin\/#\/schema\/logo\/image\/\",\"url\":\"https:\/\/uelzener.de\/magazin\/app\/uploads\/2024\/11\/uelzener_allgemeine_versicherungsgesellschaft_a_g_logo.jpg\",\"contentUrl\":\"https:\/\/uelzener.de\/magazin\/app\/uploads\/2024\/11\/uelzener_allgemeine_versicherungsgesellschaft_a_g_logo.jpg\",\"width\":200,\"height\":200,\"caption\":\"Uelzener Versicherungen\"},\"image\":{\"@id\":\"https:\/\/uelzener.de\/magazin\/#\/schema\/logo\/image\/\"},\"sameAs\":[\"https:\/\/www.facebook.com\/Uelzener\",\"https:\/\/instagram.com\/uelzener\",\"https:\/\/www.xing.com\/pages\/uelzenerallgemeineversicherungs-gesellschafta-g\",\"https:\/\/www.youtube.com\/UelzenerVersicherungen\"]}]}<\/script>\n<!-- \/ Yoast SEO Premium plugin. -->","yoast_head_json":{"title":"Britisch Kurzhaar Katze (BKH) im Rasseportrait | Uelzener","description":"Erfahre alles zur Britisch Kurzhaar Katze \u2713 Historie \u2713 Aussehen \u2713 Charakter \u2713 Pflege \u2713 uvm. \u25b6 Hier informieren!","robots":{"index":"index","follow":"follow","max-snippet":"max-snippet:-1","max-image-preview":"max-image-preview:large","max-video-preview":"max-video-preview:-1"},"canonical":"https:\/\/uelzener.de\/magazin\/katze\/rasseportrait\/britisch-kurzhaar\/","og_locale":"de_DE","og_type":"article","og_title":"Britisch Kurzhaar Katze (BKH) im Rasseportrait","og_description":"Erfahre alles zur Britisch Kurzhaar Katze \u2713 Historie \u2713 Aussehen \u2713 Charakter \u2713 Pflege \u2713 uvm. \u25b6 Hier informieren!","og_url":"https:\/\/uelzener.de\/magazin\/katze\/rasseportrait\/britisch-kurzhaar\/","og_site_name":"Uelzener Tier-Magazin","article_publisher":"https:\/\/www.facebook.com\/Uelzener","article_modified_time":"2025-01-23T15:15:59+00:00","og_image":[{"width":650,"height":432,"url":"https:\/\/uelzener.de\/magazin\/app\/uploads\/2016\/04\/c0ed64f7-97b2-4dbf-9840-f5079272aca8.jpg","type":"image\/jpeg"}],"twitter_card":"summary_large_image","twitter_misc":{"Gesch\u00e4tzte Lesezeit":"2\u00a0Minuten"},"schema":{"@context":"https:\/\/schema.org","@graph":[{"@type":"WebPage","@id":"https:\/\/uelzener.de\/magazin\/katze\/rasseportrait\/britisch-kurzhaar\/","url":"https:\/\/uelzener.de\/magazin\/katze\/rasseportrait\/britisch-kurzhaar\/","name":"Britisch Kurzhaar Katze (BKH) im Rasseportrait | Uelzener","isPartOf":{"@id":"https:\/\/uelzener.de\/magazin\/#website"},"primaryImageOfPage":{"@id":"https:\/\/uelzener.de\/magazin\/katze\/rasseportrait\/britisch-kurzhaar\/#primaryimage"},"image":{"@id":"https:\/\/uelzener.de\/magazin\/katze\/rasseportrait\/britisch-kurzhaar\/#primaryimage"},"thumbnailUrl":"https:\/\/uelzener.de\/magazin\/app\/uploads\/2016\/04\/c0ed64f7-97b2-4dbf-9840-f5079272aca8.jpg","datePublished":"2016-04-07T22:00:00+00:00","dateModified":"2025-01-23T15:15:59+00:00","description":"Erfahre alles zur Britisch Kurzhaar Katze \u2713 Historie \u2713 Aussehen \u2713 Charakter \u2713 Pflege \u2713 uvm. \u25b6 Hier informieren!","breadcrumb":{"@id":"https:\/\/uelzener.de\/magazin\/katze\/rasseportrait\/britisch-kurzhaar\/#breadcrumb"},"inLanguage":"de","potentialAction":[{"@type":"ReadAction","target":["https:\/\/uelzener.de\/magazin\/katze\/rasseportrait\/britisch-kurzhaar\/"]}]},{"@type":"ImageObject","inLanguage":"de","@id":"https:\/\/uelzener.de\/magazin\/katze\/rasseportrait\/britisch-kurzhaar\/#primaryimage","url":"https:\/\/uelzener.de\/magazin\/app\/uploads\/2016\/04\/c0ed64f7-97b2-4dbf-9840-f5079272aca8.jpg","contentUrl":"https:\/\/uelzener.de\/magazin\/app\/uploads\/2016\/04\/c0ed64f7-97b2-4dbf-9840-f5079272aca8.jpg","width":650,"height":432,"caption":"Eine britische Kurzhaarkatze liegt auf einem blauen Kissen."},{"@type":"WebSite","@id":"https:\/\/uelzener.de\/magazin\/#website","url":"https:\/\/uelzener.de\/magazin\/","name":"Uelzener Tiermagazin","description":"Online Tierratgeber der Uelzener Versicherungen","publisher":{"@id":"https:\/\/uelzener.de\/magazin\/#organization"},"potentialAction":[{"@type":"SearchAction","target":{"@type":"EntryPoint","urlTemplate":"https:\/\/uelzener.de\/magazin\/?s={search_term_string}"},"query-input":{"@type":"PropertyValueSpecification","valueRequired":true,"valueName":"search_term_string"}}],"inLanguage":"de"},{"@type":"Organization","@id":"https:\/\/uelzener.de\/magazin\/#organization","name":"Uelzener Versicherungen","url":"https:\/\/uelzener.de\/magazin\/","logo":{"@type":"ImageObject","inLanguage":"de","@id":"https:\/\/uelzener.de\/magazin\/#\/schema\/logo\/image\/","url":"https:\/\/uelzener.de\/magazin\/app\/uploads\/2024\/11\/uelzener_allgemeine_versicherungsgesellschaft_a_g_logo.jpg","contentUrl":"https:\/\/uelzener.de\/magazin\/app\/uploads\/2024\/11\/uelzener_allgemeine_versicherungsgesellschaft_a_g_logo.jpg","width":200,"height":200,"caption":"Uelzener Versicherungen"},"image":{"@id":"https:\/\/uelzener.de\/magazin\/#\/schema\/logo\/image\/"},"sameAs":["https:\/\/www.facebook.com\/Uelzener","https:\/\/instagram.com\/uelzener","https:\/\/www.xing.com\/pages\/uelzenerallgemeineversicherungs-gesellschafta-g","https:\/\/www.youtube.com\/UelzenerVersicherungen"]}]}},"_links":{"self":[{"href":"https:\/\/uelzener.de\/magazin\/wp-json\/wp\/v2\/pages\/10143","targetHints":{"allow":["GET"]}}],"collection":[{"href":"https:\/\/uelzener.de\/magazin\/wp-json\/wp\/v2\/pages"}],"about":[{"href":"https:\/\/uelzener.de\/magazin\/wp-json\/wp\/v2\/types\/page"}],"author":[{"embeddable":true,"href":"https:\/\/uelzener.de\/magazin\/wp-json\/wp\/v2\/users\/1"}],"replies":[{"embeddable":true,"href":"https:\/\/uelzener.de\/magazin\/wp-json\/wp\/v2\/comments?post=10143"}],"version-history":[{"count":9,"href":"https:\/\/uelzener.de\/magazin\/wp-json\/wp\/v2\/pages\/10143\/revisions"}],"predecessor-version":[{"id":18143,"href":"https:\/\/uelzener.de\/magazin\/wp-json\/wp\/v2\/pages\/10143\/revisions\/18143"}],"up":[{"embeddable":true,"href":"https:\/\/uelzener.de\/magazin\/wp-json\/wp\/v2\/pages\/2482"}],"wp:featuredmedia":[{"embeddable":true,"href":"https:\/\/uelzener.de\/magazin\/wp-json\/wp\/v2\/media\/10733"}],"wp:attachment":[{"href":"https:\/\/uelzener.de\/magazin\/wp-json\/wp\/v2\/media?parent=10143"}],"curies":[{"name":"wp","href":"https:\/\/api.w.org\/{rel}","templated":true}]}}