{"id":10140,"date":"2016-07-07T00:00:00","date_gmt":"2016-07-07T00:00:00","guid":{"rendered":""},"modified":"2025-09-11T12:03:48","modified_gmt":"2025-09-11T10:03:48","slug":"was-ist-eine-pointkatze","status":"publish","type":"page","link":"https:\/\/uelzener.de\/magazin\/katze\/rasseportrait\/was-ist-eine-pointkatze\/","title":{"rendered":"Was ist eine Pointkatze?"},"content":{"rendered":"<p>Wer kennt sie nicht, die elegante Siamkatze mit dem hellen Fell, den dunklen Beinen, der dunklen Gesichtsmaske und den strahlend blauen Augen. Die Fellzeichnung, die sie so unverwechselbar macht, wird in der Katzenzucht als \u201ePoint\u201c (engl. Punkt) bezeichnet. Weitere Katzenrassen mit Pointzeichnung sind beispielsweise Burmakatzen und Ragdolls.<\/p>\n<h2>Gendefekt verursacht Fellzeichnung<\/h2>\n<p>Hervorgerufen wird die Pointzeichnung durch einen erblichen Gendefekt: Das Enzym Tyrosinase, das eine wichtige Funktion bei der Produktion des Pigmentes Melanin hat, kann durch Mutationen nur noch eingeschr\u00e4nkt funktionieren. W\u00fcrde es ganz ausfallen, w\u00e4re die Katze vollkommen wei\u00df, also ein Albino. Durch die eingeschr\u00e4nkte Funktion der Tyrosinase gelten Pointkatzen daher als Teilalbinos. Points k\u00f6nnen bei jeder Fellfarbe auftreten, sind aber je nach Rasse nicht immer zugelassen.<\/p>\n<p>Zun\u00e4chst sind alle neu geborenen Pointkatzen wei\u00dflich. Das liegt daran, dass die Aktivit\u00e4t der ver\u00e4nderten Tyrosinase temperaturabh\u00e4ngig ist: Bei hohen Temperaturen ist die Tyrosinase inaktiv, es wird kein Farbstoff gebildet. Je k\u00fchler die Temperatur wird, desto mehr Melanin entsteht. Neugeborene sind noch komplett \u201edurchgew\u00e4rmt\u201c und daher wei\u00df. Erst nach und nach beginnt das Fell im Bereich der weniger stark durchbluteten und damit k\u00fchleren Regionen des K\u00f6rpers nachzudunkeln, zun\u00e4chst an den Beinen, den Ohren, an Schwanz und Nase. Je \u00e4lter die Katze wird, desto dunkler wird sie, auch am Rumpf, da mit dem Alter die Durchblutung des K\u00f6rpers allgemein schlechter wird. Auch die Umgebungstemperatur spielt eine Rolle: In kalten Regionen werden Pointkatzen allgemein dunkler als in warmen Regionen.<\/p>\n<p>Dieser Gendefekt wird als \u201e<strong>O<\/strong>culo<strong>c<\/strong>utaner <strong>A<\/strong>lbinismus Typ 1\u201c, genauer als \u201eOCA 1B TS\u201c bezeichnet, wobei 1B f\u00fcr \u201etyrosinasepositiv\u201c steht (d. h. die Tyrosinase ist teilweise funktionsf\u00e4hig, im Gegensatz zu Typ 1A = tyrosinasenegativ = Albino) und TS f\u00fcr \u201etemperatursensitiv\u201c. Das zust\u00e4ndige Gen <em>TYR<\/em> wird in der Katzenzucht oft als \u201ePointfaktor\u201c oder \u201eColouration-Gen\u201c (C-Gen) bezeichnet.<\/p>\n<p>Du interessierst dich auch f\u00fcr die genetische Beziehung zwischen Mensch und Tier? Dann lies hier alles nach \u00fcber <a href=\"https:\/\/uelzener.de\/magazin\/katze\/haeufige-fragen\/dna-uebereinstimmung-katze-mensch\/\">D.N.A.-\u00dcbereinstimmung zwischen Katze und Menschen<\/a>.<\/p>\n<h2>Spezielle Augenfehler von Pointkatze<\/h2>\n<p>Ein weiteres Zeichen der Pointkatzen sind ihre blauen Augen (bei Katzen mit dem cs-Gen, \u201es\u201c steht dabei f\u00fcr Siam) bzw. gelben Augen (bei Katzen mit dem cb-Gen, \u201eb\u201c steht f\u00fcr Burma). Denn auch bei der Augenfarbe ist die Melaninproduktion von Bedeutung. Pointkatzen haben h\u00e4ufig Schwierigkeiten mit dem Sehen, da f\u00fcr die Entwicklung des Sehnervs auch Melanin n\u00f6tig ist. H\u00e4ufiger auftretende Augenfehler sind daher das Schielen (Strabismus), wodurch auch das r\u00e4umliche Sehen beeintr\u00e4chtigt sein kann, und das Augenzittern (Nystagmus). Aufgrund dieser erblichen Sehfehler werden Pointkatzen im \u201eGutachten zur Auslegung von \u00a7 11b des Tierschutzgesetzes (Verbot von Qualzuchten)\u201c erw\u00e4hnt. Es wird empfohlen, Pointkatzen vor der Zuchtzulassung an den Augen (\u201eophthalmologisch\u201c) untersuchen zu lassen und betroffene Katzen von der Zucht auszuschlie\u00dfen. Wer sich eine Pointkatze zulegen m\u00f6chte, sollte sie daher nur von einem verantwortungsvollen <a href=\"https:\/\/uelzener.de\/magazin\/katze\/tipps-fuer-den-alltag\/auswahl-katzenzuechter\/\" target=\"_blank\" rel=\"noopener\">Z\u00fcchter<\/a> erwerben.<\/p>\n\n<div class=\"related_articles boxed\">\n    <h2>Mehr zum Thema<\/h2>\n    \n    <div class=\"wrapper\"><div class=\"title align-center\"><h3><a href=\"https:\/\/uelzener.de\/magazin\/katze\/tiergesundheit\/hydrocephalus-bei-katzen\/\">Hydrocephalus bei Katzen: Symptome, Behandlung und Kosten<\/a><\/h3><\/div><div class=\"img align-center\"><img decoding=\"async\" width=\"315\" height=\"180\" src=\"https:\/\/uelzener.de\/magazin\/app\/uploads\/2023\/01\/hydrocephalus-katze-315x180.jpg\" class=\"attachment-315x180 size-315x180 wp-post-image\" alt=\"Hydrocephalus oder Wasserkopf bei Katzen kann sich in Schielen in jungen Jahren zeigen. Besonders h\u00e4ufig bei Qualzuchten.\" \/><\/div><\/div><div class=\"wrapper\"><div class=\"title align-center\"><h3><a href=\"https:\/\/uelzener.de\/magazin\/katze\/haeufige-fragen\/qualzucht-bei-katzen\/\">Qualzucht bei Katzen: Darauf musst du achten<\/a><\/h3><\/div><div class=\"img align-center\"><img decoding=\"async\" width=\"315\" height=\"180\" src=\"https:\/\/uelzener.de\/magazin\/app\/uploads\/2023\/04\/qualzucht-bei-katzen-highland-fold-315x180.jpg\" class=\"attachment-315x180 size-315x180 wp-post-image\" alt=\"Highland Fold Katze mit gefalteten Ohren und kurzen Beinen. Diese Rasse geh\u00f6rt zu den Qualzuchten bei Katzen.\" \/><\/div><\/div><div class=\"wrapper\"><div class=\"title align-center\"><h3><a href=\"https:\/\/uelzener.de\/magazin\/katze\/rasseportrait\/balinesen\/\">Balinesen: Intelligente und gesellige Samtpfoten<\/a><\/h3><\/div><div class=\"img align-center\"><img decoding=\"async\" width=\"315\" height=\"180\" src=\"https:\/\/uelzener.de\/magazin\/app\/uploads\/2025\/04\/balinese-315x180.jpg\" class=\"attachment-315x180 size-315x180 wp-post-image\" alt=\"Balinese Katze.\" \/><\/div><\/div><\/div>\n\n","protected":false},"excerpt":{"rendered":"<p>Wer kennt sie nicht, die elegante Siamkatze mit dem hellen Fell, den dunklen Beinen, der dunklen Gesichtsmaske und den strahlend blauen Augen. Die Fellzeichnung, die sie so unverwechselbar macht, wird in der Katzenzucht als \u201ePoint\u201c (engl. Punkt) bezeichnet. Weitere Katzenrassen mit Pointzeichnung sind beispielsweise Burmakatzen und Ragdolls. Gendefekt verursacht Fellzeichnung Hervorgerufen wird die Pointzeichnung durch [&hellip;]<\/p>\n","protected":false},"author":1,"featured_media":10730,"parent":2482,"menu_order":10,"comment_status":"open","ping_status":"open","template":"templates\/blog.php","meta":{"_acf_changed":false,"_crdt_document":"","footnotes":"","beyondwords_generate_audio":"","beyondwords_project_id":"","beyondwords_content_id":"","beyondwords_preview_token":"","beyondwords_player_style":"","beyondwords_language_id":"","beyondwords_title_voice_id":"","beyondwords_body_voice_id":"","beyondwords_summary_voice_id":"","beyondwords_error_message":"","beyondwords_disabled":"","beyondwords_delete_content":"","beyondwords_podcast_id":"","beyondwords_hash":"","publish_post_to_speechkit":"","speechkit_hash":"","speechkit_generate_audio":"","speechkit_project_id":"","speechkit_podcast_id":"","speechkit_error_message":"","speechkit_disabled":"","speechkit_access_key":"","speechkit_error":"","speechkit_info":"","speechkit_response":"","speechkit_retries":"","speechkit_status":"","speechkit_updated_at":"","_speechkit_link":"","_speechkit_text":""},"class_list":["post-10140","page","type-page","status-publish","has-post-thumbnail","hentry"],"acf":[],"yoast_head":"<!-- This site is optimized with the Yoast SEO Premium plugin  - https:\/\/yoast.com\/product\/yoast-seo-premium-wordpress\/ -->\n<title>Was ist eine Pointkatze? | Uelzener<\/title>\n<meta name=\"robots\" content=\"index, follow, max-snippet:-1, max-image-preview:large, max-video-preview:-1\" \/>\n<link rel=\"canonical\" href=\"https:\/\/uelzener.de\/magazin\/katze\/rasseportrait\/was-ist-eine-pointkatze\/\" \/>\n<meta property=\"og:locale\" content=\"de_DE\" \/>\n<meta property=\"og:type\" content=\"article\" \/>\n<meta property=\"og:title\" content=\"Was ist eine Pointkatze?\" \/>\n<meta property=\"og:description\" content=\"Wer kennt sie nicht, die elegante Siamkatze mit dem hellen Fell, den dunklen Beinen, der dunklen Gesichtsmaske und den strahlend blauen Augen. Die Fellzeichnung, die sie so unverwechselbar macht, wird in der Katzenzucht als \u201ePoint\u201c (engl. Punkt) bezeichnet. Weitere Katzenrassen mit Pointzeichnung sind beispielsweise Burmakatzen und Ragdolls. Gendefekt verursacht Fellzeichnung Hervorgerufen wird die Pointzeichnung durch [&hellip;]\" \/>\n<meta property=\"og:url\" content=\"https:\/\/uelzener.de\/magazin\/katze\/rasseportrait\/was-ist-eine-pointkatze\/\" \/>\n<meta property=\"og:site_name\" content=\"Uelzener Tier-Magazin\" \/>\n<meta property=\"article:publisher\" content=\"https:\/\/www.facebook.com\/Uelzener\" \/>\n<meta property=\"article:modified_time\" content=\"2025-09-11T10:03:48+00:00\" \/>\n<meta property=\"og:image\" content=\"https:\/\/uelzener.de\/magazin\/app\/uploads\/2016\/07\/b5a405cd-5322-41f6-9b42-17a75748959f.jpg\" \/>\n\t<meta property=\"og:image:width\" content=\"650\" \/>\n\t<meta property=\"og:image:height\" content=\"432\" \/>\n\t<meta property=\"og:image:type\" content=\"image\/jpeg\" \/>\n<meta name=\"twitter:card\" content=\"summary_large_image\" \/>\n<meta name=\"twitter:label1\" content=\"Gesch\u00e4tzte Lesezeit\" \/>\n\t<meta name=\"twitter:data1\" content=\"3\u00a0Minuten\" \/>\n<script type=\"application\/ld+json\" class=\"yoast-schema-graph\">{\"@context\":\"https:\/\/schema.org\",\"@graph\":[{\"@type\":\"WebPage\",\"@id\":\"https:\/\/uelzener.de\/magazin\/katze\/rasseportrait\/was-ist-eine-pointkatze\/\",\"url\":\"https:\/\/uelzener.de\/magazin\/katze\/rasseportrait\/was-ist-eine-pointkatze\/\",\"name\":\"Was ist eine Pointkatze? | Uelzener\",\"isPartOf\":{\"@id\":\"https:\/\/uelzener.de\/magazin\/#website\"},\"primaryImageOfPage\":{\"@id\":\"https:\/\/uelzener.de\/magazin\/katze\/rasseportrait\/was-ist-eine-pointkatze\/#primaryimage\"},\"image\":{\"@id\":\"https:\/\/uelzener.de\/magazin\/katze\/rasseportrait\/was-ist-eine-pointkatze\/#primaryimage\"},\"thumbnailUrl\":\"https:\/\/uelzener.de\/magazin\/app\/uploads\/2016\/07\/b5a405cd-5322-41f6-9b42-17a75748959f.jpg\",\"datePublished\":\"2016-07-07T00:00:00+00:00\",\"dateModified\":\"2025-09-11T10:03:48+00:00\",\"breadcrumb\":{\"@id\":\"https:\/\/uelzener.de\/magazin\/katze\/rasseportrait\/was-ist-eine-pointkatze\/#breadcrumb\"},\"inLanguage\":\"de\",\"potentialAction\":[{\"@type\":\"ReadAction\",\"target\":[\"https:\/\/uelzener.de\/magazin\/katze\/rasseportrait\/was-ist-eine-pointkatze\/\"]}]},{\"@type\":\"ImageObject\",\"inLanguage\":\"de\",\"@id\":\"https:\/\/uelzener.de\/magazin\/katze\/rasseportrait\/was-ist-eine-pointkatze\/#primaryimage\",\"url\":\"https:\/\/uelzener.de\/magazin\/app\/uploads\/2016\/07\/b5a405cd-5322-41f6-9b42-17a75748959f.jpg\",\"contentUrl\":\"https:\/\/uelzener.de\/magazin\/app\/uploads\/2016\/07\/b5a405cd-5322-41f6-9b42-17a75748959f.jpg\",\"width\":650,\"height\":432,\"caption\":\"Pointkatze sitzt vor einem Blumenstrau\u00df es ist eine sehr sch\u00f6ne Rasse.\"},{\"@type\":\"WebSite\",\"@id\":\"https:\/\/uelzener.de\/magazin\/#website\",\"url\":\"https:\/\/uelzener.de\/magazin\/\",\"name\":\"Uelzener Tiermagazin\",\"description\":\"Online Tierratgeber der Uelzener Versicherungen\",\"publisher\":{\"@id\":\"https:\/\/uelzener.de\/magazin\/#organization\"},\"potentialAction\":[{\"@type\":\"SearchAction\",\"target\":{\"@type\":\"EntryPoint\",\"urlTemplate\":\"https:\/\/uelzener.de\/magazin\/?s={search_term_string}\"},\"query-input\":{\"@type\":\"PropertyValueSpecification\",\"valueRequired\":true,\"valueName\":\"search_term_string\"}}],\"inLanguage\":\"de\"},{\"@type\":\"Organization\",\"@id\":\"https:\/\/uelzener.de\/magazin\/#organization\",\"name\":\"Uelzener Versicherungen\",\"url\":\"https:\/\/uelzener.de\/magazin\/\",\"logo\":{\"@type\":\"ImageObject\",\"inLanguage\":\"de\",\"@id\":\"https:\/\/uelzener.de\/magazin\/#\/schema\/logo\/image\/\",\"url\":\"https:\/\/uelzener.de\/magazin\/app\/uploads\/2024\/11\/uelzener_allgemeine_versicherungsgesellschaft_a_g_logo.jpg\",\"contentUrl\":\"https:\/\/uelzener.de\/magazin\/app\/uploads\/2024\/11\/uelzener_allgemeine_versicherungsgesellschaft_a_g_logo.jpg\",\"width\":200,\"height\":200,\"caption\":\"Uelzener Versicherungen\"},\"image\":{\"@id\":\"https:\/\/uelzener.de\/magazin\/#\/schema\/logo\/image\/\"},\"sameAs\":[\"https:\/\/www.facebook.com\/Uelzener\",\"https:\/\/instagram.com\/uelzener\",\"https:\/\/www.xing.com\/pages\/uelzenerallgemeineversicherungs-gesellschafta-g\",\"https:\/\/www.youtube.com\/UelzenerVersicherungen\"]}]}<\/script>\n<!-- \/ Yoast SEO Premium plugin. -->","yoast_head_json":{"title":"Was ist eine Pointkatze? | Uelzener","robots":{"index":"index","follow":"follow","max-snippet":"max-snippet:-1","max-image-preview":"max-image-preview:large","max-video-preview":"max-video-preview:-1"},"canonical":"https:\/\/uelzener.de\/magazin\/katze\/rasseportrait\/was-ist-eine-pointkatze\/","og_locale":"de_DE","og_type":"article","og_title":"Was ist eine Pointkatze?","og_description":"Wer kennt sie nicht, die elegante Siamkatze mit dem hellen Fell, den dunklen Beinen, der dunklen Gesichtsmaske und den strahlend blauen Augen. Die Fellzeichnung, die sie so unverwechselbar macht, wird in der Katzenzucht als \u201ePoint\u201c (engl. Punkt) bezeichnet. Weitere Katzenrassen mit Pointzeichnung sind beispielsweise Burmakatzen und Ragdolls. Gendefekt verursacht Fellzeichnung Hervorgerufen wird die Pointzeichnung durch [&hellip;]","og_url":"https:\/\/uelzener.de\/magazin\/katze\/rasseportrait\/was-ist-eine-pointkatze\/","og_site_name":"Uelzener Tier-Magazin","article_publisher":"https:\/\/www.facebook.com\/Uelzener","article_modified_time":"2025-09-11T10:03:48+00:00","og_image":[{"width":650,"height":432,"url":"https:\/\/uelzener.de\/magazin\/app\/uploads\/2016\/07\/b5a405cd-5322-41f6-9b42-17a75748959f.jpg","type":"image\/jpeg"}],"twitter_card":"summary_large_image","twitter_misc":{"Gesch\u00e4tzte Lesezeit":"3\u00a0Minuten"},"schema":{"@context":"https:\/\/schema.org","@graph":[{"@type":"WebPage","@id":"https:\/\/uelzener.de\/magazin\/katze\/rasseportrait\/was-ist-eine-pointkatze\/","url":"https:\/\/uelzener.de\/magazin\/katze\/rasseportrait\/was-ist-eine-pointkatze\/","name":"Was ist eine Pointkatze? | Uelzener","isPartOf":{"@id":"https:\/\/uelzener.de\/magazin\/#website"},"primaryImageOfPage":{"@id":"https:\/\/uelzener.de\/magazin\/katze\/rasseportrait\/was-ist-eine-pointkatze\/#primaryimage"},"image":{"@id":"https:\/\/uelzener.de\/magazin\/katze\/rasseportrait\/was-ist-eine-pointkatze\/#primaryimage"},"thumbnailUrl":"https:\/\/uelzener.de\/magazin\/app\/uploads\/2016\/07\/b5a405cd-5322-41f6-9b42-17a75748959f.jpg","datePublished":"2016-07-07T00:00:00+00:00","dateModified":"2025-09-11T10:03:48+00:00","breadcrumb":{"@id":"https:\/\/uelzener.de\/magazin\/katze\/rasseportrait\/was-ist-eine-pointkatze\/#breadcrumb"},"inLanguage":"de","potentialAction":[{"@type":"ReadAction","target":["https:\/\/uelzener.de\/magazin\/katze\/rasseportrait\/was-ist-eine-pointkatze\/"]}]},{"@type":"ImageObject","inLanguage":"de","@id":"https:\/\/uelzener.de\/magazin\/katze\/rasseportrait\/was-ist-eine-pointkatze\/#primaryimage","url":"https:\/\/uelzener.de\/magazin\/app\/uploads\/2016\/07\/b5a405cd-5322-41f6-9b42-17a75748959f.jpg","contentUrl":"https:\/\/uelzener.de\/magazin\/app\/uploads\/2016\/07\/b5a405cd-5322-41f6-9b42-17a75748959f.jpg","width":650,"height":432,"caption":"Pointkatze sitzt vor einem Blumenstrau\u00df es ist eine sehr sch\u00f6ne Rasse."},{"@type":"WebSite","@id":"https:\/\/uelzener.de\/magazin\/#website","url":"https:\/\/uelzener.de\/magazin\/","name":"Uelzener Tiermagazin","description":"Online Tierratgeber der Uelzener Versicherungen","publisher":{"@id":"https:\/\/uelzener.de\/magazin\/#organization"},"potentialAction":[{"@type":"SearchAction","target":{"@type":"EntryPoint","urlTemplate":"https:\/\/uelzener.de\/magazin\/?s={search_term_string}"},"query-input":{"@type":"PropertyValueSpecification","valueRequired":true,"valueName":"search_term_string"}}],"inLanguage":"de"},{"@type":"Organization","@id":"https:\/\/uelzener.de\/magazin\/#organization","name":"Uelzener Versicherungen","url":"https:\/\/uelzener.de\/magazin\/","logo":{"@type":"ImageObject","inLanguage":"de","@id":"https:\/\/uelzener.de\/magazin\/#\/schema\/logo\/image\/","url":"https:\/\/uelzener.de\/magazin\/app\/uploads\/2024\/11\/uelzener_allgemeine_versicherungsgesellschaft_a_g_logo.jpg","contentUrl":"https:\/\/uelzener.de\/magazin\/app\/uploads\/2024\/11\/uelzener_allgemeine_versicherungsgesellschaft_a_g_logo.jpg","width":200,"height":200,"caption":"Uelzener Versicherungen"},"image":{"@id":"https:\/\/uelzener.de\/magazin\/#\/schema\/logo\/image\/"},"sameAs":["https:\/\/www.facebook.com\/Uelzener","https:\/\/instagram.com\/uelzener","https:\/\/www.xing.com\/pages\/uelzenerallgemeineversicherungs-gesellschafta-g","https:\/\/www.youtube.com\/UelzenerVersicherungen"]}]}},"_links":{"self":[{"href":"https:\/\/uelzener.de\/magazin\/wp-json\/wp\/v2\/pages\/10140","targetHints":{"allow":["GET"]}}],"collection":[{"href":"https:\/\/uelzener.de\/magazin\/wp-json\/wp\/v2\/pages"}],"about":[{"href":"https:\/\/uelzener.de\/magazin\/wp-json\/wp\/v2\/types\/page"}],"author":[{"embeddable":true,"href":"https:\/\/uelzener.de\/magazin\/wp-json\/wp\/v2\/users\/1"}],"replies":[{"embeddable":true,"href":"https:\/\/uelzener.de\/magazin\/wp-json\/wp\/v2\/comments?post=10140"}],"version-history":[{"count":9,"href":"https:\/\/uelzener.de\/magazin\/wp-json\/wp\/v2\/pages\/10140\/revisions"}],"predecessor-version":[{"id":19216,"href":"https:\/\/uelzener.de\/magazin\/wp-json\/wp\/v2\/pages\/10140\/revisions\/19216"}],"up":[{"embeddable":true,"href":"https:\/\/uelzener.de\/magazin\/wp-json\/wp\/v2\/pages\/2482"}],"wp:featuredmedia":[{"embeddable":true,"href":"https:\/\/uelzener.de\/magazin\/wp-json\/wp\/v2\/media\/10730"}],"wp:attachment":[{"href":"https:\/\/uelzener.de\/magazin\/wp-json\/wp\/v2\/media?parent=10140"}],"curies":[{"name":"wp","href":"https:\/\/api.w.org\/{rel}","templated":true}]}}