{"id":10139,"date":"2022-06-26T00:00:00","date_gmt":"2022-06-25T22:00:00","guid":{"rendered":""},"modified":"2025-09-02T13:39:01","modified_gmt":"2025-09-02T11:39:01","slug":"katze-abkuehlen-bei-hitze","status":"publish","type":"page","link":"https:\/\/uelzener.de\/magazin\/katze\/tipps-fuer-den-alltag\/katze-abkuehlen-bei-hitze\/","title":{"rendered":"Katze bei Hitze abk\u00fchlen: Tipps f\u00fcr den Sommer"},"content":{"rendered":"<p>Wenn die Temperaturen im Sommer steigen, r\u00e4kelt sich die Katze anfangs vielleicht noch in den warmen Sonnenstrahlen. N\u00e4hert sich die Anzeige auf dem Thermometer dauerhaft 30 Grad an, wird es aber auch dem Stubentiger schnell zu hei\u00df. Bevor die Mieze einen Hitzschlag erleidet, solltest du ihr helfen, sich abzuk\u00fchlen.<\/p>\n<p>Katzen geht es nicht anders als uns Menschen: Wer <strong>sehr jung oder alt<\/strong> ist, <strong>Vorerkrankungen<\/strong> oder <strong>k\u00f6rperliche Gebrechen<\/strong> hat, der vertr\u00e4gt die Hitze schlechter als die Durchschnittspopulation. Nat\u00fcrlich spielen auch die individuelle Verfassung und Vorlieben eine Rolle \u2013 das eine Tier liebt die W\u00e4rme, das andere zieht sich an hei\u00dfen Tagen lieber zur\u00fcck.<\/p>\n<p>In jedem Fall sollten Katzenhalter:innen gut hinsehen, wie ihr Vierbeiner sommerliche Temperaturen vertr\u00e4gt. Die <strong>drei h\u00e4ufigsten Folgen von starker Hitze sind bei Katzen Sonnenbrand, Hitzschlag und Dehydration (Austrocknung).<\/strong> Im Folgenden erf\u00e4hrst du, woran du diese Gefahren erkennst und wie du dein Tier davor bewahrst.<\/p>\n<h2><strong>Die Katze vor Sonnenbrand sch\u00fctzen<\/strong><\/h2>\n<p>Sonnenbrand \u00e4u\u00dfert sich bei Katzen wie beim Menschen und kann zu <strong>Entz\u00fcndungen<\/strong> und im schlimmsten Fall zu <a href=\"https:\/\/uelzener.de\/magazin\/katze\/tiergesundheit\/hautkrebs-bei-katzen-ursachen-symptome-behandlung\/\" target=\"_blank\" rel=\"noopener\"><strong>Hautkrebs<\/strong><\/a> f\u00fchren. Vor allem Katzen mit <strong>hellem Fell und haararme Arten <\/strong>sind anf\u00e4llig f\u00fcr Sonnenbrand. Weniger durch Fell gesch\u00fctzte Stellen, etwa die Ohren und die Nase, sind besonders gef\u00e4hrdet. Wenn deine Katze UV-Strahlen ausgesetzt ist, solltest du besonders diese Partien mit speziellen Sonnencremes f\u00fcr Haustiere oder parf\u00fcmfreien Varianten f\u00fcr Kinder sch\u00fctzen. Ein Lichtschutzfaktor von mindestens 30 wird empfohlen. Zudem sollte die Haut des K\u00e4tzchens regelm\u00e4\u00dfig \u00fcberpr\u00fcft werden.<\/p>\n<h2><strong>Die Katze sollte gen\u00fcgend trinken<\/strong><\/h2>\n<p>Grunds\u00e4tzlich sind die meisten Katzen trinkfaul, was insbesondere bei hohen Temperaturen<strong>\u00a0schnell zur Dehydration<\/strong> f\u00fchren kann. Die Mieze wirkt dann schlapper als normal, ihre Schleimh\u00e4ute werden klebrig und die Herzfrequenz erh\u00f6ht sich. Zudem l\u00e4sst die Hautspannung nach. Zum Test kannst du daf\u00fcr vorsichtig mit zwei Fingern eine Hautfalte greifen und sanft anheben. Geht diese nicht sofort wieder in die urspr\u00fcngliche Position zur\u00fcck, braucht deine Katze dringend Fl\u00fcssigkeit.<\/p>\n<h2><strong>So sch\u00fctzt du deine Katze vor einem Hitzschlag<\/strong><\/h2>\n<p>Hohe Temperaturen k\u00f6nnen bei einer Katze schnell zu <strong>Kreislaufproblemen<\/strong> f\u00fchren. Anzeichen daf\u00fcr sind <strong>Erbrechen, erh\u00f6hte K\u00f6rpertemperatur, Atemnot und k\u00f6rperliche Schw\u00e4che<\/strong>, vom leichten Taumeln bis zur Bewusstlosigkeit. In diesem Fall gilt es, sofort <strong><a href=\"https:\/\/uelzener.de\/magazin\/katze\/tipps-fuer-den-alltag\/erste-hilfe-katzen\/\">Erste Hilfe bei der Katze<\/a><\/strong> zu leisten und eine Tierarztpraxis aufzusuchen.<\/p>\n<p>Ein Hitzschlag \u00e4u\u00dfert sich mit \u00e4hnlichen Symptomen. Zus\u00e4tzlich <strong>schwitzt die Katze stark \u00fcber die Pfoten und hechelt<\/strong>. Letzteres machen unsere Stubentiger im Gegensatz zu Hunden nur in Extremsituationen, sodass in diesem Fall tier\u00e4rztliche Hilfe immer in Anspruch genommen werden sollte. Anf\u00e4llig f\u00fcr einen Hitzschlag sind grunds\u00e4tzlich alle Katzen, in besonderem Ma\u00dfe \u00fcbergewichtige Tiere und solche mit Vorerkrankungen von Herz oder Atemwegen.<\/p>\n<h2><strong>Abk\u00fchlung f\u00fcr Katzen<\/strong><\/h2>\n<p>Zum Gl\u00fcck ist es relativ leicht, einer Katze M\u00f6glichkeiten zur Abk\u00fchlung zu bieten. Hier kommen unsere besten Tipps:<\/p>\n<ul>\n<li><strong>Eisw\u00fcrfel in Wasserschale: <\/strong>Wer seiner Katze Eisw\u00fcrfel oder gefrorene Leckerlis in die Wasserschale gibt, hilft gleich dreifach: Zum einen wird der <strong>Spieltrieb<\/strong> <strong>geweckt<\/strong> und die <strong>Katze ist besch\u00e4ftigt<\/strong>. Au\u00dferdem k\u00fchlt die Katze dabei automatisch ihre Pfoten. Und drittens leckt sie sich anschlie\u00dfend das Wasser vom Fell und nimmt so zus\u00e4tzliche Fl\u00fcssigkeit auf.<\/li>\n<li><strong>Wasser aus verschiedenen Quellen: <\/strong>Besonders im Sommer sollte eine Katze immer genug frisches Wasser zur Verf\u00fcgung haben. Da es sich h\u00e4ufig um trinkfaule Tiere handelt, bietet es sich an, mehrere Wassersch\u00fcsseln in der Wohnung zu verteilen. <strong>Denn je \u00f6fter die Katze Wasser in unmittelbarer N\u00e4he hat, desto eher wird sie die Chance zum Trinken nutzen<\/strong>. Wird ein Napf hingegen l\u00e4ngere Zeit nicht anger\u00fchrt, sollte das Wasser ausgetauscht werden. Viele Katzen trinken lieber flie\u00dfendes als stehendes Wasser und finden daher Trinkbrunnen oder den Wasserhahn reizvoll. Zus\u00e4tzlich bietet Nassfutter mehr Fl\u00fcssigkeit als Trockenfutter und kann somit unterst\u00fctzen. Wichtig: Gerade bei Hitze verdirbt das Futter recht schnell! Dennoch sollte es nicht direkt aus dem K\u00fchlschrank verf\u00fcttert werden, da das wiederum zu Magenbeschwerden f\u00fchren kann.<\/li>\n<li><strong>Feuchte Handt\u00fccher: <\/strong>Ein feuchtes Handtuch, auf dem Boden ausgebreitet, kann bei Hitze schnell zum Lieblingsort der Katze werden. <strong>Die Katze kann sich darauflegen und entspannt erfrischen<\/strong>. Wenn deine Katze es zul\u00e4sst und keine Zeichen von Angst zeigt, kannst du ihr Fell auch mit einem feuchten Tuch abreiben. Insbesondere Gesicht, Ohren und Pfoten brauchen Abk\u00fchlung. Das Tuch darf jedoch niemals auf der Katze liegengelassen werden, da sich darunter schnell ein Hitzestau bilden kann. Au\u00dferdem sollte eine Katze niemals mit Wasser \u00fcbergossen werden. Das kann das Vertrauen der Mieze nachhaltig besch\u00e4digen.<\/li>\n<li><strong>Frische Luft: <\/strong>Wie f\u00fcr den Menschen ist auch f\u00fcr die Katze frische Luft essenziell. Gerade am fr\u00fchen Morgen oder am Abend, wenn die Luft etwas k\u00fchler ist, sollte daher <strong>gel\u00fcftet werden<\/strong>. Es sollte allerdings kein zu drastischer Unterschied zwischen Au\u00dfen- und Innentemperatur entstehen, da die Katze sonst Kreislaufprobleme bekommen k\u00f6nnte. Ventilatoren und offene Fenster helfen, m\u00fcssen aber unbedingt katzensicher sein. Ansonsten gibt es eine gro\u00dfe Verletzungsgefahr, wenn die Katze etwa aus einem Kippfenster fl\u00fcchten m\u00f6chte.<\/li>\n<li><strong>Schattige Pl\u00e4tzchen: <\/strong>Sowohl drau\u00dfen als auch drinnen braucht eine Katze immer ausreichend <strong>schattige R\u00fcckzugsm\u00f6glichkeiten<\/strong>. Es kann daher helfen, die Rollos tags\u00fcber zu schlie\u00dfen und auf Balkon oder Terrasse Sonnenschirme anzubringen. Besonders beliebt sind k\u00fchle Fliesenb\u00f6den und das Porzellan von Badewanne und Waschbecken \u2013 an hei\u00dfen Tagen also einfach die T\u00fcr zum Badezimmer offen lassen. Auch Keller und Kammern sind sehr beliebt und sollten immer \u00fcberpr\u00fcft werden, bevor man eine Katze aus Versehen einschlie\u00dft.<\/li>\n<li><strong>Katzenklappe:<\/strong> Wenn eine Katze <strong>dank einer Katzenklappe frei entscheiden<\/strong> kann, wann sie sich der Hitze aussetzt oder sich in einen k\u00fchlen Raum zur\u00fcckzieht, tr\u00e4gt das zu ihrem Wohlbefinden bei. Ist diese Klappe frei zug\u00e4nglich, werden aber m\u00f6glicherweise auch fremde Katzen Schutz suchen.<\/li>\n<li><strong>Langhaarkatzen b\u00fcrsten und scheren: <\/strong>Ein sehr langes und dichtes Fell kann schnell zur Belastung werden, wenn die Temperaturen steigen. Es sollte daher <strong>regelm\u00e4\u00dfig geb\u00fcrstet<\/strong> werden, um die Katze von losen Haaren zu befreien. Bei der Gelegenheit bietet es sich an, die Katze gleich auf Sonnenbrand und Zecken zu untersuchen. Zudem kann es helfen, das Fell der Katze etwas zu stutzen. Dies sollte in Absprache mit dem Tierarzt oder der Tier\u00e4rztin geschehen, damit das Tier nicht darunter leidet.<\/li>\n<li><strong>Offene T\u00fcren: <\/strong>Eigentlich sollte dieser Punkt mittlerweile selbstverst\u00e4ndlich sein, dennoch gibt es jedes Jahr neue Meldungen dazu: Unter keinen Umst\u00e4nden, auch nicht \u201enur kurz\u201c, sollte ein Tier in einem geschlossenen Auto zur\u00fcckgelassen oder in einem anderen \u00fcberhitzten Raum eingeschlossen werden!<\/li>\n<\/ul>\n<p>Eine Katze kann im Sommer mit diesen einfachen Ma\u00dfnahmen vor der Hitze gesch\u00fctzt werden und sich angenehm abk\u00fchlen. Wenn es dennoch zu Sonnenbrand, Hitzeschlag oder Dehydration kommt, sollte unverz\u00fcglich tier\u00e4rztliche Hilfe gesucht werden. Ausreichend Wasser und temperierte R\u00e4ume helfen aber auch den Besitzer:innen, die hei\u00dfen Tage gut zu \u00fcberstehen.<\/p>\n\n<div class=\"related_articles boxed\">\n    <h2>Mehr zum Thema<\/h2>\n    \n    <div class=\"wrapper\"><div class=\"title align-center\"><h3><a href=\"https:\/\/uelzener.de\/magazin\/katze\/haltung\/koennen-katzen-schwimmen\/\">K\u00f6nnen Katzen schwimmen? Ein Blick in die Welt der felinen Schwimmer<\/a><\/h3><\/div><div class=\"img align-center\"><img decoding=\"async\" width=\"315\" height=\"180\" src=\"https:\/\/uelzener.de\/magazin\/app\/uploads\/2023\/08\/katzen-wasserscheu-schwimmen-315x180.jpg\" class=\"attachment-315x180 size-315x180 wp-post-image\" alt=\"Katzen l\u00e4uft vorsichtig durchs Wasser eines kleinen Baches.\" \/><\/div><\/div><div class=\"wrapper\"><div class=\"title align-center\"><h3><a href=\"https:\/\/uelzener.de\/magazin\/katze\/haltung\/katzen-aussengehege-planen-bauen\/\">Gesicherter Freilauf f\u00fcr Katzen: Au\u00dfengehege planen und bauen<\/a><\/h3><\/div><div class=\"img align-center\"><img decoding=\"async\" width=\"315\" height=\"180\" src=\"https:\/\/uelzener.de\/magazin\/app\/uploads\/2024\/05\/aussengehege-fuer-katzen-315x180.jpg\" class=\"attachment-315x180 size-315x180 wp-post-image\" alt=\"Schwarze Katze im Aussengehege.\" \/><\/div><\/div><div class=\"wrapper\"><div class=\"title align-center\"><h3><a href=\"https:\/\/uelzener.de\/magazin\/katze\/ernaehrung\/diy-eis-fuer-katzen\/\">DIY: Eis f\u00fcr Katzen \u2013 Schmackhafte Abk\u00fchlung an hei\u00dfen Sommertagen<\/a><\/h3><\/div><div class=\"img align-center\"><img decoding=\"async\" width=\"315\" height=\"180\" src=\"https:\/\/uelzener.de\/magazin\/app\/uploads\/2024\/06\/diy-katzeneis-315x180.jpg\" class=\"attachment-315x180 size-315x180 wp-post-image\" alt=\"Katze schleckt selbgemachtes Eis.\" \/><\/div><\/div><\/div>\n\n<h2>FAQ: H\u00e4ufig gestellte Fragen<\/h2>\n<h3>K\u00f6nnen Katzen Sonnenbrand bekommen?<\/h3>\n<p>Ja, auch Katzen k\u00f6nnen einen Sonnenbrand bekommen. Dieser kann wie beim Menschen zu Entz\u00fcndungen und Hautkrebs f\u00fchren. Ohren und Nase sind besonders gef\u00e4hrdet und sollten mit spezieller Sonnencreme gesch\u00fctzt werden. Katzen mit hellem oder wenig Fell sind besonders anf\u00e4llig.<\/p>\n<h3>Wie kann man seine Katze im Sommer besch\u00e4ftigen?<\/h3>\n<p>Im Sommer eignet es sich gut, Besch\u00e4ftigung und Abk\u00fchlung zu kombinieren. So kannst du zum Beispiel Eisw\u00fcrfel oder gefrorene Leckerlis in eine Wasserschale geben.<\/p>\n<h3>Was kann ich tun, damit meine Katze mehr trinkt?<\/h3>\n<p>Im Sommer sollten Katzen immer ausreichend Fl\u00fcssigkeit zu sich nehmen. Dazu sollten mehrere Wassern\u00e4pfe in der Wohnung verteilt werden. Zudem lassen sich einige Katzen durch Trinkbrunnen zum Trinken animieren. Nassfutter kann ebenfalls daf\u00fcr sorgen, dass Katzen mehr Fl\u00fcssigkeit aufnehmen.<\/p>\n<h3>Wie kann ich meine Katze abk\u00fchlen?<\/h3>\n<p>Feuchte Handt\u00fccher, frische Luft, ein gut geb\u00fcrstetes Fell und schattige R\u00fcckzugsm\u00f6glichkeiten helfen deiner Katze sich auch bei h\u00f6heren Temperaturen abzuk\u00fchlen.<\/p>\n<p>Hier weitere Tipps, wie du den <a href=\"https:\/\/uelzener.de\/magazin\/katze\/haltung\/garten-katzensicher-machen\/\">Garten sicher f\u00fcr Katzen gestalten<\/a> kannst, sodass deine Katze sich dort wohlf\u00fchlt \u2013 unabh\u00e4ngig von der Jahreszeit.<\/p>\n","protected":false},"excerpt":{"rendered":"<p>Wenn die Temperaturen im Sommer steigen, r\u00e4kelt sich die Katze anfangs vielleicht noch in den warmen Sonnenstrahlen. N\u00e4hert sich die Anzeige auf dem Thermometer dauerhaft 30 Grad an, wird es aber auch dem Stubentiger schnell zu hei\u00df. Bevor die Mieze einen Hitzschlag erleidet, solltest du ihr helfen, sich abzuk\u00fchlen. Katzen geht es nicht anders als [&hellip;]<\/p>\n","protected":false},"author":1,"featured_media":13475,"parent":11709,"menu_order":7,"comment_status":"closed","ping_status":"closed","template":"templates\/blog.php","meta":{"_acf_changed":false,"_crdt_document":"","footnotes":"","beyondwords_generate_audio":"","beyondwords_project_id":"","beyondwords_content_id":"","beyondwords_preview_token":"","beyondwords_player_style":"","beyondwords_language_id":"","beyondwords_title_voice_id":"","beyondwords_body_voice_id":"","beyondwords_summary_voice_id":"","beyondwords_error_message":"","beyondwords_disabled":"","beyondwords_delete_content":"","beyondwords_podcast_id":"","beyondwords_hash":"","publish_post_to_speechkit":"","speechkit_hash":"","speechkit_generate_audio":"","speechkit_project_id":"","speechkit_podcast_id":"","speechkit_error_message":"","speechkit_disabled":"","speechkit_access_key":"","speechkit_error":"","speechkit_info":"","speechkit_response":"","speechkit_retries":"","speechkit_status":"","speechkit_updated_at":"","_speechkit_link":"","_speechkit_text":""},"class_list":["post-10139","page","type-page","status-publish","has-post-thumbnail","hentry"],"acf":[],"yoast_head":"<!-- This site is optimized with the Yoast SEO Premium plugin  - https:\/\/yoast.com\/product\/yoast-seo-premium-wordpress\/ -->\n<title>Katze bei Hitze abk\u00fchlen \u2013 Tipps f\u00fcr den Sommer | Uelzener<\/title>\n<meta name=\"description\" content=\"Katzen k\u00f6nnen nicht schwitzen \u25b6 Erfahre hier, wie Du Deiner Katze bei Hitze eine Abk\u00fchlung verschaffst!\" \/>\n<meta name=\"robots\" content=\"index, follow, max-snippet:-1, max-image-preview:large, max-video-preview:-1\" \/>\n<link rel=\"canonical\" href=\"https:\/\/uelzener.de\/magazin\/katze\/tipps-fuer-den-alltag\/katze-abkuehlen-bei-hitze\/\" \/>\n<meta property=\"og:locale\" content=\"de_DE\" \/>\n<meta property=\"og:type\" content=\"article\" \/>\n<meta property=\"og:title\" content=\"Katze bei Hitze abk\u00fchlen: Tipps f\u00fcr den Sommer\" \/>\n<meta property=\"og:description\" content=\"Katzen k\u00f6nnen nicht schwitzen \u25b6 Erfahre hier, wie Du Deiner Katze bei Hitze eine Abk\u00fchlung verschaffst!\" \/>\n<meta property=\"og:url\" content=\"https:\/\/uelzener.de\/magazin\/katze\/tipps-fuer-den-alltag\/katze-abkuehlen-bei-hitze\/\" \/>\n<meta property=\"og:site_name\" content=\"Uelzener Tier-Magazin\" \/>\n<meta property=\"article:publisher\" content=\"https:\/\/www.facebook.com\/Uelzener\" \/>\n<meta property=\"article:modified_time\" content=\"2025-09-02T11:39:01+00:00\" \/>\n<meta property=\"og:image\" content=\"https:\/\/uelzener.de\/magazin\/app\/uploads\/2022\/06\/Sommertipps-fuer-Katzen.jpg\" \/>\n\t<meta property=\"og:image:width\" content=\"1024\" \/>\n\t<meta property=\"og:image:height\" content=\"450\" \/>\n\t<meta property=\"og:image:type\" content=\"image\/jpeg\" \/>\n<meta name=\"twitter:card\" content=\"summary_large_image\" \/>\n<meta name=\"twitter:label1\" content=\"Gesch\u00e4tzte Lesezeit\" \/>\n\t<meta name=\"twitter:data1\" content=\"8\u00a0Minuten\" \/>\n<script type=\"application\/ld+json\" class=\"yoast-schema-graph\">{\"@context\":\"https:\/\/schema.org\",\"@graph\":[{\"@type\":\"WebPage\",\"@id\":\"https:\/\/uelzener.de\/magazin\/katze\/tipps-fuer-den-alltag\/katze-abkuehlen-bei-hitze\/\",\"url\":\"https:\/\/uelzener.de\/magazin\/katze\/tipps-fuer-den-alltag\/katze-abkuehlen-bei-hitze\/\",\"name\":\"Katze bei Hitze abk\u00fchlen \u2013 Tipps f\u00fcr den Sommer | Uelzener\",\"isPartOf\":{\"@id\":\"https:\/\/uelzener.de\/magazin\/#website\"},\"primaryImageOfPage\":{\"@id\":\"https:\/\/uelzener.de\/magazin\/katze\/tipps-fuer-den-alltag\/katze-abkuehlen-bei-hitze\/#primaryimage\"},\"image\":{\"@id\":\"https:\/\/uelzener.de\/magazin\/katze\/tipps-fuer-den-alltag\/katze-abkuehlen-bei-hitze\/#primaryimage\"},\"thumbnailUrl\":\"https:\/\/uelzener.de\/magazin\/app\/uploads\/2022\/06\/Sommertipps-fuer-Katzen.jpg\",\"datePublished\":\"2022-06-25T22:00:00+00:00\",\"dateModified\":\"2025-09-02T11:39:01+00:00\",\"description\":\"Katzen k\u00f6nnen nicht schwitzen \u25b6 Erfahre hier, wie Du Deiner Katze bei Hitze eine Abk\u00fchlung verschaffst!\",\"breadcrumb\":{\"@id\":\"https:\/\/uelzener.de\/magazin\/katze\/tipps-fuer-den-alltag\/katze-abkuehlen-bei-hitze\/#breadcrumb\"},\"inLanguage\":\"de\",\"potentialAction\":[{\"@type\":\"ReadAction\",\"target\":[\"https:\/\/uelzener.de\/magazin\/katze\/tipps-fuer-den-alltag\/katze-abkuehlen-bei-hitze\/\"]}]},{\"@type\":\"ImageObject\",\"inLanguage\":\"de\",\"@id\":\"https:\/\/uelzener.de\/magazin\/katze\/tipps-fuer-den-alltag\/katze-abkuehlen-bei-hitze\/#primaryimage\",\"url\":\"https:\/\/uelzener.de\/magazin\/app\/uploads\/2022\/06\/Sommertipps-fuer-Katzen.jpg\",\"contentUrl\":\"https:\/\/uelzener.de\/magazin\/app\/uploads\/2022\/06\/Sommertipps-fuer-Katzen.jpg\",\"width\":1024,\"height\":450,\"caption\":\"Katze abk\u00fchlen im Sommer\"},{\"@type\":\"WebSite\",\"@id\":\"https:\/\/uelzener.de\/magazin\/#website\",\"url\":\"https:\/\/uelzener.de\/magazin\/\",\"name\":\"Uelzener Tiermagazin\",\"description\":\"Online Tierratgeber der Uelzener Versicherungen\",\"publisher\":{\"@id\":\"https:\/\/uelzener.de\/magazin\/#organization\"},\"potentialAction\":[{\"@type\":\"SearchAction\",\"target\":{\"@type\":\"EntryPoint\",\"urlTemplate\":\"https:\/\/uelzener.de\/magazin\/?s={search_term_string}\"},\"query-input\":{\"@type\":\"PropertyValueSpecification\",\"valueRequired\":true,\"valueName\":\"search_term_string\"}}],\"inLanguage\":\"de\"},{\"@type\":\"Organization\",\"@id\":\"https:\/\/uelzener.de\/magazin\/#organization\",\"name\":\"Uelzener Versicherungen\",\"url\":\"https:\/\/uelzener.de\/magazin\/\",\"logo\":{\"@type\":\"ImageObject\",\"inLanguage\":\"de\",\"@id\":\"https:\/\/uelzener.de\/magazin\/#\/schema\/logo\/image\/\",\"url\":\"https:\/\/uelzener.de\/magazin\/app\/uploads\/2024\/11\/uelzener_allgemeine_versicherungsgesellschaft_a_g_logo.jpg\",\"contentUrl\":\"https:\/\/uelzener.de\/magazin\/app\/uploads\/2024\/11\/uelzener_allgemeine_versicherungsgesellschaft_a_g_logo.jpg\",\"width\":200,\"height\":200,\"caption\":\"Uelzener Versicherungen\"},\"image\":{\"@id\":\"https:\/\/uelzener.de\/magazin\/#\/schema\/logo\/image\/\"},\"sameAs\":[\"https:\/\/www.facebook.com\/Uelzener\",\"https:\/\/instagram.com\/uelzener\",\"https:\/\/www.xing.com\/pages\/uelzenerallgemeineversicherungs-gesellschafta-g\",\"https:\/\/www.youtube.com\/UelzenerVersicherungen\"]}]}<\/script>\n<!-- \/ Yoast SEO Premium plugin. -->","yoast_head_json":{"title":"Katze bei Hitze abk\u00fchlen \u2013 Tipps f\u00fcr den Sommer | Uelzener","description":"Katzen k\u00f6nnen nicht schwitzen \u25b6 Erfahre hier, wie Du Deiner Katze bei Hitze eine Abk\u00fchlung verschaffst!","robots":{"index":"index","follow":"follow","max-snippet":"max-snippet:-1","max-image-preview":"max-image-preview:large","max-video-preview":"max-video-preview:-1"},"canonical":"https:\/\/uelzener.de\/magazin\/katze\/tipps-fuer-den-alltag\/katze-abkuehlen-bei-hitze\/","og_locale":"de_DE","og_type":"article","og_title":"Katze bei Hitze abk\u00fchlen: Tipps f\u00fcr den Sommer","og_description":"Katzen k\u00f6nnen nicht schwitzen \u25b6 Erfahre hier, wie Du Deiner Katze bei Hitze eine Abk\u00fchlung verschaffst!","og_url":"https:\/\/uelzener.de\/magazin\/katze\/tipps-fuer-den-alltag\/katze-abkuehlen-bei-hitze\/","og_site_name":"Uelzener Tier-Magazin","article_publisher":"https:\/\/www.facebook.com\/Uelzener","article_modified_time":"2025-09-02T11:39:01+00:00","og_image":[{"width":1024,"height":450,"url":"https:\/\/uelzener.de\/magazin\/app\/uploads\/2022\/06\/Sommertipps-fuer-Katzen.jpg","type":"image\/jpeg"}],"twitter_card":"summary_large_image","twitter_misc":{"Gesch\u00e4tzte Lesezeit":"8\u00a0Minuten"},"schema":{"@context":"https:\/\/schema.org","@graph":[{"@type":"WebPage","@id":"https:\/\/uelzener.de\/magazin\/katze\/tipps-fuer-den-alltag\/katze-abkuehlen-bei-hitze\/","url":"https:\/\/uelzener.de\/magazin\/katze\/tipps-fuer-den-alltag\/katze-abkuehlen-bei-hitze\/","name":"Katze bei Hitze abk\u00fchlen \u2013 Tipps f\u00fcr den Sommer | Uelzener","isPartOf":{"@id":"https:\/\/uelzener.de\/magazin\/#website"},"primaryImageOfPage":{"@id":"https:\/\/uelzener.de\/magazin\/katze\/tipps-fuer-den-alltag\/katze-abkuehlen-bei-hitze\/#primaryimage"},"image":{"@id":"https:\/\/uelzener.de\/magazin\/katze\/tipps-fuer-den-alltag\/katze-abkuehlen-bei-hitze\/#primaryimage"},"thumbnailUrl":"https:\/\/uelzener.de\/magazin\/app\/uploads\/2022\/06\/Sommertipps-fuer-Katzen.jpg","datePublished":"2022-06-25T22:00:00+00:00","dateModified":"2025-09-02T11:39:01+00:00","description":"Katzen k\u00f6nnen nicht schwitzen \u25b6 Erfahre hier, wie Du Deiner Katze bei Hitze eine Abk\u00fchlung verschaffst!","breadcrumb":{"@id":"https:\/\/uelzener.de\/magazin\/katze\/tipps-fuer-den-alltag\/katze-abkuehlen-bei-hitze\/#breadcrumb"},"inLanguage":"de","potentialAction":[{"@type":"ReadAction","target":["https:\/\/uelzener.de\/magazin\/katze\/tipps-fuer-den-alltag\/katze-abkuehlen-bei-hitze\/"]}]},{"@type":"ImageObject","inLanguage":"de","@id":"https:\/\/uelzener.de\/magazin\/katze\/tipps-fuer-den-alltag\/katze-abkuehlen-bei-hitze\/#primaryimage","url":"https:\/\/uelzener.de\/magazin\/app\/uploads\/2022\/06\/Sommertipps-fuer-Katzen.jpg","contentUrl":"https:\/\/uelzener.de\/magazin\/app\/uploads\/2022\/06\/Sommertipps-fuer-Katzen.jpg","width":1024,"height":450,"caption":"Katze abk\u00fchlen im Sommer"},{"@type":"WebSite","@id":"https:\/\/uelzener.de\/magazin\/#website","url":"https:\/\/uelzener.de\/magazin\/","name":"Uelzener Tiermagazin","description":"Online Tierratgeber der Uelzener Versicherungen","publisher":{"@id":"https:\/\/uelzener.de\/magazin\/#organization"},"potentialAction":[{"@type":"SearchAction","target":{"@type":"EntryPoint","urlTemplate":"https:\/\/uelzener.de\/magazin\/?s={search_term_string}"},"query-input":{"@type":"PropertyValueSpecification","valueRequired":true,"valueName":"search_term_string"}}],"inLanguage":"de"},{"@type":"Organization","@id":"https:\/\/uelzener.de\/magazin\/#organization","name":"Uelzener Versicherungen","url":"https:\/\/uelzener.de\/magazin\/","logo":{"@type":"ImageObject","inLanguage":"de","@id":"https:\/\/uelzener.de\/magazin\/#\/schema\/logo\/image\/","url":"https:\/\/uelzener.de\/magazin\/app\/uploads\/2024\/11\/uelzener_allgemeine_versicherungsgesellschaft_a_g_logo.jpg","contentUrl":"https:\/\/uelzener.de\/magazin\/app\/uploads\/2024\/11\/uelzener_allgemeine_versicherungsgesellschaft_a_g_logo.jpg","width":200,"height":200,"caption":"Uelzener Versicherungen"},"image":{"@id":"https:\/\/uelzener.de\/magazin\/#\/schema\/logo\/image\/"},"sameAs":["https:\/\/www.facebook.com\/Uelzener","https:\/\/instagram.com\/uelzener","https:\/\/www.xing.com\/pages\/uelzenerallgemeineversicherungs-gesellschafta-g","https:\/\/www.youtube.com\/UelzenerVersicherungen"]}]}},"_links":{"self":[{"href":"https:\/\/uelzener.de\/magazin\/wp-json\/wp\/v2\/pages\/10139","targetHints":{"allow":["GET"]}}],"collection":[{"href":"https:\/\/uelzener.de\/magazin\/wp-json\/wp\/v2\/pages"}],"about":[{"href":"https:\/\/uelzener.de\/magazin\/wp-json\/wp\/v2\/types\/page"}],"author":[{"embeddable":true,"href":"https:\/\/uelzener.de\/magazin\/wp-json\/wp\/v2\/users\/1"}],"replies":[{"embeddable":true,"href":"https:\/\/uelzener.de\/magazin\/wp-json\/wp\/v2\/comments?post=10139"}],"version-history":[{"count":13,"href":"https:\/\/uelzener.de\/magazin\/wp-json\/wp\/v2\/pages\/10139\/revisions"}],"predecessor-version":[{"id":19110,"href":"https:\/\/uelzener.de\/magazin\/wp-json\/wp\/v2\/pages\/10139\/revisions\/19110"}],"up":[{"embeddable":true,"href":"https:\/\/uelzener.de\/magazin\/wp-json\/wp\/v2\/pages\/11709"}],"wp:featuredmedia":[{"embeddable":true,"href":"https:\/\/uelzener.de\/magazin\/wp-json\/wp\/v2\/media\/13475"}],"wp:attachment":[{"href":"https:\/\/uelzener.de\/magazin\/wp-json\/wp\/v2\/media?parent=10139"}],"curies":[{"name":"wp","href":"https:\/\/api.w.org\/{rel}","templated":true}]}}