{"id":10137,"date":"2016-09-07T00:00:00","date_gmt":"2016-09-06T22:00:00","guid":{"rendered":""},"modified":"2023-11-17T07:32:32","modified_gmt":"2023-11-17T06:32:32","slug":"katze-und-baby","status":"publish","type":"page","link":"https:\/\/uelzener.de\/magazin\/katze\/erziehung-und-training\/katze-und-baby\/","title":{"rendered":"Katze und Baby: Geht das gut?"},"content":{"rendered":"<p><strong>Hurra, ein Baby ist da! Damit die Katze in den Jubelruf mit einstimmt und auf die Freude keine Katerstimmung folgt, gibt es einige Punkte im Zusammenleben mit Katze und Baby zu beachten.<\/strong><\/p>\n<p>Katzen sind eigenwillige Pers\u00f6nlichkeiten, die Ver\u00e4nderungen ihrer gewohnten Umgebung nicht besonders sch\u00e4tzen. K\u00fcndigt sich menschlicher Familienzuwachs an, sollte daher fr\u00fchzeitig damit begonnen werden, die Katze auf die Ver\u00e4nderung einzustimmen. Denn wenn das Baby erst einmal da ist und die Katze von jetzt auf gleich verbannt wird, ist das f\u00fcr sie zun\u00e4chst mal schwer zu verstehen. Die Folge k\u00f6nnen \u201eUnmuts\u00e4u\u00dferungen\u201c wie <a href=\"https:\/\/uelzener.de\/magazin\/katze\/erziehung-und-training\/katze-stubenrein-bekommen\/\">Unsauberkeit<\/a> oder massive <a href=\"https:\/\/uelzener.de\/magazin\/katze\/haeufige-fragen\/katze-zerkratzt-sofa\/\">M\u00f6bel-Kratz<\/a>-Orgien sein, mit denen die Katze nachdr\u00fccklich ihre Unzufriedenheit demonstriert.<\/p>\n<p>Am besten verteilt man die anstehenden Ver\u00e4nderungen \u00fcber einen l\u00e4ngeren Zeitraum und f\u00e4llt bei der Katze nicht auf einmal mitsamt Baby \u201emit der T\u00fcr ins Haus\u201c. Die \u00fcbliche abendliche Kuschelstunde wird nach und nach in kleinen Dosen \u00fcber den Tag verteilt oder auf ein anderes, von der Katze ebenso gesch\u00e4tztes Familienmitglied \u00fcbertragen. Neue M\u00f6bel sollten fr\u00fchzeitig angeschafft und das zuk\u00fcnftige Kinderzimmer ab da als katzenfreie Zone deklariert werden. Da ein Verbot naturgem\u00e4\u00df die Neugier der Katze weckt, kann man insbesondere das Bett mit einem Schleier oder Vorhang versehen, falls es die Katze doch einmal ins Zimmer schafft und versucht, mit einem Hechtsprung das Bett zu entern. Gut ist auch, hier und da schon mal ein paar \u201eDuftnoten\u201c mit Baby\u00f6l zu setzen, damit die Katze sich an den neuen Geruch gew\u00f6hnt.<\/p>\n<p>Kommt das Baby nach Hause, darf die Katze an einigen Sachen schnuppern, um mit dem neuen Mitbewohner Kontakt aufzunehmen. Im neuen Tagesablauf sollte darauf geachtet werden, dass die Katze nicht zu kurz kommt, auch wenn das leichter gesagt ist als getan. Streicheleinheiten und regelm\u00e4\u00dfige F\u00fctterungszeiten sollten weiterhin beibehalten werden, ebenso wie viele liebevolle Worte, damit es keinen Grund zur Eifersucht gibt. Auch an das Babygeschrei muss sich die Katze erst gew\u00f6hnen. Verh\u00e4lt sie sich ruhig, auch wenn um sie herum das Chaos tobt, gibt es eine extra Belohnung in Form des Lieblingsfutters.<\/p>\n<p>Als \u201eausgleichende Gerechtigkeit\u201c wird zudem ein Bereich eingerichtet, der nur f\u00fcr die Katze da ist, wo sie ihr Futter bekommt und sich zur\u00fcckziehen kann, wenn es ihr zu turbulent wird. Vor allem wenn der Familienzuwachs langsam mobil wird, braucht die Katze einen gesch\u00fctzten Raum, der sie vor tapsigen H\u00e4nden sch\u00fctzt und den man mit einem Gitter absperren kann. Gleichzeitig verhindert man so, dass das Kind Dinge wie Katzenfutter oder Katzenklo in einem unbemerkten Augenblick allzu intensiv erkundet oder versucht, den Kletterbaum zu erklimmen. Parallel dazu kann man dem Nachwuchs auf diesem Weg beibringen, den R\u00fcckzugsraum der Katze zu respektieren und sie nicht zu bedr\u00e4ngen. Haben sich die zwei erst aneinander gew\u00f6hnt, kann man dann gefasst den ersten gemeinsam ausgeheckten Streich von Katze und Kind erwarten.<\/p>\n","protected":false},"excerpt":{"rendered":"<p>Hurra, ein Baby ist da! Damit die Katze in den Jubelruf mit einstimmt und auf die Freude keine Katerstimmung folgt, gibt es einige Punkte im Zusammenleben mit Katze und Baby zu beachten. Katzen sind eigenwillige Pers\u00f6nlichkeiten, die Ver\u00e4nderungen ihrer gewohnten Umgebung nicht besonders sch\u00e4tzen. K\u00fcndigt sich menschlicher Familienzuwachs an, sollte daher fr\u00fchzeitig damit begonnen werden, [&hellip;]<\/p>\n","protected":false},"author":1,"featured_media":10727,"parent":11695,"menu_order":6,"comment_status":"closed","ping_status":"closed","template":"templates\/blog.php","meta":{"_acf_changed":false,"_crdt_document":"","footnotes":"","beyondwords_generate_audio":"0","beyondwords_project_id":"","beyondwords_content_id":"","beyondwords_preview_token":"","beyondwords_player_style":"","beyondwords_language_id":"","beyondwords_title_voice_id":"","beyondwords_body_voice_id":"","beyondwords_summary_voice_id":"","beyondwords_error_message":"","beyondwords_disabled":"","beyondwords_delete_content":"","beyondwords_podcast_id":"","beyondwords_hash":"","publish_post_to_speechkit":"","speechkit_hash":"","speechkit_generate_audio":"","speechkit_project_id":"","speechkit_podcast_id":"","speechkit_error_message":"","speechkit_disabled":"","speechkit_access_key":"","speechkit_error":"","speechkit_info":"","speechkit_response":"","speechkit_retries":"","speechkit_status":"","speechkit_updated_at":"","_speechkit_link":"","_speechkit_text":""},"class_list":["post-10137","page","type-page","status-publish","has-post-thumbnail","hentry"],"acf":[],"yoast_head":"<!-- This site is optimized with the Yoast SEO Premium plugin  - https:\/\/yoast.com\/product\/yoast-seo-premium-wordpress\/ -->\n<title>Katze und Baby \u2013 das solltest Du beachten! | Uelzener<\/title>\n<meta name=\"description\" content=\"Erhalte Tipps f\u00fcr das Zusammenleben mit Katze und Baby \u2713 Vorbereitung \u2713 Zusammenf\u00fchrung \u2713 gemeinsamer Alltag \u25b6 Mehr erfahren!\" \/>\n<meta name=\"robots\" content=\"index, follow, max-snippet:-1, max-image-preview:large, max-video-preview:-1\" \/>\n<link rel=\"canonical\" href=\"https:\/\/uelzener.de\/magazin\/katze\/erziehung-und-training\/katze-und-baby\/\" \/>\n<meta property=\"og:locale\" content=\"de_DE\" \/>\n<meta property=\"og:type\" content=\"article\" \/>\n<meta property=\"og:title\" content=\"Katze und Baby: Geht das gut?\" \/>\n<meta property=\"og:description\" content=\"Erhalte Tipps f\u00fcr das Zusammenleben mit Katze und Baby \u2713 Vorbereitung \u2713 Zusammenf\u00fchrung \u2713 gemeinsamer Alltag \u25b6 Mehr erfahren!\" \/>\n<meta property=\"og:url\" content=\"https:\/\/uelzener.de\/magazin\/katze\/erziehung-und-training\/katze-und-baby\/\" \/>\n<meta property=\"og:site_name\" content=\"Uelzener Tier-Magazin\" \/>\n<meta property=\"article:publisher\" content=\"https:\/\/www.facebook.com\/Uelzener\" \/>\n<meta property=\"article:modified_time\" content=\"2023-11-17T06:32:32+00:00\" \/>\n<meta property=\"og:image\" content=\"https:\/\/uelzener.de\/magazin\/app\/uploads\/2016\/09\/d057a1b6-379d-4cf8-9924-836f955350d5.jpg\" \/>\n\t<meta property=\"og:image:width\" content=\"650\" \/>\n\t<meta property=\"og:image:height\" content=\"432\" \/>\n\t<meta property=\"og:image:type\" content=\"image\/jpeg\" \/>\n<meta name=\"twitter:card\" content=\"summary_large_image\" \/>\n<meta name=\"twitter:label1\" content=\"Gesch\u00e4tzte Lesezeit\" \/>\n\t<meta name=\"twitter:data1\" content=\"2\u00a0Minuten\" \/>\n<script type=\"application\/ld+json\" class=\"yoast-schema-graph\">{\"@context\":\"https:\/\/schema.org\",\"@graph\":[{\"@type\":\"WebPage\",\"@id\":\"https:\/\/uelzener.de\/magazin\/katze\/erziehung-und-training\/katze-und-baby\/\",\"url\":\"https:\/\/uelzener.de\/magazin\/katze\/erziehung-und-training\/katze-und-baby\/\",\"name\":\"Katze und Baby \u2013 das solltest Du beachten! | Uelzener\",\"isPartOf\":{\"@id\":\"https:\/\/uelzener.de\/magazin\/#website\"},\"primaryImageOfPage\":{\"@id\":\"https:\/\/uelzener.de\/magazin\/katze\/erziehung-und-training\/katze-und-baby\/#primaryimage\"},\"image\":{\"@id\":\"https:\/\/uelzener.de\/magazin\/katze\/erziehung-und-training\/katze-und-baby\/#primaryimage\"},\"thumbnailUrl\":\"https:\/\/uelzener.de\/magazin\/app\/uploads\/2016\/09\/d057a1b6-379d-4cf8-9924-836f955350d5.jpg\",\"datePublished\":\"2016-09-06T22:00:00+00:00\",\"dateModified\":\"2023-11-17T06:32:32+00:00\",\"description\":\"Erhalte Tipps f\u00fcr das Zusammenleben mit Katze und Baby \u2713 Vorbereitung \u2713 Zusammenf\u00fchrung \u2713 gemeinsamer Alltag \u25b6 Mehr erfahren!\",\"breadcrumb\":{\"@id\":\"https:\/\/uelzener.de\/magazin\/katze\/erziehung-und-training\/katze-und-baby\/#breadcrumb\"},\"inLanguage\":\"de\",\"potentialAction\":[{\"@type\":\"ReadAction\",\"target\":[\"https:\/\/uelzener.de\/magazin\/katze\/erziehung-und-training\/katze-und-baby\/\"]}]},{\"@type\":\"ImageObject\",\"inLanguage\":\"de\",\"@id\":\"https:\/\/uelzener.de\/magazin\/katze\/erziehung-und-training\/katze-und-baby\/#primaryimage\",\"url\":\"https:\/\/uelzener.de\/magazin\/app\/uploads\/2016\/09\/d057a1b6-379d-4cf8-9924-836f955350d5.jpg\",\"contentUrl\":\"https:\/\/uelzener.de\/magazin\/app\/uploads\/2016\/09\/d057a1b6-379d-4cf8-9924-836f955350d5.jpg\",\"width\":650,\"height\":432,\"caption\":\"Eine junge Babykatze liegt entspannt auf der Fensterbank.\"},{\"@type\":\"WebSite\",\"@id\":\"https:\/\/uelzener.de\/magazin\/#website\",\"url\":\"https:\/\/uelzener.de\/magazin\/\",\"name\":\"Uelzener Tiermagazin\",\"description\":\"Online Tierratgeber der Uelzener Versicherungen\",\"publisher\":{\"@id\":\"https:\/\/uelzener.de\/magazin\/#organization\"},\"potentialAction\":[{\"@type\":\"SearchAction\",\"target\":{\"@type\":\"EntryPoint\",\"urlTemplate\":\"https:\/\/uelzener.de\/magazin\/?s={search_term_string}\"},\"query-input\":{\"@type\":\"PropertyValueSpecification\",\"valueRequired\":true,\"valueName\":\"search_term_string\"}}],\"inLanguage\":\"de\"},{\"@type\":\"Organization\",\"@id\":\"https:\/\/uelzener.de\/magazin\/#organization\",\"name\":\"Uelzener Versicherungen\",\"url\":\"https:\/\/uelzener.de\/magazin\/\",\"logo\":{\"@type\":\"ImageObject\",\"inLanguage\":\"de\",\"@id\":\"https:\/\/uelzener.de\/magazin\/#\/schema\/logo\/image\/\",\"url\":\"https:\/\/uelzener.de\/magazin\/app\/uploads\/2024\/11\/uelzener_allgemeine_versicherungsgesellschaft_a_g_logo.jpg\",\"contentUrl\":\"https:\/\/uelzener.de\/magazin\/app\/uploads\/2024\/11\/uelzener_allgemeine_versicherungsgesellschaft_a_g_logo.jpg\",\"width\":200,\"height\":200,\"caption\":\"Uelzener Versicherungen\"},\"image\":{\"@id\":\"https:\/\/uelzener.de\/magazin\/#\/schema\/logo\/image\/\"},\"sameAs\":[\"https:\/\/www.facebook.com\/Uelzener\",\"https:\/\/instagram.com\/uelzener\",\"https:\/\/www.xing.com\/pages\/uelzenerallgemeineversicherungs-gesellschafta-g\",\"https:\/\/www.youtube.com\/UelzenerVersicherungen\"]}]}<\/script>\n<!-- \/ Yoast SEO Premium plugin. -->","yoast_head_json":{"title":"Katze und Baby \u2013 das solltest Du beachten! | Uelzener","description":"Erhalte Tipps f\u00fcr das Zusammenleben mit Katze und Baby \u2713 Vorbereitung \u2713 Zusammenf\u00fchrung \u2713 gemeinsamer Alltag \u25b6 Mehr erfahren!","robots":{"index":"index","follow":"follow","max-snippet":"max-snippet:-1","max-image-preview":"max-image-preview:large","max-video-preview":"max-video-preview:-1"},"canonical":"https:\/\/uelzener.de\/magazin\/katze\/erziehung-und-training\/katze-und-baby\/","og_locale":"de_DE","og_type":"article","og_title":"Katze und Baby: Geht das gut?","og_description":"Erhalte Tipps f\u00fcr das Zusammenleben mit Katze und Baby \u2713 Vorbereitung \u2713 Zusammenf\u00fchrung \u2713 gemeinsamer Alltag \u25b6 Mehr erfahren!","og_url":"https:\/\/uelzener.de\/magazin\/katze\/erziehung-und-training\/katze-und-baby\/","og_site_name":"Uelzener Tier-Magazin","article_publisher":"https:\/\/www.facebook.com\/Uelzener","article_modified_time":"2023-11-17T06:32:32+00:00","og_image":[{"width":650,"height":432,"url":"https:\/\/uelzener.de\/magazin\/app\/uploads\/2016\/09\/d057a1b6-379d-4cf8-9924-836f955350d5.jpg","type":"image\/jpeg"}],"twitter_card":"summary_large_image","twitter_misc":{"Gesch\u00e4tzte Lesezeit":"2\u00a0Minuten"},"schema":{"@context":"https:\/\/schema.org","@graph":[{"@type":"WebPage","@id":"https:\/\/uelzener.de\/magazin\/katze\/erziehung-und-training\/katze-und-baby\/","url":"https:\/\/uelzener.de\/magazin\/katze\/erziehung-und-training\/katze-und-baby\/","name":"Katze und Baby \u2013 das solltest Du beachten! | Uelzener","isPartOf":{"@id":"https:\/\/uelzener.de\/magazin\/#website"},"primaryImageOfPage":{"@id":"https:\/\/uelzener.de\/magazin\/katze\/erziehung-und-training\/katze-und-baby\/#primaryimage"},"image":{"@id":"https:\/\/uelzener.de\/magazin\/katze\/erziehung-und-training\/katze-und-baby\/#primaryimage"},"thumbnailUrl":"https:\/\/uelzener.de\/magazin\/app\/uploads\/2016\/09\/d057a1b6-379d-4cf8-9924-836f955350d5.jpg","datePublished":"2016-09-06T22:00:00+00:00","dateModified":"2023-11-17T06:32:32+00:00","description":"Erhalte Tipps f\u00fcr das Zusammenleben mit Katze und Baby \u2713 Vorbereitung \u2713 Zusammenf\u00fchrung \u2713 gemeinsamer Alltag \u25b6 Mehr erfahren!","breadcrumb":{"@id":"https:\/\/uelzener.de\/magazin\/katze\/erziehung-und-training\/katze-und-baby\/#breadcrumb"},"inLanguage":"de","potentialAction":[{"@type":"ReadAction","target":["https:\/\/uelzener.de\/magazin\/katze\/erziehung-und-training\/katze-und-baby\/"]}]},{"@type":"ImageObject","inLanguage":"de","@id":"https:\/\/uelzener.de\/magazin\/katze\/erziehung-und-training\/katze-und-baby\/#primaryimage","url":"https:\/\/uelzener.de\/magazin\/app\/uploads\/2016\/09\/d057a1b6-379d-4cf8-9924-836f955350d5.jpg","contentUrl":"https:\/\/uelzener.de\/magazin\/app\/uploads\/2016\/09\/d057a1b6-379d-4cf8-9924-836f955350d5.jpg","width":650,"height":432,"caption":"Eine junge Babykatze liegt entspannt auf der Fensterbank."},{"@type":"WebSite","@id":"https:\/\/uelzener.de\/magazin\/#website","url":"https:\/\/uelzener.de\/magazin\/","name":"Uelzener Tiermagazin","description":"Online Tierratgeber der Uelzener Versicherungen","publisher":{"@id":"https:\/\/uelzener.de\/magazin\/#organization"},"potentialAction":[{"@type":"SearchAction","target":{"@type":"EntryPoint","urlTemplate":"https:\/\/uelzener.de\/magazin\/?s={search_term_string}"},"query-input":{"@type":"PropertyValueSpecification","valueRequired":true,"valueName":"search_term_string"}}],"inLanguage":"de"},{"@type":"Organization","@id":"https:\/\/uelzener.de\/magazin\/#organization","name":"Uelzener Versicherungen","url":"https:\/\/uelzener.de\/magazin\/","logo":{"@type":"ImageObject","inLanguage":"de","@id":"https:\/\/uelzener.de\/magazin\/#\/schema\/logo\/image\/","url":"https:\/\/uelzener.de\/magazin\/app\/uploads\/2024\/11\/uelzener_allgemeine_versicherungsgesellschaft_a_g_logo.jpg","contentUrl":"https:\/\/uelzener.de\/magazin\/app\/uploads\/2024\/11\/uelzener_allgemeine_versicherungsgesellschaft_a_g_logo.jpg","width":200,"height":200,"caption":"Uelzener Versicherungen"},"image":{"@id":"https:\/\/uelzener.de\/magazin\/#\/schema\/logo\/image\/"},"sameAs":["https:\/\/www.facebook.com\/Uelzener","https:\/\/instagram.com\/uelzener","https:\/\/www.xing.com\/pages\/uelzenerallgemeineversicherungs-gesellschafta-g","https:\/\/www.youtube.com\/UelzenerVersicherungen"]}]}},"_links":{"self":[{"href":"https:\/\/uelzener.de\/magazin\/wp-json\/wp\/v2\/pages\/10137","targetHints":{"allow":["GET"]}}],"collection":[{"href":"https:\/\/uelzener.de\/magazin\/wp-json\/wp\/v2\/pages"}],"about":[{"href":"https:\/\/uelzener.de\/magazin\/wp-json\/wp\/v2\/types\/page"}],"author":[{"embeddable":true,"href":"https:\/\/uelzener.de\/magazin\/wp-json\/wp\/v2\/users\/1"}],"replies":[{"embeddable":true,"href":"https:\/\/uelzener.de\/magazin\/wp-json\/wp\/v2\/comments?post=10137"}],"version-history":[{"count":6,"href":"https:\/\/uelzener.de\/magazin\/wp-json\/wp\/v2\/pages\/10137\/revisions"}],"predecessor-version":[{"id":16681,"href":"https:\/\/uelzener.de\/magazin\/wp-json\/wp\/v2\/pages\/10137\/revisions\/16681"}],"up":[{"embeddable":true,"href":"https:\/\/uelzener.de\/magazin\/wp-json\/wp\/v2\/pages\/11695"}],"wp:featuredmedia":[{"embeddable":true,"href":"https:\/\/uelzener.de\/magazin\/wp-json\/wp\/v2\/media\/10727"}],"wp:attachment":[{"href":"https:\/\/uelzener.de\/magazin\/wp-json\/wp\/v2\/media?parent=10137"}],"curies":[{"name":"wp","href":"https:\/\/api.w.org\/{rel}","templated":true}]}}