{"id":10136,"date":"2023-02-06T08:00:00","date_gmt":"2023-02-06T07:00:00","guid":{"rendered":""},"modified":"2025-10-14T15:13:26","modified_gmt":"2025-10-14T13:13:26","slug":"katzen-blinzeln","status":"publish","type":"page","link":"https:\/\/uelzener.de\/magazin\/katze\/erziehung-und-training\/katzen-blinzeln\/","title":{"rendered":"Katzen blinzeln aus Freundschaft"},"content":{"rendered":"<p>Katzen k\u00f6nnen auf vielf\u00e4ltige Art mit ihren Menschen kommunizieren: nicht nur mit der Stimme, sondern auch mit ihren Augen. Allerdings l\u00e4uft da manches anders als beim Menschen.<\/p>\n<p>Katzenaugen sind von Natur aus so konstruiert, dass sie nicht st\u00e4ndig wie beim Menschen durch Lidschl\u00e4ge befeuchtet werden m\u00fcssen. Das ergibt auch Sinn, wenn man als J\u00e4ger auf der Pirsch ist und ein flinkes Beutetier, etwa eine Maus, fixiert. Einmal Blinzeln, und sie ist weg. Wer also beim Beobachten der Beute keine trockenen Augen bekommt, ist im Vorteil.<\/p>\n<h2>Wenn Katzen Menschen anblinzeln<\/h2>\n<p>Auch Menschen werden von ihrer Katze angeblinzelt. Entweder blinzelt die Katze langsam oder zwinkert mit einem Auge dir zu. Diese Geste ist eine freundliche Kontaktaufnahme und soll zeigen, dass die Katze sich in der N\u00e4he ihres Menschen sicher f\u00fchlt und gut gelaunt ist. Erwidert der Mensch diese Freundlichkeit, indem er langsam zur\u00fcck blinzelt, ist das f\u00fcr die Katze ein Wohlf\u00fchlfaktor: Eine Best\u00e4tigung, dass alles in Ordnung ist und dass der Mensch ebenfalls freundlich gestimmt ist. Es lohnt sich also, diese kleine Geste der Katze zu erwidern. Man kann sie auch einsetzen, wenn man seinerseits mit einer Katze in Kontakt treten m\u00f6chte.<\/p>\n<h2>Katze nicht anstarren<\/h2>\n<p>Starrt man als Mensch einer Katze in die Augen ohne zu blinzeln, wird das von ihr als \u201eunh\u00f6flich\u201c und eventuell aggressiv empfunden.<\/p>\n<p>Menschen allerdings suchen untereinander Blickkontakt, um eine Person und ihre K\u00f6rpersprache nonverbal schnell einsch\u00e4tzen zu k\u00f6nnen, auf sich aufmerksam zu machen und so kennenzulernen. F\u00fcr Katzen ist das unangenehm und kann als aggressive Geste gedeutet werden.<\/p>\n\n<div class=\"related_articles boxed\">\n    <h2>Mehr zum Thema<\/h2>\n    \n    <div class=\"wrapper\"><div class=\"title align-center\"><h3><a href=\"https:\/\/uelzener.de\/magazin\/katze\/haeufige-fragen\/koennen-katzen-farben-sehen\/\">K\u00f6nnen Katzen Farben sehen?<\/a><\/h3><\/div><div class=\"img align-center\"><img decoding=\"async\" width=\"315\" height=\"180\" src=\"https:\/\/uelzener.de\/magazin\/app\/uploads\/2022\/02\/Katze_Farben_sehen_Header-315x180.jpg\" class=\"attachment-315x180 size-315x180 wp-post-image\" alt=\"Getigerte Katze mit gr\u00fcnen Augen vor gr\u00fcnem Hintergrund, kann sie die Farben \u00fcberhaupt sehen?\" \/><\/div><\/div><div class=\"wrapper\"><div class=\"title align-center\"><h3><a href=\"https:\/\/uelzener.de\/magazin\/katze\/haeufige-fragen\/10-anzeichen-dass-deine-katze-dich-liebt\/\">10 Anzeichen, dass deine Katze dich liebt<\/a><\/h3><\/div><div class=\"img align-center\"><img decoding=\"async\" width=\"315\" height=\"180\" src=\"https:\/\/uelzener.de\/magazin\/app\/uploads\/2022\/02\/10-Anzeichen-dass-deine-Katze-dich-liebt-315x180.jpg\" class=\"attachment-315x180 size-315x180 wp-post-image\" alt=\"Katze kuschelt mit b\u00e4rtigem Mann, sie zeigt ihm seine Zuneigung.\" \/><\/div><\/div><div class=\"wrapper\"><div class=\"title align-center\"><h3><a href=\"https:\/\/uelzener.de\/magazin\/katze\/haeufige-fragen\/warum-starrt-meine-katze-mich-an\/\">Warum starrt meine Katze mich an?<\/a><\/h3><\/div><div class=\"img align-center\"><img decoding=\"async\" width=\"315\" height=\"138\" src=\"https:\/\/uelzener.de\/magazin\/app\/uploads\/2025\/10\/katze-starrt.png\" class=\"attachment-315x180 size-315x180 wp-post-image\" alt=\"Schwarze Katze starrt dich an.\" \/><\/div><\/div><\/div>\n\n<p>Menschen, die zu Besuch in einem Katzenhaushalt sind und Katzen m\u00f6gen, machen gelegentlich den Fehler, die Katze anzustarren, sodass sie sich verzieht. Besucher, die keine Katzen m\u00f6gen, haben das Tier dagegen ironischerweise in K\u00fcrze auf dem Scho\u00df sitzen, weil sie sie nicht angestarrt haben, sondern stattdessen \u201efreundlich\u201c nur einen kurzen (oder gar keinen) Blickkontakt hatten. Das veranlasst die Katze, ihrerseits Kontakt aufzunehmen.<\/p>\n<p>Direktes In-die-Augen-starren wird bei Katzen unter Artgenossen als Drohung verstanden, oft begleitet von einem <a href=\"https:\/\/uelzener.de\/magazin\/katze\/haeufige-fragen\/koerpersprache-katze\/\">sich hektisch bewegenden Schwanz<\/a>. Mit diesem Verhalten wird gekl\u00e4rt, wer der Boss ist. Wird hingegen geblinzelt, gilt das als Beschwichtigung, denn der direkte Blickkontakt wird kurz unterbrochen. Auch Katzen, die auf freundschaftlichem Fu\u00df stehen, begr\u00fc\u00dfen sich mit einem Blinzeln und signalisieren damit Friedlichkeit. Dieses Verhalten lernen K\u00e4tzchen schon von ihrer Mutter.<\/p>\n<h2>Warum starrt meine Katze mich an?<\/h2>\n<p>Katzen nutzen das Anstarren gerne, um den Menschen zu manipulieren. Katzenbesitzer:innen kennen das: Die Katze hat einen bestimmten Wunsch \u2013 in der Regel Futter \u2013 und fixiert nun h\u00f6chst ausdauernd ihren Menschen. Denn sie hat gelernt, dass Menschen sich von ihrer T\u00e4tigkeit ablenken lassen, wenn man sie nur lange genug anstarrt. Hat der Mensch endlich reagiert und sieht die Katze mit hypnotischem Blick neben dem Futternapf sitzen, wird schnell nochmal geblinzelt. Bedeutung: \u201eFutter her, Kumpel.\u201c<\/p>\n","protected":false},"excerpt":{"rendered":"<p>Katzen k\u00f6nnen auf vielf\u00e4ltige Art mit ihren Menschen kommunizieren: nicht nur mit der Stimme, sondern auch mit ihren Augen. Allerdings l\u00e4uft da manches anders als beim Menschen. Katzenaugen sind von Natur aus so konstruiert, dass sie nicht st\u00e4ndig wie beim Menschen durch Lidschl\u00e4ge befeuchtet werden m\u00fcssen. Das ergibt auch Sinn, wenn man als J\u00e4ger auf [&hellip;]<\/p>\n","protected":false},"author":1,"featured_media":14914,"parent":11695,"menu_order":5,"comment_status":"open","ping_status":"open","template":"templates\/blog.php","meta":{"_acf_changed":false,"_crdt_document":"","footnotes":"","beyondwords_generate_audio":"","beyondwords_project_id":"","beyondwords_content_id":"","beyondwords_preview_token":"","beyondwords_player_style":"","beyondwords_language_id":"","beyondwords_title_voice_id":"","beyondwords_body_voice_id":"","beyondwords_summary_voice_id":"","beyondwords_error_message":"","beyondwords_disabled":"","beyondwords_delete_content":"","beyondwords_podcast_id":"","beyondwords_hash":"","publish_post_to_speechkit":"","speechkit_hash":"","speechkit_generate_audio":"","speechkit_project_id":"","speechkit_podcast_id":"","speechkit_error_message":"","speechkit_disabled":"","speechkit_access_key":"","speechkit_error":"","speechkit_info":"","speechkit_response":"","speechkit_retries":"","speechkit_status":"","speechkit_updated_at":"","_speechkit_link":"","_speechkit_text":""},"class_list":["post-10136","page","type-page","status-publish","has-post-thumbnail","hentry"],"acf":[],"yoast_head":"<!-- This site is optimized with the Yoast SEO Premium plugin  - https:\/\/yoast.com\/product\/yoast-seo-premium-wordpress\/ -->\n<title>Wenn Katzen blinzeln &amp; zwinkern: Das kann es bedeuten | Uelzener Tier-Magazin<\/title>\n<meta name=\"description\" content=\"Warum blinzeln und zwinkern Katzen? \u25b6 Erfahre, was es bedeutet und wie du mit deiner Katze durch Blinzeln kommunizieren kannst!\" \/>\n<meta name=\"robots\" content=\"index, follow, max-snippet:-1, max-image-preview:large, max-video-preview:-1\" \/>\n<link rel=\"canonical\" href=\"https:\/\/uelzener.de\/magazin\/katze\/erziehung-und-training\/katzen-blinzeln\/\" \/>\n<meta property=\"og:locale\" content=\"de_DE\" \/>\n<meta property=\"og:type\" content=\"article\" \/>\n<meta property=\"og:title\" content=\"Katzen blinzeln aus Freundschaft\" \/>\n<meta property=\"og:description\" content=\"Warum blinzeln und zwinkern Katzen? \u25b6 Erfahre, was es bedeutet und wie du mit deiner Katze durch Blinzeln kommunizieren kannst!\" \/>\n<meta property=\"og:url\" content=\"https:\/\/uelzener.de\/magazin\/katze\/erziehung-und-training\/katzen-blinzeln\/\" \/>\n<meta property=\"og:site_name\" content=\"Uelzener Tier-Magazin\" \/>\n<meta property=\"article:publisher\" content=\"https:\/\/www.facebook.com\/Uelzener\" \/>\n<meta property=\"article:modified_time\" content=\"2025-10-14T13:13:26+00:00\" \/>\n<meta property=\"og:image\" content=\"https:\/\/uelzener.de\/magazin\/app\/uploads\/2023\/02\/katze-blinzeln.jpg\" \/>\n\t<meta property=\"og:image:width\" content=\"1025\" \/>\n\t<meta property=\"og:image:height\" content=\"450\" \/>\n\t<meta property=\"og:image:type\" content=\"image\/jpeg\" \/>\n<meta name=\"twitter:card\" content=\"summary_large_image\" \/>\n<meta name=\"twitter:label1\" content=\"Gesch\u00e4tzte Lesezeit\" \/>\n\t<meta name=\"twitter:data1\" content=\"3\u00a0Minuten\" \/>\n<script type=\"application\/ld+json\" class=\"yoast-schema-graph\">{\"@context\":\"https:\/\/schema.org\",\"@graph\":[{\"@type\":\"WebPage\",\"@id\":\"https:\/\/uelzener.de\/magazin\/katze\/erziehung-und-training\/katzen-blinzeln\/\",\"url\":\"https:\/\/uelzener.de\/magazin\/katze\/erziehung-und-training\/katzen-blinzeln\/\",\"name\":\"Wenn Katzen blinzeln & zwinkern: Das kann es bedeuten | Uelzener Tier-Magazin\",\"isPartOf\":{\"@id\":\"https:\/\/uelzener.de\/magazin\/#website\"},\"primaryImageOfPage\":{\"@id\":\"https:\/\/uelzener.de\/magazin\/katze\/erziehung-und-training\/katzen-blinzeln\/#primaryimage\"},\"image\":{\"@id\":\"https:\/\/uelzener.de\/magazin\/katze\/erziehung-und-training\/katzen-blinzeln\/#primaryimage\"},\"thumbnailUrl\":\"https:\/\/uelzener.de\/magazin\/app\/uploads\/2023\/02\/katze-blinzeln.jpg\",\"datePublished\":\"2023-02-06T07:00:00+00:00\",\"dateModified\":\"2025-10-14T13:13:26+00:00\",\"description\":\"Warum blinzeln und zwinkern Katzen? \u25b6 Erfahre, was es bedeutet und wie du mit deiner Katze durch Blinzeln kommunizieren kannst!\",\"breadcrumb\":{\"@id\":\"https:\/\/uelzener.de\/magazin\/katze\/erziehung-und-training\/katzen-blinzeln\/#breadcrumb\"},\"inLanguage\":\"de\",\"potentialAction\":[{\"@type\":\"ReadAction\",\"target\":[\"https:\/\/uelzener.de\/magazin\/katze\/erziehung-und-training\/katzen-blinzeln\/\"]}]},{\"@type\":\"ImageObject\",\"inLanguage\":\"de\",\"@id\":\"https:\/\/uelzener.de\/magazin\/katze\/erziehung-und-training\/katzen-blinzeln\/#primaryimage\",\"url\":\"https:\/\/uelzener.de\/magazin\/app\/uploads\/2023\/02\/katze-blinzeln.jpg\",\"contentUrl\":\"https:\/\/uelzener.de\/magazin\/app\/uploads\/2023\/02\/katze-blinzeln.jpg\",\"width\":1025,\"height\":450,\"caption\":\"Wei\u00dfe Katze liegt und blinzelt einem lieb zu.\"},{\"@type\":\"WebSite\",\"@id\":\"https:\/\/uelzener.de\/magazin\/#website\",\"url\":\"https:\/\/uelzener.de\/magazin\/\",\"name\":\"Uelzener Tiermagazin\",\"description\":\"Online Tierratgeber der Uelzener Versicherungen\",\"publisher\":{\"@id\":\"https:\/\/uelzener.de\/magazin\/#organization\"},\"potentialAction\":[{\"@type\":\"SearchAction\",\"target\":{\"@type\":\"EntryPoint\",\"urlTemplate\":\"https:\/\/uelzener.de\/magazin\/?s={search_term_string}\"},\"query-input\":{\"@type\":\"PropertyValueSpecification\",\"valueRequired\":true,\"valueName\":\"search_term_string\"}}],\"inLanguage\":\"de\"},{\"@type\":\"Organization\",\"@id\":\"https:\/\/uelzener.de\/magazin\/#organization\",\"name\":\"Uelzener Versicherungen\",\"url\":\"https:\/\/uelzener.de\/magazin\/\",\"logo\":{\"@type\":\"ImageObject\",\"inLanguage\":\"de\",\"@id\":\"https:\/\/uelzener.de\/magazin\/#\/schema\/logo\/image\/\",\"url\":\"https:\/\/uelzener.de\/magazin\/app\/uploads\/2024\/11\/uelzener_allgemeine_versicherungsgesellschaft_a_g_logo.jpg\",\"contentUrl\":\"https:\/\/uelzener.de\/magazin\/app\/uploads\/2024\/11\/uelzener_allgemeine_versicherungsgesellschaft_a_g_logo.jpg\",\"width\":200,\"height\":200,\"caption\":\"Uelzener Versicherungen\"},\"image\":{\"@id\":\"https:\/\/uelzener.de\/magazin\/#\/schema\/logo\/image\/\"},\"sameAs\":[\"https:\/\/www.facebook.com\/Uelzener\",\"https:\/\/instagram.com\/uelzener\",\"https:\/\/www.xing.com\/pages\/uelzenerallgemeineversicherungs-gesellschafta-g\",\"https:\/\/www.youtube.com\/UelzenerVersicherungen\"]}]}<\/script>\n<!-- \/ Yoast SEO Premium plugin. -->","yoast_head_json":{"title":"Wenn Katzen blinzeln & zwinkern: Das kann es bedeuten | Uelzener Tier-Magazin","description":"Warum blinzeln und zwinkern Katzen? \u25b6 Erfahre, was es bedeutet und wie du mit deiner Katze durch Blinzeln kommunizieren kannst!","robots":{"index":"index","follow":"follow","max-snippet":"max-snippet:-1","max-image-preview":"max-image-preview:large","max-video-preview":"max-video-preview:-1"},"canonical":"https:\/\/uelzener.de\/magazin\/katze\/erziehung-und-training\/katzen-blinzeln\/","og_locale":"de_DE","og_type":"article","og_title":"Katzen blinzeln aus Freundschaft","og_description":"Warum blinzeln und zwinkern Katzen? \u25b6 Erfahre, was es bedeutet und wie du mit deiner Katze durch Blinzeln kommunizieren kannst!","og_url":"https:\/\/uelzener.de\/magazin\/katze\/erziehung-und-training\/katzen-blinzeln\/","og_site_name":"Uelzener Tier-Magazin","article_publisher":"https:\/\/www.facebook.com\/Uelzener","article_modified_time":"2025-10-14T13:13:26+00:00","og_image":[{"width":1025,"height":450,"url":"https:\/\/uelzener.de\/magazin\/app\/uploads\/2023\/02\/katze-blinzeln.jpg","type":"image\/jpeg"}],"twitter_card":"summary_large_image","twitter_misc":{"Gesch\u00e4tzte Lesezeit":"3\u00a0Minuten"},"schema":{"@context":"https:\/\/schema.org","@graph":[{"@type":"WebPage","@id":"https:\/\/uelzener.de\/magazin\/katze\/erziehung-und-training\/katzen-blinzeln\/","url":"https:\/\/uelzener.de\/magazin\/katze\/erziehung-und-training\/katzen-blinzeln\/","name":"Wenn Katzen blinzeln & zwinkern: Das kann es bedeuten | Uelzener Tier-Magazin","isPartOf":{"@id":"https:\/\/uelzener.de\/magazin\/#website"},"primaryImageOfPage":{"@id":"https:\/\/uelzener.de\/magazin\/katze\/erziehung-und-training\/katzen-blinzeln\/#primaryimage"},"image":{"@id":"https:\/\/uelzener.de\/magazin\/katze\/erziehung-und-training\/katzen-blinzeln\/#primaryimage"},"thumbnailUrl":"https:\/\/uelzener.de\/magazin\/app\/uploads\/2023\/02\/katze-blinzeln.jpg","datePublished":"2023-02-06T07:00:00+00:00","dateModified":"2025-10-14T13:13:26+00:00","description":"Warum blinzeln und zwinkern Katzen? \u25b6 Erfahre, was es bedeutet und wie du mit deiner Katze durch Blinzeln kommunizieren kannst!","breadcrumb":{"@id":"https:\/\/uelzener.de\/magazin\/katze\/erziehung-und-training\/katzen-blinzeln\/#breadcrumb"},"inLanguage":"de","potentialAction":[{"@type":"ReadAction","target":["https:\/\/uelzener.de\/magazin\/katze\/erziehung-und-training\/katzen-blinzeln\/"]}]},{"@type":"ImageObject","inLanguage":"de","@id":"https:\/\/uelzener.de\/magazin\/katze\/erziehung-und-training\/katzen-blinzeln\/#primaryimage","url":"https:\/\/uelzener.de\/magazin\/app\/uploads\/2023\/02\/katze-blinzeln.jpg","contentUrl":"https:\/\/uelzener.de\/magazin\/app\/uploads\/2023\/02\/katze-blinzeln.jpg","width":1025,"height":450,"caption":"Wei\u00dfe Katze liegt und blinzelt einem lieb zu."},{"@type":"WebSite","@id":"https:\/\/uelzener.de\/magazin\/#website","url":"https:\/\/uelzener.de\/magazin\/","name":"Uelzener Tiermagazin","description":"Online Tierratgeber der Uelzener Versicherungen","publisher":{"@id":"https:\/\/uelzener.de\/magazin\/#organization"},"potentialAction":[{"@type":"SearchAction","target":{"@type":"EntryPoint","urlTemplate":"https:\/\/uelzener.de\/magazin\/?s={search_term_string}"},"query-input":{"@type":"PropertyValueSpecification","valueRequired":true,"valueName":"search_term_string"}}],"inLanguage":"de"},{"@type":"Organization","@id":"https:\/\/uelzener.de\/magazin\/#organization","name":"Uelzener Versicherungen","url":"https:\/\/uelzener.de\/magazin\/","logo":{"@type":"ImageObject","inLanguage":"de","@id":"https:\/\/uelzener.de\/magazin\/#\/schema\/logo\/image\/","url":"https:\/\/uelzener.de\/magazin\/app\/uploads\/2024\/11\/uelzener_allgemeine_versicherungsgesellschaft_a_g_logo.jpg","contentUrl":"https:\/\/uelzener.de\/magazin\/app\/uploads\/2024\/11\/uelzener_allgemeine_versicherungsgesellschaft_a_g_logo.jpg","width":200,"height":200,"caption":"Uelzener Versicherungen"},"image":{"@id":"https:\/\/uelzener.de\/magazin\/#\/schema\/logo\/image\/"},"sameAs":["https:\/\/www.facebook.com\/Uelzener","https:\/\/instagram.com\/uelzener","https:\/\/www.xing.com\/pages\/uelzenerallgemeineversicherungs-gesellschafta-g","https:\/\/www.youtube.com\/UelzenerVersicherungen"]}]}},"_links":{"self":[{"href":"https:\/\/uelzener.de\/magazin\/wp-json\/wp\/v2\/pages\/10136","targetHints":{"allow":["GET"]}}],"collection":[{"href":"https:\/\/uelzener.de\/magazin\/wp-json\/wp\/v2\/pages"}],"about":[{"href":"https:\/\/uelzener.de\/magazin\/wp-json\/wp\/v2\/types\/page"}],"author":[{"embeddable":true,"href":"https:\/\/uelzener.de\/magazin\/wp-json\/wp\/v2\/users\/1"}],"replies":[{"embeddable":true,"href":"https:\/\/uelzener.de\/magazin\/wp-json\/wp\/v2\/comments?post=10136"}],"version-history":[{"count":12,"href":"https:\/\/uelzener.de\/magazin\/wp-json\/wp\/v2\/pages\/10136\/revisions"}],"predecessor-version":[{"id":19340,"href":"https:\/\/uelzener.de\/magazin\/wp-json\/wp\/v2\/pages\/10136\/revisions\/19340"}],"up":[{"embeddable":true,"href":"https:\/\/uelzener.de\/magazin\/wp-json\/wp\/v2\/pages\/11695"}],"wp:featuredmedia":[{"embeddable":true,"href":"https:\/\/uelzener.de\/magazin\/wp-json\/wp\/v2\/media\/14914"}],"wp:attachment":[{"href":"https:\/\/uelzener.de\/magazin\/wp-json\/wp\/v2\/media?parent=10136"}],"curies":[{"name":"wp","href":"https:\/\/api.w.org\/{rel}","templated":true}]}}