{"id":10134,"date":"2023-03-17T12:00:00","date_gmt":"2023-03-17T11:00:00","guid":{"rendered":""},"modified":"2025-07-24T13:54:14","modified_gmt":"2025-07-24T11:54:14","slug":"katzennamen","status":"publish","type":"page","link":"https:\/\/uelzener.de\/magazin\/katze\/haeufige-fragen\/katzennamen\/","title":{"rendered":"Die beliebtesten Katzennamen in Deutschland"},"content":{"rendered":"<p>Luna, Simba, Nala, Leo und Lilly geh\u00f6ren zu den beliebtesten Katzennamen in Deutschland. Doch welcher Name passt am besten zu dir und deiner Katze? In diesem Beitrag geben wir dir gen\u00fcgend Inspirationen, damit du den passenden Namen f\u00fcr dein neues Familienmitglied.<\/p>\n<h2>Katzennamen: Darauf solltest du achten<\/h2>\n<p>Laut Forschung k\u00f6nnen Katzen besonders gut Vokale wie \u201eA\u201c und \u201eI\u201c wahrnehmen und sich Namen mit zwei Silben am besten einpr\u00e4gen. Weiche Laute werden harten Lauten vorgezogen. Einfache, schlichte Namen, die diese Bedingungen erf\u00fcllen, w\u00e4ren zum Beispiel Mia, Lilli, Nala f\u00fcr weibliche Katzen und Milo, Leo oder Jack f\u00fcr Kater.<\/p>\n<p>Viele Rassekatzen haben bereits einen Namen von ihrem Z\u00fcchter bekommen, wie etwa \u201eOphelia von der M\u00e4usekanzel\u201c. Er ist oftmals lang und etwas umst\u00e4ndlich und die Katze wird mit gro\u00dfer Wahrscheinlichkeit nicht darauf reagieren, wenn man sie damit ruft. Je nach Geschmack kann man den Namen durch einen einfacheren Rufnamen ersetzen oder man verk\u00fcrzt den Namen, idealerweise entsprechend nach den oben erw\u00e4hnten Vorgaben. Aus \u201eOphelia\u201c k\u00f6nnte so \u201eFeli\u201c werden, ein zumindest f\u00fcr Katzenohren einpr\u00e4gsamer Name mit einem angenehmen Klang.<\/p>\n<h2>Katzennamen m\u00e4nnlich: Kreative Ideen f\u00fcr deinen Kater<\/h2>\n<p>Wenn du einen Kater hast, kann die Namenswahl eine Herausforderung sein. Du willst schlie\u00dflich einen Katzennamen, der m\u00e4nnlich klingt, zur Pers\u00f6nlichkeit und zum Aussehen deiner Samtpfote passt und ihm gleichzeitig eine einzigartige Identit\u00e4t verleiht.<\/p>\n<p>Du kannst einen klassischen Namen w\u00e4hlen, der zeitlos und beliebt ist. Alternativ k\u00f6nntest du deinen Kater nach einem Charakter aus deinem Lieblingsfilm oder deiner Lieblingsserie benennen. Katernamen aus der Natur sind ebenfalls eine tolle M\u00f6glichkeit, um deinen Kater zu benennen. Wenn dein Kater wild und abenteuerlustig ist, k\u00f6nntest du ihn nach einem Tier oder einem Element der Natur benennen. Letztendlich ist es am wichtigsten, einen Namen zu w\u00e4hlen, der zu deinem Kater passt und der f\u00fcr euch beide eine besondere Bedeutung hat.<\/p>\n<h3>Top 10 Katzennamen, die m\u00e4nnlich klingen<\/h3>\n<ul>\n<li>Leo<\/li>\n<li>Felix<\/li>\n<li>Simba<\/li>\n<li>Tiger<\/li>\n<li>Milo<\/li>\n<li>Max<\/li>\n<li>Charly<\/li>\n<li>Balu<\/li>\n<li>Sammy<\/li>\n<li>Jack<\/li>\n<\/ul>\n<h2>Katzennamen weiblich: Ideen und Inspirationen<\/h2>\n<p>Auch der Katzenname f\u00fcr deine weibliche Katze sollte zu ihrer Pers\u00f6nlichkeit und ihrem Aussehen passen. Aber du kannst dabei auch deiner Kreativit\u00e4t freien Lauf lassen. Neben den klassischen Namen kannst du deine Katze auch nach Blumen wie \u201eRose\u201c oder \u201eDaisy\u201c oder nach Edelsteinen wie \u201eSaphir\u201c oder \u201eRubin\u201c nennen. Auch hier kannst du nat\u00fcrlich Namen aus deinen Lieblingsserien w\u00e4hlen. Wichtig ist, dass du und deine Katze sich mit dem Namen wohlf\u00fchlen.<\/p>\n<h3>Top 10 der beliebtesten weiblichen Katzennamen<\/h3>\n<ul>\n<li>Luna<\/li>\n<li>Lilli\/Lilly<\/li>\n<li>Bella<\/li>\n<li>Lucy<\/li>\n<li>Mia<\/li>\n<li>Nala<\/li>\n<li>Molly<\/li>\n<li>Maja\/Maya<\/li>\n<li>Mimi<\/li>\n<li>Kira<\/li>\n<\/ul>\n<p>2022 hat die Uelzener Versicherung eine Studie auf eigener Kundendaten basierend durchgef\u00fchrt und festgestellt, welche die beliebtesten Katzenamen f\u00fcr junge und alte Katzen bei uns sind:<\/p>\n<p><img decoding=\"async\" class=\"alignnone wp-image-18696 size-large\" src=\"https:\/\/uelzener.de\/magazin\/app\/uploads\/2025\/07\/Uelzener-Medienservice_Katzennamen_quer_RGB-1024x758.jpg\" alt=\"Infografik zu &quot;Die beliebtesten Katzennamen&quot; aus Kundendaten der Uelzener Versicherungen.\" width=\"1024\" height=\"758\" srcset=\"https:\/\/uelzener.de\/magazin\/app\/uploads\/2025\/07\/Uelzener-Medienservice_Katzennamen_quer_RGB-1024x758.jpg 1024w, https:\/\/uelzener.de\/magazin\/app\/uploads\/2025\/07\/Uelzener-Medienservice_Katzennamen_quer_RGB-300x222.jpg 300w, https:\/\/uelzener.de\/magazin\/app\/uploads\/2025\/07\/Uelzener-Medienservice_Katzennamen_quer_RGB-768x569.jpg 768w, https:\/\/uelzener.de\/magazin\/app\/uploads\/2025\/07\/Uelzener-Medienservice_Katzennamen_quer_RGB-1536x1138.jpg 1536w, https:\/\/uelzener.de\/magazin\/app\/uploads\/2025\/07\/Uelzener-Medienservice_Katzennamen_quer_RGB-150x110.jpg 150w, https:\/\/uelzener.de\/magazin\/app\/uploads\/2025\/07\/Uelzener-Medienservice_Katzennamen_quer_RGB-1026x760.jpg 1026w, https:\/\/uelzener.de\/magazin\/app\/uploads\/2025\/07\/Uelzener-Medienservice_Katzennamen_quer_RGB-668x495.jpg 668w, https:\/\/uelzener.de\/magazin\/app\/uploads\/2025\/07\/Uelzener-Medienservice_Katzennamen_quer_RGB.jpg 1596w\" sizes=\"(max-width: 1024px) 100vw, 1024px\" \/><\/p>\n<h2>Au\u00dfergew\u00f6hnliche Katzennamen<\/h2>\n<p>Wie schon angedeutet, kannst du dich auch f\u00fcr einen au\u00dfergew\u00f6hnlichen Namen f\u00fcr deine Katze entscheiden. Hier sind dir keine Grenzen gesetzt. Als Inspiration haben wir dir aber auch hier eine Liste mit au\u00dfergew\u00f6hnlichen Katzennamen zusammengestellt:<\/p>\n<ul>\n<li>Bellatrix (ein Stern)<\/li>\n<li>Mozart<\/li>\n<li>Belladonna (Atropa belladonna = die Tollkirsche)<\/li>\n<li>Nikodemus<\/li>\n<li>Bastet (\u00e4gyptische Gottheit)<\/li>\n<li>Shir Khan oder Baghira (Dschungelbuch)<\/li>\n<li>Duchess oder Marie (Aristocats)<\/li>\n<li>Garfield<\/li>\n<li>Findus<\/li>\n<li>Dobby<\/li>\n<li>Bernhard und Bianca<\/li>\n<li>Tom und Jerry<\/li>\n<\/ul>\n<p>Bei Rassekatzen bietet es sich auch an, Namen zu w\u00e4hlen, die zu ihrer Herkunft passen. Eine <a href=\"https:\/\/uelzener.de\/magazin\/katze\/rasseportrait\/siamkatze\/\">Siamkatze<\/a> oder <a href=\"https:\/\/uelzener.de\/magazin\/katze\/rasseportrait\/heilige-birma\/\">heilige Burma<\/a> k\u00f6nnte beispielsweise \u201ePadma\u201c (Lotos) hei\u00dfen oder \u201eKami\u201c (guter Geist), eine <a href=\"https:\/\/uelzener.de\/magazin\/katze\/rasseportrait\/maine-coon\/\">Maine Coon<\/a> \u201eBuddy\u201c (Kumpel), eine Chartreux \u201eFleur\u201c (Blume) oder \u201eDelphine\u201c.<\/p>\n<p>Oftmals ergeben sich auch Namen, wenn man seinen Liebling im Alltag beobachtet (\u201eSchelm\u201c, \u201eSchnurrli\u201c) oder sein \u00c4u\u00dferes beschreiben will (\u201ePf\u00f6tchen\u201c, \u201eSocke\u201c). Am besten macht man sich eine Liste der infrage kommenden Namen und entscheidet, was zu ihr passt und auf welchen Namen sie reagiert. Um sie daran zu gew\u00f6hnen, empfiehlt es sich, dein K\u00e4tzchen beim Namen zu rufen, wenn sie Katzenfutter bekommt. So wird sie sich ganz schnell angesprochen f\u00fchlen.<\/p>\n<h2>Fazit: Katzennamen finden \u2013 so geht\u2019s!<\/h2>\n<p>Deine Katze kann ein noch so gutes Geh\u00f6r haben, \u2013 wenn du ihr st\u00e4ndig neue Namen gibst, hat sie kaum eine Chance, sich das auf Dauer einzupr\u00e4gen. Bei der Auswahl eines Namens ist es wichtig, auf die Pers\u00f6nlichkeit und das Verhalten des Stubentigers zu achten. Ein spielerischer Name kann f\u00fcr eine verspielte Mieze geeignet sein, w\u00e4hrend ein ruhigerer Name f\u00fcr eine ruhige oder sch\u00fcchterne Samtpfote passender ist. Auch die Farbe oder das Aussehen der Katze k\u00f6nnen bei der Wahl des Namens eine Rolle spielen.<\/p>\n<h2>FAQ: H\u00e4ufig gestellte Fragen<\/h2>\n<h3>Was ist ein guter Katzenname?<\/h3>\n<p>Ein guter Name sollte in erster Linie zu der Pers\u00f6nlichkeit, dem Aussehen oder den Gewohnheiten der Katze passen.<\/p>\n<h3>Was sind die s\u00fc\u00dfesten Katzennamen?<\/h3>\n<p>Einige der s\u00fc\u00dfesten Katzennamen sind jedoch oft solche, die an die Pers\u00f6nlichkeit oder das Aussehen der Katze angelehnt sind. Zum Beispiel k\u00f6nnte man eine wei\u00dfe Katze mit blauen Augen \u201eSnowball\u201c oder \u201eBlizzard\u201c nennen. Ein Stubentiger mit langen, flauschigen Haaren k\u00f6nnte \u201eFluffy\u201c hei\u00dfen, w\u00e4hrend eine verspielte und energiegeladene Mieze den Namen \u201eSprinkles\u201c oder \u201eSparky\u201c tragen k\u00f6nnte.<\/p>\n<h3>Was ist der beliebteste Katzenname der Welt?<\/h3>\n<p>An erster Stelle der beliebtesten Namen f\u00fcr Katzen weltweit steht der Name <strong>Luna<\/strong>. Dieser erfreut sich gro\u00dfer Beliebtheit und ist eine gute Wahl f\u00fcr eine elegante und mysteri\u00f6se Katze. Auf den weiteren Pl\u00e4tzen folgen Nala, Lilly, Mia und Lucy.<\/p>\n","protected":false},"excerpt":{"rendered":"<p>Luna, Simba, Nala, Leo und Lilly geh\u00f6ren zu den beliebtesten Katzennamen in Deutschland. Doch welcher Name passt am besten zu dir und deiner Katze? In diesem Beitrag geben wir dir gen\u00fcgend Inspirationen, damit du den passenden Namen f\u00fcr dein neues Familienmitglied. Katzennamen: Darauf solltest du achten Laut Forschung k\u00f6nnen Katzen besonders gut Vokale wie \u201eA\u201c [&hellip;]<\/p>\n","protected":false},"author":1,"featured_media":15107,"parent":11691,"menu_order":37,"comment_status":"closed","ping_status":"closed","template":"templates\/blog.php","meta":{"_acf_changed":false,"_crdt_document":"","footnotes":"","beyondwords_generate_audio":"","beyondwords_project_id":"","beyondwords_content_id":"","beyondwords_preview_token":"","beyondwords_player_style":"","beyondwords_language_id":"","beyondwords_title_voice_id":"","beyondwords_body_voice_id":"","beyondwords_summary_voice_id":"","beyondwords_error_message":"","beyondwords_disabled":"","beyondwords_delete_content":"","beyondwords_podcast_id":"","beyondwords_hash":"","publish_post_to_speechkit":"","speechkit_hash":"","speechkit_generate_audio":"","speechkit_project_id":"","speechkit_podcast_id":"","speechkit_error_message":"","speechkit_disabled":"","speechkit_access_key":"","speechkit_error":"","speechkit_info":"","speechkit_response":"","speechkit_retries":"","speechkit_status":"","speechkit_updated_at":"","_speechkit_link":"","_speechkit_text":""},"class_list":["post-10134","page","type-page","status-publish","has-post-thumbnail","hentry"],"acf":[],"yoast_head":"<!-- This site is optimized with the Yoast SEO Premium plugin  - https:\/\/yoast.com\/product\/yoast-seo-premium-wordpress\/ -->\n<title>Die beliebtesten Katzennamen in Deutschland | Uelzener Tier-Magazin<\/title>\n<meta name=\"description\" content=\"Welcher Name passt zu Deiner Katze? \u25b6 Wir geben Dir Tipps, wie du den passenden Namen f\u00fcr Deinen Stubentiger findest!\" \/>\n<meta name=\"robots\" content=\"index, follow, max-snippet:-1, max-image-preview:large, max-video-preview:-1\" \/>\n<link rel=\"canonical\" href=\"https:\/\/uelzener.de\/magazin\/katze\/haeufige-fragen\/katzennamen\/\" \/>\n<meta property=\"og:locale\" content=\"de_DE\" \/>\n<meta property=\"og:type\" content=\"article\" \/>\n<meta property=\"og:title\" content=\"Die beliebtesten Katzennamen in Deutschland\" \/>\n<meta property=\"og:description\" content=\"Welcher Name passt zu Deiner Katze? \u25b6 Wir geben Dir Tipps, wie du den passenden Namen f\u00fcr Deinen Stubentiger findest!\" \/>\n<meta property=\"og:url\" content=\"https:\/\/uelzener.de\/magazin\/katze\/haeufige-fragen\/katzennamen\/\" \/>\n<meta property=\"og:site_name\" content=\"Uelzener Tier-Magazin\" \/>\n<meta property=\"article:publisher\" content=\"https:\/\/www.facebook.com\/Uelzener\" \/>\n<meta property=\"article:modified_time\" content=\"2025-07-24T11:54:14+00:00\" \/>\n<meta property=\"og:image\" content=\"https:\/\/uelzener.de\/magazin\/app\/uploads\/2023\/03\/katzennamen.jpg\" \/>\n\t<meta property=\"og:image:width\" content=\"1025\" \/>\n\t<meta property=\"og:image:height\" content=\"450\" \/>\n\t<meta property=\"og:image:type\" content=\"image\/jpeg\" \/>\n<meta name=\"twitter:card\" content=\"summary_large_image\" \/>\n<meta name=\"twitter:label1\" content=\"Gesch\u00e4tzte Lesezeit\" \/>\n\t<meta name=\"twitter:data1\" content=\"6\u00a0Minuten\" \/>\n<script type=\"application\/ld+json\" class=\"yoast-schema-graph\">{\"@context\":\"https:\/\/schema.org\",\"@graph\":[{\"@type\":\"WebPage\",\"@id\":\"https:\/\/uelzener.de\/magazin\/katze\/haeufige-fragen\/katzennamen\/\",\"url\":\"https:\/\/uelzener.de\/magazin\/katze\/haeufige-fragen\/katzennamen\/\",\"name\":\"Die beliebtesten Katzennamen in Deutschland | Uelzener Tier-Magazin\",\"isPartOf\":{\"@id\":\"https:\/\/uelzener.de\/magazin\/#website\"},\"primaryImageOfPage\":{\"@id\":\"https:\/\/uelzener.de\/magazin\/katze\/haeufige-fragen\/katzennamen\/#primaryimage\"},\"image\":{\"@id\":\"https:\/\/uelzener.de\/magazin\/katze\/haeufige-fragen\/katzennamen\/#primaryimage\"},\"thumbnailUrl\":\"https:\/\/uelzener.de\/magazin\/app\/uploads\/2023\/03\/katzennamen.jpg\",\"datePublished\":\"2023-03-17T11:00:00+00:00\",\"dateModified\":\"2025-07-24T11:54:14+00:00\",\"description\":\"Welcher Name passt zu Deiner Katze? \u25b6 Wir geben Dir Tipps, wie du den passenden Namen f\u00fcr Deinen Stubentiger findest!\",\"breadcrumb\":{\"@id\":\"https:\/\/uelzener.de\/magazin\/katze\/haeufige-fragen\/katzennamen\/#breadcrumb\"},\"inLanguage\":\"de\",\"potentialAction\":[{\"@type\":\"ReadAction\",\"target\":[\"https:\/\/uelzener.de\/magazin\/katze\/haeufige-fragen\/katzennamen\/\"]}]},{\"@type\":\"ImageObject\",\"inLanguage\":\"de\",\"@id\":\"https:\/\/uelzener.de\/magazin\/katze\/haeufige-fragen\/katzennamen\/#primaryimage\",\"url\":\"https:\/\/uelzener.de\/magazin\/app\/uploads\/2023\/03\/katzennamen.jpg\",\"contentUrl\":\"https:\/\/uelzener.de\/magazin\/app\/uploads\/2023\/03\/katzennamen.jpg\",\"width\":1025,\"height\":450,\"caption\":\"Jede Katze hat ihre eigene Pers\u00f6nlichkeit. Welcher Katzenname passt am besten zu ihr?\"},{\"@type\":\"WebSite\",\"@id\":\"https:\/\/uelzener.de\/magazin\/#website\",\"url\":\"https:\/\/uelzener.de\/magazin\/\",\"name\":\"Uelzener Tiermagazin\",\"description\":\"Online Tierratgeber der Uelzener Versicherungen\",\"publisher\":{\"@id\":\"https:\/\/uelzener.de\/magazin\/#organization\"},\"potentialAction\":[{\"@type\":\"SearchAction\",\"target\":{\"@type\":\"EntryPoint\",\"urlTemplate\":\"https:\/\/uelzener.de\/magazin\/?s={search_term_string}\"},\"query-input\":{\"@type\":\"PropertyValueSpecification\",\"valueRequired\":true,\"valueName\":\"search_term_string\"}}],\"inLanguage\":\"de\"},{\"@type\":\"Organization\",\"@id\":\"https:\/\/uelzener.de\/magazin\/#organization\",\"name\":\"Uelzener Versicherungen\",\"url\":\"https:\/\/uelzener.de\/magazin\/\",\"logo\":{\"@type\":\"ImageObject\",\"inLanguage\":\"de\",\"@id\":\"https:\/\/uelzener.de\/magazin\/#\/schema\/logo\/image\/\",\"url\":\"https:\/\/uelzener.de\/magazin\/app\/uploads\/2024\/11\/uelzener_allgemeine_versicherungsgesellschaft_a_g_logo.jpg\",\"contentUrl\":\"https:\/\/uelzener.de\/magazin\/app\/uploads\/2024\/11\/uelzener_allgemeine_versicherungsgesellschaft_a_g_logo.jpg\",\"width\":200,\"height\":200,\"caption\":\"Uelzener Versicherungen\"},\"image\":{\"@id\":\"https:\/\/uelzener.de\/magazin\/#\/schema\/logo\/image\/\"},\"sameAs\":[\"https:\/\/www.facebook.com\/Uelzener\",\"https:\/\/instagram.com\/uelzener\",\"https:\/\/www.xing.com\/pages\/uelzenerallgemeineversicherungs-gesellschafta-g\",\"https:\/\/www.youtube.com\/UelzenerVersicherungen\"]}]}<\/script>\n<!-- \/ Yoast SEO Premium plugin. -->","yoast_head_json":{"title":"Die beliebtesten Katzennamen in Deutschland | Uelzener Tier-Magazin","description":"Welcher Name passt zu Deiner Katze? \u25b6 Wir geben Dir Tipps, wie du den passenden Namen f\u00fcr Deinen Stubentiger findest!","robots":{"index":"index","follow":"follow","max-snippet":"max-snippet:-1","max-image-preview":"max-image-preview:large","max-video-preview":"max-video-preview:-1"},"canonical":"https:\/\/uelzener.de\/magazin\/katze\/haeufige-fragen\/katzennamen\/","og_locale":"de_DE","og_type":"article","og_title":"Die beliebtesten Katzennamen in Deutschland","og_description":"Welcher Name passt zu Deiner Katze? \u25b6 Wir geben Dir Tipps, wie du den passenden Namen f\u00fcr Deinen Stubentiger findest!","og_url":"https:\/\/uelzener.de\/magazin\/katze\/haeufige-fragen\/katzennamen\/","og_site_name":"Uelzener Tier-Magazin","article_publisher":"https:\/\/www.facebook.com\/Uelzener","article_modified_time":"2025-07-24T11:54:14+00:00","og_image":[{"width":1025,"height":450,"url":"https:\/\/uelzener.de\/magazin\/app\/uploads\/2023\/03\/katzennamen.jpg","type":"image\/jpeg"}],"twitter_card":"summary_large_image","twitter_misc":{"Gesch\u00e4tzte Lesezeit":"6\u00a0Minuten"},"schema":{"@context":"https:\/\/schema.org","@graph":[{"@type":"WebPage","@id":"https:\/\/uelzener.de\/magazin\/katze\/haeufige-fragen\/katzennamen\/","url":"https:\/\/uelzener.de\/magazin\/katze\/haeufige-fragen\/katzennamen\/","name":"Die beliebtesten Katzennamen in Deutschland | Uelzener Tier-Magazin","isPartOf":{"@id":"https:\/\/uelzener.de\/magazin\/#website"},"primaryImageOfPage":{"@id":"https:\/\/uelzener.de\/magazin\/katze\/haeufige-fragen\/katzennamen\/#primaryimage"},"image":{"@id":"https:\/\/uelzener.de\/magazin\/katze\/haeufige-fragen\/katzennamen\/#primaryimage"},"thumbnailUrl":"https:\/\/uelzener.de\/magazin\/app\/uploads\/2023\/03\/katzennamen.jpg","datePublished":"2023-03-17T11:00:00+00:00","dateModified":"2025-07-24T11:54:14+00:00","description":"Welcher Name passt zu Deiner Katze? \u25b6 Wir geben Dir Tipps, wie du den passenden Namen f\u00fcr Deinen Stubentiger findest!","breadcrumb":{"@id":"https:\/\/uelzener.de\/magazin\/katze\/haeufige-fragen\/katzennamen\/#breadcrumb"},"inLanguage":"de","potentialAction":[{"@type":"ReadAction","target":["https:\/\/uelzener.de\/magazin\/katze\/haeufige-fragen\/katzennamen\/"]}]},{"@type":"ImageObject","inLanguage":"de","@id":"https:\/\/uelzener.de\/magazin\/katze\/haeufige-fragen\/katzennamen\/#primaryimage","url":"https:\/\/uelzener.de\/magazin\/app\/uploads\/2023\/03\/katzennamen.jpg","contentUrl":"https:\/\/uelzener.de\/magazin\/app\/uploads\/2023\/03\/katzennamen.jpg","width":1025,"height":450,"caption":"Jede Katze hat ihre eigene Pers\u00f6nlichkeit. Welcher Katzenname passt am besten zu ihr?"},{"@type":"WebSite","@id":"https:\/\/uelzener.de\/magazin\/#website","url":"https:\/\/uelzener.de\/magazin\/","name":"Uelzener Tiermagazin","description":"Online Tierratgeber der Uelzener Versicherungen","publisher":{"@id":"https:\/\/uelzener.de\/magazin\/#organization"},"potentialAction":[{"@type":"SearchAction","target":{"@type":"EntryPoint","urlTemplate":"https:\/\/uelzener.de\/magazin\/?s={search_term_string}"},"query-input":{"@type":"PropertyValueSpecification","valueRequired":true,"valueName":"search_term_string"}}],"inLanguage":"de"},{"@type":"Organization","@id":"https:\/\/uelzener.de\/magazin\/#organization","name":"Uelzener Versicherungen","url":"https:\/\/uelzener.de\/magazin\/","logo":{"@type":"ImageObject","inLanguage":"de","@id":"https:\/\/uelzener.de\/magazin\/#\/schema\/logo\/image\/","url":"https:\/\/uelzener.de\/magazin\/app\/uploads\/2024\/11\/uelzener_allgemeine_versicherungsgesellschaft_a_g_logo.jpg","contentUrl":"https:\/\/uelzener.de\/magazin\/app\/uploads\/2024\/11\/uelzener_allgemeine_versicherungsgesellschaft_a_g_logo.jpg","width":200,"height":200,"caption":"Uelzener Versicherungen"},"image":{"@id":"https:\/\/uelzener.de\/magazin\/#\/schema\/logo\/image\/"},"sameAs":["https:\/\/www.facebook.com\/Uelzener","https:\/\/instagram.com\/uelzener","https:\/\/www.xing.com\/pages\/uelzenerallgemeineversicherungs-gesellschafta-g","https:\/\/www.youtube.com\/UelzenerVersicherungen"]}]}},"_links":{"self":[{"href":"https:\/\/uelzener.de\/magazin\/wp-json\/wp\/v2\/pages\/10134","targetHints":{"allow":["GET"]}}],"collection":[{"href":"https:\/\/uelzener.de\/magazin\/wp-json\/wp\/v2\/pages"}],"about":[{"href":"https:\/\/uelzener.de\/magazin\/wp-json\/wp\/v2\/types\/page"}],"author":[{"embeddable":true,"href":"https:\/\/uelzener.de\/magazin\/wp-json\/wp\/v2\/users\/1"}],"replies":[{"embeddable":true,"href":"https:\/\/uelzener.de\/magazin\/wp-json\/wp\/v2\/comments?post=10134"}],"version-history":[{"count":8,"href":"https:\/\/uelzener.de\/magazin\/wp-json\/wp\/v2\/pages\/10134\/revisions"}],"predecessor-version":[{"id":18697,"href":"https:\/\/uelzener.de\/magazin\/wp-json\/wp\/v2\/pages\/10134\/revisions\/18697"}],"up":[{"embeddable":true,"href":"https:\/\/uelzener.de\/magazin\/wp-json\/wp\/v2\/pages\/11691"}],"wp:featuredmedia":[{"embeddable":true,"href":"https:\/\/uelzener.de\/magazin\/wp-json\/wp\/v2\/media\/15107"}],"wp:attachment":[{"href":"https:\/\/uelzener.de\/magazin\/wp-json\/wp\/v2\/media?parent=10134"}],"curies":[{"name":"wp","href":"https:\/\/api.w.org\/{rel}","templated":true}]}}