{"id":10133,"date":"2022-12-07T14:58:00","date_gmt":"2022-12-07T13:58:00","guid":{"rendered":""},"modified":"2025-11-13T10:38:54","modified_gmt":"2025-11-13T09:38:54","slug":"katze-beisst","status":"publish","type":"page","link":"https:\/\/uelzener.de\/magazin\/katze\/haeufige-fragen\/katze-beisst\/","title":{"rendered":"Die Katze bei\u00dft: Was steckt dahinter und was kannst du tun?"},"content":{"rendered":"<p>Katzen haben spitze Z\u00e4hne und eine enorme Bei\u00dfkraft, um in der Natur Beute erlegen und sich verteidigen zu k\u00f6nnen. Doch auch au\u00dferhalb des Jagdverhaltens bei\u00dfen Katzen aus unterschiedlichen Gr\u00fcnden \u2013 sogar gelegentlich beim Schmusen. Was du dagegen tun kannst und wie du dich in der Situation verhalten solltest, erf\u00e4hrst du in diesem Beitrag.<\/p>\n<h2>Warum bei\u00dfen Katzen?<\/h2>\n<p>Z\u00e4hne und Krallen setzen Katzen in den unterschiedlichsten Situationen ein:<\/p>\n<ul>\n<li>Jagd<\/li>\n<li>Rangordnungs- oder Revierk\u00e4mpfe<\/li>\n<li>Selbstverteidigung<\/li>\n<li>unangenehme Ber\u00fchrungen<\/li>\n<li>Spiel<\/li>\n<li>sexuelle Motivation<\/li>\n<li>K\u00f6rperpflege<\/li>\n<\/ul>\n<p>Die Katze bei\u00dft, um ihre <strong>Beute zu erlegen<\/strong>, aber auch bei <strong>Jagdspielen<\/strong>. <strong>Rangordnungs<\/strong>&#8211; und <strong>Revierk\u00e4mpfe<\/strong> werden unter Einsatz der Krallen und Z\u00e4hne ausgetragen. F\u00fchlt sich deine Katze in die Enge getrieben oder hat Angst, kann sie ebenfalls bei\u00dfen. Manch eine Katze l\u00e4sst sich nicht \u00fcberall gerne anfassen. Streichelst du sie an einer empfindlichen Stelle, kann sie dir durch Kratzen und Bei\u00dfen mitteilen, dass ihr das <strong>unangenehm<\/strong> ist oder sie gar <strong>Schmerzen<\/strong> hat. Manch eine Katze bei\u00dft beim Streicheln dagegen ganz vorsichtig zu \u2013 das ist eher ein <strong>Liebesbeweis<\/strong>.<\/p>\n<p>Beim Einsatz von Spielzeug kann es zu Bissen kommen, da Spiele eine Jagdalternative sind. Der Jagdtrieb kann zudem durch Bewegungen in der Umgebung ausgel\u00f6st werden, etwa durch deine F\u00fc\u00dfe beim Vorbeilaufen. Vor allem Stubentiger in Einzelhaltung leiden gelegentlich unter <strong>Langeweile und Unterforderung<\/strong>. Sie ben\u00f6tigen viel <strong>Aufmerksamkeit und Besch\u00e4ftigung<\/strong>. Daneben gibt es eine sexuell motivierte Form des Bei\u00dfens. Putzen Katzen sich selbst oder gegenseitig, kann das ebenso mit vorsichtigen Bissen einhergehen \u2013 die Katze bei\u00dft also auch manchmal sich selbst. Das Bei\u00dfen bei Katzen ist demnach ein wichtiges Zeichen f\u00fcr <a href=\"https:\/\/uelzener.de\/magazin\/katze\/haeufige-fragen\/koerpersprache-katze\/\">Katzen in deren K\u00f6rpersprache<\/a>.<\/p>\n<h2>Warum bei\u00dft die Katze beim Streicheln?<\/h2>\n<p>Eben noch schnurrt deine Katze beim Streicheln und Schmusen genie\u00dferisch, auf einmal bei\u00dft sie dir in die Hand. Handelt es sich um ein eher <strong>behutsames Beknabbern<\/strong>, zeigt sie dir auf diese Weise ihre <strong>Zuneigung<\/strong>. Ist es eine weniger <strong>z\u00e4rtliche Attacke<\/strong>, behagt ihr vielleicht die Stelle nicht oder sie ist <strong>kitzlig<\/strong>. Scheinbar kommt ein solcher Biss ganz pl\u00f6tzlich, denn Katzen haben ein <strong>au\u00dfergew\u00f6hnliches Reaktionsverm\u00f6gen<\/strong>. Oft zeigen <strong>angelegte Ohren<\/strong>, ein <strong>zuckender Schwanz<\/strong>, ein ver\u00e4nderter Blick oder andere Signale, dass deiner Samtpfote etwas nicht passt. Ihr kann bei aller Freude \u00fcber die Streicheleinheiten auch einfach<strong> langweilig <\/strong>sein und sie w\u00fcnscht sich etwas mehr Dynamik im gemeinsamen Agieren.<\/p>\n<p>Lies hier nach, was es auf sich hat, wenn die Katze bei\u00dft und dabei mit den Hinterbeinen kickt (<a href=\"https:\/\/uelzener.de\/magazin\/katze\/haeufige-fragen\/bunny-kick-wenn-katze-mit-hinterpfoten-tritt\/\">Bunny Kick<\/a>).<\/p>\n<p>Nicht jede Katze ist f\u00fcr ausgiebige Schmuseeinheiten zu begeistern. Nach kurzer Zeit f\u00fchlt sie sich bedr\u00e4ngt und m\u00f6chte sich aus der Situation befreien. Ber\u00fccksichtigst du die individuellen Grenzen sowie die speziellen Bed\u00fcrfnisse im Umgang mit deiner Katze, nimmst du ihr den Grund, beim Streicheln und Schmusen zuzubei\u00dfen. Bleibt dir ihr Verhalten allerdings unergr\u00fcndlich, ist ein <strong>Besuch beim Tierarzt<\/strong> sinnvoll: Deine Katze k\u00f6nnte Schmerzen haben oder unter einer bisher unentdeckten Erkrankung wie <a href=\"https:\/\/uelzener.de\/magazin\/katze\/tiergesundheit\/forl-zahnextraktion-bei-katzen\/\">FORL<\/a> leiden.<\/p>\n<h3>Der Liebesbiss der Katze<\/h3>\n<p>Manch eine Katze bei\u00dft aus Liebe zu, wie es unter Artgenossen \u00fcblich ist. Bei solchen Liebesbeweisen handelt es sich um <strong>zaghafte bis z\u00e4rtliche Bisse<\/strong>, die in der Regel weder schmerzhaft sind noch zu Verletzungen f\u00fchren. Dasselbe trifft auf ein leichtes Beknabbern zu, was dem gegenseitigen Putzverhalten \u00e4hnelt. Charakteristisch f\u00fcr solche Liebesbisse ist unter anderem, dass deine Katze parallel dazu keine Warnsignale sendet. Sie genie\u00dft das Kuscheln und zeigt dir das auf ihre Weise.<\/p>\n<p>Ger\u00e4t sie dabei aber in eine Art <strong>Liebesrausch<\/strong>, k\u00f6nnen die Bisse <strong>unkontrollierter<\/strong> werden. Der \u00dcbergang kann flie\u00dfend sein, weshalb es auch bei Liebesbissen wichtig ist, deine Katze genau zu beobachten und das <strong>Schmusen gegebenenfalls rechtzeitig abzubrechen<\/strong>.<\/p>\n<h3>Weitere h\u00e4ufige Gr\u00fcnde und Anl\u00e4sse<\/h3>\n<p>Erschreckt sich deine Katze aufgrund einer Bewegung oder ist sehr <strong>gestresst<\/strong>, kann sie blitzschnell in einen <strong>Verteidigungsmodus <\/strong>geraten und dir auch mal in die Wade bei\u00dfen. Ebenso k\u00f6nnen Bewegungen den Jagdtrieb der Katze wecken. Schleicht sich deine Katze eher aus dem Hinterhalt an und st\u00fcrzt sich auf deine Hand oder das Bein, ist das ebenfalls oft jagdlich motiviert \u2013 sie sucht sich eine Besch\u00e4ftigung, um ihren Trieb auszuleben. <strong>Langeweile und Unterforderung<\/strong> k\u00f6nnen dazu treiben, nach Aufmerksamkeit zu heischen: Bei\u00dfen ist ein recht effektives Mittel, solche zu erhalten.<\/p>\n<p>Bei jungen Katzen finden Bisse erzieherisch durch die Mutter statt. Untereinander dienen sie dazu, sich zu erproben und eigene Grenzen aufzuzeigen. Mangelnde Sozialisierung kann dazu f\u00fchren, dass eine Katze verst\u00e4rkt zum Einsatz ihrer Z\u00e4hne neigt. Denselben Effekt k\u00f6nnen ung\u00fcnstige Haltungs- und Umgangsbedingungen haben. Zudem gibt es neben besonders <a href=\"https:\/\/uelzener.de\/magazin\/katze\/haeufige-fragen\/verschmuste-katzenrassen\/\">verschmusten Katzenrassen<\/a> schlicht draufg\u00e4ngerische Exemplare.<\/p>\n<h2>Sind Katzenbisse gef\u00e4hrlich?<\/h2>\n<p>Katzenz\u00e4hne sind spitz und scharf und der <strong>Speichel ist reich an Bakterien<\/strong>. Die Z\u00e4hne k\u00f6nnen schnell und tief in das Gewebe eindringen und mit ihnen Krankheitserreger, die sich \u00fcber das Blut im Organismus ausbreiten. Das Risiko ist bei reinen <a href=\"https:\/\/uelzener.de\/magazin\/katze\/haltung\/wohnungskatze-beschaeftigen\/\" target=\"_blank\" rel=\"noopener\">Wohnungskatzen<\/a> und eher oberfl\u00e4chlichen Verletzungen geringer, dennoch kann jeder Katzenbiss gef\u00e4hrlich werden. M\u00f6glich sind sowohl <strong>lokale Entz\u00fcndungen<\/strong> an der Bissstelle als auch <strong>folgenschwere Erkrankungen wie Wundstarrkrampf oder Blutvergiftung<\/strong>. Tiefere Bisse und in den Organismus gelangte Erreger k\u00f6nnen <strong>nachhaltig zu Nerven-, Muskel- und Gelenkproblemen<\/strong> f\u00fchren. Sicherheitshalber ist es daher immer sinnvoll, <strong>nach einem Katzenbiss den Arzt aufzusuchen<\/strong>, die Wunde begutachten zu lassen und gegebenenfalls die Tetanus-Impfung aufzufrischen.<\/p>\n<p>Zumindest aber solltest du die Bissstelle m\u00f6glichst <strong>schnell und sorgf\u00e4ltig reinigen<\/strong> und desinfizieren. Beobachte die Wunde in den n\u00e4chsten Tagen und wende dich bei Schmerzen, einer Entz\u00fcndung, Eiterbildung, starker Schwellung oder anderweitigen Auff\u00e4lligkeiten an einen Arzt.<\/p>\n<h2>Katzen das Bei\u00dfen abgew\u00f6hnen<\/h2>\n<p>Es gibt verschiedene Ans\u00e4tze, Katzen das Bei\u00dfen abzugew\u00f6hnen. Finden Bei\u00dfattacken beim Streicheln oder Spielen statt, ist die erste Ma\u00dfnahme der <strong>sofortige Abbruch<\/strong>. W\u00e4hle zum Spielen bevorzugt Gegenst\u00e4nde, die eine <strong>Distanz zwischen dich und die Katze bringen<\/strong>. Eine <strong>Reizangel<\/strong> ist eine gute M\u00f6glichkeit, den Jagdtrieb spielerisch auszuleben. Derartige Jagdspiele solltest du allerdings nicht \u00fcbertreiben, denn deine Katze k\u00f6nnte immer mehr davon wollen und ihre Erwartung wiederum versuchen, durchzusetzen. Eine ruhigere Variante, <a href=\"https:\/\/uelzener.de\/magazin\/katze\/haltung\/wohnungskatze-beschaeftigen\/\">Katzen zu besch\u00e4ftigen<\/a>, ist der <strong>Einsatz eines Klickers<\/strong>: Die Katze wird <strong>belohnt<\/strong>, wenn sie zum Beispiel einen Gegenstand oder auch deine Hand <strong>sanft ber\u00fchrt<\/strong>. Ein Karton mit zusammengekn\u00fclltem Papier und einigen Leckerlis dazwischen eignet sich ebenfalls ausgezeichnet, um Katzen zu besch\u00e4ftigen und sie artgerecht auszulasten. Ausgelastete Katzen sind \u00fcber einen <strong>ruhigen R\u00fcckzugsort dankbar<\/strong>, denn auch ausgiebige Ruhephasen sind wichtig.<\/p>\n<p>Insgesamt kann die artgerechte Haltung und Besch\u00e4ftigung nebst geregeltem Rahmen viel zu einem harmonischen Miteinander beitragen und Katzen das Bei\u00dfen oder das <a href=\"https:\/\/uelzener.de\/magazin\/katze\/haeufige-fragen\/katze-zerkratzt-sofa\/\">Kratzen am Sofa<\/a> abgew\u00f6hnen:<\/p>\n<ul>\n<li>Kletter- und Kratzm\u00f6glichkeiten<\/li>\n<li>erh\u00f6hte Liegefl\u00e4chen zum ungest\u00f6rten Beobachten<\/li>\n<li>H\u00f6hlen als R\u00fcckzugsort<\/li>\n<li>fester F\u00fctterungs- und Trinkplatz<\/li>\n<li>feste F\u00fctterungszeiten<\/li>\n<li>saubere Katzentoiletten<\/li>\n<li>regelm\u00e4\u00dfige gemeinsame Besch\u00e4ftigung<\/li>\n<li>Katze nicht bedr\u00e4ngen<\/li>\n<li>Stress, Hektik und Unruhe vermeiden<\/li>\n<li>bei Bei\u00dfverhalten ignorieren, gew\u00fcnschtes Verhalten durch Aufmerksamkeit belohnen<\/li>\n<li>Besch\u00e4ftigung nicht \u00fcbertreiben: kurze Aktiv- und ausgiebige Ruhephasen<\/li>\n<\/ul>\n<p>In Extremf\u00e4llen kann ein <strong>Katzentrainer oder -psychologe<\/strong> individuelle Tipps geben. Erfahre auch hier im Magazin mehr \u00fcber <a href=\"https:\/\/uelzener.de\/magazin\/katze\/erziehung-und-training\/katze-erziehen\/\">wie man Katzen richtig erzieht.<\/a><\/p>\n<h2>Fazit: Richtig reagieren, wenn die Katze bei\u00dft<\/h2>\n<p>Es gibt zahlreiche Gr\u00fcnde f\u00fcr Katzen, ihre Z\u00e4hne einzusetzen und nicht alle sind aggressiv motiviert. Ein <strong>z\u00e4rtliches Knabbern<\/strong> hat etwa dieselbe Bedeutung wie das Streicheln durch den Menschen. <strong>Verletzungen durch Katzenbisse<\/strong> k\u00f6nnen allerdings gef\u00e4hrlich sein und eine bei\u00dfende Katze ist kein angenehmer Zeitgenosse. Beachtest du wichtige Voraussetzungen im Zusammenleben, besch\u00e4ftigst deine Katze regelm\u00e4\u00dfig, ohne sie zu \u00fcberfordern und gew\u00e4hrst ihr R\u00fcckzugsm\u00f6glichkeiten, fallen schon einige Gr\u00fcnde weg, die sie zum Bei\u00dfen veranlassen k\u00f6nnten.<\/p>\n<h2>FAQ: H\u00e4ufig gestellte Fragen zum Thema \u201eKatze bei\u00dft\u201c<\/h2>\n<h3>Wie soll ich mich verhalten, wenn die Katze beim Streicheln bei\u00dft?<\/h3>\n<p>Bei\u00dft deine Katze beim Streicheln, brich es wortlos ab.<\/p>\n<h3>Wie gew\u00f6hne ich meiner Katze das Bei\u00dfen ab?<\/h3>\n<p>Katzen m\u00f6chten ihre nat\u00fcrlichen Triebe ausleben. Sorge f\u00fcr spielerische Alternativen mit geeignetem Spielzeug, bei dem deine H\u00e4nde nicht zum Jagdobjekt werden. Beachte die Bed\u00fcrfnisse deiner Katze, ignoriere unerw\u00fcnschtes Verhalten und belohne ruhige Aufmerksamkeit dir gegen\u00fcber.<\/p>\n<h3>Warum bei\u00dfen Katzen?<\/h3>\n<p>Bei\u00dfen kann ebenso ein Liebesbeweis sein wie aus dem Jagdtrieb heraus geschehen, als Abwehrma\u00dfnahme, aus Langeweile und Unterforderung oder aufgrund von Schmerzen, Krankheit und Stress.<\/p>\n","protected":false},"excerpt":{"rendered":"<p>Katzen haben spitze Z\u00e4hne und eine enorme Bei\u00dfkraft, um in der Natur Beute erlegen und sich verteidigen zu k\u00f6nnen. Doch auch au\u00dferhalb des Jagdverhaltens bei\u00dfen Katzen aus unterschiedlichen Gr\u00fcnden \u2013 sogar gelegentlich beim Schmusen. Was du dagegen tun kannst und wie du dich in der Situation verhalten solltest, erf\u00e4hrst du in diesem Beitrag. Warum bei\u00dfen [&hellip;]<\/p>\n","protected":false},"author":11,"featured_media":14527,"parent":11691,"menu_order":36,"comment_status":"open","ping_status":"open","template":"templates\/blog.php","meta":{"_acf_changed":false,"_crdt_document":"","footnotes":"","beyondwords_generate_audio":"0","beyondwords_project_id":"","beyondwords_content_id":"","beyondwords_preview_token":"","beyondwords_player_style":"","beyondwords_language_id":"","beyondwords_title_voice_id":"","beyondwords_body_voice_id":"","beyondwords_summary_voice_id":"","beyondwords_error_message":"","beyondwords_disabled":"","beyondwords_delete_content":"","beyondwords_podcast_id":"","beyondwords_hash":"","publish_post_to_speechkit":"","speechkit_hash":"","speechkit_generate_audio":"","speechkit_project_id":"","speechkit_podcast_id":"","speechkit_error_message":"","speechkit_disabled":"","speechkit_access_key":"","speechkit_error":"","speechkit_info":"","speechkit_response":"","speechkit_retries":"","speechkit_status":"","speechkit_updated_at":"","_speechkit_link":"","_speechkit_text":""},"class_list":["post-10133","page","type-page","status-publish","has-post-thumbnail","hentry"],"acf":[],"yoast_head":"<!-- This site is optimized with the Yoast SEO Premium plugin  - https:\/\/yoast.com\/product\/yoast-seo-premium-wordpress\/ -->\n<title>Katze bei\u00dft \u2013 das kannst Du dagegen tun! | Uelzener<\/title>\n<meta name=\"description\" content=\"Warum bei\u00dfen Katzen? Erfahre alles zu \u2713 Ursachen \u2713 Bedeutung \u2713 Abgew\u00f6hnung der Verhaltensweise \u25b6 Hier informieren!\" \/>\n<meta name=\"robots\" content=\"index, follow, max-snippet:-1, max-image-preview:large, max-video-preview:-1\" \/>\n<link rel=\"canonical\" href=\"https:\/\/uelzener.de\/magazin\/katze\/haeufige-fragen\/katze-beisst\/\" \/>\n<meta property=\"og:locale\" content=\"de_DE\" \/>\n<meta property=\"og:type\" content=\"article\" \/>\n<meta property=\"og:title\" content=\"Die Katze bei\u00dft: Was steckt dahinter und was kannst du tun?\" \/>\n<meta property=\"og:description\" content=\"Warum bei\u00dfen Katzen? Erfahre alles zu \u2713 Ursachen \u2713 Bedeutung \u2713 Abgew\u00f6hnung der Verhaltensweise \u25b6 Hier informieren!\" \/>\n<meta property=\"og:url\" content=\"https:\/\/uelzener.de\/magazin\/katze\/haeufige-fragen\/katze-beisst\/\" \/>\n<meta property=\"og:site_name\" content=\"Uelzener Tier-Magazin\" \/>\n<meta property=\"article:publisher\" content=\"https:\/\/www.facebook.com\/Uelzener\" \/>\n<meta property=\"article:modified_time\" content=\"2025-11-13T09:38:54+00:00\" \/>\n<meta property=\"og:image\" content=\"https:\/\/uelzener.de\/magazin\/app\/uploads\/2022\/12\/katze-beisst.jpg\" \/>\n\t<meta property=\"og:image:width\" content=\"1025\" \/>\n\t<meta property=\"og:image:height\" content=\"450\" \/>\n\t<meta property=\"og:image:type\" content=\"image\/jpeg\" \/>\n<meta name=\"twitter:card\" content=\"summary_large_image\" \/>\n<meta name=\"twitter:label1\" content=\"Gesch\u00e4tzte Lesezeit\" \/>\n\t<meta name=\"twitter:data1\" content=\"8\u00a0Minuten\" \/>\n<script type=\"application\/ld+json\" class=\"yoast-schema-graph\">{\"@context\":\"https:\\\/\\\/schema.org\",\"@graph\":[{\"@type\":\"WebPage\",\"@id\":\"https:\\\/\\\/uelzener.de\\\/magazin\\\/katze\\\/haeufige-fragen\\\/katze-beisst\\\/\",\"url\":\"https:\\\/\\\/uelzener.de\\\/magazin\\\/katze\\\/haeufige-fragen\\\/katze-beisst\\\/\",\"name\":\"Katze bei\u00dft \u2013 das kannst Du dagegen tun! | Uelzener\",\"isPartOf\":{\"@id\":\"https:\\\/\\\/uelzener.de\\\/magazin\\\/#website\"},\"primaryImageOfPage\":{\"@id\":\"https:\\\/\\\/uelzener.de\\\/magazin\\\/katze\\\/haeufige-fragen\\\/katze-beisst\\\/#primaryimage\"},\"image\":{\"@id\":\"https:\\\/\\\/uelzener.de\\\/magazin\\\/katze\\\/haeufige-fragen\\\/katze-beisst\\\/#primaryimage\"},\"thumbnailUrl\":\"https:\\\/\\\/uelzener.de\\\/magazin\\\/app\\\/uploads\\\/2022\\\/12\\\/katze-beisst.jpg\",\"datePublished\":\"2022-12-07T13:58:00+00:00\",\"dateModified\":\"2025-11-13T09:38:54+00:00\",\"description\":\"Warum bei\u00dfen Katzen? Erfahre alles zu \u2713 Ursachen \u2713 Bedeutung \u2713 Abgew\u00f6hnung der Verhaltensweise \u25b6 Hier informieren!\",\"breadcrumb\":{\"@id\":\"https:\\\/\\\/uelzener.de\\\/magazin\\\/katze\\\/haeufige-fragen\\\/katze-beisst\\\/#breadcrumb\"},\"inLanguage\":\"de\",\"potentialAction\":[{\"@type\":\"ReadAction\",\"target\":[\"https:\\\/\\\/uelzener.de\\\/magazin\\\/katze\\\/haeufige-fragen\\\/katze-beisst\\\/\"]}]},{\"@type\":\"ImageObject\",\"inLanguage\":\"de\",\"@id\":\"https:\\\/\\\/uelzener.de\\\/magazin\\\/katze\\\/haeufige-fragen\\\/katze-beisst\\\/#primaryimage\",\"url\":\"https:\\\/\\\/uelzener.de\\\/magazin\\\/app\\\/uploads\\\/2022\\\/12\\\/katze-beisst.jpg\",\"contentUrl\":\"https:\\\/\\\/uelzener.de\\\/magazin\\\/app\\\/uploads\\\/2022\\\/12\\\/katze-beisst.jpg\",\"width\":1025,\"height\":450,\"caption\":\"Katze bei\u00dft Mensch in die Hand.\"},{\"@type\":\"WebSite\",\"@id\":\"https:\\\/\\\/uelzener.de\\\/magazin\\\/#website\",\"url\":\"https:\\\/\\\/uelzener.de\\\/magazin\\\/\",\"name\":\"Uelzener Tiermagazin\",\"description\":\"Online Tierratgeber der Uelzener Versicherungen\",\"publisher\":{\"@id\":\"https:\\\/\\\/uelzener.de\\\/magazin\\\/#organization\"},\"potentialAction\":[{\"@type\":\"SearchAction\",\"target\":{\"@type\":\"EntryPoint\",\"urlTemplate\":\"https:\\\/\\\/uelzener.de\\\/magazin\\\/?s={search_term_string}\"},\"query-input\":{\"@type\":\"PropertyValueSpecification\",\"valueRequired\":true,\"valueName\":\"search_term_string\"}}],\"inLanguage\":\"de\"},{\"@type\":\"Organization\",\"@id\":\"https:\\\/\\\/uelzener.de\\\/magazin\\\/#organization\",\"name\":\"Uelzener Versicherungen\",\"url\":\"https:\\\/\\\/uelzener.de\\\/magazin\\\/\",\"logo\":{\"@type\":\"ImageObject\",\"inLanguage\":\"de\",\"@id\":\"https:\\\/\\\/uelzener.de\\\/magazin\\\/#\\\/schema\\\/logo\\\/image\\\/\",\"url\":\"https:\\\/\\\/uelzener.de\\\/magazin\\\/app\\\/uploads\\\/2024\\\/11\\\/uelzener_allgemeine_versicherungsgesellschaft_a_g_logo.jpg\",\"contentUrl\":\"https:\\\/\\\/uelzener.de\\\/magazin\\\/app\\\/uploads\\\/2024\\\/11\\\/uelzener_allgemeine_versicherungsgesellschaft_a_g_logo.jpg\",\"width\":200,\"height\":200,\"caption\":\"Uelzener Versicherungen\"},\"image\":{\"@id\":\"https:\\\/\\\/uelzener.de\\\/magazin\\\/#\\\/schema\\\/logo\\\/image\\\/\"},\"sameAs\":[\"https:\\\/\\\/www.facebook.com\\\/Uelzener\",\"https:\\\/\\\/instagram.com\\\/uelzener\",\"https:\\\/\\\/www.xing.com\\\/pages\\\/uelzenerallgemeineversicherungs-gesellschafta-g\",\"https:\\\/\\\/www.youtube.com\\\/UelzenerVersicherungen\"]}]}<\/script>\n<!-- \/ Yoast SEO Premium plugin. -->","yoast_head_json":{"title":"Katze bei\u00dft \u2013 das kannst Du dagegen tun! | Uelzener","description":"Warum bei\u00dfen Katzen? Erfahre alles zu \u2713 Ursachen \u2713 Bedeutung \u2713 Abgew\u00f6hnung der Verhaltensweise \u25b6 Hier informieren!","robots":{"index":"index","follow":"follow","max-snippet":"max-snippet:-1","max-image-preview":"max-image-preview:large","max-video-preview":"max-video-preview:-1"},"canonical":"https:\/\/uelzener.de\/magazin\/katze\/haeufige-fragen\/katze-beisst\/","og_locale":"de_DE","og_type":"article","og_title":"Die Katze bei\u00dft: Was steckt dahinter und was kannst du tun?","og_description":"Warum bei\u00dfen Katzen? Erfahre alles zu \u2713 Ursachen \u2713 Bedeutung \u2713 Abgew\u00f6hnung der Verhaltensweise \u25b6 Hier informieren!","og_url":"https:\/\/uelzener.de\/magazin\/katze\/haeufige-fragen\/katze-beisst\/","og_site_name":"Uelzener Tier-Magazin","article_publisher":"https:\/\/www.facebook.com\/Uelzener","article_modified_time":"2025-11-13T09:38:54+00:00","og_image":[{"width":1025,"height":450,"url":"https:\/\/uelzener.de\/magazin\/app\/uploads\/2022\/12\/katze-beisst.jpg","type":"image\/jpeg"}],"twitter_card":"summary_large_image","twitter_misc":{"Gesch\u00e4tzte Lesezeit":"8\u00a0Minuten"},"schema":{"@context":"https:\/\/schema.org","@graph":[{"@type":"WebPage","@id":"https:\/\/uelzener.de\/magazin\/katze\/haeufige-fragen\/katze-beisst\/","url":"https:\/\/uelzener.de\/magazin\/katze\/haeufige-fragen\/katze-beisst\/","name":"Katze bei\u00dft \u2013 das kannst Du dagegen tun! | Uelzener","isPartOf":{"@id":"https:\/\/uelzener.de\/magazin\/#website"},"primaryImageOfPage":{"@id":"https:\/\/uelzener.de\/magazin\/katze\/haeufige-fragen\/katze-beisst\/#primaryimage"},"image":{"@id":"https:\/\/uelzener.de\/magazin\/katze\/haeufige-fragen\/katze-beisst\/#primaryimage"},"thumbnailUrl":"https:\/\/uelzener.de\/magazin\/app\/uploads\/2022\/12\/katze-beisst.jpg","datePublished":"2022-12-07T13:58:00+00:00","dateModified":"2025-11-13T09:38:54+00:00","description":"Warum bei\u00dfen Katzen? Erfahre alles zu \u2713 Ursachen \u2713 Bedeutung \u2713 Abgew\u00f6hnung der Verhaltensweise \u25b6 Hier informieren!","breadcrumb":{"@id":"https:\/\/uelzener.de\/magazin\/katze\/haeufige-fragen\/katze-beisst\/#breadcrumb"},"inLanguage":"de","potentialAction":[{"@type":"ReadAction","target":["https:\/\/uelzener.de\/magazin\/katze\/haeufige-fragen\/katze-beisst\/"]}]},{"@type":"ImageObject","inLanguage":"de","@id":"https:\/\/uelzener.de\/magazin\/katze\/haeufige-fragen\/katze-beisst\/#primaryimage","url":"https:\/\/uelzener.de\/magazin\/app\/uploads\/2022\/12\/katze-beisst.jpg","contentUrl":"https:\/\/uelzener.de\/magazin\/app\/uploads\/2022\/12\/katze-beisst.jpg","width":1025,"height":450,"caption":"Katze bei\u00dft Mensch in die Hand."},{"@type":"WebSite","@id":"https:\/\/uelzener.de\/magazin\/#website","url":"https:\/\/uelzener.de\/magazin\/","name":"Uelzener Tiermagazin","description":"Online Tierratgeber der Uelzener Versicherungen","publisher":{"@id":"https:\/\/uelzener.de\/magazin\/#organization"},"potentialAction":[{"@type":"SearchAction","target":{"@type":"EntryPoint","urlTemplate":"https:\/\/uelzener.de\/magazin\/?s={search_term_string}"},"query-input":{"@type":"PropertyValueSpecification","valueRequired":true,"valueName":"search_term_string"}}],"inLanguage":"de"},{"@type":"Organization","@id":"https:\/\/uelzener.de\/magazin\/#organization","name":"Uelzener Versicherungen","url":"https:\/\/uelzener.de\/magazin\/","logo":{"@type":"ImageObject","inLanguage":"de","@id":"https:\/\/uelzener.de\/magazin\/#\/schema\/logo\/image\/","url":"https:\/\/uelzener.de\/magazin\/app\/uploads\/2024\/11\/uelzener_allgemeine_versicherungsgesellschaft_a_g_logo.jpg","contentUrl":"https:\/\/uelzener.de\/magazin\/app\/uploads\/2024\/11\/uelzener_allgemeine_versicherungsgesellschaft_a_g_logo.jpg","width":200,"height":200,"caption":"Uelzener Versicherungen"},"image":{"@id":"https:\/\/uelzener.de\/magazin\/#\/schema\/logo\/image\/"},"sameAs":["https:\/\/www.facebook.com\/Uelzener","https:\/\/instagram.com\/uelzener","https:\/\/www.xing.com\/pages\/uelzenerallgemeineversicherungs-gesellschafta-g","https:\/\/www.youtube.com\/UelzenerVersicherungen"]}]}},"_links":{"self":[{"href":"https:\/\/uelzener.de\/magazin\/wp-json\/wp\/v2\/pages\/10133","targetHints":{"allow":["GET"]}}],"collection":[{"href":"https:\/\/uelzener.de\/magazin\/wp-json\/wp\/v2\/pages"}],"about":[{"href":"https:\/\/uelzener.de\/magazin\/wp-json\/wp\/v2\/types\/page"}],"author":[{"embeddable":true,"href":"https:\/\/uelzener.de\/magazin\/wp-json\/wp\/v2\/users\/11"}],"replies":[{"embeddable":true,"href":"https:\/\/uelzener.de\/magazin\/wp-json\/wp\/v2\/comments?post=10133"}],"version-history":[{"count":18,"href":"https:\/\/uelzener.de\/magazin\/wp-json\/wp\/v2\/pages\/10133\/revisions"}],"predecessor-version":[{"id":19433,"href":"https:\/\/uelzener.de\/magazin\/wp-json\/wp\/v2\/pages\/10133\/revisions\/19433"}],"up":[{"embeddable":true,"href":"https:\/\/uelzener.de\/magazin\/wp-json\/wp\/v2\/pages\/11691"}],"wp:featuredmedia":[{"embeddable":true,"href":"https:\/\/uelzener.de\/magazin\/wp-json\/wp\/v2\/media\/14527"}],"wp:attachment":[{"href":"https:\/\/uelzener.de\/magazin\/wp-json\/wp\/v2\/media?parent=10133"}],"curies":[{"name":"wp","href":"https:\/\/api.w.org\/{rel}","templated":true}]}}