{"id":10132,"date":"2023-06-02T00:00:00","date_gmt":"2023-06-01T22:00:00","guid":{"rendered":""},"modified":"2024-03-12T11:47:16","modified_gmt":"2024-03-12T10:47:16","slug":"katzen-zusammenfuehren","status":"publish","type":"page","link":"https:\/\/uelzener.de\/magazin\/katze\/erziehung-und-training\/katzen-zusammenfuehren\/","title":{"rendered":"Katzen zusammenf\u00fchren und vergesellschaften"},"content":{"rendered":"<p>Auch wenn Katzen als Einzelg\u00e4nger gelten, kann es gerade <a href=\"https:\/\/uelzener.de\/magazin\/katze\/haltung\/wohnungskatze-beschaeftigen\/\" target=\"_blank\" rel=\"noopener\">Wohnungskatzen<\/a> allein langweilig werden. Viele Menschen entscheiden sich deshalb daf\u00fcr, dem angestammten Stubentiger einen Partner an die Seite zu stellen. Eigentlich eine gute Idee, aber leider ist nicht jede Mieze sofort begeistert vom Familienzuwachs. Damit die Vergesellschaftung und das Zusammenleben langfristig funktionieren, solltest du einige Dinge im Auge haben, die wir dir hier erkl\u00e4ren.<\/p>\n<h2>Die wichtigsten Tipps f\u00fcr eine erfolgreiche Vergesellschaftung von Katzen:<\/h2>\n<ul>\n<li>Nimm dir Zeit.<\/li>\n<li>Ber\u00fccksichtige bei der Wahl der Zweitkatze Charakter und Alter der Erstkatze.<\/li>\n<li>Stelle im Vorfeld sicher, dass du die neue Katze zur\u00fcckgeben kannst, sollte die Vergesellschaftung nicht funktionieren.e<\/li>\n<li>Schaffe f\u00fcr den neuen tierischen Mitbewohner neues Equipment an. Katzen teilen nicht gern.<\/li>\n<li>Gew\u00f6hne die Vierbeiner langsam und zun\u00e4chst mit Abstand aneinander. Wenn die neue Katze einzieht, ist es sinnvoll, die Tiere zun\u00e4chst in getrennten R\u00e4umen unterzubringen.<\/li>\n<li>Strahle Ruhe aus und gib den Katzen Leckerli, um die fremde Katze mit einer positiven Erwartungshaltung zu verkn\u00fcpfen und positives Verhalten zu best\u00e4rken.<\/li>\n<li>Schenke beiden Samtpfoten gen\u00fcgend Aufmerksamkeit, um Eifersucht zu vermeiden.<\/li>\n<\/ul>\n<p>Gut ist es, wenn sich Halter:innen f\u00fcr die Vergesellschaftungsphase ein paar Tage Urlaub nehmen oder die Ankunft des neuen Mitbewohners zumindest auf ein Wochenende legen. So ist die n\u00f6tige Zeit und Ruhe f\u00fcr die n\u00e4chsten Eingew\u00f6hnungsschritte vorhanden.<\/p>\n<p>Der erste Kontakt sollte indirekt hergestellt werden, indem man den Katzen die M\u00f6glichkeit gibt, sich zun\u00e4chst mit dem Geruch des anderen Tieres vertraut zu machen. Daf\u00fcr wird jede Katze mit einem Tuch abgerieben, das dann in das Zimmer der anderen kommt. Zusammen mit dem Tuch sollte man ein Leckerchen reichen. So verkn\u00fcpfen die Miezen den Geruch der Artgenossen gleich positiv.<\/p>\n<p>Der erste direkte Kontakt sollte auf sicherem Terrain stattfinden, also zum Beispiel durch eine Gittert\u00fcr getrennt. Die sch\u00fctzende Barriere sollte hoch und engmaschig sein. Katzen k\u00f6nnen sich durch erstaunlich kleine L\u00fccken quetschen und hochspringen. Die Tiere sollten die M\u00f6glichkeit haben, sich mehrere Tage auf diese Weise miteinander vertraut zu machen. Anfangs sollte man die Katzen im Auge behalten und mit einer Leckerei belohnen, wenn sie sich friedlich verhalten. In dieser Situation w\u00e4re es zudem von Vorteil, wenn eine zweite Person dazuk\u00e4me. So kann sich jeweils eine Person um eine Katze k\u00fcmmern.<\/p>\n<p>Wird die Gittert\u00fcr entfernt, sollten sich die Katzen in den ersten Tagen nur unter Beobachtung und auf neutralem Terrain begegnen \u2013 beispielsweise im Flur. Die Schlafpl\u00e4tze der jeweils anderen sind tabu! Die frischgebackenen Zweifachkatzenhalter:innen sollten Ruhe ausstrahlen und leise und liebevoll mit den Tieren reden. Dabei sollte auch die alteingesessene Katze genug Aufmerksamkeit erhalten, damit sie nicht eifers\u00fcchtig wird. Erst wenn klar ist, dass keine der Katzen aggressiv reagiert, d\u00fcrfen die Tiere schlie\u00dflich ohne Beaufsichtigung aufeinandertreffen.<\/p>\n<h2>Das Geschlecht der Katzen<\/h2>\n<p>Das Geschlecht spielt bei der Vergesellschaftung von zwei Katzen eine untergeordnete Rolle. Abgesehen von unkastrierten Katern k\u00f6nnen alle Tiere gut miteinander auskommen. Bei gemischtgeschlechtlichen Paaren sollte man die Tiere kastrieren lassen, um unerw\u00fcnschten Nachwuchs zu vermeiden. Zwei kastrierte Kater in Wohnungshaltung k\u00f6nnen ebenfalls harmonisch zusammenleben, bei Freig\u00e4ngerkatern kann es hingegen zu Revierstreitigkeiten kommen.<\/p>\n<h2>Katzenzusammenf\u00fchrung: Charakter und Alter beachten<\/h2>\n<p>Ist die Entscheidung getroffen, dass eine Zweitkatze einziehen soll, sollten die Eigenschaften der bestehenden Katze ber\u00fccksichtigt werden. Bei der Vergesellschaftung entscheiden insbesondere das Alter und die Charaktereigenschaften der beiden Tiere dar\u00fcber, ob sie zusammenpassen und Katzenfreunde werden k\u00f6nnen.<\/p>\n<p>Handelt es sich bei der angestammten Katze um eine ruhige Vertreterin, tut man ihr mit einem sanftm\u00fctigen Partner einen gr\u00f6\u00dferen Gefallen als mit einem Wildfang. Eine dominante Katze hingegen kommt auch mit einem Frechdachs gut zurecht. Es empfiehlt sich au\u00dferdem, eine j\u00fcngere oder maximal gleichaltrige Katze dazu zu holen, damit der ersten Katze nicht der Rang abgelaufen wird. Allerdings sollte der Altersunterschied zwischen den Katzengeschwistern auch nicht zu gro\u00df sein: Von einer Vergesellschaftung von Senioren und Jungtieren ist aufgrund der unterschiedlichen Bed\u00fcrfnisse der ungleichen Paare eher abzuraten.<\/p>\n<p>Auch die verschiedenen Katzenrassen haben ihre Eigenarten. So kann es hilfreich sein, sich \u00fcber <a href=\"https:\/\/uelzener.de\/magazin\/katze\/rasseportrait\/\">Rasseportraits<\/a> einzelner Rassen wie Karth\u00e4user, Bengalkatzen un Co. zu informieren. Bevor man eine Zweitkatze zu sich holt, sollte sichergestellt sein, dass die neue Katze im Notfall wieder von der Tiervermittlung zur\u00fcckgenommen wird. Selbst mit viel gutem Willen kann eine Zusammenf\u00fchrung scheitern \u2013 vor allem bei \u00e4lteren Tieren.<\/p>\n<h2>Die Lebensbedingungen spielen eine wichtige Rolle<\/h2>\n<p>Dass die Samtpfoten nur Einzelg\u00e4nger sind, ist ein Vorurteil. Vielmehr kommt es auf die Lebensbedingungen an: Darf das Tier nach drau\u00dfen und dort seinem Spiel- und Jagdtrieb nachgehen? Oder lebt die Katze allein tagein tagaus in einer Wohnung und bekommt ihr Futter bereitgestellt? In diesem Fall kann ein gleichartiger Kamerad Schwung ins Katzenleben bringen. Aber auch unter Freig\u00e4ngern gibt es Tiere, die die Gesellschaft einer anderen Katze zu sch\u00e4tzen wissen.<\/p>\n<h2>G\u00fcnstige Voraussetzungen bereits vor dem Einzug der Zweitkatze schaffen<\/h2>\n<p>Bevor die neue <a href=\"https:\/\/uelzener.de\/magazin\/katze\/tiergesundheit\/eine-katze-zieht-ein\/\">Katze einzieht<\/a>, sind ein paar Vorbereitungen f\u00fcr die Katzenhaltung notwendig. Da Katzen Futter- und Trinkn\u00e4pfe ungern teilen, muss f\u00fcr jedes Tier ein eigenes Exemplar zur Verf\u00fcgung stehen. Dasselbe gilt f\u00fcr B\u00fcrste und Spielzeug. Auch das Katzenklo beanspruchen Katzen gern f\u00fcr sich. <strong>Daher gilt hier die Faustregel: Pro Katze eine eigene Toilette plus eine weitere Toilette f\u00fcr beide zusammen<\/strong>.<\/p>\n<p>Ausreichend <a href=\"https:\/\/uelzener.de\/magazin\/katze\/haltung\/schlafplatz-katze\/\">Schlaf- und R\u00fcckzugspl\u00e4tze f\u00fcr die Katzen<\/a> sollten ebenfalls vorhanden sein. Jede Katze beansprucht zwei bis drei Pl\u00e4tze f\u00fcr sich. Ideal w\u00e4re es zudem, wenn jede Katze ihren eigenen Kratzbaum h\u00e4tte. Sollen sich die beiden Katzen zuk\u00fcnftig jedoch einen Kratzbaum teilen, sollte dieser gro\u00df genug sein, damit sich die Vierbeiner bei Bedarf auch hier aus dem Weg gehen k\u00f6nnen. Ein doppelst\u00e4mmiger Kratzbaum ist zu empfehlen.<\/p>\n<h2>Zwei Katzen ziehen gemeinsam ein<\/h2>\n<p>Wenn zwei Katzen gleichzeitig einziehen, ist es unkompliziert. Die meisten Katzenkinder bauen eine innige Beziehung zueinander auf. Dabei spielt es keine Rolle, ob die Tiere aus einem Wurf oder aus unterschiedlichen W\u00fcrfen stammen. Die genannten Tipps zur Vergesellschaftung brauchen also nur angewendet werden, wenn bereits eine Katze Teil der Familie ist und ihren angestammten Platz mit einem neuen Mitbewohner teilen soll.<\/p>\n<h2>Fazit<\/h2>\n<p>Eine Zweitkatze anzuschaffen kann, gerade bei Wohnungskatzen, eine sehr gute Idee sein. So droht mit einem weiteren Stubentiger weniger Langeweile aufzukommen. Damit mit der Zweitkatze nicht gleichzeitig eine Mehr an Problemen einzieht, sind einige wichtige Punkte, wie beispielsweise eine langsame schrittweise Eingew\u00f6hnung, zu ber\u00fccksichtigen. Vor allem sollten Zusammenf\u00fchrung und Vergesellschaftung von Katzen gut geplant werden.<\/p>\n<h2>FAQ \u2013 Katzen zusammenf\u00fchren<\/h2>\n<h3>Wie kann man zwei Katzen zusammenf\u00fchren?<\/h3>\n<p>Der erste direkte Kontakt sollte auf sicherem Terrain stattfinden, also zum Beispiel durch eine Gittert\u00fcr getrennt. Um die beiden Katzen miteinander vertraut zu machen, kannst du den Geruch der einen an die andere weitergeben. Stelle das K\u00f6rbchen der einen Katze in die N\u00e4he der anderen und biete ihr die Decke der anderen zum Beschnuppern an.<\/p>\n<h3>Wie lange fauchen Katzen sich an?<\/h3>\n<p>Durchschnittlich dauert es ca. zwei Monate, bis sich deine Katzen bedingungslos akzeptieren. In der Anfangsphase sind Schwierigkeiten sowie Knurren vollkommen normal, nur Aggressionen sollte man umgehend unterbinden.<\/p>\n<h3>Wie gro\u00df sollte der Altersunterschied bei zwei Katzen sein?<\/h3>\n<p>Je j\u00fcnger die Samtpfoten sind, desto kleiner sollte ihr Altersunterschied sein, bestenfalls nur wenige Wochen oder Monate. Bei \u00e4lteren K\u00e4tzchen kann dieser auch ein paar Jahre betragen.<\/p>\n<h2>Und wie sieht es aus mit einer Versicherung f\u00fcr die Zweitkatze?<\/h2>\n<p>Lies hier alles \u00fcber <a href=\"https:\/\/uelzener.de\/magazin\/katze\/haeufige-fragen\/katzenversicherung-fuer-2-katzen\/\">Katzenversicherung f\u00fcr 2 Katzen<\/a> nach.<\/p>\n","protected":false},"excerpt":{"rendered":"<p>Auch wenn Katzen als Einzelg\u00e4nger gelten, kann es gerade Wohnungskatzen allein langweilig werden. Viele Menschen entscheiden sich deshalb daf\u00fcr, dem angestammten Stubentiger einen Partner an die Seite zu stellen. Eigentlich eine gute Idee, aber leider ist nicht jede Mieze sofort begeistert vom Familienzuwachs. Damit die Vergesellschaftung und das Zusammenleben langfristig funktionieren, solltest du einige Dinge [&hellip;]<\/p>\n","protected":false},"author":1,"featured_media":13052,"parent":11695,"menu_order":4,"comment_status":"closed","ping_status":"closed","template":"templates\/blog.php","meta":{"_acf_changed":false,"_crdt_document":"","footnotes":"","beyondwords_generate_audio":"0","beyondwords_project_id":"","beyondwords_content_id":"","beyondwords_preview_token":"","beyondwords_player_style":"","beyondwords_language_id":"","beyondwords_title_voice_id":"","beyondwords_body_voice_id":"","beyondwords_summary_voice_id":"","beyondwords_error_message":"","beyondwords_disabled":"","beyondwords_delete_content":"","beyondwords_podcast_id":"","beyondwords_hash":"","publish_post_to_speechkit":"","speechkit_hash":"","speechkit_generate_audio":"","speechkit_project_id":"","speechkit_podcast_id":"","speechkit_error_message":"","speechkit_disabled":"","speechkit_access_key":"","speechkit_error":"","speechkit_info":"","speechkit_response":"","speechkit_retries":"","speechkit_status":"","speechkit_updated_at":"","_speechkit_link":"","_speechkit_text":""},"class_list":["post-10132","page","type-page","status-publish","has-post-thumbnail","hentry"],"acf":[],"yoast_head":"<!-- This site is optimized with the Yoast SEO Premium plugin  - https:\/\/yoast.com\/product\/yoast-seo-premium-wordpress\/ -->\n<title>Katzen zusammenf\u00fchren &amp; vergesellschaften | Uelzener<\/title>\n<meta name=\"description\" content=\"Tipps &amp; Tricks zur reibungslosen \u2713 Zusammenf\u00fchrung und \u2713 Vergesellschaftung von Katzen \u25b6 Zweitkatze erfolgreich eingew\u00f6hnen!\" \/>\n<meta name=\"robots\" content=\"index, follow, max-snippet:-1, max-image-preview:large, max-video-preview:-1\" \/>\n<link rel=\"canonical\" href=\"https:\/\/uelzener.de\/magazin\/katze\/erziehung-und-training\/katzen-zusammenfuehren\/\" \/>\n<meta property=\"og:locale\" content=\"de_DE\" \/>\n<meta property=\"og:type\" content=\"article\" \/>\n<meta property=\"og:title\" content=\"Katzen zusammenf\u00fchren und vergesellschaften\" \/>\n<meta property=\"og:description\" content=\"Tipps &amp; Tricks zur reibungslosen \u2713 Zusammenf\u00fchrung und \u2713 Vergesellschaftung von Katzen \u25b6 Zweitkatze erfolgreich eingew\u00f6hnen!\" \/>\n<meta property=\"og:url\" content=\"https:\/\/uelzener.de\/magazin\/katze\/erziehung-und-training\/katzen-zusammenfuehren\/\" \/>\n<meta property=\"og:site_name\" content=\"Uelzener Tier-Magazin\" \/>\n<meta property=\"article:publisher\" content=\"https:\/\/www.facebook.com\/Uelzener\" \/>\n<meta property=\"article:modified_time\" content=\"2024-03-12T10:47:16+00:00\" \/>\n<meta property=\"og:image\" content=\"https:\/\/uelzener.de\/magazin\/app\/uploads\/2022\/02\/Katzen-zusammenfuehren.jpg\" \/>\n\t<meta property=\"og:image:width\" content=\"1024\" \/>\n\t<meta property=\"og:image:height\" content=\"450\" \/>\n\t<meta property=\"og:image:type\" content=\"image\/jpeg\" \/>\n<meta name=\"twitter:card\" content=\"summary_large_image\" \/>\n<meta name=\"twitter:label1\" content=\"Gesch\u00e4tzte Lesezeit\" \/>\n\t<meta name=\"twitter:data1\" content=\"6\u00a0Minuten\" \/>\n<script type=\"application\/ld+json\" class=\"yoast-schema-graph\">{\"@context\":\"https:\/\/schema.org\",\"@graph\":[{\"@type\":\"WebPage\",\"@id\":\"https:\/\/uelzener.de\/magazin\/katze\/erziehung-und-training\/katzen-zusammenfuehren\/\",\"url\":\"https:\/\/uelzener.de\/magazin\/katze\/erziehung-und-training\/katzen-zusammenfuehren\/\",\"name\":\"Katzen zusammenf\u00fchren & vergesellschaften | Uelzener\",\"isPartOf\":{\"@id\":\"https:\/\/uelzener.de\/magazin\/#website\"},\"primaryImageOfPage\":{\"@id\":\"https:\/\/uelzener.de\/magazin\/katze\/erziehung-und-training\/katzen-zusammenfuehren\/#primaryimage\"},\"image\":{\"@id\":\"https:\/\/uelzener.de\/magazin\/katze\/erziehung-und-training\/katzen-zusammenfuehren\/#primaryimage\"},\"thumbnailUrl\":\"https:\/\/uelzener.de\/magazin\/app\/uploads\/2022\/02\/Katzen-zusammenfuehren.jpg\",\"datePublished\":\"2023-06-01T22:00:00+00:00\",\"dateModified\":\"2024-03-12T10:47:16+00:00\",\"description\":\"Tipps & Tricks zur reibungslosen \u2713 Zusammenf\u00fchrung und \u2713 Vergesellschaftung von Katzen \u25b6 Zweitkatze erfolgreich eingew\u00f6hnen!\",\"breadcrumb\":{\"@id\":\"https:\/\/uelzener.de\/magazin\/katze\/erziehung-und-training\/katzen-zusammenfuehren\/#breadcrumb\"},\"inLanguage\":\"de\",\"potentialAction\":[{\"@type\":\"ReadAction\",\"target\":[\"https:\/\/uelzener.de\/magazin\/katze\/erziehung-und-training\/katzen-zusammenfuehren\/\"]}]},{\"@type\":\"ImageObject\",\"inLanguage\":\"de\",\"@id\":\"https:\/\/uelzener.de\/magazin\/katze\/erziehung-und-training\/katzen-zusammenfuehren\/#primaryimage\",\"url\":\"https:\/\/uelzener.de\/magazin\/app\/uploads\/2022\/02\/Katzen-zusammenfuehren.jpg\",\"contentUrl\":\"https:\/\/uelzener.de\/magazin\/app\/uploads\/2022\/02\/Katzen-zusammenfuehren.jpg\",\"width\":1024,\"height\":450,\"caption\":\"Zwei Katzen kuscheln, es ist nicht immer einfach 2 Katzen zusammenzuf\u00fchren.\"},{\"@type\":\"WebSite\",\"@id\":\"https:\/\/uelzener.de\/magazin\/#website\",\"url\":\"https:\/\/uelzener.de\/magazin\/\",\"name\":\"Uelzener Tiermagazin\",\"description\":\"Online Tierratgeber der Uelzener Versicherungen\",\"publisher\":{\"@id\":\"https:\/\/uelzener.de\/magazin\/#organization\"},\"potentialAction\":[{\"@type\":\"SearchAction\",\"target\":{\"@type\":\"EntryPoint\",\"urlTemplate\":\"https:\/\/uelzener.de\/magazin\/?s={search_term_string}\"},\"query-input\":{\"@type\":\"PropertyValueSpecification\",\"valueRequired\":true,\"valueName\":\"search_term_string\"}}],\"inLanguage\":\"de\"},{\"@type\":\"Organization\",\"@id\":\"https:\/\/uelzener.de\/magazin\/#organization\",\"name\":\"Uelzener Versicherungen\",\"url\":\"https:\/\/uelzener.de\/magazin\/\",\"logo\":{\"@type\":\"ImageObject\",\"inLanguage\":\"de\",\"@id\":\"https:\/\/uelzener.de\/magazin\/#\/schema\/logo\/image\/\",\"url\":\"https:\/\/uelzener.de\/magazin\/app\/uploads\/2024\/11\/uelzener_allgemeine_versicherungsgesellschaft_a_g_logo.jpg\",\"contentUrl\":\"https:\/\/uelzener.de\/magazin\/app\/uploads\/2024\/11\/uelzener_allgemeine_versicherungsgesellschaft_a_g_logo.jpg\",\"width\":200,\"height\":200,\"caption\":\"Uelzener Versicherungen\"},\"image\":{\"@id\":\"https:\/\/uelzener.de\/magazin\/#\/schema\/logo\/image\/\"},\"sameAs\":[\"https:\/\/www.facebook.com\/Uelzener\",\"https:\/\/instagram.com\/uelzener\",\"https:\/\/www.xing.com\/pages\/uelzenerallgemeineversicherungs-gesellschafta-g\",\"https:\/\/www.youtube.com\/UelzenerVersicherungen\"]}]}<\/script>\n<!-- \/ Yoast SEO Premium plugin. -->","yoast_head_json":{"title":"Katzen zusammenf\u00fchren & vergesellschaften | Uelzener","description":"Tipps & Tricks zur reibungslosen \u2713 Zusammenf\u00fchrung und \u2713 Vergesellschaftung von Katzen \u25b6 Zweitkatze erfolgreich eingew\u00f6hnen!","robots":{"index":"index","follow":"follow","max-snippet":"max-snippet:-1","max-image-preview":"max-image-preview:large","max-video-preview":"max-video-preview:-1"},"canonical":"https:\/\/uelzener.de\/magazin\/katze\/erziehung-und-training\/katzen-zusammenfuehren\/","og_locale":"de_DE","og_type":"article","og_title":"Katzen zusammenf\u00fchren und vergesellschaften","og_description":"Tipps & Tricks zur reibungslosen \u2713 Zusammenf\u00fchrung und \u2713 Vergesellschaftung von Katzen \u25b6 Zweitkatze erfolgreich eingew\u00f6hnen!","og_url":"https:\/\/uelzener.de\/magazin\/katze\/erziehung-und-training\/katzen-zusammenfuehren\/","og_site_name":"Uelzener Tier-Magazin","article_publisher":"https:\/\/www.facebook.com\/Uelzener","article_modified_time":"2024-03-12T10:47:16+00:00","og_image":[{"width":1024,"height":450,"url":"https:\/\/uelzener.de\/magazin\/app\/uploads\/2022\/02\/Katzen-zusammenfuehren.jpg","type":"image\/jpeg"}],"twitter_card":"summary_large_image","twitter_misc":{"Gesch\u00e4tzte Lesezeit":"6\u00a0Minuten"},"schema":{"@context":"https:\/\/schema.org","@graph":[{"@type":"WebPage","@id":"https:\/\/uelzener.de\/magazin\/katze\/erziehung-und-training\/katzen-zusammenfuehren\/","url":"https:\/\/uelzener.de\/magazin\/katze\/erziehung-und-training\/katzen-zusammenfuehren\/","name":"Katzen zusammenf\u00fchren & vergesellschaften | Uelzener","isPartOf":{"@id":"https:\/\/uelzener.de\/magazin\/#website"},"primaryImageOfPage":{"@id":"https:\/\/uelzener.de\/magazin\/katze\/erziehung-und-training\/katzen-zusammenfuehren\/#primaryimage"},"image":{"@id":"https:\/\/uelzener.de\/magazin\/katze\/erziehung-und-training\/katzen-zusammenfuehren\/#primaryimage"},"thumbnailUrl":"https:\/\/uelzener.de\/magazin\/app\/uploads\/2022\/02\/Katzen-zusammenfuehren.jpg","datePublished":"2023-06-01T22:00:00+00:00","dateModified":"2024-03-12T10:47:16+00:00","description":"Tipps & Tricks zur reibungslosen \u2713 Zusammenf\u00fchrung und \u2713 Vergesellschaftung von Katzen \u25b6 Zweitkatze erfolgreich eingew\u00f6hnen!","breadcrumb":{"@id":"https:\/\/uelzener.de\/magazin\/katze\/erziehung-und-training\/katzen-zusammenfuehren\/#breadcrumb"},"inLanguage":"de","potentialAction":[{"@type":"ReadAction","target":["https:\/\/uelzener.de\/magazin\/katze\/erziehung-und-training\/katzen-zusammenfuehren\/"]}]},{"@type":"ImageObject","inLanguage":"de","@id":"https:\/\/uelzener.de\/magazin\/katze\/erziehung-und-training\/katzen-zusammenfuehren\/#primaryimage","url":"https:\/\/uelzener.de\/magazin\/app\/uploads\/2022\/02\/Katzen-zusammenfuehren.jpg","contentUrl":"https:\/\/uelzener.de\/magazin\/app\/uploads\/2022\/02\/Katzen-zusammenfuehren.jpg","width":1024,"height":450,"caption":"Zwei Katzen kuscheln, es ist nicht immer einfach 2 Katzen zusammenzuf\u00fchren."},{"@type":"WebSite","@id":"https:\/\/uelzener.de\/magazin\/#website","url":"https:\/\/uelzener.de\/magazin\/","name":"Uelzener Tiermagazin","description":"Online Tierratgeber der Uelzener Versicherungen","publisher":{"@id":"https:\/\/uelzener.de\/magazin\/#organization"},"potentialAction":[{"@type":"SearchAction","target":{"@type":"EntryPoint","urlTemplate":"https:\/\/uelzener.de\/magazin\/?s={search_term_string}"},"query-input":{"@type":"PropertyValueSpecification","valueRequired":true,"valueName":"search_term_string"}}],"inLanguage":"de"},{"@type":"Organization","@id":"https:\/\/uelzener.de\/magazin\/#organization","name":"Uelzener Versicherungen","url":"https:\/\/uelzener.de\/magazin\/","logo":{"@type":"ImageObject","inLanguage":"de","@id":"https:\/\/uelzener.de\/magazin\/#\/schema\/logo\/image\/","url":"https:\/\/uelzener.de\/magazin\/app\/uploads\/2024\/11\/uelzener_allgemeine_versicherungsgesellschaft_a_g_logo.jpg","contentUrl":"https:\/\/uelzener.de\/magazin\/app\/uploads\/2024\/11\/uelzener_allgemeine_versicherungsgesellschaft_a_g_logo.jpg","width":200,"height":200,"caption":"Uelzener Versicherungen"},"image":{"@id":"https:\/\/uelzener.de\/magazin\/#\/schema\/logo\/image\/"},"sameAs":["https:\/\/www.facebook.com\/Uelzener","https:\/\/instagram.com\/uelzener","https:\/\/www.xing.com\/pages\/uelzenerallgemeineversicherungs-gesellschafta-g","https:\/\/www.youtube.com\/UelzenerVersicherungen"]}]}},"_links":{"self":[{"href":"https:\/\/uelzener.de\/magazin\/wp-json\/wp\/v2\/pages\/10132","targetHints":{"allow":["GET"]}}],"collection":[{"href":"https:\/\/uelzener.de\/magazin\/wp-json\/wp\/v2\/pages"}],"about":[{"href":"https:\/\/uelzener.de\/magazin\/wp-json\/wp\/v2\/types\/page"}],"author":[{"embeddable":true,"href":"https:\/\/uelzener.de\/magazin\/wp-json\/wp\/v2\/users\/1"}],"replies":[{"embeddable":true,"href":"https:\/\/uelzener.de\/magazin\/wp-json\/wp\/v2\/comments?post=10132"}],"version-history":[{"count":15,"href":"https:\/\/uelzener.de\/magazin\/wp-json\/wp\/v2\/pages\/10132\/revisions"}],"predecessor-version":[{"id":17176,"href":"https:\/\/uelzener.de\/magazin\/wp-json\/wp\/v2\/pages\/10132\/revisions\/17176"}],"up":[{"embeddable":true,"href":"https:\/\/uelzener.de\/magazin\/wp-json\/wp\/v2\/pages\/11695"}],"wp:featuredmedia":[{"embeddable":true,"href":"https:\/\/uelzener.de\/magazin\/wp-json\/wp\/v2\/media\/13052"}],"wp:attachment":[{"href":"https:\/\/uelzener.de\/magazin\/wp-json\/wp\/v2\/media?parent=10132"}],"curies":[{"name":"wp","href":"https:\/\/api.w.org\/{rel}","templated":true}]}}