{"id":10130,"date":"2015-03-24T00:00:00","date_gmt":"2015-03-24T00:00:00","guid":{"rendered":""},"modified":"2025-01-23T16:17:28","modified_gmt":"2025-01-23T15:17:28","slug":"maine-coon","status":"publish","type":"page","link":"https:\/\/uelzener.de\/magazin\/katze\/rasseportrait\/maine-coon\/","title":{"rendered":"Maine Coon: liebenswerte &#8222;sanfte Riesen&#8220;"},"content":{"rendered":"<p>Wer zum ersten Mal einer Maine-Coon-Katze begegnet, sieht sich einem sehr gro\u00dfen und kr\u00e4ftigen Tier gegen\u00fcber, sodass man eher an \u201eLuchs\u201c als an \u201eKatze\u201c denkt. Aber der imposante Eindruck t\u00e4uscht: Maine-Coons sind sehr liebenswerte, freundliche und gesellige Katzen und gelten daher als \u201esanfte Riesen\u201c.<\/p>\n<h2>Herkunft und Aussehen<\/h2>\n<p>Die Maine-Coon oder Amerikanische Waldkatze ist eine Naturrasse. Mit ihrem dichten, wasserabweisenden Pelz, dem buschigen Schwanz, den langen Haaren um den Hals und Nacken herum und den dicht behaarten Ohren und Pfoten ist sie optimal an das raue, kalte Klima im n\u00f6rdlichen Amerika mit seinen schneereichen Wintern angepasst. Vermutet wird, dass sie auf europ\u00e4ische Katzen zur\u00fcckgehen, die mit den Siedlern nach Amerika kamen. Urspr\u00fcnglich lebten Maine-Coons als \u201eworking cats\u201c auf den H\u00f6fen der europ\u00e4ischen Einwanderer an der Ostk\u00fcste im US-Bundesstaat Maine, um sie von M\u00e4usen und Ratten freizuhalten. Der zweite Teil des Namens bezieht sich anscheinend darauf, dass sie dem ebenfalls sehr pelzigen Waschb\u00e4r mit seinem markanten Schwanz \u00e4hnlich sehen sollen (engl. <em>Raccoon<\/em> = Waschb\u00e4r).<\/p>\n<h2>Charakter<\/h2>\n<p>Maine-Coons sind in mancher Hinsicht ihren Namensvettern \u00e4hnlich: Sie haben vergleichsweise wenig Probleme mit Wasser und spielen sogar damit. Zudem sind sie sehr \u201epfoten-orientiert\u201c: Sie nehmen gerne das Futter mit der Pfote aus dem Napf, bevor sie es fressen. Auch sonst sind die intelligenten Tiere immer zu Scherzen aufgelegt. Maine-Coons k\u00f6nnen gut apportieren und haben eine Menge Spa\u00df daran, Gegenst\u00e4nde zu verschleppen und zu verstecken. Sie begleiten ihre Menschen im Haus \u00fcberall hin und kommentieren dabei brabbelnd und mauzend mit ihren \u00fcberraschend leisen Stimmen jede Aktion.<\/p>\n<p>Die Maine-Coon schl\u00e4ft viel und kann daher auch mal mehrere Stunden allein sein. Sie wird aber anschlie\u00dfend daf\u00fcr sorgen, dass ihr Mensch sie nicht vergisst und entsprechend Aufmerksamkeit einfordern. Trotz ihrer Anh\u00e4nglichkeit ist die Maine-Coon aber keine reine Schmusekatze, sondern wird ihre Unabh\u00e4ngigkeit bewahren. Sie ist ein hervorragender J\u00e4ger, wenn man ihr Freigang gew\u00e4hrt, kann aber auch gut als reine Wohnungskatze gehalten werden, solange es viel zu spielen und genug Platz gibt. Besser noch, sie hat einen vierbeinigen Spielkameraden, mit dem sie die Wohnung unsicher machen kann. Mit anderen Katzen kommt die Maine-Coon gut aus, ebenso mit Hunden, vorausgesetzt, sie wurden von klein auf aneinander gew\u00f6hnt. Auch mit Kindern kommt sie gut zurecht.<\/p>\n\n<div class=\"related_articles boxed\">\n    <h2>Mehr zum Thema<\/h2>\n    \n    <div class=\"wrapper\"><div class=\"title align-center\"><h3><a href=\"https:\/\/uelzener.de\/magazin\/katze\/rasseportrait\/katzenrassen-die-haeufiger-krank-werden\/\">Katzenrassen, die h\u00e4ufiger krank werden<\/a><\/h3><\/div><div class=\"img align-center\"><img decoding=\"async\" width=\"315\" height=\"180\" src=\"https:\/\/uelzener.de\/magazin\/app\/uploads\/2025\/01\/abessinier-315x180.jpg\" class=\"attachment-315x180 size-315x180 wp-post-image\" alt=\"Abessinier-Katze\" \/><\/div><\/div><div class=\"wrapper\"><div class=\"title align-center\"><h3><a href=\"https:\/\/uelzener.de\/magazin\/katze\/erziehung-und-training\/clickertraining-katzen-apportieren-beibringen\/\">Clickertraining: Katzen apportieren beibringen<\/a><\/h3><\/div><div class=\"img align-center\"><img decoding=\"async\" width=\"315\" height=\"180\" src=\"https:\/\/uelzener.de\/magazin\/app\/uploads\/2023\/03\/clickertraining-katzen-lernen-315x180.jpg\" class=\"attachment-315x180 size-315x180 wp-post-image\" alt=\"Katzen mit Clickertraining und Leckerlis das Lernen beibringen.\" \/><\/div><\/div><div class=\"wrapper\"><div class=\"title align-center\"><h3><a href=\"https:\/\/uelzener.de\/magazin\/katze\/tipps-fuer-den-alltag\/katzenhaare-entfernen\/\">Katzenhaare: Saubere Wohnung trotz Fellwechsel<\/a><\/h3><\/div><div class=\"img align-center\"><img decoding=\"async\" width=\"315\" height=\"180\" src=\"https:\/\/uelzener.de\/magazin\/app\/uploads\/2018\/03\/4b0f3056-1a97-40c0-beb2-6e5d842e2f13-315x180.jpg\" class=\"attachment-315x180 size-315x180 wp-post-image\" alt=\"Eine graue Katze liegt auf dem Sofa alles ist voller Katzenhaare, ihr Fellwechsel steht an.\" srcset=\"https:\/\/uelzener.de\/magazin\/app\/uploads\/2018\/03\/4b0f3056-1a97-40c0-beb2-6e5d842e2f13-315x180.jpg 315w, https:\/\/uelzener.de\/magazin\/app\/uploads\/2018\/03\/4b0f3056-1a97-40c0-beb2-6e5d842e2f13-650x369.jpg 650w\" sizes=\"(max-width: 315px) 100vw, 315px\" \/><\/div><\/div><\/div>\n\n<h2>Pflege<\/h2>\n<p>Trotz ihres \u00fcppigen Fells braucht die Maine-Coon vergleichsweise wenig Pflege, sodass gelegentliches B\u00fcrsten reicht. Nur beim Fellwechsel muss regelm\u00e4\u00dfig geb\u00fcrstet werden, damit die Katze nicht zu viele Haare aufnimmt. Erbliche Krankheiten gibt es leider auch bei dieser Rasse, so zum Beispiel Herzmuskelerkrankungen oder H\u00fcftgelenkdysplasie. Verantwortungsbewusste Z\u00fcchter haben dies im Blick und w\u00e4hlen nur gesunde Tiere zur Zucht. Daher sollte man sein Maine-Coon-K\u00e4tzchen nur bei einem seri\u00f6sen Z\u00fcchter kaufen.<\/p>\n","protected":false},"excerpt":{"rendered":"<p>Wer zum ersten Mal einer Maine-Coon-Katze begegnet, sieht sich einem sehr gro\u00dfen und kr\u00e4ftigen Tier gegen\u00fcber, sodass man eher an \u201eLuchs\u201c als an \u201eKatze\u201c denkt. Aber der imposante Eindruck t\u00e4uscht: Maine-Coons sind sehr liebenswerte, freundliche und gesellige Katzen und gelten daher als \u201esanfte Riesen\u201c. Herkunft und Aussehen Die Maine-Coon oder Amerikanische Waldkatze ist eine Naturrasse. [&hellip;]<\/p>\n","protected":false},"author":1,"featured_media":10720,"parent":2482,"menu_order":2,"comment_status":"open","ping_status":"open","template":"templates\/blog.php","meta":{"_acf_changed":false,"_crdt_document":"","footnotes":"","beyondwords_generate_audio":"0","beyondwords_project_id":"","beyondwords_content_id":"","beyondwords_preview_token":"","beyondwords_player_style":"","beyondwords_language_id":"","beyondwords_title_voice_id":"","beyondwords_body_voice_id":"","beyondwords_summary_voice_id":"","beyondwords_error_message":"","beyondwords_disabled":"","beyondwords_delete_content":"","beyondwords_podcast_id":"","beyondwords_hash":"","publish_post_to_speechkit":"","speechkit_hash":"","speechkit_generate_audio":"","speechkit_project_id":"","speechkit_podcast_id":"","speechkit_error_message":"","speechkit_disabled":"","speechkit_access_key":"","speechkit_error":"","speechkit_info":"","speechkit_response":"","speechkit_retries":"","speechkit_status":"","speechkit_updated_at":"","_speechkit_link":"","_speechkit_text":""},"class_list":["post-10130","page","type-page","status-publish","has-post-thumbnail","hentry"],"acf":[],"yoast_head":"<!-- This site is optimized with the Yoast SEO Premium plugin  - https:\/\/yoast.com\/product\/yoast-seo-premium-wordpress\/ -->\n<title>Maine Coon im Rasseportrait \u2013 Aussehen &amp; Charakter | Uelzener<\/title>\n<meta name=\"description\" content=\"Erfahre alles zur Katzenrasse Maine Coon \u2713 Herkunft \u2713 Aussehen \u2713 Charakter \u2713 Haltung \u2713 Pflege \u25b6 Hier informieren!\" \/>\n<meta name=\"robots\" content=\"index, follow, max-snippet:-1, max-image-preview:large, max-video-preview:-1\" \/>\n<link rel=\"canonical\" href=\"https:\/\/uelzener.de\/magazin\/katze\/rasseportrait\/maine-coon\/\" \/>\n<meta property=\"og:locale\" content=\"de_DE\" \/>\n<meta property=\"og:type\" content=\"article\" \/>\n<meta property=\"og:title\" content=\"Maine Coon: liebenswerte &quot;sanfte Riesen&quot;\" \/>\n<meta property=\"og:description\" content=\"Erfahre alles zur Katzenrasse Maine Coon \u2713 Herkunft \u2713 Aussehen \u2713 Charakter \u2713 Haltung \u2713 Pflege \u25b6 Hier informieren!\" \/>\n<meta property=\"og:url\" content=\"https:\/\/uelzener.de\/magazin\/katze\/rasseportrait\/maine-coon\/\" \/>\n<meta property=\"og:site_name\" content=\"Uelzener Tier-Magazin\" \/>\n<meta property=\"article:publisher\" content=\"https:\/\/www.facebook.com\/Uelzener\" \/>\n<meta property=\"article:modified_time\" content=\"2025-01-23T15:17:28+00:00\" \/>\n<meta property=\"og:image\" content=\"https:\/\/uelzener.de\/magazin\/app\/uploads\/2015\/03\/ffd2356a-a64f-48d6-ad42-eeac32166a26.jpg\" \/>\n\t<meta property=\"og:image:width\" content=\"650\" \/>\n\t<meta property=\"og:image:height\" content=\"432\" \/>\n\t<meta property=\"og:image:type\" content=\"image\/jpeg\" \/>\n<meta name=\"twitter:card\" content=\"summary_large_image\" \/>\n<meta name=\"twitter:label1\" content=\"Gesch\u00e4tzte Lesezeit\" \/>\n\t<meta name=\"twitter:data1\" content=\"2\u00a0Minuten\" \/>\n<script type=\"application\/ld+json\" class=\"yoast-schema-graph\">{\"@context\":\"https:\/\/schema.org\",\"@graph\":[{\"@type\":\"WebPage\",\"@id\":\"https:\/\/uelzener.de\/magazin\/katze\/rasseportrait\/maine-coon\/\",\"url\":\"https:\/\/uelzener.de\/magazin\/katze\/rasseportrait\/maine-coon\/\",\"name\":\"Maine Coon im Rasseportrait \u2013 Aussehen & Charakter | Uelzener\",\"isPartOf\":{\"@id\":\"https:\/\/uelzener.de\/magazin\/#website\"},\"primaryImageOfPage\":{\"@id\":\"https:\/\/uelzener.de\/magazin\/katze\/rasseportrait\/maine-coon\/#primaryimage\"},\"image\":{\"@id\":\"https:\/\/uelzener.de\/magazin\/katze\/rasseportrait\/maine-coon\/#primaryimage\"},\"thumbnailUrl\":\"https:\/\/uelzener.de\/magazin\/app\/uploads\/2015\/03\/ffd2356a-a64f-48d6-ad42-eeac32166a26.jpg\",\"datePublished\":\"2015-03-24T00:00:00+00:00\",\"dateModified\":\"2025-01-23T15:17:28+00:00\",\"description\":\"Erfahre alles zur Katzenrasse Maine Coon \u2713 Herkunft \u2713 Aussehen \u2713 Charakter \u2713 Haltung \u2713 Pflege \u25b6 Hier informieren!\",\"breadcrumb\":{\"@id\":\"https:\/\/uelzener.de\/magazin\/katze\/rasseportrait\/maine-coon\/#breadcrumb\"},\"inLanguage\":\"de\",\"potentialAction\":[{\"@type\":\"ReadAction\",\"target\":[\"https:\/\/uelzener.de\/magazin\/katze\/rasseportrait\/maine-coon\/\"]}]},{\"@type\":\"ImageObject\",\"inLanguage\":\"de\",\"@id\":\"https:\/\/uelzener.de\/magazin\/katze\/rasseportrait\/maine-coon\/#primaryimage\",\"url\":\"https:\/\/uelzener.de\/magazin\/app\/uploads\/2015\/03\/ffd2356a-a64f-48d6-ad42-eeac32166a26.jpg\",\"contentUrl\":\"https:\/\/uelzener.de\/magazin\/app\/uploads\/2015\/03\/ffd2356a-a64f-48d6-ad42-eeac32166a26.jpg\",\"width\":650,\"height\":432,\"caption\":\"Die Maine Coon Katze liegt auf einem Kissen vor einem roten Hintergrund.\"},{\"@type\":\"WebSite\",\"@id\":\"https:\/\/uelzener.de\/magazin\/#website\",\"url\":\"https:\/\/uelzener.de\/magazin\/\",\"name\":\"Uelzener Tiermagazin\",\"description\":\"Online Tierratgeber der Uelzener Versicherungen\",\"publisher\":{\"@id\":\"https:\/\/uelzener.de\/magazin\/#organization\"},\"potentialAction\":[{\"@type\":\"SearchAction\",\"target\":{\"@type\":\"EntryPoint\",\"urlTemplate\":\"https:\/\/uelzener.de\/magazin\/?s={search_term_string}\"},\"query-input\":{\"@type\":\"PropertyValueSpecification\",\"valueRequired\":true,\"valueName\":\"search_term_string\"}}],\"inLanguage\":\"de\"},{\"@type\":\"Organization\",\"@id\":\"https:\/\/uelzener.de\/magazin\/#organization\",\"name\":\"Uelzener Versicherungen\",\"url\":\"https:\/\/uelzener.de\/magazin\/\",\"logo\":{\"@type\":\"ImageObject\",\"inLanguage\":\"de\",\"@id\":\"https:\/\/uelzener.de\/magazin\/#\/schema\/logo\/image\/\",\"url\":\"https:\/\/uelzener.de\/magazin\/app\/uploads\/2024\/11\/uelzener_allgemeine_versicherungsgesellschaft_a_g_logo.jpg\",\"contentUrl\":\"https:\/\/uelzener.de\/magazin\/app\/uploads\/2024\/11\/uelzener_allgemeine_versicherungsgesellschaft_a_g_logo.jpg\",\"width\":200,\"height\":200,\"caption\":\"Uelzener Versicherungen\"},\"image\":{\"@id\":\"https:\/\/uelzener.de\/magazin\/#\/schema\/logo\/image\/\"},\"sameAs\":[\"https:\/\/www.facebook.com\/Uelzener\",\"https:\/\/instagram.com\/uelzener\",\"https:\/\/www.xing.com\/pages\/uelzenerallgemeineversicherungs-gesellschafta-g\",\"https:\/\/www.youtube.com\/UelzenerVersicherungen\"]}]}<\/script>\n<!-- \/ Yoast SEO Premium plugin. -->","yoast_head_json":{"title":"Maine Coon im Rasseportrait \u2013 Aussehen & Charakter | Uelzener","description":"Erfahre alles zur Katzenrasse Maine Coon \u2713 Herkunft \u2713 Aussehen \u2713 Charakter \u2713 Haltung \u2713 Pflege \u25b6 Hier informieren!","robots":{"index":"index","follow":"follow","max-snippet":"max-snippet:-1","max-image-preview":"max-image-preview:large","max-video-preview":"max-video-preview:-1"},"canonical":"https:\/\/uelzener.de\/magazin\/katze\/rasseportrait\/maine-coon\/","og_locale":"de_DE","og_type":"article","og_title":"Maine Coon: liebenswerte \"sanfte Riesen\"","og_description":"Erfahre alles zur Katzenrasse Maine Coon \u2713 Herkunft \u2713 Aussehen \u2713 Charakter \u2713 Haltung \u2713 Pflege \u25b6 Hier informieren!","og_url":"https:\/\/uelzener.de\/magazin\/katze\/rasseportrait\/maine-coon\/","og_site_name":"Uelzener Tier-Magazin","article_publisher":"https:\/\/www.facebook.com\/Uelzener","article_modified_time":"2025-01-23T15:17:28+00:00","og_image":[{"width":650,"height":432,"url":"https:\/\/uelzener.de\/magazin\/app\/uploads\/2015\/03\/ffd2356a-a64f-48d6-ad42-eeac32166a26.jpg","type":"image\/jpeg"}],"twitter_card":"summary_large_image","twitter_misc":{"Gesch\u00e4tzte Lesezeit":"2\u00a0Minuten"},"schema":{"@context":"https:\/\/schema.org","@graph":[{"@type":"WebPage","@id":"https:\/\/uelzener.de\/magazin\/katze\/rasseportrait\/maine-coon\/","url":"https:\/\/uelzener.de\/magazin\/katze\/rasseportrait\/maine-coon\/","name":"Maine Coon im Rasseportrait \u2013 Aussehen & Charakter | Uelzener","isPartOf":{"@id":"https:\/\/uelzener.de\/magazin\/#website"},"primaryImageOfPage":{"@id":"https:\/\/uelzener.de\/magazin\/katze\/rasseportrait\/maine-coon\/#primaryimage"},"image":{"@id":"https:\/\/uelzener.de\/magazin\/katze\/rasseportrait\/maine-coon\/#primaryimage"},"thumbnailUrl":"https:\/\/uelzener.de\/magazin\/app\/uploads\/2015\/03\/ffd2356a-a64f-48d6-ad42-eeac32166a26.jpg","datePublished":"2015-03-24T00:00:00+00:00","dateModified":"2025-01-23T15:17:28+00:00","description":"Erfahre alles zur Katzenrasse Maine Coon \u2713 Herkunft \u2713 Aussehen \u2713 Charakter \u2713 Haltung \u2713 Pflege \u25b6 Hier informieren!","breadcrumb":{"@id":"https:\/\/uelzener.de\/magazin\/katze\/rasseportrait\/maine-coon\/#breadcrumb"},"inLanguage":"de","potentialAction":[{"@type":"ReadAction","target":["https:\/\/uelzener.de\/magazin\/katze\/rasseportrait\/maine-coon\/"]}]},{"@type":"ImageObject","inLanguage":"de","@id":"https:\/\/uelzener.de\/magazin\/katze\/rasseportrait\/maine-coon\/#primaryimage","url":"https:\/\/uelzener.de\/magazin\/app\/uploads\/2015\/03\/ffd2356a-a64f-48d6-ad42-eeac32166a26.jpg","contentUrl":"https:\/\/uelzener.de\/magazin\/app\/uploads\/2015\/03\/ffd2356a-a64f-48d6-ad42-eeac32166a26.jpg","width":650,"height":432,"caption":"Die Maine Coon Katze liegt auf einem Kissen vor einem roten Hintergrund."},{"@type":"WebSite","@id":"https:\/\/uelzener.de\/magazin\/#website","url":"https:\/\/uelzener.de\/magazin\/","name":"Uelzener Tiermagazin","description":"Online Tierratgeber der Uelzener Versicherungen","publisher":{"@id":"https:\/\/uelzener.de\/magazin\/#organization"},"potentialAction":[{"@type":"SearchAction","target":{"@type":"EntryPoint","urlTemplate":"https:\/\/uelzener.de\/magazin\/?s={search_term_string}"},"query-input":{"@type":"PropertyValueSpecification","valueRequired":true,"valueName":"search_term_string"}}],"inLanguage":"de"},{"@type":"Organization","@id":"https:\/\/uelzener.de\/magazin\/#organization","name":"Uelzener Versicherungen","url":"https:\/\/uelzener.de\/magazin\/","logo":{"@type":"ImageObject","inLanguage":"de","@id":"https:\/\/uelzener.de\/magazin\/#\/schema\/logo\/image\/","url":"https:\/\/uelzener.de\/magazin\/app\/uploads\/2024\/11\/uelzener_allgemeine_versicherungsgesellschaft_a_g_logo.jpg","contentUrl":"https:\/\/uelzener.de\/magazin\/app\/uploads\/2024\/11\/uelzener_allgemeine_versicherungsgesellschaft_a_g_logo.jpg","width":200,"height":200,"caption":"Uelzener Versicherungen"},"image":{"@id":"https:\/\/uelzener.de\/magazin\/#\/schema\/logo\/image\/"},"sameAs":["https:\/\/www.facebook.com\/Uelzener","https:\/\/instagram.com\/uelzener","https:\/\/www.xing.com\/pages\/uelzenerallgemeineversicherungs-gesellschafta-g","https:\/\/www.youtube.com\/UelzenerVersicherungen"]}]}},"_links":{"self":[{"href":"https:\/\/uelzener.de\/magazin\/wp-json\/wp\/v2\/pages\/10130","targetHints":{"allow":["GET"]}}],"collection":[{"href":"https:\/\/uelzener.de\/magazin\/wp-json\/wp\/v2\/pages"}],"about":[{"href":"https:\/\/uelzener.de\/magazin\/wp-json\/wp\/v2\/types\/page"}],"author":[{"embeddable":true,"href":"https:\/\/uelzener.de\/magazin\/wp-json\/wp\/v2\/users\/1"}],"replies":[{"embeddable":true,"href":"https:\/\/uelzener.de\/magazin\/wp-json\/wp\/v2\/comments?post=10130"}],"version-history":[{"count":9,"href":"https:\/\/uelzener.de\/magazin\/wp-json\/wp\/v2\/pages\/10130\/revisions"}],"predecessor-version":[{"id":18144,"href":"https:\/\/uelzener.de\/magazin\/wp-json\/wp\/v2\/pages\/10130\/revisions\/18144"}],"up":[{"embeddable":true,"href":"https:\/\/uelzener.de\/magazin\/wp-json\/wp\/v2\/pages\/2482"}],"wp:featuredmedia":[{"embeddable":true,"href":"https:\/\/uelzener.de\/magazin\/wp-json\/wp\/v2\/media\/10720"}],"wp:attachment":[{"href":"https:\/\/uelzener.de\/magazin\/wp-json\/wp\/v2\/media?parent=10130"}],"curies":[{"name":"wp","href":"https:\/\/api.w.org\/{rel}","templated":true}]}}