{"id":10124,"date":"2019-12-18T00:00:00","date_gmt":"2019-12-18T00:00:00","guid":{"rendered":""},"modified":"2025-08-05T13:05:41","modified_gmt":"2025-08-05T11:05:41","slug":"blasenentzuendung-beim-hund","status":"publish","type":"page","link":"https:\/\/uelzener.de\/magazin\/hund\/tiergesundheit\/blasenentzuendung-beim-hund\/","title":{"rendered":"Blasenentz\u00fcndung beim Hund"},"content":{"rendered":"<p>Eine Blasenentz\u00fcndung ist eine schmerzhafte Erkrankung unter der Hunde leiden k\u00f6nnen. Auf welche Symptome du achten musst, um deinem Vierbeiner im Ernstfall schnell zu helfen und welche Ursache eine Blasenentz\u00fcndung hat, erf\u00e4hrst du in unserem Blogbeitrag.<\/p>\n<h2>K\u00f6nnen Hunde eine Blasenentz\u00fcndung bekommen?<\/h2>\n<p>Ja, Hunde bekommen ebenso wie wir Menschen Blasenentz\u00fcndungen. Selbst Welpen leiden gelegentlich darunter. Bei der schmerzhaften Erkrankung handelt es sich um eine Entz\u00fcndung der unteren Harnwege, auch <strong>Zystitis<\/strong> genannt. Die Entz\u00fcndung kann sich auch auf Harnblase, Harnr\u00f6hre, Harnleiter und Niere ausbreiten.<\/p>\n<h2>Warum bekommen Hunde eine Blasenentz\u00fcndung?<\/h2>\n<p>Hauptausl\u00f6ser f\u00fcr eine Blasenentz\u00fcndung sind <strong>Bakterien<\/strong> \u2013 meist Darmbakterien \u2013 die durch die Au\u00dfenw\u00e4nde der Genitalien in die Harnr\u00f6hre gelangen. In der Hundeblase angekommen, verursacht die Bakterie eine Entz\u00fcndung. Besonders wenn das Immunsystem des Hundes geschw\u00e4cht ist, haben die Bakterien ein leichtes Spiel.<\/p>\n<p>F\u00fcr eine Blasenentz\u00fcndung k\u00f6nnen aber auch <strong>Blasensteine<\/strong> verantwortlich sein. In der Hundeblase bilden sich kleine Kristalle, die die Schleimh\u00e4ute der Blase reizen.<\/p>\n<p>Vor allem im Winter beg\u00fcnstigen K\u00e4lte, N\u00e4sse und ein geschw\u00e4chtes Immunsystem eine Blasenentz\u00fcndung beim Hund. In einigen F\u00e4llen k\u00f6nnen auch <strong>Tumorerkrankungen<\/strong> f\u00fcr die Beschwerden des Hundes verantwortlich sein.<\/p>\n<h2>Sind nur H\u00fcndinnen von einer Zystitis betroffen?<\/h2>\n<p>Generell k\u00f6nnen sich alle Hunde jeder Rasse und jedes Alter mit einer Blasenentz\u00fcndung anstecken. Bei \u00e4lteren Tieren sowie <a href=\"https:\/\/uelzener.de\/magazin\/hund\/tiergesundheit\/kastration-hund-huendin\/\">kastrierten H\u00fcndinnen<\/a> ist das Risiko einer Infektion h\u00f6her. H\u00fcndinnen besitzen im Gegensatz zu R\u00fcden eine k\u00fcrzere Harnr\u00f6hre. Die Erreger gelangen so schnell in die Blase. Eine Blasenentz\u00fcndung <strong>tritt daher \u00f6fter bei weiblichen Hunden auf<\/strong>.<\/p>\n<p>Sind Vierbeiner an <a href=\"https:\/\/uelzener.de\/magazin\/hund\/tiergesundheit\/diabetes-beim-hund\/\">Diabetes<\/a> erkrankt, haben die Bakterien ebenfalls bessere M\u00f6glichkeiten sich zu vermehren. Durch die Krankheit ist der Zuckerspiegel im Urin h\u00f6her und f\u00f6rdert das Wachstum von Bakterien in der Blase.<\/p>\n<h2>Blasenentz\u00fcndung beim Hund: die Symptome<\/h2>\n<p>Bittet dich dein Hund ungew\u00f6hnlich schnell nach der letzten Gassi-Runde um einen weiteren Spaziergang? Der erh\u00f6hte Harndrang ist ein typisches Symptom bei einer Blasenentz\u00fcndung. Sobald du den Verdacht einer Blasenentz\u00fcndung hast, beobachte deinen Hund und seinen Urin genau. Schmerzen beim Wasserlassen, tr\u00fcber oder blutiger Urin sind weitere Anzeichen f\u00fcr eine Infektion der Harnwege. Auf eine Blasenentz\u00fcndung beim Hund k\u00f6nnen diese <strong>Symptome<\/strong> hinweisen:<\/p>\n<ul>\n<li>verst\u00e4rkter Harndrang<\/li>\n<li>blutiger Urin<\/li>\n<li>Schmerzen beim Wasserlassen<\/li>\n<li>tr\u00fcber Urin<\/li>\n<li>pl\u00f6tzliche <a href=\"https:\/\/uelzener.de\/magazin\/hund\/tiergesundheit\/inkontinenz-beim-hund\/\" target=\"_blank\" rel=\"noopener\">Inkontinenz<\/a><\/li>\n<li>Fieber beim Hund<\/li>\n<li>Abgeschlagenheit<\/li>\n<\/ul>\n<h2>Was hilft deinem Hund bei einer Blasenentz\u00fcndung?<\/h2>\n<p>Hast du selbst schon mal unter einer Blasenentz\u00fcndung gelitten und kennst den Schmerz? Um deinen Hund vor den Schmerzen zu sch\u00fctzen, ist ein <strong>Besuch bei deinem Tierarzt<\/strong> dringend notwendig.<\/p>\n<p>Nur Tier\u00e4rzte k\u00f6nnen eine genaue Diagnose stellen und die korrekte Behandlung veranlassen. F\u00fcr die Diagnose wird im ersten Schritt der Urin des Hundes untersucht. Als h\u00e4ufigste Ursache f\u00fcr eine Blasenentz\u00fcndung werden Bakterien festgestellt. Mit <strong>Antibiotika und bei Bedarf einem schmerzlindernden Mittel<\/strong> geht es dem Vierbeiner meist schnell wieder besser. Achtung: Halte dich bei der Eingabe von Antibiotika an das Zeitfenster und brich die Behandlung nicht einfach ab, sonst k\u00f6nnen die Beschwerden deines Hundes zur\u00fcckkommen.<\/p>\n<p>Liegt die Ursache f\u00fcr eine Blasenentz\u00fcndung bei Harnsteinen oder einem Tumor, kann <strong>mitunter auch eine Operation n\u00f6tig<\/strong> sein.<\/p>\n<p>Aber auch Herrchen und Frauchen k\u00f6nnen ihren Vierbeiner unterst\u00fctzen. <strong>Animiere deinen Hund zum Trinken<\/strong>. Damit f\u00f6rderst du den Harndrang des Hundes. Je mehr die Blase durchgesp\u00fclt wird, desto schneller werden die Erreger aus dem Hundek\u00f6rper ausgeschieden. Wie hoch der regul\u00e4re t\u00e4gliche Fl\u00fcssigkeitsbedarf eines Hundes ist, erf\u00e4hrst du in unserem Blogbeitrag \u201e<strong><a href=\"https:\/\/uelzener.de\/magazin\/hund\/ernaehrung\/trinkmenge-hund\/\">Trinkmenge Hund: Wie viel sollte ein Hund trinken?<\/a><\/strong>\u201c.<\/p>\n<h2>Blasenentz\u00fcndung beim Hund: Hausmittel zur Unterst\u00fctzung der Heilung<\/h2>\n<p>Wie auch beim Menschen, k\u00f6nnen einfache Hausmittel deinem treuen Begleiter helfen, schnell wieder gesund zu werden. Die Anwendung von <strong>Blasentees<\/strong> oder die <strong>Beigabe von getrockneten Cranberrys bzw. Cranberry-Saft<\/strong> zum Futter sind erfolgserprobte nat\u00fcrliche Heilmittel. \u00dcber die Art des zu verwendenden Tees kann dir der Tierarzt oder auch ein Apotheker Auskunft geben. Verbessert sich die Blasenentz\u00fcndung deines Hundes trotz Hausmitteln und Medikamenten nicht, solltest du unbedingt erneut deinen Tierarzt konsultieren.<\/p>\n\n<div class=\"related_articles boxed\">\n    <h2>Mehr zum Thema<\/h2>\n    \n    <div class=\"wrapper\"><div class=\"title align-center\"><h3><a href=\"https:\/\/uelzener.de\/magazin\/hund\/tiergesundheit\/blasensteine-beim-hund\/\">Blasensteine beim Hund: Das steckt dahinter<\/a><\/h3><\/div><div class=\"img align-center\"><img decoding=\"async\" width=\"315\" height=\"180\" src=\"https:\/\/uelzener.de\/magazin\/app\/uploads\/2025\/04\/blasensteine-315x180.jpg\" class=\"attachment-315x180 size-315x180 wp-post-image\" alt=\"Blasensteine auf einem Tuch.\" \/><\/div><\/div><div class=\"wrapper\"><div class=\"title align-center\"><h3><a href=\"https:\/\/uelzener.de\/magazin\/hund\/tiergesundheit\/fieber-und-erkaeltung-hund\/\">Fieber und Erk\u00e4ltung beim Hund: Symptome richtig erkennen<\/a><\/h3><\/div><div class=\"img align-center\"><img decoding=\"async\" width=\"315\" height=\"180\" src=\"https:\/\/uelzener.de\/magazin\/app\/uploads\/2021\/10\/Erkaeltung-und-Fieber-beim-Hund-315x180.jpg\" class=\"attachment-315x180 size-315x180 wp-post-image\" alt=\"Fieber und Erk\u00e4ltung haben den kleinen Hund geschafft, er liegt kaputt auf der Seite.\" \/><\/div><\/div><div class=\"wrapper\"><div class=\"title align-center\"><h3><a href=\"https:\/\/uelzener.de\/magazin\/hund\/tipps-fuer-den-alltag\/gassi-gehen\/\">Gassi gehen: H\u00e4ufigkeit, Dauer und was das Gesetz vorschreibt<\/a><\/h3><\/div><div class=\"img align-center\"><img decoding=\"async\" width=\"315\" height=\"180\" src=\"https:\/\/uelzener.de\/magazin\/app\/uploads\/2024\/01\/hund-gassi-gehen-315x180.jpg\" class=\"attachment-315x180 size-315x180 wp-post-image\" alt=\"Mehrere Hunde beim Gassigang\" \/><\/div><\/div><\/div>\n\n<h2>So sch\u00fctzst du deinen Hund im Winter<\/h2>\n<p>Hunde k\u00f6nnen das komplette Jahr an einer Blasenentz\u00fcndung oder an andere <a href=\"https:\/\/uelzener.de\/magazin\/hund\/tiergesundheit\/hundekrankheiten-unfaelle\/\">Hundekrankheiten<\/a> leiden. Im Winter solltest du jedoch aufpassen, dass dein Vierbeiner nicht \u00fcber eine lange Zeit auf dem kalten bzw. gefrorenen Boden sitzt oder liegt. Gleiches gilt auch f\u00fcr Haus und Wohnung. Besonders bei R\u00e4umen mit Fliesenboden solltest du f\u00fcr eine <strong>warme Unterlage<\/strong>\u00a0 sorgen und das Liegen auf dem kalten Untergrund unterbinden.<\/p>\n<p>Das <strong>Durchsp\u00fclen der Blase<\/strong> ist nicht nur eine gute Ma\u00dfnahme bei der Erkrankung, sondern beugt auch vor. Stelle deinem Vierbeiner immer ausreichend Wasser zur Verf\u00fcgung und gib ihm regelm\u00e4\u00dfig die M\u00f6glichkeit zum Wasserlassen.<\/p>\n<p>Hast du eine Wasserratte zu Hause? dein Hund sollte im Winter trotzdem nicht in kalten Seen und Fl\u00fcssen baden. Spazierg\u00e4nge bei Regen und Schnee lassen sich zu dieser Jahreszeit leider nicht vermeiden. Trockne deinen Hund nach dem Gassigehen unbedingt ab. So kannst du eine Unterk\u00fchlung vermeiden und verringerst das Risiko, dass dein Hund an Blasenentz\u00fcndung erkrankt \u2013 Welpe oder Hunde-Senior.<\/p>\n<p>M\u00f6glicherweise entstehen durch die Blasenentz\u00fcndung deines Hundes Kosten, vor denen du durch unsere <strong>Hunde-OP- und Krankenversicherung<\/strong> gesch\u00fctzt bist. Sie greift beispielsweise, falls f\u00fcr deinen Vierbeiner ein Tierarztbesuch notwendig wird. Sichere deinen Hund bei uns ab und die finanziellen Sorgen geh\u00f6ren der Vergangenheit an.<\/p>\n\n<div class=\"banner\">\n    <a href=\"https:\/\/uelzener.de\/hund\/hunde-op-versicherung\/?agt=0000104925&sem=true&utm_medium=magazin&utm_source=wordpress&utm_campaign=hund_op&utm_content=banner\">\n        <img decoding=\"async\" width=\"300\" height=\"212\" src=\"https:\/\/uelzener.de\/magazin\/app\/uploads\/2025\/01\/Hunde-OP-Versicherung.jpg\" class=\"attachment-medium size-medium\" alt=\"Banner Hunde-OP-Versicherung\" \/>    <\/a>\n<\/div>\n\n\n<div class=\"banner\">\n    <a href=\"https:\/\/uelzener.de\/hund\/hunde-krankenversicherung\/?agt=0000104925&sem=true&utm_medium=magazin&utm_source=wordpress&utm_campaign=hund_kv&utm_content=banner\">\n        <img decoding=\"async\" width=\"300\" height=\"212\" src=\"https:\/\/uelzener.de\/magazin\/app\/uploads\/2025\/01\/Hunde-Kranken-Versicherung.jpg\" class=\"attachment-medium size-medium\" alt=\"Banner Hunde-Kranken-Versicherung\" \/>    <\/a>\n<\/div>\n\n","protected":false},"excerpt":{"rendered":"<p>Eine Blasenentz\u00fcndung ist eine schmerzhafte Erkrankung unter der Hunde leiden k\u00f6nnen. Auf welche Symptome du achten musst, um deinem Vierbeiner im Ernstfall schnell zu helfen und welche Ursache eine Blasenentz\u00fcndung hat, erf\u00e4hrst du in unserem Blogbeitrag. K\u00f6nnen Hunde eine Blasenentz\u00fcndung bekommen? Ja, Hunde bekommen ebenso wie wir Menschen Blasenentz\u00fcndungen. Selbst Welpen leiden gelegentlich darunter. Bei [&hellip;]<\/p>\n","protected":false},"author":1,"featured_media":12831,"parent":11701,"menu_order":66,"comment_status":"open","ping_status":"open","template":"templates\/blog.php","meta":{"_acf_changed":false,"_crdt_document":"","footnotes":"","beyondwords_generate_audio":"0","beyondwords_project_id":"","beyondwords_content_id":"","beyondwords_preview_token":"","beyondwords_player_style":"","beyondwords_language_id":"","beyondwords_title_voice_id":"","beyondwords_body_voice_id":"","beyondwords_summary_voice_id":"","beyondwords_error_message":"","beyondwords_disabled":"","beyondwords_delete_content":"","beyondwords_podcast_id":"","beyondwords_hash":"","publish_post_to_speechkit":"","speechkit_hash":"","speechkit_generate_audio":"","speechkit_project_id":"","speechkit_podcast_id":"","speechkit_error_message":"","speechkit_disabled":"","speechkit_access_key":"","speechkit_error":"","speechkit_info":"","speechkit_response":"","speechkit_retries":"","speechkit_status":"","speechkit_updated_at":"","_speechkit_link":"","_speechkit_text":""},"class_list":["post-10124","page","type-page","status-publish","has-post-thumbnail","hentry"],"acf":[],"yoast_head":"<!-- This site is optimized with the Yoast SEO Premium plugin  - https:\/\/yoast.com\/product\/yoast-seo-premium-wordpress\/ -->\n<title>Blasenentz\u00fcndung beim Hund: Ursachen &amp; Behandlung | Uelzener<\/title>\n<meta name=\"description\" content=\"Schmerzhaft &amp; l\u00e4stig: Blasenentz\u00fcndungen bekommen auch Hunde \u25ba Symptome erkennen \u2713 behandeln \u2713 vorbeugen \u25ba Jetzt informieren!\" \/>\n<meta name=\"robots\" content=\"index, follow, max-snippet:-1, max-image-preview:large, max-video-preview:-1\" \/>\n<link rel=\"canonical\" href=\"https:\/\/uelzener.de\/magazin\/hund\/tiergesundheit\/blasenentzuendung-beim-hund\/\" \/>\n<meta property=\"og:locale\" content=\"de_DE\" \/>\n<meta property=\"og:type\" content=\"article\" \/>\n<meta property=\"og:title\" content=\"Blasenentz\u00fcndung beim Hund\" \/>\n<meta property=\"og:description\" content=\"Schmerzhaft &amp; l\u00e4stig: Blasenentz\u00fcndungen bekommen auch Hunde \u25ba Symptome erkennen \u2713 behandeln \u2713 vorbeugen \u25ba Jetzt informieren!\" \/>\n<meta property=\"og:url\" content=\"https:\/\/uelzener.de\/magazin\/hund\/tiergesundheit\/blasenentzuendung-beim-hund\/\" \/>\n<meta property=\"og:site_name\" content=\"Uelzener Tier-Magazin\" \/>\n<meta property=\"article:publisher\" content=\"https:\/\/www.facebook.com\/Uelzener\" \/>\n<meta property=\"article:modified_time\" content=\"2025-08-05T11:05:41+00:00\" \/>\n<meta property=\"og:image\" content=\"https:\/\/uelzener.de\/magazin\/app\/uploads\/2021\/10\/Blasenentzuendung-beim-Hund.jpg\" \/>\n\t<meta property=\"og:image:width\" content=\"1024\" \/>\n\t<meta property=\"og:image:height\" content=\"450\" \/>\n\t<meta property=\"og:image:type\" content=\"image\/jpeg\" \/>\n<meta name=\"twitter:card\" content=\"summary_large_image\" \/>\n<meta name=\"twitter:label1\" content=\"Gesch\u00e4tzte Lesezeit\" \/>\n\t<meta name=\"twitter:data1\" content=\"5\u00a0Minuten\" \/>\n<script type=\"application\/ld+json\" class=\"yoast-schema-graph\">{\"@context\":\"https:\/\/schema.org\",\"@graph\":[{\"@type\":\"WebPage\",\"@id\":\"https:\/\/uelzener.de\/magazin\/hund\/tiergesundheit\/blasenentzuendung-beim-hund\/\",\"url\":\"https:\/\/uelzener.de\/magazin\/hund\/tiergesundheit\/blasenentzuendung-beim-hund\/\",\"name\":\"Blasenentz\u00fcndung beim Hund: Ursachen & Behandlung | Uelzener\",\"isPartOf\":{\"@id\":\"https:\/\/uelzener.de\/magazin\/#website\"},\"primaryImageOfPage\":{\"@id\":\"https:\/\/uelzener.de\/magazin\/hund\/tiergesundheit\/blasenentzuendung-beim-hund\/#primaryimage\"},\"image\":{\"@id\":\"https:\/\/uelzener.de\/magazin\/hund\/tiergesundheit\/blasenentzuendung-beim-hund\/#primaryimage\"},\"thumbnailUrl\":\"https:\/\/uelzener.de\/magazin\/app\/uploads\/2021\/10\/Blasenentzuendung-beim-Hund.jpg\",\"datePublished\":\"2019-12-18T00:00:00+00:00\",\"dateModified\":\"2025-08-05T11:05:41+00:00\",\"description\":\"Schmerzhaft & l\u00e4stig: Blasenentz\u00fcndungen bekommen auch Hunde \u25ba Symptome erkennen \u2713 behandeln \u2713 vorbeugen \u25ba Jetzt informieren!\",\"breadcrumb\":{\"@id\":\"https:\/\/uelzener.de\/magazin\/hund\/tiergesundheit\/blasenentzuendung-beim-hund\/#breadcrumb\"},\"inLanguage\":\"de\",\"potentialAction\":[{\"@type\":\"ReadAction\",\"target\":[\"https:\/\/uelzener.de\/magazin\/hund\/tiergesundheit\/blasenentzuendung-beim-hund\/\"]}]},{\"@type\":\"ImageObject\",\"inLanguage\":\"de\",\"@id\":\"https:\/\/uelzener.de\/magazin\/hund\/tiergesundheit\/blasenentzuendung-beim-hund\/#primaryimage\",\"url\":\"https:\/\/uelzener.de\/magazin\/app\/uploads\/2021\/10\/Blasenentzuendung-beim-Hund.jpg\",\"contentUrl\":\"https:\/\/uelzener.de\/magazin\/app\/uploads\/2021\/10\/Blasenentzuendung-beim-Hund.jpg\",\"width\":1024,\"height\":450,\"caption\":\"Welpe mit rotem Mantel pinkelt im Schnee man muss aufpassen, dass der Hund hier keine Blasenentz\u00fcndung bekommt.\"},{\"@type\":\"WebSite\",\"@id\":\"https:\/\/uelzener.de\/magazin\/#website\",\"url\":\"https:\/\/uelzener.de\/magazin\/\",\"name\":\"Uelzener Tiermagazin\",\"description\":\"Online Tierratgeber der Uelzener Versicherungen\",\"publisher\":{\"@id\":\"https:\/\/uelzener.de\/magazin\/#organization\"},\"potentialAction\":[{\"@type\":\"SearchAction\",\"target\":{\"@type\":\"EntryPoint\",\"urlTemplate\":\"https:\/\/uelzener.de\/magazin\/?s={search_term_string}\"},\"query-input\":{\"@type\":\"PropertyValueSpecification\",\"valueRequired\":true,\"valueName\":\"search_term_string\"}}],\"inLanguage\":\"de\"},{\"@type\":\"Organization\",\"@id\":\"https:\/\/uelzener.de\/magazin\/#organization\",\"name\":\"Uelzener Versicherungen\",\"url\":\"https:\/\/uelzener.de\/magazin\/\",\"logo\":{\"@type\":\"ImageObject\",\"inLanguage\":\"de\",\"@id\":\"https:\/\/uelzener.de\/magazin\/#\/schema\/logo\/image\/\",\"url\":\"https:\/\/uelzener.de\/magazin\/app\/uploads\/2024\/11\/uelzener_allgemeine_versicherungsgesellschaft_a_g_logo.jpg\",\"contentUrl\":\"https:\/\/uelzener.de\/magazin\/app\/uploads\/2024\/11\/uelzener_allgemeine_versicherungsgesellschaft_a_g_logo.jpg\",\"width\":200,\"height\":200,\"caption\":\"Uelzener Versicherungen\"},\"image\":{\"@id\":\"https:\/\/uelzener.de\/magazin\/#\/schema\/logo\/image\/\"},\"sameAs\":[\"https:\/\/www.facebook.com\/Uelzener\",\"https:\/\/instagram.com\/uelzener\",\"https:\/\/www.xing.com\/pages\/uelzenerallgemeineversicherungs-gesellschafta-g\",\"https:\/\/www.youtube.com\/UelzenerVersicherungen\"]}]}<\/script>\n<!-- \/ Yoast SEO Premium plugin. -->","yoast_head_json":{"title":"Blasenentz\u00fcndung beim Hund: Ursachen & Behandlung | Uelzener","description":"Schmerzhaft & l\u00e4stig: Blasenentz\u00fcndungen bekommen auch Hunde \u25ba Symptome erkennen \u2713 behandeln \u2713 vorbeugen \u25ba Jetzt informieren!","robots":{"index":"index","follow":"follow","max-snippet":"max-snippet:-1","max-image-preview":"max-image-preview:large","max-video-preview":"max-video-preview:-1"},"canonical":"https:\/\/uelzener.de\/magazin\/hund\/tiergesundheit\/blasenentzuendung-beim-hund\/","og_locale":"de_DE","og_type":"article","og_title":"Blasenentz\u00fcndung beim Hund","og_description":"Schmerzhaft & l\u00e4stig: Blasenentz\u00fcndungen bekommen auch Hunde \u25ba Symptome erkennen \u2713 behandeln \u2713 vorbeugen \u25ba Jetzt informieren!","og_url":"https:\/\/uelzener.de\/magazin\/hund\/tiergesundheit\/blasenentzuendung-beim-hund\/","og_site_name":"Uelzener Tier-Magazin","article_publisher":"https:\/\/www.facebook.com\/Uelzener","article_modified_time":"2025-08-05T11:05:41+00:00","og_image":[{"width":1024,"height":450,"url":"https:\/\/uelzener.de\/magazin\/app\/uploads\/2021\/10\/Blasenentzuendung-beim-Hund.jpg","type":"image\/jpeg"}],"twitter_card":"summary_large_image","twitter_misc":{"Gesch\u00e4tzte Lesezeit":"5\u00a0Minuten"},"schema":{"@context":"https:\/\/schema.org","@graph":[{"@type":"WebPage","@id":"https:\/\/uelzener.de\/magazin\/hund\/tiergesundheit\/blasenentzuendung-beim-hund\/","url":"https:\/\/uelzener.de\/magazin\/hund\/tiergesundheit\/blasenentzuendung-beim-hund\/","name":"Blasenentz\u00fcndung beim Hund: Ursachen & Behandlung | Uelzener","isPartOf":{"@id":"https:\/\/uelzener.de\/magazin\/#website"},"primaryImageOfPage":{"@id":"https:\/\/uelzener.de\/magazin\/hund\/tiergesundheit\/blasenentzuendung-beim-hund\/#primaryimage"},"image":{"@id":"https:\/\/uelzener.de\/magazin\/hund\/tiergesundheit\/blasenentzuendung-beim-hund\/#primaryimage"},"thumbnailUrl":"https:\/\/uelzener.de\/magazin\/app\/uploads\/2021\/10\/Blasenentzuendung-beim-Hund.jpg","datePublished":"2019-12-18T00:00:00+00:00","dateModified":"2025-08-05T11:05:41+00:00","description":"Schmerzhaft & l\u00e4stig: Blasenentz\u00fcndungen bekommen auch Hunde \u25ba Symptome erkennen \u2713 behandeln \u2713 vorbeugen \u25ba Jetzt informieren!","breadcrumb":{"@id":"https:\/\/uelzener.de\/magazin\/hund\/tiergesundheit\/blasenentzuendung-beim-hund\/#breadcrumb"},"inLanguage":"de","potentialAction":[{"@type":"ReadAction","target":["https:\/\/uelzener.de\/magazin\/hund\/tiergesundheit\/blasenentzuendung-beim-hund\/"]}]},{"@type":"ImageObject","inLanguage":"de","@id":"https:\/\/uelzener.de\/magazin\/hund\/tiergesundheit\/blasenentzuendung-beim-hund\/#primaryimage","url":"https:\/\/uelzener.de\/magazin\/app\/uploads\/2021\/10\/Blasenentzuendung-beim-Hund.jpg","contentUrl":"https:\/\/uelzener.de\/magazin\/app\/uploads\/2021\/10\/Blasenentzuendung-beim-Hund.jpg","width":1024,"height":450,"caption":"Welpe mit rotem Mantel pinkelt im Schnee man muss aufpassen, dass der Hund hier keine Blasenentz\u00fcndung bekommt."},{"@type":"WebSite","@id":"https:\/\/uelzener.de\/magazin\/#website","url":"https:\/\/uelzener.de\/magazin\/","name":"Uelzener Tiermagazin","description":"Online Tierratgeber der Uelzener Versicherungen","publisher":{"@id":"https:\/\/uelzener.de\/magazin\/#organization"},"potentialAction":[{"@type":"SearchAction","target":{"@type":"EntryPoint","urlTemplate":"https:\/\/uelzener.de\/magazin\/?s={search_term_string}"},"query-input":{"@type":"PropertyValueSpecification","valueRequired":true,"valueName":"search_term_string"}}],"inLanguage":"de"},{"@type":"Organization","@id":"https:\/\/uelzener.de\/magazin\/#organization","name":"Uelzener Versicherungen","url":"https:\/\/uelzener.de\/magazin\/","logo":{"@type":"ImageObject","inLanguage":"de","@id":"https:\/\/uelzener.de\/magazin\/#\/schema\/logo\/image\/","url":"https:\/\/uelzener.de\/magazin\/app\/uploads\/2024\/11\/uelzener_allgemeine_versicherungsgesellschaft_a_g_logo.jpg","contentUrl":"https:\/\/uelzener.de\/magazin\/app\/uploads\/2024\/11\/uelzener_allgemeine_versicherungsgesellschaft_a_g_logo.jpg","width":200,"height":200,"caption":"Uelzener Versicherungen"},"image":{"@id":"https:\/\/uelzener.de\/magazin\/#\/schema\/logo\/image\/"},"sameAs":["https:\/\/www.facebook.com\/Uelzener","https:\/\/instagram.com\/uelzener","https:\/\/www.xing.com\/pages\/uelzenerallgemeineversicherungs-gesellschafta-g","https:\/\/www.youtube.com\/UelzenerVersicherungen"]}]}},"_links":{"self":[{"href":"https:\/\/uelzener.de\/magazin\/wp-json\/wp\/v2\/pages\/10124","targetHints":{"allow":["GET"]}}],"collection":[{"href":"https:\/\/uelzener.de\/magazin\/wp-json\/wp\/v2\/pages"}],"about":[{"href":"https:\/\/uelzener.de\/magazin\/wp-json\/wp\/v2\/types\/page"}],"author":[{"embeddable":true,"href":"https:\/\/uelzener.de\/magazin\/wp-json\/wp\/v2\/users\/1"}],"replies":[{"embeddable":true,"href":"https:\/\/uelzener.de\/magazin\/wp-json\/wp\/v2\/comments?post=10124"}],"version-history":[{"count":15,"href":"https:\/\/uelzener.de\/magazin\/wp-json\/wp\/v2\/pages\/10124\/revisions"}],"predecessor-version":[{"id":18788,"href":"https:\/\/uelzener.de\/magazin\/wp-json\/wp\/v2\/pages\/10124\/revisions\/18788"}],"up":[{"embeddable":true,"href":"https:\/\/uelzener.de\/magazin\/wp-json\/wp\/v2\/pages\/11701"}],"wp:featuredmedia":[{"embeddable":true,"href":"https:\/\/uelzener.de\/magazin\/wp-json\/wp\/v2\/media\/12831"}],"wp:attachment":[{"href":"https:\/\/uelzener.de\/magazin\/wp-json\/wp\/v2\/media?parent=10124"}],"curies":[{"name":"wp","href":"https:\/\/api.w.org\/{rel}","templated":true}]}}