{"id":10123,"date":"2022-05-08T00:00:00","date_gmt":"2022-05-07T22:00:00","guid":{"rendered":""},"modified":"2024-01-31T15:36:56","modified_gmt":"2024-01-31T14:36:56","slug":"schwimmen-mit-hund-tipps-fuer-mehr-sicherheit-am-badestrand","status":"publish","type":"page","link":"https:\/\/uelzener.de\/magazin\/hund\/tiergesundheit\/schwimmen-mit-hund-tipps-fuer-mehr-sicherheit-am-badestrand\/","title":{"rendered":"Schwimmen mit Hund: Tipps f\u00fcr mehr Sicherheit am Badestrand"},"content":{"rendered":"<p>Wenn die Temperaturen steigen, dann verspricht das Schwimmen in Seen und anderen Gew\u00e4ssern eine willkommene Abk\u00fchlung f\u00fcr Mensch und Hund. Manche Tiere sind richtige Wasserratten, andere m\u00fcssen zun\u00e4chst motiviert werden, eine Pfote ins k\u00fchle Nass zu setzen. Aber: Jeder Hund kann schwimmen. In diesem Beitrag erf\u00e4hrst du, wie du deinen Hund ans Wasser gew\u00f6hnst und worauf du achten solltest, damit neben dem Spa\u00df auch die Sicherheit f\u00fcr Mensch und Hund beim Schwimmen gew\u00e4hrleistet ist.<\/p>\n<p>Die F\u00e4higkeit zu schwimmen beherrschen Hunde instinktiv. Manchen Rassen f\u00e4llt das Wassertreten aufgrund ihres K\u00f6rperbaus allerdings leichter als anderen. W\u00e4hrend gerade die namentlichen Wasserhunde gezielt daf\u00fcr gez\u00fcchtet wurden, sich im nassen Element zurechtzufinden, sind kurzbeinige und kurznasige Hunde eher schlechte Schwimmer. Mit dem richtigen Zubeh\u00f6r und der n\u00f6tigen Aufmerksamkeit der Halter:innen k\u00f6nnen aber alle Hunde sicher baden.<\/p>\n<h2><strong>Den Hund ans Wasser gew\u00f6hnen<\/strong><\/h2>\n<p>Obwohl Hunde von Natur aus schwimmen k\u00f6nnen, ist es wichtig, dass sich jedes Tier in seinem individuellen Tempo an das Wasser gew\u00f6hnen darf. Gerade beim ersten Schwimmversuch sind viele Vierbeiner aufgeregt. Du solltest deinem Hund daher die Zeit geben, selbst das Gew\u00e4sser zu erkunden und ihn eigenst\u00e4ndig entscheiden lassen, wann und ob er \u00fcberhaupt ins Wasser geht.<\/p>\n<p>Wenn der Hund z\u00f6gert, kannst du ihn mit Leckerlis motivieren oder selbst ins Wasser steigen und ihn rufen und loben, wenn er kommt. Dabei sollten jedoch immer nur kleine Schritte im Training gemacht werden und nicht direkt der Ausflug ins tiefe Wasser folgen. Zur Sicherheit solltest du jederzeit in direkter N\u00e4he des Vierbeiners sein, um schnell eingreifen zu k\u00f6nnen, falls sich der Hund zu weit vom Ufer entfernt oder nerv\u00f6s wird.<\/p>\n<p>Gef\u00e4llt es aber dem Hund im Wasser so gut und er will partout nicht mehr zur\u00fcckkommen, dann schau dir unseren Artikel \u00fcber effektive <a href=\"https:\/\/uelzener.de\/magazin\/hund\/erziehung-und-training\/hundekommandos\/\">Hundekommandos<\/a> an!<\/p>\n<p>Viele Hunde k\u00f6nnen auch durch Apportieren zum Schwimmen motiviert werden. Dabei ist ein wasserfester, schwimmender Futterbeutel ratsam. Ein Ball ist oft schwerer im Wasser zu greifen und wird leicht unter die Oberfl\u00e4che gedr\u00fcckt.<\/p>\n<p>Negative Erfahrungen, etwa wenn der Hund unter Wasser ger\u00e4t, k\u00f6nnen gro\u00dfen Einfluss auf die zuk\u00fcnftige Lust am Schwimmen haben. Wer seinen Hund einfach ins Wasser wirft, gef\u00e4hrdet damit nicht nur die Gesundheit des Tieres, sondern auch das bis dahin zum Menschen aufgebaute Vertrauen!<\/p>\n<h2><strong>Den geeigneten Badeort f\u00fcr den Hund finden<\/strong><\/h2>\n<p>Seen, Fl\u00fcsse und das Meer erscheinen gerade an hei\u00dfen Sommertagen als willkommene und spontan erreichbare M\u00f6glichkeit, um sich abzuk\u00fchlen. Allerdings sind hier h\u00e4ufig Gr\u00fcnpflanzen im Wasser, in denen sich Hunde verheddern k\u00f6nnten. Auch kann die Str\u00f6mung in flie\u00dfenden Gew\u00e4ssern und dem Meer schnell gef\u00e4hrlich werden. Optimal geeignet ist hingegen ein Gew\u00e4sser mit Strand, der als Hundebadestrand ausgewiesen ist.<\/p>\n<p>An diesen offiziellen Badestellen wird das Wasser regelm\u00e4\u00dfig auf potenziell gesundheitsgef\u00e4hrdende Bakterien und andere Stoffe untersucht und bei Gefahr vor dem Baden gewarnt. Das Ufer ist zudem meist flach, sodass der Hund einerseits nicht pl\u00f6tzlich den Boden unter den Pfoten verliert, wenn er ins Wasser geht und andererseits jederzeit selbst aus dem Wasser heraus kommen kann, wenn ihm danach ist. Generell ist es ratsam, dass der Hund stets in Ufern\u00e4he bleibt, sodass er das sichere Land schnell erreichen kann.<\/p>\n<p>Alternativ haben in den letzten Jahren immer mehr Freib\u00e4der das Hundeschwimmen mit in ihr Programm aufgenommen. Zum Ende der Badesaison d\u00fcrfen die Hunde dann im Freibad schwimmen. Bis zur n\u00e4chsten Saison wird das Wasser vollst\u00e4ndig ausgetauscht.<\/p>\n<h2><strong>Voraussetzungen f\u00fcr das Schwimmen mit Hund<\/strong><\/h2>\n<p>Grunds\u00e4tzlich ist ein guter Grundgehorsam eine der wesentlichen Voraussetzungen f\u00fcr den sicheren Badespa\u00df. Zudem sollten Halter:innen ein paar Dinge bedenken, bevor der Hund ins Wasser springt. Dabei kann man sich gut an den Empfehlungen f\u00fcr den Menschen orientieren:<\/p>\n<ul>\n<li>So sollte auch ein Hund nicht mit vollem Magen schwimmen. Die letzte Mahlzeit sollte mindestens zwei Stunden her sein.<\/li>\n<li>Auch wenn das Schwimmen der Abk\u00fchlung dient: Ein stark hechelnder Hund ist \u00fcberhitzt und darf auf keinen Fall ins kalte Wasser springen. Es droht Kreislaufversagen! Daher gilt: Zuerst die Pfoten ins Wasser und abwarten, bis die erste Abk\u00fchlung eingetreten ist.<\/li>\n<li>Dar\u00fcber hinaus empfiehlt die st\u00e4ndige Impfkommission Veterin\u00e4rmedizin (StiKo-Vet) f\u00fcr Hunde eine j\u00e4hrliche Impfung gegen <a href=\"https:\/\/uelzener.de\/magazin\/hund\/tiergesundheit\/leptospirose-beim-hund\/\">Leptospirose<\/a>.<\/li>\n<\/ul>\n<p>Bei Leptospiren handelt es sich um fadenf\u00f6rmige Bakterien, die \u00fcber den Urin infizierter Tiere ausgeschieden werden und so ins Wasser gelangen. \u00dcber die Schleimh\u00e4ute beim Trinken oder kleine Verletzungen k\u00f6nnen diese in den K\u00f6rper eines Hundes gelangen und vor allem Nieren und Leber befallen. Schwere Krankheitsverl\u00e4ufe f\u00fchren nach Symptomen wie <a href=\"https:\/\/uelzener.de\/magazin\/hund\/haeufige-fragen\/durchfall-beim-hund-verdauung\/\">Durchfall<\/a> und Dehydration h\u00e4ufig zum Tod durch Nieren- oder Leberversagen.<\/p>\n<p>Du solltest zudem im Hinterkopf behalten, wie du in einem Notfall reagieren kannst. Wenn ein gro\u00dfer Hund unter Wasser ger\u00e4t, kann er den Menschen je nach eigener Schwimmf\u00e4higkeit mit sich unter Wasser ziehen. Nach M\u00f6glichkeit sollte der Hund daher erst mit der Stimme an eine sichere Stelle gelotst werden, bevor man ihn aus dem Wasser hievt. Ist es dazu zu sp\u00e4t und der Vierbeiner wird leblos aus dem Wasser gezogen, kann er h\u00e4ufig \u00fcber Erste-Hilfe-Ma\u00dfnahmen gerettet werden. Wichtig ist es dabei, das Wasser sofort aus der Lunge zu entfernen. Entsprechende Kurse werden von Tier\u00e4rzt:innen und verschiedenen Organisationen angeboten.<\/p>\n<h2><strong>Schwimmwesten f\u00fcr den Hund sorgen f\u00fcr Sicherheit<\/strong><\/h2>\n<p>Hunde-Schwimmwesten bieten einen zus\u00e4tzlichen Auftrieb im Wasser und helfen so insbesondere den Rassen, die durch den eigenen K\u00f6rperbau leicht Probleme bekommen. Gerade bei Anf\u00e4ngern ist das Tragen einer Schwimmweste grunds\u00e4tzlich empfohlen, da h\u00e4ufig auch ein Griff am R\u00fccken befestigt ist, der ein schnelles Eingreifen erm\u00f6glicht. Im Zoofachhandel kann bei der Wahl der richtigen Weste geholfen werden, da diese zur jeweiligen K\u00f6rperform passen muss.<\/p>\n<p>Auch wasserfeste Leuchthalsb\u00e4nder k\u00f6nnen im Notfall ein gutes Signal sein, wenn der Hund unter Wasser ger\u00e4t. Gerade bei tr\u00fcbem Wasser ist er sonst schnell nicht mehr sichtbar. Das <a href=\"https:\/\/uelzener.de\/magazin\/hund\/haeufige-fragen\/halsband-oder-geschirr\/\" target=\"_blank\" rel=\"noopener\">Halsband<\/a> darf allerdings auf keinen Fall so locker anliegen, dass der Hund sich darin verheddern k\u00f6nnte. Geschirr und Leine sind beim Schwimmen eher st\u00f6rend und daher nicht zu empfehlen.<\/p>\n<h2><strong>Den Hund beim Schwimmen immer genau beobachten<\/strong><\/h2>\n<p>Egal wie gut ein Hund schwimmen kann: Grunds\u00e4tzlich kann jedes Tier unter Wasser geraten. Als Halter:in solltest du daher immer genau beobachten, wie sich dein Tier verh\u00e4lt und welche Bedingungen in der Umgebung herrschen. So sch\u00e4tzen junge und alte Hunde ihre Kraft und Ausdauer h\u00e4ufig falsch ein oder pl\u00f6tzliche Wellen k\u00f6nnen den Vierbeiner \u00fcberraschen.<\/p>\n<p>Zudem kann ein Hund beim Schwimmen \u00fcberhitzen, wenn das Wasser sehr warm und der Hund sehr aktiv ist. Starkes Hecheln ist daf\u00fcr ein erstes Anzeichen. Dein Tier sollte dann die Gelegenheit bekommen, sich an einem schattigen Ort abzuk\u00fchlen. In kaltem Wasser kann der Vierbeiner hingegen schnell ausk\u00fchlen. Als Faustformel gilt: Wenn es dem Menschen zu kalt im Wasser wird, dann ist das meistens auch f\u00fcr den Hund so.<\/p>\n<p>Ebenso sollten Halter:innen verhindern, dass der Hund das Badewasser trinkt. Da nat\u00fcrliche Gew\u00e4sser oft nicht v\u00f6llig sauber sind, k\u00f6nnen Parasiten wie <a href=\"https:\/\/uelzener.de\/magazin\/hund\/tiergesundheit\/giardien-beim-hund\/\">Giardien<\/a> Durchfall ausl\u00f6sen oder Leptospiren in schweren F\u00e4llen sogar t\u00f6dlich wirken. Meerwasser entzieht dem K\u00f6rper durch den hohen Salzgehalt die Fl\u00fcssigkeit und kann ebenfalls gesundheitssch\u00e4digende Folgen haben. In Schwimmbecken im Garten machen hingegen Algenvernichter oder ein zu hoher Chloranteil das Wasser als Trinkquelle unbrauchbar. Daher empfiehlt es sich, immer eigenes sauberes Trinkwasser mitzubringen und es dem Hund bei jeder Gelegenheit anzubieten. Nach dem Badevergn\u00fcgen sollte dem Hund ausreichend Trinkwasser zur Verf\u00fcgung stehen. Erfahre in unserem Blogbeitrag \u201e<a href=\"https:\/\/uelzener.de\/magazin\/hund\/ernaehrung\/trinkmenge-hund\/\">Trinkmenge Hund: Wie viel sollte ein Hund trinken?<\/a>\u201c wie hoch der t\u00e4gliche Wasserbedarf deines Vierbeiners ist.<\/p>\n<p>Eine zus\u00e4tzliche Gefahr droht durch <a href=\"https:\/\/uelzener.de\/magazin\/hund\/tiergesundheit\/blaualgen-hund\/\">Blaualgen<\/a>. Die f\u00fcr Mensch und Tier giftigen Cyanobakterien sind h\u00e4ufig in ruhenden Gew\u00e4ssern zu finden. Die h\u00f6chste Konzentration dieser Algen bildet sich im Sp\u00e4tsommer in Ufern\u00e4he. Wer mit dem blo\u00dfen Auge Algen erkennen kann, sollte dieses Gew\u00e4sser unbedingt meiden.<\/p>\n<h2><strong>Den Hund nach dem Schwimmen gut versorgen<\/strong><\/h2>\n<p>Ist der Schwimmausflug beendet, gibt es noch einige Dinge zu beachten: <a href=\"https:\/\/uelzener.de\/magazin\/hund\/pflege\/hund-richtig-waschen\/\">Zuhause sollte der Hund mit klarem, nicht zu kalten Wasser abgewaschen werden<\/a>, um ihn von Bakterien und Schadstoffen zu befreien. Insbesondere Schlappohren solltest du anschlie\u00dfend sanft trocken tupfen, da es sonst zu Ohrentz\u00fcndungen kommen kann.<\/p>\n<p>Au\u00dferdem solltest du die <a href=\"https:\/\/uelzener.de\/magazin\/hund\/haltung\/hundepfote\/\">Hundepfoten<\/a> auf Schnittverletzungen pr\u00fcfen, da am Ufer Scherben liegen k\u00f6nnten. Es kann zudem zu abgerissenen Krallen kommen, da das aufgeweichte Horn leichter ein- oder abrei\u00dft.<\/p>\n<p>Wenn dein Hund beim Schwimmen ungewollt unter Wasser geraten ist, solltest du immer einen Tierarzt oder eine Tier\u00e4rztin aufsuchen, da Wasser in die Lunge geraten sein k\u00f6nnte. Das sogenannte sekund\u00e4re Ertrinken kann auch Stunden nach dem Wasserschlucken noch t\u00f6dlich enden. Die Lunge ist durch die Fl\u00fcssigkeit nicht mehr in der Lage, den K\u00f6rper ausreichend mit Sauerstoff zu versorgen. Anzeichen sind Husten, schnelle Atmung und bl\u00e4uliche Schleimh\u00e4ute.<\/p>\n<p>Aber auch andere Krankheitsanzeichen solltest du in der Zeit nach dem Schwimmen aufmerksam beobachten. Treten Symptome wie Durchfall, Erbrechen, Abgeschlagenheit, verminderter Appetit oder Fieber auf, sollte immer \u00e4rztliche Hilfe gesucht werden \u2013 der Hund k\u00f6nnte verunreinigtes Wasser geschluckt haben. Andere Erkrankungen nach dem Schwimmen sind h\u00e4ufig auf eine Unterk\u00fchlung zur\u00fcckzuf\u00fchren, beispielsweise R\u00fccken- und Gelenkschmerzen, eine Blasen-, Hals- oder Rachenentz\u00fcndung sowie eine Wasserrute. Die Wasserrute ist unter anderem an Schmerzen im gesamten hinteren Bereich des Hundes zu erkennen. Der Schwanz des Hundes h\u00e4ngt dann wie gel\u00e4hmt herunter.<\/p>\n<p>Trotz aller Risiken ist ein Ausflug zu einem geeigneten Hundebadestrand im Sommer sicherlich ein Highlight f\u00fcr dich und deinen Hund. Und wenn du deinem Tier Zeit l\u00e4sst, sich an das Wasser heranzutasten, das Schwimmen in seinem Tempo zu lernen und du ihn immer aufmerksam beobachtest, dann werdet ihr hoffentlich einen sicheren und unbeschwerten Badespa\u00df erleben.<\/p>\n","protected":false},"excerpt":{"rendered":"<p>Wenn die Temperaturen steigen, dann verspricht das Schwimmen in Seen und anderen Gew\u00e4ssern eine willkommene Abk\u00fchlung f\u00fcr Mensch und Hund. Manche Tiere sind richtige Wasserratten, andere m\u00fcssen zun\u00e4chst motiviert werden, eine Pfote ins k\u00fchle Nass zu setzen. Aber: Jeder Hund kann schwimmen. In diesem Beitrag erf\u00e4hrst du, wie du deinen Hund ans Wasser gew\u00f6hnst und [&hellip;]<\/p>\n","protected":false},"author":1,"featured_media":13370,"parent":11701,"menu_order":21,"comment_status":"open","ping_status":"open","template":"templates\/blog.php","meta":{"_acf_changed":false,"_crdt_document":"","footnotes":"","beyondwords_generate_audio":"0","beyondwords_project_id":"","beyondwords_content_id":"","beyondwords_preview_token":"","beyondwords_player_style":"","beyondwords_language_id":"","beyondwords_title_voice_id":"","beyondwords_body_voice_id":"","beyondwords_summary_voice_id":"","beyondwords_error_message":"","beyondwords_disabled":"","beyondwords_delete_content":"","beyondwords_podcast_id":"","beyondwords_hash":"","publish_post_to_speechkit":"","speechkit_hash":"","speechkit_generate_audio":"","speechkit_project_id":"","speechkit_podcast_id":"","speechkit_error_message":"","speechkit_disabled":"","speechkit_access_key":"","speechkit_error":"","speechkit_info":"","speechkit_response":"","speechkit_retries":"","speechkit_status":"","speechkit_updated_at":"","_speechkit_link":"","_speechkit_text":""},"class_list":["post-10123","page","type-page","status-publish","has-post-thumbnail","hentry"],"acf":[],"yoast_head":"<!-- This site is optimized with the Yoast SEO Premium plugin  - https:\/\/yoast.com\/product\/yoast-seo-premium-wordpress\/ -->\n<title>Sicherheit beim Schwimmen mit Hund | Uelzener<\/title>\n<meta name=\"description\" content=\"Schwimmen mit Hund. \u2713 Tipps rund um den sicheren Badespa\u00df f\u00fcr Hund und Mensch. \u2713 \u25b6 Hier erfahrt ihr mehr!\" \/>\n<meta name=\"robots\" content=\"index, follow, max-snippet:-1, max-image-preview:large, max-video-preview:-1\" \/>\n<link rel=\"canonical\" href=\"https:\/\/uelzener.de\/magazin\/hund\/tiergesundheit\/schwimmen-mit-hund-tipps-fuer-mehr-sicherheit-am-badestrand\/\" \/>\n<meta property=\"og:locale\" content=\"de_DE\" \/>\n<meta property=\"og:type\" content=\"article\" \/>\n<meta property=\"og:title\" content=\"Schwimmen mit Hund: Tipps f\u00fcr mehr Sicherheit am Badestrand\" \/>\n<meta property=\"og:description\" content=\"Schwimmen mit Hund. \u2713 Tipps rund um den sicheren Badespa\u00df f\u00fcr Hund und Mensch. \u2713 \u25b6 Hier erfahrt ihr mehr!\" \/>\n<meta property=\"og:url\" content=\"https:\/\/uelzener.de\/magazin\/hund\/tiergesundheit\/schwimmen-mit-hund-tipps-fuer-mehr-sicherheit-am-badestrand\/\" \/>\n<meta property=\"og:site_name\" content=\"Uelzener Tier-Magazin\" \/>\n<meta property=\"article:publisher\" content=\"https:\/\/www.facebook.com\/Uelzener\" \/>\n<meta property=\"article:modified_time\" content=\"2024-01-31T14:36:56+00:00\" \/>\n<meta property=\"og:image\" content=\"https:\/\/uelzener.de\/magazin\/app\/uploads\/2022\/05\/Schwimmen-mit-Hund.jpg\" \/>\n\t<meta property=\"og:image:width\" content=\"1024\" \/>\n\t<meta property=\"og:image:height\" content=\"450\" \/>\n\t<meta property=\"og:image:type\" content=\"image\/jpeg\" \/>\n<meta name=\"twitter:card\" content=\"summary_large_image\" \/>\n<meta name=\"twitter:label1\" content=\"Gesch\u00e4tzte Lesezeit\" \/>\n\t<meta name=\"twitter:data1\" content=\"7\u00a0Minuten\" \/>\n<script type=\"application\/ld+json\" class=\"yoast-schema-graph\">{\"@context\":\"https:\\\/\\\/schema.org\",\"@graph\":[{\"@type\":\"WebPage\",\"@id\":\"https:\\\/\\\/uelzener.de\\\/magazin\\\/hund\\\/tiergesundheit\\\/schwimmen-mit-hund-tipps-fuer-mehr-sicherheit-am-badestrand\\\/\",\"url\":\"https:\\\/\\\/uelzener.de\\\/magazin\\\/hund\\\/tiergesundheit\\\/schwimmen-mit-hund-tipps-fuer-mehr-sicherheit-am-badestrand\\\/\",\"name\":\"Sicherheit beim Schwimmen mit Hund | Uelzener\",\"isPartOf\":{\"@id\":\"https:\\\/\\\/uelzener.de\\\/magazin\\\/#website\"},\"primaryImageOfPage\":{\"@id\":\"https:\\\/\\\/uelzener.de\\\/magazin\\\/hund\\\/tiergesundheit\\\/schwimmen-mit-hund-tipps-fuer-mehr-sicherheit-am-badestrand\\\/#primaryimage\"},\"image\":{\"@id\":\"https:\\\/\\\/uelzener.de\\\/magazin\\\/hund\\\/tiergesundheit\\\/schwimmen-mit-hund-tipps-fuer-mehr-sicherheit-am-badestrand\\\/#primaryimage\"},\"thumbnailUrl\":\"https:\\\/\\\/uelzener.de\\\/magazin\\\/app\\\/uploads\\\/2022\\\/05\\\/Schwimmen-mit-Hund.jpg\",\"datePublished\":\"2022-05-07T22:00:00+00:00\",\"dateModified\":\"2024-01-31T14:36:56+00:00\",\"description\":\"Schwimmen mit Hund. \u2713 Tipps rund um den sicheren Badespa\u00df f\u00fcr Hund und Mensch. \u2713 \u25b6 Hier erfahrt ihr mehr!\",\"breadcrumb\":{\"@id\":\"https:\\\/\\\/uelzener.de\\\/magazin\\\/hund\\\/tiergesundheit\\\/schwimmen-mit-hund-tipps-fuer-mehr-sicherheit-am-badestrand\\\/#breadcrumb\"},\"inLanguage\":\"de\",\"potentialAction\":[{\"@type\":\"ReadAction\",\"target\":[\"https:\\\/\\\/uelzener.de\\\/magazin\\\/hund\\\/tiergesundheit\\\/schwimmen-mit-hund-tipps-fuer-mehr-sicherheit-am-badestrand\\\/\"]}]},{\"@type\":\"ImageObject\",\"inLanguage\":\"de\",\"@id\":\"https:\\\/\\\/uelzener.de\\\/magazin\\\/hund\\\/tiergesundheit\\\/schwimmen-mit-hund-tipps-fuer-mehr-sicherheit-am-badestrand\\\/#primaryimage\",\"url\":\"https:\\\/\\\/uelzener.de\\\/magazin\\\/app\\\/uploads\\\/2022\\\/05\\\/Schwimmen-mit-Hund.jpg\",\"contentUrl\":\"https:\\\/\\\/uelzener.de\\\/magazin\\\/app\\\/uploads\\\/2022\\\/05\\\/Schwimmen-mit-Hund.jpg\",\"width\":1024,\"height\":450,\"caption\":\"Hund taucht im blauen Wasser. Hunde lernen schwimmen im eigenen Tempo.\"},{\"@type\":\"WebSite\",\"@id\":\"https:\\\/\\\/uelzener.de\\\/magazin\\\/#website\",\"url\":\"https:\\\/\\\/uelzener.de\\\/magazin\\\/\",\"name\":\"Uelzener Tiermagazin\",\"description\":\"Online Tierratgeber der Uelzener Versicherungen\",\"publisher\":{\"@id\":\"https:\\\/\\\/uelzener.de\\\/magazin\\\/#organization\"},\"potentialAction\":[{\"@type\":\"SearchAction\",\"target\":{\"@type\":\"EntryPoint\",\"urlTemplate\":\"https:\\\/\\\/uelzener.de\\\/magazin\\\/?s={search_term_string}\"},\"query-input\":{\"@type\":\"PropertyValueSpecification\",\"valueRequired\":true,\"valueName\":\"search_term_string\"}}],\"inLanguage\":\"de\"},{\"@type\":\"Organization\",\"@id\":\"https:\\\/\\\/uelzener.de\\\/magazin\\\/#organization\",\"name\":\"Uelzener Versicherungen\",\"url\":\"https:\\\/\\\/uelzener.de\\\/magazin\\\/\",\"logo\":{\"@type\":\"ImageObject\",\"inLanguage\":\"de\",\"@id\":\"https:\\\/\\\/uelzener.de\\\/magazin\\\/#\\\/schema\\\/logo\\\/image\\\/\",\"url\":\"https:\\\/\\\/uelzener.de\\\/magazin\\\/app\\\/uploads\\\/2024\\\/11\\\/uelzener_allgemeine_versicherungsgesellschaft_a_g_logo.jpg\",\"contentUrl\":\"https:\\\/\\\/uelzener.de\\\/magazin\\\/app\\\/uploads\\\/2024\\\/11\\\/uelzener_allgemeine_versicherungsgesellschaft_a_g_logo.jpg\",\"width\":200,\"height\":200,\"caption\":\"Uelzener Versicherungen\"},\"image\":{\"@id\":\"https:\\\/\\\/uelzener.de\\\/magazin\\\/#\\\/schema\\\/logo\\\/image\\\/\"},\"sameAs\":[\"https:\\\/\\\/www.facebook.com\\\/Uelzener\",\"https:\\\/\\\/instagram.com\\\/uelzener\",\"https:\\\/\\\/www.xing.com\\\/pages\\\/uelzenerallgemeineversicherungs-gesellschafta-g\",\"https:\\\/\\\/www.youtube.com\\\/UelzenerVersicherungen\"]}]}<\/script>\n<!-- \/ Yoast SEO Premium plugin. -->","yoast_head_json":{"title":"Sicherheit beim Schwimmen mit Hund | Uelzener","description":"Schwimmen mit Hund. \u2713 Tipps rund um den sicheren Badespa\u00df f\u00fcr Hund und Mensch. \u2713 \u25b6 Hier erfahrt ihr mehr!","robots":{"index":"index","follow":"follow","max-snippet":"max-snippet:-1","max-image-preview":"max-image-preview:large","max-video-preview":"max-video-preview:-1"},"canonical":"https:\/\/uelzener.de\/magazin\/hund\/tiergesundheit\/schwimmen-mit-hund-tipps-fuer-mehr-sicherheit-am-badestrand\/","og_locale":"de_DE","og_type":"article","og_title":"Schwimmen mit Hund: Tipps f\u00fcr mehr Sicherheit am Badestrand","og_description":"Schwimmen mit Hund. \u2713 Tipps rund um den sicheren Badespa\u00df f\u00fcr Hund und Mensch. \u2713 \u25b6 Hier erfahrt ihr mehr!","og_url":"https:\/\/uelzener.de\/magazin\/hund\/tiergesundheit\/schwimmen-mit-hund-tipps-fuer-mehr-sicherheit-am-badestrand\/","og_site_name":"Uelzener Tier-Magazin","article_publisher":"https:\/\/www.facebook.com\/Uelzener","article_modified_time":"2024-01-31T14:36:56+00:00","og_image":[{"width":1024,"height":450,"url":"https:\/\/uelzener.de\/magazin\/app\/uploads\/2022\/05\/Schwimmen-mit-Hund.jpg","type":"image\/jpeg"}],"twitter_card":"summary_large_image","twitter_misc":{"Gesch\u00e4tzte Lesezeit":"7\u00a0Minuten"},"schema":{"@context":"https:\/\/schema.org","@graph":[{"@type":"WebPage","@id":"https:\/\/uelzener.de\/magazin\/hund\/tiergesundheit\/schwimmen-mit-hund-tipps-fuer-mehr-sicherheit-am-badestrand\/","url":"https:\/\/uelzener.de\/magazin\/hund\/tiergesundheit\/schwimmen-mit-hund-tipps-fuer-mehr-sicherheit-am-badestrand\/","name":"Sicherheit beim Schwimmen mit Hund | Uelzener","isPartOf":{"@id":"https:\/\/uelzener.de\/magazin\/#website"},"primaryImageOfPage":{"@id":"https:\/\/uelzener.de\/magazin\/hund\/tiergesundheit\/schwimmen-mit-hund-tipps-fuer-mehr-sicherheit-am-badestrand\/#primaryimage"},"image":{"@id":"https:\/\/uelzener.de\/magazin\/hund\/tiergesundheit\/schwimmen-mit-hund-tipps-fuer-mehr-sicherheit-am-badestrand\/#primaryimage"},"thumbnailUrl":"https:\/\/uelzener.de\/magazin\/app\/uploads\/2022\/05\/Schwimmen-mit-Hund.jpg","datePublished":"2022-05-07T22:00:00+00:00","dateModified":"2024-01-31T14:36:56+00:00","description":"Schwimmen mit Hund. \u2713 Tipps rund um den sicheren Badespa\u00df f\u00fcr Hund und Mensch. \u2713 \u25b6 Hier erfahrt ihr mehr!","breadcrumb":{"@id":"https:\/\/uelzener.de\/magazin\/hund\/tiergesundheit\/schwimmen-mit-hund-tipps-fuer-mehr-sicherheit-am-badestrand\/#breadcrumb"},"inLanguage":"de","potentialAction":[{"@type":"ReadAction","target":["https:\/\/uelzener.de\/magazin\/hund\/tiergesundheit\/schwimmen-mit-hund-tipps-fuer-mehr-sicherheit-am-badestrand\/"]}]},{"@type":"ImageObject","inLanguage":"de","@id":"https:\/\/uelzener.de\/magazin\/hund\/tiergesundheit\/schwimmen-mit-hund-tipps-fuer-mehr-sicherheit-am-badestrand\/#primaryimage","url":"https:\/\/uelzener.de\/magazin\/app\/uploads\/2022\/05\/Schwimmen-mit-Hund.jpg","contentUrl":"https:\/\/uelzener.de\/magazin\/app\/uploads\/2022\/05\/Schwimmen-mit-Hund.jpg","width":1024,"height":450,"caption":"Hund taucht im blauen Wasser. Hunde lernen schwimmen im eigenen Tempo."},{"@type":"WebSite","@id":"https:\/\/uelzener.de\/magazin\/#website","url":"https:\/\/uelzener.de\/magazin\/","name":"Uelzener Tiermagazin","description":"Online Tierratgeber der Uelzener Versicherungen","publisher":{"@id":"https:\/\/uelzener.de\/magazin\/#organization"},"potentialAction":[{"@type":"SearchAction","target":{"@type":"EntryPoint","urlTemplate":"https:\/\/uelzener.de\/magazin\/?s={search_term_string}"},"query-input":{"@type":"PropertyValueSpecification","valueRequired":true,"valueName":"search_term_string"}}],"inLanguage":"de"},{"@type":"Organization","@id":"https:\/\/uelzener.de\/magazin\/#organization","name":"Uelzener Versicherungen","url":"https:\/\/uelzener.de\/magazin\/","logo":{"@type":"ImageObject","inLanguage":"de","@id":"https:\/\/uelzener.de\/magazin\/#\/schema\/logo\/image\/","url":"https:\/\/uelzener.de\/magazin\/app\/uploads\/2024\/11\/uelzener_allgemeine_versicherungsgesellschaft_a_g_logo.jpg","contentUrl":"https:\/\/uelzener.de\/magazin\/app\/uploads\/2024\/11\/uelzener_allgemeine_versicherungsgesellschaft_a_g_logo.jpg","width":200,"height":200,"caption":"Uelzener Versicherungen"},"image":{"@id":"https:\/\/uelzener.de\/magazin\/#\/schema\/logo\/image\/"},"sameAs":["https:\/\/www.facebook.com\/Uelzener","https:\/\/instagram.com\/uelzener","https:\/\/www.xing.com\/pages\/uelzenerallgemeineversicherungs-gesellschafta-g","https:\/\/www.youtube.com\/UelzenerVersicherungen"]}]}},"_links":{"self":[{"href":"https:\/\/uelzener.de\/magazin\/wp-json\/wp\/v2\/pages\/10123","targetHints":{"allow":["GET"]}}],"collection":[{"href":"https:\/\/uelzener.de\/magazin\/wp-json\/wp\/v2\/pages"}],"about":[{"href":"https:\/\/uelzener.de\/magazin\/wp-json\/wp\/v2\/types\/page"}],"author":[{"embeddable":true,"href":"https:\/\/uelzener.de\/magazin\/wp-json\/wp\/v2\/users\/1"}],"replies":[{"embeddable":true,"href":"https:\/\/uelzener.de\/magazin\/wp-json\/wp\/v2\/comments?post=10123"}],"version-history":[{"count":22,"href":"https:\/\/uelzener.de\/magazin\/wp-json\/wp\/v2\/pages\/10123\/revisions"}],"predecessor-version":[{"id":16990,"href":"https:\/\/uelzener.de\/magazin\/wp-json\/wp\/v2\/pages\/10123\/revisions\/16990"}],"up":[{"embeddable":true,"href":"https:\/\/uelzener.de\/magazin\/wp-json\/wp\/v2\/pages\/11701"}],"wp:featuredmedia":[{"embeddable":true,"href":"https:\/\/uelzener.de\/magazin\/wp-json\/wp\/v2\/media\/13370"}],"wp:attachment":[{"href":"https:\/\/uelzener.de\/magazin\/wp-json\/wp\/v2\/media?parent=10123"}],"curies":[{"name":"wp","href":"https:\/\/api.w.org\/{rel}","templated":true}]}}