{"id":10122,"date":"2019-08-14T00:00:00","date_gmt":"2019-08-14T00:00:00","guid":{"rendered":""},"modified":"2025-08-05T13:08:41","modified_gmt":"2025-08-05T11:08:41","slug":"trinkmenge-hund","status":"publish","type":"page","link":"https:\/\/uelzener.de\/magazin\/hund\/ernaehrung\/trinkmenge-hund\/","title":{"rendered":"Trinkmenge Hund: Wie viel sollte ein Hund trinken?"},"content":{"rendered":"<h2>Warum ist Wasser f\u00fcr Hunde so wichtig?<\/h2>\n<p>Hunde bestehen wie wir Menschen zum gr\u00f6\u00dften Teil aus Wasser. Es ist ein wichtiger Bestandteil aller K\u00f6rperfunktionen des Vierbeiners. Es ist notwendig, um die Komponenten des Futters im Verdauungskanal zu l\u00f6sen. Stoffwechsel, N\u00e4hrstofftransport, Gehirn, Blutbahn und viele weitere <strong>Funktionen des K\u00f6rpers k\u00f6nnen ohne Wasser nicht korrekt arbeiten.<\/strong><\/p>\n<h2>Wie viel trinkt ein Hund am Tag?<\/h2>\n<p>Der Fl\u00fcssigkeitsbedarf eines Hundes h\u00e4ngt von verschiedenen Faktoren ab, zum Beispiel von:<\/p>\n<ul>\n<li>Gr\u00f6\u00dfe, K\u00f6rpergewicht und Alter des Vierbeiners<\/li>\n<li>F\u00fctterung (Trockenfutter oder Nassfutter)<\/li>\n<li>Aktivit\u00e4t<\/li>\n<li>Umgebungstemperaturen<\/li>\n<\/ul>\n<p>Einen Grundwert f\u00fcr die Trinkmenge Deines Hundes kannst Du mittels K\u00f6rpergewicht errechnen. Wird Feuchtfutter geben: <strong>K\u00f6rpergewicht (kg) x 5 bzw. 10 (ml) = durchschnittliche Wassermenge<\/strong>. Bekommt der Vierbeiner Trockenfutter, wird das <strong>K\u00f6rpergewicht mit 40 bzw. 50 multipliziert<\/strong>.<\/p>\n<p><img decoding=\"async\" src=\"\/magazin\/app\/uploads\/2021\/02\/36254c7a-a9b1-4af4-ad83-6bec048c8945.jpg\" \/>,<\/p>\n<h2>An hei\u00dfen Tagen erh\u00f6ht sich die Trinkmenge des Hundes<\/h2>\n<p>Sauberes Wasser sollte f\u00fcr Deinen Hund immer zur freien Verf\u00fcgung stehen \u2013 egal ob zu Hause im Wassernapf oder unterwegs aus einem mobilen Trinkbeh\u00e4ltnis. Das gilt insbesondere an hei\u00dfen Tagen und nach k\u00f6rperlicher Aktivit\u00e4t. Denn mit steigender Umgebungstemperatur oder k\u00f6rperlicher Anstrengung, wie zum Beispiel beim Hundesport, steigt auch der Wasserbedarf Deines Hundes. Ein leichter Trab reicht bereits aus. Damit Dein Hund an hei\u00dfen Tagen nicht dehydriert, ist es deshalb wichtig, dass er <strong>regelm\u00e4\u00dfig Fl\u00fcssigkeit aufnimmt<\/strong>.<\/p>\n<h2>Frisches Trinkwasser wichtig \u2013 auch f\u00fcr unterwegs<\/h2>\n<p>Selbstverst\u00e4ndlich sollte das Trinkwasser immer <strong>sauber und frisch<\/strong> sein und der Inhalt des Wassernapfes mindestens <strong>zweimal am Tag gewechselt<\/strong> werden. Und auch unterwegs auf l\u00e4ngeren Spazierg\u00e4ngen solltest Du immer frisches Wasser f\u00fcr Deinen Hund dabeihaben. Denn in stehenden Gew\u00e4ssern oder Brackwasser lauern besonders im Sommer Gefahren. Neben <strong>Schadstoffen und <a href=\"https:\/\/uelzener.de\/magazin\/hund\/tiergesundheit\/giardien-beim-hund\/\">Giardien<\/a><\/strong> bevorzugen auch verschiedene Bakterien die feuchtwarme Umgebung: Es besteht ein hohes Risiko, dass Dein <strong><a href=\"https:\/\/www.uelzener.de\/blog\/tier\/warum-ihr-hund-nicht-aus-pfuetzen-trinken-sollte.html\" target=\"_blank\" rel=\"noopener\">Hund an Leptospirose<\/a><\/strong> erkrankt. Auch wenn der Hund meist das abgestandene Wasser aus See und Pf\u00fctzen bevorzugt, solltest Du daher sicherstellen, dass Dein Vierbeiner das mitgebrachte Wasser trinkt. Eine Blaualgenvergiftung k\u00f6nnte sonst die Folge sein. Lies dazu mehr in unserem Beitrag \u201e<a href=\"https:\/\/uelzener.de\/magazin\/hund\/tiergesundheit\/blaualgen-hund\/\"><strong>Blaualge: Hund in Gefahr \u2013 alles zur Blaualgenvergiftung<\/strong><\/a>\u201c.<\/p>\n<h2>Wenn der Wasserhaushalt des Hundes nicht stimmt<\/h2>\n<p>Du solltest das Trinkverhalten Deines felligen Partners beobachten. Ein <strong>erh\u00f6hter Wasserbedarf<\/strong> kann zum Beispiel ein <strong>Anzeichen f\u00fcr Diabetes beim Hund<\/strong> sein. Dass ein Hund bei hoher Temperatur mehr Fl\u00fcssigkeit ben\u00f6tigt, ist jedoch vollkommen normal.<\/p>\n\n<div class=\"related_articles boxed\">\n    <h2>Mehr zum Thema<\/h2>\n    \n    <div class=\"wrapper\"><div class=\"title align-center\"><h3><a href=\"https:\/\/uelzener.de\/magazin\/hund\/tiergesundheit\/inkontinenz-beim-hund\/\">Inkontinenz beim Hund: Ursachen, Behandlungsm\u00f6glichkeiten und Tipps f\u00fcr den Alltag<\/a><\/h3><\/div><div class=\"img align-center\"><img decoding=\"async\" width=\"315\" height=\"180\" src=\"https:\/\/uelzener.de\/magazin\/app\/uploads\/2025\/07\/inkontinenz-hund-315x180.jpg\" class=\"attachment-315x180 size-315x180 wp-post-image\" alt=\"Hund hat eine Windel an.\" \/><\/div><\/div><div class=\"wrapper\"><div class=\"title align-center\"><h3><a href=\"https:\/\/uelzener.de\/magazin\/hund\/haeufige-fragen\/durchfall-beim-hund-verdauung\/\">Durchfall beim Hund: Ein umfassender Leitfaden zur Verdauung<\/a><\/h3><\/div><div class=\"img align-center\"><img decoding=\"async\" width=\"315\" height=\"180\" src=\"https:\/\/uelzener.de\/magazin\/app\/uploads\/2023\/08\/hund-verdauung-315x180.jpg\" class=\"attachment-315x180 size-315x180 wp-post-image\" alt=\"Beiger Hund verrichtet sein Gesch\u00e4ft im Garten hinter einem Baum.\" \/><\/div><\/div><div class=\"wrapper\"><div class=\"title align-center\"><h3><a href=\"https:\/\/uelzener.de\/magazin\/hund\/tiergesundheit\/diabetes-beim-hund\/\">Diabetes beim Hund: Symptome erkennen und helfen<\/a><\/h3><\/div><div class=\"img align-center\"><img decoding=\"async\" width=\"315\" height=\"180\" src=\"https:\/\/uelzener.de\/magazin\/app\/uploads\/2022\/10\/Mensch-fuettert-Terrier-zu-viel-Gefahr-fuer-Diabetes-315x180.jpg\" class=\"attachment-315x180 size-315x180 wp-post-image\" alt=\"Terrier mit Diabetes wird gef\u00fcttert.\" \/><\/div><\/div><\/div>\n\n<p>Wasser geht \u00fcber Kot, Harn, Atemwege, Haut und bei s\u00e4ugenden H\u00fcndinnen auch \u00fcber das Ges\u00e4uge verloren. Leidet der Hund an Durchfall, ist der Wasserverlust ebenfalls h\u00f6her. <strong>Dehydration<\/strong> kann eine Folge sein. Besonders f\u00fcr Welpen und \u00e4ltere Hunden ist das eine brenzlige Situation. Im Notfall kann eine Infusion vom Tierarzt Abhilfe schaffen. In einem solchen Fall bist Du mit unserer <strong>Hunde-Krankenversicherung<\/strong> vor den Kosten f\u00fcr die Behandlung gesch\u00fctzt. Beobachte also regelm\u00e4\u00dfig, wie viel Dein Hund am Tag trinkt und ob dies mit den Richtwerten f\u00fcr die Trinkmenge von Hunden \u00fcbereinstimmt.<\/p>\n\n<div class=\"banner\">\n    <a href=\"https:\/\/uelzener.de\/hund\/hunde-krankenversicherung\/?agt=0000104925&sem=true&utm_medium=magazin&utm_source=wordpress&utm_campaign=hund_kv&utm_content=banner\">\n        <img decoding=\"async\" width=\"300\" height=\"212\" src=\"https:\/\/uelzener.de\/magazin\/app\/uploads\/2025\/01\/Hunde-Kranken-Versicherung.jpg\" class=\"attachment-medium size-medium\" alt=\"Banner Hunde-Kranken-Versicherung\" \/>    <\/a>\n<\/div>\n\n","protected":false},"excerpt":{"rendered":"<p>Warum ist Wasser f\u00fcr Hunde so wichtig? Hunde bestehen wie wir Menschen zum gr\u00f6\u00dften Teil aus Wasser. Es ist ein wichtiger Bestandteil aller K\u00f6rperfunktionen des Vierbeiners. Es ist notwendig, um die Komponenten des Futters im Verdauungskanal zu l\u00f6sen. Stoffwechsel, N\u00e4hrstofftransport, Gehirn, Blutbahn und viele weitere Funktionen des K\u00f6rpers k\u00f6nnen ohne Wasser nicht korrekt arbeiten. Wie [&hellip;]<\/p>\n","protected":false},"author":1,"featured_media":10712,"parent":11674,"menu_order":9,"comment_status":"open","ping_status":"open","template":"templates\/blog.php","meta":{"_acf_changed":false,"_crdt_document":"","footnotes":"","beyondwords_generate_audio":"0","beyondwords_project_id":"","beyondwords_content_id":"","beyondwords_preview_token":"","beyondwords_player_style":"","beyondwords_language_id":"","beyondwords_title_voice_id":"","beyondwords_body_voice_id":"","beyondwords_summary_voice_id":"","beyondwords_error_message":"","beyondwords_disabled":"","beyondwords_delete_content":"","beyondwords_podcast_id":"","beyondwords_hash":"","publish_post_to_speechkit":"","speechkit_hash":"","speechkit_generate_audio":"","speechkit_project_id":"","speechkit_podcast_id":"","speechkit_error_message":"","speechkit_disabled":"","speechkit_access_key":"","speechkit_error":"","speechkit_info":"","speechkit_response":"","speechkit_retries":"","speechkit_status":"","speechkit_updated_at":"","_speechkit_link":"","_speechkit_text":""},"class_list":["post-10122","page","type-page","status-publish","has-post-thumbnail","hentry"],"acf":[],"yoast_head":"<!-- This site is optimized with the Yoast SEO Premium plugin  - https:\/\/yoast.com\/product\/yoast-seo-premium-wordpress\/ -->\n<title>Trinkmenge Hund: Wie viel trinken Hunde? | Uelzener<\/title>\n<meta name=\"description\" content=\"Wie viel sollte ein Hund trinken? \u25b6 So berechnest Du den Wasserbedarf Deines Hundes \u2713 Hier alles zur Trinkmenge erfahren!\" \/>\n<meta name=\"robots\" content=\"index, follow, max-snippet:-1, max-image-preview:large, max-video-preview:-1\" \/>\n<link rel=\"canonical\" href=\"https:\/\/uelzener.de\/magazin\/hund\/ernaehrung\/trinkmenge-hund\/\" \/>\n<meta property=\"og:locale\" content=\"de_DE\" \/>\n<meta property=\"og:type\" content=\"article\" \/>\n<meta property=\"og:title\" content=\"Trinkmenge Hund: Wie viel sollte ein Hund trinken?\" \/>\n<meta property=\"og:description\" content=\"Wie viel sollte ein Hund trinken? \u25b6 So berechnest Du den Wasserbedarf Deines Hundes \u2713 Hier alles zur Trinkmenge erfahren!\" \/>\n<meta property=\"og:url\" content=\"https:\/\/uelzener.de\/magazin\/hund\/ernaehrung\/trinkmenge-hund\/\" \/>\n<meta property=\"og:site_name\" content=\"Uelzener Tier-Magazin\" \/>\n<meta property=\"article:publisher\" content=\"https:\/\/www.facebook.com\/Uelzener\" \/>\n<meta property=\"article:modified_time\" content=\"2025-08-05T11:08:41+00:00\" \/>\n<meta property=\"og:image\" content=\"https:\/\/uelzener.de\/magazin\/app\/uploads\/2019\/08\/2b0aae5e-acb8-43e6-bd47-943d0bd418fe.jpg\" \/>\n\t<meta property=\"og:image:width\" content=\"650\" \/>\n\t<meta property=\"og:image:height\" content=\"433\" \/>\n\t<meta property=\"og:image:type\" content=\"image\/jpeg\" \/>\n<meta name=\"twitter:card\" content=\"summary_large_image\" \/>\n<meta name=\"twitter:label1\" content=\"Gesch\u00e4tzte Lesezeit\" \/>\n\t<meta name=\"twitter:data1\" content=\"3\u00a0Minuten\" \/>\n<script type=\"application\/ld+json\" class=\"yoast-schema-graph\">{\"@context\":\"https:\/\/schema.org\",\"@graph\":[{\"@type\":\"WebPage\",\"@id\":\"https:\/\/uelzener.de\/magazin\/hund\/ernaehrung\/trinkmenge-hund\/\",\"url\":\"https:\/\/uelzener.de\/magazin\/hund\/ernaehrung\/trinkmenge-hund\/\",\"name\":\"Trinkmenge Hund: Wie viel trinken Hunde? | Uelzener\",\"isPartOf\":{\"@id\":\"https:\/\/uelzener.de\/magazin\/#website\"},\"primaryImageOfPage\":{\"@id\":\"https:\/\/uelzener.de\/magazin\/hund\/ernaehrung\/trinkmenge-hund\/#primaryimage\"},\"image\":{\"@id\":\"https:\/\/uelzener.de\/magazin\/hund\/ernaehrung\/trinkmenge-hund\/#primaryimage\"},\"thumbnailUrl\":\"https:\/\/uelzener.de\/magazin\/app\/uploads\/2019\/08\/2b0aae5e-acb8-43e6-bd47-943d0bd418fe.jpg\",\"datePublished\":\"2019-08-14T00:00:00+00:00\",\"dateModified\":\"2025-08-05T11:08:41+00:00\",\"description\":\"Wie viel sollte ein Hund trinken? \u25b6 So berechnest Du den Wasserbedarf Deines Hundes \u2713 Hier alles zur Trinkmenge erfahren!\",\"breadcrumb\":{\"@id\":\"https:\/\/uelzener.de\/magazin\/hund\/ernaehrung\/trinkmenge-hund\/#breadcrumb\"},\"inLanguage\":\"de\",\"potentialAction\":[{\"@type\":\"ReadAction\",\"target\":[\"https:\/\/uelzener.de\/magazin\/hund\/ernaehrung\/trinkmenge-hund\/\"]}]},{\"@type\":\"ImageObject\",\"inLanguage\":\"de\",\"@id\":\"https:\/\/uelzener.de\/magazin\/hund\/ernaehrung\/trinkmenge-hund\/#primaryimage\",\"url\":\"https:\/\/uelzener.de\/magazin\/app\/uploads\/2019\/08\/2b0aae5e-acb8-43e6-bd47-943d0bd418fe.jpg\",\"contentUrl\":\"https:\/\/uelzener.de\/magazin\/app\/uploads\/2019\/08\/2b0aae5e-acb8-43e6-bd47-943d0bd418fe.jpg\",\"width\":650,\"height\":433,\"caption\":\"Schwarz-wei\u00dfer Hund wird von Besitzerin mit Wasser aus der Hand versorgt, damit er auf die richtige Trinkmenge kommt.\"},{\"@type\":\"WebSite\",\"@id\":\"https:\/\/uelzener.de\/magazin\/#website\",\"url\":\"https:\/\/uelzener.de\/magazin\/\",\"name\":\"Uelzener Tiermagazin\",\"description\":\"Online Tierratgeber der Uelzener Versicherungen\",\"publisher\":{\"@id\":\"https:\/\/uelzener.de\/magazin\/#organization\"},\"potentialAction\":[{\"@type\":\"SearchAction\",\"target\":{\"@type\":\"EntryPoint\",\"urlTemplate\":\"https:\/\/uelzener.de\/magazin\/?s={search_term_string}\"},\"query-input\":{\"@type\":\"PropertyValueSpecification\",\"valueRequired\":true,\"valueName\":\"search_term_string\"}}],\"inLanguage\":\"de\"},{\"@type\":\"Organization\",\"@id\":\"https:\/\/uelzener.de\/magazin\/#organization\",\"name\":\"Uelzener Versicherungen\",\"url\":\"https:\/\/uelzener.de\/magazin\/\",\"logo\":{\"@type\":\"ImageObject\",\"inLanguage\":\"de\",\"@id\":\"https:\/\/uelzener.de\/magazin\/#\/schema\/logo\/image\/\",\"url\":\"https:\/\/uelzener.de\/magazin\/app\/uploads\/2024\/11\/uelzener_allgemeine_versicherungsgesellschaft_a_g_logo.jpg\",\"contentUrl\":\"https:\/\/uelzener.de\/magazin\/app\/uploads\/2024\/11\/uelzener_allgemeine_versicherungsgesellschaft_a_g_logo.jpg\",\"width\":200,\"height\":200,\"caption\":\"Uelzener Versicherungen\"},\"image\":{\"@id\":\"https:\/\/uelzener.de\/magazin\/#\/schema\/logo\/image\/\"},\"sameAs\":[\"https:\/\/www.facebook.com\/Uelzener\",\"https:\/\/instagram.com\/uelzener\",\"https:\/\/www.xing.com\/pages\/uelzenerallgemeineversicherungs-gesellschafta-g\",\"https:\/\/www.youtube.com\/UelzenerVersicherungen\"]}]}<\/script>\n<!-- \/ Yoast SEO Premium plugin. -->","yoast_head_json":{"title":"Trinkmenge Hund: Wie viel trinken Hunde? | Uelzener","description":"Wie viel sollte ein Hund trinken? \u25b6 So berechnest Du den Wasserbedarf Deines Hundes \u2713 Hier alles zur Trinkmenge erfahren!","robots":{"index":"index","follow":"follow","max-snippet":"max-snippet:-1","max-image-preview":"max-image-preview:large","max-video-preview":"max-video-preview:-1"},"canonical":"https:\/\/uelzener.de\/magazin\/hund\/ernaehrung\/trinkmenge-hund\/","og_locale":"de_DE","og_type":"article","og_title":"Trinkmenge Hund: Wie viel sollte ein Hund trinken?","og_description":"Wie viel sollte ein Hund trinken? \u25b6 So berechnest Du den Wasserbedarf Deines Hundes \u2713 Hier alles zur Trinkmenge erfahren!","og_url":"https:\/\/uelzener.de\/magazin\/hund\/ernaehrung\/trinkmenge-hund\/","og_site_name":"Uelzener Tier-Magazin","article_publisher":"https:\/\/www.facebook.com\/Uelzener","article_modified_time":"2025-08-05T11:08:41+00:00","og_image":[{"width":650,"height":433,"url":"https:\/\/uelzener.de\/magazin\/app\/uploads\/2019\/08\/2b0aae5e-acb8-43e6-bd47-943d0bd418fe.jpg","type":"image\/jpeg"}],"twitter_card":"summary_large_image","twitter_misc":{"Gesch\u00e4tzte Lesezeit":"3\u00a0Minuten"},"schema":{"@context":"https:\/\/schema.org","@graph":[{"@type":"WebPage","@id":"https:\/\/uelzener.de\/magazin\/hund\/ernaehrung\/trinkmenge-hund\/","url":"https:\/\/uelzener.de\/magazin\/hund\/ernaehrung\/trinkmenge-hund\/","name":"Trinkmenge Hund: Wie viel trinken Hunde? | Uelzener","isPartOf":{"@id":"https:\/\/uelzener.de\/magazin\/#website"},"primaryImageOfPage":{"@id":"https:\/\/uelzener.de\/magazin\/hund\/ernaehrung\/trinkmenge-hund\/#primaryimage"},"image":{"@id":"https:\/\/uelzener.de\/magazin\/hund\/ernaehrung\/trinkmenge-hund\/#primaryimage"},"thumbnailUrl":"https:\/\/uelzener.de\/magazin\/app\/uploads\/2019\/08\/2b0aae5e-acb8-43e6-bd47-943d0bd418fe.jpg","datePublished":"2019-08-14T00:00:00+00:00","dateModified":"2025-08-05T11:08:41+00:00","description":"Wie viel sollte ein Hund trinken? \u25b6 So berechnest Du den Wasserbedarf Deines Hundes \u2713 Hier alles zur Trinkmenge erfahren!","breadcrumb":{"@id":"https:\/\/uelzener.de\/magazin\/hund\/ernaehrung\/trinkmenge-hund\/#breadcrumb"},"inLanguage":"de","potentialAction":[{"@type":"ReadAction","target":["https:\/\/uelzener.de\/magazin\/hund\/ernaehrung\/trinkmenge-hund\/"]}]},{"@type":"ImageObject","inLanguage":"de","@id":"https:\/\/uelzener.de\/magazin\/hund\/ernaehrung\/trinkmenge-hund\/#primaryimage","url":"https:\/\/uelzener.de\/magazin\/app\/uploads\/2019\/08\/2b0aae5e-acb8-43e6-bd47-943d0bd418fe.jpg","contentUrl":"https:\/\/uelzener.de\/magazin\/app\/uploads\/2019\/08\/2b0aae5e-acb8-43e6-bd47-943d0bd418fe.jpg","width":650,"height":433,"caption":"Schwarz-wei\u00dfer Hund wird von Besitzerin mit Wasser aus der Hand versorgt, damit er auf die richtige Trinkmenge kommt."},{"@type":"WebSite","@id":"https:\/\/uelzener.de\/magazin\/#website","url":"https:\/\/uelzener.de\/magazin\/","name":"Uelzener Tiermagazin","description":"Online Tierratgeber der Uelzener Versicherungen","publisher":{"@id":"https:\/\/uelzener.de\/magazin\/#organization"},"potentialAction":[{"@type":"SearchAction","target":{"@type":"EntryPoint","urlTemplate":"https:\/\/uelzener.de\/magazin\/?s={search_term_string}"},"query-input":{"@type":"PropertyValueSpecification","valueRequired":true,"valueName":"search_term_string"}}],"inLanguage":"de"},{"@type":"Organization","@id":"https:\/\/uelzener.de\/magazin\/#organization","name":"Uelzener Versicherungen","url":"https:\/\/uelzener.de\/magazin\/","logo":{"@type":"ImageObject","inLanguage":"de","@id":"https:\/\/uelzener.de\/magazin\/#\/schema\/logo\/image\/","url":"https:\/\/uelzener.de\/magazin\/app\/uploads\/2024\/11\/uelzener_allgemeine_versicherungsgesellschaft_a_g_logo.jpg","contentUrl":"https:\/\/uelzener.de\/magazin\/app\/uploads\/2024\/11\/uelzener_allgemeine_versicherungsgesellschaft_a_g_logo.jpg","width":200,"height":200,"caption":"Uelzener Versicherungen"},"image":{"@id":"https:\/\/uelzener.de\/magazin\/#\/schema\/logo\/image\/"},"sameAs":["https:\/\/www.facebook.com\/Uelzener","https:\/\/instagram.com\/uelzener","https:\/\/www.xing.com\/pages\/uelzenerallgemeineversicherungs-gesellschafta-g","https:\/\/www.youtube.com\/UelzenerVersicherungen"]}]}},"_links":{"self":[{"href":"https:\/\/uelzener.de\/magazin\/wp-json\/wp\/v2\/pages\/10122","targetHints":{"allow":["GET"]}}],"collection":[{"href":"https:\/\/uelzener.de\/magazin\/wp-json\/wp\/v2\/pages"}],"about":[{"href":"https:\/\/uelzener.de\/magazin\/wp-json\/wp\/v2\/types\/page"}],"author":[{"embeddable":true,"href":"https:\/\/uelzener.de\/magazin\/wp-json\/wp\/v2\/users\/1"}],"replies":[{"embeddable":true,"href":"https:\/\/uelzener.de\/magazin\/wp-json\/wp\/v2\/comments?post=10122"}],"version-history":[{"count":12,"href":"https:\/\/uelzener.de\/magazin\/wp-json\/wp\/v2\/pages\/10122\/revisions"}],"predecessor-version":[{"id":18790,"href":"https:\/\/uelzener.de\/magazin\/wp-json\/wp\/v2\/pages\/10122\/revisions\/18790"}],"up":[{"embeddable":true,"href":"https:\/\/uelzener.de\/magazin\/wp-json\/wp\/v2\/pages\/11674"}],"wp:featuredmedia":[{"embeddable":true,"href":"https:\/\/uelzener.de\/magazin\/wp-json\/wp\/v2\/media\/10712"}],"wp:attachment":[{"href":"https:\/\/uelzener.de\/magazin\/wp-json\/wp\/v2\/media?parent=10122"}],"curies":[{"name":"wp","href":"https:\/\/api.w.org\/{rel}","templated":true}]}}