{"id":10119,"date":"2020-04-03T00:00:00","date_gmt":"2020-04-03T00:00:00","guid":{"rendered":""},"modified":"2025-09-11T11:58:50","modified_gmt":"2025-09-11T09:58:50","slug":"eichenprozessionsspinner-hund-und-katze","status":"publish","type":"page","link":"https:\/\/uelzener.de\/magazin\/hund\/tiergesundheit\/eichenprozessionsspinner-hund-und-katze\/","title":{"rendered":"Eichenprozessions&shy;spinner: Hund und Katze in Gefahr"},"content":{"rendered":"<p><strong>Der Eichenprozessionsspinner ist nicht nur f\u00fcr den Menschen gef\u00e4hrlich, sondern kann auch f\u00fcr Hund und Katze lebensbedrohlich sein. Das T\u00fcckische sind die Brennhaare der Raupe. Der Kontakt f\u00fchrt beim Tier zu einer allergischen Reaktion. Ger\u00f6tete Augen, wunde Nase und eine geschwollene Zunge sind nur die leichten Symptome, die der Eichenprozessionsspinner bei Hund und Katze ausl\u00f6st. Die Hochzeit der Prozessionsspinner und damit auch das gr\u00f6\u00dfte Risiko f\u00e4llt auf Mai bis Juli. <\/strong><\/p>\n<h2>Die Ausbreitung der Eichenprozessionsspinner<\/h2>\n<p>Bereits seit Anfang der Neunzigerjahre hat sich der Eichenprozessionsspinner in vielen Regionen in Deutschland verbreitet. Vielerorts haben Fachdienste t\u00e4glich damit zu tun, die <strong>Ausbreitung der Raupen einzud\u00e4mmen<\/strong>. Die Bek\u00e4mpfung findet meist an Stellen statt, an denen sie den Menschen gef\u00e4hrden und eine langfristige Sperrung des Gebiets nicht m\u00f6glich ist.<\/p>\n<p>Was die Eichenprozessionsspinner so gef\u00e4hrlich f\u00fcr Hund und Katze macht, sind ihre Brennhaare. Die 0,1 \u2013 0,3 Millimeter kurzen Brennhaare enthalten das <strong>Nesselgift Thaumetopoein<\/strong>, das bei Ber\u00fchrung zu Raupendermatitis f\u00fchrt. Das Gift kann sowohl beim Menschen als auch bei Hunden und Katzen gef\u00e4hrliche bis lebensbedrohliche Symptome ausl\u00f6sen.<\/p>\n<h2>Eichenprozessionsspinner \u2013 gef\u00e4hrliche Brennhaare<\/h2>\n<ul>\n<li>Gr\u00f6\u00dfe: 3 Zentimeter (Falter), 5 Zentimeter (Raupe)<\/li>\n<li>Farbe: grau-braun (Falter), grau mit gelbbraunen F\u00fchlern (Raupe)<\/li>\n<li>Familie: Schmetterlinge-Nachtfalter<\/li>\n<li>Heimat: Europa<\/li>\n<li>Befall: vorwiegend Eichen<\/li>\n<li>Gift: Brennhaare enthalten Thaumetopoein<\/li>\n<li>Entwicklung: Raupe durchl\u00e4uft 6 Stadien, ab Juli verpuppt sich die Raupe, nach zirka 3 bis 5 Wochen schl\u00fcpft ein Schmetterling<\/li>\n<li>Feinde: Puppenr\u00e4uber, Raupenfliegen, Schlupfwespen, Wiedehopf und Kuckuck<\/li>\n<\/ul>\n<p>Die Raupen durchlaufen in ihrer <strong>Entwicklung mehrere Larvenstadien<\/strong>. Anfang Mai befinden sie sich im dritten Larvenstadium und entwickeln die t\u00fcckischen Nesselhaare mit dem giftigen Thaumetopoein. Nach jedem der sechs Entwicklungsstadien werfen die Raupen ihre alte Haut ab. Bei jedem Entwicklungsschritt bekommt die Raupe mehr und l\u00e4ngere Brennhaare. Auf einer Raupe befinden sich ungef\u00e4hr 600.000 Brennhaare. Zum Vergleich: Menschen haben nur circa 150.000 Haare auf dem Kopf.<\/p>\n<p>Die Nesselhaare brechen leicht ab und werden durch den Wind bis zu 100 Meter durch die Luft gewirbelt. Auch nachdem sich die Brennhaare von der Raupe gel\u00f6st haben, sind diese noch gef\u00e4hrlich. Insbesondere die Raupennester der Eichenprozessionsspinner werden von Hunden und Katzen beim St\u00f6bern im Wald schnell mit der Pfote oder Nase ber\u00fchrt. <strong>Ein Kontakt reicht aus, um die Symptome auszul\u00f6sen.<\/strong><\/p>\n<p>Die ausgebildeten Schmetterlinge sind \u00fcbrigens grau-braun und leicht mit Motten zu verwechseln. Vom Falter geht jedoch keine direkte Gefahr mehr aus.<\/p>\n<h2>Durch Eichenprozessionsspinner ausgel\u00f6ste Symptome bei Hund und Katze<\/h2>\n<p>H\u00e4ufige Symptome nach einem Kontakt mit den Raupen des Eichenprozessionsspinners sind <strong>Schwellungen und Ausschlag<\/strong> sowohl bei Hund und Katze. Der K\u00f6rper reagiert meist sehr schnell auf die Ber\u00fchrung mit den Brennhaaren. Die feinen H\u00e4rchen k\u00f6nnen sich <strong>mit ihren Widerhaken an Schleimh\u00e4uten festsetzen<\/strong> und schwere allergische Reaktionen hervorrufen. Die empfindlichsten Stellen, wie Pfoten, Nase, Mund und Augen, sind vom Eichenprozessionsspinner bei Hund und Katze besonders schmerzhaft betroffen. Die gef\u00e4hrlichen Brennhaare sind so fein, dass sie sogar unter die Haut und in den Glask\u00f6rper des Auges gelangen k\u00f6nnen. <strong>Bindehautentz\u00fcndungen<\/strong> k\u00f6nnen ebenfalls eine Reaktion auf die Raupenhaare sein.<\/p>\n<p>Akute Gefahr besteht, sobald die Atemwege angegriffen werden. Die Luftwege schwellen an und hindern das Tier beim Atmen. Tierhalter sollten umgehend den <strong>Tierarzt verst\u00e4ndigen und die Schwellungen k\u00fchlen<\/strong>. Sollte etwas ins Maul des Hundes gelangt sein, sollten Sie das Maul sofort mit Wasser auswaschen, um die Brennhaare zu entfernen. Als allergische Reaktion kann die Zunge anschwellen und dem Hund die Luftzufuhr erschweren. Auch das Absterben der betroffenen Zungen-Areale ist m\u00f6glich.<\/p>\n<p>Achtung: Pass auf, dass das Wasser nicht den Rachen hinunterl\u00e4uft, damit die Brennhaare nicht in den Magen gelangen. Je schneller Du hier reagierst, desto bessere Chancen hat Dein Tier.<\/p>\n<p>Symptome im \u00dcberblick:<\/p>\n<ul>\n<li>Schwellung<\/li>\n<li>R\u00f6tung<\/li>\n<li>Juckreiz<\/li>\n<li>Quaddelbildung<\/li>\n<li>Kn\u00f6tchen<\/li>\n<li>Eiterbl\u00e4schen<\/li>\n<li>Fieber beim Hund<\/li>\n<li>geschwollene Lider<\/li>\n<li>Reizung der Schleimh\u00e4ute<\/li>\n<li>M\u00fcdigkeit<\/li>\n<li>Schwindel<\/li>\n<li>Allergischer Schock<\/li>\n<\/ul>\n\n<div class=\"related_articles boxed\">\n    <h2>Mehr zum Thema<\/h2>\n    \n    <div class=\"wrapper\"><div class=\"title align-center\"><h3><a href=\"https:\/\/uelzener.de\/magazin\/hund\/tiergesundheit\/bindehautentzuendung-beim-hund\/\">Bindehautentz\u00fcndung beim Hund erkennen und behandeln<\/a><\/h3><\/div><div class=\"img align-center\"><img decoding=\"async\" width=\"315\" height=\"180\" src=\"https:\/\/uelzener.de\/magazin\/app\/uploads\/2023\/01\/bindehautentzuendung-hund-315x180.jpg\" class=\"attachment-315x180 size-315x180 wp-post-image\" alt=\"Hund mit Bindehautentz\u00fcndung wird von einer Tier\u00e4rztin untersucht.\" \/><\/div><\/div><div class=\"wrapper\"><div class=\"title align-center\"><h3><a href=\"https:\/\/uelzener.de\/magazin\/pferd\/tiergesundheit\/eichenprozessionsspinner-pferd\/\">Eichenprozessions&shy;spinner: F\u00fcr Pferde eine Gefahr!<\/a><\/h3><\/div><div class=\"img align-center\"><img decoding=\"async\" width=\"315\" height=\"180\" src=\"https:\/\/uelzener.de\/magazin\/app\/uploads\/2019\/05\/63cb17aa-7af0-409d-a5bc-f5c3bd823c96-315x180.jpg\" class=\"attachment-315x180 size-315x180 wp-post-image\" alt=\"Vorsicht! Eichenprozessionsspinner. Besonders zwischen Mai und Juni k\u00f6nnen die giftigen Haare der Insekten Mensch und Tier gef\u00e4hrden.\" srcset=\"https:\/\/uelzener.de\/magazin\/app\/uploads\/2019\/05\/63cb17aa-7af0-409d-a5bc-f5c3bd823c96-315x180.jpg 315w, https:\/\/uelzener.de\/magazin\/app\/uploads\/2019\/05\/63cb17aa-7af0-409d-a5bc-f5c3bd823c96-650x369.jpg 650w\" sizes=\"(max-width: 315px) 100vw, 315px\" \/><\/div><\/div><div class=\"wrapper\"><div class=\"title align-center\"><h3><a href=\"https:\/\/uelzener.de\/magazin\/hund\/tiergesundheit\/fieber-und-erkaeltung-hund\/\">Fieber und Erk\u00e4ltung beim Hund: Symptome richtig erkennen<\/a><\/h3><\/div><div class=\"img align-center\"><img decoding=\"async\" width=\"315\" height=\"180\" src=\"https:\/\/uelzener.de\/magazin\/app\/uploads\/2021\/10\/Erkaeltung-und-Fieber-beim-Hund-315x180.jpg\" class=\"attachment-315x180 size-315x180 wp-post-image\" alt=\"Fieber und Erk\u00e4ltung haben den kleinen Hund geschafft, er liegt kaputt auf der Seite.\" \/><\/div><\/div><\/div>\n\n<p>Das h\u00f6chste Risiko, das von den kleinen Raupen ausgeht, besteht von <strong>Mai bis Juli<\/strong>. Trotzdem k\u00f6nnen Prozessionsspinner das gesamte Jahr und auch im Winter gef\u00e4hrlich f\u00fcr Hund und Katze werden. Das Gift in den Brennhaaren bleibt mehrere Jahre aktiv. H\u00e4rchen, die Dein Hund oder Deine Katze beim St\u00f6bern in der Natur ber\u00fchrt, k\u00f6nnen eine Gefahr f\u00fcr sie sein.<\/p>\n<p><img decoding=\"async\" src=\"\/magazin\/app\/uploads\/2021\/02\/d85812c0-fadd-4a95-a883-83ca4b88ab34.jpg\" \/><\/p>\n<p>Die Eichenprozessionsspinner befallen \u2013 wie der Name schon sagt \u2013 Eichen. Die Raupennester befinden sich in der Baumkrone und an den St\u00e4mmen. Selbst f\u00fcr Laien sind die Raupen leicht zu erkennen: Die Nester bleiben an den B\u00e4umen h\u00e4ngen und ein wei\u00dfer Schleier befindet sich an der Eiche.<\/p>\n<p>Es gibt zwei M\u00f6glichkeiten, die Prozessionsspinner zu bek\u00e4mpfen. Langfristig k\u00f6nnen <strong>Insektizide<\/strong> die Raupen von den B\u00e4umen fernhalten. Sie werden mit speziellen Maschinen oder mit Hilfe eines Hubschraubers auf den Eichen verteilt. Der Einsatz von Insektiziden ist allerdings nur zu Beginn des Fr\u00fchjahrs sinnvoll, wenn sich die Larven maximal im zweiten Raupenstadium befinden. Ab dem dritten Larvenstadium k\u00f6nnen die Nester nur <strong>mechanisch entfernt <\/strong>werden. Dazu kommen spezielle Sauger, Abflammger\u00e4te oder Wasser zum Einsatz.<\/p>\n<p>Beide Methoden sind nicht f\u00fcr den Laien geeignet. Bei unsachgem\u00e4\u00dfer Entfernung besteht die Gefahr, dass sich die Haare der Raupen verbreiten. Experten verf\u00fcgen au\u00dferdem \u00fcber die entsprechende Schutzbekleidung und Arbeitsger\u00e4te, um auch in die Kronen der B\u00e4ume zu gelangen.<\/p>\n<h2>Vorbeugung gegen Eichenprozessionsspinner<\/h2>\n<p>Das Gift in den Brennhaaren bleibt auch in alten Nestern mehrere Jahre wirksam. Die Symptome von Eichenprozessionsspinnern k\u00f6nnen somit ebenfalls im Herbst und Winter auftreten. Hunde k\u00f6nnen bereits beim neugierigen Gest\u00f6ber im Unterholz auf die Haare treffen und Katzen finden die Nester in den B\u00e4umen spannend.<\/p>\n<p>Tierbesitzer sollten die Augen offenhalten und ihre <strong>Gassistrecken gut nach m\u00f6glichen Eichenprozessionsspinnern abscannen<\/strong>. Auch Katzenbesitzer k\u00f6nnen das Streifgebiet ihres Freig\u00e4ngers pr\u00fcfen. Beim Fund von Nestern sollte der <strong>Grundst\u00fcckseigent\u00fcmer bzw. das Ordnungsamt informiert<\/strong> werden, damit sich um die Entfernung der Nester an kritischen Stellen gek\u00fcmmert wird.<\/p>\n<h2>Erste Hilfe f\u00fcr Hund und Katze nach Kontakt mit dem Eichenprozessionsspinner<\/h2>\n<p>Nach einem Kontakt mit den Raupenhaaren des Eichenprozessionsspinners solltest Du Deinen Hund oder Deine Katze waschen und von den H\u00e4rchen befreien. Bei Kontakt mit den Augen und Mund hilft sofortiges Aussp\u00fclen.<\/p>\n<p>Vorsicht: Zum eigenen Schutz solltest Du Dich dabei mit Handschuhen und Mundschutz ausr\u00fcsten.<\/p>\n<p>Der Eichenprozessionsspinner kann f\u00fcr Hunde und Katzen gef\u00e4hrlich sein. Die Ber\u00fchrung mit den Raupenhaaren kann unterschiedliche Reaktionen hervorrufen. Ob Ausschlag oder Atemnot, im Ernstfall ist der Kontakt mit dem Tierarzt die beste Wahl um m\u00f6gliche gesundheitliche Langzeitsch\u00e4den abzuwehren und die passende Therapie gegen die Symptome des Eichenprozessionsspinners beim Hund oder bei der Katze zu w\u00e4hlen.<\/p>\n<p>Unsere <strong>Hundekrankenversicherung<\/strong> und <strong>Katzenversicherungen<\/strong> sch\u00fctze Dich dabei vor unangenehmen Kosten beim Tierarzt. So kannst Du Dich voll und ganz auf die Genesung Deines Vierbeiners konzentrieren.<\/p>\n\n<div class=\"banner\">\n    <a href=\"https:\/\/uelzener.de\/hund\/hunde-krankenversicherung\/?agt=0000104925&sem=true&utm_medium=magazin&utm_source=wordpress&utm_campaign=hund_kv&utm_content=banner\">\n        <img decoding=\"async\" width=\"300\" height=\"212\" src=\"https:\/\/uelzener.de\/magazin\/app\/uploads\/2025\/01\/Hunde-Kranken-Versicherung.jpg\" class=\"attachment-medium size-medium\" alt=\"Banner Hunde-Kranken-Versicherung\" \/>    <\/a>\n<\/div>\n\n\n<div class=\"banner\">\n    <a href=\"https:\/\/uelzener.de\/katze\/katzen-krankenversicherung\/?agt=0000104925&sem=true&utm_medium=magazin&utm_source=wordpress&utm_campaign=katze_kv&utm_content=banner\">\n        <img decoding=\"async\" width=\"300\" height=\"212\" src=\"https:\/\/uelzener.de\/magazin\/app\/uploads\/2025\/01\/Katzen-Kranken-Versicherung.jpg\" class=\"attachment-medium size-medium\" alt=\"Banner Katzen-Kranken-Versicherung\" \/>    <\/a>\n<\/div>\n\n<p><strong>Checkliste f\u00fcr Eichenprozessionsspinner bei Hund und Katze:<\/strong><\/p>\n<ul>\n<li>Nester ausfindig machen<\/li>\n<li>Eichenprozessionsspinnerfund bei Ordnungsamt sowie Grundst\u00fcckseigent\u00fcmer melden<\/li>\n<li>nur Experten sollten die Raupen bek\u00e4mpfen<\/li>\n<li>im Notfall: Schwellung k\u00fchlen, waschen oder aussp\u00fclen und sofort den Tierarzt verst\u00e4ndige<\/li>\n<\/ul>\n","protected":false},"excerpt":{"rendered":"<p>Der Eichenprozessionsspinner ist nicht nur f\u00fcr den Menschen gef\u00e4hrlich, sondern kann auch f\u00fcr Hund und Katze lebensbedrohlich sein. Das T\u00fcckische sind die Brennhaare der Raupe. Der Kontakt f\u00fchrt beim Tier zu einer allergischen Reaktion. Ger\u00f6tete Augen, wunde Nase und eine geschwollene Zunge sind nur die leichten Symptome, die der Eichenprozessionsspinner bei Hund und Katze ausl\u00f6st. [&hellip;]<\/p>\n","protected":false},"author":1,"featured_media":12828,"parent":11701,"menu_order":63,"comment_status":"open","ping_status":"open","template":"templates\/blog.php","meta":{"_acf_changed":false,"_crdt_document":"","footnotes":"","beyondwords_generate_audio":"","beyondwords_project_id":"","beyondwords_content_id":"","beyondwords_preview_token":"","beyondwords_player_style":"","beyondwords_language_id":"","beyondwords_title_voice_id":"","beyondwords_body_voice_id":"","beyondwords_summary_voice_id":"","beyondwords_error_message":"","beyondwords_disabled":"","beyondwords_delete_content":"","beyondwords_podcast_id":"","beyondwords_hash":"","publish_post_to_speechkit":"","speechkit_hash":"","speechkit_generate_audio":"","speechkit_project_id":"","speechkit_podcast_id":"","speechkit_error_message":"","speechkit_disabled":"","speechkit_access_key":"","speechkit_error":"","speechkit_info":"","speechkit_response":"","speechkit_retries":"","speechkit_status":"","speechkit_updated_at":"","_speechkit_link":"","_speechkit_text":""},"class_list":["post-10119","page","type-page","status-publish","has-post-thumbnail","hentry"],"acf":[],"yoast_head":"<!-- This site is optimized with the Yoast SEO Premium plugin  - https:\/\/yoast.com\/product\/yoast-seo-premium-wordpress\/ -->\n<title>Eichenprozessionsspinner bei Hund &amp; Katze | Uelzener<\/title>\n<meta name=\"description\" content=\"Eichenprozessionsspinner: Gef\u00e4hrlich f\u00fcr Hund &amp; Katze \u25b6 Alles zu \u2713 Symptomen \u2713 Erste Hilfe \u2713 Therapie \u25b6 Jetzt vorbeugen!\" \/>\n<meta name=\"robots\" content=\"index, follow, max-snippet:-1, max-image-preview:large, max-video-preview:-1\" \/>\n<link rel=\"canonical\" href=\"https:\/\/uelzener.de\/magazin\/hund\/tiergesundheit\/eichenprozessionsspinner-hund-und-katze\/\" \/>\n<meta property=\"og:locale\" content=\"de_DE\" \/>\n<meta property=\"og:type\" content=\"article\" \/>\n<meta property=\"og:title\" content=\"Eichenprozessions&shy;spinner: Hund und Katze in Gefahr\" \/>\n<meta property=\"og:description\" content=\"Eichenprozessionsspinner: Gef\u00e4hrlich f\u00fcr Hund &amp; Katze \u25b6 Alles zu \u2713 Symptomen \u2713 Erste Hilfe \u2713 Therapie \u25b6 Jetzt vorbeugen!\" \/>\n<meta property=\"og:url\" content=\"https:\/\/uelzener.de\/magazin\/hund\/tiergesundheit\/eichenprozessionsspinner-hund-und-katze\/\" \/>\n<meta property=\"og:site_name\" content=\"Uelzener Tier-Magazin\" \/>\n<meta property=\"article:publisher\" content=\"https:\/\/www.facebook.com\/Uelzener\" \/>\n<meta property=\"article:modified_time\" content=\"2025-09-11T09:58:50+00:00\" \/>\n<meta property=\"og:image\" content=\"https:\/\/uelzener.de\/magazin\/app\/uploads\/2021\/10\/Eichenprozessionsspinner.jpg\" \/>\n\t<meta property=\"og:image:width\" content=\"1024\" \/>\n\t<meta property=\"og:image:height\" content=\"450\" \/>\n\t<meta property=\"og:image:type\" content=\"image\/jpeg\" \/>\n<meta name=\"twitter:card\" content=\"summary_large_image\" \/>\n<meta name=\"twitter:label1\" content=\"Gesch\u00e4tzte Lesezeit\" \/>\n\t<meta name=\"twitter:data1\" content=\"7\u00a0Minuten\" \/>\n<script type=\"application\/ld+json\" class=\"yoast-schema-graph\">{\"@context\":\"https:\/\/schema.org\",\"@graph\":[{\"@type\":\"WebPage\",\"@id\":\"https:\/\/uelzener.de\/magazin\/hund\/tiergesundheit\/eichenprozessionsspinner-hund-und-katze\/\",\"url\":\"https:\/\/uelzener.de\/magazin\/hund\/tiergesundheit\/eichenprozessionsspinner-hund-und-katze\/\",\"name\":\"Eichenprozessionsspinner bei Hund & Katze | Uelzener\",\"isPartOf\":{\"@id\":\"https:\/\/uelzener.de\/magazin\/#website\"},\"primaryImageOfPage\":{\"@id\":\"https:\/\/uelzener.de\/magazin\/hund\/tiergesundheit\/eichenprozessionsspinner-hund-und-katze\/#primaryimage\"},\"image\":{\"@id\":\"https:\/\/uelzener.de\/magazin\/hund\/tiergesundheit\/eichenprozessionsspinner-hund-und-katze\/#primaryimage\"},\"thumbnailUrl\":\"https:\/\/uelzener.de\/magazin\/app\/uploads\/2021\/10\/Eichenprozessionsspinner.jpg\",\"datePublished\":\"2020-04-03T00:00:00+00:00\",\"dateModified\":\"2025-09-11T09:58:50+00:00\",\"description\":\"Eichenprozessionsspinner: Gef\u00e4hrlich f\u00fcr Hund & Katze \u25b6 Alles zu \u2713 Symptomen \u2713 Erste Hilfe \u2713 Therapie \u25b6 Jetzt vorbeugen!\",\"breadcrumb\":{\"@id\":\"https:\/\/uelzener.de\/magazin\/hund\/tiergesundheit\/eichenprozessionsspinner-hund-und-katze\/#breadcrumb\"},\"inLanguage\":\"de\",\"potentialAction\":[{\"@type\":\"ReadAction\",\"target\":[\"https:\/\/uelzener.de\/magazin\/hund\/tiergesundheit\/eichenprozessionsspinner-hund-und-katze\/\"]}]},{\"@type\":\"ImageObject\",\"inLanguage\":\"de\",\"@id\":\"https:\/\/uelzener.de\/magazin\/hund\/tiergesundheit\/eichenprozessionsspinner-hund-und-katze\/#primaryimage\",\"url\":\"https:\/\/uelzener.de\/magazin\/app\/uploads\/2021\/10\/Eichenprozessionsspinner.jpg\",\"contentUrl\":\"https:\/\/uelzener.de\/magazin\/app\/uploads\/2021\/10\/Eichenprozessionsspinner.jpg\",\"width\":1024,\"height\":450,\"caption\":\"In der Natur steht ein Warnschild vor den Eichenprozessionsspinner, Sie k\u00f6nnen sowohl f\u00fcr Hunde als auch Katze gef\u00e4hrlich sein.\"},{\"@type\":\"WebSite\",\"@id\":\"https:\/\/uelzener.de\/magazin\/#website\",\"url\":\"https:\/\/uelzener.de\/magazin\/\",\"name\":\"Uelzener Tiermagazin\",\"description\":\"Online Tierratgeber der Uelzener Versicherungen\",\"publisher\":{\"@id\":\"https:\/\/uelzener.de\/magazin\/#organization\"},\"potentialAction\":[{\"@type\":\"SearchAction\",\"target\":{\"@type\":\"EntryPoint\",\"urlTemplate\":\"https:\/\/uelzener.de\/magazin\/?s={search_term_string}\"},\"query-input\":{\"@type\":\"PropertyValueSpecification\",\"valueRequired\":true,\"valueName\":\"search_term_string\"}}],\"inLanguage\":\"de\"},{\"@type\":\"Organization\",\"@id\":\"https:\/\/uelzener.de\/magazin\/#organization\",\"name\":\"Uelzener Versicherungen\",\"url\":\"https:\/\/uelzener.de\/magazin\/\",\"logo\":{\"@type\":\"ImageObject\",\"inLanguage\":\"de\",\"@id\":\"https:\/\/uelzener.de\/magazin\/#\/schema\/logo\/image\/\",\"url\":\"https:\/\/uelzener.de\/magazin\/app\/uploads\/2024\/11\/uelzener_allgemeine_versicherungsgesellschaft_a_g_logo.jpg\",\"contentUrl\":\"https:\/\/uelzener.de\/magazin\/app\/uploads\/2024\/11\/uelzener_allgemeine_versicherungsgesellschaft_a_g_logo.jpg\",\"width\":200,\"height\":200,\"caption\":\"Uelzener Versicherungen\"},\"image\":{\"@id\":\"https:\/\/uelzener.de\/magazin\/#\/schema\/logo\/image\/\"},\"sameAs\":[\"https:\/\/www.facebook.com\/Uelzener\",\"https:\/\/instagram.com\/uelzener\",\"https:\/\/www.xing.com\/pages\/uelzenerallgemeineversicherungs-gesellschafta-g\",\"https:\/\/www.youtube.com\/UelzenerVersicherungen\"]}]}<\/script>\n<!-- \/ Yoast SEO Premium plugin. -->","yoast_head_json":{"title":"Eichenprozessionsspinner bei Hund & Katze | Uelzener","description":"Eichenprozessionsspinner: Gef\u00e4hrlich f\u00fcr Hund & Katze \u25b6 Alles zu \u2713 Symptomen \u2713 Erste Hilfe \u2713 Therapie \u25b6 Jetzt vorbeugen!","robots":{"index":"index","follow":"follow","max-snippet":"max-snippet:-1","max-image-preview":"max-image-preview:large","max-video-preview":"max-video-preview:-1"},"canonical":"https:\/\/uelzener.de\/magazin\/hund\/tiergesundheit\/eichenprozessionsspinner-hund-und-katze\/","og_locale":"de_DE","og_type":"article","og_title":"Eichenprozessions&shy;spinner: Hund und Katze in Gefahr","og_description":"Eichenprozessionsspinner: Gef\u00e4hrlich f\u00fcr Hund & Katze \u25b6 Alles zu \u2713 Symptomen \u2713 Erste Hilfe \u2713 Therapie \u25b6 Jetzt vorbeugen!","og_url":"https:\/\/uelzener.de\/magazin\/hund\/tiergesundheit\/eichenprozessionsspinner-hund-und-katze\/","og_site_name":"Uelzener Tier-Magazin","article_publisher":"https:\/\/www.facebook.com\/Uelzener","article_modified_time":"2025-09-11T09:58:50+00:00","og_image":[{"width":1024,"height":450,"url":"https:\/\/uelzener.de\/magazin\/app\/uploads\/2021\/10\/Eichenprozessionsspinner.jpg","type":"image\/jpeg"}],"twitter_card":"summary_large_image","twitter_misc":{"Gesch\u00e4tzte Lesezeit":"7\u00a0Minuten"},"schema":{"@context":"https:\/\/schema.org","@graph":[{"@type":"WebPage","@id":"https:\/\/uelzener.de\/magazin\/hund\/tiergesundheit\/eichenprozessionsspinner-hund-und-katze\/","url":"https:\/\/uelzener.de\/magazin\/hund\/tiergesundheit\/eichenprozessionsspinner-hund-und-katze\/","name":"Eichenprozessionsspinner bei Hund & Katze | Uelzener","isPartOf":{"@id":"https:\/\/uelzener.de\/magazin\/#website"},"primaryImageOfPage":{"@id":"https:\/\/uelzener.de\/magazin\/hund\/tiergesundheit\/eichenprozessionsspinner-hund-und-katze\/#primaryimage"},"image":{"@id":"https:\/\/uelzener.de\/magazin\/hund\/tiergesundheit\/eichenprozessionsspinner-hund-und-katze\/#primaryimage"},"thumbnailUrl":"https:\/\/uelzener.de\/magazin\/app\/uploads\/2021\/10\/Eichenprozessionsspinner.jpg","datePublished":"2020-04-03T00:00:00+00:00","dateModified":"2025-09-11T09:58:50+00:00","description":"Eichenprozessionsspinner: Gef\u00e4hrlich f\u00fcr Hund & Katze \u25b6 Alles zu \u2713 Symptomen \u2713 Erste Hilfe \u2713 Therapie \u25b6 Jetzt vorbeugen!","breadcrumb":{"@id":"https:\/\/uelzener.de\/magazin\/hund\/tiergesundheit\/eichenprozessionsspinner-hund-und-katze\/#breadcrumb"},"inLanguage":"de","potentialAction":[{"@type":"ReadAction","target":["https:\/\/uelzener.de\/magazin\/hund\/tiergesundheit\/eichenprozessionsspinner-hund-und-katze\/"]}]},{"@type":"ImageObject","inLanguage":"de","@id":"https:\/\/uelzener.de\/magazin\/hund\/tiergesundheit\/eichenprozessionsspinner-hund-und-katze\/#primaryimage","url":"https:\/\/uelzener.de\/magazin\/app\/uploads\/2021\/10\/Eichenprozessionsspinner.jpg","contentUrl":"https:\/\/uelzener.de\/magazin\/app\/uploads\/2021\/10\/Eichenprozessionsspinner.jpg","width":1024,"height":450,"caption":"In der Natur steht ein Warnschild vor den Eichenprozessionsspinner, Sie k\u00f6nnen sowohl f\u00fcr Hunde als auch Katze gef\u00e4hrlich sein."},{"@type":"WebSite","@id":"https:\/\/uelzener.de\/magazin\/#website","url":"https:\/\/uelzener.de\/magazin\/","name":"Uelzener Tiermagazin","description":"Online Tierratgeber der Uelzener Versicherungen","publisher":{"@id":"https:\/\/uelzener.de\/magazin\/#organization"},"potentialAction":[{"@type":"SearchAction","target":{"@type":"EntryPoint","urlTemplate":"https:\/\/uelzener.de\/magazin\/?s={search_term_string}"},"query-input":{"@type":"PropertyValueSpecification","valueRequired":true,"valueName":"search_term_string"}}],"inLanguage":"de"},{"@type":"Organization","@id":"https:\/\/uelzener.de\/magazin\/#organization","name":"Uelzener Versicherungen","url":"https:\/\/uelzener.de\/magazin\/","logo":{"@type":"ImageObject","inLanguage":"de","@id":"https:\/\/uelzener.de\/magazin\/#\/schema\/logo\/image\/","url":"https:\/\/uelzener.de\/magazin\/app\/uploads\/2024\/11\/uelzener_allgemeine_versicherungsgesellschaft_a_g_logo.jpg","contentUrl":"https:\/\/uelzener.de\/magazin\/app\/uploads\/2024\/11\/uelzener_allgemeine_versicherungsgesellschaft_a_g_logo.jpg","width":200,"height":200,"caption":"Uelzener Versicherungen"},"image":{"@id":"https:\/\/uelzener.de\/magazin\/#\/schema\/logo\/image\/"},"sameAs":["https:\/\/www.facebook.com\/Uelzener","https:\/\/instagram.com\/uelzener","https:\/\/www.xing.com\/pages\/uelzenerallgemeineversicherungs-gesellschafta-g","https:\/\/www.youtube.com\/UelzenerVersicherungen"]}]}},"_links":{"self":[{"href":"https:\/\/uelzener.de\/magazin\/wp-json\/wp\/v2\/pages\/10119","targetHints":{"allow":["GET"]}}],"collection":[{"href":"https:\/\/uelzener.de\/magazin\/wp-json\/wp\/v2\/pages"}],"about":[{"href":"https:\/\/uelzener.de\/magazin\/wp-json\/wp\/v2\/types\/page"}],"author":[{"embeddable":true,"href":"https:\/\/uelzener.de\/magazin\/wp-json\/wp\/v2\/users\/1"}],"replies":[{"embeddable":true,"href":"https:\/\/uelzener.de\/magazin\/wp-json\/wp\/v2\/comments?post=10119"}],"version-history":[{"count":9,"href":"https:\/\/uelzener.de\/magazin\/wp-json\/wp\/v2\/pages\/10119\/revisions"}],"predecessor-version":[{"id":19214,"href":"https:\/\/uelzener.de\/magazin\/wp-json\/wp\/v2\/pages\/10119\/revisions\/19214"}],"up":[{"embeddable":true,"href":"https:\/\/uelzener.de\/magazin\/wp-json\/wp\/v2\/pages\/11701"}],"wp:featuredmedia":[{"embeddable":true,"href":"https:\/\/uelzener.de\/magazin\/wp-json\/wp\/v2\/media\/12828"}],"wp:attachment":[{"href":"https:\/\/uelzener.de\/magazin\/wp-json\/wp\/v2\/media?parent=10119"}],"curies":[{"name":"wp","href":"https:\/\/api.w.org\/{rel}","templated":true}]}}